{"id":727,"date":"2018-07-24T13:01:46","date_gmt":"2018-07-24T11:01:46","guid":{"rendered":"http:\/\/portail.univ-bfc.fr\/vie-universitaire\/mon-campus\/crous\/"},"modified":"2020-03-23T15:37:18","modified_gmt":"2020-03-23T14:37:18","slug":"crous","status":"publish","type":"page","link":"https:\/\/www.ubfc.fr\/en\/vie-universitaire\/mon-campus\/crous\/","title":{"rendered":"Crous de Bourgogne &#8211; Franche-Comt\u00e9"},"content":{"rendered":"\t\t<div data-elementor-type=\"wp-page\" data-elementor-id=\"727\" class=\"elementor elementor-727\" data-elementor-post-type=\"page\">\n\t\t\t\t\t\t<section class=\"elementor-section elementor-top-section elementor-element elementor-element-24b789de elementor-section-boxed elementor-section-height-default elementor-section-height-default\" data-id=\"24b789de\" data-element_type=\"section\" data-e-type=\"section\">\n\t\t\t\t\t\t<div class=\"elementor-container elementor-column-gap-default\">\n\t\t\t\t\t<div class=\"elementor-column elementor-col-100 elementor-top-column elementor-element elementor-element-60be48a0\" data-id=\"60be48a0\" data-element_type=\"column\" data-e-type=\"column\">\n\t\t\t<div class=\"elementor-widget-wrap elementor-element-populated\">\n\t\t\t\t\t\t<div class=\"elementor-element elementor-element-11c9f9b5 elementor-widget elementor-widget-text-editor\" data-id=\"11c9f9b5\" data-element_type=\"widget\" data-e-type=\"widget\" data-widget_type=\"text-editor.default\">\n\t\t\t\t<div class=\"elementor-widget-container\">\n\t\t\t\t\t\t\t\t\t<h2>Le Centre R\u00e9gional des \u0152uvres Universitaires et Scolaires de Bourgogne &#8211; Franche-Comt\u00e9<\/h2><p>Le Crous <strong>propose aux \u00e9tudiants un panel de services<\/strong> pour les accompagner <strong>tout au long de leur parcours<\/strong>.<\/p><p>H\u00e9bergement, restauration, aides financi\u00e8res et sociales, animations, etc. Diverses prestations sont mises \u00e0 disposition des \u00e9tudiants par les services du Crous et permettent ainsi d\u2019am\u00e9liorer la qualit\u00e9 de vie et d\u2019aider \u00e0 la r\u00e9ussite.<\/p><ul><li><strong>Financer ses \u00e9tudes :<\/strong><br \/>Bourses sur crit\u00e8res sociaux, fonds national d\u2019aide d\u2019urgence, emprunt ;<\/li><\/ul><ul><li><strong>Se loger :<\/strong><br \/>Chambres de 9m<sup>2<\/sup> en cit\u00e9 universitaire, studios, T1, T1 bis, T2, T3 ;<\/li><\/ul><ul><li><strong>Se restaurer :<\/strong><br \/>Le Crous pr\u00e9pare et sert des repas dans ses restaurants universitaires situ\u00e9s \u00e0 proximit\u00e9 des lieux d\u2019\u00e9tudes ;<\/li><\/ul><ul><li><strong>Se cultiver :<\/strong><br \/>Le Crous s\u2019associe aux projets artistiques et\/ou engagements citoyens. Il propose : aides financi\u00e8res, concours, mise \u00e0 disposition d\u2019espaces sp\u00e9cialis\u00e9s, programmation, etc. ;<\/li><\/ul><ul><li><strong>L\u2019international :<\/strong><br \/>Le Crous accueille et facilite l\u2019int\u00e9gration des \u00e9tudiants internationaux (boursiers du gouvernement fran\u00e7ais, boursiers de gouvernements \u00e9trangers) en terme de logements et d\u00e9marches administratives ;<\/li><\/ul><ul><li><b>Dispositif Visale (ex Cl\u00e9 &#8211; Caution Locative \u00c9tudiante du Crous) : <\/b><br \/>Le nouveau dispositif <a href=\"https:\/\/www.visale.fr\/#!\/\" target=\"_blank\" rel=\"noopener\">Visale d&#8217;Action Logement<\/a> remplace l&#8217;ancienne aide Cl\u00e9 du Crous mais ne se substitue pas \u00e0 l&#8217;assurance habitation qui est \u00e0 <a href=\"https:\/\/selectra.info\/assurance\/guides\/habitation\/souscription\" target=\"_blank\" rel=\"noopener\">souscrire<\/a> avant l&#8217;entr\u00e9e dans le logement. Ce dispositif est un service de cautionnement\u00a0 pour les \u00e9tudiants de moins de 30 ans boursiers ou non. La mise en place de cette garantie gratuite assure au propri\u00e9taire bailleur les loyers impay\u00e9s pour 3 ans de bail et jusqu&#8217;\u00e0 1200\u20ac de loyer charges comprises. Ce &#8216;&#8221;garant&#8221; est obligatoire dans la majorit\u00e9 des locations immobili\u00e8res et \u00e0 fournir pour la <a href=\"https:\/\/www.fournisseurs-electricite.com\/demenagement\/contrat-de-location-bail\" target=\"_blank\" rel=\"noopener\">signature du contrat de location<\/a>. Pour ce faire, le dossier a \u00e9t\u00e9 enti\u00e8rement d\u00e9mat\u00e9rialis\u00e9 de la demande \u00e0 l&#8217;obtention pour faciliter le d\u00e9lai de traitement (2 jours ouvr\u00e9s). \u00c0 noter que l&#8217;\u00e9tudiant pourra commencer les d\u00e9marches li\u00e9es \u00e0 l\u2019emm\u00e9nagement (ouverture des compteurs d&#8217;eau, d&#8217;EDF et de gaz naturel) d\u00e8s la signature du bail et de pr\u00e9f\u00e9rence 15 jours avant l&#8217;entr\u00e9e dans le logement pour que <a href=\"https:\/\/www.kelwatt.fr\/guide\/ouverture-compteur-edf\" target=\"_blank\" rel=\"noopener\">les compteurs<\/a> soient actifs d\u00e8s l&#8217;entr\u00e9e.<\/li><\/ul><p>\u00a0<\/p><p>Pour en savoir plus : <a href=\"http:\/\/www.crous-bfc.fr\/\">http:\/\/www.crous-bfc.fr\/<\/a><\/p>\t\t\t\t\t\t\t\t<\/div>\n\t\t\t\t<\/div>\n\t\t\t\t\t<\/div>\n\t\t<\/div>\n\t\t\t\t\t<\/div>\n\t\t<\/section>\n\t\t\t\t<\/div>\n\t\t","protected":false},"excerpt":{"rendered":"<p>Le Centre R\u00e9gional des \u0152uvres Universitaires et Scolaires de Bourgogne &#8211; Franche-Comt\u00e9 Le Crous propose aux \u00e9tudiants un panel de services pour les accompagner tout au long de leur parcours. H\u00e9bergement, restauration, aides financi\u00e8res et sociales, animations, etc. Diverses prestations sont mises \u00e0 disposition des \u00e9tudiants par les services du Crous et permettent ainsi d\u2019am\u00e9liorer &hellip; <a href=\"https:\/\/www.ubfc.fr\/en\/vie-universitaire\/mon-campus\/crous\/\">Continued<\/a><\/p>\n","protected":false},"author":1,"featured_media":0,"parent":711,"menu_order":478,"comment_status":"closed","ping_status":"closed","template":"","meta":{"_acf_changed":false,"footnotes":""},"class_list":["post-727","page","type-page","status-publish","hentry"],"acf":[],"yoast_head":"<!-- This site is optimized with the Yoast SEO plugin v27.3 - https:\/\/yoast.com\/product\/yoast-seo-wordpress\/ -->\n<title>Crous de Bourgogne - Franche-Comt\u00e9 - COMUE Universit\u00e9 Bourgogne-Franche-Comt\u00e9<\/title>\n<meta name=\"robots\" content=\"index, follow, max-snippet:-1, max-image-preview:large, max-video-preview:-1\" \/>\n<link rel=\"canonical\" href=\"https:\/\/www.ubfc.fr\/vie-universitaire\/mon-campus\/crous\/\" \/>\n<meta property=\"og:locale\" content=\"en_US\" \/>\n<meta property=\"og:type\" content=\"article\" \/>\n<meta property=\"og:title\" content=\"Crous de Bourgogne - Franche-Comt\u00e9 - COMUE Universit\u00e9 Bourgogne-Franche-Comt\u00e9\" \/>\n<meta property=\"og:description\" content=\"Le Centre R\u00e9gional des \u0152uvres Universitaires et Scolaires de Bourgogne &#8211; Franche-Comt\u00e9 Le Crous propose aux \u00e9tudiants un panel de services pour les accompagner tout au long de leur parcours. H\u00e9bergement, restauration, aides financi\u00e8res et sociales, animations, etc. Diverses prestations sont mises \u00e0 disposition des \u00e9tudiants par les services du Crous et permettent ainsi d\u2019am\u00e9liorer &hellip; Continued\" \/>\n<meta property=\"og:url\" content=\"https:\/\/www.ubfc.fr\/vie-universitaire\/mon-campus\/crous\/\" \/>\n<meta property=\"og:site_name\" content=\"COMUE Universit\u00e9 Bourgogne-Franche-Comt\u00e9\" \/>\n<meta property=\"article:publisher\" content=\"https:\/\/www.facebook.com\/UnivBFC\/\" \/>\n<meta property=\"article:modified_time\" content=\"2020-03-23T14:37:18+00:00\" \/>\n<meta name=\"twitter:card\" content=\"summary_large_image\" \/>\n<meta name=\"twitter:site\" content=\"@univ_bfc\" \/>\n<meta name=\"twitter:label1\" content=\"Est. reading time\" \/>\n\t<meta name=\"twitter:data1\" content=\"2 minutes\" \/>\n<script type=\"application\/ld+json\" class=\"yoast-schema-graph\">{\"@context\":\"https:\\\/\\\/schema.org\",\"@graph\":[{\"@type\":\"WebPage\",\"@id\":\"https:\\\/\\\/www.ubfc.fr\\\/vie-universitaire\\\/mon-campus\\\/crous\\\/\",\"url\":\"https:\\\/\\\/www.ubfc.fr\\\/vie-universitaire\\\/mon-campus\\\/crous\\\/\",\"name\":\"Crous de Bourgogne - Franche-Comt\u00e9 - COMUE Universit\u00e9 Bourgogne-Franche-Comt\u00e9\",\"isPartOf\":{\"@id\":\"https:\\\/\\\/www.ubfc.fr\\\/#website\"},\"datePublished\":\"2018-07-24T11:01:46+00:00\",\"dateModified\":\"2020-03-23T14:37:18+00:00\",\"breadcrumb\":{\"@id\":\"https:\\\/\\\/www.ubfc.fr\\\/vie-universitaire\\\/mon-campus\\\/crous\\\/#breadcrumb\"},\"inLanguage\":\"en-US\",\"potentialAction\":[{\"@type\":\"ReadAction\",\"target\":[\"https:\\\/\\\/www.ubfc.fr\\\/vie-universitaire\\\/mon-campus\\\/crous\\\/\"]}]},{\"@type\":\"BreadcrumbList\",\"@id\":\"https:\\\/\\\/www.ubfc.fr\\\/vie-universitaire\\\/mon-campus\\\/crous\\\/#breadcrumb\",\"itemListElement\":[{\"@type\":\"ListItem\",\"position\":1,\"name\":\"Accueil\",\"item\":\"https:\\\/\\\/www.ubfc.fr\\\/en\\\/\"},{\"@type\":\"ListItem\",\"position\":2,\"name\":\"Vie universitaire\",\"item\":\"https:\\\/\\\/www.ubfc.fr\\\/vie-universitaire\\\/\"},{\"@type\":\"ListItem\",\"position\":3,\"name\":\"Mes campus\",\"item\":\"https:\\\/\\\/www.ubfc.fr\\\/vie-universitaire\\\/mon-campus\\\/\"},{\"@type\":\"ListItem\",\"position\":4,\"name\":\"Crous de Bourgogne &#8211; Franche-Comt\u00e9\"}]},{\"@type\":\"WebSite\",\"@id\":\"https:\\\/\\\/www.ubfc.fr\\\/#website\",\"url\":\"https:\\\/\\\/www.ubfc.fr\\\/\",\"name\":\"COMUE Universit\u00e9 Bourgogne-Franche-Comt\u00e9\",\"description\":\"\",\"publisher\":{\"@id\":\"https:\\\/\\\/www.ubfc.fr\\\/#organization\"},\"potentialAction\":[{\"@type\":\"SearchAction\",\"target\":{\"@type\":\"EntryPoint\",\"urlTemplate\":\"https:\\\/\\\/www.ubfc.fr\\\/?s={search_term_string}\"},\"query-input\":{\"@type\":\"PropertyValueSpecification\",\"valueRequired\":true,\"valueName\":\"search_term_string\"}}],\"inLanguage\":\"en-US\"},{\"@type\":\"Organization\",\"@id\":\"https:\\\/\\\/www.ubfc.fr\\\/#organization\",\"name\":\"Universit\u00e9 Bourgogne-Franche-Comt\u00e9\",\"url\":\"https:\\\/\\\/www.ubfc.fr\\\/\",\"logo\":{\"@type\":\"ImageObject\",\"inLanguage\":\"en-US\",\"@id\":\"https:\\\/\\\/www.ubfc.fr\\\/#\\\/schema\\\/logo\\\/image\\\/\",\"url\":\"https:\\\/\\\/www.ubfc.fr\\\/wp-content\\\/uploads\\\/2022\\\/03\\\/vagueUBFC_favicon.png\",\"contentUrl\":\"https:\\\/\\\/www.ubfc.fr\\\/wp-content\\\/uploads\\\/2022\\\/03\\\/vagueUBFC_favicon.png\",\"width\":512,\"height\":512,\"caption\":\"Universit\u00e9 Bourgogne-Franche-Comt\u00e9\"},\"image\":{\"@id\":\"https:\\\/\\\/www.ubfc.fr\\\/#\\\/schema\\\/logo\\\/image\\\/\"},\"sameAs\":[\"https:\\\/\\\/www.facebook.com\\\/UnivBFC\\\/\",\"https:\\\/\\\/x.com\\\/univ_bfc\",\"https:\\\/\\\/www.linkedin.com\\\/school\\\/universitebourgognefranchecomte\\\/mycompany\\\/\"]}]}<\/script>\n<!-- \/ Yoast SEO plugin. -->","yoast_head_json":{"title":"Crous de Bourgogne - Franche-Comt\u00e9 - COMUE Universit\u00e9 Bourgogne-Franche-Comt\u00e9","robots":{"index":"index","follow":"follow","max-snippet":"max-snippet:-1","max-image-preview":"max-image-preview:large","max-video-preview":"max-video-preview:-1"},"canonical":"https:\/\/www.ubfc.fr\/vie-universitaire\/mon-campus\/crous\/","og_locale":"en_US","og_type":"article","og_title":"Crous de Bourgogne - Franche-Comt\u00e9 - COMUE Universit\u00e9 Bourgogne-Franche-Comt\u00e9","og_description":"Le Centre R\u00e9gional des \u0152uvres Universitaires et Scolaires de Bourgogne &#8211; Franche-Comt\u00e9 Le Crous propose aux \u00e9tudiants un panel de services pour les accompagner tout au long de leur parcours. H\u00e9bergement, restauration, aides financi\u00e8res et sociales, animations, etc. Diverses prestations sont mises \u00e0 disposition des \u00e9tudiants par les services du Crous et permettent ainsi d\u2019am\u00e9liorer &hellip; Continued","og_url":"https:\/\/www.ubfc.fr\/vie-universitaire\/mon-campus\/crous\/","og_site_name":"COMUE Universit\u00e9 Bourgogne-Franche-Comt\u00e9","article_publisher":"https:\/\/www.facebook.com\/UnivBFC\/","article_modified_time":"2020-03-23T14:37:18+00:00","twitter_card":"summary_large_image","twitter_site":"@univ_bfc","twitter_misc":{"Est. reading time":"2 minutes"},"schema":{"@context":"https:\/\/schema.org","@graph":[{"@type":"WebPage","@id":"https:\/\/www.ubfc.fr\/vie-universitaire\/mon-campus\/crous\/","url":"https:\/\/www.ubfc.fr\/vie-universitaire\/mon-campus\/crous\/","name":"Crous de Bourgogne - Franche-Comt\u00e9 - COMUE Universit\u00e9 Bourgogne-Franche-Comt\u00e9","isPartOf":{"@id":"https:\/\/www.ubfc.fr\/#website"},"datePublished":"2018-07-24T11:01:46+00:00","dateModified":"2020-03-23T14:37:18+00:00","breadcrumb":{"@id":"https:\/\/www.ubfc.fr\/vie-universitaire\/mon-campus\/crous\/#breadcrumb"},"inLanguage":"en-US","potentialAction":[{"@type":"ReadAction","target":["https:\/\/www.ubfc.fr\/vie-universitaire\/mon-campus\/crous\/"]}]},{"@type":"BreadcrumbList","@id":"https:\/\/www.ubfc.fr\/vie-universitaire\/mon-campus\/crous\/#breadcrumb","itemListElement":[{"@type":"ListItem","position":1,"name":"Accueil","item":"https:\/\/www.ubfc.fr\/en\/"},{"@type":"ListItem","position":2,"name":"Vie universitaire","item":"https:\/\/www.ubfc.fr\/vie-universitaire\/"},{"@type":"ListItem","position":3,"name":"Mes campus","item":"https:\/\/www.ubfc.fr\/vie-universitaire\/mon-campus\/"},{"@type":"ListItem","position":4,"name":"Crous de Bourgogne &#8211; Franche-Comt\u00e9"}]},{"@type":"WebSite","@id":"https:\/\/www.ubfc.fr\/#website","url":"https:\/\/www.ubfc.fr\/","name":"COMUE Universit\u00e9 Bourgogne-Franche-Comt\u00e9","description":"","publisher":{"@id":"https:\/\/www.ubfc.fr\/#organization"},"potentialAction":[{"@type":"SearchAction","target":{"@type":"EntryPoint","urlTemplate":"https:\/\/www.ubfc.fr\/?s={search_term_string}"},"query-input":{"@type":"PropertyValueSpecification","valueRequired":true,"valueName":"search_term_string"}}],"inLanguage":"en-US"},{"@type":"Organization","@id":"https:\/\/www.ubfc.fr\/#organization","name":"Universit\u00e9 Bourgogne-Franche-Comt\u00e9","url":"https:\/\/www.ubfc.fr\/","logo":{"@type":"ImageObject","inLanguage":"en-US","@id":"https:\/\/www.ubfc.fr\/#\/schema\/logo\/image\/","url":"https:\/\/www.ubfc.fr\/wp-content\/uploads\/2022\/03\/vagueUBFC_favicon.png","contentUrl":"https:\/\/www.ubfc.fr\/wp-content\/uploads\/2022\/03\/vagueUBFC_favicon.png","width":512,"height":512,"caption":"Universit\u00e9 Bourgogne-Franche-Comt\u00e9"},"image":{"@id":"https:\/\/www.ubfc.fr\/#\/schema\/logo\/image\/"},"sameAs":["https:\/\/www.facebook.com\/UnivBFC\/","https:\/\/x.com\/univ_bfc","https:\/\/www.linkedin.com\/school\/universitebourgognefranchecomte\/mycompany\/"]}]}},"_links":{"self":[{"href":"https:\/\/www.ubfc.fr\/en\/wp-json\/wp\/v2\/pages\/727","targetHints":{"allow":["GET"]}}],"collection":[{"href":"https:\/\/www.ubfc.fr\/en\/wp-json\/wp\/v2\/pages"}],"about":[{"href":"https:\/\/www.ubfc.fr\/en\/wp-json\/wp\/v2\/types\/page"}],"author":[{"embeddable":true,"href":"https:\/\/www.ubfc.fr\/en\/wp-json\/wp\/v2\/users\/1"}],"replies":[{"embeddable":true,"href":"https:\/\/www.ubfc.fr\/en\/wp-json\/wp\/v2\/comments?post=727"}],"version-history":[{"count":0,"href":"https:\/\/www.ubfc.fr\/en\/wp-json\/wp\/v2\/pages\/727\/revisions"}],"up":[{"embeddable":true,"href":"https:\/\/www.ubfc.fr\/en\/wp-json\/wp\/v2\/pages\/711"}],"wp:attachment":[{"href":"https:\/\/www.ubfc.fr\/en\/wp-json\/wp\/v2\/media?parent=727"}],"curies":[{"name":"wp","href":"https:\/\/api.w.org\/{rel}","templated":true}]}}