{"id":71927,"date":"2024-02-13T17:03:27","date_gmt":"2024-02-13T16:03:27","guid":{"rendered":"https:\/\/www.ubfc.fr\/?page_id=71927"},"modified":"2024-02-13T17:03:27","modified_gmt":"2024-02-13T16:03:27","slug":"autorisation-de-droit-a-limage-et-de-traitement-de-donnees-personnelles","status":"publish","type":"page","link":"https:\/\/www.ubfc.fr\/en\/autorisation-de-droit-a-limage-et-de-traitement-de-donnees-personnelles\/","title":{"rendered":"Autorisation de droit \u00e0 l&#8217;image et de traitement de donn\u00e9es personnelles"},"content":{"rendered":"\t\t<div data-elementor-type=\"wp-page\" data-elementor-id=\"71927\" class=\"elementor elementor-71927\" data-elementor-post-type=\"page\">\n\t\t\t\t\t\t<section class=\"elementor-section elementor-top-section elementor-element elementor-element-28a1390 elementor-section-boxed elementor-section-height-default elementor-section-height-default\" data-id=\"28a1390\" data-element_type=\"section\" data-e-type=\"section\">\n\t\t\t\t\t\t<div class=\"elementor-container elementor-column-gap-default\">\n\t\t\t\t\t<div class=\"elementor-column elementor-col-100 elementor-top-column elementor-element elementor-element-949aa99\" data-id=\"949aa99\" data-element_type=\"column\" data-e-type=\"column\">\n\t\t\t<div class=\"elementor-widget-wrap elementor-element-populated\">\n\t\t\t\t\t\t<div class=\"elementor-element elementor-element-24166ef elementor-widget elementor-widget-text-editor\" data-id=\"24166ef\" data-element_type=\"widget\" data-e-type=\"widget\" data-widget_type=\"text-editor.default\">\n\t\t\t\t<div class=\"elementor-widget-container\">\n\t\t\t\t\t\t\t\t\t<h4>Atelier de Coop\u00e9rations Politiques Scientifiques<\/h4><p>28 mars 2024<\/p>\t\t\t\t\t\t\t\t<\/div>\n\t\t\t\t<\/div>\n\t\t\t\t\t<\/div>\n\t\t<\/div>\n\t\t\t\t\t<\/div>\n\t\t<\/section>\n\t\t\t\t<section class=\"elementor-section elementor-top-section elementor-element elementor-element-ae278c7 elementor-section-boxed elementor-section-height-default elementor-section-height-default\" data-id=\"ae278c7\" data-element_type=\"section\" data-e-type=\"section\">\n\t\t\t\t\t\t<div class=\"elementor-container elementor-column-gap-default\">\n\t\t\t\t\t<div class=\"elementor-column elementor-col-100 elementor-top-column elementor-element elementor-element-b184c69\" data-id=\"b184c69\" data-element_type=\"column\" data-e-type=\"column\">\n\t\t\t<div class=\"elementor-widget-wrap elementor-element-populated\">\n\t\t\t\t\t\t<div class=\"elementor-element elementor-element-96547f0 elementor-widget elementor-widget-spacer\" data-id=\"96547f0\" data-element_type=\"widget\" data-e-type=\"widget\" data-widget_type=\"spacer.default\">\n\t\t\t\t<div class=\"elementor-widget-container\">\n\t\t\t\t\t\t\t<div class=\"elementor-spacer\">\n\t\t\t<div class=\"elementor-spacer-inner\"><\/div>\n\t\t<\/div>\n\t\t\t\t\t\t<\/div>\n\t\t\t\t<\/div>\n\t\t\t\t\t<\/div>\n\t\t<\/div>\n\t\t\t\t\t<\/div>\n\t\t<\/section>\n\t\t\t\t<section class=\"elementor-section elementor-top-section elementor-element elementor-element-223d64e elementor-section-boxed elementor-section-height-default elementor-section-height-default\" data-id=\"223d64e\" data-element_type=\"section\" data-e-type=\"section\">\n\t\t\t\t\t\t<div class=\"elementor-container elementor-column-gap-default\">\n\t\t\t\t\t<div class=\"elementor-column elementor-col-100 elementor-top-column elementor-element elementor-element-f97231c\" data-id=\"f97231c\" data-element_type=\"column\" data-e-type=\"column\">\n\t\t\t<div class=\"elementor-widget-wrap elementor-element-populated\">\n\t\t\t\t\t\t<div class=\"elementor-element elementor-element-598c68d elementor-widget elementor-widget-text-editor\" data-id=\"598c68d\" data-element_type=\"widget\" data-e-type=\"widget\" data-widget_type=\"text-editor.default\">\n\t\t\t\t<div class=\"elementor-widget-container\">\n\t\t\t\t\t\t\t\t\t<p>J&#8217;autorise Universit\u00e9 Bourgogne Franche-Comt\u00e9 (\u00c9tablissement Public \u00e0 caract\u00e8re Scientifique Culturel et Professionnel), 32 Avenue de l\u2019Observatoire \u2013 25000 Besan\u00e7on, repr\u00e9sent\u00e9 par son Administrateur provisoire Lamine Boubakar, ci-apr\u00e8s d\u00e9nomm\u00e9e <em>\u00ab\u00a0UBFC\u00a0\u00bb<\/em><\/p><p><strong>\u00e0 utiliser mon image<\/strong> (photographies et\/ou vid\u00e9os prises par UBFC ou mandataire UBFC et\/ou fournies par le mod\u00e8le \u00e0 UBFC) et\/ou ma voix, notamment \u00e0 enregistrer, diffuser, exploiter, celle-ci lors des tournages, par fixation, reproduction et\/ou repr\u00e9sentation de celles-ci dans le cadre d\u2019une activit\u00e9 de communication et d\u2019archivage, \u00e0 des fins notamment p\u00e9dagogiques, de recherche, culturelles, scientifiques ou historiques, sur tous types de support connus ou inconnus \u00e0 ce jour (notamment papier, analogique, num\u00e9rique ou \u00e9lectronique) notamment :<\/p><ul><li>pr\u00e9sentation en public, pr\u00e9sentation de tout ou partie du site web lors de conf\u00e9rences, manifestations ou colloques relatifs \u00e0 la formation ouverte et \u00e0 distance ou \u00e0 la diffusion du savoir universitaire ;<\/li><li>publication sur le site web et les r\u00e9seaux sociaux d\u2019UBFC (avec autorisation de partage) et publication sur les sites partenaires d\u2019UBFC ;<\/li><li>copies sur tout support num\u00e9rique notamment DVD, cl\u00e9 USB, disque dur, copie sur toute publication institutionnelle d\u2019UBFC (plaquette, journal, brochure, livret, <em>etc.<\/em>)\u00a0;<\/li><li>copies sur tout support audiovisuel et par tous moyens inh\u00e9rents \u00e0 ce mode de communication, internet (incluant Intranet, Extranet, Blogs, r\u00e9seaux sociaux, <em>etc.<\/em>)\u00a0;<\/li><li>copies sur d\u2019autres supports que num\u00e9riques (impressions de capture d\u2019\u00e9cran, <em>etc.<\/em>) et conversions en d\u2019autres formats fichiers (scanner les photographies, <em>etc.<\/em>)\u00a0;<\/li><li>m\u00e9dias presse (spots publicitaires t\u00e9l\u00e9visuels, spots publicitaires cin\u00e9matographiques).<\/li><\/ul><p><strong>\u00e0 l\u2019exclusion expresse :<\/strong><\/p><ul><li>des exploitations sortant du cadre et\/ou du contexte des activit\u00e9s de communication li\u00e9es \u00e0 la valorisation du doctorat;<\/li><li>des exploitations susceptibles de porter atteinte \u00e0 la r\u00e9putation ou sur tout support \u00e0 caract\u00e8re pornographique, raciste, x\u00e9nophobe ou toute autre exploitation pr\u00e9judiciable.<\/li><\/ul><p>Le mod\u00e8le permet \u00e9galement \u00e0 UBFC de communiquer \u00e0 tout partenaire des vid\u00e9os, toute photographie ou vid\u00e9o sur tout type de support (notamment papier, analogique, num\u00e9rique ou \u00e9lectronique).<\/p><p>Elle prend effet \u00e0 la date de sa signature par le mod\u00e8le et est consentie pour la dur\u00e9e n\u00e9cessaire \u00e0 l\u2019op\u00e9ration de communication et d\u2019archivage.<\/p><p>Elle est conf\u00e9r\u00e9e \u00e0 titre gratuit et sans contrepartie. Le mod\u00e8le renonce \u00e0 r\u00e9clamer \u00e0 UBFC et le cas \u00e9ch\u00e9ant \u00e0 tout tiers autoris\u00e9 par elle un quelconque droit d\u2019auteur et\/ou d\u2019artiste interpr\u00e8te et une quelconque r\u00e9mun\u00e9ration ou indemnit\u00e9.<\/p><p>UBFC disposera de toute libert\u00e9 dans le choix des s\u00e9quences vid\u00e9os, images et\/ou des voix, des montages et des coupes \u00e9ventuelles, sous r\u00e9serve du respect des exclusions pr\u00e9vues par la pr\u00e9sente autorisation.<\/p>\t\t\t\t\t\t\t\t<\/div>\n\t\t\t\t<\/div>\n\t\t\t\t\t<\/div>\n\t\t<\/div>\n\t\t\t\t\t<\/div>\n\t\t<\/section>\n\t\t\t\t<\/div>\n\t\t","protected":false},"excerpt":{"rendered":"<p>Atelier de Coop\u00e9rations Politiques Scientifiques 28 mars 2024 J&#8217;autorise Universit\u00e9 Bourgogne Franche-Comt\u00e9 (\u00c9tablissement Public \u00e0 caract\u00e8re Scientifique Culturel et Professionnel), 32 Avenue de l\u2019Observatoire \u2013 25000 Besan\u00e7on, repr\u00e9sent\u00e9 par son Administrateur provisoire Lamine Boubakar, ci-apr\u00e8s d\u00e9nomm\u00e9e \u00ab\u00a0UBFC\u00a0\u00bb \u00e0 utiliser mon image (photographies et\/ou vid\u00e9os prises par UBFC ou mandataire UBFC et\/ou fournies par le mod\u00e8le &hellip; <a href=\"https:\/\/www.ubfc.fr\/en\/autorisation-de-droit-a-limage-et-de-traitement-de-donnees-personnelles\/\">Continued<\/a><\/p>\n","protected":false},"author":60,"featured_media":0,"parent":0,"menu_order":0,"comment_status":"closed","ping_status":"closed","template":"","meta":{"_acf_changed":false,"footnotes":""},"class_list":["post-71927","page","type-page","status-publish","hentry"],"acf":[],"yoast_head":"<!-- This site is optimized with the Yoast SEO plugin v27.3 - https:\/\/yoast.com\/product\/yoast-seo-wordpress\/ -->\n<title>Autorisation de droit \u00e0 l&#039;image et de traitement de donn\u00e9es personnelles - COMUE Universit\u00e9 Bourgogne-Franche-Comt\u00e9<\/title>\n<meta name=\"robots\" content=\"index, follow, max-snippet:-1, max-image-preview:large, max-video-preview:-1\" \/>\n<link rel=\"canonical\" href=\"https:\/\/www.ubfc.fr\/autorisation-de-droit-a-limage-et-de-traitement-de-donnees-personnelles\/\" \/>\n<meta property=\"og:locale\" content=\"en_US\" \/>\n<meta property=\"og:type\" content=\"article\" \/>\n<meta property=\"og:title\" content=\"Autorisation de droit \u00e0 l&#039;image et de traitement de donn\u00e9es personnelles - COMUE Universit\u00e9 Bourgogne-Franche-Comt\u00e9\" \/>\n<meta property=\"og:description\" content=\"Atelier de Coop\u00e9rations Politiques Scientifiques 28 mars 2024 J&#8217;autorise Universit\u00e9 Bourgogne Franche-Comt\u00e9 (\u00c9tablissement Public \u00e0 caract\u00e8re Scientifique Culturel et Professionnel), 32 Avenue de l\u2019Observatoire \u2013 25000 Besan\u00e7on, repr\u00e9sent\u00e9 par son Administrateur provisoire Lamine Boubakar, ci-apr\u00e8s d\u00e9nomm\u00e9e \u00ab\u00a0UBFC\u00a0\u00bb \u00e0 utiliser mon image (photographies et\/ou vid\u00e9os prises par UBFC ou mandataire UBFC et\/ou fournies par le mod\u00e8le &hellip; Continued\" \/>\n<meta property=\"og:url\" content=\"https:\/\/www.ubfc.fr\/autorisation-de-droit-a-limage-et-de-traitement-de-donnees-personnelles\/\" \/>\n<meta property=\"og:site_name\" content=\"COMUE Universit\u00e9 Bourgogne-Franche-Comt\u00e9\" \/>\n<meta property=\"article:publisher\" content=\"https:\/\/www.facebook.com\/UnivBFC\/\" \/>\n<meta name=\"twitter:card\" content=\"summary_large_image\" \/>\n<meta name=\"twitter:site\" content=\"@univ_bfc\" \/>\n<meta name=\"twitter:label1\" content=\"Est. reading time\" \/>\n\t<meta name=\"twitter:data1\" content=\"2 minutes\" \/>\n<script type=\"application\/ld+json\" class=\"yoast-schema-graph\">{\"@context\":\"https:\\\/\\\/schema.org\",\"@graph\":[{\"@type\":\"WebPage\",\"@id\":\"https:\\\/\\\/www.ubfc.fr\\\/autorisation-de-droit-a-limage-et-de-traitement-de-donnees-personnelles\\\/\",\"url\":\"https:\\\/\\\/www.ubfc.fr\\\/autorisation-de-droit-a-limage-et-de-traitement-de-donnees-personnelles\\\/\",\"name\":\"Autorisation de droit \u00e0 l'image et de traitement de donn\u00e9es personnelles - COMUE Universit\u00e9 Bourgogne-Franche-Comt\u00e9\",\"isPartOf\":{\"@id\":\"https:\\\/\\\/www.ubfc.fr\\\/#website\"},\"datePublished\":\"2024-02-13T16:03:27+00:00\",\"breadcrumb\":{\"@id\":\"https:\\\/\\\/www.ubfc.fr\\\/autorisation-de-droit-a-limage-et-de-traitement-de-donnees-personnelles\\\/#breadcrumb\"},\"inLanguage\":\"en-US\",\"potentialAction\":[{\"@type\":\"ReadAction\",\"target\":[\"https:\\\/\\\/www.ubfc.fr\\\/autorisation-de-droit-a-limage-et-de-traitement-de-donnees-personnelles\\\/\"]}]},{\"@type\":\"BreadcrumbList\",\"@id\":\"https:\\\/\\\/www.ubfc.fr\\\/autorisation-de-droit-a-limage-et-de-traitement-de-donnees-personnelles\\\/#breadcrumb\",\"itemListElement\":[{\"@type\":\"ListItem\",\"position\":1,\"name\":\"Accueil\",\"item\":\"https:\\\/\\\/www.ubfc.fr\\\/en\\\/\"},{\"@type\":\"ListItem\",\"position\":2,\"name\":\"Autorisation de droit \u00e0 l&#8217;image et de traitement de donn\u00e9es personnelles\"}]},{\"@type\":\"WebSite\",\"@id\":\"https:\\\/\\\/www.ubfc.fr\\\/#website\",\"url\":\"https:\\\/\\\/www.ubfc.fr\\\/\",\"name\":\"COMUE Universit\u00e9 Bourgogne-Franche-Comt\u00e9\",\"description\":\"\",\"publisher\":{\"@id\":\"https:\\\/\\\/www.ubfc.fr\\\/#organization\"},\"potentialAction\":[{\"@type\":\"SearchAction\",\"target\":{\"@type\":\"EntryPoint\",\"urlTemplate\":\"https:\\\/\\\/www.ubfc.fr\\\/?s={search_term_string}\"},\"query-input\":{\"@type\":\"PropertyValueSpecification\",\"valueRequired\":true,\"valueName\":\"search_term_string\"}}],\"inLanguage\":\"en-US\"},{\"@type\":\"Organization\",\"@id\":\"https:\\\/\\\/www.ubfc.fr\\\/#organization\",\"name\":\"Universit\u00e9 Bourgogne-Franche-Comt\u00e9\",\"url\":\"https:\\\/\\\/www.ubfc.fr\\\/\",\"logo\":{\"@type\":\"ImageObject\",\"inLanguage\":\"en-US\",\"@id\":\"https:\\\/\\\/www.ubfc.fr\\\/#\\\/schema\\\/logo\\\/image\\\/\",\"url\":\"https:\\\/\\\/www.ubfc.fr\\\/wp-content\\\/uploads\\\/2022\\\/03\\\/vagueUBFC_favicon.png\",\"contentUrl\":\"https:\\\/\\\/www.ubfc.fr\\\/wp-content\\\/uploads\\\/2022\\\/03\\\/vagueUBFC_favicon.png\",\"width\":512,\"height\":512,\"caption\":\"Universit\u00e9 Bourgogne-Franche-Comt\u00e9\"},\"image\":{\"@id\":\"https:\\\/\\\/www.ubfc.fr\\\/#\\\/schema\\\/logo\\\/image\\\/\"},\"sameAs\":[\"https:\\\/\\\/www.facebook.com\\\/UnivBFC\\\/\",\"https:\\\/\\\/x.com\\\/univ_bfc\",\"https:\\\/\\\/www.linkedin.com\\\/school\\\/universitebourgognefranchecomte\\\/mycompany\\\/\"]}]}<\/script>\n<!-- \/ Yoast SEO plugin. -->","yoast_head_json":{"title":"Autorisation de droit \u00e0 l'image et de traitement de donn\u00e9es personnelles - COMUE Universit\u00e9 Bourgogne-Franche-Comt\u00e9","robots":{"index":"index","follow":"follow","max-snippet":"max-snippet:-1","max-image-preview":"max-image-preview:large","max-video-preview":"max-video-preview:-1"},"canonical":"https:\/\/www.ubfc.fr\/autorisation-de-droit-a-limage-et-de-traitement-de-donnees-personnelles\/","og_locale":"en_US","og_type":"article","og_title":"Autorisation de droit \u00e0 l'image et de traitement de donn\u00e9es personnelles - COMUE Universit\u00e9 Bourgogne-Franche-Comt\u00e9","og_description":"Atelier de Coop\u00e9rations Politiques Scientifiques 28 mars 2024 J&#8217;autorise Universit\u00e9 Bourgogne Franche-Comt\u00e9 (\u00c9tablissement Public \u00e0 caract\u00e8re Scientifique Culturel et Professionnel), 32 Avenue de l\u2019Observatoire \u2013 25000 Besan\u00e7on, repr\u00e9sent\u00e9 par son Administrateur provisoire Lamine Boubakar, ci-apr\u00e8s d\u00e9nomm\u00e9e \u00ab\u00a0UBFC\u00a0\u00bb \u00e0 utiliser mon image (photographies et\/ou vid\u00e9os prises par UBFC ou mandataire UBFC et\/ou fournies par le mod\u00e8le &hellip; Continued","og_url":"https:\/\/www.ubfc.fr\/autorisation-de-droit-a-limage-et-de-traitement-de-donnees-personnelles\/","og_site_name":"COMUE Universit\u00e9 Bourgogne-Franche-Comt\u00e9","article_publisher":"https:\/\/www.facebook.com\/UnivBFC\/","twitter_card":"summary_large_image","twitter_site":"@univ_bfc","twitter_misc":{"Est. reading time":"2 minutes"},"schema":{"@context":"https:\/\/schema.org","@graph":[{"@type":"WebPage","@id":"https:\/\/www.ubfc.fr\/autorisation-de-droit-a-limage-et-de-traitement-de-donnees-personnelles\/","url":"https:\/\/www.ubfc.fr\/autorisation-de-droit-a-limage-et-de-traitement-de-donnees-personnelles\/","name":"Autorisation de droit \u00e0 l'image et de traitement de donn\u00e9es personnelles - COMUE Universit\u00e9 Bourgogne-Franche-Comt\u00e9","isPartOf":{"@id":"https:\/\/www.ubfc.fr\/#website"},"datePublished":"2024-02-13T16:03:27+00:00","breadcrumb":{"@id":"https:\/\/www.ubfc.fr\/autorisation-de-droit-a-limage-et-de-traitement-de-donnees-personnelles\/#breadcrumb"},"inLanguage":"en-US","potentialAction":[{"@type":"ReadAction","target":["https:\/\/www.ubfc.fr\/autorisation-de-droit-a-limage-et-de-traitement-de-donnees-personnelles\/"]}]},{"@type":"BreadcrumbList","@id":"https:\/\/www.ubfc.fr\/autorisation-de-droit-a-limage-et-de-traitement-de-donnees-personnelles\/#breadcrumb","itemListElement":[{"@type":"ListItem","position":1,"name":"Accueil","item":"https:\/\/www.ubfc.fr\/en\/"},{"@type":"ListItem","position":2,"name":"Autorisation de droit \u00e0 l&#8217;image et de traitement de donn\u00e9es personnelles"}]},{"@type":"WebSite","@id":"https:\/\/www.ubfc.fr\/#website","url":"https:\/\/www.ubfc.fr\/","name":"COMUE Universit\u00e9 Bourgogne-Franche-Comt\u00e9","description":"","publisher":{"@id":"https:\/\/www.ubfc.fr\/#organization"},"potentialAction":[{"@type":"SearchAction","target":{"@type":"EntryPoint","urlTemplate":"https:\/\/www.ubfc.fr\/?s={search_term_string}"},"query-input":{"@type":"PropertyValueSpecification","valueRequired":true,"valueName":"search_term_string"}}],"inLanguage":"en-US"},{"@type":"Organization","@id":"https:\/\/www.ubfc.fr\/#organization","name":"Universit\u00e9 Bourgogne-Franche-Comt\u00e9","url":"https:\/\/www.ubfc.fr\/","logo":{"@type":"ImageObject","inLanguage":"en-US","@id":"https:\/\/www.ubfc.fr\/#\/schema\/logo\/image\/","url":"https:\/\/www.ubfc.fr\/wp-content\/uploads\/2022\/03\/vagueUBFC_favicon.png","contentUrl":"https:\/\/www.ubfc.fr\/wp-content\/uploads\/2022\/03\/vagueUBFC_favicon.png","width":512,"height":512,"caption":"Universit\u00e9 Bourgogne-Franche-Comt\u00e9"},"image":{"@id":"https:\/\/www.ubfc.fr\/#\/schema\/logo\/image\/"},"sameAs":["https:\/\/www.facebook.com\/UnivBFC\/","https:\/\/x.com\/univ_bfc","https:\/\/www.linkedin.com\/school\/universitebourgognefranchecomte\/mycompany\/"]}]}},"_links":{"self":[{"href":"https:\/\/www.ubfc.fr\/en\/wp-json\/wp\/v2\/pages\/71927","targetHints":{"allow":["GET"]}}],"collection":[{"href":"https:\/\/www.ubfc.fr\/en\/wp-json\/wp\/v2\/pages"}],"about":[{"href":"https:\/\/www.ubfc.fr\/en\/wp-json\/wp\/v2\/types\/page"}],"author":[{"embeddable":true,"href":"https:\/\/www.ubfc.fr\/en\/wp-json\/wp\/v2\/users\/60"}],"replies":[{"embeddable":true,"href":"https:\/\/www.ubfc.fr\/en\/wp-json\/wp\/v2\/comments?post=71927"}],"version-history":[{"count":5,"href":"https:\/\/www.ubfc.fr\/en\/wp-json\/wp\/v2\/pages\/71927\/revisions"}],"predecessor-version":[{"id":71986,"href":"https:\/\/www.ubfc.fr\/en\/wp-json\/wp\/v2\/pages\/71927\/revisions\/71986"}],"wp:attachment":[{"href":"https:\/\/www.ubfc.fr\/en\/wp-json\/wp\/v2\/media?parent=71927"}],"curies":[{"name":"wp","href":"https:\/\/api.w.org\/{rel}","templated":true}]}}