{"id":67983,"date":"2023-03-30T11:05:39","date_gmt":"2023-03-30T09:05:39","guid":{"rendered":"https:\/\/www.ubfc.fr\/?page_id=67983"},"modified":"2023-09-21T09:42:55","modified_gmt":"2023-09-21T07:42:55","slug":"concours-itrf","status":"publish","type":"page","link":"https:\/\/www.ubfc.fr\/en\/ubfc\/ressources-humaines\/recrutement\/concours-itrf\/","title":{"rendered":"Concours ITRF 2023"},"content":{"rendered":"\t\t<div data-elementor-type=\"wp-page\" data-elementor-id=\"67983\" class=\"elementor elementor-67983\" data-elementor-post-type=\"page\">\n\t\t\t\t\t\t<section class=\"elementor-section elementor-top-section elementor-element elementor-element-7a4bf32 elementor-section-boxed elementor-section-height-default elementor-section-height-default\" data-id=\"7a4bf32\" data-element_type=\"section\" data-e-type=\"section\">\n\t\t\t\t\t\t<div class=\"elementor-container elementor-column-gap-default\">\n\t\t\t\t\t<div class=\"elementor-column elementor-col-100 elementor-top-column elementor-element elementor-element-952d78c\" data-id=\"952d78c\" data-element_type=\"column\" data-e-type=\"column\">\n\t\t\t<div class=\"elementor-widget-wrap elementor-element-populated\">\n\t\t\t\t\t\t<div class=\"elementor-element elementor-element-c6806b1 elementor-widget elementor-widget-text-editor\" data-id=\"c6806b1\" data-element_type=\"widget\" data-e-type=\"widget\" data-widget_type=\"text-editor.default\">\n\t\t\t\t<div class=\"elementor-widget-container\">\n\t\t\t\t\t\t\t\t\t<h3><strong>Postes ouverts aux concours \u00e0 UBFC<\/strong><\/h3><p>4 emplois sont ouverts aux recrutements \u00e0 UBFC au titre de la session 2023\u00a0:<\/p><ul><li>4 au titre des concours ITRF externes et internes de cat\u00e9gorie A et B<\/li><\/ul><p><strong>Concours de droit commun<\/strong><\/p><p>Les inscriptions seront ouvertes sur webITRF <strong>du<\/strong> <strong>30 mars 2023 &#8211; 12 h (heure de Paris) au 27 avril 2023 &#8211; 12 h (heure de Paris),\u00a0<\/strong>date de cl\u00f4ture des registres d&#8217;inscription et date limite d&#8217;envoi des dossiers par voie postale, le cachet de la Poste faisant foi).<\/p><p>Acc\u00e8s au service d&#8217;inscription\u00a0 : <a href=\"http:\/\/www.enseignementsup-recherche.gouv.fr\/pid24802\/s-inscrire-aux-concours-i.t.r.f.html\">https:\/\/www.itrf.education.gouv.fr\/itrf\/accueil.jsp<\/a><\/p><p>Pour plus d&#8217;informations sur les conditions d&#8217;inscriptions, les \u00e9preuves, le d\u00e9roulement de carri\u00e8re, vous pouvez consulter le <a href=\"https:\/\/www.enseignementsup-recherche.gouv.fr\/fr\"><strong>site internet du Minist\u00e8re de l&#8217;Enseignement Sup\u00e9rieur et de la Recherche<\/strong><\/a><strong>.<\/strong><\/p><p>Les descriptifs des postes de cat\u00e9gorie A ouverts aux concours \u00e0 UBFC sont disponibles ci-dessous :<\/p><p><strong>Concours de cat\u00e9gorie A ouverts \u00e0 UBFC (admissibilit\u00e9 organis\u00e9e par d\u2019autres universit\u00e9s)<\/strong><\/p><table class=\"aligncenter\" style=\"width: 96.4438%; border-collapse: collapse; border-color: #000000; height: 272px;\" border=\"1\" cellspacing=\"8\" cellpadding=\"8\"><tbody><tr><td style=\"width: 10.5783%; text-align: center; vertical-align: middle;\"><strong>Corps<\/strong><\/td><td style=\"width: 11.0728%; text-align: center; vertical-align: middle;\"><strong>Nature du concours<\/strong><\/td><td style=\"width: 12.0979%; text-align: center; vertical-align: middle;\"><strong>BAP<\/strong><\/td><td style=\"width: 30.678%; text-align: center; vertical-align: middle;\"><strong>Emploi-type<\/strong><\/td><td style=\"width: 12.4574%; text-align: center; vertical-align: middle;\"><strong>Fiche de poste<\/strong><\/td><td style=\"width: 11.9616%; text-align: center; vertical-align: middle;\"><strong>Affectation<\/strong><\/td><td style=\"width: 34.0331%; text-align: center; vertical-align: middle;\"><strong>Arr\u00eat\u00e9 jury de concours<\/strong><\/td><\/tr><tr><td style=\"width: 10.5783%; text-align: center; vertical-align: middle;\">IGE<\/td><td style=\"width: 11.0728%; text-align: center; vertical-align: middle;\">Interne<\/td><td style=\"width: 12.0979%; text-align: center; vertical-align: middle;\">J<\/td><td style=\"width: 30.678%; text-align: center; vertical-align: middle;\"><p>Charg\u00e9 de gestion administrative et d&#8217;aide au pilotage op\u00e9rationnel<\/p><p><a href=\"https:\/\/data.enseignementsup-recherche.gouv.fr\/pages\/fiche_emploi_type_referens_iii_itrf\/?refine.referens_id=J2C46#top\" target=\"_blank\" rel=\"noopener\">FICHE REFERENS<\/a><\/p><\/td><td style=\"width: 12.4574%; text-align: center; vertical-align: middle;\"><a href=\"https:\/\/www.ubfc.fr\/wp-content\/uploads\/2023\/03\/UBFCJ2C46.pdf\" target=\"_blank\" rel=\"noopener\">UBFCJ2C46<\/a><\/td><td style=\"width: 11.9616%; text-align: center; vertical-align: middle;\">Besan\u00e7on<\/td><td style=\"width: 34.0331%; text-align: center; vertical-align: middle;\">\u00a0<\/td><\/tr><tr><td style=\"width: 10.5783%; text-align: center; vertical-align: middle;\">IGE<\/td><td style=\"width: 11.0728%; text-align: center; vertical-align: middle;\">Externe<\/td><td style=\"width: 12.0979%; text-align: center; vertical-align: middle;\">J<\/td><td style=\"width: 30.678%; text-align: center; vertical-align: middle;\"><p>Charg\u00e9 de la gestion financi\u00e8re et comptable<\/p><p><a href=\"https:\/\/data.enseignementsup-recherche.gouv.fr\/pages\/fiche_emploi_type_referens_iii_itrf\/?refine.referens_id=J2E52#top\" target=\"_blank\" rel=\"noopener\">FICHE REFERENS<\/a><\/p><\/td><td style=\"width: 12.4574%; text-align: center; vertical-align: middle;\"><a href=\"https:\/\/www.ubfc.fr\/wp-content\/uploads\/2023\/03\/UBFCJ2E52.pdf\" target=\"_blank\" rel=\"noopener\">UBFCJ2E52<\/a><\/td><td style=\"width: 11.9616%; text-align: center; vertical-align: middle;\">Besan\u00e7on<\/td><td style=\"width: 34.0331%; text-align: center; vertical-align: middle;\"><a href=\"https:\/\/www.ubfc.fr\/wp-content\/uploads\/2023\/09\/Arrete-signe-JURY_ADMS_J2E52IGEES10251985X_2308311032-Signe-LB.pdf\">Arr\u00eat\u00e9 de jury<\/a><\/td><\/tr><\/tbody><\/table><p><strong>Concours de cat\u00e9gorie B ouverts \u00e0 UBFC et organis\u00e9s par d\u2019autres universit\u00e9s<\/strong><\/p><table class=\"aligncenter\" style=\"width: 84.9258%; border-style: solid; border-color: #000000;\" border=\"1\" cellspacing=\"8\" cellpadding=\"8\"><tbody><tr><td style=\"width: 13.2797%; text-align: center; vertical-align: middle;\" width=\"67\"><strong>Corps<\/strong><\/td><td style=\"width: 17.9074%; text-align: center; vertical-align: middle;\" width=\"84\"><strong>Nature du concours<\/strong><\/td><td style=\"width: 10.2616%; text-align: center; vertical-align: middle;\" width=\"47\"><strong>BAP<\/strong><\/td><td style=\"width: 37.6258%; text-align: center; vertical-align: middle;\" width=\"203\"><strong>Emploi-type<\/strong><\/td><td style=\"width: 5.05139%; text-align: center; vertical-align: middle;\" width=\"100\"><strong>Affectation<\/strong><\/td><\/tr><tr><td style=\"width: 13.2797%; text-align: center; vertical-align: middle;\" width=\"67\">TCH<\/td><td style=\"width: 17.9074%; text-align: center; vertical-align: middle;\" width=\"84\">Externe<\/td><td style=\"width: 10.2616%; text-align: center; vertical-align: middle;\" width=\"47\">J<\/td><td style=\"width: 37.6258%; text-align: center; vertical-align: middle;\" width=\"203\"><p>Gestionnaire des ressources humaines<\/p><p><a href=\"https:\/\/data.enseignementsup-recherche.gouv.fr\/pages\/fiche_emploi_type_referens_iii_itrf\/?refine.referens_id=J4D43#top\" target=\"_blank\" rel=\"noopener\">FICHE REFERENS (J4D43)<\/a><\/p><\/td><td style=\"width: 5.05139%; text-align: center; vertical-align: middle;\" width=\"100\">Besan\u00e7on<\/td><\/tr><tr><td style=\"width: 13.2797%; text-align: center; vertical-align: middle;\" width=\"67\">TCH<\/td><td style=\"width: 17.9074%; text-align: center; vertical-align: middle;\" width=\"84\">Externe<\/td><td style=\"width: 10.2616%; text-align: center; vertical-align: middle;\" width=\"47\">J<\/td><td style=\"width: 37.6258%; text-align: center; vertical-align: middle;\" width=\"203\"><p>Gestionnaire financier et comptable<\/p><p><a href=\"https:\/\/data.enseignementsup-recherche.gouv.fr\/pages\/fiche_emploi_type_referens_iii_itrf\/?refine.referens_id=J4E44#top\" target=\"_blank\" rel=\"noopener\">FICHE REFERENS (J4E44)<\/a><\/p><\/td><td style=\"width: 5.05139%; text-align: center; vertical-align: middle;\" width=\"100\">Besan\u00e7on<\/td><\/tr><\/tbody><\/table>\t\t\t\t\t\t\t\t<\/div>\n\t\t\t\t<\/div>\n\t\t\t\t\t<\/div>\n\t\t<\/div>\n\t\t\t\t\t<\/div>\n\t\t<\/section>\n\t\t\t\t<\/div>\n\t\t","protected":false},"excerpt":{"rendered":"<p>Postes ouverts aux concours \u00e0 UBFC 4 emplois sont ouverts aux recrutements \u00e0 UBFC au titre de la session 2023\u00a0: 4 au titre des concours ITRF externes et internes de cat\u00e9gorie A et B Concours de droit commun Les inscriptions seront ouvertes sur webITRF du 30 mars 2023 &#8211; 12 h (heure de Paris) au &hellip; <a href=\"https:\/\/www.ubfc.fr\/en\/ubfc\/ressources-humaines\/recrutement\/concours-itrf\/\">Continued<\/a><\/p>\n","protected":false},"author":86,"featured_media":0,"parent":58187,"menu_order":0,"comment_status":"closed","ping_status":"closed","template":"","meta":{"_acf_changed":false,"footnotes":""},"class_list":["post-67983","page","type-page","status-publish","hentry"],"acf":[],"yoast_head":"<!-- This site is optimized with the Yoast SEO plugin v27.3 - https:\/\/yoast.com\/product\/yoast-seo-wordpress\/ -->\n<title>Concours ITRF 2023 - COMUE Universit\u00e9 Bourgogne-Franche-Comt\u00e9<\/title>\n<meta name=\"robots\" content=\"index, follow, max-snippet:-1, max-image-preview:large, max-video-preview:-1\" \/>\n<link rel=\"canonical\" href=\"https:\/\/www.ubfc.fr\/ubfc\/ressources-humaines\/recrutement\/concours-itrf\/\" \/>\n<meta property=\"og:locale\" content=\"en_US\" \/>\n<meta property=\"og:type\" content=\"article\" \/>\n<meta property=\"og:title\" content=\"Concours ITRF 2023 - COMUE Universit\u00e9 Bourgogne-Franche-Comt\u00e9\" \/>\n<meta property=\"og:description\" content=\"Postes ouverts aux concours \u00e0 UBFC 4 emplois sont ouverts aux recrutements \u00e0 UBFC au titre de la session 2023\u00a0: 4 au titre des concours ITRF externes et internes de cat\u00e9gorie A et B Concours de droit commun Les inscriptions seront ouvertes sur webITRF du 30 mars 2023 &#8211; 12 h (heure de Paris) au &hellip; Continued\" \/>\n<meta property=\"og:url\" content=\"https:\/\/www.ubfc.fr\/ubfc\/ressources-humaines\/recrutement\/concours-itrf\/\" \/>\n<meta property=\"og:site_name\" content=\"COMUE Universit\u00e9 Bourgogne-Franche-Comt\u00e9\" \/>\n<meta property=\"article:publisher\" content=\"https:\/\/www.facebook.com\/UnivBFC\/\" \/>\n<meta property=\"article:modified_time\" content=\"2023-09-21T07:42:55+00:00\" \/>\n<meta name=\"twitter:card\" content=\"summary_large_image\" \/>\n<meta name=\"twitter:site\" content=\"@univ_bfc\" \/>\n<meta name=\"twitter:label1\" content=\"Est. reading time\" \/>\n\t<meta name=\"twitter:data1\" content=\"1 minute\" \/>\n<script type=\"application\/ld+json\" class=\"yoast-schema-graph\">{\"@context\":\"https:\\\/\\\/schema.org\",\"@graph\":[{\"@type\":\"WebPage\",\"@id\":\"https:\\\/\\\/www.ubfc.fr\\\/ubfc\\\/ressources-humaines\\\/recrutement\\\/concours-itrf\\\/\",\"url\":\"https:\\\/\\\/www.ubfc.fr\\\/ubfc\\\/ressources-humaines\\\/recrutement\\\/concours-itrf\\\/\",\"name\":\"Concours ITRF 2023 - COMUE Universit\u00e9 Bourgogne-Franche-Comt\u00e9\",\"isPartOf\":{\"@id\":\"https:\\\/\\\/www.ubfc.fr\\\/#website\"},\"datePublished\":\"2023-03-30T09:05:39+00:00\",\"dateModified\":\"2023-09-21T07:42:55+00:00\",\"breadcrumb\":{\"@id\":\"https:\\\/\\\/www.ubfc.fr\\\/ubfc\\\/ressources-humaines\\\/recrutement\\\/concours-itrf\\\/#breadcrumb\"},\"inLanguage\":\"en-US\",\"potentialAction\":[{\"@type\":\"ReadAction\",\"target\":[\"https:\\\/\\\/www.ubfc.fr\\\/ubfc\\\/ressources-humaines\\\/recrutement\\\/concours-itrf\\\/\"]}]},{\"@type\":\"BreadcrumbList\",\"@id\":\"https:\\\/\\\/www.ubfc.fr\\\/ubfc\\\/ressources-humaines\\\/recrutement\\\/concours-itrf\\\/#breadcrumb\",\"itemListElement\":[{\"@type\":\"ListItem\",\"position\":1,\"name\":\"Accueil\",\"item\":\"https:\\\/\\\/www.ubfc.fr\\\/en\\\/\"},{\"@type\":\"ListItem\",\"position\":2,\"name\":\"UBFC\",\"item\":\"https:\\\/\\\/www.ubfc.fr\\\/ubfc\\\/\"},{\"@type\":\"ListItem\",\"position\":3,\"name\":\"Ressources humaines\",\"item\":\"https:\\\/\\\/www.ubfc.fr\\\/ubfc\\\/ressources-humaines\\\/\"},{\"@type\":\"ListItem\",\"position\":4,\"name\":\"Recrutement\",\"item\":\"https:\\\/\\\/www.ubfc.fr\\\/ubfc\\\/ressources-humaines\\\/recrutement\\\/\"},{\"@type\":\"ListItem\",\"position\":5,\"name\":\"Concours ITRF 2023\"}]},{\"@type\":\"WebSite\",\"@id\":\"https:\\\/\\\/www.ubfc.fr\\\/#website\",\"url\":\"https:\\\/\\\/www.ubfc.fr\\\/\",\"name\":\"COMUE Universit\u00e9 Bourgogne-Franche-Comt\u00e9\",\"description\":\"\",\"publisher\":{\"@id\":\"https:\\\/\\\/www.ubfc.fr\\\/#organization\"},\"potentialAction\":[{\"@type\":\"SearchAction\",\"target\":{\"@type\":\"EntryPoint\",\"urlTemplate\":\"https:\\\/\\\/www.ubfc.fr\\\/?s={search_term_string}\"},\"query-input\":{\"@type\":\"PropertyValueSpecification\",\"valueRequired\":true,\"valueName\":\"search_term_string\"}}],\"inLanguage\":\"en-US\"},{\"@type\":\"Organization\",\"@id\":\"https:\\\/\\\/www.ubfc.fr\\\/#organization\",\"name\":\"Universit\u00e9 Bourgogne-Franche-Comt\u00e9\",\"url\":\"https:\\\/\\\/www.ubfc.fr\\\/\",\"logo\":{\"@type\":\"ImageObject\",\"inLanguage\":\"en-US\",\"@id\":\"https:\\\/\\\/www.ubfc.fr\\\/#\\\/schema\\\/logo\\\/image\\\/\",\"url\":\"https:\\\/\\\/www.ubfc.fr\\\/wp-content\\\/uploads\\\/2022\\\/03\\\/vagueUBFC_favicon.png\",\"contentUrl\":\"https:\\\/\\\/www.ubfc.fr\\\/wp-content\\\/uploads\\\/2022\\\/03\\\/vagueUBFC_favicon.png\",\"width\":512,\"height\":512,\"caption\":\"Universit\u00e9 Bourgogne-Franche-Comt\u00e9\"},\"image\":{\"@id\":\"https:\\\/\\\/www.ubfc.fr\\\/#\\\/schema\\\/logo\\\/image\\\/\"},\"sameAs\":[\"https:\\\/\\\/www.facebook.com\\\/UnivBFC\\\/\",\"https:\\\/\\\/x.com\\\/univ_bfc\",\"https:\\\/\\\/www.linkedin.com\\\/school\\\/universitebourgognefranchecomte\\\/mycompany\\\/\"]}]}<\/script>\n<!-- \/ Yoast SEO plugin. -->","yoast_head_json":{"title":"Concours ITRF 2023 - COMUE Universit\u00e9 Bourgogne-Franche-Comt\u00e9","robots":{"index":"index","follow":"follow","max-snippet":"max-snippet:-1","max-image-preview":"max-image-preview:large","max-video-preview":"max-video-preview:-1"},"canonical":"https:\/\/www.ubfc.fr\/ubfc\/ressources-humaines\/recrutement\/concours-itrf\/","og_locale":"en_US","og_type":"article","og_title":"Concours ITRF 2023 - COMUE Universit\u00e9 Bourgogne-Franche-Comt\u00e9","og_description":"Postes ouverts aux concours \u00e0 UBFC 4 emplois sont ouverts aux recrutements \u00e0 UBFC au titre de la session 2023\u00a0: 4 au titre des concours ITRF externes et internes de cat\u00e9gorie A et B Concours de droit commun Les inscriptions seront ouvertes sur webITRF du 30 mars 2023 &#8211; 12 h (heure de Paris) au &hellip; Continued","og_url":"https:\/\/www.ubfc.fr\/ubfc\/ressources-humaines\/recrutement\/concours-itrf\/","og_site_name":"COMUE Universit\u00e9 Bourgogne-Franche-Comt\u00e9","article_publisher":"https:\/\/www.facebook.com\/UnivBFC\/","article_modified_time":"2023-09-21T07:42:55+00:00","twitter_card":"summary_large_image","twitter_site":"@univ_bfc","twitter_misc":{"Est. reading time":"1 minute"},"schema":{"@context":"https:\/\/schema.org","@graph":[{"@type":"WebPage","@id":"https:\/\/www.ubfc.fr\/ubfc\/ressources-humaines\/recrutement\/concours-itrf\/","url":"https:\/\/www.ubfc.fr\/ubfc\/ressources-humaines\/recrutement\/concours-itrf\/","name":"Concours ITRF 2023 - COMUE Universit\u00e9 Bourgogne-Franche-Comt\u00e9","isPartOf":{"@id":"https:\/\/www.ubfc.fr\/#website"},"datePublished":"2023-03-30T09:05:39+00:00","dateModified":"2023-09-21T07:42:55+00:00","breadcrumb":{"@id":"https:\/\/www.ubfc.fr\/ubfc\/ressources-humaines\/recrutement\/concours-itrf\/#breadcrumb"},"inLanguage":"en-US","potentialAction":[{"@type":"ReadAction","target":["https:\/\/www.ubfc.fr\/ubfc\/ressources-humaines\/recrutement\/concours-itrf\/"]}]},{"@type":"BreadcrumbList","@id":"https:\/\/www.ubfc.fr\/ubfc\/ressources-humaines\/recrutement\/concours-itrf\/#breadcrumb","itemListElement":[{"@type":"ListItem","position":1,"name":"Accueil","item":"https:\/\/www.ubfc.fr\/en\/"},{"@type":"ListItem","position":2,"name":"UBFC","item":"https:\/\/www.ubfc.fr\/ubfc\/"},{"@type":"ListItem","position":3,"name":"Ressources humaines","item":"https:\/\/www.ubfc.fr\/ubfc\/ressources-humaines\/"},{"@type":"ListItem","position":4,"name":"Recrutement","item":"https:\/\/www.ubfc.fr\/ubfc\/ressources-humaines\/recrutement\/"},{"@type":"ListItem","position":5,"name":"Concours ITRF 2023"}]},{"@type":"WebSite","@id":"https:\/\/www.ubfc.fr\/#website","url":"https:\/\/www.ubfc.fr\/","name":"COMUE Universit\u00e9 Bourgogne-Franche-Comt\u00e9","description":"","publisher":{"@id":"https:\/\/www.ubfc.fr\/#organization"},"potentialAction":[{"@type":"SearchAction","target":{"@type":"EntryPoint","urlTemplate":"https:\/\/www.ubfc.fr\/?s={search_term_string}"},"query-input":{"@type":"PropertyValueSpecification","valueRequired":true,"valueName":"search_term_string"}}],"inLanguage":"en-US"},{"@type":"Organization","@id":"https:\/\/www.ubfc.fr\/#organization","name":"Universit\u00e9 Bourgogne-Franche-Comt\u00e9","url":"https:\/\/www.ubfc.fr\/","logo":{"@type":"ImageObject","inLanguage":"en-US","@id":"https:\/\/www.ubfc.fr\/#\/schema\/logo\/image\/","url":"https:\/\/www.ubfc.fr\/wp-content\/uploads\/2022\/03\/vagueUBFC_favicon.png","contentUrl":"https:\/\/www.ubfc.fr\/wp-content\/uploads\/2022\/03\/vagueUBFC_favicon.png","width":512,"height":512,"caption":"Universit\u00e9 Bourgogne-Franche-Comt\u00e9"},"image":{"@id":"https:\/\/www.ubfc.fr\/#\/schema\/logo\/image\/"},"sameAs":["https:\/\/www.facebook.com\/UnivBFC\/","https:\/\/x.com\/univ_bfc","https:\/\/www.linkedin.com\/school\/universitebourgognefranchecomte\/mycompany\/"]}]}},"_links":{"self":[{"href":"https:\/\/www.ubfc.fr\/en\/wp-json\/wp\/v2\/pages\/67983","targetHints":{"allow":["GET"]}}],"collection":[{"href":"https:\/\/www.ubfc.fr\/en\/wp-json\/wp\/v2\/pages"}],"about":[{"href":"https:\/\/www.ubfc.fr\/en\/wp-json\/wp\/v2\/types\/page"}],"author":[{"embeddable":true,"href":"https:\/\/www.ubfc.fr\/en\/wp-json\/wp\/v2\/users\/86"}],"replies":[{"embeddable":true,"href":"https:\/\/www.ubfc.fr\/en\/wp-json\/wp\/v2\/comments?post=67983"}],"version-history":[{"count":5,"href":"https:\/\/www.ubfc.fr\/en\/wp-json\/wp\/v2\/pages\/67983\/revisions"}],"predecessor-version":[{"id":69653,"href":"https:\/\/www.ubfc.fr\/en\/wp-json\/wp\/v2\/pages\/67983\/revisions\/69653"}],"up":[{"embeddable":true,"href":"https:\/\/www.ubfc.fr\/en\/wp-json\/wp\/v2\/pages\/58187"}],"wp:attachment":[{"href":"https:\/\/www.ubfc.fr\/en\/wp-json\/wp\/v2\/media?parent=67983"}],"curies":[{"name":"wp","href":"https:\/\/api.w.org\/{rel}","templated":true}]}}