{"id":64018,"date":"2022-10-14T09:04:27","date_gmt":"2022-10-14T07:04:27","guid":{"rendered":"https:\/\/www.ubfc.fr\/?page_id=64018"},"modified":"2022-12-19T08:57:19","modified_gmt":"2022-12-19T07:57:19","slug":"elections-professionnelles-2022","status":"publish","type":"page","link":"https:\/\/www.ubfc.fr\/en\/ubfc\/elections-professionnelles-2022\/","title":{"rendered":"Elections professionnelles 2022"},"content":{"rendered":"\t\t<div data-elementor-type=\"wp-page\" data-elementor-id=\"64018\" class=\"elementor elementor-64018\" data-elementor-post-type=\"page\">\n\t\t\t\t\t\t<section class=\"elementor-section elementor-top-section elementor-element elementor-element-26a4423 elementor-section-boxed elementor-section-height-default elementor-section-height-default\" data-id=\"26a4423\" data-element_type=\"section\" data-e-type=\"section\">\n\t\t\t\t\t\t<div class=\"elementor-container elementor-column-gap-default\">\n\t\t\t\t\t<div class=\"elementor-column elementor-col-100 elementor-top-column elementor-element elementor-element-89c8744\" data-id=\"89c8744\" data-element_type=\"column\" data-e-type=\"column\">\n\t\t\t<div class=\"elementor-widget-wrap elementor-element-populated\">\n\t\t\t\t\t\t<div class=\"elementor-element elementor-element-091adbe elementor-widget elementor-widget-text-editor\" data-id=\"091adbe\" data-element_type=\"widget\" data-e-type=\"widget\" data-widget_type=\"text-editor.default\">\n\t\t\t\t<div class=\"elementor-widget-container\">\n\t\t\t\t\t\t\t\t\t<div class=\"election_description openblank\"><h3>Bienvenue dans l&#8217;espace d\u00e9di\u00e9 au vote des \u00e9lections professionnelles 2022.<\/h3><h6>Le vote \u00e9lectronique s&#8217;est tenu du jeudi 01 d\u00e9cembre 09h00 au jeudi 08 d\u00e9cembre 17h00.<\/h6><p>\u00a0<\/p><p><span style=\"font-size: 14pt;\"><strong>R\u00e9sultats :<\/strong><\/span><\/p><ul><li><a href=\"https:\/\/www.ubfc.fr\/wp-content\/uploads\/2022\/12\/Resultats-CCPANT-CatA.pdf\">Commission consultative paritaire des agents non titulaires (CCPANT) &#8211;\u00a0 Cat\u00e9gorie A<\/a><\/li><li><a href=\"https:\/\/www.ubfc.fr\/wp-content\/uploads\/2022\/12\/Resultats-CCPANT-CatB.pdf\">Commission consultative paritaire des agents non titulaires (CCPANT) &#8211;\u00a0 Cat\u00e9gorie B<\/a><\/li><li><a href=\"https:\/\/www.ubfc.fr\/wp-content\/uploads\/2022\/12\/Resultats-CSA.pdf\">Comit\u00e9 Social d&#8217;Administration (CSA)<\/a><\/li><\/ul><\/div>\t\t\t\t\t\t\t\t<\/div>\n\t\t\t\t<\/div>\n\t\t\t\t<div class=\"elementor-element elementor-element-ffbf201 elementor-widget elementor-widget-toggle\" data-id=\"ffbf201\" data-element_type=\"widget\" data-e-type=\"widget\" data-widget_type=\"toggle.default\">\n\t\t\t\t<div class=\"elementor-widget-container\">\n\t\t\t\t\t\t\t<div class=\"elementor-toggle\">\n\t\t\t\t\t\t\t<div class=\"elementor-toggle-item\">\n\t\t\t\t\t<div id=\"elementor-tab-title-2681\" class=\"elementor-tab-title\" data-tab=\"1\" role=\"button\" aria-controls=\"elementor-tab-content-2681\" aria-expanded=\"false\">\n\t\t\t\t\t\t\t\t\t\t\t\t<span class=\"elementor-toggle-icon elementor-toggle-icon-left\" aria-hidden=\"true\">\n\t\t\t\t\t\t\t\t\t\t\t\t\t\t\t<span class=\"elementor-toggle-icon-closed\"><i class=\"fas fa-caret-right\"><\/i><\/span>\n\t\t\t\t\t\t\t\t<span class=\"elementor-toggle-icon-opened\"><i class=\"elementor-toggle-icon-opened fas fa-caret-up\"><\/i><\/span>\n\t\t\t\t\t\t\t\t\t\t\t\t\t<\/span>\n\t\t\t\t\t\t\t\t\t\t\t\t<a class=\"elementor-toggle-title\" tabindex=\"0\">Arr\u00eat\u00e9s relatifs aux \u00e9lections<\/a>\n\t\t\t\t\t<\/div>\n\n\t\t\t\t\t<div id=\"elementor-tab-content-2681\" class=\"elementor-tab-content elementor-clearfix\" data-tab=\"1\" role=\"region\" aria-labelledby=\"elementor-tab-title-2681\"><ul><li><a href=\"https:\/\/www.ubfc.fr\/wp-content\/uploads\/2022\/10\/Decision-cadre-2022-09-fixant-les-modalites-de-recours-au-vote-electronique-Elections-professionnelles-2022.pdf\"> D\u00e9cision cadre n\u00b02022-09 : modalit\u00e9s de recours au vote \u00e9lectronique pour les \u00e9lections professionnelles de la COMUE UBFC.<\/a><\/li><li><a href=\"https:\/\/www.ubfc.fr\/wp-content\/uploads\/2022\/05\/DELIB_2022_CA.16_Elections_professionnelles_dec2022_creationCSA_MODIFIEE.pdf\">D\u00e9lib\u00e9ration n\u00b02022.CA.16 : \u00e9lections professionnelles de d\u00e9cembre 2022 : cr\u00e9ation du comit\u00e9 social d\u2019administration (CSA)<\/a><\/li><li><a href=\"https:\/\/www.ubfc.fr\/wp-content\/uploads\/2022\/10\/Arrete-2022-14-portant-creation-de-la-Commission-Paritaire-dEtablissement-dUBFC.pdf\">Arr\u00eat\u00e9 2022-14 portant cr\u00e9ation de la Commission Paritaire d\u2019\u00c9tablissement d&#8217;UBFC<\/a><\/li><li><a href=\"https:\/\/www.ubfc.fr\/wp-content\/uploads\/2022\/10\/Arrete-2022-15-portant-organisation-des-elections-au-CSA-CPE-et-CCPANT.pdf\">Arr\u00eat\u00e9 2022-15 portant organisation des \u00e9lections au CSA, CPE, et CCPANT<\/a><\/li><li><a href=\"https:\/\/www.ubfc.fr\/wp-content\/uploads\/2022\/10\/Arrete-2022-16-portant-composition-du-bureau-de-vote-modalites-de-la-propagande-electorale-et-identification-des-electeurs.pdf\">Arr\u00eat\u00e9 2022-16 portant composition du bureau de vote, modalit\u00e9s de la propagande \u00e9lectorale et identification des \u00e9lecteurs<\/a><\/li><li><a href=\"https:\/\/www.ubfc.fr\/wp-content\/uploads\/2022\/11\/Arrete-2022-17-fixant-les-listes-eligibles-pour-les-scrutins-CSA-et-CCPANT.pdf\">Arr\u00eat\u00e9 2022-17 fixant les listes \u00e9ligibles pour les scrutins CSA et CCPANT<\/a><\/li><li><a href=\"https:\/\/www.ubfc.fr\/wp-content\/uploads\/2022\/12\/Arrete-2022-30-portant-organisation-du-tirage-au-sort-des-representants-du-personnel-de-la-CPE-UBFC.pdf\">Arr\u00eat\u00e9 2022-30 portant organisation du tirage au sort des repr\u00e9sentants du personnel de la CPE UBFC<\/a><\/li><li><a href=\"https:\/\/www.ubfc.fr\/wp-content\/uploads\/2022\/12\/Arrete-2022-31-portant-proclamation-des-resultats-professionnelles-du-CSA.pdf\">Arr\u00eat\u00e9 2022-31 portant proclamation des r\u00e9sultats professionnelles du CSA<\/a><\/li><li><a href=\"https:\/\/www.ubfc.fr\/wp-content\/uploads\/2022\/12\/Arrete-2022-32-portant-proclamation-des-resultats-pour-lelection-a-la-CCPANT.pdf\">Arr\u00eat\u00e9 2022-32 portant proclamation des r\u00e9sultats pour l&#8217;\u00e9lection \u00e0 la CCPANT<\/a><\/li><\/ul><\/div>\n\t\t\t\t<\/div>\n\t\t\t\t\t\t\t<div class=\"elementor-toggle-item\">\n\t\t\t\t\t<div id=\"elementor-tab-title-2682\" class=\"elementor-tab-title\" data-tab=\"2\" role=\"button\" aria-controls=\"elementor-tab-content-2682\" aria-expanded=\"false\">\n\t\t\t\t\t\t\t\t\t\t\t\t<span class=\"elementor-toggle-icon elementor-toggle-icon-left\" aria-hidden=\"true\">\n\t\t\t\t\t\t\t\t\t\t\t\t\t\t\t<span class=\"elementor-toggle-icon-closed\"><i class=\"fas fa-caret-right\"><\/i><\/span>\n\t\t\t\t\t\t\t\t<span class=\"elementor-toggle-icon-opened\"><i class=\"elementor-toggle-icon-opened fas fa-caret-up\"><\/i><\/span>\n\t\t\t\t\t\t\t\t\t\t\t\t\t<\/span>\n\t\t\t\t\t\t\t\t\t\t\t\t<a class=\"elementor-toggle-title\" tabindex=\"0\">Candidatures et professions de foi<\/a>\n\t\t\t\t\t<\/div>\n\n\t\t\t\t\t<div id=\"elementor-tab-content-2682\" class=\"elementor-tab-content elementor-clearfix\" data-tab=\"2\" role=\"region\" aria-labelledby=\"elementor-tab-title-2682\"><p><strong>Candidatures :<\/strong><strong><br \/><\/strong><\/p><table style=\"width: 50%; border-collapse: collapse;\" border=\"1\"><tbody><tr><td style=\"width: 50%; text-align: center;\"><strong>SGEN CFDT<\/strong><\/td><td style=\"width: 50%; text-align: center;\"><strong>UNSA \u00c9ducation<\/strong><\/td><\/tr><tr><td style=\"width: 50%;\"><br \/><ol><li>ARNAUD Nicolas<\/li><li>BERGER Pauline<\/li><li>LANGLOIS Christopher<\/li><li>MINARY Juliette<\/li><li>MOREAU William<\/li><li>COMBET Chlo\u00e9<\/li><li>PIERRE Antoine<\/li><li>ELIE Edeline<\/li><li>DUCOMMUN Mathis<\/li><li>SUGNY Elyse<\/li><\/ol><\/td><td style=\"width: 50%;\"><ol><li>AJAK Fanny<\/li><li>AMAND Victor<\/li><li>MARCEAU Pauline<\/li><li>THIBERT Julien<\/li><li>SILVANT Catherine<\/li><li>GENTET Florian<\/li><li>BOUZNIF Nourhane<\/li><li>NOIRJEAN Eric<\/li><li>JEANNIN Valentine<\/li><li>KHAN Muzaffar<\/li><\/ol><\/td><\/tr><\/tbody><\/table><p>\u00a0<\/p><p><strong>Professions de foi :<\/strong><\/p><ul><li><a href=\"https:\/\/www.ubfc.fr\/wp-content\/uploads\/2022\/11\/Profession-de-foi-UNSA-CCPANT.pdf\">Profession de foi UNSA CCPANT<\/a><\/li><li><a href=\"https:\/\/www.ubfc.fr\/wp-content\/uploads\/2022\/11\/Profession-de-foi-UNSA-CSA.pdf\">Profession de foi UNSA CSA<\/a><\/li><li><a href=\"https:\/\/www.ubfc.fr\/wp-content\/uploads\/2022\/11\/Profession-de-foi-CFDT.pdf\">Profession de foi CFDT<\/a><\/li><\/ul><\/div>\n\t\t\t\t<\/div>\n\t\t\t\t\t\t\t<div class=\"elementor-toggle-item\">\n\t\t\t\t\t<div id=\"elementor-tab-title-2683\" class=\"elementor-tab-title\" data-tab=\"3\" role=\"button\" aria-controls=\"elementor-tab-content-2683\" aria-expanded=\"false\">\n\t\t\t\t\t\t\t\t\t\t\t\t<span class=\"elementor-toggle-icon elementor-toggle-icon-left\" aria-hidden=\"true\">\n\t\t\t\t\t\t\t\t\t\t\t\t\t\t\t<span class=\"elementor-toggle-icon-closed\"><i class=\"fas fa-caret-right\"><\/i><\/span>\n\t\t\t\t\t\t\t\t<span class=\"elementor-toggle-icon-opened\"><i class=\"elementor-toggle-icon-opened fas fa-caret-up\"><\/i><\/span>\n\t\t\t\t\t\t\t\t\t\t\t\t\t<\/span>\n\t\t\t\t\t\t\t\t\t\t\t\t<a class=\"elementor-toggle-title\" tabindex=\"0\">Formulaires de d\u00e9p\u00f4t des candidatures<\/a>\n\t\t\t\t\t<\/div>\n\n\t\t\t\t\t<div id=\"elementor-tab-content-2683\" class=\"elementor-tab-content elementor-clearfix\" data-tab=\"3\" role=\"region\" aria-labelledby=\"elementor-tab-title-2683\"><ul><li><a href=\"https:\/\/www.ubfc.fr\/wp-content\/uploads\/2022\/10\/Annexes-Arrete-organisation-elections-pro-2.pdf\">Formulaires de candidatures pour les \u00e9lections professionnelles UBFC 2022<\/a><\/li><\/ul><\/div>\n\t\t\t\t<\/div>\n\t\t\t\t\t\t\t\t<\/div>\n\t\t\t\t\t\t<\/div>\n\t\t\t\t<\/div>\n\t\t\t\t\t<\/div>\n\t\t<\/div>\n\t\t\t\t\t<\/div>\n\t\t<\/section>\n\t\t\t\t<\/div>\n\t\t","protected":false},"excerpt":{"rendered":"<p>Bienvenue dans l&#8217;espace d\u00e9di\u00e9 au vote des \u00e9lections professionnelles 2022. Le vote \u00e9lectronique s&#8217;est tenu du jeudi 01 d\u00e9cembre 09h00 au jeudi 08 d\u00e9cembre 17h00. \u00a0 R\u00e9sultats : Commission consultative paritaire des agents non titulaires (CCPANT) &#8211;\u00a0 Cat\u00e9gorie A Commission consultative paritaire des agents non titulaires (CCPANT) &#8211;\u00a0 Cat\u00e9gorie B Comit\u00e9 Social d&#8217;Administration (CSA) Arr\u00eat\u00e9s &hellip; <a href=\"https:\/\/www.ubfc.fr\/en\/ubfc\/elections-professionnelles-2022\/\">Continued<\/a><\/p>\n","protected":false},"author":88,"featured_media":0,"parent":679,"menu_order":0,"comment_status":"closed","ping_status":"closed","template":"","meta":{"_acf_changed":false,"footnotes":""},"class_list":["post-64018","page","type-page","status-publish","hentry"],"acf":[],"yoast_head":"<!-- This site is optimized with the Yoast SEO plugin v27.3 - https:\/\/yoast.com\/product\/yoast-seo-wordpress\/ -->\n<title>Elections professionnelles 2022 - COMUE Universit\u00e9 Bourgogne-Franche-Comt\u00e9<\/title>\n<meta name=\"description\" content=\"Retrouvez toutes les informations relatives aux \u00e9lections professionnelles 2022 \u00e0 Universit\u00e9-Bourgogne-Franche-Comt\u00e9.\" \/>\n<meta name=\"robots\" content=\"index, follow, max-snippet:-1, max-image-preview:large, max-video-preview:-1\" \/>\n<link rel=\"canonical\" href=\"https:\/\/www.ubfc.fr\/ubfc\/elections-professionnelles-2022\/\" \/>\n<meta property=\"og:locale\" content=\"en_US\" \/>\n<meta property=\"og:type\" content=\"article\" \/>\n<meta property=\"og:title\" content=\"Elections professionnelles 2022 - COMUE Universit\u00e9 Bourgogne-Franche-Comt\u00e9\" \/>\n<meta property=\"og:description\" content=\"Retrouvez toutes les informations relatives aux \u00e9lections professionnelles 2022 \u00e0 Universit\u00e9-Bourgogne-Franche-Comt\u00e9.\" \/>\n<meta property=\"og:url\" content=\"https:\/\/www.ubfc.fr\/ubfc\/elections-professionnelles-2022\/\" \/>\n<meta property=\"og:site_name\" content=\"COMUE Universit\u00e9 Bourgogne-Franche-Comt\u00e9\" \/>\n<meta property=\"article:publisher\" content=\"https:\/\/www.facebook.com\/UnivBFC\/\" \/>\n<meta property=\"article:modified_time\" content=\"2022-12-19T07:57:19+00:00\" \/>\n<meta name=\"twitter:card\" content=\"summary_large_image\" \/>\n<meta name=\"twitter:site\" content=\"@univ_bfc\" \/>\n<meta name=\"twitter:label1\" content=\"Est. reading time\" \/>\n\t<meta name=\"twitter:data1\" content=\"1 minute\" \/>\n<script type=\"application\/ld+json\" class=\"yoast-schema-graph\">{\"@context\":\"https:\\\/\\\/schema.org\",\"@graph\":[{\"@type\":\"WebPage\",\"@id\":\"https:\\\/\\\/www.ubfc.fr\\\/ubfc\\\/elections-professionnelles-2022\\\/\",\"url\":\"https:\\\/\\\/www.ubfc.fr\\\/ubfc\\\/elections-professionnelles-2022\\\/\",\"name\":\"Elections professionnelles 2022 - COMUE Universit\u00e9 Bourgogne-Franche-Comt\u00e9\",\"isPartOf\":{\"@id\":\"https:\\\/\\\/www.ubfc.fr\\\/#website\"},\"datePublished\":\"2022-10-14T07:04:27+00:00\",\"dateModified\":\"2022-12-19T07:57:19+00:00\",\"description\":\"Retrouvez toutes les informations relatives aux \u00e9lections professionnelles 2022 \u00e0 Universit\u00e9-Bourgogne-Franche-Comt\u00e9.\",\"breadcrumb\":{\"@id\":\"https:\\\/\\\/www.ubfc.fr\\\/ubfc\\\/elections-professionnelles-2022\\\/#breadcrumb\"},\"inLanguage\":\"en-US\",\"potentialAction\":[{\"@type\":\"ReadAction\",\"target\":[\"https:\\\/\\\/www.ubfc.fr\\\/ubfc\\\/elections-professionnelles-2022\\\/\"]}]},{\"@type\":\"BreadcrumbList\",\"@id\":\"https:\\\/\\\/www.ubfc.fr\\\/ubfc\\\/elections-professionnelles-2022\\\/#breadcrumb\",\"itemListElement\":[{\"@type\":\"ListItem\",\"position\":1,\"name\":\"Accueil\",\"item\":\"https:\\\/\\\/www.ubfc.fr\\\/en\\\/\"},{\"@type\":\"ListItem\",\"position\":2,\"name\":\"UBFC\",\"item\":\"https:\\\/\\\/www.ubfc.fr\\\/ubfc\\\/\"},{\"@type\":\"ListItem\",\"position\":3,\"name\":\"Elections professionnelles 2022\"}]},{\"@type\":\"WebSite\",\"@id\":\"https:\\\/\\\/www.ubfc.fr\\\/#website\",\"url\":\"https:\\\/\\\/www.ubfc.fr\\\/\",\"name\":\"COMUE Universit\u00e9 Bourgogne-Franche-Comt\u00e9\",\"description\":\"\",\"publisher\":{\"@id\":\"https:\\\/\\\/www.ubfc.fr\\\/#organization\"},\"potentialAction\":[{\"@type\":\"SearchAction\",\"target\":{\"@type\":\"EntryPoint\",\"urlTemplate\":\"https:\\\/\\\/www.ubfc.fr\\\/?s={search_term_string}\"},\"query-input\":{\"@type\":\"PropertyValueSpecification\",\"valueRequired\":true,\"valueName\":\"search_term_string\"}}],\"inLanguage\":\"en-US\"},{\"@type\":\"Organization\",\"@id\":\"https:\\\/\\\/www.ubfc.fr\\\/#organization\",\"name\":\"Universit\u00e9 Bourgogne-Franche-Comt\u00e9\",\"url\":\"https:\\\/\\\/www.ubfc.fr\\\/\",\"logo\":{\"@type\":\"ImageObject\",\"inLanguage\":\"en-US\",\"@id\":\"https:\\\/\\\/www.ubfc.fr\\\/#\\\/schema\\\/logo\\\/image\\\/\",\"url\":\"https:\\\/\\\/www.ubfc.fr\\\/wp-content\\\/uploads\\\/2022\\\/03\\\/vagueUBFC_favicon.png\",\"contentUrl\":\"https:\\\/\\\/www.ubfc.fr\\\/wp-content\\\/uploads\\\/2022\\\/03\\\/vagueUBFC_favicon.png\",\"width\":512,\"height\":512,\"caption\":\"Universit\u00e9 Bourgogne-Franche-Comt\u00e9\"},\"image\":{\"@id\":\"https:\\\/\\\/www.ubfc.fr\\\/#\\\/schema\\\/logo\\\/image\\\/\"},\"sameAs\":[\"https:\\\/\\\/www.facebook.com\\\/UnivBFC\\\/\",\"https:\\\/\\\/x.com\\\/univ_bfc\",\"https:\\\/\\\/www.linkedin.com\\\/school\\\/universitebourgognefranchecomte\\\/mycompany\\\/\"]}]}<\/script>\n<!-- \/ Yoast SEO plugin. -->","yoast_head_json":{"title":"Elections professionnelles 2022 - COMUE Universit\u00e9 Bourgogne-Franche-Comt\u00e9","description":"Retrouvez toutes les informations relatives aux \u00e9lections professionnelles 2022 \u00e0 Universit\u00e9-Bourgogne-Franche-Comt\u00e9.","robots":{"index":"index","follow":"follow","max-snippet":"max-snippet:-1","max-image-preview":"max-image-preview:large","max-video-preview":"max-video-preview:-1"},"canonical":"https:\/\/www.ubfc.fr\/ubfc\/elections-professionnelles-2022\/","og_locale":"en_US","og_type":"article","og_title":"Elections professionnelles 2022 - COMUE Universit\u00e9 Bourgogne-Franche-Comt\u00e9","og_description":"Retrouvez toutes les informations relatives aux \u00e9lections professionnelles 2022 \u00e0 Universit\u00e9-Bourgogne-Franche-Comt\u00e9.","og_url":"https:\/\/www.ubfc.fr\/ubfc\/elections-professionnelles-2022\/","og_site_name":"COMUE Universit\u00e9 Bourgogne-Franche-Comt\u00e9","article_publisher":"https:\/\/www.facebook.com\/UnivBFC\/","article_modified_time":"2022-12-19T07:57:19+00:00","twitter_card":"summary_large_image","twitter_site":"@univ_bfc","twitter_misc":{"Est. reading time":"1 minute"},"schema":{"@context":"https:\/\/schema.org","@graph":[{"@type":"WebPage","@id":"https:\/\/www.ubfc.fr\/ubfc\/elections-professionnelles-2022\/","url":"https:\/\/www.ubfc.fr\/ubfc\/elections-professionnelles-2022\/","name":"Elections professionnelles 2022 - COMUE Universit\u00e9 Bourgogne-Franche-Comt\u00e9","isPartOf":{"@id":"https:\/\/www.ubfc.fr\/#website"},"datePublished":"2022-10-14T07:04:27+00:00","dateModified":"2022-12-19T07:57:19+00:00","description":"Retrouvez toutes les informations relatives aux \u00e9lections professionnelles 2022 \u00e0 Universit\u00e9-Bourgogne-Franche-Comt\u00e9.","breadcrumb":{"@id":"https:\/\/www.ubfc.fr\/ubfc\/elections-professionnelles-2022\/#breadcrumb"},"inLanguage":"en-US","potentialAction":[{"@type":"ReadAction","target":["https:\/\/www.ubfc.fr\/ubfc\/elections-professionnelles-2022\/"]}]},{"@type":"BreadcrumbList","@id":"https:\/\/www.ubfc.fr\/ubfc\/elections-professionnelles-2022\/#breadcrumb","itemListElement":[{"@type":"ListItem","position":1,"name":"Accueil","item":"https:\/\/www.ubfc.fr\/en\/"},{"@type":"ListItem","position":2,"name":"UBFC","item":"https:\/\/www.ubfc.fr\/ubfc\/"},{"@type":"ListItem","position":3,"name":"Elections professionnelles 2022"}]},{"@type":"WebSite","@id":"https:\/\/www.ubfc.fr\/#website","url":"https:\/\/www.ubfc.fr\/","name":"COMUE Universit\u00e9 Bourgogne-Franche-Comt\u00e9","description":"","publisher":{"@id":"https:\/\/www.ubfc.fr\/#organization"},"potentialAction":[{"@type":"SearchAction","target":{"@type":"EntryPoint","urlTemplate":"https:\/\/www.ubfc.fr\/?s={search_term_string}"},"query-input":{"@type":"PropertyValueSpecification","valueRequired":true,"valueName":"search_term_string"}}],"inLanguage":"en-US"},{"@type":"Organization","@id":"https:\/\/www.ubfc.fr\/#organization","name":"Universit\u00e9 Bourgogne-Franche-Comt\u00e9","url":"https:\/\/www.ubfc.fr\/","logo":{"@type":"ImageObject","inLanguage":"en-US","@id":"https:\/\/www.ubfc.fr\/#\/schema\/logo\/image\/","url":"https:\/\/www.ubfc.fr\/wp-content\/uploads\/2022\/03\/vagueUBFC_favicon.png","contentUrl":"https:\/\/www.ubfc.fr\/wp-content\/uploads\/2022\/03\/vagueUBFC_favicon.png","width":512,"height":512,"caption":"Universit\u00e9 Bourgogne-Franche-Comt\u00e9"},"image":{"@id":"https:\/\/www.ubfc.fr\/#\/schema\/logo\/image\/"},"sameAs":["https:\/\/www.facebook.com\/UnivBFC\/","https:\/\/x.com\/univ_bfc","https:\/\/www.linkedin.com\/school\/universitebourgognefranchecomte\/mycompany\/"]}]}},"_links":{"self":[{"href":"https:\/\/www.ubfc.fr\/en\/wp-json\/wp\/v2\/pages\/64018","targetHints":{"allow":["GET"]}}],"collection":[{"href":"https:\/\/www.ubfc.fr\/en\/wp-json\/wp\/v2\/pages"}],"about":[{"href":"https:\/\/www.ubfc.fr\/en\/wp-json\/wp\/v2\/types\/page"}],"author":[{"embeddable":true,"href":"https:\/\/www.ubfc.fr\/en\/wp-json\/wp\/v2\/users\/88"}],"replies":[{"embeddable":true,"href":"https:\/\/www.ubfc.fr\/en\/wp-json\/wp\/v2\/comments?post=64018"}],"version-history":[{"count":0,"href":"https:\/\/www.ubfc.fr\/en\/wp-json\/wp\/v2\/pages\/64018\/revisions"}],"up":[{"embeddable":true,"href":"https:\/\/www.ubfc.fr\/en\/wp-json\/wp\/v2\/pages\/679"}],"wp:attachment":[{"href":"https:\/\/www.ubfc.fr\/en\/wp-json\/wp\/v2\/media?parent=64018"}],"curies":[{"name":"wp","href":"https:\/\/api.w.org\/{rel}","templated":true}]}}