{"id":55654,"date":"2021-10-05T17:48:19","date_gmt":"2021-10-05T15:48:19","guid":{"rendered":"https:\/\/www.ubfc.fr\/?page_id=55654"},"modified":"2025-01-30T14:27:58","modified_gmt":"2025-01-30T13:27:58","slug":"ami-ftlv-2021-22","status":"publish","type":"page","link":"https:\/\/www.ubfc.fr\/en\/excellence\/ritm-bfc\/appel-a-projets-ritm-bfc\/ami-ftlv-2021-22\/","title":{"rendered":"Appel \u00e0 manifestation d&#8217;int\u00e9r\u00eat (AMI) RITM-BFC \u00ab Formation tout long de la vie \u00bb (FTLV) 2021-22"},"content":{"rendered":"\t\t<div data-elementor-type=\"wp-page\" data-elementor-id=\"55654\" class=\"elementor elementor-55654\" data-elementor-post-type=\"page\">\n\t\t\t\t\t\t<section class=\"elementor-section elementor-top-section elementor-element elementor-element-ba35e4e elementor-section-boxed elementor-section-height-default elementor-section-height-default\" data-id=\"ba35e4e\" data-element_type=\"section\" data-e-type=\"section\">\n\t\t\t\t\t\t<div class=\"elementor-container elementor-column-gap-default\">\n\t\t\t\t\t<div class=\"elementor-column elementor-col-100 elementor-top-column elementor-element elementor-element-3d6d68b\" data-id=\"3d6d68b\" data-element_type=\"column\" data-e-type=\"column\">\n\t\t\t<div class=\"elementor-widget-wrap elementor-element-populated\">\n\t\t\t\t\t\t<div class=\"elementor-element elementor-element-f63bd5c elementor-widget elementor-widget-text-editor\" data-id=\"f63bd5c\" data-element_type=\"widget\" data-e-type=\"widget\" data-widget_type=\"text-editor.default\">\n\t\t\t\t<div class=\"elementor-widget-container\">\n\t\t\t\t\t\t\t\t\t<h5>Le levier 5 de RITM-BFC a pour objectif de d\u00e9montrer, \u00e0 un public d\u2019\u00e9tudiants et de salari\u00e9s, l\u2019int\u00e9r\u00eat de se former tout au long de la vie (FTLV) mais \u00e9galement d\u2019acculturer les \u00e9tudiants \u00e0 la FTLV.<\/h5>\t\t\t\t\t\t\t\t<\/div>\n\t\t\t\t<\/div>\n\t\t\t\t\t<\/div>\n\t\t<\/div>\n\t\t\t\t\t<\/div>\n\t\t<\/section>\n\t\t\t\t<section class=\"elementor-section elementor-top-section elementor-element elementor-element-51769bd elementor-section-boxed elementor-section-height-default elementor-section-height-default\" data-id=\"51769bd\" data-element_type=\"section\" data-e-type=\"section\">\n\t\t\t\t\t\t<div class=\"elementor-container elementor-column-gap-default\">\n\t\t\t\t\t<div class=\"elementor-column elementor-col-100 elementor-top-column elementor-element elementor-element-e4d2097\" data-id=\"e4d2097\" data-element_type=\"column\" data-e-type=\"column\">\n\t\t\t<div class=\"elementor-widget-wrap elementor-element-populated\">\n\t\t\t\t\t\t<div class=\"elementor-element elementor-element-10fc2ea elementor-widget elementor-widget-spacer\" data-id=\"10fc2ea\" data-element_type=\"widget\" data-e-type=\"widget\" data-widget_type=\"spacer.default\">\n\t\t\t\t<div class=\"elementor-widget-container\">\n\t\t\t\t\t\t\t<div class=\"elementor-spacer\">\n\t\t\t<div class=\"elementor-spacer-inner\"><\/div>\n\t\t<\/div>\n\t\t\t\t\t\t<\/div>\n\t\t\t\t<\/div>\n\t\t\t\t\t<\/div>\n\t\t<\/div>\n\t\t\t\t\t<\/div>\n\t\t<\/section>\n\t\t\t\t<section class=\"elementor-section elementor-top-section elementor-element elementor-element-cb377ee elementor-section-boxed elementor-section-height-default elementor-section-height-default\" data-id=\"cb377ee\" data-element_type=\"section\" data-e-type=\"section\">\n\t\t\t\t\t\t<div class=\"elementor-container elementor-column-gap-default\">\n\t\t\t\t\t<div class=\"elementor-column elementor-col-100 elementor-top-column elementor-element elementor-element-a4d1cdc\" data-id=\"a4d1cdc\" data-element_type=\"column\" data-e-type=\"column\">\n\t\t\t<div class=\"elementor-widget-wrap elementor-element-populated\">\n\t\t\t\t\t\t<div class=\"elementor-element elementor-element-52b0413 elementor-widget elementor-widget-text-editor\" data-id=\"52b0413\" data-element_type=\"widget\" data-e-type=\"widget\" data-widget_type=\"text-editor.default\">\n\t\t\t\t<div class=\"elementor-widget-container\">\n\t\t\t\t\t\t\t\t\t<p><strong>Dans ce cadre, un appel \u00e0 manifestation d\u2019int\u00e9r\u00eat (AMI) RITM-BFC \u00ab Acculturation et d\u00e9veloppement de la FTLV \u00bb est ouvert. <\/strong><\/p><p>Il permettra de soutenir des actions en lien avec la FTLV.<\/p><p>Vous pouvez ainsi proposer deux types d\u2019actions :<\/p><ul><li>des <strong>actions courtes ou de rencontres, des op\u00e9rations permettant de mettre en lien les \u00e9tudiants et le monde socio-\u00e9conomique. <\/strong>Le but ? Former les professionnels \u00e0 de nouvelles comp\u00e9tences mais \u00e9galement sensibiliser les \u00e9tudiants \u00e0 la FTLV en suivant des modules et\/ou d\u00e9bats en pr\u00e9sence de professionnels pour leur montrer que leur formation se poursuit apr\u00e8s l\u2019obtention de leur dipl\u00f4me.<\/li><li>des actions de <strong>partage, d\u2019\u00e9changes, de formation \u00e0 destination des \u00e9quipes p\u00e9dagogiques <\/strong>dans le but de faciliter leur implication dans le d\u00e9ploiement de la FTLV au sein de leur \u00e9tablissement.<\/li><\/ul><p>Cet AMI vient compl\u00e9ter l\u2019appel \u00e0 candidature (AAC) <strong>Immersion Formation Tout au Long de la Vie <\/strong>ouvert au fil de l\u2019eau : <strong><a href=\"https:\/\/www.ubfc.fr\/les-appels-a-candidatures-ritm-bfc\/\">https:\/\/www.ubfc.fr\/les-appels-a-candidatures-ritm-bfc\/<\/a><\/strong><\/p><p><strong>\u00a0<\/strong><\/p><p>Les candidatures sont accept\u00e9es\u00a0:<\/p><ul style=\"list-style-type: circle\"><li><strong>jusqu&#8217;au 28 octobre 2021 <\/strong>pour des actions pr\u00e9vues au 1<sup>er<\/sup> semestre 2021-2022,<\/li><li><strong>jusqu&#8217;au 18 novembre 2021 <\/strong>pour des actions pr\u00e9vues \u00e0 partir du 1er janvier 2022.<\/li><\/ul><p>Elles doivent \u00eatre envoy\u00e9es par mail \u00e0 : <a href=\"mailto:ritm-bfc@ubfc.fr\"><strong>ritm-bfc@ubfc.fr<\/strong><\/a><\/p><p>Les dossiers incomplets ne seront pas examin\u00e9s.<\/p>\t\t\t\t\t\t\t\t<\/div>\n\t\t\t\t<\/div>\n\t\t\t\t\t<\/div>\n\t\t<\/div>\n\t\t\t\t\t<\/div>\n\t\t<\/section>\n\t\t\t\t<section class=\"elementor-section elementor-top-section elementor-element elementor-element-a177c38 elementor-section-boxed elementor-section-height-default elementor-section-height-default\" data-id=\"a177c38\" data-element_type=\"section\" data-e-type=\"section\">\n\t\t\t\t\t\t<div class=\"elementor-container elementor-column-gap-default\">\n\t\t\t\t\t<div class=\"elementor-column elementor-col-100 elementor-top-column elementor-element elementor-element-90e0bc6\" data-id=\"90e0bc6\" data-element_type=\"column\" data-e-type=\"column\">\n\t\t\t<div class=\"elementor-widget-wrap elementor-element-populated\">\n\t\t\t\t\t\t<div class=\"elementor-element elementor-element-6d01c9b elementor-widget elementor-widget-toggle\" data-id=\"6d01c9b\" data-element_type=\"widget\" data-e-type=\"widget\" data-widget_type=\"toggle.default\">\n\t\t\t\t<div class=\"elementor-widget-container\">\n\t\t\t\t\t\t\t<div class=\"elementor-toggle\">\n\t\t\t\t\t\t\t<div class=\"elementor-toggle-item\">\n\t\t\t\t\t<div id=\"elementor-tab-title-1141\" class=\"elementor-tab-title\" data-tab=\"1\" role=\"button\" aria-controls=\"elementor-tab-content-1141\" aria-expanded=\"false\">\n\t\t\t\t\t\t\t\t\t\t\t\t<span class=\"elementor-toggle-icon elementor-toggle-icon-left\" aria-hidden=\"true\">\n\t\t\t\t\t\t\t\t\t\t\t\t\t\t\t<span class=\"elementor-toggle-icon-closed\"><i class=\"fas fa-caret-right\"><\/i><\/span>\n\t\t\t\t\t\t\t\t<span class=\"elementor-toggle-icon-opened\"><i class=\"elementor-toggle-icon-opened fas fa-caret-up\"><\/i><\/span>\n\t\t\t\t\t\t\t\t\t\t\t\t\t<\/span>\n\t\t\t\t\t\t\t\t\t\t\t\t<a class=\"elementor-toggle-title\" tabindex=\"0\">Retrouvez ci-dessous les documents n\u00e9cessaires au montage de votre dossier<\/a>\n\t\t\t\t\t<\/div>\n\n\t\t\t\t\t<div id=\"elementor-tab-content-1141\" class=\"elementor-tab-content elementor-clearfix\" data-tab=\"1\" role=\"region\" aria-labelledby=\"elementor-tab-title-1141\"><ul>\n<li><a href=\"https:\/\/www.ubfc.fr\/wp-content\/uploads\/2021\/10\/AMI_RITM-BFC_LEV5_21-VF3-1.docx\">Dossier de candidature<\/a><\/li>\n<li><a href=\"https:\/\/www.ubfc.fr\/wp-content\/uploads\/2021\/10\/FICHEFI__AMI_L5_2021_22.xls\">Annexe financi\u00e8re<\/a><\/li>\n<li><a href=\"https:\/\/www.ubfc.fr\/wp-content\/uploads\/2021\/10\/AMI_RITM-BFC_LEV5_avis_composante.pdf\">Avis de la composante \/ service<\/a><\/li>\n<\/ul><\/div>\n\t\t\t\t<\/div>\n\t\t\t\t\t\t\t\t<\/div>\n\t\t\t\t\t\t<\/div>\n\t\t\t\t<\/div>\n\t\t\t\t\t<\/div>\n\t\t<\/div>\n\t\t\t\t\t<\/div>\n\t\t<\/section>\n\t\t\t\t<\/div>\n\t\t","protected":false},"excerpt":{"rendered":"<p>Le levier 5 de RITM-BFC a pour objectif de d\u00e9montrer, \u00e0 un public d\u2019\u00e9tudiants et de salari\u00e9s, l\u2019int\u00e9r\u00eat de se former tout au long de la vie (FTLV) mais \u00e9galement d\u2019acculturer les \u00e9tudiants \u00e0 la FTLV. Dans ce cadre, un appel \u00e0 manifestation d\u2019int\u00e9r\u00eat (AMI) RITM-BFC \u00ab Acculturation et d\u00e9veloppement de la FTLV \u00bb est &hellip; <a href=\"https:\/\/www.ubfc.fr\/en\/excellence\/ritm-bfc\/appel-a-projets-ritm-bfc\/ami-ftlv-2021-22\/\">Continued<\/a><\/p>\n","protected":false},"author":93,"featured_media":0,"parent":32753,"menu_order":27,"comment_status":"closed","ping_status":"closed","template":"","meta":{"_acf_changed":false,"footnotes":""},"class_list":["post-55654","page","type-page","status-publish","hentry"],"acf":[],"yoast_head":"<!-- This site is optimized with the Yoast SEO plugin v27.3 - https:\/\/yoast.com\/product\/yoast-seo-wordpress\/ -->\n<title>Appel \u00e0 manifestation d&#039;int\u00e9r\u00eat (AMI) RITM-BFC \u00ab Formation tout long de la vie \u00bb (FTLV) 2021-22 - COMUE Universit\u00e9 Bourgogne-Franche-Comt\u00e9<\/title>\n<meta name=\"robots\" content=\"index, follow, max-snippet:-1, max-image-preview:large, max-video-preview:-1\" \/>\n<link rel=\"canonical\" href=\"https:\/\/www.ubfc.fr\/excellence\/ritm-bfc\/appel-a-projets-ritm-bfc\/ami-ftlv-2021-22\/\" \/>\n<meta property=\"og:locale\" content=\"en_US\" \/>\n<meta property=\"og:type\" content=\"article\" \/>\n<meta property=\"og:title\" content=\"Appel \u00e0 manifestation d&#039;int\u00e9r\u00eat (AMI) RITM-BFC \u00ab Formation tout long de la vie \u00bb (FTLV) 2021-22 - COMUE Universit\u00e9 Bourgogne-Franche-Comt\u00e9\" \/>\n<meta property=\"og:description\" content=\"Le levier 5 de RITM-BFC a pour objectif de d\u00e9montrer, \u00e0 un public d\u2019\u00e9tudiants et de salari\u00e9s, l\u2019int\u00e9r\u00eat de se former tout au long de la vie (FTLV) mais \u00e9galement d\u2019acculturer les \u00e9tudiants \u00e0 la FTLV. Dans ce cadre, un appel \u00e0 manifestation d\u2019int\u00e9r\u00eat (AMI) RITM-BFC \u00ab Acculturation et d\u00e9veloppement de la FTLV \u00bb est &hellip; Continued\" \/>\n<meta property=\"og:url\" content=\"https:\/\/www.ubfc.fr\/excellence\/ritm-bfc\/appel-a-projets-ritm-bfc\/ami-ftlv-2021-22\/\" \/>\n<meta property=\"og:site_name\" content=\"COMUE Universit\u00e9 Bourgogne-Franche-Comt\u00e9\" \/>\n<meta property=\"article:publisher\" content=\"https:\/\/www.facebook.com\/UnivBFC\/\" \/>\n<meta property=\"article:modified_time\" content=\"2025-01-30T13:27:58+00:00\" \/>\n<meta name=\"twitter:card\" content=\"summary_large_image\" \/>\n<meta name=\"twitter:site\" content=\"@univ_bfc\" \/>\n<meta name=\"twitter:label1\" content=\"Est. reading time\" \/>\n\t<meta name=\"twitter:data1\" content=\"1 minute\" \/>\n<script type=\"application\/ld+json\" class=\"yoast-schema-graph\">{\"@context\":\"https:\\\/\\\/schema.org\",\"@graph\":[{\"@type\":\"WebPage\",\"@id\":\"https:\\\/\\\/www.ubfc.fr\\\/excellence\\\/ritm-bfc\\\/appel-a-projets-ritm-bfc\\\/ami-ftlv-2021-22\\\/\",\"url\":\"https:\\\/\\\/www.ubfc.fr\\\/excellence\\\/ritm-bfc\\\/appel-a-projets-ritm-bfc\\\/ami-ftlv-2021-22\\\/\",\"name\":\"Appel \u00e0 manifestation d'int\u00e9r\u00eat (AMI) RITM-BFC \u00ab Formation tout long de la vie \u00bb (FTLV) 2021-22 - COMUE Universit\u00e9 Bourgogne-Franche-Comt\u00e9\",\"isPartOf\":{\"@id\":\"https:\\\/\\\/www.ubfc.fr\\\/#website\"},\"datePublished\":\"2021-10-05T15:48:19+00:00\",\"dateModified\":\"2025-01-30T13:27:58+00:00\",\"breadcrumb\":{\"@id\":\"https:\\\/\\\/www.ubfc.fr\\\/excellence\\\/ritm-bfc\\\/appel-a-projets-ritm-bfc\\\/ami-ftlv-2021-22\\\/#breadcrumb\"},\"inLanguage\":\"en-US\",\"potentialAction\":[{\"@type\":\"ReadAction\",\"target\":[\"https:\\\/\\\/www.ubfc.fr\\\/excellence\\\/ritm-bfc\\\/appel-a-projets-ritm-bfc\\\/ami-ftlv-2021-22\\\/\"]}]},{\"@type\":\"BreadcrumbList\",\"@id\":\"https:\\\/\\\/www.ubfc.fr\\\/excellence\\\/ritm-bfc\\\/appel-a-projets-ritm-bfc\\\/ami-ftlv-2021-22\\\/#breadcrumb\",\"itemListElement\":[{\"@type\":\"ListItem\",\"position\":1,\"name\":\"Accueil\",\"item\":\"https:\\\/\\\/www.ubfc.fr\\\/en\\\/\"},{\"@type\":\"ListItem\",\"position\":2,\"name\":\"Excellence\",\"item\":\"https:\\\/\\\/www.ubfc.fr\\\/excellence\\\/\"},{\"@type\":\"ListItem\",\"position\":3,\"name\":\"RITM &#8211; BFC\",\"item\":\"https:\\\/\\\/www.ubfc.fr\\\/excellence\\\/ritm-bfc\\\/\"},{\"@type\":\"ListItem\",\"position\":4,\"name\":\"Appel \u00e0 Projets RITM-BFC\",\"item\":\"https:\\\/\\\/www.ubfc.fr\\\/excellence\\\/ritm-bfc\\\/appel-a-projets-ritm-bfc\\\/\"},{\"@type\":\"ListItem\",\"position\":5,\"name\":\"Appel \u00e0 manifestation d&#8217;int\u00e9r\u00eat (AMI) RITM-BFC \u00ab Formation tout long de la vie \u00bb (FTLV) 2021-22\"}]},{\"@type\":\"WebSite\",\"@id\":\"https:\\\/\\\/www.ubfc.fr\\\/#website\",\"url\":\"https:\\\/\\\/www.ubfc.fr\\\/\",\"name\":\"COMUE Universit\u00e9 Bourgogne-Franche-Comt\u00e9\",\"description\":\"\",\"publisher\":{\"@id\":\"https:\\\/\\\/www.ubfc.fr\\\/#organization\"},\"potentialAction\":[{\"@type\":\"SearchAction\",\"target\":{\"@type\":\"EntryPoint\",\"urlTemplate\":\"https:\\\/\\\/www.ubfc.fr\\\/?s={search_term_string}\"},\"query-input\":{\"@type\":\"PropertyValueSpecification\",\"valueRequired\":true,\"valueName\":\"search_term_string\"}}],\"inLanguage\":\"en-US\"},{\"@type\":\"Organization\",\"@id\":\"https:\\\/\\\/www.ubfc.fr\\\/#organization\",\"name\":\"Universit\u00e9 Bourgogne-Franche-Comt\u00e9\",\"url\":\"https:\\\/\\\/www.ubfc.fr\\\/\",\"logo\":{\"@type\":\"ImageObject\",\"inLanguage\":\"en-US\",\"@id\":\"https:\\\/\\\/www.ubfc.fr\\\/#\\\/schema\\\/logo\\\/image\\\/\",\"url\":\"https:\\\/\\\/www.ubfc.fr\\\/wp-content\\\/uploads\\\/2022\\\/03\\\/vagueUBFC_favicon.png\",\"contentUrl\":\"https:\\\/\\\/www.ubfc.fr\\\/wp-content\\\/uploads\\\/2022\\\/03\\\/vagueUBFC_favicon.png\",\"width\":512,\"height\":512,\"caption\":\"Universit\u00e9 Bourgogne-Franche-Comt\u00e9\"},\"image\":{\"@id\":\"https:\\\/\\\/www.ubfc.fr\\\/#\\\/schema\\\/logo\\\/image\\\/\"},\"sameAs\":[\"https:\\\/\\\/www.facebook.com\\\/UnivBFC\\\/\",\"https:\\\/\\\/x.com\\\/univ_bfc\",\"https:\\\/\\\/www.linkedin.com\\\/school\\\/universitebourgognefranchecomte\\\/mycompany\\\/\"]}]}<\/script>\n<!-- \/ Yoast SEO plugin. -->","yoast_head_json":{"title":"Appel \u00e0 manifestation d'int\u00e9r\u00eat (AMI) RITM-BFC \u00ab Formation tout long de la vie \u00bb (FTLV) 2021-22 - COMUE Universit\u00e9 Bourgogne-Franche-Comt\u00e9","robots":{"index":"index","follow":"follow","max-snippet":"max-snippet:-1","max-image-preview":"max-image-preview:large","max-video-preview":"max-video-preview:-1"},"canonical":"https:\/\/www.ubfc.fr\/excellence\/ritm-bfc\/appel-a-projets-ritm-bfc\/ami-ftlv-2021-22\/","og_locale":"en_US","og_type":"article","og_title":"Appel \u00e0 manifestation d'int\u00e9r\u00eat (AMI) RITM-BFC \u00ab Formation tout long de la vie \u00bb (FTLV) 2021-22 - COMUE Universit\u00e9 Bourgogne-Franche-Comt\u00e9","og_description":"Le levier 5 de RITM-BFC a pour objectif de d\u00e9montrer, \u00e0 un public d\u2019\u00e9tudiants et de salari\u00e9s, l\u2019int\u00e9r\u00eat de se former tout au long de la vie (FTLV) mais \u00e9galement d\u2019acculturer les \u00e9tudiants \u00e0 la FTLV. Dans ce cadre, un appel \u00e0 manifestation d\u2019int\u00e9r\u00eat (AMI) RITM-BFC \u00ab Acculturation et d\u00e9veloppement de la FTLV \u00bb est &hellip; Continued","og_url":"https:\/\/www.ubfc.fr\/excellence\/ritm-bfc\/appel-a-projets-ritm-bfc\/ami-ftlv-2021-22\/","og_site_name":"COMUE Universit\u00e9 Bourgogne-Franche-Comt\u00e9","article_publisher":"https:\/\/www.facebook.com\/UnivBFC\/","article_modified_time":"2025-01-30T13:27:58+00:00","twitter_card":"summary_large_image","twitter_site":"@univ_bfc","twitter_misc":{"Est. reading time":"1 minute"},"schema":{"@context":"https:\/\/schema.org","@graph":[{"@type":"WebPage","@id":"https:\/\/www.ubfc.fr\/excellence\/ritm-bfc\/appel-a-projets-ritm-bfc\/ami-ftlv-2021-22\/","url":"https:\/\/www.ubfc.fr\/excellence\/ritm-bfc\/appel-a-projets-ritm-bfc\/ami-ftlv-2021-22\/","name":"Appel \u00e0 manifestation d'int\u00e9r\u00eat (AMI) RITM-BFC \u00ab Formation tout long de la vie \u00bb (FTLV) 2021-22 - COMUE Universit\u00e9 Bourgogne-Franche-Comt\u00e9","isPartOf":{"@id":"https:\/\/www.ubfc.fr\/#website"},"datePublished":"2021-10-05T15:48:19+00:00","dateModified":"2025-01-30T13:27:58+00:00","breadcrumb":{"@id":"https:\/\/www.ubfc.fr\/excellence\/ritm-bfc\/appel-a-projets-ritm-bfc\/ami-ftlv-2021-22\/#breadcrumb"},"inLanguage":"en-US","potentialAction":[{"@type":"ReadAction","target":["https:\/\/www.ubfc.fr\/excellence\/ritm-bfc\/appel-a-projets-ritm-bfc\/ami-ftlv-2021-22\/"]}]},{"@type":"BreadcrumbList","@id":"https:\/\/www.ubfc.fr\/excellence\/ritm-bfc\/appel-a-projets-ritm-bfc\/ami-ftlv-2021-22\/#breadcrumb","itemListElement":[{"@type":"ListItem","position":1,"name":"Accueil","item":"https:\/\/www.ubfc.fr\/en\/"},{"@type":"ListItem","position":2,"name":"Excellence","item":"https:\/\/www.ubfc.fr\/excellence\/"},{"@type":"ListItem","position":3,"name":"RITM &#8211; BFC","item":"https:\/\/www.ubfc.fr\/excellence\/ritm-bfc\/"},{"@type":"ListItem","position":4,"name":"Appel \u00e0 Projets RITM-BFC","item":"https:\/\/www.ubfc.fr\/excellence\/ritm-bfc\/appel-a-projets-ritm-bfc\/"},{"@type":"ListItem","position":5,"name":"Appel \u00e0 manifestation d&#8217;int\u00e9r\u00eat (AMI) RITM-BFC \u00ab Formation tout long de la vie \u00bb (FTLV) 2021-22"}]},{"@type":"WebSite","@id":"https:\/\/www.ubfc.fr\/#website","url":"https:\/\/www.ubfc.fr\/","name":"COMUE Universit\u00e9 Bourgogne-Franche-Comt\u00e9","description":"","publisher":{"@id":"https:\/\/www.ubfc.fr\/#organization"},"potentialAction":[{"@type":"SearchAction","target":{"@type":"EntryPoint","urlTemplate":"https:\/\/www.ubfc.fr\/?s={search_term_string}"},"query-input":{"@type":"PropertyValueSpecification","valueRequired":true,"valueName":"search_term_string"}}],"inLanguage":"en-US"},{"@type":"Organization","@id":"https:\/\/www.ubfc.fr\/#organization","name":"Universit\u00e9 Bourgogne-Franche-Comt\u00e9","url":"https:\/\/www.ubfc.fr\/","logo":{"@type":"ImageObject","inLanguage":"en-US","@id":"https:\/\/www.ubfc.fr\/#\/schema\/logo\/image\/","url":"https:\/\/www.ubfc.fr\/wp-content\/uploads\/2022\/03\/vagueUBFC_favicon.png","contentUrl":"https:\/\/www.ubfc.fr\/wp-content\/uploads\/2022\/03\/vagueUBFC_favicon.png","width":512,"height":512,"caption":"Universit\u00e9 Bourgogne-Franche-Comt\u00e9"},"image":{"@id":"https:\/\/www.ubfc.fr\/#\/schema\/logo\/image\/"},"sameAs":["https:\/\/www.facebook.com\/UnivBFC\/","https:\/\/x.com\/univ_bfc","https:\/\/www.linkedin.com\/school\/universitebourgognefranchecomte\/mycompany\/"]}]}},"_links":{"self":[{"href":"https:\/\/www.ubfc.fr\/en\/wp-json\/wp\/v2\/pages\/55654","targetHints":{"allow":["GET"]}}],"collection":[{"href":"https:\/\/www.ubfc.fr\/en\/wp-json\/wp\/v2\/pages"}],"about":[{"href":"https:\/\/www.ubfc.fr\/en\/wp-json\/wp\/v2\/types\/page"}],"author":[{"embeddable":true,"href":"https:\/\/www.ubfc.fr\/en\/wp-json\/wp\/v2\/users\/93"}],"replies":[{"embeddable":true,"href":"https:\/\/www.ubfc.fr\/en\/wp-json\/wp\/v2\/comments?post=55654"}],"version-history":[{"count":1,"href":"https:\/\/www.ubfc.fr\/en\/wp-json\/wp\/v2\/pages\/55654\/revisions"}],"predecessor-version":[{"id":74933,"href":"https:\/\/www.ubfc.fr\/en\/wp-json\/wp\/v2\/pages\/55654\/revisions\/74933"}],"up":[{"embeddable":true,"href":"https:\/\/www.ubfc.fr\/en\/wp-json\/wp\/v2\/pages\/32753"}],"wp:attachment":[{"href":"https:\/\/www.ubfc.fr\/en\/wp-json\/wp\/v2\/media?parent=55654"}],"curies":[{"name":"wp","href":"https:\/\/api.w.org\/{rel}","templated":true}]}}