{"id":55633,"date":"2021-10-05T17:30:46","date_gmt":"2021-10-05T15:30:46","guid":{"rendered":"https:\/\/www.ubfc.fr\/?page_id=55633"},"modified":"2026-02-03T17:09:47","modified_gmt":"2026-02-03T16:09:47","slug":"les-appel-a-candidatures-ritm-bfc-residences-de-la-pedagogie","status":"publish","type":"page","link":"https:\/\/www.ubfc.fr\/en\/les-appels-a-candidatures-ritm-bfc-ftlv\/les-appel-a-candidatures-ritm-bfc-residences-de-la-pedagogie\/","title":{"rendered":"Les Appel \u00e0 candidatures RITM-BFC : R\u00e9sidences de la P\u00e9dagogie"},"content":{"rendered":"\t\t<div data-elementor-type=\"wp-page\" data-elementor-id=\"55633\" class=\"elementor elementor-55633\" data-elementor-post-type=\"page\">\n\t\t\t\t\t\t<section class=\"elementor-section elementor-top-section elementor-element elementor-element-882e860 elementor-section-boxed elementor-section-height-default elementor-section-height-default\" data-id=\"882e860\" data-element_type=\"section\" data-e-type=\"section\">\n\t\t\t\t\t\t<div class=\"elementor-container elementor-column-gap-default\">\n\t\t\t\t\t<div class=\"elementor-column elementor-col-100 elementor-top-column elementor-element elementor-element-ff05f69\" data-id=\"ff05f69\" data-element_type=\"column\" data-e-type=\"column\">\n\t\t\t<div class=\"elementor-widget-wrap\">\n\t\t\t\t\t\t\t<\/div>\n\t\t<\/div>\n\t\t\t\t\t<\/div>\n\t\t<\/section>\n\t\t\t\t<section class=\"elementor-section elementor-top-section elementor-element elementor-element-5933237 elementor-section-boxed elementor-section-height-default elementor-section-height-default\" data-id=\"5933237\" data-element_type=\"section\" data-e-type=\"section\">\n\t\t\t\t\t\t<div class=\"elementor-container elementor-column-gap-default\">\n\t\t\t\t\t<div class=\"elementor-column elementor-col-100 elementor-top-column elementor-element elementor-element-aa06c3e\" data-id=\"aa06c3e\" data-element_type=\"column\" data-e-type=\"column\">\n\t\t\t<div class=\"elementor-widget-wrap elementor-element-populated\">\n\t\t\t\t\t\t<div class=\"elementor-element elementor-element-80b2f68 elementor-widget elementor-widget-text-editor\" data-id=\"80b2f68\" data-element_type=\"widget\" data-e-type=\"widget\" data-widget_type=\"text-editor.default\">\n\t\t\t\t<div class=\"elementor-widget-container\">\n\t\t\t\t\t\t\t\t\t<p><a href=\"https:\/\/www.ubfc.fr\/excellence\/ritm-bfc\/appel-a-projets-ritm-bfc\/\"><span style=\"font-size: 18pt; color: #c52d6d;\"><strong>Retrouvez l&#8217;appel \u00e0 candidatures (AAC) &#8220;R\u00e9sidences de la P\u00e9dagogie&#8221; RITM-BFC 2026 ici\u00a0<\/strong><\/span><\/a><\/p><p style=\"text-align: center;\"><a href=\"https:\/\/www.ubfc.fr\/wp-content\/uploads\/2026\/02\/LAUREATS-RESIDENCES-RITM-BFC-2019-2025.pdf\"><span style=\"color: #32acc4;\"><span style=\"font-size: 14pt;\"><strong>Consultez la liste des R\u00e9sidences de la P\u00e9dagogie soutenues par RITM-BFC depuis 2019<\/strong><\/span><\/span><\/a><\/p>\t\t\t\t\t\t\t\t<\/div>\n\t\t\t\t<\/div>\n\t\t\t\t<div class=\"elementor-element elementor-element-677b03a elementor-widget elementor-widget-text-editor\" data-id=\"677b03a\" data-element_type=\"widget\" data-e-type=\"widget\" data-widget_type=\"text-editor.default\">\n\t\t\t\t<div class=\"elementor-widget-container\">\n\t\t\t\t\t\t\t\t\t<p style=\"text-align: justify;\"><strong><span style=\"color: #000000;\">RITM-BFC propose aux ensei<\/span>gnants individuellement ou en \u00e9quipes \u00ab un espace d\u2019exp\u00e9rimentation \u00bb pour imaginer, concevoir, tester et mettre en oeuvre tout projet li\u00e9 \u00e0 la formation et\/ou \u00e0 l\u2019innovation en p\u00e9dagogie, les R\u00e9sidences de la P\u00e9dagogie.<\/strong><\/p><p style=\"text-align: justify;\"><strong>L\u2019appel \u00e0 candidatures (AAC) \u00ab\u00a0R\u00e9sidences de la P\u00e9dagogie\u00a0\u00bb<\/strong> &#8211; <strong>qui <\/strong><strong>permet aux enseignants <\/strong><strong>\u00a0 de valoriser le temps d\u00e9di\u00e9 au projet <\/strong>(d\u00e9charges de service, heures compl\u00e9mentaires, etc. ) &#8211; s\u2019inscrit dans le levier 4 au niveau du plan d\u2019action \u00ab\u00a0L\u2019enseignant engag\u00e9\u00a0\u00bb.<\/p><p style=\"text-align: justify;\">Le d\u00e9fi \u00e0 relever consiste \u00e0 faire \u00e9voluer, de mani\u00e8re durable, la posture de l\u2019enseignant du sup\u00e9rieur au service d\u2019une pratique r\u00e9flexive vis-\u00e0-vis de sa p\u00e9dagogie et <em>in fine<\/em> de former \u00e0 la p\u00e9dagogie 100% des enseignants et enseignants-chercheurs d\u2019UBFC. Cela passe notamment par <strong>le d\u00e9veloppement d\u2019une culture de l\u2019am\u00e9lioration continue des formations, de la transformation p\u00e9dagogique et une pratique de la formation initiale et permanente en p\u00e9dagogie<\/strong> (questions de p\u00e9dagogie, d\u2019alignement p\u00e9dagogique, de comp\u00e9tences, de connaissance du public ou d\u2019environnement socio-\u00e9conomique).<\/p><p><span style=\"font-size: 18pt; color: #cc2e6d;\"><strong>Les R\u00e9sidences de la P\u00e9dagogie <\/strong><\/span><\/p><p style=\"text-align: justify;\">En compl\u00e9ment des CPP (Cong\u00e9s pour Projets P\u00e9dagogiques) et selon des modalit\u00e9s plus diverses, ces R\u00e9sidences de la P\u00e9dagogie donnent, pour la formation et l\u2019innovation p\u00e9dagogique, le temps et les moyens d\u2019initier un projet, de le d\u00e9velopper, de le diffuser, via <strong>une d\u00e9charge\/d\u00e9l\u00e9gation de services ou heures compl\u00e9mentaires<span style=\"color: #cc2e6d;\">*<\/span> accord\u00e9e sur une p\u00e9riode de quelques jours \u00e0 une, voire deux ann\u00e9e(s) universitaire(s)<\/strong>.<\/p><p style=\"text-align: right;\"><em><span style=\"font-size: 10pt;\"><strong><span style=\"color: #cc2e6d;\">*<\/span> <\/strong>selon les proc\u00e9dures internes propres \u00e0 chaque \u00e9tablissement<\/span><\/em><\/p><p style=\"text-align: justify;\">Ces \u00ab R\u00e9sidences de la P\u00e9dagogie \u00bb repr\u00e9sentent un premier r\u00e9seau d\u2019experts enseignants impliqu\u00e9s dans la diss\u00e9mination des pratiques, l\u2019accompagnement et la formation de leurs coll\u00e8gues, en appui de l\u2019Acc\u00e9l\u00e9rateur de la Transformation P\u00e9dagogique (ATP-BFC) et des structures existantes de recherche, d\u2019\u00e9valuation et d\u2019ing\u00e9nierie de soutien. Les premi\u00e8res R\u00e9sidences ont vu le jour en septembre 2019.<\/p><p style=\"text-align: justify;\"><strong>Peuvent d\u00e9poser un dossier de candidature \u00ab\u00a0R\u00e9sidence de la P\u00e9dagogie\u00a0\u00bb :<\/strong> les enseignants et enseignants-chercheurs, toutes disciplines confondues, des \u00e9tablissements partenaires de RITM-BFC.<\/p><p style=\"text-align: justify;\">Les projets peuvent relever de la recherche-action en p\u00e9dagogie ; de la mise en place d\u2019une p\u00e9dagogie innovante ; de la mise en place de dispositifs impactants, de production de ressources, de modules d\u2019auto-formation \u00e0 destination des enseignants, etc., ou de toute innovation qui prend valeur de transformation pour l\u2019avenir de la p\u00e9dagogie, <strong>tout particuli\u00e8rement, mais sans exclusivit\u00e9, au niveau de la formation en<\/strong> <strong>1<sup>er<\/sup> cycle.<\/strong><\/p>\t\t\t\t\t\t\t\t<\/div>\n\t\t\t\t<\/div>\n\t\t\t\t\t<\/div>\n\t\t<\/div>\n\t\t\t\t\t<\/div>\n\t\t<\/section>\n\t\t\t\t<section class=\"elementor-section elementor-top-section elementor-element elementor-element-577eeeb elementor-section-boxed elementor-section-height-default elementor-section-height-default\" data-id=\"577eeeb\" data-element_type=\"section\" data-e-type=\"section\">\n\t\t\t\t\t\t<div class=\"elementor-container elementor-column-gap-default\">\n\t\t\t\t\t<div class=\"elementor-column elementor-col-100 elementor-top-column elementor-element elementor-element-781c938\" data-id=\"781c938\" data-element_type=\"column\" data-e-type=\"column\">\n\t\t\t<div class=\"elementor-widget-wrap elementor-element-populated\">\n\t\t\t\t\t\t<div class=\"elementor-element elementor-element-79e1b79 elementor-widget elementor-widget-text-editor\" data-id=\"79e1b79\" data-element_type=\"widget\" data-e-type=\"widget\" data-widget_type=\"text-editor.default\">\n\t\t\t\t<div class=\"elementor-widget-container\">\n\t\t\t\t\t\t\t\t\t<p><span style=\"font-size: 14pt;\"><strong><span style=\"color: #32acc4;\">Soutien de RITM-BFC<\/span> <\/strong><\/span><\/p><p>Le soutien apport\u00e9 par RITM-BFC permet de financer :<\/p><ul><li>des heures (d\u00e9charges, heures compl\u00e9mentaires)<\/li><li>des frais (missions, formation, prestations externes, mat\u00e9riel, etc.)<\/li><\/ul>\t\t\t\t\t\t\t\t<\/div>\n\t\t\t\t<\/div>\n\t\t\t\t\t<\/div>\n\t\t<\/div>\n\t\t\t\t\t<\/div>\n\t\t<\/section>\n\t\t\t\t<\/div>\n\t\t","protected":false},"excerpt":{"rendered":"<p>Retrouvez l&#8217;appel \u00e0 candidatures (AAC) &#8220;R\u00e9sidences de la P\u00e9dagogie&#8221; RITM-BFC 2026 ici\u00a0 Consultez la liste des R\u00e9sidences de la P\u00e9dagogie soutenues par RITM-BFC depuis 2019 RITM-BFC propose aux enseignants individuellement ou en \u00e9quipes \u00ab un espace d\u2019exp\u00e9rimentation \u00bb pour imaginer, concevoir, tester et mettre en oeuvre tout projet li\u00e9 \u00e0 la formation et\/ou \u00e0 l\u2019innovation &hellip; <a href=\"https:\/\/www.ubfc.fr\/en\/les-appels-a-candidatures-ritm-bfc-ftlv\/les-appel-a-candidatures-ritm-bfc-residences-de-la-pedagogie\/\">Continued<\/a><\/p>\n","protected":false},"author":93,"featured_media":0,"parent":33537,"menu_order":28,"comment_status":"closed","ping_status":"closed","template":"","meta":{"_acf_changed":false,"footnotes":""},"class_list":["post-55633","page","type-page","status-publish","hentry"],"acf":[],"yoast_head":"<!-- This site is optimized with the Yoast SEO plugin v27.3 - https:\/\/yoast.com\/product\/yoast-seo-wordpress\/ -->\n<title>Les Appel \u00e0 candidatures RITM-BFC : R\u00e9sidences de la P\u00e9dagogie - COMUE Universit\u00e9 Bourgogne-Franche-Comt\u00e9<\/title>\n<meta name=\"robots\" content=\"index, follow, max-snippet:-1, max-image-preview:large, max-video-preview:-1\" \/>\n<link rel=\"canonical\" href=\"https:\/\/www.ubfc.fr\/les-appels-a-candidatures-ritm-bfc-ftlv\/les-appel-a-candidatures-ritm-bfc-residences-de-la-pedagogie\/\" \/>\n<meta property=\"og:locale\" content=\"en_US\" \/>\n<meta property=\"og:type\" content=\"article\" \/>\n<meta property=\"og:title\" content=\"Les Appel \u00e0 candidatures RITM-BFC : R\u00e9sidences de la P\u00e9dagogie - COMUE Universit\u00e9 Bourgogne-Franche-Comt\u00e9\" \/>\n<meta property=\"og:description\" content=\"Retrouvez l&#8217;appel \u00e0 candidatures (AAC) &#8220;R\u00e9sidences de la P\u00e9dagogie&#8221; RITM-BFC 2026 ici\u00a0 Consultez la liste des R\u00e9sidences de la P\u00e9dagogie soutenues par RITM-BFC depuis 2019 RITM-BFC propose aux enseignants individuellement ou en \u00e9quipes \u00ab un espace d\u2019exp\u00e9rimentation \u00bb pour imaginer, concevoir, tester et mettre en oeuvre tout projet li\u00e9 \u00e0 la formation et\/ou \u00e0 l\u2019innovation &hellip; Continued\" \/>\n<meta property=\"og:url\" content=\"https:\/\/www.ubfc.fr\/les-appels-a-candidatures-ritm-bfc-ftlv\/les-appel-a-candidatures-ritm-bfc-residences-de-la-pedagogie\/\" \/>\n<meta property=\"og:site_name\" content=\"COMUE Universit\u00e9 Bourgogne-Franche-Comt\u00e9\" \/>\n<meta property=\"article:publisher\" content=\"https:\/\/www.facebook.com\/UnivBFC\/\" \/>\n<meta property=\"article:modified_time\" content=\"2026-02-03T16:09:47+00:00\" \/>\n<meta property=\"og:image\" content=\"https:\/\/www.ubfc.fr\/wp-content\/uploads\/2023\/06\/AAP-RITM-V2.jpg\" \/>\n\t<meta property=\"og:image:width\" content=\"1024\" \/>\n\t<meta property=\"og:image:height\" content=\"512\" \/>\n\t<meta property=\"og:image:type\" content=\"image\/jpeg\" \/>\n<meta name=\"twitter:card\" content=\"summary_large_image\" \/>\n<meta name=\"twitter:image\" content=\"https:\/\/www.ubfc.fr\/wp-content\/uploads\/2023\/06\/AAP-RITM-V2.jpg\" \/>\n<meta name=\"twitter:site\" content=\"@univ_bfc\" \/>\n<meta name=\"twitter:label1\" content=\"Est. reading time\" \/>\n\t<meta name=\"twitter:data1\" content=\"1 minute\" \/>\n<script type=\"application\/ld+json\" class=\"yoast-schema-graph\">{\"@context\":\"https:\\\/\\\/schema.org\",\"@graph\":[{\"@type\":\"WebPage\",\"@id\":\"https:\\\/\\\/www.ubfc.fr\\\/les-appels-a-candidatures-ritm-bfc-ftlv\\\/les-appel-a-candidatures-ritm-bfc-residences-de-la-pedagogie\\\/\",\"url\":\"https:\\\/\\\/www.ubfc.fr\\\/les-appels-a-candidatures-ritm-bfc-ftlv\\\/les-appel-a-candidatures-ritm-bfc-residences-de-la-pedagogie\\\/\",\"name\":\"Les Appel \u00e0 candidatures RITM-BFC : R\u00e9sidences de la P\u00e9dagogie - COMUE Universit\u00e9 Bourgogne-Franche-Comt\u00e9\",\"isPartOf\":{\"@id\":\"https:\\\/\\\/www.ubfc.fr\\\/#website\"},\"datePublished\":\"2021-10-05T15:30:46+00:00\",\"dateModified\":\"2026-02-03T16:09:47+00:00\",\"breadcrumb\":{\"@id\":\"https:\\\/\\\/www.ubfc.fr\\\/les-appels-a-candidatures-ritm-bfc-ftlv\\\/les-appel-a-candidatures-ritm-bfc-residences-de-la-pedagogie\\\/#breadcrumb\"},\"inLanguage\":\"en-US\",\"potentialAction\":[{\"@type\":\"ReadAction\",\"target\":[\"https:\\\/\\\/www.ubfc.fr\\\/les-appels-a-candidatures-ritm-bfc-ftlv\\\/les-appel-a-candidatures-ritm-bfc-residences-de-la-pedagogie\\\/\"]}]},{\"@type\":\"BreadcrumbList\",\"@id\":\"https:\\\/\\\/www.ubfc.fr\\\/les-appels-a-candidatures-ritm-bfc-ftlv\\\/les-appel-a-candidatures-ritm-bfc-residences-de-la-pedagogie\\\/#breadcrumb\",\"itemListElement\":[{\"@type\":\"ListItem\",\"position\":1,\"name\":\"Accueil\",\"item\":\"https:\\\/\\\/www.ubfc.fr\\\/en\\\/\"},{\"@type\":\"ListItem\",\"position\":2,\"name\":\"Les appels \u00e0 candidatures RITM-BFC : Immersion FTLV (Formation Tout au Long de la Vie)\",\"item\":\"https:\\\/\\\/www.ubfc.fr\\\/les-appels-a-candidatures-ritm-bfc-ftlv\\\/\"},{\"@type\":\"ListItem\",\"position\":3,\"name\":\"Les Appel \u00e0 candidatures RITM-BFC : R\u00e9sidences de la P\u00e9dagogie\"}]},{\"@type\":\"WebSite\",\"@id\":\"https:\\\/\\\/www.ubfc.fr\\\/#website\",\"url\":\"https:\\\/\\\/www.ubfc.fr\\\/\",\"name\":\"COMUE Universit\u00e9 Bourgogne-Franche-Comt\u00e9\",\"description\":\"\",\"publisher\":{\"@id\":\"https:\\\/\\\/www.ubfc.fr\\\/#organization\"},\"potentialAction\":[{\"@type\":\"SearchAction\",\"target\":{\"@type\":\"EntryPoint\",\"urlTemplate\":\"https:\\\/\\\/www.ubfc.fr\\\/?s={search_term_string}\"},\"query-input\":{\"@type\":\"PropertyValueSpecification\",\"valueRequired\":true,\"valueName\":\"search_term_string\"}}],\"inLanguage\":\"en-US\"},{\"@type\":\"Organization\",\"@id\":\"https:\\\/\\\/www.ubfc.fr\\\/#organization\",\"name\":\"Universit\u00e9 Bourgogne-Franche-Comt\u00e9\",\"url\":\"https:\\\/\\\/www.ubfc.fr\\\/\",\"logo\":{\"@type\":\"ImageObject\",\"inLanguage\":\"en-US\",\"@id\":\"https:\\\/\\\/www.ubfc.fr\\\/#\\\/schema\\\/logo\\\/image\\\/\",\"url\":\"https:\\\/\\\/www.ubfc.fr\\\/wp-content\\\/uploads\\\/2022\\\/03\\\/vagueUBFC_favicon.png\",\"contentUrl\":\"https:\\\/\\\/www.ubfc.fr\\\/wp-content\\\/uploads\\\/2022\\\/03\\\/vagueUBFC_favicon.png\",\"width\":512,\"height\":512,\"caption\":\"Universit\u00e9 Bourgogne-Franche-Comt\u00e9\"},\"image\":{\"@id\":\"https:\\\/\\\/www.ubfc.fr\\\/#\\\/schema\\\/logo\\\/image\\\/\"},\"sameAs\":[\"https:\\\/\\\/www.facebook.com\\\/UnivBFC\\\/\",\"https:\\\/\\\/x.com\\\/univ_bfc\",\"https:\\\/\\\/www.linkedin.com\\\/school\\\/universitebourgognefranchecomte\\\/mycompany\\\/\"]}]}<\/script>\n<!-- \/ Yoast SEO plugin. -->","yoast_head_json":{"title":"Les Appel \u00e0 candidatures RITM-BFC : R\u00e9sidences de la P\u00e9dagogie - COMUE Universit\u00e9 Bourgogne-Franche-Comt\u00e9","robots":{"index":"index","follow":"follow","max-snippet":"max-snippet:-1","max-image-preview":"max-image-preview:large","max-video-preview":"max-video-preview:-1"},"canonical":"https:\/\/www.ubfc.fr\/les-appels-a-candidatures-ritm-bfc-ftlv\/les-appel-a-candidatures-ritm-bfc-residences-de-la-pedagogie\/","og_locale":"en_US","og_type":"article","og_title":"Les Appel \u00e0 candidatures RITM-BFC : R\u00e9sidences de la P\u00e9dagogie - COMUE Universit\u00e9 Bourgogne-Franche-Comt\u00e9","og_description":"Retrouvez l&#8217;appel \u00e0 candidatures (AAC) &#8220;R\u00e9sidences de la P\u00e9dagogie&#8221; RITM-BFC 2026 ici\u00a0 Consultez la liste des R\u00e9sidences de la P\u00e9dagogie soutenues par RITM-BFC depuis 2019 RITM-BFC propose aux enseignants individuellement ou en \u00e9quipes \u00ab un espace d\u2019exp\u00e9rimentation \u00bb pour imaginer, concevoir, tester et mettre en oeuvre tout projet li\u00e9 \u00e0 la formation et\/ou \u00e0 l\u2019innovation &hellip; Continued","og_url":"https:\/\/www.ubfc.fr\/les-appels-a-candidatures-ritm-bfc-ftlv\/les-appel-a-candidatures-ritm-bfc-residences-de-la-pedagogie\/","og_site_name":"COMUE Universit\u00e9 Bourgogne-Franche-Comt\u00e9","article_publisher":"https:\/\/www.facebook.com\/UnivBFC\/","article_modified_time":"2026-02-03T16:09:47+00:00","og_image":[{"width":1024,"height":512,"url":"https:\/\/www.ubfc.fr\/wp-content\/uploads\/2023\/06\/AAP-RITM-V2.jpg","type":"image\/jpeg"}],"twitter_card":"summary_large_image","twitter_image":"https:\/\/www.ubfc.fr\/wp-content\/uploads\/2023\/06\/AAP-RITM-V2.jpg","twitter_site":"@univ_bfc","twitter_misc":{"Est. reading time":"1 minute"},"schema":{"@context":"https:\/\/schema.org","@graph":[{"@type":"WebPage","@id":"https:\/\/www.ubfc.fr\/les-appels-a-candidatures-ritm-bfc-ftlv\/les-appel-a-candidatures-ritm-bfc-residences-de-la-pedagogie\/","url":"https:\/\/www.ubfc.fr\/les-appels-a-candidatures-ritm-bfc-ftlv\/les-appel-a-candidatures-ritm-bfc-residences-de-la-pedagogie\/","name":"Les Appel \u00e0 candidatures RITM-BFC : R\u00e9sidences de la P\u00e9dagogie - COMUE Universit\u00e9 Bourgogne-Franche-Comt\u00e9","isPartOf":{"@id":"https:\/\/www.ubfc.fr\/#website"},"datePublished":"2021-10-05T15:30:46+00:00","dateModified":"2026-02-03T16:09:47+00:00","breadcrumb":{"@id":"https:\/\/www.ubfc.fr\/les-appels-a-candidatures-ritm-bfc-ftlv\/les-appel-a-candidatures-ritm-bfc-residences-de-la-pedagogie\/#breadcrumb"},"inLanguage":"en-US","potentialAction":[{"@type":"ReadAction","target":["https:\/\/www.ubfc.fr\/les-appels-a-candidatures-ritm-bfc-ftlv\/les-appel-a-candidatures-ritm-bfc-residences-de-la-pedagogie\/"]}]},{"@type":"BreadcrumbList","@id":"https:\/\/www.ubfc.fr\/les-appels-a-candidatures-ritm-bfc-ftlv\/les-appel-a-candidatures-ritm-bfc-residences-de-la-pedagogie\/#breadcrumb","itemListElement":[{"@type":"ListItem","position":1,"name":"Accueil","item":"https:\/\/www.ubfc.fr\/en\/"},{"@type":"ListItem","position":2,"name":"Les appels \u00e0 candidatures RITM-BFC : Immersion FTLV (Formation Tout au Long de la Vie)","item":"https:\/\/www.ubfc.fr\/les-appels-a-candidatures-ritm-bfc-ftlv\/"},{"@type":"ListItem","position":3,"name":"Les Appel \u00e0 candidatures RITM-BFC : R\u00e9sidences de la P\u00e9dagogie"}]},{"@type":"WebSite","@id":"https:\/\/www.ubfc.fr\/#website","url":"https:\/\/www.ubfc.fr\/","name":"COMUE Universit\u00e9 Bourgogne-Franche-Comt\u00e9","description":"","publisher":{"@id":"https:\/\/www.ubfc.fr\/#organization"},"potentialAction":[{"@type":"SearchAction","target":{"@type":"EntryPoint","urlTemplate":"https:\/\/www.ubfc.fr\/?s={search_term_string}"},"query-input":{"@type":"PropertyValueSpecification","valueRequired":true,"valueName":"search_term_string"}}],"inLanguage":"en-US"},{"@type":"Organization","@id":"https:\/\/www.ubfc.fr\/#organization","name":"Universit\u00e9 Bourgogne-Franche-Comt\u00e9","url":"https:\/\/www.ubfc.fr\/","logo":{"@type":"ImageObject","inLanguage":"en-US","@id":"https:\/\/www.ubfc.fr\/#\/schema\/logo\/image\/","url":"https:\/\/www.ubfc.fr\/wp-content\/uploads\/2022\/03\/vagueUBFC_favicon.png","contentUrl":"https:\/\/www.ubfc.fr\/wp-content\/uploads\/2022\/03\/vagueUBFC_favicon.png","width":512,"height":512,"caption":"Universit\u00e9 Bourgogne-Franche-Comt\u00e9"},"image":{"@id":"https:\/\/www.ubfc.fr\/#\/schema\/logo\/image\/"},"sameAs":["https:\/\/www.facebook.com\/UnivBFC\/","https:\/\/x.com\/univ_bfc","https:\/\/www.linkedin.com\/school\/universitebourgognefranchecomte\/mycompany\/"]}]}},"_links":{"self":[{"href":"https:\/\/www.ubfc.fr\/en\/wp-json\/wp\/v2\/pages\/55633","targetHints":{"allow":["GET"]}}],"collection":[{"href":"https:\/\/www.ubfc.fr\/en\/wp-json\/wp\/v2\/pages"}],"about":[{"href":"https:\/\/www.ubfc.fr\/en\/wp-json\/wp\/v2\/types\/page"}],"author":[{"embeddable":true,"href":"https:\/\/www.ubfc.fr\/en\/wp-json\/wp\/v2\/users\/93"}],"replies":[{"embeddable":true,"href":"https:\/\/www.ubfc.fr\/en\/wp-json\/wp\/v2\/comments?post=55633"}],"version-history":[{"count":5,"href":"https:\/\/www.ubfc.fr\/en\/wp-json\/wp\/v2\/pages\/55633\/revisions"}],"predecessor-version":[{"id":76436,"href":"https:\/\/www.ubfc.fr\/en\/wp-json\/wp\/v2\/pages\/55633\/revisions\/76436"}],"up":[{"embeddable":true,"href":"https:\/\/www.ubfc.fr\/en\/wp-json\/wp\/v2\/pages\/33537"}],"wp:attachment":[{"href":"https:\/\/www.ubfc.fr\/en\/wp-json\/wp\/v2\/media?parent=55633"}],"curies":[{"name":"wp","href":"https:\/\/api.w.org\/{rel}","templated":true}]}}