{"id":54129,"date":"2021-06-02T15:27:25","date_gmt":"2021-06-02T13:27:25","guid":{"rendered":"https:\/\/www.ubfc.fr\/?page_id=54129"},"modified":"2021-06-02T15:33:19","modified_gmt":"2021-06-02T13:33:19","slug":"pierre-emmanuel-doulain-megasucces-pour-nanoparticules","status":"publish","type":"page","link":"https:\/\/www.ubfc.fr\/en\/recherche\/portraits-de-chercheurs\/pierre-emmanuel-doulain-megasucces-pour-nanoparticules\/","title":{"rendered":"Pierre-Emmanuel Doulain &#8211; M\u00e9gasucc\u00e8s pour nanoparticules"},"content":{"rendered":"\t\t<div data-elementor-type=\"wp-page\" data-elementor-id=\"54129\" class=\"elementor elementor-54129\" data-elementor-post-type=\"page\">\n\t\t\t\t\t\t<section class=\"elementor-section elementor-top-section elementor-element elementor-element-5c3b563 elementor-section-boxed elementor-section-height-default elementor-section-height-default\" data-id=\"5c3b563\" data-element_type=\"section\" data-e-type=\"section\">\n\t\t\t\t\t\t<div class=\"elementor-container elementor-column-gap-default\">\n\t\t\t\t\t<div class=\"elementor-column elementor-col-50 elementor-top-column elementor-element elementor-element-ed4c733\" data-id=\"ed4c733\" data-element_type=\"column\" data-e-type=\"column\">\n\t\t\t<div class=\"elementor-widget-wrap elementor-element-populated\">\n\t\t\t\t\t\t<div class=\"elementor-element elementor-element-1d71f33 elementor-widget elementor-widget-image\" data-id=\"1d71f33\" data-element_type=\"widget\" data-e-type=\"widget\" data-widget_type=\"image.default\">\n\t\t\t\t<div class=\"elementor-widget-container\">\n\t\t\t\t\t\t\t\t\t\t\t\t<figure class=\"wp-caption\">\n\t\t\t\t\t\t\t\t\t\t<img fetchpriority=\"high\" decoding=\"async\" width=\"1024\" height=\"768\" src=\"https:\/\/www.ubfc.fr\/wp-content\/uploads\/2021\/06\/IMG_7387-web-1024x768.jpg\" class=\"attachment-large size-large wp-image-54131\" alt=\"\" srcset=\"https:\/\/www.ubfc.fr\/wp-content\/uploads\/2021\/06\/IMG_7387-web-1024x768.jpg 1024w, https:\/\/www.ubfc.fr\/wp-content\/uploads\/2021\/06\/IMG_7387-web-300x225.jpg 300w, https:\/\/www.ubfc.fr\/wp-content\/uploads\/2021\/06\/IMG_7387-web-768x576.jpg 768w, https:\/\/www.ubfc.fr\/wp-content\/uploads\/2021\/06\/IMG_7387-web-1536x1152.jpg 1536w, https:\/\/www.ubfc.fr\/wp-content\/uploads\/2021\/06\/IMG_7387-web-2048x1536.jpg 2048w\" sizes=\"(max-width: 1024px) 100vw, 1024px\" \/>\t\t\t\t\t\t\t\t\t\t\t<figcaption class=\"widget-image-caption wp-caption-text\">Pierre-Emmanuel Doulain \/ \u00a9 Patrice Bouillot - La Plume &amp; le Micro<\/figcaption>\n\t\t\t\t\t\t\t\t\t\t<\/figure>\n\t\t\t\t\t\t\t\t\t<\/div>\n\t\t\t\t<\/div>\n\t\t\t\t\t<\/div>\n\t\t<\/div>\n\t\t\t\t<div class=\"elementor-column elementor-col-50 elementor-top-column elementor-element elementor-element-ada3989\" data-id=\"ada3989\" data-element_type=\"column\" data-e-type=\"column\">\n\t\t\t<div class=\"elementor-widget-wrap elementor-element-populated\">\n\t\t\t\t\t\t<div class=\"elementor-element elementor-element-de8863c elementor-widget elementor-widget-text-editor\" data-id=\"de8863c\" data-element_type=\"widget\" data-e-type=\"widget\" data-widget_type=\"text-editor.default\">\n\t\t\t\t<div class=\"elementor-widget-container\">\n\t\t\t\t\t\t\t\t\t<h5><strong>Pierre-Emmanuel Doulain, docteur en chimie, est le cofondateur de SON, start-up n\u00e9e dans le giron de l\u2019universit\u00e9 de Bourgogne et sp\u00e9cialis\u00e9e dans les nanoparticules. Projet qui lui a valu d\u2019\u00eatre laur\u00e9at i-PhD, reconnaissance accord\u00e9e par la Banque publique d\u2019investissement (BPI) et le minist\u00e8re de l\u2019Enseignement sup\u00e9rieur, de la Recherche et de l\u2019Innovation (Mesri).<\/strong><\/h5>\t\t\t\t\t\t\t\t<\/div>\n\t\t\t\t<\/div>\n\t\t\t\t\t<\/div>\n\t\t<\/div>\n\t\t\t\t\t<\/div>\n\t\t<\/section>\n\t\t\t\t<section class=\"elementor-section elementor-top-section elementor-element elementor-element-57dcd79 elementor-section-boxed elementor-section-height-default elementor-section-height-default\" data-id=\"57dcd79\" data-element_type=\"section\" data-e-type=\"section\">\n\t\t\t\t\t\t<div class=\"elementor-container elementor-column-gap-default\">\n\t\t\t\t\t<div class=\"elementor-column elementor-col-100 elementor-top-column elementor-element elementor-element-5c6e513\" data-id=\"5c6e513\" data-element_type=\"column\" data-e-type=\"column\">\n\t\t\t<div class=\"elementor-widget-wrap elementor-element-populated\">\n\t\t\t\t\t\t<div class=\"elementor-element elementor-element-75e1524 elementor-widget elementor-widget-text-editor\" data-id=\"75e1524\" data-element_type=\"widget\" data-e-type=\"widget\" data-widget_type=\"text-editor.default\">\n\t\t\t\t<div class=\"elementor-widget-container\">\n\t\t\t\t\t\t\t\t\t<p>SON comme Synthesis Of Nanohybrids. Derri\u00e8re cet acronyme se cachent, une start-up n\u00e9e au sein de l\u2019universit\u00e9 de Bourgogne (uB), membre d\u2019Universit\u00e9 Bourgogne Franche-Comt\u00e9 (UBFC), et ses trois fondateurs, J\u00e9r\u00e9my Paris, Richard Decr\u00e9au et Pierre-Emmanuel Doulain. Ce dernier, directeur de la technologie (CTO) de cette toute jeune soci\u00e9t\u00e9 officiellement cr\u00e9\u00e9e en novembre 2020, n\u2019a que 35 ans. Dijonnais d\u2019origine, il m\u00e8ne d\u2019abord ses \u00e9tudes \u00e0 l\u2019IUT de Poitiers puis \u00e0 l\u2019universit\u00e9 et \u00e0 l\u2019\u00e9cole de chimie de Montpellier. Il revient dans sa ville natale en 2012, pour y faire son doctorat, au sein de l\u2019Institut de chimie mol\u00e9culaire de l\u2019universit\u00e9 de Bourgogne (ICMUB), unit\u00e9 mixte de recherche plac\u00e9e du Centre national de la recherche scientifique (CNRS) et sous la tutelle d\u2019UBFC via l\u2019universit\u00e9 de Bourgogne (uB), sous la direction d\u2019un certain\u2026 Richard Decr\u00e9au. Ce qui le ram\u00e8ne \u00e0 Dijon, c\u2019est le \u00ab\u00a0doctorat JCE\u00a0\u00bb\u00a0: un dispositif unique en France mis en \u0153uvre \u00e0 l\u2019\u00e9poque par le conseil r\u00e9gional de Bourgogne pour former de \u00ab\u00a0jeunes chercheurs entrepreneurs\u00a0\u00bb \u2013 actuellement, UBFC porte un dispositif \u00e9quivalent baptis\u00e9 \u00ab\u00a0Itin\u00e9raire chercheur entrepreneur\u00a0\u00bb (ICE), financ\u00e9 \u00e9galement par la r\u00e9gion. Tandis que Pierre-Emmanuel Doulain planche sur le d\u00e9veloppement de nouvelles mol\u00e9cules pour une application en imagerie m\u00e9dicale, il suit avec succ\u00e8s un master 2 d\u2019administration des entreprises \u00e0 l\u2019IAE Dijon. S\u2019il s\u2019est toujours senti attir\u00e9 par la chimie car elle \u00ab\u00a0<em>permet de comprendre notre environnement et offre la possibilit\u00e9 fantastique de cr\u00e9er de nouveaux mat\u00e9riaux<\/em>\u00a0\u00bb, le jeune universitaire est \u00e9galement format\u00e9 pour devenir chef d\u2019entreprise. Un double profil pr\u00e9cieux pour les ann\u00e9es suivantes.<\/p><p>Car en 2015, sa th\u00e8se en poche, Pierre-Emmanuel Doulain rejoint J\u00e9r\u00e9my Paris, lui aussi \u00ab\u00a0docteur JCE\u00a0\u00bb, derri\u00e8re les paillasses de la facult\u00e9 des sciences Mirande, avec le projet de \u00ab\u00a0<em>cr\u00e9er une soci\u00e9t\u00e9 sp\u00e9cialis\u00e9e dans les nanoparticules<\/em>\u00a0\u00bb. Un projet prometteur. Les deux hommes sont rep\u00e9r\u00e9s par la soci\u00e9t\u00e9 d\u2019acc\u00e9l\u00e9ration du transfert de technologies (SATT) SAYENS, qui les accompagne dans sa maturation technologique. Ils entrent, un an plus tard, dans l\u2019incubateur DECA-BFC. Les ann\u00e9es de recherche sont fructueuses\u00a0: en 2021, SON va lancer la commercialisation de ses premiers produits. Des contacts sont d\u2019ores et d\u00e9j\u00e0 nou\u00e9s avec une quarantaine de prospects significatifs. L\u2019\u00e9quipe de SON a notamment particip\u00e9, en octobre 2020, aux Rendez-vous Carnot, op\u00e9ration de mise en contact des entreprises et de l\u2019univers de la recherche et d\u00e9veloppement organis\u00e9e par les Instituts Carnot.<\/p><p>\u00ab\u00a0<em>Nous sommes sp\u00e9cialis\u00e9s dans le d\u00e9veloppement et la production de nanoparticules pour des applications dans le m\u00e9dical, que ce soit pour la th\u00e9rapie ou l\u2019imagerie, mais aussi dans les domaines de la catalyse et de la d\u00e9pollution<\/em>\u00a0\u00bb, r\u00e9sume le CTO, en montrant un petit flacon renfermant un liquide sombre. Celui-ci contient la premi\u00e8re des innovations mises au point par la jeune entreprise dijonnaise\u00a0: des nano-catalyseurs. En l\u2019occurrence des catalyseurs de r\u00e9actions chimiques \u00e9labor\u00e9s \u00e0 partir de nanoparticules d\u2019oxyde de fer qui ont la particularit\u00e9, une fois qu\u2019ils ont fait leur \u0153uvre, de pouvoir \u00eatre r\u00e9cup\u00e9r\u00e9s sans difficult\u00e9 gr\u00e2ce \u00e0 un simple aimant. \u00ab\u00a0<em>Cette propri\u00e9t\u00e9 qui fait que les particules d\u2019oxyde de fer deviennent magn\u00e9tiques \u00e0 l\u2019\u00e9chelle nano est particuli\u00e8rement appr\u00e9ciable dans l\u2019industrie m\u00e9dicale, o\u00f9 la fabrication de principes actifs repr\u00e9sente une grosse valeur ajout\u00e9e et o\u00f9 la r\u00e9glementation impose de retirer le catalyseur apr\u00e8s la r\u00e9action.<\/em>\u00a0\u00bb L\u2019industrie pharma est donc le premier march\u00e9 de SON, qui a d\u2019ailleurs \u00e9labor\u00e9 son mod\u00e8le \u00e9conomique avec deux industriels fran\u00e7ais du secteur. Les nanocatalyseurs de la start-up dijonnaise sont susceptibles d\u2019int\u00e9resser au premier chef les laboratoires qui mettent au point de nouvelles mol\u00e9cules, dont la recette de fabrication n\u2019est pas encore fig\u00e9e par une autorisation de mise sur le march\u00e9 (AMM), ou qui produisent des mol\u00e9cules g\u00e9n\u00e9riques. \u00c0 terme, SON sera en mesure de fournir aux industriels des quantit\u00e9s importantes de nanoparticules (jusqu\u2019\u00e0 1 kilo).<\/p><p>En attendant, SON a d\u00e9croch\u00e9 le grand prix 2019 du concours i-PhD, organis\u00e9, dans le cadre du plan Deeptech, par la Banque publique d\u2019investissement (BPI France) et le minist\u00e8re de l\u2019Enseignement sup\u00e9rieur, de la Recherche et de l\u2019Innovation (MESRI). Ce concours, pour lequel UBFC mobilise les porteurs de projet de ses campus, r\u00e9compense des jeunes chercheur.euse.s ou docteur.e.s qui cr\u00e9ent leur start-up pour valoriser une technologie innovante. C\u2019est dans ce cadre que Pierre-Emmanuel Doulain et J\u00e9r\u00e9my Paris ont suivi, de mars \u00e0 juillet 2020, la formation Deeptech Founders, destin\u00e9e \u00e0 fournir des cl\u00e9s pour vendre des technologies de rupture. En novembre 2020, ils ont compl\u00e9t\u00e9 leur formation en participant \u00e0 un Summer Camp \u00e0 Aix-en-Provence. SON est tout jeune laur\u00e9at de la bourse French Tech \u00c9mergence et vient d\u2019\u00eatre labellis\u00e9 Deeptech par BPI France. Prochain objectif\u00a0: le concours i-Lab, qui permettra d\u2019acc\u00e9l\u00e9rer le d\u00e9veloppement de la technologie et de ses applications m\u00e9dicales.<\/p><p>L\u2019appui de l\u2019\u00e9cosyst\u00e8me universitaire dijonnais a \u00e9galement \u00e9t\u00e9 crucial pour la r\u00e9ussite du projet, souligne Pierre-Emmanuel Doulain. SON a sign\u00e9 une convention d\u2019h\u00e9bergement avec l\u2019universit\u00e9, qui lui permet d\u2019utiliser les \u00e9quipements de l\u2019ICMUB, lui accorde un bureau et lui permet de b\u00e9n\u00e9ficier de l\u2019infrastructure informatique et logistique de l\u2019uB. \u00ab\u00a0<em>\u00c0 terme, nous aurons bien s\u00fbr nos propres locaux, ce qui nous permettra de nous agrandir, de recruter aussi\u2026 et de laisser la place aux suivants.<\/em>\u00a0\u00bb SON suit ainsi la voie des deux premi\u00e8res start-ups n\u00e9es dans les laboratoires de chimie de l\u2019universit\u00e9 de Bourgogne \u2013 Chematech et PorphyChem.<\/p>\t\t\t\t\t\t\t\t<\/div>\n\t\t\t\t<\/div>\n\t\t\t\t\t<\/div>\n\t\t<\/div>\n\t\t\t\t\t<\/div>\n\t\t<\/section>\n\t\t\t\t<\/div>\n\t\t","protected":false},"excerpt":{"rendered":"<p>Pierre-Emmanuel Doulain \/ \u00a9 Patrice Bouillot &#8211; La Plume &amp; le Micro Pierre-Emmanuel Doulain, docteur en chimie, est le cofondateur de SON, start-up n\u00e9e dans le giron de l\u2019universit\u00e9 de Bourgogne et sp\u00e9cialis\u00e9e dans les nanoparticules. Projet qui lui a valu d\u2019\u00eatre laur\u00e9at i-PhD, reconnaissance accord\u00e9e par la Banque publique d\u2019investissement (BPI) et le minist\u00e8re &hellip; <a href=\"https:\/\/www.ubfc.fr\/en\/recherche\/portraits-de-chercheurs\/pierre-emmanuel-doulain-megasucces-pour-nanoparticules\/\">Continued<\/a><\/p>\n","protected":false},"author":60,"featured_media":0,"parent":54056,"menu_order":31,"comment_status":"closed","ping_status":"closed","template":"","meta":{"_acf_changed":false,"footnotes":""},"class_list":["post-54129","page","type-page","status-publish","hentry"],"acf":[],"yoast_head":"<!-- This site is optimized with the Yoast SEO plugin v27.3 - https:\/\/yoast.com\/product\/yoast-seo-wordpress\/ -->\n<title>Pierre-Emmanuel Doulain - M\u00e9gasucc\u00e8s pour nanoparticules - COMUE Universit\u00e9 Bourgogne-Franche-Comt\u00e9<\/title>\n<meta name=\"robots\" content=\"index, follow, max-snippet:-1, max-image-preview:large, max-video-preview:-1\" \/>\n<link rel=\"canonical\" href=\"https:\/\/www.ubfc.fr\/recherche\/portraits-de-chercheurs\/pierre-emmanuel-doulain-megasucces-pour-nanoparticules\/\" \/>\n<meta property=\"og:locale\" content=\"en_US\" \/>\n<meta property=\"og:type\" content=\"article\" \/>\n<meta property=\"og:title\" content=\"Pierre-Emmanuel Doulain - M\u00e9gasucc\u00e8s pour nanoparticules - COMUE Universit\u00e9 Bourgogne-Franche-Comt\u00e9\" \/>\n<meta property=\"og:description\" content=\"Pierre-Emmanuel Doulain \/ \u00a9 Patrice Bouillot &#8211; La Plume &amp; le Micro Pierre-Emmanuel Doulain, docteur en chimie, est le cofondateur de SON, start-up n\u00e9e dans le giron de l\u2019universit\u00e9 de Bourgogne et sp\u00e9cialis\u00e9e dans les nanoparticules. Projet qui lui a valu d\u2019\u00eatre laur\u00e9at i-PhD, reconnaissance accord\u00e9e par la Banque publique d\u2019investissement (BPI) et le minist\u00e8re &hellip; Continued\" \/>\n<meta property=\"og:url\" content=\"https:\/\/www.ubfc.fr\/recherche\/portraits-de-chercheurs\/pierre-emmanuel-doulain-megasucces-pour-nanoparticules\/\" \/>\n<meta property=\"og:site_name\" content=\"COMUE Universit\u00e9 Bourgogne-Franche-Comt\u00e9\" \/>\n<meta property=\"article:publisher\" content=\"https:\/\/www.facebook.com\/UnivBFC\/\" \/>\n<meta property=\"article:modified_time\" content=\"2021-06-02T13:33:19+00:00\" \/>\n<meta property=\"og:image\" content=\"https:\/\/www.ubfc.fr\/wp-content\/uploads\/2021\/06\/IMG_7387-web-1024x768.jpg\" \/>\n<meta name=\"twitter:card\" content=\"summary_large_image\" \/>\n<meta name=\"twitter:site\" content=\"@univ_bfc\" \/>\n<meta name=\"twitter:label1\" content=\"Est. reading time\" \/>\n\t<meta name=\"twitter:data1\" content=\"5 minutes\" \/>\n<script type=\"application\/ld+json\" class=\"yoast-schema-graph\">{\"@context\":\"https:\\\/\\\/schema.org\",\"@graph\":[{\"@type\":\"WebPage\",\"@id\":\"https:\\\/\\\/www.ubfc.fr\\\/recherche\\\/portraits-de-chercheurs\\\/pierre-emmanuel-doulain-megasucces-pour-nanoparticules\\\/\",\"url\":\"https:\\\/\\\/www.ubfc.fr\\\/recherche\\\/portraits-de-chercheurs\\\/pierre-emmanuel-doulain-megasucces-pour-nanoparticules\\\/\",\"name\":\"Pierre-Emmanuel Doulain - M\u00e9gasucc\u00e8s pour nanoparticules - COMUE Universit\u00e9 Bourgogne-Franche-Comt\u00e9\",\"isPartOf\":{\"@id\":\"https:\\\/\\\/www.ubfc.fr\\\/#website\"},\"primaryImageOfPage\":{\"@id\":\"https:\\\/\\\/www.ubfc.fr\\\/recherche\\\/portraits-de-chercheurs\\\/pierre-emmanuel-doulain-megasucces-pour-nanoparticules\\\/#primaryimage\"},\"image\":{\"@id\":\"https:\\\/\\\/www.ubfc.fr\\\/recherche\\\/portraits-de-chercheurs\\\/pierre-emmanuel-doulain-megasucces-pour-nanoparticules\\\/#primaryimage\"},\"thumbnailUrl\":\"https:\\\/\\\/www.ubfc.fr\\\/wp-content\\\/uploads\\\/2021\\\/06\\\/IMG_7387-web-1024x768.jpg\",\"datePublished\":\"2021-06-02T13:27:25+00:00\",\"dateModified\":\"2021-06-02T13:33:19+00:00\",\"breadcrumb\":{\"@id\":\"https:\\\/\\\/www.ubfc.fr\\\/recherche\\\/portraits-de-chercheurs\\\/pierre-emmanuel-doulain-megasucces-pour-nanoparticules\\\/#breadcrumb\"},\"inLanguage\":\"en-US\",\"potentialAction\":[{\"@type\":\"ReadAction\",\"target\":[\"https:\\\/\\\/www.ubfc.fr\\\/recherche\\\/portraits-de-chercheurs\\\/pierre-emmanuel-doulain-megasucces-pour-nanoparticules\\\/\"]}]},{\"@type\":\"ImageObject\",\"inLanguage\":\"en-US\",\"@id\":\"https:\\\/\\\/www.ubfc.fr\\\/recherche\\\/portraits-de-chercheurs\\\/pierre-emmanuel-doulain-megasucces-pour-nanoparticules\\\/#primaryimage\",\"url\":\"https:\\\/\\\/www.ubfc.fr\\\/wp-content\\\/uploads\\\/2021\\\/06\\\/IMG_7387-web-1024x768.jpg\",\"contentUrl\":\"https:\\\/\\\/www.ubfc.fr\\\/wp-content\\\/uploads\\\/2021\\\/06\\\/IMG_7387-web-1024x768.jpg\"},{\"@type\":\"BreadcrumbList\",\"@id\":\"https:\\\/\\\/www.ubfc.fr\\\/recherche\\\/portraits-de-chercheurs\\\/pierre-emmanuel-doulain-megasucces-pour-nanoparticules\\\/#breadcrumb\",\"itemListElement\":[{\"@type\":\"ListItem\",\"position\":1,\"name\":\"Accueil\",\"item\":\"https:\\\/\\\/www.ubfc.fr\\\/en\\\/\"},{\"@type\":\"ListItem\",\"position\":2,\"name\":\"Recherche\",\"item\":\"https:\\\/\\\/www.ubfc.fr\\\/recherche\\\/\"},{\"@type\":\"ListItem\",\"position\":3,\"name\":\"Portraits de chercheurs\",\"item\":\"https:\\\/\\\/www.ubfc.fr\\\/recherche\\\/portraits-de-chercheurs\\\/\"},{\"@type\":\"ListItem\",\"position\":4,\"name\":\"Pierre-Emmanuel Doulain &#8211; M\u00e9gasucc\u00e8s pour nanoparticules\"}]},{\"@type\":\"WebSite\",\"@id\":\"https:\\\/\\\/www.ubfc.fr\\\/#website\",\"url\":\"https:\\\/\\\/www.ubfc.fr\\\/\",\"name\":\"COMUE Universit\u00e9 Bourgogne-Franche-Comt\u00e9\",\"description\":\"\",\"publisher\":{\"@id\":\"https:\\\/\\\/www.ubfc.fr\\\/#organization\"},\"potentialAction\":[{\"@type\":\"SearchAction\",\"target\":{\"@type\":\"EntryPoint\",\"urlTemplate\":\"https:\\\/\\\/www.ubfc.fr\\\/?s={search_term_string}\"},\"query-input\":{\"@type\":\"PropertyValueSpecification\",\"valueRequired\":true,\"valueName\":\"search_term_string\"}}],\"inLanguage\":\"en-US\"},{\"@type\":\"Organization\",\"@id\":\"https:\\\/\\\/www.ubfc.fr\\\/#organization\",\"name\":\"Universit\u00e9 Bourgogne-Franche-Comt\u00e9\",\"url\":\"https:\\\/\\\/www.ubfc.fr\\\/\",\"logo\":{\"@type\":\"ImageObject\",\"inLanguage\":\"en-US\",\"@id\":\"https:\\\/\\\/www.ubfc.fr\\\/#\\\/schema\\\/logo\\\/image\\\/\",\"url\":\"https:\\\/\\\/www.ubfc.fr\\\/wp-content\\\/uploads\\\/2022\\\/03\\\/vagueUBFC_favicon.png\",\"contentUrl\":\"https:\\\/\\\/www.ubfc.fr\\\/wp-content\\\/uploads\\\/2022\\\/03\\\/vagueUBFC_favicon.png\",\"width\":512,\"height\":512,\"caption\":\"Universit\u00e9 Bourgogne-Franche-Comt\u00e9\"},\"image\":{\"@id\":\"https:\\\/\\\/www.ubfc.fr\\\/#\\\/schema\\\/logo\\\/image\\\/\"},\"sameAs\":[\"https:\\\/\\\/www.facebook.com\\\/UnivBFC\\\/\",\"https:\\\/\\\/x.com\\\/univ_bfc\",\"https:\\\/\\\/www.linkedin.com\\\/school\\\/universitebourgognefranchecomte\\\/mycompany\\\/\"]}]}<\/script>\n<!-- \/ Yoast SEO plugin. -->","yoast_head_json":{"title":"Pierre-Emmanuel Doulain - M\u00e9gasucc\u00e8s pour nanoparticules - COMUE Universit\u00e9 Bourgogne-Franche-Comt\u00e9","robots":{"index":"index","follow":"follow","max-snippet":"max-snippet:-1","max-image-preview":"max-image-preview:large","max-video-preview":"max-video-preview:-1"},"canonical":"https:\/\/www.ubfc.fr\/recherche\/portraits-de-chercheurs\/pierre-emmanuel-doulain-megasucces-pour-nanoparticules\/","og_locale":"en_US","og_type":"article","og_title":"Pierre-Emmanuel Doulain - M\u00e9gasucc\u00e8s pour nanoparticules - COMUE Universit\u00e9 Bourgogne-Franche-Comt\u00e9","og_description":"Pierre-Emmanuel Doulain \/ \u00a9 Patrice Bouillot &#8211; La Plume &amp; le Micro Pierre-Emmanuel Doulain, docteur en chimie, est le cofondateur de SON, start-up n\u00e9e dans le giron de l\u2019universit\u00e9 de Bourgogne et sp\u00e9cialis\u00e9e dans les nanoparticules. Projet qui lui a valu d\u2019\u00eatre laur\u00e9at i-PhD, reconnaissance accord\u00e9e par la Banque publique d\u2019investissement (BPI) et le minist\u00e8re &hellip; Continued","og_url":"https:\/\/www.ubfc.fr\/recherche\/portraits-de-chercheurs\/pierre-emmanuel-doulain-megasucces-pour-nanoparticules\/","og_site_name":"COMUE Universit\u00e9 Bourgogne-Franche-Comt\u00e9","article_publisher":"https:\/\/www.facebook.com\/UnivBFC\/","article_modified_time":"2021-06-02T13:33:19+00:00","og_image":[{"url":"https:\/\/www.ubfc.fr\/wp-content\/uploads\/2021\/06\/IMG_7387-web-1024x768.jpg","type":"","width":"","height":""}],"twitter_card":"summary_large_image","twitter_site":"@univ_bfc","twitter_misc":{"Est. reading time":"5 minutes"},"schema":{"@context":"https:\/\/schema.org","@graph":[{"@type":"WebPage","@id":"https:\/\/www.ubfc.fr\/recherche\/portraits-de-chercheurs\/pierre-emmanuel-doulain-megasucces-pour-nanoparticules\/","url":"https:\/\/www.ubfc.fr\/recherche\/portraits-de-chercheurs\/pierre-emmanuel-doulain-megasucces-pour-nanoparticules\/","name":"Pierre-Emmanuel Doulain - M\u00e9gasucc\u00e8s pour nanoparticules - COMUE Universit\u00e9 Bourgogne-Franche-Comt\u00e9","isPartOf":{"@id":"https:\/\/www.ubfc.fr\/#website"},"primaryImageOfPage":{"@id":"https:\/\/www.ubfc.fr\/recherche\/portraits-de-chercheurs\/pierre-emmanuel-doulain-megasucces-pour-nanoparticules\/#primaryimage"},"image":{"@id":"https:\/\/www.ubfc.fr\/recherche\/portraits-de-chercheurs\/pierre-emmanuel-doulain-megasucces-pour-nanoparticules\/#primaryimage"},"thumbnailUrl":"https:\/\/www.ubfc.fr\/wp-content\/uploads\/2021\/06\/IMG_7387-web-1024x768.jpg","datePublished":"2021-06-02T13:27:25+00:00","dateModified":"2021-06-02T13:33:19+00:00","breadcrumb":{"@id":"https:\/\/www.ubfc.fr\/recherche\/portraits-de-chercheurs\/pierre-emmanuel-doulain-megasucces-pour-nanoparticules\/#breadcrumb"},"inLanguage":"en-US","potentialAction":[{"@type":"ReadAction","target":["https:\/\/www.ubfc.fr\/recherche\/portraits-de-chercheurs\/pierre-emmanuel-doulain-megasucces-pour-nanoparticules\/"]}]},{"@type":"ImageObject","inLanguage":"en-US","@id":"https:\/\/www.ubfc.fr\/recherche\/portraits-de-chercheurs\/pierre-emmanuel-doulain-megasucces-pour-nanoparticules\/#primaryimage","url":"https:\/\/www.ubfc.fr\/wp-content\/uploads\/2021\/06\/IMG_7387-web-1024x768.jpg","contentUrl":"https:\/\/www.ubfc.fr\/wp-content\/uploads\/2021\/06\/IMG_7387-web-1024x768.jpg"},{"@type":"BreadcrumbList","@id":"https:\/\/www.ubfc.fr\/recherche\/portraits-de-chercheurs\/pierre-emmanuel-doulain-megasucces-pour-nanoparticules\/#breadcrumb","itemListElement":[{"@type":"ListItem","position":1,"name":"Accueil","item":"https:\/\/www.ubfc.fr\/en\/"},{"@type":"ListItem","position":2,"name":"Recherche","item":"https:\/\/www.ubfc.fr\/recherche\/"},{"@type":"ListItem","position":3,"name":"Portraits de chercheurs","item":"https:\/\/www.ubfc.fr\/recherche\/portraits-de-chercheurs\/"},{"@type":"ListItem","position":4,"name":"Pierre-Emmanuel Doulain &#8211; M\u00e9gasucc\u00e8s pour nanoparticules"}]},{"@type":"WebSite","@id":"https:\/\/www.ubfc.fr\/#website","url":"https:\/\/www.ubfc.fr\/","name":"COMUE Universit\u00e9 Bourgogne-Franche-Comt\u00e9","description":"","publisher":{"@id":"https:\/\/www.ubfc.fr\/#organization"},"potentialAction":[{"@type":"SearchAction","target":{"@type":"EntryPoint","urlTemplate":"https:\/\/www.ubfc.fr\/?s={search_term_string}"},"query-input":{"@type":"PropertyValueSpecification","valueRequired":true,"valueName":"search_term_string"}}],"inLanguage":"en-US"},{"@type":"Organization","@id":"https:\/\/www.ubfc.fr\/#organization","name":"Universit\u00e9 Bourgogne-Franche-Comt\u00e9","url":"https:\/\/www.ubfc.fr\/","logo":{"@type":"ImageObject","inLanguage":"en-US","@id":"https:\/\/www.ubfc.fr\/#\/schema\/logo\/image\/","url":"https:\/\/www.ubfc.fr\/wp-content\/uploads\/2022\/03\/vagueUBFC_favicon.png","contentUrl":"https:\/\/www.ubfc.fr\/wp-content\/uploads\/2022\/03\/vagueUBFC_favicon.png","width":512,"height":512,"caption":"Universit\u00e9 Bourgogne-Franche-Comt\u00e9"},"image":{"@id":"https:\/\/www.ubfc.fr\/#\/schema\/logo\/image\/"},"sameAs":["https:\/\/www.facebook.com\/UnivBFC\/","https:\/\/x.com\/univ_bfc","https:\/\/www.linkedin.com\/school\/universitebourgognefranchecomte\/mycompany\/"]}]}},"_links":{"self":[{"href":"https:\/\/www.ubfc.fr\/en\/wp-json\/wp\/v2\/pages\/54129","targetHints":{"allow":["GET"]}}],"collection":[{"href":"https:\/\/www.ubfc.fr\/en\/wp-json\/wp\/v2\/pages"}],"about":[{"href":"https:\/\/www.ubfc.fr\/en\/wp-json\/wp\/v2\/types\/page"}],"author":[{"embeddable":true,"href":"https:\/\/www.ubfc.fr\/en\/wp-json\/wp\/v2\/users\/60"}],"replies":[{"embeddable":true,"href":"https:\/\/www.ubfc.fr\/en\/wp-json\/wp\/v2\/comments?post=54129"}],"version-history":[{"count":0,"href":"https:\/\/www.ubfc.fr\/en\/wp-json\/wp\/v2\/pages\/54129\/revisions"}],"up":[{"embeddable":true,"href":"https:\/\/www.ubfc.fr\/en\/wp-json\/wp\/v2\/pages\/54056"}],"wp:attachment":[{"href":"https:\/\/www.ubfc.fr\/en\/wp-json\/wp\/v2\/media?parent=54129"}],"curies":[{"name":"wp","href":"https:\/\/api.w.org\/{rel}","templated":true}]}}