{"id":54122,"date":"2021-06-02T14:45:56","date_gmt":"2021-06-02T12:45:56","guid":{"rendered":"https:\/\/www.ubfc.fr\/?page_id=54122"},"modified":"2021-06-02T15:15:32","modified_gmt":"2021-06-02T13:15:32","slug":"laurent-larger-pionnier-de-la-cryptographie-par-chaos","status":"publish","type":"page","link":"https:\/\/www.ubfc.fr\/en\/recherche\/portraits-de-chercheurs\/laurent-larger-pionnier-de-la-cryptographie-par-chaos\/","title":{"rendered":"Laurent Larger, pionnier de la cryptographie par chaos"},"content":{"rendered":"\t\t<div data-elementor-type=\"wp-page\" data-elementor-id=\"54122\" class=\"elementor elementor-54122\" data-elementor-post-type=\"page\">\n\t\t\t\t\t\t<section class=\"elementor-section elementor-top-section elementor-element elementor-element-59d9376 elementor-section-boxed elementor-section-height-default elementor-section-height-default\" data-id=\"59d9376\" data-element_type=\"section\" data-e-type=\"section\">\n\t\t\t\t\t\t<div class=\"elementor-container elementor-column-gap-default\">\n\t\t\t\t\t<div class=\"elementor-column elementor-col-50 elementor-top-column elementor-element elementor-element-6a9b7a2\" data-id=\"6a9b7a2\" data-element_type=\"column\" data-e-type=\"column\">\n\t\t\t<div class=\"elementor-widget-wrap elementor-element-populated\">\n\t\t\t\t\t\t<div class=\"elementor-element elementor-element-e47509d elementor-widget elementor-widget-image\" data-id=\"e47509d\" data-element_type=\"widget\" data-e-type=\"widget\" data-widget_type=\"image.default\">\n\t\t\t\t<div class=\"elementor-widget-container\">\n\t\t\t\t\t\t\t\t\t\t\t\t<figure class=\"wp-caption\">\n\t\t\t\t\t\t\t\t\t\t<img fetchpriority=\"high\" decoding=\"async\" width=\"1024\" height=\"768\" src=\"https:\/\/www.ubfc.fr\/wp-content\/uploads\/2021\/06\/IMG_7623-web-1024x768.jpg\" class=\"attachment-large size-large wp-image-54126\" alt=\"\" srcset=\"https:\/\/www.ubfc.fr\/wp-content\/uploads\/2021\/06\/IMG_7623-web-1024x768.jpg 1024w, https:\/\/www.ubfc.fr\/wp-content\/uploads\/2021\/06\/IMG_7623-web-300x225.jpg 300w, https:\/\/www.ubfc.fr\/wp-content\/uploads\/2021\/06\/IMG_7623-web-768x576.jpg 768w, https:\/\/www.ubfc.fr\/wp-content\/uploads\/2021\/06\/IMG_7623-web-1536x1152.jpg 1536w, https:\/\/www.ubfc.fr\/wp-content\/uploads\/2021\/06\/IMG_7623-web-2048x1536.jpg 2048w\" sizes=\"(max-width: 1024px) 100vw, 1024px\" \/>\t\t\t\t\t\t\t\t\t\t\t<figcaption class=\"widget-image-caption wp-caption-text\">Laurent Larger \/ \u00a9 Patrice Bouillot - La Plume &amp; le Micro<\/figcaption>\n\t\t\t\t\t\t\t\t\t\t<\/figure>\n\t\t\t\t\t\t\t\t\t<\/div>\n\t\t\t\t<\/div>\n\t\t\t\t\t<\/div>\n\t\t<\/div>\n\t\t\t\t<div class=\"elementor-column elementor-col-50 elementor-top-column elementor-element elementor-element-ccd146a\" data-id=\"ccd146a\" data-element_type=\"column\" data-e-type=\"column\">\n\t\t\t<div class=\"elementor-widget-wrap elementor-element-populated\">\n\t\t\t\t\t\t<div class=\"elementor-element elementor-element-a2b2cd8 elementor-widget elementor-widget-text-editor\" data-id=\"a2b2cd8\" data-element_type=\"widget\" data-e-type=\"widget\" data-widget_type=\"text-editor.default\">\n\t\t\t\t<div class=\"elementor-widget-container\">\n\t\t\t\t\t\t\t\t\t<h5><strong>Directeur de l\u2019institut FEMTO-ST port\u00e9 par UBFC et le CNRS, Laurent Larger a \u00e9t\u00e9 admis <em>Fellow<\/em> 2021 ind\u00e9pendamment de deux soci\u00e9t\u00e9s savantes internationales, l\u2019Optical Society of America et l\u2019Institute of Electrical and Electronics Engineers (IEEE). Une double distinction qui honore une carri\u00e8re de recherche dans le domaine de la cryptographie par chaos et du calcul neuromorphique.<\/strong><\/h5>\t\t\t\t\t\t\t\t<\/div>\n\t\t\t\t<\/div>\n\t\t\t\t\t<\/div>\n\t\t<\/div>\n\t\t\t\t\t<\/div>\n\t\t<\/section>\n\t\t\t\t<section class=\"elementor-section elementor-top-section elementor-element elementor-element-290e057 elementor-section-boxed elementor-section-height-default elementor-section-height-default\" data-id=\"290e057\" data-element_type=\"section\" data-e-type=\"section\">\n\t\t\t\t\t\t<div class=\"elementor-container elementor-column-gap-default\">\n\t\t\t\t\t<div class=\"elementor-column elementor-col-100 elementor-top-column elementor-element elementor-element-a991ca0\" data-id=\"a991ca0\" data-element_type=\"column\" data-e-type=\"column\">\n\t\t\t<div class=\"elementor-widget-wrap elementor-element-populated\">\n\t\t\t\t\t\t<div class=\"elementor-element elementor-element-8682127 elementor-widget elementor-widget-text-editor\" data-id=\"8682127\" data-element_type=\"widget\" data-e-type=\"widget\" data-widget_type=\"text-editor.default\">\n\t\t\t\t<div class=\"elementor-widget-container\">\n\t\t\t\t\t\t\t\t\t<p>Laurent Larger, 53 ans, n\u2019a jamais aim\u00e9 entrer dans les cases. Apr\u00e8s une classe pr\u00e9paratoire \u00e0 Strasbourg, il entre \u00e0 l\u2019\u00c9cole normale sup\u00e9rieure de Cachan (aujourd\u2019hui Paris-Saclay), o\u00f9 il passe une licence en sciences de l\u2019ing\u00e9nieur puis une ma\u00eetrise \u00c9lectronique, \u00e9nergie \u00e9lectrique et automatismes (EEA) avant d\u2019encha\u00eener sur un DEA sp\u00e9cialit\u00e9 photonique. \u00ab\u00a0<em>J\u2019ai suivi une formation hybride<\/em>, r\u00e9sume-t-il, <em>entre sciences de l\u2019ing\u00e9nieur et physique<\/em>.\u00a0\u00bb Un parcours \u00e0 double facette, comme le prouvera, quelques ann\u00e9es plus tard, son appartenance \u00e0 la fois \u00e0 l\u2019Optical Society of America (OSA) et \u00e0 l\u2019Institute of Electrical and Electronics Engineers (IEEE). Une carri\u00e8re acad\u00e9mique certes, mais marqu\u00e9e aussi par des liens forts avec le monde de l\u2019entreprise. Laurent Larger est le directeur de FEMTO-ST (Franche-Comt\u00e9 \u00e9lectronique m\u00e9canique thermique et optique \u2013 sciences et technologies), le plus important institut de recherche de Bourgogne-Franche-Comt\u00e9 avec 750 membres, 324 permanents, 270 chercheurs et enseignants-chercheurs. Port\u00e9 par le Centre national de la recherche scientifique (CNRS) et Universit\u00e9 Bourgogne Franche-Comt\u00e9 (UBFC) \u2013 via l\u2019UFC, l\u2019ENSMM et l\u2019UTBM, ce centre de recherche est un v\u00e9ritable un fleuron sur le territoire dans des domaine aussi vari\u00e9s que l\u2019\u00e9nergie, la m\u00e9canique appliqu\u00e9e, les nanosyst\u00e8mes, l\u2019informatique, l\u2019optique, la robotique, ou la m\u00e9trologie du temps et des fr\u00e9quences.<\/p><p>Laurent Larger, natif de Colmar, a grandi \u00e0 Besan\u00e7on et a men\u00e9 ses \u00e9tudes \u00e0 Paris et \u00e0 Strasbourg. Apr\u00e8s son DEA puis un passage par Fribourg et la For\u00eat noire o\u00f9 il planche sur un capteur haute r\u00e9solution de rugosit\u00e9 de surfaces sans contact, il revient dans la ville de son enfance pour pr\u00e9parer sa th\u00e8se. Un laboratoire de physique de l\u2019universit\u00e9 propose en effet un sujet qui l\u2019int\u00e9resse,\u00a0faisant intervenir la th\u00e9orie du chaos. \u00c0 l\u2019\u00e9poque, France T\u00e9l\u00e9com (Orange aujourd\u2019hui) finance ce projet de recherche visant \u00e0 \u00e9laborer un syst\u00e8me de cryptographie par chaos. \u00ab\u00a0<em>Le principe de la cryptographie par chaos repose sur l\u2019id\u00e9e que l\u2019on peut transmettre de l\u2019information via un signal chaotique, avec l\u2019avantage que ce signal complexe sera beaucoup plus difficile \u00e0 d\u00e9coder par un pirate qu\u2019un signal traditionnel<\/em>\u00a0\u00bb, explique Laurent Larger, dont les travaux aboutissent au d\u00e9p\u00f4t d\u2019un brevet suivi de la publication de quatre articles dans la presse scientifique. L\u2019un de ses articles faillit \u00eatre le premier au monde sur le sujet, mais un chercheur am\u00e9ricain, Rajarshi Roy, actuellement \u00e0 l\u2019universit\u00e9 du Maryland (top 10 des universit\u00e9s am\u00e9ricaines), lui souffle la primeur \u00e0 quelques semaines pr\u00e8s. Le jeune th\u00e9sard bisontin pr\u00e9senta ses travaux devant lui, lors d\u2019un congr\u00e8s international \u00e0 Long Beach (Californie). Les deux hommes se recroiseront souvent, devenant amis. Rajarshi sera m\u00eame l\u2019un de ses \u00ab\u00a0parrains\u00a0\u00bb \u00e0 l\u2019OSA, dont Laurent Larger a \u00e9t\u00e9 \u00e9lev\u00e9 au grade le plus haut de <em>Fellow<\/em> en octobre 2020.<\/p><p>Sujet \u00e9mergent \u00e0 l\u2019\u00e9poque, la cryptographie par chaos passionne Laurent Larger, qui a d\u00e9couvert la th\u00e9orie du chaos en lisant l\u2019ouvrage que lui a consacr\u00e9 James Gleick dans les ann\u00e9es 1980. Il lui consacre de longues ann\u00e9es de recherche avec, \u00e0 la cl\u00e9, de v\u00e9ritables succ\u00e8s parfois m\u00e9connus. \u00ab\u00a0<em>Nous avons obtenu un record du monde ici \u00e0 Besan\u00e7on, en 2009\u00a0: un d\u00e9bit de 10 gigabits par seconde sur le r\u00e9seau \u00e0 fibre optique de la ville<\/em>\u00a0\u00bb, se rappelle-t-il. Avant cela, en 2004, lors des Jeux olympiques d\u2019Ath\u00e8nes, son \u00e9quipe r\u00e9alise, avec un partenaire grec, la premi\u00e8re mise en \u0153uvre d\u2019un syst\u00e8me de communication reposant sur la cryptographie par chaos \u00ab\u00a0grandeur r\u00e9elle\u00a0\u00bb. \u00c0 l\u2019\u00e9poque, Laurent Larger pousse tr\u00e8s loin les recherches sur ce sujet dans le laboratoire qu\u2019il dirige entre 2002 et 2005. Dans ce laboratoire, cr\u00e9\u00e9 \u00e0 Metz par GeorgiaTech (universit\u00e9 d\u2019Atlanta) et le CNRS, est men\u00e9 le projet OCCULT (Optical Chaos Communication Using Laser Transmitter), qui d\u00e9bouchera sur la publication d\u2019un article dans la prestigieuse revue <em>Nature<\/em> en 2005, article qui fait toujours r\u00e9f\u00e9rence dans le domaine de la cryptographie par chaos.<\/p><p>En 2006, changement de cap pour Laurent Larger, de retour \u00e0 Besan\u00e7on. Le chercheur s\u2019int\u00e9resse d\u00e9sormais aux syst\u00e8mes dynamiques non lin\u00e9aires \u00e0 retard utilisant d\u2019autres comportements que le chaos. \u00ab\u00a0<em>Ces syst\u00e8mes sont partout dans notre vie quotidienne,<\/em> explique-t-il. <em>Un des exemples les plus parlants est celui des ralentissements qui se forment parfois sur une autoroute, en g\u00e9n\u00e9rant un mouvement en accord\u00e9on de la file de voitures, ph\u00e9nom\u00e8ne expliqu\u00e9 par le temps de retard de la perception visuelle de chaque conducteur<\/em>.\u00a0\u00bb Les travaux qu\u2019il m\u00e8ne dans le domaine de l\u2019opto-\u00e9lectronique ont concern\u00e9 aussi des applications radar utilis\u00e9es par l\u2019arm\u00e9e am\u00e9ricaine. L\u2019innovation de la recherche men\u00e9e par Laurent Larger lui vaut d\u2019ailleurs la nomination en tant que membre junior de l\u2019Institut universitaire de France en 2007.<\/p><p>Ses travaux l\u2019am\u00e8nent, \u00e0 partir du d\u00e9but des ann\u00e9es 2010, \u00e0 plancher sur la conception d\u2019un calculateur optique, transposition utilisant la lumi\u00e8re de principes de fonctionnement du cerveau humain. Le projet, initi\u00e9 lors d\u2019un s\u00e9jour de recherche \u00e0 Palma de Majorque en 2010, a abouti \u00e0 la cr\u00e9ation du premier calculateur optique neuromorphique au monde \u2013 cette fois c\u2019est lui qui a grill\u00e9 la politesse \u00e0 une \u00e9quipe concurrente belge.<\/p><p>Enseignant agr\u00e9g\u00e9 en physique, Laurent Larger exer\u00e7a pendant une ann\u00e9e \u00e0 l\u2019IUT de N\u00eemes avant son recrutement \u00e0 l\u2019UFC. La transmission des savoirs reste un sujet majeur pour lui. Il a \u00e9t\u00e9, pour UBFC, en 2017, le porteur du projet de la Graduate School EIPHI-BFC, men\u00e9 dans le cadre du troisi\u00e8me programme d\u2019investissement d\u2019avenir (PIA3). \u00ab\u00a0<em>Cette Graduate School a pour vocation de former des ing\u00e9nieur.e.s et des physicien.ne.s au travers des hautes technologies et de l\u2019interdisciplinarit\u00e9. L\u2019interdisciplinarit\u00e9 est une cl\u00e9 en mati\u00e8re d\u2019innovation, elle constitue un atout pour former des dipl\u00f4m\u00e9s ouverts et agiles<\/em>.\u00a0\u00bb<\/p>\t\t\t\t\t\t\t\t<\/div>\n\t\t\t\t<\/div>\n\t\t\t\t\t<\/div>\n\t\t<\/div>\n\t\t\t\t\t<\/div>\n\t\t<\/section>\n\t\t\t\t<\/div>\n\t\t","protected":false},"excerpt":{"rendered":"<p>Laurent Larger \/ \u00a9 Patrice Bouillot &#8211; La Plume &amp; le Micro Directeur de l\u2019institut FEMTO-ST port\u00e9 par UBFC et le CNRS, Laurent Larger a \u00e9t\u00e9 admis Fellow 2021 ind\u00e9pendamment de deux soci\u00e9t\u00e9s savantes internationales, l\u2019Optical Society of America et l\u2019Institute of Electrical and Electronics Engineers (IEEE). Une double distinction qui honore une carri\u00e8re de &hellip; <a href=\"https:\/\/www.ubfc.fr\/en\/recherche\/portraits-de-chercheurs\/laurent-larger-pionnier-de-la-cryptographie-par-chaos\/\">Continued<\/a><\/p>\n","protected":false},"author":60,"featured_media":0,"parent":54056,"menu_order":32,"comment_status":"closed","ping_status":"closed","template":"","meta":{"_acf_changed":false,"footnotes":""},"class_list":["post-54122","page","type-page","status-publish","hentry"],"acf":[],"yoast_head":"<!-- This site is optimized with the Yoast SEO plugin v27.5 - https:\/\/yoast.com\/product\/yoast-seo-wordpress\/ -->\n<title>Laurent Larger, pionnier de la cryptographie par chaos - COMUE Universit\u00e9 Bourgogne-Franche-Comt\u00e9<\/title>\n<meta name=\"robots\" content=\"index, follow, max-snippet:-1, max-image-preview:large, max-video-preview:-1\" \/>\n<link rel=\"canonical\" href=\"https:\/\/www.ubfc.fr\/recherche\/portraits-de-chercheurs\/laurent-larger-pionnier-de-la-cryptographie-par-chaos\/\" \/>\n<meta property=\"og:locale\" content=\"en_US\" \/>\n<meta property=\"og:type\" content=\"article\" \/>\n<meta property=\"og:title\" content=\"Laurent Larger, pionnier de la cryptographie par chaos - COMUE Universit\u00e9 Bourgogne-Franche-Comt\u00e9\" \/>\n<meta property=\"og:description\" content=\"Laurent Larger \/ \u00a9 Patrice Bouillot &#8211; La Plume &amp; le Micro Directeur de l\u2019institut FEMTO-ST port\u00e9 par UBFC et le CNRS, Laurent Larger a \u00e9t\u00e9 admis Fellow 2021 ind\u00e9pendamment de deux soci\u00e9t\u00e9s savantes internationales, l\u2019Optical Society of America et l\u2019Institute of Electrical and Electronics Engineers (IEEE). Une double distinction qui honore une carri\u00e8re de &hellip; Continued\" \/>\n<meta property=\"og:url\" content=\"https:\/\/www.ubfc.fr\/recherche\/portraits-de-chercheurs\/laurent-larger-pionnier-de-la-cryptographie-par-chaos\/\" \/>\n<meta property=\"og:site_name\" content=\"COMUE Universit\u00e9 Bourgogne-Franche-Comt\u00e9\" \/>\n<meta property=\"article:publisher\" content=\"https:\/\/www.facebook.com\/UnivBFC\/\" \/>\n<meta property=\"article:modified_time\" content=\"2021-06-02T13:15:32+00:00\" \/>\n<meta property=\"og:image\" content=\"https:\/\/www.ubfc.fr\/wp-content\/uploads\/2021\/06\/IMG_7623-web-1024x768.jpg\" \/>\n<meta name=\"twitter:card\" content=\"summary_large_image\" \/>\n<meta name=\"twitter:site\" content=\"@univ_bfc\" \/>\n<meta name=\"twitter:label1\" content=\"Est. reading time\" \/>\n\t<meta name=\"twitter:data1\" content=\"5 minutes\" \/>\n<script type=\"application\/ld+json\" class=\"yoast-schema-graph\">{\"@context\":\"https:\\\/\\\/schema.org\",\"@graph\":[{\"@type\":\"WebPage\",\"@id\":\"https:\\\/\\\/www.ubfc.fr\\\/recherche\\\/portraits-de-chercheurs\\\/laurent-larger-pionnier-de-la-cryptographie-par-chaos\\\/\",\"url\":\"https:\\\/\\\/www.ubfc.fr\\\/recherche\\\/portraits-de-chercheurs\\\/laurent-larger-pionnier-de-la-cryptographie-par-chaos\\\/\",\"name\":\"Laurent Larger, pionnier de la cryptographie par chaos - COMUE Universit\u00e9 Bourgogne-Franche-Comt\u00e9\",\"isPartOf\":{\"@id\":\"https:\\\/\\\/www.ubfc.fr\\\/#website\"},\"primaryImageOfPage\":{\"@id\":\"https:\\\/\\\/www.ubfc.fr\\\/recherche\\\/portraits-de-chercheurs\\\/laurent-larger-pionnier-de-la-cryptographie-par-chaos\\\/#primaryimage\"},\"image\":{\"@id\":\"https:\\\/\\\/www.ubfc.fr\\\/recherche\\\/portraits-de-chercheurs\\\/laurent-larger-pionnier-de-la-cryptographie-par-chaos\\\/#primaryimage\"},\"thumbnailUrl\":\"https:\\\/\\\/www.ubfc.fr\\\/wp-content\\\/uploads\\\/2021\\\/06\\\/IMG_7623-web-1024x768.jpg\",\"datePublished\":\"2021-06-02T12:45:56+00:00\",\"dateModified\":\"2021-06-02T13:15:32+00:00\",\"breadcrumb\":{\"@id\":\"https:\\\/\\\/www.ubfc.fr\\\/recherche\\\/portraits-de-chercheurs\\\/laurent-larger-pionnier-de-la-cryptographie-par-chaos\\\/#breadcrumb\"},\"inLanguage\":\"en-US\",\"potentialAction\":[{\"@type\":\"ReadAction\",\"target\":[\"https:\\\/\\\/www.ubfc.fr\\\/recherche\\\/portraits-de-chercheurs\\\/laurent-larger-pionnier-de-la-cryptographie-par-chaos\\\/\"]}]},{\"@type\":\"ImageObject\",\"inLanguage\":\"en-US\",\"@id\":\"https:\\\/\\\/www.ubfc.fr\\\/recherche\\\/portraits-de-chercheurs\\\/laurent-larger-pionnier-de-la-cryptographie-par-chaos\\\/#primaryimage\",\"url\":\"https:\\\/\\\/www.ubfc.fr\\\/wp-content\\\/uploads\\\/2021\\\/06\\\/IMG_7623-web-1024x768.jpg\",\"contentUrl\":\"https:\\\/\\\/www.ubfc.fr\\\/wp-content\\\/uploads\\\/2021\\\/06\\\/IMG_7623-web-1024x768.jpg\"},{\"@type\":\"BreadcrumbList\",\"@id\":\"https:\\\/\\\/www.ubfc.fr\\\/recherche\\\/portraits-de-chercheurs\\\/laurent-larger-pionnier-de-la-cryptographie-par-chaos\\\/#breadcrumb\",\"itemListElement\":[{\"@type\":\"ListItem\",\"position\":1,\"name\":\"Accueil\",\"item\":\"https:\\\/\\\/www.ubfc.fr\\\/en\\\/\"},{\"@type\":\"ListItem\",\"position\":2,\"name\":\"Recherche\",\"item\":\"https:\\\/\\\/www.ubfc.fr\\\/recherche\\\/\"},{\"@type\":\"ListItem\",\"position\":3,\"name\":\"Portraits de chercheurs\",\"item\":\"https:\\\/\\\/www.ubfc.fr\\\/recherche\\\/portraits-de-chercheurs\\\/\"},{\"@type\":\"ListItem\",\"position\":4,\"name\":\"Laurent Larger, pionnier de la cryptographie par chaos\"}]},{\"@type\":\"WebSite\",\"@id\":\"https:\\\/\\\/www.ubfc.fr\\\/#website\",\"url\":\"https:\\\/\\\/www.ubfc.fr\\\/\",\"name\":\"COMUE Universit\u00e9 Bourgogne-Franche-Comt\u00e9\",\"description\":\"\",\"publisher\":{\"@id\":\"https:\\\/\\\/www.ubfc.fr\\\/#organization\"},\"potentialAction\":[{\"@type\":\"SearchAction\",\"target\":{\"@type\":\"EntryPoint\",\"urlTemplate\":\"https:\\\/\\\/www.ubfc.fr\\\/?s={search_term_string}\"},\"query-input\":{\"@type\":\"PropertyValueSpecification\",\"valueRequired\":true,\"valueName\":\"search_term_string\"}}],\"inLanguage\":\"en-US\"},{\"@type\":\"Organization\",\"@id\":\"https:\\\/\\\/www.ubfc.fr\\\/#organization\",\"name\":\"Universit\u00e9 Bourgogne-Franche-Comt\u00e9\",\"url\":\"https:\\\/\\\/www.ubfc.fr\\\/\",\"logo\":{\"@type\":\"ImageObject\",\"inLanguage\":\"en-US\",\"@id\":\"https:\\\/\\\/www.ubfc.fr\\\/#\\\/schema\\\/logo\\\/image\\\/\",\"url\":\"https:\\\/\\\/www.ubfc.fr\\\/wp-content\\\/uploads\\\/2022\\\/03\\\/vagueUBFC_favicon.png\",\"contentUrl\":\"https:\\\/\\\/www.ubfc.fr\\\/wp-content\\\/uploads\\\/2022\\\/03\\\/vagueUBFC_favicon.png\",\"width\":512,\"height\":512,\"caption\":\"Universit\u00e9 Bourgogne-Franche-Comt\u00e9\"},\"image\":{\"@id\":\"https:\\\/\\\/www.ubfc.fr\\\/#\\\/schema\\\/logo\\\/image\\\/\"},\"sameAs\":[\"https:\\\/\\\/www.facebook.com\\\/UnivBFC\\\/\",\"https:\\\/\\\/x.com\\\/univ_bfc\",\"https:\\\/\\\/www.linkedin.com\\\/school\\\/universitebourgognefranchecomte\\\/mycompany\\\/\"]}]}<\/script>\n<!-- \/ Yoast SEO plugin. -->","yoast_head_json":{"title":"Laurent Larger, pionnier de la cryptographie par chaos - COMUE Universit\u00e9 Bourgogne-Franche-Comt\u00e9","robots":{"index":"index","follow":"follow","max-snippet":"max-snippet:-1","max-image-preview":"max-image-preview:large","max-video-preview":"max-video-preview:-1"},"canonical":"https:\/\/www.ubfc.fr\/recherche\/portraits-de-chercheurs\/laurent-larger-pionnier-de-la-cryptographie-par-chaos\/","og_locale":"en_US","og_type":"article","og_title":"Laurent Larger, pionnier de la cryptographie par chaos - COMUE Universit\u00e9 Bourgogne-Franche-Comt\u00e9","og_description":"Laurent Larger \/ \u00a9 Patrice Bouillot &#8211; La Plume &amp; le Micro Directeur de l\u2019institut FEMTO-ST port\u00e9 par UBFC et le CNRS, Laurent Larger a \u00e9t\u00e9 admis Fellow 2021 ind\u00e9pendamment de deux soci\u00e9t\u00e9s savantes internationales, l\u2019Optical Society of America et l\u2019Institute of Electrical and Electronics Engineers (IEEE). Une double distinction qui honore une carri\u00e8re de &hellip; Continued","og_url":"https:\/\/www.ubfc.fr\/recherche\/portraits-de-chercheurs\/laurent-larger-pionnier-de-la-cryptographie-par-chaos\/","og_site_name":"COMUE Universit\u00e9 Bourgogne-Franche-Comt\u00e9","article_publisher":"https:\/\/www.facebook.com\/UnivBFC\/","article_modified_time":"2021-06-02T13:15:32+00:00","og_image":[{"url":"https:\/\/www.ubfc.fr\/wp-content\/uploads\/2021\/06\/IMG_7623-web-1024x768.jpg","type":"","width":"","height":""}],"twitter_card":"summary_large_image","twitter_site":"@univ_bfc","twitter_misc":{"Est. reading time":"5 minutes"},"schema":{"@context":"https:\/\/schema.org","@graph":[{"@type":"WebPage","@id":"https:\/\/www.ubfc.fr\/recherche\/portraits-de-chercheurs\/laurent-larger-pionnier-de-la-cryptographie-par-chaos\/","url":"https:\/\/www.ubfc.fr\/recherche\/portraits-de-chercheurs\/laurent-larger-pionnier-de-la-cryptographie-par-chaos\/","name":"Laurent Larger, pionnier de la cryptographie par chaos - COMUE Universit\u00e9 Bourgogne-Franche-Comt\u00e9","isPartOf":{"@id":"https:\/\/www.ubfc.fr\/#website"},"primaryImageOfPage":{"@id":"https:\/\/www.ubfc.fr\/recherche\/portraits-de-chercheurs\/laurent-larger-pionnier-de-la-cryptographie-par-chaos\/#primaryimage"},"image":{"@id":"https:\/\/www.ubfc.fr\/recherche\/portraits-de-chercheurs\/laurent-larger-pionnier-de-la-cryptographie-par-chaos\/#primaryimage"},"thumbnailUrl":"https:\/\/www.ubfc.fr\/wp-content\/uploads\/2021\/06\/IMG_7623-web-1024x768.jpg","datePublished":"2021-06-02T12:45:56+00:00","dateModified":"2021-06-02T13:15:32+00:00","breadcrumb":{"@id":"https:\/\/www.ubfc.fr\/recherche\/portraits-de-chercheurs\/laurent-larger-pionnier-de-la-cryptographie-par-chaos\/#breadcrumb"},"inLanguage":"en-US","potentialAction":[{"@type":"ReadAction","target":["https:\/\/www.ubfc.fr\/recherche\/portraits-de-chercheurs\/laurent-larger-pionnier-de-la-cryptographie-par-chaos\/"]}]},{"@type":"ImageObject","inLanguage":"en-US","@id":"https:\/\/www.ubfc.fr\/recherche\/portraits-de-chercheurs\/laurent-larger-pionnier-de-la-cryptographie-par-chaos\/#primaryimage","url":"https:\/\/www.ubfc.fr\/wp-content\/uploads\/2021\/06\/IMG_7623-web-1024x768.jpg","contentUrl":"https:\/\/www.ubfc.fr\/wp-content\/uploads\/2021\/06\/IMG_7623-web-1024x768.jpg"},{"@type":"BreadcrumbList","@id":"https:\/\/www.ubfc.fr\/recherche\/portraits-de-chercheurs\/laurent-larger-pionnier-de-la-cryptographie-par-chaos\/#breadcrumb","itemListElement":[{"@type":"ListItem","position":1,"name":"Accueil","item":"https:\/\/www.ubfc.fr\/en\/"},{"@type":"ListItem","position":2,"name":"Recherche","item":"https:\/\/www.ubfc.fr\/recherche\/"},{"@type":"ListItem","position":3,"name":"Portraits de chercheurs","item":"https:\/\/www.ubfc.fr\/recherche\/portraits-de-chercheurs\/"},{"@type":"ListItem","position":4,"name":"Laurent Larger, pionnier de la cryptographie par chaos"}]},{"@type":"WebSite","@id":"https:\/\/www.ubfc.fr\/#website","url":"https:\/\/www.ubfc.fr\/","name":"COMUE Universit\u00e9 Bourgogne-Franche-Comt\u00e9","description":"","publisher":{"@id":"https:\/\/www.ubfc.fr\/#organization"},"potentialAction":[{"@type":"SearchAction","target":{"@type":"EntryPoint","urlTemplate":"https:\/\/www.ubfc.fr\/?s={search_term_string}"},"query-input":{"@type":"PropertyValueSpecification","valueRequired":true,"valueName":"search_term_string"}}],"inLanguage":"en-US"},{"@type":"Organization","@id":"https:\/\/www.ubfc.fr\/#organization","name":"Universit\u00e9 Bourgogne-Franche-Comt\u00e9","url":"https:\/\/www.ubfc.fr\/","logo":{"@type":"ImageObject","inLanguage":"en-US","@id":"https:\/\/www.ubfc.fr\/#\/schema\/logo\/image\/","url":"https:\/\/www.ubfc.fr\/wp-content\/uploads\/2022\/03\/vagueUBFC_favicon.png","contentUrl":"https:\/\/www.ubfc.fr\/wp-content\/uploads\/2022\/03\/vagueUBFC_favicon.png","width":512,"height":512,"caption":"Universit\u00e9 Bourgogne-Franche-Comt\u00e9"},"image":{"@id":"https:\/\/www.ubfc.fr\/#\/schema\/logo\/image\/"},"sameAs":["https:\/\/www.facebook.com\/UnivBFC\/","https:\/\/x.com\/univ_bfc","https:\/\/www.linkedin.com\/school\/universitebourgognefranchecomte\/mycompany\/"]}]}},"_links":{"self":[{"href":"https:\/\/www.ubfc.fr\/en\/wp-json\/wp\/v2\/pages\/54122","targetHints":{"allow":["GET"]}}],"collection":[{"href":"https:\/\/www.ubfc.fr\/en\/wp-json\/wp\/v2\/pages"}],"about":[{"href":"https:\/\/www.ubfc.fr\/en\/wp-json\/wp\/v2\/types\/page"}],"author":[{"embeddable":true,"href":"https:\/\/www.ubfc.fr\/en\/wp-json\/wp\/v2\/users\/60"}],"replies":[{"embeddable":true,"href":"https:\/\/www.ubfc.fr\/en\/wp-json\/wp\/v2\/comments?post=54122"}],"version-history":[{"count":0,"href":"https:\/\/www.ubfc.fr\/en\/wp-json\/wp\/v2\/pages\/54122\/revisions"}],"up":[{"embeddable":true,"href":"https:\/\/www.ubfc.fr\/en\/wp-json\/wp\/v2\/pages\/54056"}],"wp:attachment":[{"href":"https:\/\/www.ubfc.fr\/en\/wp-json\/wp\/v2\/media?parent=54122"}],"curies":[{"name":"wp","href":"https:\/\/api.w.org\/{rel}","templated":true}]}}