{"id":54114,"date":"2021-06-02T14:33:15","date_gmt":"2021-06-02T12:33:15","guid":{"rendered":"https:\/\/www.ubfc.fr\/?page_id=54114"},"modified":"2021-06-04T16:12:14","modified_gmt":"2021-06-04T14:12:14","slug":"juliette-young-conflits-a-la-loupe","status":"publish","type":"page","link":"https:\/\/www.ubfc.fr\/en\/recherche\/portraits-de-chercheurs\/juliette-young-conflits-a-la-loupe\/","title":{"rendered":"Juliette Young &#8211; Conflits \u00e0 la loupe"},"content":{"rendered":"\t\t<div data-elementor-type=\"wp-page\" data-elementor-id=\"54114\" class=\"elementor elementor-54114\" data-elementor-post-type=\"page\">\n\t\t\t\t\t\t<section class=\"elementor-section elementor-top-section elementor-element elementor-element-e0a4c15 elementor-section-boxed elementor-section-height-default elementor-section-height-default\" data-id=\"e0a4c15\" data-element_type=\"section\" data-e-type=\"section\">\n\t\t\t\t\t\t<div class=\"elementor-container elementor-column-gap-default\">\n\t\t\t\t\t<div class=\"elementor-column elementor-col-50 elementor-top-column elementor-element elementor-element-65503f4\" data-id=\"65503f4\" data-element_type=\"column\" data-e-type=\"column\">\n\t\t\t<div class=\"elementor-widget-wrap elementor-element-populated\">\n\t\t\t\t\t\t<div class=\"elementor-element elementor-element-d24737b elementor-widget elementor-widget-image\" data-id=\"d24737b\" data-element_type=\"widget\" data-e-type=\"widget\" data-widget_type=\"image.default\">\n\t\t\t\t<div class=\"elementor-widget-container\">\n\t\t\t\t\t\t\t\t\t\t\t\t\t\t\t<img fetchpriority=\"high\" decoding=\"async\" width=\"768\" height=\"1024\" src=\"https:\/\/www.ubfc.fr\/wp-content\/uploads\/2021\/06\/IMG_8087-web-768x1024.jpg\" class=\"attachment-large size-large wp-image-54203\" alt=\"\" srcset=\"https:\/\/www.ubfc.fr\/wp-content\/uploads\/2021\/06\/IMG_8087-web-768x1024.jpg 768w, https:\/\/www.ubfc.fr\/wp-content\/uploads\/2021\/06\/IMG_8087-web-225x300.jpg 225w, https:\/\/www.ubfc.fr\/wp-content\/uploads\/2021\/06\/IMG_8087-web-1152x1536.jpg 1152w, https:\/\/www.ubfc.fr\/wp-content\/uploads\/2021\/06\/IMG_8087-web-1536x2048.jpg 1536w, https:\/\/www.ubfc.fr\/wp-content\/uploads\/2021\/06\/IMG_8087-web-scaled.jpg 1920w\" sizes=\"(max-width: 768px) 100vw, 768px\" \/>\t\t\t\t\t\t\t\t\t\t\t\t\t\t\t<\/div>\n\t\t\t\t<\/div>\n\t\t\t\t\t<\/div>\n\t\t<\/div>\n\t\t\t\t<div class=\"elementor-column elementor-col-50 elementor-top-column elementor-element elementor-element-a33be53\" data-id=\"a33be53\" data-element_type=\"column\" data-e-type=\"column\">\n\t\t\t<div class=\"elementor-widget-wrap elementor-element-populated\">\n\t\t\t\t\t\t<div class=\"elementor-element elementor-element-8f6ae4f elementor-widget elementor-widget-text-editor\" data-id=\"8f6ae4f\" data-element_type=\"widget\" data-e-type=\"widget\" data-widget_type=\"text-editor.default\">\n\t\t\t\t<div class=\"elementor-widget-container\">\n\t\t\t\t\t\t\t\t\t<h5><strong>Forte d\u2019une approche interdisciplinaire, sp\u00e9cialiste de biodiversit\u00e9 et de science politique, Juliette Young a obtenu un <em>fellowship<\/em> de l\u2019I-SITE d\u2019Universit\u00e9 Bourgogne Franche-Comt\u00e9. Elle \u00e9tudie, sur le terrain, dans le cadre d\u2019un dispositif d\u2019action-recherche original, les conflits li\u00e9s \u00e0 la transition agro-\u00e9cologique.<\/strong><\/h5>\t\t\t\t\t\t\t\t<\/div>\n\t\t\t\t<\/div>\n\t\t\t\t\t<\/div>\n\t\t<\/div>\n\t\t\t\t\t<\/div>\n\t\t<\/section>\n\t\t\t\t<section class=\"elementor-section elementor-top-section elementor-element elementor-element-baa6f5e elementor-section-boxed elementor-section-height-default elementor-section-height-default\" data-id=\"baa6f5e\" data-element_type=\"section\" data-e-type=\"section\">\n\t\t\t\t\t\t<div class=\"elementor-container elementor-column-gap-default\">\n\t\t\t\t\t<div class=\"elementor-column elementor-col-100 elementor-top-column elementor-element elementor-element-2c329b3\" data-id=\"2c329b3\" data-element_type=\"column\" data-e-type=\"column\">\n\t\t\t<div class=\"elementor-widget-wrap elementor-element-populated\">\n\t\t\t\t\t\t<div class=\"elementor-element elementor-element-e1caf2b elementor-widget elementor-widget-text-editor\" data-id=\"e1caf2b\" data-element_type=\"widget\" data-e-type=\"widget\" data-widget_type=\"text-editor.default\">\n\t\t\t\t<div class=\"elementor-widget-container\">\n\t\t\t\t\t\t\t\t\t<p>Depuis qu\u2019elle est enfant, Juliette Young voyage, visite le monde, avide de d\u00e9couvertes. Ce go\u00fbt pour la rencontre avec l\u2019Autre explique, au moins en partie, sa capacit\u00e9 \u00e0 \u00e9couter et \u00e0 comprendre, son esprit de tol\u00e9rance, son empathie, son enthousiasme aussi. Son p\u00e8re \u00e9tait un diplomate britannique. Sa famille a d\u00e9m\u00e9nag\u00e9 au gr\u00e9 de ses nominations\u00a0: Londres, Damas, Paris, New Delhi\u2026 \u00ab\u00a0<em>Sans m\u00eame m\u2019en rendre compte, je me suis habitu\u00e9e \u00e0 changer de lieu de vie tous les trois ans environ<\/em>\u00a0\u00bb, r\u00e9sume Juliette Young, le sourire aux l\u00e8vres. De fait, son CV est un album de voyage. Son bac scientifique en poche apr\u00e8s ses ann\u00e9es de lyc\u00e9e fran\u00e7ais, elle d\u00e9croche un <em>bachelor<\/em> de zoologie \u00e0 Londres. Elle s\u2019accorde ensuite quelques mois pour travailler dans un centre d\u2019accueil et de soins pour chimpanz\u00e9s au Sierra Leone. Un coup militaire l\u2019oblige \u00e0 rentrer en Europe. Elle s\u2019installe \u00e0 Leeds pour passer un master en biodiversit\u00e9 et pr\u00e9servation des esp\u00e8ces. Dans la foul\u00e9e, direction la Polyn\u00e9sie, pour \u00e9tudier des parasites qui, profitant de la d\u00e9forestation, s\u2019attaque aux figuiers des \u00eeles Cook. Retour au Royaume-Uni, cette fois pr\u00e8s d\u2019Aberdeen, o\u00f9 Juliette Young est recrut\u00e9e au <em>Center for Ecology and Hydrology<\/em> pour travailler sur le projet europ\u00e9en Bioforum. Objectif\u00a0: comprendre les conflits qui \u00e9mergent entre la pr\u00e9servation des esp\u00e8ces et les autres activit\u00e9s humaines. \u00ab\u00a0<em>Je d\u00e9couvre alors que, dans les situations conflictuelles, injecter du savoir scientifique permet de mieux comprendre le conflit mais suffit rarement pour y mettre fin. La science n\u2019est pas la seule cl\u00e9 pour sortir d\u2019un conflit. Par exemple, m\u00eame si on avance des arguments scientifiques et des chiffres \u00e9tay\u00e9s sur l\u2019impact de la pr\u00e9sence du loup, les conflits entre \u00e9leveurs, d\u00e9fenseurs de la faune sauvage et autres acteurs perdurent en raison de la profondeur et de la complexit\u00e9 des conflits humains.<\/em>\u00a0\u00bb Cette exp\u00e9rience nourrit sa th\u00e8se, obtenue \u00e0 <em>l\u2019University of East Anglia<\/em>\u00a0: \u00e0 la crois\u00e9e des chemins, entre la zoologie et la science politique, Juliette Young d\u00e9cortique les m\u00e9canismes conflictuels qui sont \u00e0 l\u2019\u0153uvre dans les zones Natura 2000 en \u00c9cosse. La jeune docteure \u00e9largit ensuite ses recherches aux relations entre connaissance scientifique, d\u00e9cision politique et opinion publique, devenant coordinatrice d\u2019Eklipse, programme de recherche financ\u00e9 par la Commission europ\u00e9enne.<\/p><p>En 2018, Juliette Young traverse la Manche et s\u2019installe \u00e0 Dijon, o\u00f9 son mari obtient un poste \u00e0 l\u2019Institut national de recherche pour l\u2019agriculture, l\u2019alimentation et l\u2019environnement (Inrae). En 2019, elle obtient, pour une dur\u00e9e de trois ans, un <em>fellowship<\/em> octroy\u00e9 dans le cadre du PIA ISITE-BFC port\u00e9 par Universit\u00e9 Bourgogne Franche-Comt\u00e9 (UBFC), en tant que chercheuse junior. Ce <em>fellowship<\/em> ISITE-BFC (<em>tenure track<\/em>) lui permet de nouer de fortes relations de travail avec les chercheurs de l\u2019unit\u00e9 mixte de recherche (UMR) Agro\u00e9cologie, dont la co-tutelle implique INRAE, le CNRS et UBFC via AgroSup Dijon et l&#8217;universit\u00e9 de Bourgogne. Il contribue ainsi \u00e0 la poursuite de sa carri\u00e8re : en d\u00e9cembre 2020, elle est titularis\u00e9e par INRAE, et est nomm\u00e9e directrice de recherche au sein de l\u2019UMR Agro\u00e9cologie. Le sujet de ses travaux est toujours li\u00e9 \u00e0 l\u2019analyse des ressorts des conflits, mais cette fois dans le domaine sp\u00e9cifique de la transition agro-\u00e9cologique. \u00ab <em>Nous \u00e9tudions actuellement trois cas pr\u00e9cis li\u00e9s \u00e0 l\u2019utilisation des produits phytosanitaires\u00a0: dans l\u2019Auxerrois, nous \u00e9valuons les questions li\u00e9es \u00e0 l\u2019impact des intrants sur la qualit\u00e9 de l\u2019eau, dans le M\u00e2connais, les relations entre la viticulture et les riverains et pr\u00e8s de Dole, celles entre agriculteurs et apiculteurs<\/em>.\u00a0\u00bb Dans chaque cas, le travail de l\u2019\u00e9quipe \u2013 compos\u00e9e de quatre personnes \u2013 men\u00e9e par Juliette Young consiste \u00e0 analyser le contexte et l\u2019historique du conflit, les positions et visions de chacun ainsi que les freins et leviers \u00e0 la mise en \u0153uvre d\u2019une solution. Au total, les chercheurs ont men\u00e9 une soixantaine d\u2019entretiens, restitu\u00e9s par des vid\u00e9os qui seront projet\u00e9es en ouverture de \u00ab\u00a0transformation labs\u00a0\u00bb r\u00e9unissant les parties prenantes. \u00ab\u00a0<em>L\u2019objectif de ces labs est de favoriser la compr\u00e9hension mutuelle, de permettre aux acteurs d\u2019\u00e9laborer et de coproduire eux-m\u00eames, les solutions. <\/em>\u00bb Ce dispositif place la chercheuse dans une double posture d\u2019observation mais aussi d\u2019intervention, dans le cadre de diff\u00e9rends o\u00f9 les enjeux sont \u00e0 la fois \u00e9cologiques, \u00e9conomiques et sociaux. Ce dispositif d\u2019action-recherche passionne Juliette Young. \u00ab\u00a0<em>Cela permet de mieux comprendre les conflits autour des questions environnementales et de d\u00e9terminer jusqu\u2019\u00e0 quelle \u00e9chelle ce genre de dispositif participatif fonctionne<\/em>.\u00a0\u00bb<\/p>\t\t\t\t\t\t\t\t<\/div>\n\t\t\t\t<\/div>\n\t\t\t\t\t<\/div>\n\t\t<\/div>\n\t\t\t\t\t<\/div>\n\t\t<\/section>\n\t\t\t\t<\/div>\n\t\t","protected":false},"excerpt":{"rendered":"<p>Forte d\u2019une approche interdisciplinaire, sp\u00e9cialiste de biodiversit\u00e9 et de science politique, Juliette Young a obtenu un fellowship de l\u2019I-SITE d\u2019Universit\u00e9 Bourgogne Franche-Comt\u00e9. Elle \u00e9tudie, sur le terrain, dans le cadre d\u2019un dispositif d\u2019action-recherche original, les conflits li\u00e9s \u00e0 la transition agro-\u00e9cologique. Depuis qu\u2019elle est enfant, Juliette Young voyage, visite le monde, avide de d\u00e9couvertes. Ce &hellip; <a href=\"https:\/\/www.ubfc.fr\/en\/recherche\/portraits-de-chercheurs\/juliette-young-conflits-a-la-loupe\/\">Continued<\/a><\/p>\n","protected":false},"author":60,"featured_media":0,"parent":54056,"menu_order":33,"comment_status":"closed","ping_status":"closed","template":"","meta":{"_acf_changed":false,"footnotes":""},"class_list":["post-54114","page","type-page","status-publish","hentry"],"acf":[],"yoast_head":"<!-- This site is optimized with the Yoast SEO plugin v27.3 - https:\/\/yoast.com\/product\/yoast-seo-wordpress\/ -->\n<title>Juliette Young - Conflits \u00e0 la loupe - COMUE Universit\u00e9 Bourgogne-Franche-Comt\u00e9<\/title>\n<meta name=\"robots\" content=\"index, follow, max-snippet:-1, max-image-preview:large, max-video-preview:-1\" \/>\n<link rel=\"canonical\" href=\"https:\/\/www.ubfc.fr\/recherche\/portraits-de-chercheurs\/juliette-young-conflits-a-la-loupe\/\" \/>\n<meta property=\"og:locale\" content=\"en_US\" \/>\n<meta property=\"og:type\" content=\"article\" \/>\n<meta property=\"og:title\" content=\"Juliette Young - Conflits \u00e0 la loupe - COMUE Universit\u00e9 Bourgogne-Franche-Comt\u00e9\" \/>\n<meta property=\"og:description\" content=\"Forte d\u2019une approche interdisciplinaire, sp\u00e9cialiste de biodiversit\u00e9 et de science politique, Juliette Young a obtenu un fellowship de l\u2019I-SITE d\u2019Universit\u00e9 Bourgogne Franche-Comt\u00e9. Elle \u00e9tudie, sur le terrain, dans le cadre d\u2019un dispositif d\u2019action-recherche original, les conflits li\u00e9s \u00e0 la transition agro-\u00e9cologique. Depuis qu\u2019elle est enfant, Juliette Young voyage, visite le monde, avide de d\u00e9couvertes. Ce &hellip; Continued\" \/>\n<meta property=\"og:url\" content=\"https:\/\/www.ubfc.fr\/recherche\/portraits-de-chercheurs\/juliette-young-conflits-a-la-loupe\/\" \/>\n<meta property=\"og:site_name\" content=\"COMUE Universit\u00e9 Bourgogne-Franche-Comt\u00e9\" \/>\n<meta property=\"article:publisher\" content=\"https:\/\/www.facebook.com\/UnivBFC\/\" \/>\n<meta property=\"article:modified_time\" content=\"2021-06-04T14:12:14+00:00\" \/>\n<meta property=\"og:image\" content=\"https:\/\/www.ubfc.fr\/wp-content\/uploads\/2021\/06\/IMG_8087-web-768x1024.jpg\" \/>\n<meta name=\"twitter:card\" content=\"summary_large_image\" \/>\n<meta name=\"twitter:site\" content=\"@univ_bfc\" \/>\n<meta name=\"twitter:label1\" content=\"Est. reading time\" \/>\n\t<meta name=\"twitter:data1\" content=\"4 minutes\" \/>\n<script type=\"application\/ld+json\" class=\"yoast-schema-graph\">{\"@context\":\"https:\\\/\\\/schema.org\",\"@graph\":[{\"@type\":\"WebPage\",\"@id\":\"https:\\\/\\\/www.ubfc.fr\\\/recherche\\\/portraits-de-chercheurs\\\/juliette-young-conflits-a-la-loupe\\\/\",\"url\":\"https:\\\/\\\/www.ubfc.fr\\\/recherche\\\/portraits-de-chercheurs\\\/juliette-young-conflits-a-la-loupe\\\/\",\"name\":\"Juliette Young - Conflits \u00e0 la loupe - COMUE Universit\u00e9 Bourgogne-Franche-Comt\u00e9\",\"isPartOf\":{\"@id\":\"https:\\\/\\\/www.ubfc.fr\\\/#website\"},\"primaryImageOfPage\":{\"@id\":\"https:\\\/\\\/www.ubfc.fr\\\/recherche\\\/portraits-de-chercheurs\\\/juliette-young-conflits-a-la-loupe\\\/#primaryimage\"},\"image\":{\"@id\":\"https:\\\/\\\/www.ubfc.fr\\\/recherche\\\/portraits-de-chercheurs\\\/juliette-young-conflits-a-la-loupe\\\/#primaryimage\"},\"thumbnailUrl\":\"https:\\\/\\\/www.ubfc.fr\\\/wp-content\\\/uploads\\\/2021\\\/06\\\/IMG_8087-web-768x1024.jpg\",\"datePublished\":\"2021-06-02T12:33:15+00:00\",\"dateModified\":\"2021-06-04T14:12:14+00:00\",\"breadcrumb\":{\"@id\":\"https:\\\/\\\/www.ubfc.fr\\\/recherche\\\/portraits-de-chercheurs\\\/juliette-young-conflits-a-la-loupe\\\/#breadcrumb\"},\"inLanguage\":\"en-US\",\"potentialAction\":[{\"@type\":\"ReadAction\",\"target\":[\"https:\\\/\\\/www.ubfc.fr\\\/recherche\\\/portraits-de-chercheurs\\\/juliette-young-conflits-a-la-loupe\\\/\"]}]},{\"@type\":\"ImageObject\",\"inLanguage\":\"en-US\",\"@id\":\"https:\\\/\\\/www.ubfc.fr\\\/recherche\\\/portraits-de-chercheurs\\\/juliette-young-conflits-a-la-loupe\\\/#primaryimage\",\"url\":\"https:\\\/\\\/www.ubfc.fr\\\/wp-content\\\/uploads\\\/2021\\\/06\\\/IMG_8087-web-768x1024.jpg\",\"contentUrl\":\"https:\\\/\\\/www.ubfc.fr\\\/wp-content\\\/uploads\\\/2021\\\/06\\\/IMG_8087-web-768x1024.jpg\"},{\"@type\":\"BreadcrumbList\",\"@id\":\"https:\\\/\\\/www.ubfc.fr\\\/recherche\\\/portraits-de-chercheurs\\\/juliette-young-conflits-a-la-loupe\\\/#breadcrumb\",\"itemListElement\":[{\"@type\":\"ListItem\",\"position\":1,\"name\":\"Accueil\",\"item\":\"https:\\\/\\\/www.ubfc.fr\\\/en\\\/\"},{\"@type\":\"ListItem\",\"position\":2,\"name\":\"Recherche\",\"item\":\"https:\\\/\\\/www.ubfc.fr\\\/recherche\\\/\"},{\"@type\":\"ListItem\",\"position\":3,\"name\":\"Portraits de chercheurs\",\"item\":\"https:\\\/\\\/www.ubfc.fr\\\/recherche\\\/portraits-de-chercheurs\\\/\"},{\"@type\":\"ListItem\",\"position\":4,\"name\":\"Juliette Young &#8211; Conflits \u00e0 la loupe\"}]},{\"@type\":\"WebSite\",\"@id\":\"https:\\\/\\\/www.ubfc.fr\\\/#website\",\"url\":\"https:\\\/\\\/www.ubfc.fr\\\/\",\"name\":\"COMUE Universit\u00e9 Bourgogne-Franche-Comt\u00e9\",\"description\":\"\",\"publisher\":{\"@id\":\"https:\\\/\\\/www.ubfc.fr\\\/#organization\"},\"potentialAction\":[{\"@type\":\"SearchAction\",\"target\":{\"@type\":\"EntryPoint\",\"urlTemplate\":\"https:\\\/\\\/www.ubfc.fr\\\/?s={search_term_string}\"},\"query-input\":{\"@type\":\"PropertyValueSpecification\",\"valueRequired\":true,\"valueName\":\"search_term_string\"}}],\"inLanguage\":\"en-US\"},{\"@type\":\"Organization\",\"@id\":\"https:\\\/\\\/www.ubfc.fr\\\/#organization\",\"name\":\"Universit\u00e9 Bourgogne-Franche-Comt\u00e9\",\"url\":\"https:\\\/\\\/www.ubfc.fr\\\/\",\"logo\":{\"@type\":\"ImageObject\",\"inLanguage\":\"en-US\",\"@id\":\"https:\\\/\\\/www.ubfc.fr\\\/#\\\/schema\\\/logo\\\/image\\\/\",\"url\":\"https:\\\/\\\/www.ubfc.fr\\\/wp-content\\\/uploads\\\/2022\\\/03\\\/vagueUBFC_favicon.png\",\"contentUrl\":\"https:\\\/\\\/www.ubfc.fr\\\/wp-content\\\/uploads\\\/2022\\\/03\\\/vagueUBFC_favicon.png\",\"width\":512,\"height\":512,\"caption\":\"Universit\u00e9 Bourgogne-Franche-Comt\u00e9\"},\"image\":{\"@id\":\"https:\\\/\\\/www.ubfc.fr\\\/#\\\/schema\\\/logo\\\/image\\\/\"},\"sameAs\":[\"https:\\\/\\\/www.facebook.com\\\/UnivBFC\\\/\",\"https:\\\/\\\/x.com\\\/univ_bfc\",\"https:\\\/\\\/www.linkedin.com\\\/school\\\/universitebourgognefranchecomte\\\/mycompany\\\/\"]}]}<\/script>\n<!-- \/ Yoast SEO plugin. -->","yoast_head_json":{"title":"Juliette Young - Conflits \u00e0 la loupe - COMUE Universit\u00e9 Bourgogne-Franche-Comt\u00e9","robots":{"index":"index","follow":"follow","max-snippet":"max-snippet:-1","max-image-preview":"max-image-preview:large","max-video-preview":"max-video-preview:-1"},"canonical":"https:\/\/www.ubfc.fr\/recherche\/portraits-de-chercheurs\/juliette-young-conflits-a-la-loupe\/","og_locale":"en_US","og_type":"article","og_title":"Juliette Young - Conflits \u00e0 la loupe - COMUE Universit\u00e9 Bourgogne-Franche-Comt\u00e9","og_description":"Forte d\u2019une approche interdisciplinaire, sp\u00e9cialiste de biodiversit\u00e9 et de science politique, Juliette Young a obtenu un fellowship de l\u2019I-SITE d\u2019Universit\u00e9 Bourgogne Franche-Comt\u00e9. Elle \u00e9tudie, sur le terrain, dans le cadre d\u2019un dispositif d\u2019action-recherche original, les conflits li\u00e9s \u00e0 la transition agro-\u00e9cologique. Depuis qu\u2019elle est enfant, Juliette Young voyage, visite le monde, avide de d\u00e9couvertes. Ce &hellip; Continued","og_url":"https:\/\/www.ubfc.fr\/recherche\/portraits-de-chercheurs\/juliette-young-conflits-a-la-loupe\/","og_site_name":"COMUE Universit\u00e9 Bourgogne-Franche-Comt\u00e9","article_publisher":"https:\/\/www.facebook.com\/UnivBFC\/","article_modified_time":"2021-06-04T14:12:14+00:00","og_image":[{"url":"https:\/\/www.ubfc.fr\/wp-content\/uploads\/2021\/06\/IMG_8087-web-768x1024.jpg","type":"","width":"","height":""}],"twitter_card":"summary_large_image","twitter_site":"@univ_bfc","twitter_misc":{"Est. reading time":"4 minutes"},"schema":{"@context":"https:\/\/schema.org","@graph":[{"@type":"WebPage","@id":"https:\/\/www.ubfc.fr\/recherche\/portraits-de-chercheurs\/juliette-young-conflits-a-la-loupe\/","url":"https:\/\/www.ubfc.fr\/recherche\/portraits-de-chercheurs\/juliette-young-conflits-a-la-loupe\/","name":"Juliette Young - Conflits \u00e0 la loupe - COMUE Universit\u00e9 Bourgogne-Franche-Comt\u00e9","isPartOf":{"@id":"https:\/\/www.ubfc.fr\/#website"},"primaryImageOfPage":{"@id":"https:\/\/www.ubfc.fr\/recherche\/portraits-de-chercheurs\/juliette-young-conflits-a-la-loupe\/#primaryimage"},"image":{"@id":"https:\/\/www.ubfc.fr\/recherche\/portraits-de-chercheurs\/juliette-young-conflits-a-la-loupe\/#primaryimage"},"thumbnailUrl":"https:\/\/www.ubfc.fr\/wp-content\/uploads\/2021\/06\/IMG_8087-web-768x1024.jpg","datePublished":"2021-06-02T12:33:15+00:00","dateModified":"2021-06-04T14:12:14+00:00","breadcrumb":{"@id":"https:\/\/www.ubfc.fr\/recherche\/portraits-de-chercheurs\/juliette-young-conflits-a-la-loupe\/#breadcrumb"},"inLanguage":"en-US","potentialAction":[{"@type":"ReadAction","target":["https:\/\/www.ubfc.fr\/recherche\/portraits-de-chercheurs\/juliette-young-conflits-a-la-loupe\/"]}]},{"@type":"ImageObject","inLanguage":"en-US","@id":"https:\/\/www.ubfc.fr\/recherche\/portraits-de-chercheurs\/juliette-young-conflits-a-la-loupe\/#primaryimage","url":"https:\/\/www.ubfc.fr\/wp-content\/uploads\/2021\/06\/IMG_8087-web-768x1024.jpg","contentUrl":"https:\/\/www.ubfc.fr\/wp-content\/uploads\/2021\/06\/IMG_8087-web-768x1024.jpg"},{"@type":"BreadcrumbList","@id":"https:\/\/www.ubfc.fr\/recherche\/portraits-de-chercheurs\/juliette-young-conflits-a-la-loupe\/#breadcrumb","itemListElement":[{"@type":"ListItem","position":1,"name":"Accueil","item":"https:\/\/www.ubfc.fr\/en\/"},{"@type":"ListItem","position":2,"name":"Recherche","item":"https:\/\/www.ubfc.fr\/recherche\/"},{"@type":"ListItem","position":3,"name":"Portraits de chercheurs","item":"https:\/\/www.ubfc.fr\/recherche\/portraits-de-chercheurs\/"},{"@type":"ListItem","position":4,"name":"Juliette Young &#8211; Conflits \u00e0 la loupe"}]},{"@type":"WebSite","@id":"https:\/\/www.ubfc.fr\/#website","url":"https:\/\/www.ubfc.fr\/","name":"COMUE Universit\u00e9 Bourgogne-Franche-Comt\u00e9","description":"","publisher":{"@id":"https:\/\/www.ubfc.fr\/#organization"},"potentialAction":[{"@type":"SearchAction","target":{"@type":"EntryPoint","urlTemplate":"https:\/\/www.ubfc.fr\/?s={search_term_string}"},"query-input":{"@type":"PropertyValueSpecification","valueRequired":true,"valueName":"search_term_string"}}],"inLanguage":"en-US"},{"@type":"Organization","@id":"https:\/\/www.ubfc.fr\/#organization","name":"Universit\u00e9 Bourgogne-Franche-Comt\u00e9","url":"https:\/\/www.ubfc.fr\/","logo":{"@type":"ImageObject","inLanguage":"en-US","@id":"https:\/\/www.ubfc.fr\/#\/schema\/logo\/image\/","url":"https:\/\/www.ubfc.fr\/wp-content\/uploads\/2022\/03\/vagueUBFC_favicon.png","contentUrl":"https:\/\/www.ubfc.fr\/wp-content\/uploads\/2022\/03\/vagueUBFC_favicon.png","width":512,"height":512,"caption":"Universit\u00e9 Bourgogne-Franche-Comt\u00e9"},"image":{"@id":"https:\/\/www.ubfc.fr\/#\/schema\/logo\/image\/"},"sameAs":["https:\/\/www.facebook.com\/UnivBFC\/","https:\/\/x.com\/univ_bfc","https:\/\/www.linkedin.com\/school\/universitebourgognefranchecomte\/mycompany\/"]}]}},"_links":{"self":[{"href":"https:\/\/www.ubfc.fr\/en\/wp-json\/wp\/v2\/pages\/54114","targetHints":{"allow":["GET"]}}],"collection":[{"href":"https:\/\/www.ubfc.fr\/en\/wp-json\/wp\/v2\/pages"}],"about":[{"href":"https:\/\/www.ubfc.fr\/en\/wp-json\/wp\/v2\/types\/page"}],"author":[{"embeddable":true,"href":"https:\/\/www.ubfc.fr\/en\/wp-json\/wp\/v2\/users\/60"}],"replies":[{"embeddable":true,"href":"https:\/\/www.ubfc.fr\/en\/wp-json\/wp\/v2\/comments?post=54114"}],"version-history":[{"count":0,"href":"https:\/\/www.ubfc.fr\/en\/wp-json\/wp\/v2\/pages\/54114\/revisions"}],"up":[{"embeddable":true,"href":"https:\/\/www.ubfc.fr\/en\/wp-json\/wp\/v2\/pages\/54056"}],"wp:attachment":[{"href":"https:\/\/www.ubfc.fr\/en\/wp-json\/wp\/v2\/media?parent=54114"}],"curies":[{"name":"wp","href":"https:\/\/api.w.org\/{rel}","templated":true}]}}