{"id":54108,"date":"2021-06-02T14:20:24","date_gmt":"2021-06-02T12:20:24","guid":{"rendered":"https:\/\/www.ubfc.fr\/?page_id=54108"},"modified":"2021-06-02T14:25:00","modified_gmt":"2021-06-02T12:25:00","slug":"herve-alexandre-chasseur-de-sulfites","status":"publish","type":"page","link":"https:\/\/www.ubfc.fr\/en\/recherche\/portraits-de-chercheurs\/herve-alexandre-chasseur-de-sulfites\/","title":{"rendered":"Herv\u00e9 Alexandre, chasseur de sulfites"},"content":{"rendered":"\t\t<div data-elementor-type=\"wp-page\" data-elementor-id=\"54108\" class=\"elementor elementor-54108\" data-elementor-post-type=\"page\">\n\t\t\t\t\t\t<section class=\"elementor-section elementor-top-section elementor-element elementor-element-7302603 elementor-section-boxed elementor-section-height-default elementor-section-height-default\" data-id=\"7302603\" data-element_type=\"section\" data-e-type=\"section\">\n\t\t\t\t\t\t<div class=\"elementor-container elementor-column-gap-default\">\n\t\t\t\t\t<div class=\"elementor-column elementor-col-50 elementor-top-column elementor-element elementor-element-7ab0ada\" data-id=\"7ab0ada\" data-element_type=\"column\" data-e-type=\"column\">\n\t\t\t<div class=\"elementor-widget-wrap elementor-element-populated\">\n\t\t\t\t\t\t<div class=\"elementor-element elementor-element-fe223ae elementor-widget elementor-widget-image\" data-id=\"fe223ae\" data-element_type=\"widget\" data-e-type=\"widget\" data-widget_type=\"image.default\">\n\t\t\t\t<div class=\"elementor-widget-container\">\n\t\t\t\t\t\t\t\t\t\t\t\t<figure class=\"wp-caption\">\n\t\t\t\t\t\t\t\t\t\t<img fetchpriority=\"high\" decoding=\"async\" width=\"1024\" height=\"768\" src=\"https:\/\/www.ubfc.fr\/wp-content\/uploads\/2021\/06\/IMG_7520-web-1024x768.jpg\" class=\"attachment-large size-large wp-image-54110\" alt=\"\" srcset=\"https:\/\/www.ubfc.fr\/wp-content\/uploads\/2021\/06\/IMG_7520-web-1024x768.jpg 1024w, https:\/\/www.ubfc.fr\/wp-content\/uploads\/2021\/06\/IMG_7520-web-300x225.jpg 300w, https:\/\/www.ubfc.fr\/wp-content\/uploads\/2021\/06\/IMG_7520-web-768x576.jpg 768w, https:\/\/www.ubfc.fr\/wp-content\/uploads\/2021\/06\/IMG_7520-web-1536x1152.jpg 1536w, https:\/\/www.ubfc.fr\/wp-content\/uploads\/2021\/06\/IMG_7520-web-2048x1536.jpg 2048w\" sizes=\"(max-width: 1024px) 100vw, 1024px\" \/>\t\t\t\t\t\t\t\t\t\t\t<figcaption class=\"widget-image-caption wp-caption-text\">Herv\u00e9 Alexandre \/ \u00a9 Patrice Bouillot - La Plume &amp; le Micro<\/figcaption>\n\t\t\t\t\t\t\t\t\t\t<\/figure>\n\t\t\t\t\t\t\t\t\t<\/div>\n\t\t\t\t<\/div>\n\t\t\t\t\t<\/div>\n\t\t<\/div>\n\t\t\t\t<div class=\"elementor-column elementor-col-50 elementor-top-column elementor-element elementor-element-15b1f4b\" data-id=\"15b1f4b\" data-element_type=\"column\" data-e-type=\"column\">\n\t\t\t<div class=\"elementor-widget-wrap elementor-element-populated\">\n\t\t\t\t\t\t<div class=\"elementor-element elementor-element-6fdf6d7 elementor-widget elementor-widget-text-editor\" data-id=\"6fdf6d7\" data-element_type=\"widget\" data-e-type=\"widget\" data-widget_type=\"text-editor.default\">\n\t\t\t\t<div class=\"elementor-widget-container\">\n\t\t\t\t\t\t\t\t\t<h5><strong>Enseignant-chercheur \u00e0 l\u2019Institut universitaire de la vigne et du vin (IUVV) Jules-Guyot de l\u2019universit\u00e9 de Bourgogne, Herv\u00e9 Alexandre est le laur\u00e9at de l\u2019Enoforum 2020 pour ses travaux sur des micro-organismes permettant de r\u00e9duire les sulfites dans le vin.<\/strong><\/h5>\t\t\t\t\t\t\t\t<\/div>\n\t\t\t\t<\/div>\n\t\t\t\t\t<\/div>\n\t\t<\/div>\n\t\t\t\t\t<\/div>\n\t\t<\/section>\n\t\t\t\t<section class=\"elementor-section elementor-top-section elementor-element elementor-element-35869d5 elementor-section-boxed elementor-section-height-default elementor-section-height-default\" data-id=\"35869d5\" data-element_type=\"section\" data-e-type=\"section\">\n\t\t\t\t\t\t<div class=\"elementor-container elementor-column-gap-default\">\n\t\t\t\t\t<div class=\"elementor-column elementor-col-100 elementor-top-column elementor-element elementor-element-dedcd46\" data-id=\"dedcd46\" data-element_type=\"column\" data-e-type=\"column\">\n\t\t\t<div class=\"elementor-widget-wrap elementor-element-populated\">\n\t\t\t\t\t\t<div class=\"elementor-element elementor-element-ac7ef77 elementor-widget elementor-widget-text-editor\" data-id=\"ac7ef77\" data-element_type=\"widget\" data-e-type=\"widget\" data-widget_type=\"text-editor.default\">\n\t\t\t\t<div class=\"elementor-widget-container\">\n\t\t\t\t\t\t\t\t\t<p>Quand il doit choisir son sujet d\u2019\u00e9tude en DEA apr\u00e8s sa ma\u00eetrise en biochimie et en biologie mol\u00e9culaire \u00e0 Toulouse, Herv\u00e9 Alexandre pr\u00e9f\u00e8re se pencher sur le vin plut\u00f4t que sur la viande bovine. Parce qu\u2019il est un amoureux du vin, qui appr\u00e9cie particuli\u00e8rement la syrah, la mondeuse et, bien s\u00fbr, le pinot noir. Ce choix l\u2019am\u00e8ne d\u2019abord \u00e0 Bordeaux, pour son DEA. Puis \u00e0 Dijon, o\u00f9, dans le cadre de sa th\u00e8se, il \u00e9tudie les processus \u00e0 l\u2019\u0153uvre lors de la fermentation alcoolique du raisin. Parall\u00e8lement, il obtient son dipl\u00f4me national d\u2019\u0153nologue. Recrut\u00e9 comme ma\u00eetre de conf\u00e9rences \u00e0 l\u2019universit\u00e9 de Bourgogne (uB) en 1995, il s\u2019expatrie trois ans plus tard en Afrique du Sud pour approfondir ses connaissances en biologie mol\u00e9culaire\u00a0: dans les vignes du c\u00f4t\u00e9 du Cap, il s\u2019int\u00e9resse de pr\u00e8s aux levures de voile typiques, par exemple, du vin jaune du Jura. Retour en France, avec un d\u00e9tour par le centre de l\u2019Institut national de la recherche agronomique (INRAE) de Montpellier, pour travailler cette fois sur la transcriptomique des levures, ou comment les levures s\u2019adaptent au stress provoqu\u00e9 par l\u2019\u00e9thanol lors de la fermentation. De retour \u00e0 Dijon en 2002, il obtient son habilitation \u00e0 diriger des recherches et est nomm\u00e9 professeur. Il consacre ensuite ses recherches, au sein de l\u2019Institut de la vigne et du vin (IUVV) Jules-Guyot de l\u2019uB, \u00e0 ces ph\u00e9nom\u00e8nes de stress des levures dont la bonne compr\u00e9hension est l\u2019une des cl\u00e9s pour obtenir de grands vins. \u00ab\u00a0<em>Cette question a constitu\u00e9 un fil conducteur de mes travaux\u00a0: comment les micro-organismes pr\u00e9sents dans le jus de raisin r\u00e9pondent et s\u2019adaptent au stress provoqu\u00e9 par l\u2019\u00e9thanol, des carences en azote ou en vitamines\u2026 Sachant que le stress risque de perturber la fermentation et donc <\/em>in fine<em> la qualit\u00e9 du vin. Peu \u00e0 peu, mon int\u00e9r\u00eat s\u2019est \u00e9tendu \u00e0 l\u2019ensemble de la flore pr\u00e9sente dans le raisin, \u00e0 l\u2019\u00e9tude de la communaut\u00e9 microbienne pr\u00e9sente dans les mo\u00fbts.\u00a0<\/em>\u00bb Le d\u00e9ploiement de techniques physiologiques, biochimiques et mol\u00e9culaires permet de comprendre qu\u2019un genre de levures en particulier, <em>Saccharomyces<\/em>, celles-l\u00e0 m\u00eame qui agissent dans la fabrication de la bi\u00e8re ou du pain, deviennent dominantes lors de la fermentation. Le travail en laboratoire puis l\u2019exp\u00e9rimentation dans des cuveries ont permis ensuite d\u2019isoler des micro-organismes capables d\u2019agir avec les <em>Saccharomyces<\/em> dans la fermentation de mani\u00e8re \u00e0 cr\u00e9er des vins de nature diff\u00e9rente.<\/p><p>Herv\u00e9 Alexandre, qui enseigne \u00e0 l\u2019IUVV les techniques de vinification, la microbiologie du vin ou encore la d\u00e9gustation, dirige Valmis (Vin aliment microbiologie stress), l\u2019une des trois \u00e9quipes de l\u2019unit\u00e9 mixte de recherche (UMR) Proc\u00e9d\u00e9s alimentaires et microbiologiques (PAM) plac\u00e9e sous la double tutelle d\u2019AgroSup Dijon et de l\u2019universit\u00e9 de Bourgogne, deux \u00e9tablissements membres d\u2019Universit\u00e9 Bourgogne Franche-Comt\u00e9 (UBFC). Lors de la derni\u00e8re \u00e9dition d\u2019Enoforum, initialement pr\u00e9vue \u00e0 Saragosse mais qui s\u2019est finalement tenue en visioconf\u00e9rence, l\u2019un des projets encadr\u00e9s par Herv\u00e9 Alexandre a re\u00e7u l\u2019<em>award<\/em> 2020. Ce prix prestigieux r\u00e9compense un travail faisant le lien entre la recherche internationale et la production vitivinicole. \u00ab\u00a0<em>Nos travaux sur les micro-organismes nous ont amen\u00e9s \u00e0 nous int\u00e9resser aux ph\u00e9nom\u00e8nes de bioprotection. On sait que la plupart des viticulteurs ajoutent des sulfites dans leur vin afin de le prot\u00e9ger des alt\u00e9rations microbiennes et de l\u2019oxydation enzymatique et chimique. Le sulfite joue un r\u00f4le de conservateur. Mais il est aujourd\u2019hui souvent critiqu\u00e9\u00a0: il existe une pression soci\u00e9tale pour en r\u00e9duire l\u2019utilisation, pour diminuer les intrants. Et il est vrai que certaines personnes sont sensibles \u00e0 la pr\u00e9sence du SO<sub>2<\/sub> dans le vin. Notre travail a donc consist\u00e9 \u00e0 identifier des micro-organismes capables de remplacer les sulfites<\/em>.\u00a0\u00bb La voie explor\u00e9e par l\u2019\u00e9quipe Valmis (IUVV) a donc \u00e9t\u00e9 celle de la microbiologie, \u00e0 la diff\u00e9rence de solutions alternatives reposant par exemple sur la pasteurisation ou la st\u00e9rilisation des mo\u00fbts. Une option couronn\u00e9e de succ\u00e8s\u00a0: \u00ab\u00a0<em>Nous avons isol\u00e9 des micro-organismes, nous avons test\u00e9 leur capacit\u00e9 \u00e0 limiter le d\u00e9veloppement d\u2019autres organismes, en laboratoire puis dans la cuverie du domaine de l\u2019uB \u00e0 Marsannay-la-C\u00f4te puis dans des domaines viticoles en France. Et \u00e7a marche<\/em>.\u00a0\u00bb Au point qu\u2019une licence a \u00e9t\u00e9 confi\u00e9e \u00e0 une soci\u00e9t\u00e9 priv\u00e9e italienne qui produit et commercialise ces micro-organismes rempla\u00e7ant les sulfites. L\u2019<em>award<\/em> de l\u2019Enoforum r\u00e9compense en particulier la th\u00e8se produite sur ce sujet par Scott Simonin et encadr\u00e9e par Rapha\u00eblle Tourdot-Mar\u00e9chal et Herv\u00e9 Alexandre. Un succ\u00e8s d\u2019\u00e9quipe, associant universitaires et professionnels de la vigne. Succ\u00e8s qui en appelle d\u2019autres\u00a0: l\u2019\u00e9quipe se penche \u00e9galement sur un genre de levures d\u2019alt\u00e9ration, <em>Brettanomyces<\/em>, responsables d\u2019odeurs d\u00e9sagr\u00e9ables, ou sur les bact\u00e9ries lactiques pr\u00e9sentes dans le vin afin d\u2019am\u00e9liorer leur r\u00e9sistance au stress.<\/p>\t\t\t\t\t\t\t\t<\/div>\n\t\t\t\t<\/div>\n\t\t\t\t\t<\/div>\n\t\t<\/div>\n\t\t\t\t\t<\/div>\n\t\t<\/section>\n\t\t\t\t<\/div>\n\t\t","protected":false},"excerpt":{"rendered":"<p>Herv\u00e9 Alexandre \/ \u00a9 Patrice Bouillot &#8211; La Plume &amp; le Micro Enseignant-chercheur \u00e0 l\u2019Institut universitaire de la vigne et du vin (IUVV) Jules-Guyot de l\u2019universit\u00e9 de Bourgogne, Herv\u00e9 Alexandre est le laur\u00e9at de l\u2019Enoforum 2020 pour ses travaux sur des micro-organismes permettant de r\u00e9duire les sulfites dans le vin. Quand il doit choisir son &hellip; <a href=\"https:\/\/www.ubfc.fr\/en\/recherche\/portraits-de-chercheurs\/herve-alexandre-chasseur-de-sulfites\/\">Continued<\/a><\/p>\n","protected":false},"author":60,"featured_media":0,"parent":54056,"menu_order":35,"comment_status":"closed","ping_status":"closed","template":"","meta":{"_acf_changed":false,"footnotes":""},"class_list":["post-54108","page","type-page","status-publish","hentry"],"acf":[],"yoast_head":"<!-- This site is optimized with the Yoast SEO plugin v27.3 - https:\/\/yoast.com\/product\/yoast-seo-wordpress\/ -->\n<title>Herv\u00e9 Alexandre, chasseur de sulfites - COMUE Universit\u00e9 Bourgogne-Franche-Comt\u00e9<\/title>\n<meta name=\"robots\" content=\"index, follow, max-snippet:-1, max-image-preview:large, max-video-preview:-1\" \/>\n<link rel=\"canonical\" href=\"https:\/\/www.ubfc.fr\/recherche\/portraits-de-chercheurs\/herve-alexandre-chasseur-de-sulfites\/\" \/>\n<meta property=\"og:locale\" content=\"en_US\" \/>\n<meta property=\"og:type\" content=\"article\" \/>\n<meta property=\"og:title\" content=\"Herv\u00e9 Alexandre, chasseur de sulfites - COMUE Universit\u00e9 Bourgogne-Franche-Comt\u00e9\" \/>\n<meta property=\"og:description\" content=\"Herv\u00e9 Alexandre \/ \u00a9 Patrice Bouillot &#8211; La Plume &amp; le Micro Enseignant-chercheur \u00e0 l\u2019Institut universitaire de la vigne et du vin (IUVV) Jules-Guyot de l\u2019universit\u00e9 de Bourgogne, Herv\u00e9 Alexandre est le laur\u00e9at de l\u2019Enoforum 2020 pour ses travaux sur des micro-organismes permettant de r\u00e9duire les sulfites dans le vin. Quand il doit choisir son &hellip; Continued\" \/>\n<meta property=\"og:url\" content=\"https:\/\/www.ubfc.fr\/recherche\/portraits-de-chercheurs\/herve-alexandre-chasseur-de-sulfites\/\" \/>\n<meta property=\"og:site_name\" content=\"COMUE Universit\u00e9 Bourgogne-Franche-Comt\u00e9\" \/>\n<meta property=\"article:publisher\" content=\"https:\/\/www.facebook.com\/UnivBFC\/\" \/>\n<meta property=\"article:modified_time\" content=\"2021-06-02T12:25:00+00:00\" \/>\n<meta property=\"og:image\" content=\"https:\/\/www.ubfc.fr\/wp-content\/uploads\/2021\/06\/IMG_7520-web-1024x768.jpg\" \/>\n<meta name=\"twitter:card\" content=\"summary_large_image\" \/>\n<meta name=\"twitter:site\" content=\"@univ_bfc\" \/>\n<meta name=\"twitter:label1\" content=\"Est. reading time\" \/>\n\t<meta name=\"twitter:data1\" content=\"5 minutes\" \/>\n<script type=\"application\/ld+json\" class=\"yoast-schema-graph\">{\"@context\":\"https:\\\/\\\/schema.org\",\"@graph\":[{\"@type\":\"WebPage\",\"@id\":\"https:\\\/\\\/www.ubfc.fr\\\/recherche\\\/portraits-de-chercheurs\\\/herve-alexandre-chasseur-de-sulfites\\\/\",\"url\":\"https:\\\/\\\/www.ubfc.fr\\\/recherche\\\/portraits-de-chercheurs\\\/herve-alexandre-chasseur-de-sulfites\\\/\",\"name\":\"Herv\u00e9 Alexandre, chasseur de sulfites - COMUE Universit\u00e9 Bourgogne-Franche-Comt\u00e9\",\"isPartOf\":{\"@id\":\"https:\\\/\\\/www.ubfc.fr\\\/#website\"},\"primaryImageOfPage\":{\"@id\":\"https:\\\/\\\/www.ubfc.fr\\\/recherche\\\/portraits-de-chercheurs\\\/herve-alexandre-chasseur-de-sulfites\\\/#primaryimage\"},\"image\":{\"@id\":\"https:\\\/\\\/www.ubfc.fr\\\/recherche\\\/portraits-de-chercheurs\\\/herve-alexandre-chasseur-de-sulfites\\\/#primaryimage\"},\"thumbnailUrl\":\"https:\\\/\\\/www.ubfc.fr\\\/wp-content\\\/uploads\\\/2021\\\/06\\\/IMG_7520-web-1024x768.jpg\",\"datePublished\":\"2021-06-02T12:20:24+00:00\",\"dateModified\":\"2021-06-02T12:25:00+00:00\",\"breadcrumb\":{\"@id\":\"https:\\\/\\\/www.ubfc.fr\\\/recherche\\\/portraits-de-chercheurs\\\/herve-alexandre-chasseur-de-sulfites\\\/#breadcrumb\"},\"inLanguage\":\"en-US\",\"potentialAction\":[{\"@type\":\"ReadAction\",\"target\":[\"https:\\\/\\\/www.ubfc.fr\\\/recherche\\\/portraits-de-chercheurs\\\/herve-alexandre-chasseur-de-sulfites\\\/\"]}]},{\"@type\":\"ImageObject\",\"inLanguage\":\"en-US\",\"@id\":\"https:\\\/\\\/www.ubfc.fr\\\/recherche\\\/portraits-de-chercheurs\\\/herve-alexandre-chasseur-de-sulfites\\\/#primaryimage\",\"url\":\"https:\\\/\\\/www.ubfc.fr\\\/wp-content\\\/uploads\\\/2021\\\/06\\\/IMG_7520-web-1024x768.jpg\",\"contentUrl\":\"https:\\\/\\\/www.ubfc.fr\\\/wp-content\\\/uploads\\\/2021\\\/06\\\/IMG_7520-web-1024x768.jpg\"},{\"@type\":\"BreadcrumbList\",\"@id\":\"https:\\\/\\\/www.ubfc.fr\\\/recherche\\\/portraits-de-chercheurs\\\/herve-alexandre-chasseur-de-sulfites\\\/#breadcrumb\",\"itemListElement\":[{\"@type\":\"ListItem\",\"position\":1,\"name\":\"Accueil\",\"item\":\"https:\\\/\\\/www.ubfc.fr\\\/en\\\/\"},{\"@type\":\"ListItem\",\"position\":2,\"name\":\"Recherche\",\"item\":\"https:\\\/\\\/www.ubfc.fr\\\/recherche\\\/\"},{\"@type\":\"ListItem\",\"position\":3,\"name\":\"Portraits de chercheurs\",\"item\":\"https:\\\/\\\/www.ubfc.fr\\\/recherche\\\/portraits-de-chercheurs\\\/\"},{\"@type\":\"ListItem\",\"position\":4,\"name\":\"Herv\u00e9 Alexandre, chasseur de sulfites\"}]},{\"@type\":\"WebSite\",\"@id\":\"https:\\\/\\\/www.ubfc.fr\\\/#website\",\"url\":\"https:\\\/\\\/www.ubfc.fr\\\/\",\"name\":\"COMUE Universit\u00e9 Bourgogne-Franche-Comt\u00e9\",\"description\":\"\",\"publisher\":{\"@id\":\"https:\\\/\\\/www.ubfc.fr\\\/#organization\"},\"potentialAction\":[{\"@type\":\"SearchAction\",\"target\":{\"@type\":\"EntryPoint\",\"urlTemplate\":\"https:\\\/\\\/www.ubfc.fr\\\/?s={search_term_string}\"},\"query-input\":{\"@type\":\"PropertyValueSpecification\",\"valueRequired\":true,\"valueName\":\"search_term_string\"}}],\"inLanguage\":\"en-US\"},{\"@type\":\"Organization\",\"@id\":\"https:\\\/\\\/www.ubfc.fr\\\/#organization\",\"name\":\"Universit\u00e9 Bourgogne-Franche-Comt\u00e9\",\"url\":\"https:\\\/\\\/www.ubfc.fr\\\/\",\"logo\":{\"@type\":\"ImageObject\",\"inLanguage\":\"en-US\",\"@id\":\"https:\\\/\\\/www.ubfc.fr\\\/#\\\/schema\\\/logo\\\/image\\\/\",\"url\":\"https:\\\/\\\/www.ubfc.fr\\\/wp-content\\\/uploads\\\/2022\\\/03\\\/vagueUBFC_favicon.png\",\"contentUrl\":\"https:\\\/\\\/www.ubfc.fr\\\/wp-content\\\/uploads\\\/2022\\\/03\\\/vagueUBFC_favicon.png\",\"width\":512,\"height\":512,\"caption\":\"Universit\u00e9 Bourgogne-Franche-Comt\u00e9\"},\"image\":{\"@id\":\"https:\\\/\\\/www.ubfc.fr\\\/#\\\/schema\\\/logo\\\/image\\\/\"},\"sameAs\":[\"https:\\\/\\\/www.facebook.com\\\/UnivBFC\\\/\",\"https:\\\/\\\/x.com\\\/univ_bfc\",\"https:\\\/\\\/www.linkedin.com\\\/school\\\/universitebourgognefranchecomte\\\/mycompany\\\/\"]}]}<\/script>\n<!-- \/ Yoast SEO plugin. -->","yoast_head_json":{"title":"Herv\u00e9 Alexandre, chasseur de sulfites - COMUE Universit\u00e9 Bourgogne-Franche-Comt\u00e9","robots":{"index":"index","follow":"follow","max-snippet":"max-snippet:-1","max-image-preview":"max-image-preview:large","max-video-preview":"max-video-preview:-1"},"canonical":"https:\/\/www.ubfc.fr\/recherche\/portraits-de-chercheurs\/herve-alexandre-chasseur-de-sulfites\/","og_locale":"en_US","og_type":"article","og_title":"Herv\u00e9 Alexandre, chasseur de sulfites - COMUE Universit\u00e9 Bourgogne-Franche-Comt\u00e9","og_description":"Herv\u00e9 Alexandre \/ \u00a9 Patrice Bouillot &#8211; La Plume &amp; le Micro Enseignant-chercheur \u00e0 l\u2019Institut universitaire de la vigne et du vin (IUVV) Jules-Guyot de l\u2019universit\u00e9 de Bourgogne, Herv\u00e9 Alexandre est le laur\u00e9at de l\u2019Enoforum 2020 pour ses travaux sur des micro-organismes permettant de r\u00e9duire les sulfites dans le vin. Quand il doit choisir son &hellip; Continued","og_url":"https:\/\/www.ubfc.fr\/recherche\/portraits-de-chercheurs\/herve-alexandre-chasseur-de-sulfites\/","og_site_name":"COMUE Universit\u00e9 Bourgogne-Franche-Comt\u00e9","article_publisher":"https:\/\/www.facebook.com\/UnivBFC\/","article_modified_time":"2021-06-02T12:25:00+00:00","og_image":[{"url":"https:\/\/www.ubfc.fr\/wp-content\/uploads\/2021\/06\/IMG_7520-web-1024x768.jpg","type":"","width":"","height":""}],"twitter_card":"summary_large_image","twitter_site":"@univ_bfc","twitter_misc":{"Est. reading time":"5 minutes"},"schema":{"@context":"https:\/\/schema.org","@graph":[{"@type":"WebPage","@id":"https:\/\/www.ubfc.fr\/recherche\/portraits-de-chercheurs\/herve-alexandre-chasseur-de-sulfites\/","url":"https:\/\/www.ubfc.fr\/recherche\/portraits-de-chercheurs\/herve-alexandre-chasseur-de-sulfites\/","name":"Herv\u00e9 Alexandre, chasseur de sulfites - COMUE Universit\u00e9 Bourgogne-Franche-Comt\u00e9","isPartOf":{"@id":"https:\/\/www.ubfc.fr\/#website"},"primaryImageOfPage":{"@id":"https:\/\/www.ubfc.fr\/recherche\/portraits-de-chercheurs\/herve-alexandre-chasseur-de-sulfites\/#primaryimage"},"image":{"@id":"https:\/\/www.ubfc.fr\/recherche\/portraits-de-chercheurs\/herve-alexandre-chasseur-de-sulfites\/#primaryimage"},"thumbnailUrl":"https:\/\/www.ubfc.fr\/wp-content\/uploads\/2021\/06\/IMG_7520-web-1024x768.jpg","datePublished":"2021-06-02T12:20:24+00:00","dateModified":"2021-06-02T12:25:00+00:00","breadcrumb":{"@id":"https:\/\/www.ubfc.fr\/recherche\/portraits-de-chercheurs\/herve-alexandre-chasseur-de-sulfites\/#breadcrumb"},"inLanguage":"en-US","potentialAction":[{"@type":"ReadAction","target":["https:\/\/www.ubfc.fr\/recherche\/portraits-de-chercheurs\/herve-alexandre-chasseur-de-sulfites\/"]}]},{"@type":"ImageObject","inLanguage":"en-US","@id":"https:\/\/www.ubfc.fr\/recherche\/portraits-de-chercheurs\/herve-alexandre-chasseur-de-sulfites\/#primaryimage","url":"https:\/\/www.ubfc.fr\/wp-content\/uploads\/2021\/06\/IMG_7520-web-1024x768.jpg","contentUrl":"https:\/\/www.ubfc.fr\/wp-content\/uploads\/2021\/06\/IMG_7520-web-1024x768.jpg"},{"@type":"BreadcrumbList","@id":"https:\/\/www.ubfc.fr\/recherche\/portraits-de-chercheurs\/herve-alexandre-chasseur-de-sulfites\/#breadcrumb","itemListElement":[{"@type":"ListItem","position":1,"name":"Accueil","item":"https:\/\/www.ubfc.fr\/en\/"},{"@type":"ListItem","position":2,"name":"Recherche","item":"https:\/\/www.ubfc.fr\/recherche\/"},{"@type":"ListItem","position":3,"name":"Portraits de chercheurs","item":"https:\/\/www.ubfc.fr\/recherche\/portraits-de-chercheurs\/"},{"@type":"ListItem","position":4,"name":"Herv\u00e9 Alexandre, chasseur de sulfites"}]},{"@type":"WebSite","@id":"https:\/\/www.ubfc.fr\/#website","url":"https:\/\/www.ubfc.fr\/","name":"COMUE Universit\u00e9 Bourgogne-Franche-Comt\u00e9","description":"","publisher":{"@id":"https:\/\/www.ubfc.fr\/#organization"},"potentialAction":[{"@type":"SearchAction","target":{"@type":"EntryPoint","urlTemplate":"https:\/\/www.ubfc.fr\/?s={search_term_string}"},"query-input":{"@type":"PropertyValueSpecification","valueRequired":true,"valueName":"search_term_string"}}],"inLanguage":"en-US"},{"@type":"Organization","@id":"https:\/\/www.ubfc.fr\/#organization","name":"Universit\u00e9 Bourgogne-Franche-Comt\u00e9","url":"https:\/\/www.ubfc.fr\/","logo":{"@type":"ImageObject","inLanguage":"en-US","@id":"https:\/\/www.ubfc.fr\/#\/schema\/logo\/image\/","url":"https:\/\/www.ubfc.fr\/wp-content\/uploads\/2022\/03\/vagueUBFC_favicon.png","contentUrl":"https:\/\/www.ubfc.fr\/wp-content\/uploads\/2022\/03\/vagueUBFC_favicon.png","width":512,"height":512,"caption":"Universit\u00e9 Bourgogne-Franche-Comt\u00e9"},"image":{"@id":"https:\/\/www.ubfc.fr\/#\/schema\/logo\/image\/"},"sameAs":["https:\/\/www.facebook.com\/UnivBFC\/","https:\/\/x.com\/univ_bfc","https:\/\/www.linkedin.com\/school\/universitebourgognefranchecomte\/mycompany\/"]}]}},"_links":{"self":[{"href":"https:\/\/www.ubfc.fr\/en\/wp-json\/wp\/v2\/pages\/54108","targetHints":{"allow":["GET"]}}],"collection":[{"href":"https:\/\/www.ubfc.fr\/en\/wp-json\/wp\/v2\/pages"}],"about":[{"href":"https:\/\/www.ubfc.fr\/en\/wp-json\/wp\/v2\/types\/page"}],"author":[{"embeddable":true,"href":"https:\/\/www.ubfc.fr\/en\/wp-json\/wp\/v2\/users\/60"}],"replies":[{"embeddable":true,"href":"https:\/\/www.ubfc.fr\/en\/wp-json\/wp\/v2\/comments?post=54108"}],"version-history":[{"count":0,"href":"https:\/\/www.ubfc.fr\/en\/wp-json\/wp\/v2\/pages\/54108\/revisions"}],"up":[{"embeddable":true,"href":"https:\/\/www.ubfc.fr\/en\/wp-json\/wp\/v2\/pages\/54056"}],"wp:attachment":[{"href":"https:\/\/www.ubfc.fr\/en\/wp-json\/wp\/v2\/media?parent=54108"}],"curies":[{"name":"wp","href":"https:\/\/api.w.org\/{rel}","templated":true}]}}