{"id":54101,"date":"2021-06-02T13:55:00","date_gmt":"2021-06-02T11:55:00","guid":{"rendered":"https:\/\/www.ubfc.fr\/?page_id=54101"},"modified":"2021-06-02T14:08:54","modified_gmt":"2021-06-02T12:08:54","slug":"guy-millot-la-fibre-de-loptique","status":"publish","type":"page","link":"https:\/\/www.ubfc.fr\/en\/recherche\/portraits-de-chercheurs\/guy-millot-la-fibre-de-loptique\/","title":{"rendered":"Guy Millot &#8211; La fibre de l\u2019optique"},"content":{"rendered":"\t\t<div data-elementor-type=\"wp-page\" data-elementor-id=\"54101\" class=\"elementor elementor-54101\" data-elementor-post-type=\"page\">\n\t\t\t\t\t\t<section class=\"elementor-section elementor-top-section elementor-element elementor-element-a4ae215 elementor-section-boxed elementor-section-height-default elementor-section-height-default\" data-id=\"a4ae215\" data-element_type=\"section\" data-e-type=\"section\">\n\t\t\t\t\t\t<div class=\"elementor-container elementor-column-gap-default\">\n\t\t\t\t\t<div class=\"elementor-column elementor-col-50 elementor-top-column elementor-element elementor-element-f521efa\" data-id=\"f521efa\" data-element_type=\"column\" data-e-type=\"column\">\n\t\t\t<div class=\"elementor-widget-wrap elementor-element-populated\">\n\t\t\t\t\t\t<div class=\"elementor-element elementor-element-95f8c07 elementor-widget elementor-widget-image\" data-id=\"95f8c07\" data-element_type=\"widget\" data-e-type=\"widget\" data-widget_type=\"image.default\">\n\t\t\t\t<div class=\"elementor-widget-container\">\n\t\t\t\t\t\t\t\t\t\t\t\t<figure class=\"wp-caption\">\n\t\t\t\t\t\t\t\t\t\t<img fetchpriority=\"high\" decoding=\"async\" width=\"1024\" height=\"768\" src=\"https:\/\/www.ubfc.fr\/wp-content\/uploads\/2021\/06\/IMG_7405-web-1024x768.jpg\" class=\"attachment-large size-large wp-image-54105\" alt=\"\" srcset=\"https:\/\/www.ubfc.fr\/wp-content\/uploads\/2021\/06\/IMG_7405-web-1024x768.jpg 1024w, https:\/\/www.ubfc.fr\/wp-content\/uploads\/2021\/06\/IMG_7405-web-300x225.jpg 300w, https:\/\/www.ubfc.fr\/wp-content\/uploads\/2021\/06\/IMG_7405-web-768x576.jpg 768w, https:\/\/www.ubfc.fr\/wp-content\/uploads\/2021\/06\/IMG_7405-web-1536x1152.jpg 1536w, https:\/\/www.ubfc.fr\/wp-content\/uploads\/2021\/06\/IMG_7405-web-2048x1536.jpg 2048w\" sizes=\"(max-width: 1024px) 100vw, 1024px\" \/>\t\t\t\t\t\t\t\t\t\t\t<figcaption class=\"widget-image-caption wp-caption-text\">Guy Millot \/ \u00a9 Patrice Bouillot - La Plume &amp; le Micro<\/figcaption>\n\t\t\t\t\t\t\t\t\t\t<\/figure>\n\t\t\t\t\t\t\t\t\t<\/div>\n\t\t\t\t<\/div>\n\t\t\t\t\t<\/div>\n\t\t<\/div>\n\t\t\t\t<div class=\"elementor-column elementor-col-50 elementor-top-column elementor-element elementor-element-3133784\" data-id=\"3133784\" data-element_type=\"column\" data-e-type=\"column\">\n\t\t\t<div class=\"elementor-widget-wrap elementor-element-populated\">\n\t\t\t\t\t\t<div class=\"elementor-element elementor-element-8bc4610 elementor-widget elementor-widget-text-editor\" data-id=\"8bc4610\" data-element_type=\"widget\" data-e-type=\"widget\" data-widget_type=\"text-editor.default\">\n\t\t\t\t<div class=\"elementor-widget-container\">\n\t\t\t\t\t\t\t\t\t<h5><strong>Membre junior puis membre senior de l\u2019Institut universitaire de France, m\u00e9daille d\u2019argent du CNRS, <em>fellow<\/em> de la soci\u00e9t\u00e9 am\u00e9ricaine (OSA) puis de la soci\u00e9t\u00e9 europ\u00e9enne d\u2019optique (EOS)\u2026 Guy Millot est un physicien connu et reconnu pour ses travaux sur les communications \u00e0 longue distance et solitons dans les fibres optiques et sur la spectroscopie par peignes de fr\u00e9quence.<\/strong><\/h5>\t\t\t\t\t\t\t\t<\/div>\n\t\t\t\t<\/div>\n\t\t\t\t\t<\/div>\n\t\t<\/div>\n\t\t\t\t\t<\/div>\n\t\t<\/section>\n\t\t\t\t<section class=\"elementor-section elementor-top-section elementor-element elementor-element-9a46e8b elementor-section-boxed elementor-section-height-default elementor-section-height-default\" data-id=\"9a46e8b\" data-element_type=\"section\" data-e-type=\"section\">\n\t\t\t\t\t\t<div class=\"elementor-container elementor-column-gap-default\">\n\t\t\t\t\t<div class=\"elementor-column elementor-col-100 elementor-top-column elementor-element elementor-element-b6c558c\" data-id=\"b6c558c\" data-element_type=\"column\" data-e-type=\"column\">\n\t\t\t<div class=\"elementor-widget-wrap elementor-element-populated\">\n\t\t\t\t\t\t<div class=\"elementor-element elementor-element-2f683b4 elementor-widget elementor-widget-text-editor\" data-id=\"2f683b4\" data-element_type=\"widget\" data-e-type=\"widget\" data-widget_type=\"text-editor.default\">\n\t\t\t\t<div class=\"elementor-widget-container\">\n\t\t\t\t\t\t\t\t\t<p>Et si, demain, il \u00e9tait possible de d\u00e9tecter la pr\u00e9sence d\u2019une bact\u00e9rie dans notre organisme en analysant simplement l\u2019air que nous expirons\u00a0? Le projet est tout \u00e0 fait s\u00e9rieux. \u00a0Il est le fruit des travaux de recherche prometteurs men\u00e9s, depuis 2015, par Guy Millot et son \u00e9quipe du laboratoire Interdisciplinaire Carnot de Bourgogne (ICB), dans le domaine de la spectroscopie de Fourier par peignes de fr\u00e9quence \u2013 l\u2019ICB associe le CNRS et Universit\u00e9 Bourgogne Franche-Comt\u00e9 (UBFC). \u00ab\u00a0<em>Cette technique a r\u00e9volutionn\u00e9 l\u2019analyse de la mati\u00e8re, <\/em>souligne le chercheur. <em>Elle consiste \u00e0 utiliser un spectre compos\u00e9 de raies fines et \u00e9quidistantes, \u00e0 la mani\u00e8re d\u2019un peigne, obtenu quand une source de lumi\u00e8re d\u00e9livre un train d\u2019impulsions r\u00e9guli\u00e8res. Les peignes de fr\u00e9quence permettent de calibrer le temps de mani\u00e8re tr\u00e8s fine et donc de calculer les distances avec une grande pr\u00e9cision. Nos GPS, par exemple, fonctionnent gr\u00e2ce \u00e0 cela<\/em>.\u00a0\u00bb Bien des \u00e9quipes dans le monde se sont pench\u00e9es sur les applications de ces peignes produits par des sources laser femtosecondes. Mais l\u2019approche de Guy Millot est originale\u00a0: plut\u00f4t que de coordonner entre elles deux sources laser produisant chacune des peignes comme de grands laboratoires hautement \u00e9quip\u00e9s cherchent \u00e0 le faire au Max-Planck Institute de M\u00fcnich ou au National Institute of Standards and Technology (NIST) dans le Colorado, il planche sur la modulation d\u2019une seule source laser. \u00ab\u00a0<em>Cela permettra de d\u00e9mocratiser le proc\u00e9d\u00e9, qui deviendra \u00e0 terme accessible \u00e0 tous. Dans le domaine m\u00e9dical par exemple, on pourrait imaginer un appareil permettant d\u2019analyser la teneur en carbone 12 et en carbone 13 de l\u2019air expir\u00e9 par un patient. Un moyen non-invasif de d\u00e9tecter la pr\u00e9sence dans l\u2019estomac de la bact\u00e9rie<\/em> Helicobacter Pylori, <em>responsable d\u2019ulc\u00e8res et qui produit plus de carbone C13<\/em>.\u00a0\u00bb Autre application possible\u00a0: la mesure, simple et en temps r\u00e9el, de la composition des gaz d\u2019\u00e9chappement d\u2019un v\u00e9hicule ou encore des compos\u00e9s organiques volatiles d\u00e9gag\u00e9s par les plantes, afin de mesurer le niveau de stress de celles-ci. L\u2019objectif de Guy Millot consiste donc \u00e0 miniaturiser le proc\u00e9d\u00e9 et \u00e0 concevoir un appareil mobile utilisant des peignes de fr\u00e9quence pour r\u00e9pondre \u00e0 ces besoins. L\u2019obtention d\u2019un <em>fellowship<\/em> UBFC senior d\u2019ISITE-BFC a permis au chercheur de poursuivre ce projet, qui fait l\u2019objet d\u2019un contrat de maturation avec la soci\u00e9t\u00e9 d\u2019acc\u00e9l\u00e9ration du transfert de technologie (SATT) SAYENS \u2013 contrat susceptible de d\u00e9boucher sur une licence ou la cr\u00e9ation d\u2019une start-up.<\/p><p>Les peignes de fr\u00e9quence ne sont, pour Guy Millot, que l\u2019un des derniers sujets de recherche d\u2019une longue carri\u00e8re dans le domaine de l\u2019optique. En 1986, au terme de ses \u00e9tudes \u00e0 l\u2019universit\u00e9 de Bourgogne (uB) et de sa th\u00e8se en spectroscopie mol\u00e9culaire, ce physicien, natif d\u2019Alligny dans le Morvan, est recrut\u00e9 par Bourgogne Technologies, organisme dont la vocation est de promouvoir les technologies de pointe aupr\u00e8s des entreprises bourguignonnes \u2013 les techniques laser sont \u00e0 l\u2019ordre du jour \u00e0 l\u2019\u00e9poque, \u00e0 l\u2019instar de l\u2019angioplastie en cardiologie. Deux ans plus tard, il est recrut\u00e9 comme ma\u00eetre de conf\u00e9rences \u00e0 l\u2019uB, o\u00f9 il deviendra professeur en 1994. Entretemps, il a pass\u00e9 six mois \u00e0 Boston pour un post-doc sur la spectroscopie des gaz, au Massachusetts Institute of Technology (MIT) s\u2019il-vous-pla\u00eet. Ses travaux de recherche, de retour en France, portent sur la spectroscopie Raman puis sur les solitons. Ces impulsions lumineuses br\u00e8ves et puissantes sont la cl\u00e9 pour assurer des communications de qualit\u00e9 \u00e0 tr\u00e8s haut d\u00e9bit sur de longues distances, entre les continents en particulier. Des entreprises comme France T\u00e9l\u00e9com ou Alcatel fournissent alors des bobines de fibre optique \u00e0 la jeune \u00e9quipe, qui se constituera au fil des ann\u00e9es un parc de mat\u00e9riels de pointe (amplificateurs optiques, tours de fibrage\u2026). L\u2019\u00e9quipe SLCO (Solitons, Lasers et Communications optiques), rattach\u00e9e au d\u00e9partement photonique de l\u2019ICB et codirig\u00e9e par Guy Millot et Fr\u00e9d\u00e9ric Smektala, devient rapidement une r\u00e9f\u00e9rence internationale. Elle attire des doctorants de haut niveau et publie abondamment. Elle obtient m\u00eame un record mondial de propagation, \u00e0 160 gigabits par seconde sur plus de 1.000 kilom\u00e8tres. Ce succ\u00e8s vaut \u00e0 Guy Millot la m\u00e9daille d\u2019argent du CNRS en 2004 et, en 2000, sa nomination \u00e0 l\u2019Institut universitaire de France, comme membre junior \u2013 avec, \u00e0 la cl\u00e9, des moyens financiers suppl\u00e9mentaires pour le laboratoire et surtout du temps pour poursuivre ses recherches. Il reviendra \u00e0 l\u2019IUF quelques ann\u00e9es plus tard, en 2018, cette fois comme membre senior. Deux ans avant qu\u2019il ne se lance sur son nouveau terrain de jeu, la spectroscopie par peignes de fr\u00e9quence donc, Guy Millot est nomm\u00e9 <em>fellow<\/em> de la Soci\u00e9t\u00e9 am\u00e9ricaine d\u2019optique (OSA) en 2013. Et en 2020, il sera <em>fellow<\/em>, cette fois, de la Soci\u00e9t\u00e9 europ\u00e9enne d\u2019optique (EOS). \u00c0 61 ans, l\u2019enseignant-chercheur dijonnais reste dans la lumi\u00e8re.<\/p>\t\t\t\t\t\t\t\t<\/div>\n\t\t\t\t<\/div>\n\t\t\t\t\t<\/div>\n\t\t<\/div>\n\t\t\t\t\t<\/div>\n\t\t<\/section>\n\t\t\t\t<\/div>\n\t\t","protected":false},"excerpt":{"rendered":"<p>Guy Millot \/ \u00a9 Patrice Bouillot &#8211; La Plume &amp; le Micro Membre junior puis membre senior de l\u2019Institut universitaire de France, m\u00e9daille d\u2019argent du CNRS, fellow de la soci\u00e9t\u00e9 am\u00e9ricaine (OSA) puis de la soci\u00e9t\u00e9 europ\u00e9enne d\u2019optique (EOS)\u2026 Guy Millot est un physicien connu et reconnu pour ses travaux sur les communications \u00e0 longue &hellip; <a href=\"https:\/\/www.ubfc.fr\/en\/recherche\/portraits-de-chercheurs\/guy-millot-la-fibre-de-loptique\/\">Continued<\/a><\/p>\n","protected":false},"author":60,"featured_media":0,"parent":54056,"menu_order":34,"comment_status":"closed","ping_status":"closed","template":"","meta":{"_acf_changed":false,"footnotes":""},"class_list":["post-54101","page","type-page","status-publish","hentry"],"acf":[],"yoast_head":"<!-- This site is optimized with the Yoast SEO plugin v27.3 - https:\/\/yoast.com\/product\/yoast-seo-wordpress\/ -->\n<title>Guy Millot - La fibre de l\u2019optique - COMUE Universit\u00e9 Bourgogne-Franche-Comt\u00e9<\/title>\n<meta name=\"robots\" content=\"index, follow, max-snippet:-1, max-image-preview:large, max-video-preview:-1\" \/>\n<link rel=\"canonical\" href=\"https:\/\/www.ubfc.fr\/recherche\/portraits-de-chercheurs\/guy-millot-la-fibre-de-loptique\/\" \/>\n<meta property=\"og:locale\" content=\"en_US\" \/>\n<meta property=\"og:type\" content=\"article\" \/>\n<meta property=\"og:title\" content=\"Guy Millot - La fibre de l\u2019optique - COMUE Universit\u00e9 Bourgogne-Franche-Comt\u00e9\" \/>\n<meta property=\"og:description\" content=\"Guy Millot \/ \u00a9 Patrice Bouillot &#8211; La Plume &amp; le Micro Membre junior puis membre senior de l\u2019Institut universitaire de France, m\u00e9daille d\u2019argent du CNRS, fellow de la soci\u00e9t\u00e9 am\u00e9ricaine (OSA) puis de la soci\u00e9t\u00e9 europ\u00e9enne d\u2019optique (EOS)\u2026 Guy Millot est un physicien connu et reconnu pour ses travaux sur les communications \u00e0 longue &hellip; Continued\" \/>\n<meta property=\"og:url\" content=\"https:\/\/www.ubfc.fr\/recherche\/portraits-de-chercheurs\/guy-millot-la-fibre-de-loptique\/\" \/>\n<meta property=\"og:site_name\" content=\"COMUE Universit\u00e9 Bourgogne-Franche-Comt\u00e9\" \/>\n<meta property=\"article:publisher\" content=\"https:\/\/www.facebook.com\/UnivBFC\/\" \/>\n<meta property=\"article:modified_time\" content=\"2021-06-02T12:08:54+00:00\" \/>\n<meta property=\"og:image\" content=\"https:\/\/www.ubfc.fr\/wp-content\/uploads\/2021\/06\/IMG_7405-web-1024x768.jpg\" \/>\n<meta name=\"twitter:card\" content=\"summary_large_image\" \/>\n<meta name=\"twitter:site\" content=\"@univ_bfc\" \/>\n<meta name=\"twitter:label1\" content=\"Est. reading time\" \/>\n\t<meta name=\"twitter:data1\" content=\"5 minutes\" \/>\n<script type=\"application\/ld+json\" class=\"yoast-schema-graph\">{\"@context\":\"https:\\\/\\\/schema.org\",\"@graph\":[{\"@type\":\"WebPage\",\"@id\":\"https:\\\/\\\/www.ubfc.fr\\\/recherche\\\/portraits-de-chercheurs\\\/guy-millot-la-fibre-de-loptique\\\/\",\"url\":\"https:\\\/\\\/www.ubfc.fr\\\/recherche\\\/portraits-de-chercheurs\\\/guy-millot-la-fibre-de-loptique\\\/\",\"name\":\"Guy Millot - La fibre de l\u2019optique - COMUE Universit\u00e9 Bourgogne-Franche-Comt\u00e9\",\"isPartOf\":{\"@id\":\"https:\\\/\\\/www.ubfc.fr\\\/#website\"},\"primaryImageOfPage\":{\"@id\":\"https:\\\/\\\/www.ubfc.fr\\\/recherche\\\/portraits-de-chercheurs\\\/guy-millot-la-fibre-de-loptique\\\/#primaryimage\"},\"image\":{\"@id\":\"https:\\\/\\\/www.ubfc.fr\\\/recherche\\\/portraits-de-chercheurs\\\/guy-millot-la-fibre-de-loptique\\\/#primaryimage\"},\"thumbnailUrl\":\"https:\\\/\\\/www.ubfc.fr\\\/wp-content\\\/uploads\\\/2021\\\/06\\\/IMG_7405-web-1024x768.jpg\",\"datePublished\":\"2021-06-02T11:55:00+00:00\",\"dateModified\":\"2021-06-02T12:08:54+00:00\",\"breadcrumb\":{\"@id\":\"https:\\\/\\\/www.ubfc.fr\\\/recherche\\\/portraits-de-chercheurs\\\/guy-millot-la-fibre-de-loptique\\\/#breadcrumb\"},\"inLanguage\":\"en-US\",\"potentialAction\":[{\"@type\":\"ReadAction\",\"target\":[\"https:\\\/\\\/www.ubfc.fr\\\/recherche\\\/portraits-de-chercheurs\\\/guy-millot-la-fibre-de-loptique\\\/\"]}]},{\"@type\":\"ImageObject\",\"inLanguage\":\"en-US\",\"@id\":\"https:\\\/\\\/www.ubfc.fr\\\/recherche\\\/portraits-de-chercheurs\\\/guy-millot-la-fibre-de-loptique\\\/#primaryimage\",\"url\":\"https:\\\/\\\/www.ubfc.fr\\\/wp-content\\\/uploads\\\/2021\\\/06\\\/IMG_7405-web-1024x768.jpg\",\"contentUrl\":\"https:\\\/\\\/www.ubfc.fr\\\/wp-content\\\/uploads\\\/2021\\\/06\\\/IMG_7405-web-1024x768.jpg\"},{\"@type\":\"BreadcrumbList\",\"@id\":\"https:\\\/\\\/www.ubfc.fr\\\/recherche\\\/portraits-de-chercheurs\\\/guy-millot-la-fibre-de-loptique\\\/#breadcrumb\",\"itemListElement\":[{\"@type\":\"ListItem\",\"position\":1,\"name\":\"Accueil\",\"item\":\"https:\\\/\\\/www.ubfc.fr\\\/en\\\/\"},{\"@type\":\"ListItem\",\"position\":2,\"name\":\"Recherche\",\"item\":\"https:\\\/\\\/www.ubfc.fr\\\/recherche\\\/\"},{\"@type\":\"ListItem\",\"position\":3,\"name\":\"Portraits de chercheurs\",\"item\":\"https:\\\/\\\/www.ubfc.fr\\\/recherche\\\/portraits-de-chercheurs\\\/\"},{\"@type\":\"ListItem\",\"position\":4,\"name\":\"Guy Millot &#8211; La fibre de l\u2019optique\"}]},{\"@type\":\"WebSite\",\"@id\":\"https:\\\/\\\/www.ubfc.fr\\\/#website\",\"url\":\"https:\\\/\\\/www.ubfc.fr\\\/\",\"name\":\"COMUE Universit\u00e9 Bourgogne-Franche-Comt\u00e9\",\"description\":\"\",\"publisher\":{\"@id\":\"https:\\\/\\\/www.ubfc.fr\\\/#organization\"},\"potentialAction\":[{\"@type\":\"SearchAction\",\"target\":{\"@type\":\"EntryPoint\",\"urlTemplate\":\"https:\\\/\\\/www.ubfc.fr\\\/?s={search_term_string}\"},\"query-input\":{\"@type\":\"PropertyValueSpecification\",\"valueRequired\":true,\"valueName\":\"search_term_string\"}}],\"inLanguage\":\"en-US\"},{\"@type\":\"Organization\",\"@id\":\"https:\\\/\\\/www.ubfc.fr\\\/#organization\",\"name\":\"Universit\u00e9 Bourgogne-Franche-Comt\u00e9\",\"url\":\"https:\\\/\\\/www.ubfc.fr\\\/\",\"logo\":{\"@type\":\"ImageObject\",\"inLanguage\":\"en-US\",\"@id\":\"https:\\\/\\\/www.ubfc.fr\\\/#\\\/schema\\\/logo\\\/image\\\/\",\"url\":\"https:\\\/\\\/www.ubfc.fr\\\/wp-content\\\/uploads\\\/2022\\\/03\\\/vagueUBFC_favicon.png\",\"contentUrl\":\"https:\\\/\\\/www.ubfc.fr\\\/wp-content\\\/uploads\\\/2022\\\/03\\\/vagueUBFC_favicon.png\",\"width\":512,\"height\":512,\"caption\":\"Universit\u00e9 Bourgogne-Franche-Comt\u00e9\"},\"image\":{\"@id\":\"https:\\\/\\\/www.ubfc.fr\\\/#\\\/schema\\\/logo\\\/image\\\/\"},\"sameAs\":[\"https:\\\/\\\/www.facebook.com\\\/UnivBFC\\\/\",\"https:\\\/\\\/x.com\\\/univ_bfc\",\"https:\\\/\\\/www.linkedin.com\\\/school\\\/universitebourgognefranchecomte\\\/mycompany\\\/\"]}]}<\/script>\n<!-- \/ Yoast SEO plugin. -->","yoast_head_json":{"title":"Guy Millot - La fibre de l\u2019optique - COMUE Universit\u00e9 Bourgogne-Franche-Comt\u00e9","robots":{"index":"index","follow":"follow","max-snippet":"max-snippet:-1","max-image-preview":"max-image-preview:large","max-video-preview":"max-video-preview:-1"},"canonical":"https:\/\/www.ubfc.fr\/recherche\/portraits-de-chercheurs\/guy-millot-la-fibre-de-loptique\/","og_locale":"en_US","og_type":"article","og_title":"Guy Millot - La fibre de l\u2019optique - COMUE Universit\u00e9 Bourgogne-Franche-Comt\u00e9","og_description":"Guy Millot \/ \u00a9 Patrice Bouillot &#8211; La Plume &amp; le Micro Membre junior puis membre senior de l\u2019Institut universitaire de France, m\u00e9daille d\u2019argent du CNRS, fellow de la soci\u00e9t\u00e9 am\u00e9ricaine (OSA) puis de la soci\u00e9t\u00e9 europ\u00e9enne d\u2019optique (EOS)\u2026 Guy Millot est un physicien connu et reconnu pour ses travaux sur les communications \u00e0 longue &hellip; Continued","og_url":"https:\/\/www.ubfc.fr\/recherche\/portraits-de-chercheurs\/guy-millot-la-fibre-de-loptique\/","og_site_name":"COMUE Universit\u00e9 Bourgogne-Franche-Comt\u00e9","article_publisher":"https:\/\/www.facebook.com\/UnivBFC\/","article_modified_time":"2021-06-02T12:08:54+00:00","og_image":[{"url":"https:\/\/www.ubfc.fr\/wp-content\/uploads\/2021\/06\/IMG_7405-web-1024x768.jpg","type":"","width":"","height":""}],"twitter_card":"summary_large_image","twitter_site":"@univ_bfc","twitter_misc":{"Est. reading time":"5 minutes"},"schema":{"@context":"https:\/\/schema.org","@graph":[{"@type":"WebPage","@id":"https:\/\/www.ubfc.fr\/recherche\/portraits-de-chercheurs\/guy-millot-la-fibre-de-loptique\/","url":"https:\/\/www.ubfc.fr\/recherche\/portraits-de-chercheurs\/guy-millot-la-fibre-de-loptique\/","name":"Guy Millot - La fibre de l\u2019optique - COMUE Universit\u00e9 Bourgogne-Franche-Comt\u00e9","isPartOf":{"@id":"https:\/\/www.ubfc.fr\/#website"},"primaryImageOfPage":{"@id":"https:\/\/www.ubfc.fr\/recherche\/portraits-de-chercheurs\/guy-millot-la-fibre-de-loptique\/#primaryimage"},"image":{"@id":"https:\/\/www.ubfc.fr\/recherche\/portraits-de-chercheurs\/guy-millot-la-fibre-de-loptique\/#primaryimage"},"thumbnailUrl":"https:\/\/www.ubfc.fr\/wp-content\/uploads\/2021\/06\/IMG_7405-web-1024x768.jpg","datePublished":"2021-06-02T11:55:00+00:00","dateModified":"2021-06-02T12:08:54+00:00","breadcrumb":{"@id":"https:\/\/www.ubfc.fr\/recherche\/portraits-de-chercheurs\/guy-millot-la-fibre-de-loptique\/#breadcrumb"},"inLanguage":"en-US","potentialAction":[{"@type":"ReadAction","target":["https:\/\/www.ubfc.fr\/recherche\/portraits-de-chercheurs\/guy-millot-la-fibre-de-loptique\/"]}]},{"@type":"ImageObject","inLanguage":"en-US","@id":"https:\/\/www.ubfc.fr\/recherche\/portraits-de-chercheurs\/guy-millot-la-fibre-de-loptique\/#primaryimage","url":"https:\/\/www.ubfc.fr\/wp-content\/uploads\/2021\/06\/IMG_7405-web-1024x768.jpg","contentUrl":"https:\/\/www.ubfc.fr\/wp-content\/uploads\/2021\/06\/IMG_7405-web-1024x768.jpg"},{"@type":"BreadcrumbList","@id":"https:\/\/www.ubfc.fr\/recherche\/portraits-de-chercheurs\/guy-millot-la-fibre-de-loptique\/#breadcrumb","itemListElement":[{"@type":"ListItem","position":1,"name":"Accueil","item":"https:\/\/www.ubfc.fr\/en\/"},{"@type":"ListItem","position":2,"name":"Recherche","item":"https:\/\/www.ubfc.fr\/recherche\/"},{"@type":"ListItem","position":3,"name":"Portraits de chercheurs","item":"https:\/\/www.ubfc.fr\/recherche\/portraits-de-chercheurs\/"},{"@type":"ListItem","position":4,"name":"Guy Millot &#8211; La fibre de l\u2019optique"}]},{"@type":"WebSite","@id":"https:\/\/www.ubfc.fr\/#website","url":"https:\/\/www.ubfc.fr\/","name":"COMUE Universit\u00e9 Bourgogne-Franche-Comt\u00e9","description":"","publisher":{"@id":"https:\/\/www.ubfc.fr\/#organization"},"potentialAction":[{"@type":"SearchAction","target":{"@type":"EntryPoint","urlTemplate":"https:\/\/www.ubfc.fr\/?s={search_term_string}"},"query-input":{"@type":"PropertyValueSpecification","valueRequired":true,"valueName":"search_term_string"}}],"inLanguage":"en-US"},{"@type":"Organization","@id":"https:\/\/www.ubfc.fr\/#organization","name":"Universit\u00e9 Bourgogne-Franche-Comt\u00e9","url":"https:\/\/www.ubfc.fr\/","logo":{"@type":"ImageObject","inLanguage":"en-US","@id":"https:\/\/www.ubfc.fr\/#\/schema\/logo\/image\/","url":"https:\/\/www.ubfc.fr\/wp-content\/uploads\/2022\/03\/vagueUBFC_favicon.png","contentUrl":"https:\/\/www.ubfc.fr\/wp-content\/uploads\/2022\/03\/vagueUBFC_favicon.png","width":512,"height":512,"caption":"Universit\u00e9 Bourgogne-Franche-Comt\u00e9"},"image":{"@id":"https:\/\/www.ubfc.fr\/#\/schema\/logo\/image\/"},"sameAs":["https:\/\/www.facebook.com\/UnivBFC\/","https:\/\/x.com\/univ_bfc","https:\/\/www.linkedin.com\/school\/universitebourgognefranchecomte\/mycompany\/"]}]}},"_links":{"self":[{"href":"https:\/\/www.ubfc.fr\/en\/wp-json\/wp\/v2\/pages\/54101","targetHints":{"allow":["GET"]}}],"collection":[{"href":"https:\/\/www.ubfc.fr\/en\/wp-json\/wp\/v2\/pages"}],"about":[{"href":"https:\/\/www.ubfc.fr\/en\/wp-json\/wp\/v2\/types\/page"}],"author":[{"embeddable":true,"href":"https:\/\/www.ubfc.fr\/en\/wp-json\/wp\/v2\/users\/60"}],"replies":[{"embeddable":true,"href":"https:\/\/www.ubfc.fr\/en\/wp-json\/wp\/v2\/comments?post=54101"}],"version-history":[{"count":0,"href":"https:\/\/www.ubfc.fr\/en\/wp-json\/wp\/v2\/pages\/54101\/revisions"}],"up":[{"embeddable":true,"href":"https:\/\/www.ubfc.fr\/en\/wp-json\/wp\/v2\/pages\/54056"}],"wp:attachment":[{"href":"https:\/\/www.ubfc.fr\/en\/wp-json\/wp\/v2\/media?parent=54101"}],"curies":[{"name":"wp","href":"https:\/\/api.w.org\/{rel}","templated":true}]}}