{"id":54096,"date":"2021-06-02T13:46:27","date_gmt":"2021-06-02T11:46:27","guid":{"rendered":"https:\/\/www.ubfc.fr\/?page_id=54096"},"modified":"2021-06-25T11:56:57","modified_gmt":"2021-06-25T09:56:57","slug":"gael-matten-la-start-up-qui-va-faire-du-bruit","status":"publish","type":"page","link":"https:\/\/www.ubfc.fr\/en\/recherche\/portraits-de-chercheurs\/gael-matten-la-start-up-qui-va-faire-du-bruit\/","title":{"rendered":"Ga\u00ebl Matten &#8211; La start-up qui\u2026 va faire du bruit"},"content":{"rendered":"\t\t<div data-elementor-type=\"wp-page\" data-elementor-id=\"54096\" class=\"elementor elementor-54096\" data-elementor-post-type=\"page\">\n\t\t\t\t\t\t<section class=\"elementor-section elementor-top-section elementor-element elementor-element-e1e7056 elementor-section-boxed elementor-section-height-default elementor-section-height-default\" data-id=\"e1e7056\" data-element_type=\"section\" data-e-type=\"section\">\n\t\t\t\t\t\t<div class=\"elementor-container elementor-column-gap-default\">\n\t\t\t\t\t<div class=\"elementor-column elementor-col-50 elementor-top-column elementor-element elementor-element-b3323a2\" data-id=\"b3323a2\" data-element_type=\"column\" data-e-type=\"column\">\n\t\t\t<div class=\"elementor-widget-wrap elementor-element-populated\">\n\t\t\t\t\t\t<div class=\"elementor-element elementor-element-b653802 elementor-widget elementor-widget-image\" data-id=\"b653802\" data-element_type=\"widget\" data-e-type=\"widget\" data-widget_type=\"image.default\">\n\t\t\t\t<div class=\"elementor-widget-container\">\n\t\t\t\t\t\t\t\t\t\t\t\t<figure class=\"wp-caption\">\n\t\t\t\t\t\t\t\t\t\t<img fetchpriority=\"high\" decoding=\"async\" width=\"1024\" height=\"768\" src=\"https:\/\/www.ubfc.fr\/wp-content\/uploads\/2021\/06\/IMG_7661-web-1024x768.jpg\" class=\"attachment-large size-large wp-image-54098\" alt=\"\" srcset=\"https:\/\/www.ubfc.fr\/wp-content\/uploads\/2021\/06\/IMG_7661-web-1024x768.jpg 1024w, https:\/\/www.ubfc.fr\/wp-content\/uploads\/2021\/06\/IMG_7661-web-300x225.jpg 300w, https:\/\/www.ubfc.fr\/wp-content\/uploads\/2021\/06\/IMG_7661-web-768x576.jpg 768w, https:\/\/www.ubfc.fr\/wp-content\/uploads\/2021\/06\/IMG_7661-web-1536x1152.jpg 1536w, https:\/\/www.ubfc.fr\/wp-content\/uploads\/2021\/06\/IMG_7661-web-2048x1536.jpg 2048w\" sizes=\"(max-width: 1024px) 100vw, 1024px\" \/>\t\t\t\t\t\t\t\t\t\t\t<figcaption class=\"widget-image-caption wp-caption-text\">Ga\u00ebl Matten \/ \u00a9 Patrice Bouillot - La Plume &amp; le Micro<\/figcaption>\n\t\t\t\t\t\t\t\t\t\t<\/figure>\n\t\t\t\t\t\t\t\t\t<\/div>\n\t\t\t\t<\/div>\n\t\t\t\t\t<\/div>\n\t\t<\/div>\n\t\t\t\t<div class=\"elementor-column elementor-col-50 elementor-top-column elementor-element elementor-element-d7d95c2\" data-id=\"d7d95c2\" data-element_type=\"column\" data-e-type=\"column\">\n\t\t\t<div class=\"elementor-widget-wrap elementor-element-populated\">\n\t\t\t\t\t\t<div class=\"elementor-element elementor-element-77a031d elementor-widget elementor-widget-text-editor\" data-id=\"77a031d\" data-element_type=\"widget\" data-e-type=\"widget\" data-widget_type=\"text-editor.default\">\n\t\t\t\t<div class=\"elementor-widget-container\">\n\t\t\t\t\t\t\t\t\t<h5><strong>Docteur en m\u00e9canique de l\u2019universit\u00e9 de Franche-Comt\u00e9 (UFC) et ing\u00e9nieur dipl\u00f4m\u00e9 de l\u2019ENSMM, Ga\u00ebl Matten a mis au point un dispositif d\u2019absorption des ondes sonores dont les applications sont prometteuses, notamment dans les secteurs du b\u00e2timent ou du tertiaire. Il lance la start-up Vibiscus, apr\u00e8s avoir remport\u00e9 des prix au \u00ab\u00a0Chercheur entrepreneur challenge\u00a0\u00bb et au concours i-PhD.<\/strong><\/h5>\t\t\t\t\t\t\t\t<\/div>\n\t\t\t\t<\/div>\n\t\t\t\t\t<\/div>\n\t\t<\/div>\n\t\t\t\t\t<\/div>\n\t\t<\/section>\n\t\t\t\t<section class=\"elementor-section elementor-top-section elementor-element elementor-element-e063630 elementor-section-boxed elementor-section-height-default elementor-section-height-default\" data-id=\"e063630\" data-element_type=\"section\" data-e-type=\"section\">\n\t\t\t\t\t\t<div class=\"elementor-container elementor-column-gap-default\">\n\t\t\t\t\t<div class=\"elementor-column elementor-col-100 elementor-top-column elementor-element elementor-element-b8ffbd6\" data-id=\"b8ffbd6\" data-element_type=\"column\" data-e-type=\"column\">\n\t\t\t<div class=\"elementor-widget-wrap elementor-element-populated\">\n\t\t\t\t\t\t<div class=\"elementor-element elementor-element-b2144ee elementor-widget elementor-widget-text-editor\" data-id=\"b2144ee\" data-element_type=\"widget\" data-e-type=\"widget\" data-widget_type=\"text-editor.default\">\n\t\t\t\t<div class=\"elementor-widget-container\">\n\t\t\t\t\t\t\t\t\t<p>Qui n\u2019a jamais v\u00e9cu l\u2019exp\u00e9rience p\u00e9nible, dans un open space, d\u2019\u00eatre assis \u00e0 c\u00f4t\u00e9 d\u2019un voisin un peu bruyant d\u00e8s qu\u2019il parle au t\u00e9l\u00e9phone. Imaginez un paravent l\u00e9ger dress\u00e9 entre votre bureau et le sien qui arr\u00eate les sons. Gr\u00e2ce \u00e0 cette invention de Vibiscus, vous verriez toujours votre coll\u00e8gue, mais ne l\u2019entendriez plus. La start-up de Ga\u00ebl Matten est issue de l\u2019institut FEMTO-ST (Franche-Comt\u00e9 \u00c9lectronique M\u00e9canique Thermique et Optique \u2013 Sciences et Technologies). Elle propose un ing\u00e9nieux dispositif de lutte contre les bruits ind\u00e9sirables qui r\u00e9volutionne l\u2019acoustique, en introduisant une technologie de rupture dans les dispositifs d\u2019absorption sonore. Vibiscus (comme \u00ab\u00a0vibrations\u00a0\u00bb et \u00ab\u00a0hibiscus\u00a0\u00bb, la fleur qu\u2019il aime beaucoup) se lance aujourd\u2019hui sur le march\u00e9 apr\u00e8s plusieurs ann\u00e9es de recherche et d\u00e9veloppement.<\/p><p>Ga\u00ebl Matten, 31 ans, originaire des Vosges, a pos\u00e9 ses valises \u00e0 Besan\u00e7on quand il a \u00e9t\u00e9 admis \u00e0 l\u2019\u00c9cole nationale sup\u00e9rieure de m\u00e9canique et des microtechniques (ENSMM), apr\u00e8s une pr\u00e9pa \u00e0 Strasbourg. Depuis son enfance, il adore exp\u00e9rimenter et inventer. Il a particip\u00e9 au concours du magazine <em>Sciences &amp; Vie Junior<\/em>. Il aime d\u00e9j\u00e0 le m\u00e9lange des genres, le mariage de l\u2019\u00e9lectronique, de la m\u00e9canique et de l\u2019informatique. Son stage de fin d\u2019\u00e9tudes, il l\u2019effectuera \u00e0 l\u2019Office national d\u2019\u00e9tudes et de recherches a\u00e9rospatiales (Onera), o\u00f9 il travaillera sur un projet de mini-drones qui lui rappellera l\u2019ENSMM, p\u00e9riode durant laquelle il pr\u00e9sidait le club drones. En parall\u00e8le de sa formation d\u2019ing\u00e9nieur, il passe avec succ\u00e8s un master de recherche en m\u00e9catronique et microsyst\u00e8mes \u00e0 l\u2019universit\u00e9 de Franche-Comt\u00e9 (UFC), \u00e9tablissement membre d\u2019Universit\u00e9 Bourgogne Franche-Comt\u00e9 (UBFC). Et il poursuit, en th\u00e8se, au sein de l\u2019institut FEMTO-ST. Son sujet\u00a0: la conception de syst\u00e8mes de contr\u00f4le des ondes robustes aux incertitudes, gr\u00e2ce \u00e0 des mat\u00e9riaux programmables pi\u00e9zo-\u00e9lectriques. C\u2019est dans ce contexte qu\u2019il s\u2019int\u00e9resse de pr\u00e8s \u00e0 l\u2019acoustique, en particulier \u00e0 ces surfaces dont le comportement peut \u00eatre modifi\u00e9 pour les rendre plus ou moins absorbantes au bruit. Le projet est prometteur. La r\u00e9gion Bourgogne-Franche-Comt\u00e9 le soutient pendant les deux ann\u00e9es de sa phase de pr\u00e9-maturation. La preuve de concept est faite, un brevet d\u00e9pos\u00e9. Ga\u00ebl Matten se d\u00e9cide alors \u00e0 se lancer dans la cr\u00e9ation de sa start-up. Cette fois, c\u2019est CNRS Innovation qui le rep\u00e8re et l\u2019accompagne via son programme Rise. Conseils, appui, mise en relations ont \u00e9t\u00e9 \u00ab\u00a0pr\u00e9cieux\u00a0\u00bb, confie le jeune scientifique, qui se glisse en m\u00eame temps dans la peau de l\u2019entrepreneur.\u00a0Il effectue son post-doc dans le cadre du dispositif \u00ab\u00a0Itin\u00e9raire chercheur entrepreneur\u00a0\u00bb (ICE) port\u00e9 par UBFC et se forme \u00e0 HEC Paris.<\/p><p>L\u2019invention brevet\u00e9e, c\u2019est un ensemble de membranes coupl\u00e9es \u00e0 un dispositif \u00e9lectronique, permettant de r\u00e9gler la capacit\u00e9 desdites membranes \u00e0 absorber les basses fr\u00e9quences, ces sons les plus graves qui peuvent vite devenir p\u00e9nibles et g\u00e9n\u00e8rent de la fatigue. Ces membranes sont plac\u00e9es dans de petits blocs de 5 centim\u00e8tres de c\u00f4t\u00e9, qui peuvent \u00eatre juxtapos\u00e9s pour constituer une surface capable d\u2019absorber les bruits dans des installations techniques (climatisations, ventilations, <em>etc.<\/em>) ou dans des pi\u00e8ces, sous forme de murs ou de paravents. Fini les \u00e9paisses couches de mousse n\u00e9cessaires pour obtenir une isolation phonique efficace\u00a0! Avec des applications envisageables dans les bureaux en <em>open space<\/em> ou les restaurants par exemple. Techniquement, le syst\u00e8me fonctionne mais, pour construire une entreprise prosp\u00e8re autour de ce concept, il faut des fonds. Environ 1 million d\u2019euros au total. Alors Ga\u00ebl Matten encha\u00eene avec succ\u00e8s la participation \u00e0 des concours. Il remporte la finale r\u00e9gionale du CEC (Chercheurs entrepreneurs challenge) organis\u00e9 par l\u2019AEF en 2019. Puis il obtient l\u2019un des sept grands prix nationaux du concours i-PhD organis\u00e9 par la Banque publique d\u2019investissement (BPI France). \u00ab\u00a0<em>Ces prix nous donnent de la cr\u00e9dibilit\u00e9, ils inspirent confiance \u00e0 nos interlocuteurs, \u00e0 nos futurs partenaires, aux investisseurs. Notre march\u00e9 est immense et mondial. Il concerne aussi bien les b\u00e2timents neufs qu\u2019anciens. Dans le tertiaire, on sait que des bureaux bien isol\u00e9s phoniquement sont plus attractifs.\u00a0Notre produit permet \u00e0 des propri\u00e9taires de valoriser leur bien sur un march\u00e9 immobilier de plus en plus concurrentiel avec le d\u00e9veloppement du t\u00e9l\u00e9travail. Nous avons l\u2019ambition de devenir un leader dans notre secteur<\/em>.\u00a0\u00bb<\/p><p>Apr\u00e8s la pr\u00e9-maturation, direction l\u2019incubateur. Vibiscus est h\u00e9berg\u00e9 au sein de DECA-BFC, o\u00f9 il b\u00e9n\u00e9ficie de l\u2019accompagnement d\u2019un charg\u00e9 de projet. L\u2019entreprise sera officiellement cr\u00e9\u00e9e d\u2019ici en avril 2021 par Ga\u00ebl Matten et son associ\u00e9 Robin Rivaton, fort d\u2019un profil commercial et financier. Deux chercheurs du CNRS et de l\u2019ENSMM, Morvan Ouisse et Manuel Collet, jouent le r\u00f4le de conseillers scientifiques, et un stagiaire devrait bient\u00f4t rejoindre la petite \u00e9quipe. Les premiers tests chez des clients devraient \u00eatre mis en place au premier trimestre, dans le cadre d\u2019un partenariat avec un partenaire parisien. Le prochain d\u00e9fi, c\u2019est le concours iLab de BPI France auquel participe la jeune entreprise. L\u2019ann\u00e9e 2021 sera d\u00e9cisive pour Vibiscus.<\/p>\t\t\t\t\t\t\t\t<\/div>\n\t\t\t\t<\/div>\n\t\t\t\t\t<\/div>\n\t\t<\/div>\n\t\t\t\t\t<\/div>\n\t\t<\/section>\n\t\t\t\t<\/div>\n\t\t","protected":false},"excerpt":{"rendered":"<p>Ga\u00ebl Matten \/ \u00a9 Patrice Bouillot &#8211; La Plume &amp; le Micro Docteur en m\u00e9canique de l\u2019universit\u00e9 de Franche-Comt\u00e9 (UFC) et ing\u00e9nieur dipl\u00f4m\u00e9 de l\u2019ENSMM, Ga\u00ebl Matten a mis au point un dispositif d\u2019absorption des ondes sonores dont les applications sont prometteuses, notamment dans les secteurs du b\u00e2timent ou du tertiaire. Il lance la start-up &hellip; <a href=\"https:\/\/www.ubfc.fr\/en\/recherche\/portraits-de-chercheurs\/gael-matten-la-start-up-qui-va-faire-du-bruit\/\">Continued<\/a><\/p>\n","protected":false},"author":60,"featured_media":0,"parent":54056,"menu_order":36,"comment_status":"closed","ping_status":"closed","template":"","meta":{"_acf_changed":false,"footnotes":""},"class_list":["post-54096","page","type-page","status-publish","hentry"],"acf":[],"yoast_head":"<!-- This site is optimized with the Yoast SEO plugin v27.3 - https:\/\/yoast.com\/product\/yoast-seo-wordpress\/ -->\n<title>Ga\u00ebl Matten - La start-up qui\u2026 va faire du bruit - COMUE Universit\u00e9 Bourgogne-Franche-Comt\u00e9<\/title>\n<meta name=\"robots\" content=\"index, follow, max-snippet:-1, max-image-preview:large, max-video-preview:-1\" \/>\n<link rel=\"canonical\" href=\"https:\/\/www.ubfc.fr\/recherche\/portraits-de-chercheurs\/gael-matten-la-start-up-qui-va-faire-du-bruit\/\" \/>\n<meta property=\"og:locale\" content=\"en_US\" \/>\n<meta property=\"og:type\" content=\"article\" \/>\n<meta property=\"og:title\" content=\"Ga\u00ebl Matten - La start-up qui\u2026 va faire du bruit - COMUE Universit\u00e9 Bourgogne-Franche-Comt\u00e9\" \/>\n<meta property=\"og:description\" content=\"Ga\u00ebl Matten \/ \u00a9 Patrice Bouillot &#8211; La Plume &amp; le Micro Docteur en m\u00e9canique de l\u2019universit\u00e9 de Franche-Comt\u00e9 (UFC) et ing\u00e9nieur dipl\u00f4m\u00e9 de l\u2019ENSMM, Ga\u00ebl Matten a mis au point un dispositif d\u2019absorption des ondes sonores dont les applications sont prometteuses, notamment dans les secteurs du b\u00e2timent ou du tertiaire. Il lance la start-up &hellip; Continued\" \/>\n<meta property=\"og:url\" content=\"https:\/\/www.ubfc.fr\/recherche\/portraits-de-chercheurs\/gael-matten-la-start-up-qui-va-faire-du-bruit\/\" \/>\n<meta property=\"og:site_name\" content=\"COMUE Universit\u00e9 Bourgogne-Franche-Comt\u00e9\" \/>\n<meta property=\"article:publisher\" content=\"https:\/\/www.facebook.com\/UnivBFC\/\" \/>\n<meta property=\"article:modified_time\" content=\"2021-06-25T09:56:57+00:00\" \/>\n<meta property=\"og:image\" content=\"https:\/\/www.ubfc.fr\/wp-content\/uploads\/2021\/06\/IMG_7661-web-1024x768.jpg\" \/>\n<meta name=\"twitter:card\" content=\"summary_large_image\" \/>\n<meta name=\"twitter:site\" content=\"@univ_bfc\" \/>\n<meta name=\"twitter:label1\" content=\"Est. reading time\" \/>\n\t<meta name=\"twitter:data1\" content=\"5 minutes\" \/>\n<script type=\"application\/ld+json\" class=\"yoast-schema-graph\">{\"@context\":\"https:\\\/\\\/schema.org\",\"@graph\":[{\"@type\":\"WebPage\",\"@id\":\"https:\\\/\\\/www.ubfc.fr\\\/recherche\\\/portraits-de-chercheurs\\\/gael-matten-la-start-up-qui-va-faire-du-bruit\\\/\",\"url\":\"https:\\\/\\\/www.ubfc.fr\\\/recherche\\\/portraits-de-chercheurs\\\/gael-matten-la-start-up-qui-va-faire-du-bruit\\\/\",\"name\":\"Ga\u00ebl Matten - La start-up qui\u2026 va faire du bruit - COMUE Universit\u00e9 Bourgogne-Franche-Comt\u00e9\",\"isPartOf\":{\"@id\":\"https:\\\/\\\/www.ubfc.fr\\\/#website\"},\"primaryImageOfPage\":{\"@id\":\"https:\\\/\\\/www.ubfc.fr\\\/recherche\\\/portraits-de-chercheurs\\\/gael-matten-la-start-up-qui-va-faire-du-bruit\\\/#primaryimage\"},\"image\":{\"@id\":\"https:\\\/\\\/www.ubfc.fr\\\/recherche\\\/portraits-de-chercheurs\\\/gael-matten-la-start-up-qui-va-faire-du-bruit\\\/#primaryimage\"},\"thumbnailUrl\":\"https:\\\/\\\/www.ubfc.fr\\\/wp-content\\\/uploads\\\/2021\\\/06\\\/IMG_7661-web-1024x768.jpg\",\"datePublished\":\"2021-06-02T11:46:27+00:00\",\"dateModified\":\"2021-06-25T09:56:57+00:00\",\"breadcrumb\":{\"@id\":\"https:\\\/\\\/www.ubfc.fr\\\/recherche\\\/portraits-de-chercheurs\\\/gael-matten-la-start-up-qui-va-faire-du-bruit\\\/#breadcrumb\"},\"inLanguage\":\"en-US\",\"potentialAction\":[{\"@type\":\"ReadAction\",\"target\":[\"https:\\\/\\\/www.ubfc.fr\\\/recherche\\\/portraits-de-chercheurs\\\/gael-matten-la-start-up-qui-va-faire-du-bruit\\\/\"]}]},{\"@type\":\"ImageObject\",\"inLanguage\":\"en-US\",\"@id\":\"https:\\\/\\\/www.ubfc.fr\\\/recherche\\\/portraits-de-chercheurs\\\/gael-matten-la-start-up-qui-va-faire-du-bruit\\\/#primaryimage\",\"url\":\"https:\\\/\\\/www.ubfc.fr\\\/wp-content\\\/uploads\\\/2021\\\/06\\\/IMG_7661-web-1024x768.jpg\",\"contentUrl\":\"https:\\\/\\\/www.ubfc.fr\\\/wp-content\\\/uploads\\\/2021\\\/06\\\/IMG_7661-web-1024x768.jpg\"},{\"@type\":\"BreadcrumbList\",\"@id\":\"https:\\\/\\\/www.ubfc.fr\\\/recherche\\\/portraits-de-chercheurs\\\/gael-matten-la-start-up-qui-va-faire-du-bruit\\\/#breadcrumb\",\"itemListElement\":[{\"@type\":\"ListItem\",\"position\":1,\"name\":\"Accueil\",\"item\":\"https:\\\/\\\/www.ubfc.fr\\\/en\\\/\"},{\"@type\":\"ListItem\",\"position\":2,\"name\":\"Recherche\",\"item\":\"https:\\\/\\\/www.ubfc.fr\\\/recherche\\\/\"},{\"@type\":\"ListItem\",\"position\":3,\"name\":\"Portraits de chercheurs\",\"item\":\"https:\\\/\\\/www.ubfc.fr\\\/recherche\\\/portraits-de-chercheurs\\\/\"},{\"@type\":\"ListItem\",\"position\":4,\"name\":\"Ga\u00ebl Matten &#8211; La start-up qui\u2026 va faire du bruit\"}]},{\"@type\":\"WebSite\",\"@id\":\"https:\\\/\\\/www.ubfc.fr\\\/#website\",\"url\":\"https:\\\/\\\/www.ubfc.fr\\\/\",\"name\":\"COMUE Universit\u00e9 Bourgogne-Franche-Comt\u00e9\",\"description\":\"\",\"publisher\":{\"@id\":\"https:\\\/\\\/www.ubfc.fr\\\/#organization\"},\"potentialAction\":[{\"@type\":\"SearchAction\",\"target\":{\"@type\":\"EntryPoint\",\"urlTemplate\":\"https:\\\/\\\/www.ubfc.fr\\\/?s={search_term_string}\"},\"query-input\":{\"@type\":\"PropertyValueSpecification\",\"valueRequired\":true,\"valueName\":\"search_term_string\"}}],\"inLanguage\":\"en-US\"},{\"@type\":\"Organization\",\"@id\":\"https:\\\/\\\/www.ubfc.fr\\\/#organization\",\"name\":\"Universit\u00e9 Bourgogne-Franche-Comt\u00e9\",\"url\":\"https:\\\/\\\/www.ubfc.fr\\\/\",\"logo\":{\"@type\":\"ImageObject\",\"inLanguage\":\"en-US\",\"@id\":\"https:\\\/\\\/www.ubfc.fr\\\/#\\\/schema\\\/logo\\\/image\\\/\",\"url\":\"https:\\\/\\\/www.ubfc.fr\\\/wp-content\\\/uploads\\\/2022\\\/03\\\/vagueUBFC_favicon.png\",\"contentUrl\":\"https:\\\/\\\/www.ubfc.fr\\\/wp-content\\\/uploads\\\/2022\\\/03\\\/vagueUBFC_favicon.png\",\"width\":512,\"height\":512,\"caption\":\"Universit\u00e9 Bourgogne-Franche-Comt\u00e9\"},\"image\":{\"@id\":\"https:\\\/\\\/www.ubfc.fr\\\/#\\\/schema\\\/logo\\\/image\\\/\"},\"sameAs\":[\"https:\\\/\\\/www.facebook.com\\\/UnivBFC\\\/\",\"https:\\\/\\\/x.com\\\/univ_bfc\",\"https:\\\/\\\/www.linkedin.com\\\/school\\\/universitebourgognefranchecomte\\\/mycompany\\\/\"]}]}<\/script>\n<!-- \/ Yoast SEO plugin. -->","yoast_head_json":{"title":"Ga\u00ebl Matten - La start-up qui\u2026 va faire du bruit - COMUE Universit\u00e9 Bourgogne-Franche-Comt\u00e9","robots":{"index":"index","follow":"follow","max-snippet":"max-snippet:-1","max-image-preview":"max-image-preview:large","max-video-preview":"max-video-preview:-1"},"canonical":"https:\/\/www.ubfc.fr\/recherche\/portraits-de-chercheurs\/gael-matten-la-start-up-qui-va-faire-du-bruit\/","og_locale":"en_US","og_type":"article","og_title":"Ga\u00ebl Matten - La start-up qui\u2026 va faire du bruit - COMUE Universit\u00e9 Bourgogne-Franche-Comt\u00e9","og_description":"Ga\u00ebl Matten \/ \u00a9 Patrice Bouillot &#8211; La Plume &amp; le Micro Docteur en m\u00e9canique de l\u2019universit\u00e9 de Franche-Comt\u00e9 (UFC) et ing\u00e9nieur dipl\u00f4m\u00e9 de l\u2019ENSMM, Ga\u00ebl Matten a mis au point un dispositif d\u2019absorption des ondes sonores dont les applications sont prometteuses, notamment dans les secteurs du b\u00e2timent ou du tertiaire. Il lance la start-up &hellip; Continued","og_url":"https:\/\/www.ubfc.fr\/recherche\/portraits-de-chercheurs\/gael-matten-la-start-up-qui-va-faire-du-bruit\/","og_site_name":"COMUE Universit\u00e9 Bourgogne-Franche-Comt\u00e9","article_publisher":"https:\/\/www.facebook.com\/UnivBFC\/","article_modified_time":"2021-06-25T09:56:57+00:00","og_image":[{"url":"https:\/\/www.ubfc.fr\/wp-content\/uploads\/2021\/06\/IMG_7661-web-1024x768.jpg","type":"","width":"","height":""}],"twitter_card":"summary_large_image","twitter_site":"@univ_bfc","twitter_misc":{"Est. reading time":"5 minutes"},"schema":{"@context":"https:\/\/schema.org","@graph":[{"@type":"WebPage","@id":"https:\/\/www.ubfc.fr\/recherche\/portraits-de-chercheurs\/gael-matten-la-start-up-qui-va-faire-du-bruit\/","url":"https:\/\/www.ubfc.fr\/recherche\/portraits-de-chercheurs\/gael-matten-la-start-up-qui-va-faire-du-bruit\/","name":"Ga\u00ebl Matten - La start-up qui\u2026 va faire du bruit - COMUE Universit\u00e9 Bourgogne-Franche-Comt\u00e9","isPartOf":{"@id":"https:\/\/www.ubfc.fr\/#website"},"primaryImageOfPage":{"@id":"https:\/\/www.ubfc.fr\/recherche\/portraits-de-chercheurs\/gael-matten-la-start-up-qui-va-faire-du-bruit\/#primaryimage"},"image":{"@id":"https:\/\/www.ubfc.fr\/recherche\/portraits-de-chercheurs\/gael-matten-la-start-up-qui-va-faire-du-bruit\/#primaryimage"},"thumbnailUrl":"https:\/\/www.ubfc.fr\/wp-content\/uploads\/2021\/06\/IMG_7661-web-1024x768.jpg","datePublished":"2021-06-02T11:46:27+00:00","dateModified":"2021-06-25T09:56:57+00:00","breadcrumb":{"@id":"https:\/\/www.ubfc.fr\/recherche\/portraits-de-chercheurs\/gael-matten-la-start-up-qui-va-faire-du-bruit\/#breadcrumb"},"inLanguage":"en-US","potentialAction":[{"@type":"ReadAction","target":["https:\/\/www.ubfc.fr\/recherche\/portraits-de-chercheurs\/gael-matten-la-start-up-qui-va-faire-du-bruit\/"]}]},{"@type":"ImageObject","inLanguage":"en-US","@id":"https:\/\/www.ubfc.fr\/recherche\/portraits-de-chercheurs\/gael-matten-la-start-up-qui-va-faire-du-bruit\/#primaryimage","url":"https:\/\/www.ubfc.fr\/wp-content\/uploads\/2021\/06\/IMG_7661-web-1024x768.jpg","contentUrl":"https:\/\/www.ubfc.fr\/wp-content\/uploads\/2021\/06\/IMG_7661-web-1024x768.jpg"},{"@type":"BreadcrumbList","@id":"https:\/\/www.ubfc.fr\/recherche\/portraits-de-chercheurs\/gael-matten-la-start-up-qui-va-faire-du-bruit\/#breadcrumb","itemListElement":[{"@type":"ListItem","position":1,"name":"Accueil","item":"https:\/\/www.ubfc.fr\/en\/"},{"@type":"ListItem","position":2,"name":"Recherche","item":"https:\/\/www.ubfc.fr\/recherche\/"},{"@type":"ListItem","position":3,"name":"Portraits de chercheurs","item":"https:\/\/www.ubfc.fr\/recherche\/portraits-de-chercheurs\/"},{"@type":"ListItem","position":4,"name":"Ga\u00ebl Matten &#8211; La start-up qui\u2026 va faire du bruit"}]},{"@type":"WebSite","@id":"https:\/\/www.ubfc.fr\/#website","url":"https:\/\/www.ubfc.fr\/","name":"COMUE Universit\u00e9 Bourgogne-Franche-Comt\u00e9","description":"","publisher":{"@id":"https:\/\/www.ubfc.fr\/#organization"},"potentialAction":[{"@type":"SearchAction","target":{"@type":"EntryPoint","urlTemplate":"https:\/\/www.ubfc.fr\/?s={search_term_string}"},"query-input":{"@type":"PropertyValueSpecification","valueRequired":true,"valueName":"search_term_string"}}],"inLanguage":"en-US"},{"@type":"Organization","@id":"https:\/\/www.ubfc.fr\/#organization","name":"Universit\u00e9 Bourgogne-Franche-Comt\u00e9","url":"https:\/\/www.ubfc.fr\/","logo":{"@type":"ImageObject","inLanguage":"en-US","@id":"https:\/\/www.ubfc.fr\/#\/schema\/logo\/image\/","url":"https:\/\/www.ubfc.fr\/wp-content\/uploads\/2022\/03\/vagueUBFC_favicon.png","contentUrl":"https:\/\/www.ubfc.fr\/wp-content\/uploads\/2022\/03\/vagueUBFC_favicon.png","width":512,"height":512,"caption":"Universit\u00e9 Bourgogne-Franche-Comt\u00e9"},"image":{"@id":"https:\/\/www.ubfc.fr\/#\/schema\/logo\/image\/"},"sameAs":["https:\/\/www.facebook.com\/UnivBFC\/","https:\/\/x.com\/univ_bfc","https:\/\/www.linkedin.com\/school\/universitebourgognefranchecomte\/mycompany\/"]}]}},"_links":{"self":[{"href":"https:\/\/www.ubfc.fr\/en\/wp-json\/wp\/v2\/pages\/54096","targetHints":{"allow":["GET"]}}],"collection":[{"href":"https:\/\/www.ubfc.fr\/en\/wp-json\/wp\/v2\/pages"}],"about":[{"href":"https:\/\/www.ubfc.fr\/en\/wp-json\/wp\/v2\/types\/page"}],"author":[{"embeddable":true,"href":"https:\/\/www.ubfc.fr\/en\/wp-json\/wp\/v2\/users\/60"}],"replies":[{"embeddable":true,"href":"https:\/\/www.ubfc.fr\/en\/wp-json\/wp\/v2\/comments?post=54096"}],"version-history":[{"count":0,"href":"https:\/\/www.ubfc.fr\/en\/wp-json\/wp\/v2\/pages\/54096\/revisions"}],"up":[{"embeddable":true,"href":"https:\/\/www.ubfc.fr\/en\/wp-json\/wp\/v2\/pages\/54056"}],"wp:attachment":[{"href":"https:\/\/www.ubfc.fr\/en\/wp-json\/wp\/v2\/media?parent=54096"}],"curies":[{"name":"wp","href":"https:\/\/api.w.org\/{rel}","templated":true}]}}