{"id":54090,"date":"2021-06-02T13:17:01","date_gmt":"2021-06-02T11:17:01","guid":{"rendered":"https:\/\/www.ubfc.fr\/?page_id=54090"},"modified":"2021-06-02T13:42:46","modified_gmt":"2021-06-02T11:42:46","slug":"emmanuelle-vennin-des-pieges-a-carbone-pour-sauver-le-climat","status":"publish","type":"page","link":"https:\/\/www.ubfc.fr\/en\/recherche\/portraits-de-chercheurs\/emmanuelle-vennin-des-pieges-a-carbone-pour-sauver-le-climat\/","title":{"rendered":"Emmanuelle Vennin &#8211; Des pi\u00e8ges \u00e0 carbone pour sauver le climat"},"content":{"rendered":"\t\t<div data-elementor-type=\"wp-page\" data-elementor-id=\"54090\" class=\"elementor elementor-54090\" data-elementor-post-type=\"page\">\n\t\t\t\t\t\t<section class=\"elementor-section elementor-top-section elementor-element elementor-element-703b4e0 elementor-section-boxed elementor-section-height-default elementor-section-height-default\" data-id=\"703b4e0\" data-element_type=\"section\" data-e-type=\"section\">\n\t\t\t\t\t\t<div class=\"elementor-container elementor-column-gap-default\">\n\t\t\t\t\t<div class=\"elementor-column elementor-col-50 elementor-top-column elementor-element elementor-element-1bbe0f5\" data-id=\"1bbe0f5\" data-element_type=\"column\" data-e-type=\"column\">\n\t\t\t<div class=\"elementor-widget-wrap elementor-element-populated\">\n\t\t\t\t\t\t<div class=\"elementor-element elementor-element-52d3327 elementor-widget elementor-widget-image\" data-id=\"52d3327\" data-element_type=\"widget\" data-e-type=\"widget\" data-widget_type=\"image.default\">\n\t\t\t\t<div class=\"elementor-widget-container\">\n\t\t\t\t\t\t\t\t\t\t\t\t<figure class=\"wp-caption\">\n\t\t\t\t\t\t\t\t\t\t<img fetchpriority=\"high\" decoding=\"async\" width=\"768\" height=\"1024\" src=\"https:\/\/www.ubfc.fr\/wp-content\/uploads\/2021\/06\/IMG_7616-web-768x1024.jpg\" class=\"attachment-large size-large wp-image-54091\" alt=\"\" srcset=\"https:\/\/www.ubfc.fr\/wp-content\/uploads\/2021\/06\/IMG_7616-web-768x1024.jpg 768w, https:\/\/www.ubfc.fr\/wp-content\/uploads\/2021\/06\/IMG_7616-web-225x300.jpg 225w, https:\/\/www.ubfc.fr\/wp-content\/uploads\/2021\/06\/IMG_7616-web-1152x1536.jpg 1152w, https:\/\/www.ubfc.fr\/wp-content\/uploads\/2021\/06\/IMG_7616-web-1536x2048.jpg 1536w, https:\/\/www.ubfc.fr\/wp-content\/uploads\/2021\/06\/IMG_7616-web-scaled.jpg 1920w\" sizes=\"(max-width: 768px) 100vw, 768px\" \/>\t\t\t\t\t\t\t\t\t\t\t<figcaption class=\"widget-image-caption wp-caption-text\">Emmanuelle Vennin \/ \u00a9 Patrice Bouillot - La Plume &amp; le Micro<\/figcaption>\n\t\t\t\t\t\t\t\t\t\t<\/figure>\n\t\t\t\t\t\t\t\t\t<\/div>\n\t\t\t\t<\/div>\n\t\t\t\t\t<\/div>\n\t\t<\/div>\n\t\t\t\t<div class=\"elementor-column elementor-col-50 elementor-top-column elementor-element elementor-element-3aa86bc\" data-id=\"3aa86bc\" data-element_type=\"column\" data-e-type=\"column\">\n\t\t\t<div class=\"elementor-widget-wrap elementor-element-populated\">\n\t\t\t\t\t\t<div class=\"elementor-element elementor-element-de17362 elementor-widget elementor-widget-text-editor\" data-id=\"de17362\" data-element_type=\"widget\" data-e-type=\"widget\" data-widget_type=\"text-editor.default\">\n\t\t\t\t<div class=\"elementor-widget-container\">\n\t\t\t\t\t\t\t\t\t<h5><strong>Les carbonates nous en apprennent beaucoup sur l\u2019histoire de la Terre. Ils sont peut-\u00eatre aussi une partie de la solution dans la lutte contre le r\u00e9chauffement climatique. Au laboratoire de Biog\u00e9osciences d\u2019Universit\u00e9 Bourgogne Franche-Comt\u00e9, Emmanuelle Vennin, laur\u00e9ate du prix Johannes Walthers 2020 de l\u2019association internationale de s\u00e9dimentologie, planche sur ces min\u00e9raux qui pourraient sauver la plan\u00e8te.<\/strong><\/h5>\t\t\t\t\t\t\t\t<\/div>\n\t\t\t\t<\/div>\n\t\t\t\t\t<\/div>\n\t\t<\/div>\n\t\t\t\t\t<\/div>\n\t\t<\/section>\n\t\t\t\t<section class=\"elementor-section elementor-top-section elementor-element elementor-element-46788de elementor-section-boxed elementor-section-height-default elementor-section-height-default\" data-id=\"46788de\" data-element_type=\"section\" data-e-type=\"section\">\n\t\t\t\t\t\t<div class=\"elementor-container elementor-column-gap-default\">\n\t\t\t\t\t<div class=\"elementor-column elementor-col-100 elementor-top-column elementor-element elementor-element-47eab31\" data-id=\"47eab31\" data-element_type=\"column\" data-e-type=\"column\">\n\t\t\t<div class=\"elementor-widget-wrap elementor-element-populated\">\n\t\t\t\t\t\t<div class=\"elementor-element elementor-element-92af631 elementor-widget elementor-widget-text-editor\" data-id=\"92af631\" data-element_type=\"widget\" data-e-type=\"widget\" data-widget_type=\"text-editor.default\">\n\t\t\t\t<div class=\"elementor-widget-container\">\n\t\t\t\t\t\t\t\t\t<p>\u00c0 l\u2019\u00e2ge de sept ans, Emmanuelle Vennin eut la chance d\u2019entreprendre, avec ses parents, un voyage aux \u00c9tats-Unis dont elle ramena un souvenir inoubliable\u00a0: la d\u00e9couverte du Grand Canyon du Colorado. D\u00e8s lors, sa passion pour la g\u00e9ologie et plus globalement pour les choses de la nature ne cessera de se d\u00e9velopper. Elle est aussi bien fascin\u00e9e par les fossiles que par la volcanologie. Et naturellement, \u00e0 l\u2019heure de choisir sa voie, c\u2019est vers la g\u00e9ologie que s\u2019oriente cette Franco-Belge, \u00e0 l\u2019universit\u00e9 de Bruxelles pour sa ma\u00eetrise, \u00e0 Lille pour son DEA. Sa th\u00e8se l\u2019entra\u00eene en Russie, o\u00f9 elle \u00e9tudie les \u00ab\u00a0d\u00e9p\u00f4ts bioconstruits carbonat\u00e9s datant du Pal\u00e9ozo\u00efque\u00a0\u00bb que l\u2019on trouve dans l\u2019Oural \u2013 un projet qu\u2019elle m\u00e8ne avec les universit\u00e9s de Moscou, d\u2019Ekaterinbourg et de Lille, et avec l\u2019appui d\u2019Elf-Aquitaine, int\u00e9ress\u00e9 par ces roches r\u00e9servoirs d\u2019hydrocarbures \u00e0 un moment o\u00f9 l\u2019\u00e9conomie russe s\u2019ouvre au monde. L\u2019industriel l\u2019accueille ensuite pour un post-doc dans la g\u00e9ologie p\u00e9troli\u00e8re. Mais Emmanuelle Vennin choisit finalement le monde acad\u00e9mique\u00a0: elle est recrut\u00e9e comme ma\u00eetre de conf\u00e9rences par le Mus\u00e9um national d\u2019histoire naturelle (MNHN), qui lui confie pendant sept ans la responsabilit\u00e9 des collections de son laboratoire de g\u00e9ologie et o\u00f9 elle continuera ses recherches sur les d\u00e9p\u00f4ts carbonat\u00e9s bioconstruits. \u00c0 36 ans seulement, en 2005, la chercheuse d\u00e9croche un poste de professeure \u00e0 l\u2019universit\u00e9 de Bourgogne (uB). Elle poursuivra ses recherches, au sein de l\u2019unit\u00e9 mixte de recherche (UMR) de Biog\u00e9osciences, port\u00e9e par le Centre national de la recherche scientifique (CNRS), Universit\u00e9 Bourgogne Franche-Comt\u00e9 (UBFC) via l\u2019uB et l\u2019\u00c9cole pratique des hautes \u00e9tudes (EPHE). \u00ab\u00a0<em>Nous travaillons ici sur la production carbonat\u00e9e, nous cherchons \u00e0 reconstituer les pal\u00e9o-paysages, \u00e0 comprendre le pal\u00e9o-environnement, en \u00e9tudiant des d\u00e9p\u00f4ts tr\u00e8s anciens, remontant \u00e0 plusieurs centaines de millions d\u2019ann\u00e9es<\/em>.\u00a0\u00bb Beaucoup de projets sont cofinanc\u00e9s, dans le cadre de \u00ab\u00a0<em>partenariats gagnant-gagnant<\/em>\u00a0\u00bb, par l\u2019industrie p\u00e9troli\u00e8re, en particulier par Total. Ce qui int\u00e9resse plus sp\u00e9cialement Emmanuelle Vennin, ce sont \u00ab\u00a0<em>les processus<\/em>\u00a0\u00bb. Elle tente de d\u00e9terminer comment les communaut\u00e9s vivantes ont chang\u00e9, comment elles ont contribu\u00e9, par leur production carbonat\u00e9e, aux \u00e9volutions de leur environnement, \u00e0 diff\u00e9rentes p\u00e9riodes de la vie de la Terre.<\/p><p>Les pierres expos\u00e9es dans son bureau de la facult\u00e9 de sciences Gabriel, \u00e0 Dijon, racontent l\u2019\u00e9pop\u00e9e du globe. Des micro-organismes d\u2019un autre temps y ont laiss\u00e9 des traces qui permettent de comprendre comment, \u00e0 une \u00e9poque lointaine, ils ont particip\u00e9 \u00e0 l\u2019oxyg\u00e9nation de l\u2019air par la photosynth\u00e8se et surtout comment ils ont stock\u00e9 du carbone. \u00ab\u00a0<em>On ne peut pas comprendre le r\u00f4le qu\u2019ont jou\u00e9 les micro-organismes dans la pr\u00e9cipitation des carbonates si l\u2019on n\u2019\u00e9tudie pas tous les aspects de la question\u00a0: l\u2019environnement, le d\u00e9veloppement et le fonctionnement des bact\u00e9ries\u2026<\/em>\u00a0\u00bb Il fallait donc constituer une \u00e9quipe pluridisciplinaire, rassemblant des comp\u00e9tences en g\u00e9omicrobiologie, en s\u00e9dimentologie et en g\u00e9ochimie. Dans le cadre du projet I-SITE port\u00e9 par UBFC, un chercheur am\u00e9ricain, Pieter Visscher, a \u00e9t\u00e9 accueilli au sein de l\u2019UMR Biog\u00e9osciences pendant trois ans pour plancher avec les chercheurs fran\u00e7ais sur ces carbonates, v\u00e9ritables pi\u00e8ges \u00e0 carbone dont l\u2019int\u00e9r\u00eat appara\u00eet comme crucial \u00e0 l\u2019heure de la lutte contre le r\u00e9chauffement climatique. \u00ab\u00a0<em>Certaines bact\u00e9ries et certains microbes peuvent, par des processus tr\u00e8s rapides, en quelques heures seulement, induire une pr\u00e9cipitation carbonat\u00e9e, stocker du CO<sub>2<\/sub> et ainsi agir sur la qualit\u00e9 de notre environnement<\/em>\u00a0\u00bb, r\u00e9sume Emmanuelle Vennin. Imaginons\u00a0: un cocktail de micro-organismes capable de transformer le dioxyde de carbone, voire d\u2019autres gaz polluants, en min\u00e9ral, en quelques heures seulement\u00a0! Encore faut-il trouver la composition dudit cocktail et comprendre son \u00e9volution. C\u2019est l\u00e0 tout l\u2019enjeu de l\u2019\u00e9tude des tapis microbiens que l\u2019on trouve au fond des rivi\u00e8res, des lacs ou des oc\u00e9ans. \u00ab\u00a0<em>En laboratoire, nous sommes capables de d\u00e9terminer quels microbes, gr\u00e2ce \u00e0 leur m\u00e9tabolisme, agissent le plus efficacement pour pr\u00e9cipiter le carbone. Nous avons d\u00e9couvert aussi que certains utilisent l\u2019arsenic comme un catalyseur pour leur photosynth\u00e8se. Avec, \u00e0 la cl\u00e9, des applications envisageables dans l\u2019industrie chimique, o\u00f9 l\u2019enjeu est de stocker les polluants<\/em>.\u00a0\u00bb<\/p><p>L\u2019Association internationale de s\u00e9dimentologie a attribu\u00e9 \u00e0 Emmanuelle Vennin le prix Johannes Walthers, qui r\u00e9compense l\u2019ensemble de ses travaux de recherche tout au long de sa carri\u00e8re. La chercheuse ne manque jamais de rappeler que rien n\u2019aurait \u00e9t\u00e9 possible sans \u00e9quipe. Et que l\u2019enjeu fondamental reste le volet enseignement de son m\u00e9tier\u00a0: \u00ab\u00a0<em>Le plus important, c\u2019est de transmettre sa passion aux \u00e9tudiants. \u00c0 nos jeunes, nous apportons des connaissances mais nous leur donnons surtout les cl\u00e9s pour que, demain, ils agissent pour la vie sur la plan\u00e8te<\/em>\u00a0\u00bb.<\/p>\t\t\t\t\t\t\t\t<\/div>\n\t\t\t\t<\/div>\n\t\t\t\t\t<\/div>\n\t\t<\/div>\n\t\t\t\t\t<\/div>\n\t\t<\/section>\n\t\t\t\t<\/div>\n\t\t","protected":false},"excerpt":{"rendered":"<p>Emmanuelle Vennin \/ \u00a9 Patrice Bouillot &#8211; La Plume &amp; le Micro Les carbonates nous en apprennent beaucoup sur l\u2019histoire de la Terre. Ils sont peut-\u00eatre aussi une partie de la solution dans la lutte contre le r\u00e9chauffement climatique. Au laboratoire de Biog\u00e9osciences d\u2019Universit\u00e9 Bourgogne Franche-Comt\u00e9, Emmanuelle Vennin, laur\u00e9ate du prix Johannes Walthers 2020 de &hellip; <a href=\"https:\/\/www.ubfc.fr\/en\/recherche\/portraits-de-chercheurs\/emmanuelle-vennin-des-pieges-a-carbone-pour-sauver-le-climat\/\">Continued<\/a><\/p>\n","protected":false},"author":60,"featured_media":0,"parent":54056,"menu_order":37,"comment_status":"closed","ping_status":"closed","template":"","meta":{"_acf_changed":false,"footnotes":""},"class_list":["post-54090","page","type-page","status-publish","hentry"],"acf":[],"yoast_head":"<!-- This site is optimized with the Yoast SEO plugin v27.3 - https:\/\/yoast.com\/product\/yoast-seo-wordpress\/ -->\n<title>Emmanuelle Vennin - Des pi\u00e8ges \u00e0 carbone pour sauver le climat - COMUE Universit\u00e9 Bourgogne-Franche-Comt\u00e9<\/title>\n<meta name=\"robots\" content=\"index, follow, max-snippet:-1, max-image-preview:large, max-video-preview:-1\" \/>\n<link rel=\"canonical\" href=\"https:\/\/www.ubfc.fr\/recherche\/portraits-de-chercheurs\/emmanuelle-vennin-des-pieges-a-carbone-pour-sauver-le-climat\/\" \/>\n<meta property=\"og:locale\" content=\"en_US\" \/>\n<meta property=\"og:type\" content=\"article\" \/>\n<meta property=\"og:title\" content=\"Emmanuelle Vennin - Des pi\u00e8ges \u00e0 carbone pour sauver le climat - COMUE Universit\u00e9 Bourgogne-Franche-Comt\u00e9\" \/>\n<meta property=\"og:description\" content=\"Emmanuelle Vennin \/ \u00a9 Patrice Bouillot &#8211; La Plume &amp; le Micro Les carbonates nous en apprennent beaucoup sur l\u2019histoire de la Terre. Ils sont peut-\u00eatre aussi une partie de la solution dans la lutte contre le r\u00e9chauffement climatique. Au laboratoire de Biog\u00e9osciences d\u2019Universit\u00e9 Bourgogne Franche-Comt\u00e9, Emmanuelle Vennin, laur\u00e9ate du prix Johannes Walthers 2020 de &hellip; Continued\" \/>\n<meta property=\"og:url\" content=\"https:\/\/www.ubfc.fr\/recherche\/portraits-de-chercheurs\/emmanuelle-vennin-des-pieges-a-carbone-pour-sauver-le-climat\/\" \/>\n<meta property=\"og:site_name\" content=\"COMUE Universit\u00e9 Bourgogne-Franche-Comt\u00e9\" \/>\n<meta property=\"article:publisher\" content=\"https:\/\/www.facebook.com\/UnivBFC\/\" \/>\n<meta property=\"article:modified_time\" content=\"2021-06-02T11:42:46+00:00\" \/>\n<meta property=\"og:image\" content=\"https:\/\/www.ubfc.fr\/wp-content\/uploads\/2021\/06\/IMG_7616-web-768x1024.jpg\" \/>\n<meta name=\"twitter:card\" content=\"summary_large_image\" \/>\n<meta name=\"twitter:site\" content=\"@univ_bfc\" \/>\n<meta name=\"twitter:label1\" content=\"Est. reading time\" \/>\n\t<meta name=\"twitter:data1\" content=\"5 minutes\" \/>\n<script type=\"application\/ld+json\" class=\"yoast-schema-graph\">{\"@context\":\"https:\\\/\\\/schema.org\",\"@graph\":[{\"@type\":\"WebPage\",\"@id\":\"https:\\\/\\\/www.ubfc.fr\\\/recherche\\\/portraits-de-chercheurs\\\/emmanuelle-vennin-des-pieges-a-carbone-pour-sauver-le-climat\\\/\",\"url\":\"https:\\\/\\\/www.ubfc.fr\\\/recherche\\\/portraits-de-chercheurs\\\/emmanuelle-vennin-des-pieges-a-carbone-pour-sauver-le-climat\\\/\",\"name\":\"Emmanuelle Vennin - Des pi\u00e8ges \u00e0 carbone pour sauver le climat - COMUE Universit\u00e9 Bourgogne-Franche-Comt\u00e9\",\"isPartOf\":{\"@id\":\"https:\\\/\\\/www.ubfc.fr\\\/#website\"},\"primaryImageOfPage\":{\"@id\":\"https:\\\/\\\/www.ubfc.fr\\\/recherche\\\/portraits-de-chercheurs\\\/emmanuelle-vennin-des-pieges-a-carbone-pour-sauver-le-climat\\\/#primaryimage\"},\"image\":{\"@id\":\"https:\\\/\\\/www.ubfc.fr\\\/recherche\\\/portraits-de-chercheurs\\\/emmanuelle-vennin-des-pieges-a-carbone-pour-sauver-le-climat\\\/#primaryimage\"},\"thumbnailUrl\":\"https:\\\/\\\/www.ubfc.fr\\\/wp-content\\\/uploads\\\/2021\\\/06\\\/IMG_7616-web-768x1024.jpg\",\"datePublished\":\"2021-06-02T11:17:01+00:00\",\"dateModified\":\"2021-06-02T11:42:46+00:00\",\"breadcrumb\":{\"@id\":\"https:\\\/\\\/www.ubfc.fr\\\/recherche\\\/portraits-de-chercheurs\\\/emmanuelle-vennin-des-pieges-a-carbone-pour-sauver-le-climat\\\/#breadcrumb\"},\"inLanguage\":\"en-US\",\"potentialAction\":[{\"@type\":\"ReadAction\",\"target\":[\"https:\\\/\\\/www.ubfc.fr\\\/recherche\\\/portraits-de-chercheurs\\\/emmanuelle-vennin-des-pieges-a-carbone-pour-sauver-le-climat\\\/\"]}]},{\"@type\":\"ImageObject\",\"inLanguage\":\"en-US\",\"@id\":\"https:\\\/\\\/www.ubfc.fr\\\/recherche\\\/portraits-de-chercheurs\\\/emmanuelle-vennin-des-pieges-a-carbone-pour-sauver-le-climat\\\/#primaryimage\",\"url\":\"https:\\\/\\\/www.ubfc.fr\\\/wp-content\\\/uploads\\\/2021\\\/06\\\/IMG_7616-web-768x1024.jpg\",\"contentUrl\":\"https:\\\/\\\/www.ubfc.fr\\\/wp-content\\\/uploads\\\/2021\\\/06\\\/IMG_7616-web-768x1024.jpg\"},{\"@type\":\"BreadcrumbList\",\"@id\":\"https:\\\/\\\/www.ubfc.fr\\\/recherche\\\/portraits-de-chercheurs\\\/emmanuelle-vennin-des-pieges-a-carbone-pour-sauver-le-climat\\\/#breadcrumb\",\"itemListElement\":[{\"@type\":\"ListItem\",\"position\":1,\"name\":\"Accueil\",\"item\":\"https:\\\/\\\/www.ubfc.fr\\\/en\\\/\"},{\"@type\":\"ListItem\",\"position\":2,\"name\":\"Recherche\",\"item\":\"https:\\\/\\\/www.ubfc.fr\\\/recherche\\\/\"},{\"@type\":\"ListItem\",\"position\":3,\"name\":\"Portraits de chercheurs\",\"item\":\"https:\\\/\\\/www.ubfc.fr\\\/recherche\\\/portraits-de-chercheurs\\\/\"},{\"@type\":\"ListItem\",\"position\":4,\"name\":\"Emmanuelle Vennin &#8211; Des pi\u00e8ges \u00e0 carbone pour sauver le climat\"}]},{\"@type\":\"WebSite\",\"@id\":\"https:\\\/\\\/www.ubfc.fr\\\/#website\",\"url\":\"https:\\\/\\\/www.ubfc.fr\\\/\",\"name\":\"COMUE Universit\u00e9 Bourgogne-Franche-Comt\u00e9\",\"description\":\"\",\"publisher\":{\"@id\":\"https:\\\/\\\/www.ubfc.fr\\\/#organization\"},\"potentialAction\":[{\"@type\":\"SearchAction\",\"target\":{\"@type\":\"EntryPoint\",\"urlTemplate\":\"https:\\\/\\\/www.ubfc.fr\\\/?s={search_term_string}\"},\"query-input\":{\"@type\":\"PropertyValueSpecification\",\"valueRequired\":true,\"valueName\":\"search_term_string\"}}],\"inLanguage\":\"en-US\"},{\"@type\":\"Organization\",\"@id\":\"https:\\\/\\\/www.ubfc.fr\\\/#organization\",\"name\":\"Universit\u00e9 Bourgogne-Franche-Comt\u00e9\",\"url\":\"https:\\\/\\\/www.ubfc.fr\\\/\",\"logo\":{\"@type\":\"ImageObject\",\"inLanguage\":\"en-US\",\"@id\":\"https:\\\/\\\/www.ubfc.fr\\\/#\\\/schema\\\/logo\\\/image\\\/\",\"url\":\"https:\\\/\\\/www.ubfc.fr\\\/wp-content\\\/uploads\\\/2022\\\/03\\\/vagueUBFC_favicon.png\",\"contentUrl\":\"https:\\\/\\\/www.ubfc.fr\\\/wp-content\\\/uploads\\\/2022\\\/03\\\/vagueUBFC_favicon.png\",\"width\":512,\"height\":512,\"caption\":\"Universit\u00e9 Bourgogne-Franche-Comt\u00e9\"},\"image\":{\"@id\":\"https:\\\/\\\/www.ubfc.fr\\\/#\\\/schema\\\/logo\\\/image\\\/\"},\"sameAs\":[\"https:\\\/\\\/www.facebook.com\\\/UnivBFC\\\/\",\"https:\\\/\\\/x.com\\\/univ_bfc\",\"https:\\\/\\\/www.linkedin.com\\\/school\\\/universitebourgognefranchecomte\\\/mycompany\\\/\"]}]}<\/script>\n<!-- \/ Yoast SEO plugin. -->","yoast_head_json":{"title":"Emmanuelle Vennin - Des pi\u00e8ges \u00e0 carbone pour sauver le climat - COMUE Universit\u00e9 Bourgogne-Franche-Comt\u00e9","robots":{"index":"index","follow":"follow","max-snippet":"max-snippet:-1","max-image-preview":"max-image-preview:large","max-video-preview":"max-video-preview:-1"},"canonical":"https:\/\/www.ubfc.fr\/recherche\/portraits-de-chercheurs\/emmanuelle-vennin-des-pieges-a-carbone-pour-sauver-le-climat\/","og_locale":"en_US","og_type":"article","og_title":"Emmanuelle Vennin - Des pi\u00e8ges \u00e0 carbone pour sauver le climat - COMUE Universit\u00e9 Bourgogne-Franche-Comt\u00e9","og_description":"Emmanuelle Vennin \/ \u00a9 Patrice Bouillot &#8211; La Plume &amp; le Micro Les carbonates nous en apprennent beaucoup sur l\u2019histoire de la Terre. Ils sont peut-\u00eatre aussi une partie de la solution dans la lutte contre le r\u00e9chauffement climatique. Au laboratoire de Biog\u00e9osciences d\u2019Universit\u00e9 Bourgogne Franche-Comt\u00e9, Emmanuelle Vennin, laur\u00e9ate du prix Johannes Walthers 2020 de &hellip; Continued","og_url":"https:\/\/www.ubfc.fr\/recherche\/portraits-de-chercheurs\/emmanuelle-vennin-des-pieges-a-carbone-pour-sauver-le-climat\/","og_site_name":"COMUE Universit\u00e9 Bourgogne-Franche-Comt\u00e9","article_publisher":"https:\/\/www.facebook.com\/UnivBFC\/","article_modified_time":"2021-06-02T11:42:46+00:00","og_image":[{"url":"https:\/\/www.ubfc.fr\/wp-content\/uploads\/2021\/06\/IMG_7616-web-768x1024.jpg","type":"","width":"","height":""}],"twitter_card":"summary_large_image","twitter_site":"@univ_bfc","twitter_misc":{"Est. reading time":"5 minutes"},"schema":{"@context":"https:\/\/schema.org","@graph":[{"@type":"WebPage","@id":"https:\/\/www.ubfc.fr\/recherche\/portraits-de-chercheurs\/emmanuelle-vennin-des-pieges-a-carbone-pour-sauver-le-climat\/","url":"https:\/\/www.ubfc.fr\/recherche\/portraits-de-chercheurs\/emmanuelle-vennin-des-pieges-a-carbone-pour-sauver-le-climat\/","name":"Emmanuelle Vennin - Des pi\u00e8ges \u00e0 carbone pour sauver le climat - COMUE Universit\u00e9 Bourgogne-Franche-Comt\u00e9","isPartOf":{"@id":"https:\/\/www.ubfc.fr\/#website"},"primaryImageOfPage":{"@id":"https:\/\/www.ubfc.fr\/recherche\/portraits-de-chercheurs\/emmanuelle-vennin-des-pieges-a-carbone-pour-sauver-le-climat\/#primaryimage"},"image":{"@id":"https:\/\/www.ubfc.fr\/recherche\/portraits-de-chercheurs\/emmanuelle-vennin-des-pieges-a-carbone-pour-sauver-le-climat\/#primaryimage"},"thumbnailUrl":"https:\/\/www.ubfc.fr\/wp-content\/uploads\/2021\/06\/IMG_7616-web-768x1024.jpg","datePublished":"2021-06-02T11:17:01+00:00","dateModified":"2021-06-02T11:42:46+00:00","breadcrumb":{"@id":"https:\/\/www.ubfc.fr\/recherche\/portraits-de-chercheurs\/emmanuelle-vennin-des-pieges-a-carbone-pour-sauver-le-climat\/#breadcrumb"},"inLanguage":"en-US","potentialAction":[{"@type":"ReadAction","target":["https:\/\/www.ubfc.fr\/recherche\/portraits-de-chercheurs\/emmanuelle-vennin-des-pieges-a-carbone-pour-sauver-le-climat\/"]}]},{"@type":"ImageObject","inLanguage":"en-US","@id":"https:\/\/www.ubfc.fr\/recherche\/portraits-de-chercheurs\/emmanuelle-vennin-des-pieges-a-carbone-pour-sauver-le-climat\/#primaryimage","url":"https:\/\/www.ubfc.fr\/wp-content\/uploads\/2021\/06\/IMG_7616-web-768x1024.jpg","contentUrl":"https:\/\/www.ubfc.fr\/wp-content\/uploads\/2021\/06\/IMG_7616-web-768x1024.jpg"},{"@type":"BreadcrumbList","@id":"https:\/\/www.ubfc.fr\/recherche\/portraits-de-chercheurs\/emmanuelle-vennin-des-pieges-a-carbone-pour-sauver-le-climat\/#breadcrumb","itemListElement":[{"@type":"ListItem","position":1,"name":"Accueil","item":"https:\/\/www.ubfc.fr\/en\/"},{"@type":"ListItem","position":2,"name":"Recherche","item":"https:\/\/www.ubfc.fr\/recherche\/"},{"@type":"ListItem","position":3,"name":"Portraits de chercheurs","item":"https:\/\/www.ubfc.fr\/recherche\/portraits-de-chercheurs\/"},{"@type":"ListItem","position":4,"name":"Emmanuelle Vennin &#8211; Des pi\u00e8ges \u00e0 carbone pour sauver le climat"}]},{"@type":"WebSite","@id":"https:\/\/www.ubfc.fr\/#website","url":"https:\/\/www.ubfc.fr\/","name":"COMUE Universit\u00e9 Bourgogne-Franche-Comt\u00e9","description":"","publisher":{"@id":"https:\/\/www.ubfc.fr\/#organization"},"potentialAction":[{"@type":"SearchAction","target":{"@type":"EntryPoint","urlTemplate":"https:\/\/www.ubfc.fr\/?s={search_term_string}"},"query-input":{"@type":"PropertyValueSpecification","valueRequired":true,"valueName":"search_term_string"}}],"inLanguage":"en-US"},{"@type":"Organization","@id":"https:\/\/www.ubfc.fr\/#organization","name":"Universit\u00e9 Bourgogne-Franche-Comt\u00e9","url":"https:\/\/www.ubfc.fr\/","logo":{"@type":"ImageObject","inLanguage":"en-US","@id":"https:\/\/www.ubfc.fr\/#\/schema\/logo\/image\/","url":"https:\/\/www.ubfc.fr\/wp-content\/uploads\/2022\/03\/vagueUBFC_favicon.png","contentUrl":"https:\/\/www.ubfc.fr\/wp-content\/uploads\/2022\/03\/vagueUBFC_favicon.png","width":512,"height":512,"caption":"Universit\u00e9 Bourgogne-Franche-Comt\u00e9"},"image":{"@id":"https:\/\/www.ubfc.fr\/#\/schema\/logo\/image\/"},"sameAs":["https:\/\/www.facebook.com\/UnivBFC\/","https:\/\/x.com\/univ_bfc","https:\/\/www.linkedin.com\/school\/universitebourgognefranchecomte\/mycompany\/"]}]}},"_links":{"self":[{"href":"https:\/\/www.ubfc.fr\/en\/wp-json\/wp\/v2\/pages\/54090","targetHints":{"allow":["GET"]}}],"collection":[{"href":"https:\/\/www.ubfc.fr\/en\/wp-json\/wp\/v2\/pages"}],"about":[{"href":"https:\/\/www.ubfc.fr\/en\/wp-json\/wp\/v2\/types\/page"}],"author":[{"embeddable":true,"href":"https:\/\/www.ubfc.fr\/en\/wp-json\/wp\/v2\/users\/60"}],"replies":[{"embeddable":true,"href":"https:\/\/www.ubfc.fr\/en\/wp-json\/wp\/v2\/comments?post=54090"}],"version-history":[{"count":0,"href":"https:\/\/www.ubfc.fr\/en\/wp-json\/wp\/v2\/pages\/54090\/revisions"}],"up":[{"embeddable":true,"href":"https:\/\/www.ubfc.fr\/en\/wp-json\/wp\/v2\/pages\/54056"}],"wp:attachment":[{"href":"https:\/\/www.ubfc.fr\/en\/wp-json\/wp\/v2\/media?parent=54090"}],"curies":[{"name":"wp","href":"https:\/\/api.w.org\/{rel}","templated":true}]}}