{"id":54083,"date":"2021-06-02T12:45:07","date_gmt":"2021-06-02T10:45:07","guid":{"rendered":"https:\/\/www.ubfc.fr\/?page_id=54083"},"modified":"2021-06-02T12:52:27","modified_gmt":"2021-06-02T10:52:27","slug":"daniel-hissel-au-coeur-de-lecosysteme-hydrogene","status":"publish","type":"page","link":"https:\/\/www.ubfc.fr\/en\/recherche\/portraits-de-chercheurs\/daniel-hissel-au-coeur-de-lecosysteme-hydrogene\/","title":{"rendered":"Daniel Hissel, au c\u0153ur de l\u2019\u00e9cosyst\u00e8me hydrog\u00e8ne"},"content":{"rendered":"\t\t<div data-elementor-type=\"wp-page\" data-elementor-id=\"54083\" class=\"elementor elementor-54083\" data-elementor-post-type=\"page\">\n\t\t\t\t\t\t<section class=\"elementor-section elementor-top-section elementor-element elementor-element-032c324 elementor-section-boxed elementor-section-height-default elementor-section-height-default\" data-id=\"032c324\" data-element_type=\"section\" data-e-type=\"section\">\n\t\t\t\t\t\t<div class=\"elementor-container elementor-column-gap-default\">\n\t\t\t\t\t<div class=\"elementor-column elementor-col-50 elementor-top-column elementor-element elementor-element-4d907b9\" data-id=\"4d907b9\" data-element_type=\"column\" data-e-type=\"column\">\n\t\t\t<div class=\"elementor-widget-wrap elementor-element-populated\">\n\t\t\t\t\t\t<div class=\"elementor-element elementor-element-ccb6bde elementor-widget elementor-widget-image\" data-id=\"ccb6bde\" data-element_type=\"widget\" data-e-type=\"widget\" data-widget_type=\"image.default\">\n\t\t\t\t<div class=\"elementor-widget-container\">\n\t\t\t\t\t\t\t\t\t\t\t\t<figure class=\"wp-caption\">\n\t\t\t\t\t\t\t\t\t\t<img fetchpriority=\"high\" decoding=\"async\" width=\"1024\" height=\"768\" src=\"https:\/\/www.ubfc.fr\/wp-content\/uploads\/2021\/06\/IMG_7635-web-1024x768.jpg\" class=\"attachment-large size-large wp-image-54084\" alt=\"\" srcset=\"https:\/\/www.ubfc.fr\/wp-content\/uploads\/2021\/06\/IMG_7635-web-1024x768.jpg 1024w, https:\/\/www.ubfc.fr\/wp-content\/uploads\/2021\/06\/IMG_7635-web-300x225.jpg 300w, https:\/\/www.ubfc.fr\/wp-content\/uploads\/2021\/06\/IMG_7635-web-768x576.jpg 768w, https:\/\/www.ubfc.fr\/wp-content\/uploads\/2021\/06\/IMG_7635-web-1536x1152.jpg 1536w, https:\/\/www.ubfc.fr\/wp-content\/uploads\/2021\/06\/IMG_7635-web-2048x1536.jpg 2048w\" sizes=\"(max-width: 1024px) 100vw, 1024px\" \/>\t\t\t\t\t\t\t\t\t\t\t<figcaption class=\"widget-image-caption wp-caption-text\">Daniel Hissel \/ \u00a9 Patrice Bouillot - La Plume &amp; le Micro<\/figcaption>\n\t\t\t\t\t\t\t\t\t\t<\/figure>\n\t\t\t\t\t\t\t\t\t<\/div>\n\t\t\t\t<\/div>\n\t\t\t\t\t<\/div>\n\t\t<\/div>\n\t\t\t\t<div class=\"elementor-column elementor-col-50 elementor-top-column elementor-element elementor-element-ddb4faa\" data-id=\"ddb4faa\" data-element_type=\"column\" data-e-type=\"column\">\n\t\t\t<div class=\"elementor-widget-wrap elementor-element-populated\">\n\t\t\t\t\t\t<div class=\"elementor-element elementor-element-a388fd5 elementor-widget elementor-widget-text-editor\" data-id=\"a388fd5\" data-element_type=\"widget\" data-e-type=\"widget\" data-widget_type=\"text-editor.default\">\n\t\t\t\t<div class=\"elementor-widget-container\">\n\t\t\t\t\t\t\t\t\t<h5><strong>Pour sa carri\u00e8re tout enti\u00e8re d\u00e9di\u00e9e \u00e0 la technologie hydrog\u00e8ne \u00e9nergie, Daniel Hissel a obtenu la m\u00e9daille de l\u2019innovation du CNRS. Enseignant-chercheur \u00e0 l\u2019universit\u00e9 de Franche-Comt\u00e9, directeur d\u2019une \u00e9quipe de recherche de FEMTO-ST, cofondateur d\u2019une start-up \u00e0 Belfort, ce sp\u00e9cialiste est convaincu depuis toujours que H<sub>2<\/sub> est une partie de la solution pour une plan\u00e8te plus verte.<\/strong><\/h5>\t\t\t\t\t\t\t\t<\/div>\n\t\t\t\t<\/div>\n\t\t\t\t\t<\/div>\n\t\t<\/div>\n\t\t\t\t\t<\/div>\n\t\t<\/section>\n\t\t\t\t<section class=\"elementor-section elementor-top-section elementor-element elementor-element-7ce11c1 elementor-section-boxed elementor-section-height-default elementor-section-height-default\" data-id=\"7ce11c1\" data-element_type=\"section\" data-e-type=\"section\">\n\t\t\t\t\t\t<div class=\"elementor-container elementor-column-gap-default\">\n\t\t\t\t\t<div class=\"elementor-column elementor-col-100 elementor-top-column elementor-element elementor-element-cab0a4e\" data-id=\"cab0a4e\" data-element_type=\"column\" data-e-type=\"column\">\n\t\t\t<div class=\"elementor-widget-wrap elementor-element-populated\">\n\t\t\t\t\t\t<div class=\"elementor-element elementor-element-4043863 elementor-widget elementor-widget-text-editor\" data-id=\"4043863\" data-element_type=\"widget\" data-e-type=\"widget\" data-widget_type=\"text-editor.default\">\n\t\t\t\t<div class=\"elementor-widget-container\">\n\t\t\t\t\t\t\t\t\t<p>L\u2019hydrog\u00e8ne, Daniel Hissel s\u2019y est int\u00e9ress\u00e9 avant tout le monde ou presque. En tout cas, \u00e0 une \u00e9poque, la fin des ann\u00e9es 1990, o\u00f9 l\u2019id\u00e9e qu\u2019il puisse constituer une solution \u00e9nerg\u00e9tique \u00e9mergeait \u00e0 peine. Apr\u00e8s des \u00e9tudes \u00e0 l\u2019\u00c9cole nationale sup\u00e9rieure d\u2019ing\u00e9nieurs \u00e9lectriciens de Grenoble (Ensieg) puis une th\u00e8se sur l\u2019intelligence artificielle (IA) \u00e0 l\u2019Institut national polytechnique (INP) de Toulouse, il est recrut\u00e9 chez Alstom, \u00e0 Tarbes, pour plancher sur l\u2019hydrog\u00e8ne, et plus pr\u00e9cis\u00e9ment sur un premier projet de flotte de bus \u00e9lectriques utilisant cette technologie. En 2000, il est recrut\u00e9 comme ma\u00eetre de conf\u00e9rences par l\u2019Universit\u00e9 de technologie de Belfort-Montb\u00e9liard (UTBM), o\u00f9 il poursuit ses recherches sur le sujet. Avant d\u2019int\u00e9grer l\u2019universit\u00e9 de Franche-Comt\u00e9 (UFC) en 2006, comme professeur dans les domaines du g\u00e9nie \u00e9lectrique et\u2026 de l\u2019hydrog\u00e8ne-\u00e9nergie. Si la Bourgogne-Franche-Comt\u00e9, le Territoire de Belfort en particulier, est aujourd\u2019hui un des principaux foyers fran\u00e7ais de recherche et de d\u00e9veloppement dans le domaine de l\u2019hydrog\u00e8ne, il y est \u00e0 l\u2019\u00e9vidence pour quelque chose. \u00ab\u00a0<em>Quand j\u2019ai commenc\u00e9 \u00e0 travailler sur le sujet ici \u00e0 Belfort, nous \u00e9tions trois<\/em>, se souvient-il. <em>Mais il y avait une volont\u00e9 politique extr\u00eamement forte. Et un positionnement original\u00a0: alors que d\u2019autres travaillaient sur la chimie et les mat\u00e9riaux, nous avons d\u2019embl\u00e9e fait le pari que cette technologie deviendrait mature \u00e0 court ou moyen terme et qu\u2019il fallait se pencher sur la probl\u00e9matique de l\u2019int\u00e9gration de l\u2019objet dans des syst\u00e8mes<\/em>. <em>On misait sur le coup d\u2019apr\u00e8s<\/em>.\u00a0\u00bb L\u2019\u00e9quipe de Daniel Hissel mobilise des expertises en g\u00e9nie \u00e9lectrique, en IA, en contr\u00f4le commande, en mod\u00e9lisation, en exp\u00e9rimentation, pour optimiser le fonctionnement de la pile \u00e0 combustible dans un dispositif complet, fiable et performant. \u00ab\u00a0<em>Pour faire fonctionner des syst\u00e8mes utilisant la pile \u00e0 combustible ou pile \u00e0 hydrog\u00e8ne, il faut un apport d\u2019hydrog\u00e8ne et d\u2019oxyg\u00e8ne, souvent issu de l\u2019air ambiant, et on obtient de l\u2019\u00e9lectricit\u00e9, de la chaleur et de l\u2019eau, qu\u2019il faut valoriser<\/em>.\u00a0\u00bb Ainsi se constitue l\u2019\u00e9quipe de recherche Sharpac (Syst\u00e8mes \u00e9lectriques hybrides, actionneurs \u00e9lectriques, syst\u00e8mes piles \u00e0 combustible) qu\u2019il dirige aujourd\u2019hui au sein de FEMTO-ST (Franche-Comt\u00e9 \u00c9lectronique M\u00e9canique Thermique et Optique \u2013 Sciences et Technologies), institut de recherche dont les tutelles sont le Centre national de la recherche scientifique (CNRS) et Universit\u00e9 Bourgogne Franche-Comt\u00e9 (UBFC) via l\u2019UFC, l\u2019\u00c9cole Nationale Sup\u00e9rieure de M\u00e9canique et de Microtechniques (ENSMM) et l\u2019UTBM. Dans les locaux de la plateforme pile \u00e0 combustible implant\u00e9e sur le campus m\u00e9tropolitain Nord Franche-Comt\u00e9 et partag\u00e9s avec l\u2019unit\u00e9 d\u2019appui \u00e0 la recherche FCLAB, une centaine de sp\u00e9cialistes planche sur cette \u00e9nergie d\u2019un futur d\u00e9sormais tout proche.<\/p><p>Concr\u00e8tement les d\u00e9bouch\u00e9s sont l\u00e0\u00a0: des v\u00e9hicules \u00e9lectriques \u00e0 hydrog\u00e8ne avec une autonomie comparable \u00e0 celle qu\u2019offrent les carburants fossiles et un temps de recharge r\u00e9duit. Des voitures mais surtout des poids lourds, des bus, des trains, des avions ou des navires. Et dans la r\u00e9gion, les projets prometteurs se multiplient\u00a0: basculement vers l\u2019hydrog\u00e8ne d\u2019une partie de la flotte de bus urbains de Belfort et de Dijon, cr\u00e9ation \u00e0 Belfort \u2013 \u00e0 l\u2019initiative de la soci\u00e9t\u00e9 Rougeot \u00c9nergie \u2013 de l\u2019Institut national du stockage d\u2019hydrog\u00e8ne (Isthy), implantation du centre de recherche et d\u00e9veloppement hydrog\u00e8ne de Faurecia \u00e0 \u00c9tupes, v\u00e9hicules de manutention portuaire \u00e0 hydrog\u00e8ne chez Gaussin \u00e0 H\u00e9ricourt, \u2026 Le monde acad\u00e9mique n\u2019est pas en reste\u00a0: sur le campus belfortain, le cursus master en ing\u00e9nierie Hydrog\u00e8ne \u00c9nergie et Efficacit\u00e9 \u00e9nerg\u00e9tique (CMI H3E) a \u00e9t\u00e9 cr\u00e9\u00e9 d\u00e8s 2014. Daniel Hissel, vice-pr\u00e9sident de l\u2019UFC charg\u00e9 de l\u2019innovation, souligne l\u2019importance d\u2019immerger les \u00e9tudiants dans les laboratoires, d\u00e8s leur premi\u00e8re ann\u00e9e de licence, pour \u00ab\u00a0<em>leur donner tr\u00e8s t\u00f4t le go\u00fbt du labo et une culture autour de l\u2019hydrog\u00e8ne<\/em>\u00a0\u00bb. \u00ab\u00a0<em>Il existe aujourd\u2019hui \u00e0 Belfort un v\u00e9ritable \u00e9cosyst\u00e8me impliquant les politiques, le monde industriel, des start-ups et tous les acteurs du soutien \u00e0 l\u2019innovation et \u00e0 l\u2019entreprenariat, notamment l\u2019agence \u00e9conomique r\u00e9gionale (AER), le p\u00f4le V\u00e9hicule du futur<\/em> <em>et<\/em> la soci\u00e9t\u00e9 d\u2019acc\u00e9l\u00e9ration de transfert de technologies (SATT) SAYENS, se r\u00e9jouit Daniel Hissel. <em>UBFC joue un r\u00f4le majeur, notamment \u00e0 travers le programme I-SITE, contribuant \u00e0 financer des projets et \u00e0 d\u00e9velopper l\u2019activit\u00e9 dans le domaine<\/em>.\u00a0\u00bb<\/p><p>En mati\u00e8re de start-ups, Daniel Hissel sait de quoi il parle. Il fait partie des cofondateurs, en 2017, de la soci\u00e9t\u00e9 H2SYS (acronyme signifiant <em>Hydrogen to Systems<\/em>), que dirige S\u00e9bastien Faivre et dont il est conseiller scientifique. Accompagn\u00e9e dans ses diff\u00e9rentes phases de d\u00e9veloppement par la r\u00e9gion Bourgogne-Franche-Comt\u00e9 et par SAYENS, l\u2019entreprise emploie aujourd\u2019hui 17 personnes et a lanc\u00e9 la commercialisation de ses premiers produits\u00a0: des g\u00e9n\u00e9rateurs \u00e9lectriques fonctionnant \u00e0 l\u2019hydrog\u00e8ne, silencieux et produisant une \u00e9lectricit\u00e9 parfaitement verte.<\/p><p>Pour l\u2019ensemble de ses travaux dans le domaine de l\u2019hydrog\u00e8ne, Daniel Hissel a obtenu en 2020 la m\u00e9daille de l\u2019innovation du CNRS. Au sein du CNRS, il est le directeur adjoint de la F\u00e9d\u00e9ration hydrog\u00e8ne, qui regroupe plus de 270 chercheurs issus de 28 laboratoires de toute la France. Sur le sujet, son avis est fait depuis longtemps\u00a0: \u00ab\u00a0<em>L\u2019hydrog\u00e8ne constituera un vecteur \u00e9nerg\u00e9tique de premier plan, capable de repr\u00e9senter 20 % de notre mix \u00e9nerg\u00e9tique \u00e0 l\u2019horizon 2050. Nous avons la maturit\u00e9 technologique, l\u2019attente soci\u00e9tale, les acteurs \u00e9conomiques et la volont\u00e9 politique, avec notamment le plan hydrog\u00e8ne de l\u2019\u00c9tat d\u2019un montant de 7,2 milliards d\u2019euros\u00a0\u00bb. <\/em>Daniel Hissel, qui est aussi \u00e9ducateur de rugby \u00e0 l\u2019Entente Nord Franche-Comt\u00e9, conclut\u00a0:<em> \u00ab\u00a0Il faut maintenant transformer l\u2019essai<\/em>\u00a0\u00bb.<\/p>\t\t\t\t\t\t\t\t<\/div>\n\t\t\t\t<\/div>\n\t\t\t\t\t<\/div>\n\t\t<\/div>\n\t\t\t\t\t<\/div>\n\t\t<\/section>\n\t\t\t\t<\/div>\n\t\t","protected":false},"excerpt":{"rendered":"<p>Daniel Hissel \/ \u00a9 Patrice Bouillot &#8211; La Plume &amp; le Micro Pour sa carri\u00e8re tout enti\u00e8re d\u00e9di\u00e9e \u00e0 la technologie hydrog\u00e8ne \u00e9nergie, Daniel Hissel a obtenu la m\u00e9daille de l\u2019innovation du CNRS. Enseignant-chercheur \u00e0 l\u2019universit\u00e9 de Franche-Comt\u00e9, directeur d\u2019une \u00e9quipe de recherche de FEMTO-ST, cofondateur d\u2019une start-up \u00e0 Belfort, ce sp\u00e9cialiste est convaincu depuis &hellip; <a href=\"https:\/\/www.ubfc.fr\/en\/recherche\/portraits-de-chercheurs\/daniel-hissel-au-coeur-de-lecosysteme-hydrogene\/\">Continued<\/a><\/p>\n","protected":false},"author":60,"featured_media":0,"parent":54056,"menu_order":38,"comment_status":"closed","ping_status":"closed","template":"","meta":{"_acf_changed":false,"footnotes":""},"class_list":["post-54083","page","type-page","status-publish","hentry"],"acf":[],"yoast_head":"<!-- This site is optimized with the Yoast SEO plugin v27.3 - https:\/\/yoast.com\/product\/yoast-seo-wordpress\/ -->\n<title>Daniel Hissel, au c\u0153ur de l\u2019\u00e9cosyst\u00e8me hydrog\u00e8ne - COMUE Universit\u00e9 Bourgogne-Franche-Comt\u00e9<\/title>\n<meta name=\"robots\" content=\"index, follow, max-snippet:-1, max-image-preview:large, max-video-preview:-1\" \/>\n<link rel=\"canonical\" href=\"https:\/\/www.ubfc.fr\/recherche\/portraits-de-chercheurs\/daniel-hissel-au-coeur-de-lecosysteme-hydrogene\/\" \/>\n<meta property=\"og:locale\" content=\"en_US\" \/>\n<meta property=\"og:type\" content=\"article\" \/>\n<meta property=\"og:title\" content=\"Daniel Hissel, au c\u0153ur de l\u2019\u00e9cosyst\u00e8me hydrog\u00e8ne - COMUE Universit\u00e9 Bourgogne-Franche-Comt\u00e9\" \/>\n<meta property=\"og:description\" content=\"Daniel Hissel \/ \u00a9 Patrice Bouillot &#8211; La Plume &amp; le Micro Pour sa carri\u00e8re tout enti\u00e8re d\u00e9di\u00e9e \u00e0 la technologie hydrog\u00e8ne \u00e9nergie, Daniel Hissel a obtenu la m\u00e9daille de l\u2019innovation du CNRS. Enseignant-chercheur \u00e0 l\u2019universit\u00e9 de Franche-Comt\u00e9, directeur d\u2019une \u00e9quipe de recherche de FEMTO-ST, cofondateur d\u2019une start-up \u00e0 Belfort, ce sp\u00e9cialiste est convaincu depuis &hellip; Continued\" \/>\n<meta property=\"og:url\" content=\"https:\/\/www.ubfc.fr\/recherche\/portraits-de-chercheurs\/daniel-hissel-au-coeur-de-lecosysteme-hydrogene\/\" \/>\n<meta property=\"og:site_name\" content=\"COMUE Universit\u00e9 Bourgogne-Franche-Comt\u00e9\" \/>\n<meta property=\"article:publisher\" content=\"https:\/\/www.facebook.com\/UnivBFC\/\" \/>\n<meta property=\"article:modified_time\" content=\"2021-06-02T10:52:27+00:00\" \/>\n<meta property=\"og:image\" content=\"https:\/\/www.ubfc.fr\/wp-content\/uploads\/2021\/06\/IMG_7635-web-1024x768.jpg\" \/>\n<meta name=\"twitter:card\" content=\"summary_large_image\" \/>\n<meta name=\"twitter:site\" content=\"@univ_bfc\" \/>\n<meta name=\"twitter:label1\" content=\"Est. reading time\" \/>\n\t<meta name=\"twitter:data1\" content=\"5 minutes\" \/>\n<script type=\"application\/ld+json\" class=\"yoast-schema-graph\">{\"@context\":\"https:\\\/\\\/schema.org\",\"@graph\":[{\"@type\":\"WebPage\",\"@id\":\"https:\\\/\\\/www.ubfc.fr\\\/recherche\\\/portraits-de-chercheurs\\\/daniel-hissel-au-coeur-de-lecosysteme-hydrogene\\\/\",\"url\":\"https:\\\/\\\/www.ubfc.fr\\\/recherche\\\/portraits-de-chercheurs\\\/daniel-hissel-au-coeur-de-lecosysteme-hydrogene\\\/\",\"name\":\"Daniel Hissel, au c\u0153ur de l\u2019\u00e9cosyst\u00e8me hydrog\u00e8ne - COMUE Universit\u00e9 Bourgogne-Franche-Comt\u00e9\",\"isPartOf\":{\"@id\":\"https:\\\/\\\/www.ubfc.fr\\\/#website\"},\"primaryImageOfPage\":{\"@id\":\"https:\\\/\\\/www.ubfc.fr\\\/recherche\\\/portraits-de-chercheurs\\\/daniel-hissel-au-coeur-de-lecosysteme-hydrogene\\\/#primaryimage\"},\"image\":{\"@id\":\"https:\\\/\\\/www.ubfc.fr\\\/recherche\\\/portraits-de-chercheurs\\\/daniel-hissel-au-coeur-de-lecosysteme-hydrogene\\\/#primaryimage\"},\"thumbnailUrl\":\"https:\\\/\\\/www.ubfc.fr\\\/wp-content\\\/uploads\\\/2021\\\/06\\\/IMG_7635-web-1024x768.jpg\",\"datePublished\":\"2021-06-02T10:45:07+00:00\",\"dateModified\":\"2021-06-02T10:52:27+00:00\",\"breadcrumb\":{\"@id\":\"https:\\\/\\\/www.ubfc.fr\\\/recherche\\\/portraits-de-chercheurs\\\/daniel-hissel-au-coeur-de-lecosysteme-hydrogene\\\/#breadcrumb\"},\"inLanguage\":\"en-US\",\"potentialAction\":[{\"@type\":\"ReadAction\",\"target\":[\"https:\\\/\\\/www.ubfc.fr\\\/recherche\\\/portraits-de-chercheurs\\\/daniel-hissel-au-coeur-de-lecosysteme-hydrogene\\\/\"]}]},{\"@type\":\"ImageObject\",\"inLanguage\":\"en-US\",\"@id\":\"https:\\\/\\\/www.ubfc.fr\\\/recherche\\\/portraits-de-chercheurs\\\/daniel-hissel-au-coeur-de-lecosysteme-hydrogene\\\/#primaryimage\",\"url\":\"https:\\\/\\\/www.ubfc.fr\\\/wp-content\\\/uploads\\\/2021\\\/06\\\/IMG_7635-web-1024x768.jpg\",\"contentUrl\":\"https:\\\/\\\/www.ubfc.fr\\\/wp-content\\\/uploads\\\/2021\\\/06\\\/IMG_7635-web-1024x768.jpg\"},{\"@type\":\"BreadcrumbList\",\"@id\":\"https:\\\/\\\/www.ubfc.fr\\\/recherche\\\/portraits-de-chercheurs\\\/daniel-hissel-au-coeur-de-lecosysteme-hydrogene\\\/#breadcrumb\",\"itemListElement\":[{\"@type\":\"ListItem\",\"position\":1,\"name\":\"Accueil\",\"item\":\"https:\\\/\\\/www.ubfc.fr\\\/en\\\/\"},{\"@type\":\"ListItem\",\"position\":2,\"name\":\"Recherche\",\"item\":\"https:\\\/\\\/www.ubfc.fr\\\/recherche\\\/\"},{\"@type\":\"ListItem\",\"position\":3,\"name\":\"Portraits de chercheurs\",\"item\":\"https:\\\/\\\/www.ubfc.fr\\\/recherche\\\/portraits-de-chercheurs\\\/\"},{\"@type\":\"ListItem\",\"position\":4,\"name\":\"Daniel Hissel, au c\u0153ur de l\u2019\u00e9cosyst\u00e8me hydrog\u00e8ne\"}]},{\"@type\":\"WebSite\",\"@id\":\"https:\\\/\\\/www.ubfc.fr\\\/#website\",\"url\":\"https:\\\/\\\/www.ubfc.fr\\\/\",\"name\":\"COMUE Universit\u00e9 Bourgogne-Franche-Comt\u00e9\",\"description\":\"\",\"publisher\":{\"@id\":\"https:\\\/\\\/www.ubfc.fr\\\/#organization\"},\"potentialAction\":[{\"@type\":\"SearchAction\",\"target\":{\"@type\":\"EntryPoint\",\"urlTemplate\":\"https:\\\/\\\/www.ubfc.fr\\\/?s={search_term_string}\"},\"query-input\":{\"@type\":\"PropertyValueSpecification\",\"valueRequired\":true,\"valueName\":\"search_term_string\"}}],\"inLanguage\":\"en-US\"},{\"@type\":\"Organization\",\"@id\":\"https:\\\/\\\/www.ubfc.fr\\\/#organization\",\"name\":\"Universit\u00e9 Bourgogne-Franche-Comt\u00e9\",\"url\":\"https:\\\/\\\/www.ubfc.fr\\\/\",\"logo\":{\"@type\":\"ImageObject\",\"inLanguage\":\"en-US\",\"@id\":\"https:\\\/\\\/www.ubfc.fr\\\/#\\\/schema\\\/logo\\\/image\\\/\",\"url\":\"https:\\\/\\\/www.ubfc.fr\\\/wp-content\\\/uploads\\\/2022\\\/03\\\/vagueUBFC_favicon.png\",\"contentUrl\":\"https:\\\/\\\/www.ubfc.fr\\\/wp-content\\\/uploads\\\/2022\\\/03\\\/vagueUBFC_favicon.png\",\"width\":512,\"height\":512,\"caption\":\"Universit\u00e9 Bourgogne-Franche-Comt\u00e9\"},\"image\":{\"@id\":\"https:\\\/\\\/www.ubfc.fr\\\/#\\\/schema\\\/logo\\\/image\\\/\"},\"sameAs\":[\"https:\\\/\\\/www.facebook.com\\\/UnivBFC\\\/\",\"https:\\\/\\\/x.com\\\/univ_bfc\",\"https:\\\/\\\/www.linkedin.com\\\/school\\\/universitebourgognefranchecomte\\\/mycompany\\\/\"]}]}<\/script>\n<!-- \/ Yoast SEO plugin. -->","yoast_head_json":{"title":"Daniel Hissel, au c\u0153ur de l\u2019\u00e9cosyst\u00e8me hydrog\u00e8ne - COMUE Universit\u00e9 Bourgogne-Franche-Comt\u00e9","robots":{"index":"index","follow":"follow","max-snippet":"max-snippet:-1","max-image-preview":"max-image-preview:large","max-video-preview":"max-video-preview:-1"},"canonical":"https:\/\/www.ubfc.fr\/recherche\/portraits-de-chercheurs\/daniel-hissel-au-coeur-de-lecosysteme-hydrogene\/","og_locale":"en_US","og_type":"article","og_title":"Daniel Hissel, au c\u0153ur de l\u2019\u00e9cosyst\u00e8me hydrog\u00e8ne - COMUE Universit\u00e9 Bourgogne-Franche-Comt\u00e9","og_description":"Daniel Hissel \/ \u00a9 Patrice Bouillot &#8211; La Plume &amp; le Micro Pour sa carri\u00e8re tout enti\u00e8re d\u00e9di\u00e9e \u00e0 la technologie hydrog\u00e8ne \u00e9nergie, Daniel Hissel a obtenu la m\u00e9daille de l\u2019innovation du CNRS. Enseignant-chercheur \u00e0 l\u2019universit\u00e9 de Franche-Comt\u00e9, directeur d\u2019une \u00e9quipe de recherche de FEMTO-ST, cofondateur d\u2019une start-up \u00e0 Belfort, ce sp\u00e9cialiste est convaincu depuis &hellip; Continued","og_url":"https:\/\/www.ubfc.fr\/recherche\/portraits-de-chercheurs\/daniel-hissel-au-coeur-de-lecosysteme-hydrogene\/","og_site_name":"COMUE Universit\u00e9 Bourgogne-Franche-Comt\u00e9","article_publisher":"https:\/\/www.facebook.com\/UnivBFC\/","article_modified_time":"2021-06-02T10:52:27+00:00","og_image":[{"url":"https:\/\/www.ubfc.fr\/wp-content\/uploads\/2021\/06\/IMG_7635-web-1024x768.jpg","type":"","width":"","height":""}],"twitter_card":"summary_large_image","twitter_site":"@univ_bfc","twitter_misc":{"Est. reading time":"5 minutes"},"schema":{"@context":"https:\/\/schema.org","@graph":[{"@type":"WebPage","@id":"https:\/\/www.ubfc.fr\/recherche\/portraits-de-chercheurs\/daniel-hissel-au-coeur-de-lecosysteme-hydrogene\/","url":"https:\/\/www.ubfc.fr\/recherche\/portraits-de-chercheurs\/daniel-hissel-au-coeur-de-lecosysteme-hydrogene\/","name":"Daniel Hissel, au c\u0153ur de l\u2019\u00e9cosyst\u00e8me hydrog\u00e8ne - COMUE Universit\u00e9 Bourgogne-Franche-Comt\u00e9","isPartOf":{"@id":"https:\/\/www.ubfc.fr\/#website"},"primaryImageOfPage":{"@id":"https:\/\/www.ubfc.fr\/recherche\/portraits-de-chercheurs\/daniel-hissel-au-coeur-de-lecosysteme-hydrogene\/#primaryimage"},"image":{"@id":"https:\/\/www.ubfc.fr\/recherche\/portraits-de-chercheurs\/daniel-hissel-au-coeur-de-lecosysteme-hydrogene\/#primaryimage"},"thumbnailUrl":"https:\/\/www.ubfc.fr\/wp-content\/uploads\/2021\/06\/IMG_7635-web-1024x768.jpg","datePublished":"2021-06-02T10:45:07+00:00","dateModified":"2021-06-02T10:52:27+00:00","breadcrumb":{"@id":"https:\/\/www.ubfc.fr\/recherche\/portraits-de-chercheurs\/daniel-hissel-au-coeur-de-lecosysteme-hydrogene\/#breadcrumb"},"inLanguage":"en-US","potentialAction":[{"@type":"ReadAction","target":["https:\/\/www.ubfc.fr\/recherche\/portraits-de-chercheurs\/daniel-hissel-au-coeur-de-lecosysteme-hydrogene\/"]}]},{"@type":"ImageObject","inLanguage":"en-US","@id":"https:\/\/www.ubfc.fr\/recherche\/portraits-de-chercheurs\/daniel-hissel-au-coeur-de-lecosysteme-hydrogene\/#primaryimage","url":"https:\/\/www.ubfc.fr\/wp-content\/uploads\/2021\/06\/IMG_7635-web-1024x768.jpg","contentUrl":"https:\/\/www.ubfc.fr\/wp-content\/uploads\/2021\/06\/IMG_7635-web-1024x768.jpg"},{"@type":"BreadcrumbList","@id":"https:\/\/www.ubfc.fr\/recherche\/portraits-de-chercheurs\/daniel-hissel-au-coeur-de-lecosysteme-hydrogene\/#breadcrumb","itemListElement":[{"@type":"ListItem","position":1,"name":"Accueil","item":"https:\/\/www.ubfc.fr\/en\/"},{"@type":"ListItem","position":2,"name":"Recherche","item":"https:\/\/www.ubfc.fr\/recherche\/"},{"@type":"ListItem","position":3,"name":"Portraits de chercheurs","item":"https:\/\/www.ubfc.fr\/recherche\/portraits-de-chercheurs\/"},{"@type":"ListItem","position":4,"name":"Daniel Hissel, au c\u0153ur de l\u2019\u00e9cosyst\u00e8me hydrog\u00e8ne"}]},{"@type":"WebSite","@id":"https:\/\/www.ubfc.fr\/#website","url":"https:\/\/www.ubfc.fr\/","name":"COMUE Universit\u00e9 Bourgogne-Franche-Comt\u00e9","description":"","publisher":{"@id":"https:\/\/www.ubfc.fr\/#organization"},"potentialAction":[{"@type":"SearchAction","target":{"@type":"EntryPoint","urlTemplate":"https:\/\/www.ubfc.fr\/?s={search_term_string}"},"query-input":{"@type":"PropertyValueSpecification","valueRequired":true,"valueName":"search_term_string"}}],"inLanguage":"en-US"},{"@type":"Organization","@id":"https:\/\/www.ubfc.fr\/#organization","name":"Universit\u00e9 Bourgogne-Franche-Comt\u00e9","url":"https:\/\/www.ubfc.fr\/","logo":{"@type":"ImageObject","inLanguage":"en-US","@id":"https:\/\/www.ubfc.fr\/#\/schema\/logo\/image\/","url":"https:\/\/www.ubfc.fr\/wp-content\/uploads\/2022\/03\/vagueUBFC_favicon.png","contentUrl":"https:\/\/www.ubfc.fr\/wp-content\/uploads\/2022\/03\/vagueUBFC_favicon.png","width":512,"height":512,"caption":"Universit\u00e9 Bourgogne-Franche-Comt\u00e9"},"image":{"@id":"https:\/\/www.ubfc.fr\/#\/schema\/logo\/image\/"},"sameAs":["https:\/\/www.facebook.com\/UnivBFC\/","https:\/\/x.com\/univ_bfc","https:\/\/www.linkedin.com\/school\/universitebourgognefranchecomte\/mycompany\/"]}]}},"_links":{"self":[{"href":"https:\/\/www.ubfc.fr\/en\/wp-json\/wp\/v2\/pages\/54083","targetHints":{"allow":["GET"]}}],"collection":[{"href":"https:\/\/www.ubfc.fr\/en\/wp-json\/wp\/v2\/pages"}],"about":[{"href":"https:\/\/www.ubfc.fr\/en\/wp-json\/wp\/v2\/types\/page"}],"author":[{"embeddable":true,"href":"https:\/\/www.ubfc.fr\/en\/wp-json\/wp\/v2\/users\/60"}],"replies":[{"embeddable":true,"href":"https:\/\/www.ubfc.fr\/en\/wp-json\/wp\/v2\/comments?post=54083"}],"version-history":[{"count":0,"href":"https:\/\/www.ubfc.fr\/en\/wp-json\/wp\/v2\/pages\/54083\/revisions"}],"up":[{"embeddable":true,"href":"https:\/\/www.ubfc.fr\/en\/wp-json\/wp\/v2\/pages\/54056"}],"wp:attachment":[{"href":"https:\/\/www.ubfc.fr\/en\/wp-json\/wp\/v2\/media?parent=54083"}],"curies":[{"name":"wp","href":"https:\/\/api.w.org\/{rel}","templated":true}]}}