{"id":54078,"date":"2021-06-02T12:13:56","date_gmt":"2021-06-02T10:13:56","guid":{"rendered":"https:\/\/www.ubfc.fr\/?page_id=54078"},"modified":"2021-06-02T12:54:14","modified_gmt":"2021-06-02T10:54:14","slug":"dominique-cheneby-celle-qui-veille-sur-ses-collegues","status":"publish","type":"page","link":"https:\/\/www.ubfc.fr\/en\/recherche\/portraits-de-chercheurs\/dominique-cheneby-celle-qui-veille-sur-ses-collegues\/","title":{"rendered":"Dominique Ch\u00e8neby, celle qui veille sur ses coll\u00e8gues"},"content":{"rendered":"\t\t<div data-elementor-type=\"wp-page\" data-elementor-id=\"54078\" class=\"elementor elementor-54078\" data-elementor-post-type=\"page\">\n\t\t\t\t\t\t<section class=\"elementor-section elementor-top-section elementor-element elementor-element-84ee740 elementor-section-boxed elementor-section-height-default elementor-section-height-default\" data-id=\"84ee740\" data-element_type=\"section\" data-e-type=\"section\">\n\t\t\t\t\t\t<div class=\"elementor-container elementor-column-gap-default\">\n\t\t\t\t\t<div class=\"elementor-column elementor-col-50 elementor-top-column elementor-element elementor-element-508c0c1\" data-id=\"508c0c1\" data-element_type=\"column\" data-e-type=\"column\">\n\t\t\t<div class=\"elementor-widget-wrap elementor-element-populated\">\n\t\t\t\t\t\t<div class=\"elementor-element elementor-element-8dc8bfb elementor-widget elementor-widget-image\" data-id=\"8dc8bfb\" data-element_type=\"widget\" data-e-type=\"widget\" data-widget_type=\"image.default\">\n\t\t\t\t<div class=\"elementor-widget-container\">\n\t\t\t\t\t\t\t\t\t\t\t\t<figure class=\"wp-caption\">\n\t\t\t\t\t\t\t\t\t\t<img fetchpriority=\"high\" decoding=\"async\" width=\"717\" height=\"1024\" src=\"https:\/\/www.ubfc.fr\/wp-content\/uploads\/2021\/06\/Dominique_Cheneby-717x1024.jpg\" class=\"attachment-large size-large wp-image-54080\" alt=\"\" srcset=\"https:\/\/www.ubfc.fr\/wp-content\/uploads\/2021\/06\/Dominique_Cheneby-717x1024.jpg 717w, https:\/\/www.ubfc.fr\/wp-content\/uploads\/2021\/06\/Dominique_Cheneby-210x300.jpg 210w, https:\/\/www.ubfc.fr\/wp-content\/uploads\/2021\/06\/Dominique_Cheneby-768x1097.jpg 768w, https:\/\/www.ubfc.fr\/wp-content\/uploads\/2021\/06\/Dominique_Cheneby-1075x1536.jpg 1075w, https:\/\/www.ubfc.fr\/wp-content\/uploads\/2021\/06\/Dominique_Cheneby-1434x2048.jpg 1434w, https:\/\/www.ubfc.fr\/wp-content\/uploads\/2021\/06\/Dominique_Cheneby.jpg 1716w\" sizes=\"(max-width: 717px) 100vw, 717px\" \/>\t\t\t\t\t\t\t\t\t\t\t<figcaption class=\"widget-image-caption wp-caption-text\">Dominique Ch\u00e8neby<\/figcaption>\n\t\t\t\t\t\t\t\t\t\t<\/figure>\n\t\t\t\t\t\t\t\t\t<\/div>\n\t\t\t\t<\/div>\n\t\t\t\t\t<\/div>\n\t\t<\/div>\n\t\t\t\t<div class=\"elementor-column elementor-col-50 elementor-top-column elementor-element elementor-element-4a8dd4a\" data-id=\"4a8dd4a\" data-element_type=\"column\" data-e-type=\"column\">\n\t\t\t<div class=\"elementor-widget-wrap elementor-element-populated\">\n\t\t\t\t\t\t<div class=\"elementor-element elementor-element-fbe3770 elementor-widget elementor-widget-text-editor\" data-id=\"fbe3770\" data-element_type=\"widget\" data-e-type=\"widget\" data-widget_type=\"text-editor.default\">\n\t\t\t\t<div class=\"elementor-widget-container\">\n\t\t\t\t\t\t\t\t\t<h5><strong>Apr\u00e8s avoir \u00e9t\u00e9 chercheuse en microbiologie au sein du centre INRAE de Bourgogne-Franche-Comt\u00e9 \u00e0 Dijon, elle en est devenue la conseill\u00e8re pr\u00e9vention. Son professionnalisme au service des autres lui a valu de recevoir le laurier INRAE de l\u2019appui \u00e0 la recherche 2020.<\/strong><\/h5>\t\t\t\t\t\t\t\t<\/div>\n\t\t\t\t<\/div>\n\t\t\t\t\t<\/div>\n\t\t<\/div>\n\t\t\t\t\t<\/div>\n\t\t<\/section>\n\t\t\t\t<section class=\"elementor-section elementor-top-section elementor-element elementor-element-e56697c elementor-section-boxed elementor-section-height-default elementor-section-height-default\" data-id=\"e56697c\" data-element_type=\"section\" data-e-type=\"section\">\n\t\t\t\t\t\t<div class=\"elementor-container elementor-column-gap-default\">\n\t\t\t\t\t<div class=\"elementor-column elementor-col-100 elementor-top-column elementor-element elementor-element-8ad75da\" data-id=\"8ad75da\" data-element_type=\"column\" data-e-type=\"column\">\n\t\t\t<div class=\"elementor-widget-wrap elementor-element-populated\">\n\t\t\t\t\t\t<div class=\"elementor-element elementor-element-af2fb70 elementor-widget elementor-widget-text-editor\" data-id=\"af2fb70\" data-element_type=\"widget\" data-e-type=\"widget\" data-widget_type=\"text-editor.default\">\n\t\t\t\t<div class=\"elementor-widget-container\">\n\t\t\t\t\t\t\t\t\t<p>Dominique Ch\u00e8neby a v\u00e9cu deux vies au sein de l\u2019Institut national de la recherche pour l\u2019agriculture, l\u2019alimentation et l\u2019environnement (INRAE). La premi\u00e8re fut celle de chercheuse. En 1988, cinq ans apr\u00e8s avoir obtenu sa ma\u00eetrise de biochimie \u00e0 l\u2019universit\u00e9 de Bourgogne (uB), membre d\u2019Universit\u00e9 Bourgogne Franche-Comt\u00e9 (UBFC), elle rejoint le centre dijonnais de l\u2019Institut national de la recherche agronomique (INRA, devenu depuis INRAE). Entretemps, elle est pass\u00e9e par l\u2019enseignement au coll\u00e8ge et par un poste dans un laboratoire pharmaceutique. Au sein du laboratoire de microbiologie des sols de l\u2019INRA (actuelle UMR Agro\u00e9cologie, sous la tutelle d\u2019INRAE, d\u2019UBFC et d\u2019AgroSup Dijon), elle se consacre \u00e0 l\u2019\u00e9tude de la flore microbienne. Elle analyse la mani\u00e8re dont les microbes min\u00e9ralisent la mati\u00e8re organique et mettent ainsi \u00e0 disposition des plantes, les nutriments dont celles-ci ont besoin. Elle planche sur l\u2019impact des pratiques culturales sur cette population indispensable de micro-organismes qui vit sous nos pieds. Parall\u00e8lement, elle obtient son DEA en 1995 et surtout pr\u00e9sente sa th\u00e8se en 2000, consacr\u00e9e \u00e0 des communaut\u00e9s microbiennes impliqu\u00e9es dans l\u2019\u00e9mission de gaz \u00e0 effet de serre, \u00ab\u00a0<em>une probl\u00e9matique davantage environnementale mais qui impacte la sant\u00e9 indirectement<\/em>\u00a0\u00bb souligne-t-elle. L\u2019ensemble de ses travaux en \u00e9cologie microbienne lui valent d\u2019\u00eatre \u00e9lev\u00e9e, en 2010, au grade de chevalier du M\u00e9rite agricole.<\/p><p>C\u2019est alors que survient le tournant de sa carri\u00e8re. Dominique Ch\u00e8neby quitte la paillasse pour int\u00e9grer les services d\u2019appui d\u2019INRAE\u00a0: elle devient la conseill\u00e8re pr\u00e9vention du centre de Bourgogne-Franche-Comt\u00e9, qui regroupe les sites de Dijon, de Breteni\u00e8re et de Poligny. \u00ab\u00a0<em>Apr\u00e8s tant d\u2019ann\u00e9es dans la recherche, j\u2019avais envie d\u2019autre chose<\/em>, confie-t-elle. <em>L\u2019opportunit\u00e9 s\u2019est pr\u00e9sent\u00e9e quand le conseiller pr\u00e9vention du centre est parti vers d\u2019autres horizons<\/em>.\u00a0\u00bb En fait, les sujets qui vont d\u00e9sormais int\u00e9resser Dominique Ch\u00e8neby \u2013 la sant\u00e9, la s\u00e9curit\u00e9, l\u2019environnement \u2013 ne sont pas tout \u00e0 fait nouveaux pour elle\u00a0: dans sa premi\u00e8re vie, elle s\u2019\u00e9tait occup\u00e9e de contr\u00f4le qualit\u00e9 dans le laboratoire pharmaceutique qui l\u2019avait employ\u00e9e et, dans le cadre de son poste de chercheuse, elle \u00e9tait charg\u00e9e de la d\u00e9marche qualit\u00e9. Mais surtout, elle s\u2019est form\u00e9e \u00e0 son nouveau m\u00e9tier en passant un master 2 Ergonomie et gestion des risques professionnels de l\u2019universit\u00e9 de Bourgogne. \u00ab\u00a0<em>Mon m\u00e9tier consiste aujourd\u2019hui \u00e0 faciliter la t\u00e2che de mes coll\u00e8gues chercheurs, \u00e0 faire en sorte qu\u2019ils ne se pr\u00e9occupent pas des contraintes administratives et r\u00e9glementaires pour se concentrer sur leur c\u0153ur de m\u00e9tier. Moi-m\u00eame ancienne chercheuse, je connais bien leur m\u00e9tier, leurs contraintes, leurs attentes<\/em>.\u00a0\u00bb<\/p><p>Dominique Ch\u00e8neby veille \u00e0 ce que les mesures relatives \u00e0 leur sant\u00e9 et \u00e0 leur s\u00e9curit\u00e9 soient bien respect\u00e9es et \u00e0 faire en sorte que l\u2019activit\u00e9 de recherche n\u2019ait pas d\u2019impact environnemental. Entre autres missions, elle s\u2019occupe de l\u2019ergonomie des postes de travail, de la bonne gestion des d\u00e9chets du centre, de la s\u00e9curit\u00e9 des personnes et des biens face \u00e0 la malveillance, de la pr\u00e9vention des accidents ou de d\u00e9part de feu. Elle organise des exercices dans le cadre du plan d\u2019urgence interne. Elle suit la d\u00e9marche de management environnemental du site de Breteni\u00e8re, prochainement labellis\u00e9 ISO 14001. Elle travaille \u00e0 l\u2019ad\u00e9quation du centre tout entier \u00e0 la norme ISO 45001 (management de la sant\u00e9 et de la s\u00e9curit\u00e9 au travail). Ces derniers mois, elle fut aux avant-postes face \u00e0 la crise sanitaire, en g\u00e9rant l\u2019approvisionnement en masques et en gels hydro-alcooliques, en veillant au respect des mesures barri\u00e8res sur les sites et en assurant le suivi de l\u2019\u00e9pid\u00e9mie dans les \u00e9quipes. INRAE a donc r\u00e9compens\u00e9 son professionnalisme et son engagement au service de ses coll\u00e8gues en lui d\u00e9cernant le laurier de l\u2019appui \u00e0 la recherche 2020.<\/p><h5><strong>\u00a0<\/strong><\/h5>\t\t\t\t\t\t\t\t<\/div>\n\t\t\t\t<\/div>\n\t\t\t\t\t<\/div>\n\t\t<\/div>\n\t\t\t\t\t<\/div>\n\t\t<\/section>\n\t\t\t\t<\/div>\n\t\t","protected":false},"excerpt":{"rendered":"<p>Dominique Ch\u00e8neby Apr\u00e8s avoir \u00e9t\u00e9 chercheuse en microbiologie au sein du centre INRAE de Bourgogne-Franche-Comt\u00e9 \u00e0 Dijon, elle en est devenue la conseill\u00e8re pr\u00e9vention. Son professionnalisme au service des autres lui a valu de recevoir le laurier INRAE de l\u2019appui \u00e0 la recherche 2020. Dominique Ch\u00e8neby a v\u00e9cu deux vies au sein de l\u2019Institut national &hellip; <a href=\"https:\/\/www.ubfc.fr\/en\/recherche\/portraits-de-chercheurs\/dominique-cheneby-celle-qui-veille-sur-ses-collegues\/\">Continued<\/a><\/p>\n","protected":false},"author":60,"featured_media":0,"parent":54056,"menu_order":39,"comment_status":"closed","ping_status":"closed","template":"","meta":{"_acf_changed":false,"footnotes":""},"class_list":["post-54078","page","type-page","status-publish","hentry"],"acf":[],"yoast_head":"<!-- This site is optimized with the Yoast SEO plugin v27.3 - https:\/\/yoast.com\/product\/yoast-seo-wordpress\/ -->\n<title>Dominique Ch\u00e8neby, celle qui veille sur ses coll\u00e8gues - COMUE Universit\u00e9 Bourgogne-Franche-Comt\u00e9<\/title>\n<meta name=\"robots\" content=\"index, follow, max-snippet:-1, max-image-preview:large, max-video-preview:-1\" \/>\n<link rel=\"canonical\" href=\"https:\/\/www.ubfc.fr\/recherche\/portraits-de-chercheurs\/dominique-cheneby-celle-qui-veille-sur-ses-collegues\/\" \/>\n<meta property=\"og:locale\" content=\"en_US\" \/>\n<meta property=\"og:type\" content=\"article\" \/>\n<meta property=\"og:title\" content=\"Dominique Ch\u00e8neby, celle qui veille sur ses coll\u00e8gues - COMUE Universit\u00e9 Bourgogne-Franche-Comt\u00e9\" \/>\n<meta property=\"og:description\" content=\"Dominique Ch\u00e8neby Apr\u00e8s avoir \u00e9t\u00e9 chercheuse en microbiologie au sein du centre INRAE de Bourgogne-Franche-Comt\u00e9 \u00e0 Dijon, elle en est devenue la conseill\u00e8re pr\u00e9vention. Son professionnalisme au service des autres lui a valu de recevoir le laurier INRAE de l\u2019appui \u00e0 la recherche 2020. Dominique Ch\u00e8neby a v\u00e9cu deux vies au sein de l\u2019Institut national &hellip; Continued\" \/>\n<meta property=\"og:url\" content=\"https:\/\/www.ubfc.fr\/recherche\/portraits-de-chercheurs\/dominique-cheneby-celle-qui-veille-sur-ses-collegues\/\" \/>\n<meta property=\"og:site_name\" content=\"COMUE Universit\u00e9 Bourgogne-Franche-Comt\u00e9\" \/>\n<meta property=\"article:publisher\" content=\"https:\/\/www.facebook.com\/UnivBFC\/\" \/>\n<meta property=\"article:modified_time\" content=\"2021-06-02T10:54:14+00:00\" \/>\n<meta property=\"og:image\" content=\"https:\/\/www.ubfc.fr\/wp-content\/uploads\/2021\/06\/Dominique_Cheneby-717x1024.jpg\" \/>\n<meta name=\"twitter:card\" content=\"summary_large_image\" \/>\n<meta name=\"twitter:site\" content=\"@univ_bfc\" \/>\n<meta name=\"twitter:label1\" content=\"Est. reading time\" \/>\n\t<meta name=\"twitter:data1\" content=\"4 minutes\" \/>\n<script type=\"application\/ld+json\" class=\"yoast-schema-graph\">{\"@context\":\"https:\\\/\\\/schema.org\",\"@graph\":[{\"@type\":\"WebPage\",\"@id\":\"https:\\\/\\\/www.ubfc.fr\\\/recherche\\\/portraits-de-chercheurs\\\/dominique-cheneby-celle-qui-veille-sur-ses-collegues\\\/\",\"url\":\"https:\\\/\\\/www.ubfc.fr\\\/recherche\\\/portraits-de-chercheurs\\\/dominique-cheneby-celle-qui-veille-sur-ses-collegues\\\/\",\"name\":\"Dominique Ch\u00e8neby, celle qui veille sur ses coll\u00e8gues - COMUE Universit\u00e9 Bourgogne-Franche-Comt\u00e9\",\"isPartOf\":{\"@id\":\"https:\\\/\\\/www.ubfc.fr\\\/#website\"},\"primaryImageOfPage\":{\"@id\":\"https:\\\/\\\/www.ubfc.fr\\\/recherche\\\/portraits-de-chercheurs\\\/dominique-cheneby-celle-qui-veille-sur-ses-collegues\\\/#primaryimage\"},\"image\":{\"@id\":\"https:\\\/\\\/www.ubfc.fr\\\/recherche\\\/portraits-de-chercheurs\\\/dominique-cheneby-celle-qui-veille-sur-ses-collegues\\\/#primaryimage\"},\"thumbnailUrl\":\"https:\\\/\\\/www.ubfc.fr\\\/wp-content\\\/uploads\\\/2021\\\/06\\\/Dominique_Cheneby-717x1024.jpg\",\"datePublished\":\"2021-06-02T10:13:56+00:00\",\"dateModified\":\"2021-06-02T10:54:14+00:00\",\"breadcrumb\":{\"@id\":\"https:\\\/\\\/www.ubfc.fr\\\/recherche\\\/portraits-de-chercheurs\\\/dominique-cheneby-celle-qui-veille-sur-ses-collegues\\\/#breadcrumb\"},\"inLanguage\":\"en-US\",\"potentialAction\":[{\"@type\":\"ReadAction\",\"target\":[\"https:\\\/\\\/www.ubfc.fr\\\/recherche\\\/portraits-de-chercheurs\\\/dominique-cheneby-celle-qui-veille-sur-ses-collegues\\\/\"]}]},{\"@type\":\"ImageObject\",\"inLanguage\":\"en-US\",\"@id\":\"https:\\\/\\\/www.ubfc.fr\\\/recherche\\\/portraits-de-chercheurs\\\/dominique-cheneby-celle-qui-veille-sur-ses-collegues\\\/#primaryimage\",\"url\":\"https:\\\/\\\/www.ubfc.fr\\\/wp-content\\\/uploads\\\/2021\\\/06\\\/Dominique_Cheneby-717x1024.jpg\",\"contentUrl\":\"https:\\\/\\\/www.ubfc.fr\\\/wp-content\\\/uploads\\\/2021\\\/06\\\/Dominique_Cheneby-717x1024.jpg\"},{\"@type\":\"BreadcrumbList\",\"@id\":\"https:\\\/\\\/www.ubfc.fr\\\/recherche\\\/portraits-de-chercheurs\\\/dominique-cheneby-celle-qui-veille-sur-ses-collegues\\\/#breadcrumb\",\"itemListElement\":[{\"@type\":\"ListItem\",\"position\":1,\"name\":\"Accueil\",\"item\":\"https:\\\/\\\/www.ubfc.fr\\\/en\\\/\"},{\"@type\":\"ListItem\",\"position\":2,\"name\":\"Recherche\",\"item\":\"https:\\\/\\\/www.ubfc.fr\\\/recherche\\\/\"},{\"@type\":\"ListItem\",\"position\":3,\"name\":\"Portraits de chercheurs\",\"item\":\"https:\\\/\\\/www.ubfc.fr\\\/recherche\\\/portraits-de-chercheurs\\\/\"},{\"@type\":\"ListItem\",\"position\":4,\"name\":\"Dominique Ch\u00e8neby, celle qui veille sur ses coll\u00e8gues\"}]},{\"@type\":\"WebSite\",\"@id\":\"https:\\\/\\\/www.ubfc.fr\\\/#website\",\"url\":\"https:\\\/\\\/www.ubfc.fr\\\/\",\"name\":\"COMUE Universit\u00e9 Bourgogne-Franche-Comt\u00e9\",\"description\":\"\",\"publisher\":{\"@id\":\"https:\\\/\\\/www.ubfc.fr\\\/#organization\"},\"potentialAction\":[{\"@type\":\"SearchAction\",\"target\":{\"@type\":\"EntryPoint\",\"urlTemplate\":\"https:\\\/\\\/www.ubfc.fr\\\/?s={search_term_string}\"},\"query-input\":{\"@type\":\"PropertyValueSpecification\",\"valueRequired\":true,\"valueName\":\"search_term_string\"}}],\"inLanguage\":\"en-US\"},{\"@type\":\"Organization\",\"@id\":\"https:\\\/\\\/www.ubfc.fr\\\/#organization\",\"name\":\"Universit\u00e9 Bourgogne-Franche-Comt\u00e9\",\"url\":\"https:\\\/\\\/www.ubfc.fr\\\/\",\"logo\":{\"@type\":\"ImageObject\",\"inLanguage\":\"en-US\",\"@id\":\"https:\\\/\\\/www.ubfc.fr\\\/#\\\/schema\\\/logo\\\/image\\\/\",\"url\":\"https:\\\/\\\/www.ubfc.fr\\\/wp-content\\\/uploads\\\/2022\\\/03\\\/vagueUBFC_favicon.png\",\"contentUrl\":\"https:\\\/\\\/www.ubfc.fr\\\/wp-content\\\/uploads\\\/2022\\\/03\\\/vagueUBFC_favicon.png\",\"width\":512,\"height\":512,\"caption\":\"Universit\u00e9 Bourgogne-Franche-Comt\u00e9\"},\"image\":{\"@id\":\"https:\\\/\\\/www.ubfc.fr\\\/#\\\/schema\\\/logo\\\/image\\\/\"},\"sameAs\":[\"https:\\\/\\\/www.facebook.com\\\/UnivBFC\\\/\",\"https:\\\/\\\/x.com\\\/univ_bfc\",\"https:\\\/\\\/www.linkedin.com\\\/school\\\/universitebourgognefranchecomte\\\/mycompany\\\/\"]}]}<\/script>\n<!-- \/ Yoast SEO plugin. -->","yoast_head_json":{"title":"Dominique Ch\u00e8neby, celle qui veille sur ses coll\u00e8gues - COMUE Universit\u00e9 Bourgogne-Franche-Comt\u00e9","robots":{"index":"index","follow":"follow","max-snippet":"max-snippet:-1","max-image-preview":"max-image-preview:large","max-video-preview":"max-video-preview:-1"},"canonical":"https:\/\/www.ubfc.fr\/recherche\/portraits-de-chercheurs\/dominique-cheneby-celle-qui-veille-sur-ses-collegues\/","og_locale":"en_US","og_type":"article","og_title":"Dominique Ch\u00e8neby, celle qui veille sur ses coll\u00e8gues - COMUE Universit\u00e9 Bourgogne-Franche-Comt\u00e9","og_description":"Dominique Ch\u00e8neby Apr\u00e8s avoir \u00e9t\u00e9 chercheuse en microbiologie au sein du centre INRAE de Bourgogne-Franche-Comt\u00e9 \u00e0 Dijon, elle en est devenue la conseill\u00e8re pr\u00e9vention. Son professionnalisme au service des autres lui a valu de recevoir le laurier INRAE de l\u2019appui \u00e0 la recherche 2020. Dominique Ch\u00e8neby a v\u00e9cu deux vies au sein de l\u2019Institut national &hellip; Continued","og_url":"https:\/\/www.ubfc.fr\/recherche\/portraits-de-chercheurs\/dominique-cheneby-celle-qui-veille-sur-ses-collegues\/","og_site_name":"COMUE Universit\u00e9 Bourgogne-Franche-Comt\u00e9","article_publisher":"https:\/\/www.facebook.com\/UnivBFC\/","article_modified_time":"2021-06-02T10:54:14+00:00","og_image":[{"url":"https:\/\/www.ubfc.fr\/wp-content\/uploads\/2021\/06\/Dominique_Cheneby-717x1024.jpg","type":"","width":"","height":""}],"twitter_card":"summary_large_image","twitter_site":"@univ_bfc","twitter_misc":{"Est. reading time":"4 minutes"},"schema":{"@context":"https:\/\/schema.org","@graph":[{"@type":"WebPage","@id":"https:\/\/www.ubfc.fr\/recherche\/portraits-de-chercheurs\/dominique-cheneby-celle-qui-veille-sur-ses-collegues\/","url":"https:\/\/www.ubfc.fr\/recherche\/portraits-de-chercheurs\/dominique-cheneby-celle-qui-veille-sur-ses-collegues\/","name":"Dominique Ch\u00e8neby, celle qui veille sur ses coll\u00e8gues - COMUE Universit\u00e9 Bourgogne-Franche-Comt\u00e9","isPartOf":{"@id":"https:\/\/www.ubfc.fr\/#website"},"primaryImageOfPage":{"@id":"https:\/\/www.ubfc.fr\/recherche\/portraits-de-chercheurs\/dominique-cheneby-celle-qui-veille-sur-ses-collegues\/#primaryimage"},"image":{"@id":"https:\/\/www.ubfc.fr\/recherche\/portraits-de-chercheurs\/dominique-cheneby-celle-qui-veille-sur-ses-collegues\/#primaryimage"},"thumbnailUrl":"https:\/\/www.ubfc.fr\/wp-content\/uploads\/2021\/06\/Dominique_Cheneby-717x1024.jpg","datePublished":"2021-06-02T10:13:56+00:00","dateModified":"2021-06-02T10:54:14+00:00","breadcrumb":{"@id":"https:\/\/www.ubfc.fr\/recherche\/portraits-de-chercheurs\/dominique-cheneby-celle-qui-veille-sur-ses-collegues\/#breadcrumb"},"inLanguage":"en-US","potentialAction":[{"@type":"ReadAction","target":["https:\/\/www.ubfc.fr\/recherche\/portraits-de-chercheurs\/dominique-cheneby-celle-qui-veille-sur-ses-collegues\/"]}]},{"@type":"ImageObject","inLanguage":"en-US","@id":"https:\/\/www.ubfc.fr\/recherche\/portraits-de-chercheurs\/dominique-cheneby-celle-qui-veille-sur-ses-collegues\/#primaryimage","url":"https:\/\/www.ubfc.fr\/wp-content\/uploads\/2021\/06\/Dominique_Cheneby-717x1024.jpg","contentUrl":"https:\/\/www.ubfc.fr\/wp-content\/uploads\/2021\/06\/Dominique_Cheneby-717x1024.jpg"},{"@type":"BreadcrumbList","@id":"https:\/\/www.ubfc.fr\/recherche\/portraits-de-chercheurs\/dominique-cheneby-celle-qui-veille-sur-ses-collegues\/#breadcrumb","itemListElement":[{"@type":"ListItem","position":1,"name":"Accueil","item":"https:\/\/www.ubfc.fr\/en\/"},{"@type":"ListItem","position":2,"name":"Recherche","item":"https:\/\/www.ubfc.fr\/recherche\/"},{"@type":"ListItem","position":3,"name":"Portraits de chercheurs","item":"https:\/\/www.ubfc.fr\/recherche\/portraits-de-chercheurs\/"},{"@type":"ListItem","position":4,"name":"Dominique Ch\u00e8neby, celle qui veille sur ses coll\u00e8gues"}]},{"@type":"WebSite","@id":"https:\/\/www.ubfc.fr\/#website","url":"https:\/\/www.ubfc.fr\/","name":"COMUE Universit\u00e9 Bourgogne-Franche-Comt\u00e9","description":"","publisher":{"@id":"https:\/\/www.ubfc.fr\/#organization"},"potentialAction":[{"@type":"SearchAction","target":{"@type":"EntryPoint","urlTemplate":"https:\/\/www.ubfc.fr\/?s={search_term_string}"},"query-input":{"@type":"PropertyValueSpecification","valueRequired":true,"valueName":"search_term_string"}}],"inLanguage":"en-US"},{"@type":"Organization","@id":"https:\/\/www.ubfc.fr\/#organization","name":"Universit\u00e9 Bourgogne-Franche-Comt\u00e9","url":"https:\/\/www.ubfc.fr\/","logo":{"@type":"ImageObject","inLanguage":"en-US","@id":"https:\/\/www.ubfc.fr\/#\/schema\/logo\/image\/","url":"https:\/\/www.ubfc.fr\/wp-content\/uploads\/2022\/03\/vagueUBFC_favicon.png","contentUrl":"https:\/\/www.ubfc.fr\/wp-content\/uploads\/2022\/03\/vagueUBFC_favicon.png","width":512,"height":512,"caption":"Universit\u00e9 Bourgogne-Franche-Comt\u00e9"},"image":{"@id":"https:\/\/www.ubfc.fr\/#\/schema\/logo\/image\/"},"sameAs":["https:\/\/www.facebook.com\/UnivBFC\/","https:\/\/x.com\/univ_bfc","https:\/\/www.linkedin.com\/school\/universitebourgognefranchecomte\/mycompany\/"]}]}},"_links":{"self":[{"href":"https:\/\/www.ubfc.fr\/en\/wp-json\/wp\/v2\/pages\/54078","targetHints":{"allow":["GET"]}}],"collection":[{"href":"https:\/\/www.ubfc.fr\/en\/wp-json\/wp\/v2\/pages"}],"about":[{"href":"https:\/\/www.ubfc.fr\/en\/wp-json\/wp\/v2\/types\/page"}],"author":[{"embeddable":true,"href":"https:\/\/www.ubfc.fr\/en\/wp-json\/wp\/v2\/users\/60"}],"replies":[{"embeddable":true,"href":"https:\/\/www.ubfc.fr\/en\/wp-json\/wp\/v2\/comments?post=54078"}],"version-history":[{"count":0,"href":"https:\/\/www.ubfc.fr\/en\/wp-json\/wp\/v2\/pages\/54078\/revisions"}],"up":[{"embeddable":true,"href":"https:\/\/www.ubfc.fr\/en\/wp-json\/wp\/v2\/pages\/54056"}],"wp:attachment":[{"href":"https:\/\/www.ubfc.fr\/en\/wp-json\/wp\/v2\/media?parent=54078"}],"curies":[{"name":"wp","href":"https:\/\/api.w.org\/{rel}","templated":true}]}}