{"id":54066,"date":"2021-06-02T10:06:08","date_gmt":"2021-06-02T08:06:08","guid":{"rendered":"https:\/\/www.ubfc.fr\/?page_id=54066"},"modified":"2021-06-02T12:53:01","modified_gmt":"2021-06-02T10:53:01","slug":"christophe-thomazo-a-la-recherche-de-la-terre-primitive","status":"publish","type":"page","link":"https:\/\/www.ubfc.fr\/en\/recherche\/portraits-de-chercheurs\/christophe-thomazo-a-la-recherche-de-la-terre-primitive\/","title":{"rendered":"Christophe Thomazo, \u00e0 la recherche de la Terre primitive"},"content":{"rendered":"\t\t<div data-elementor-type=\"wp-page\" data-elementor-id=\"54066\" class=\"elementor elementor-54066\" data-elementor-post-type=\"page\">\n\t\t\t\t\t\t<section class=\"elementor-section elementor-top-section elementor-element elementor-element-db5126a elementor-section-boxed elementor-section-height-default elementor-section-height-default\" data-id=\"db5126a\" data-element_type=\"section\" data-e-type=\"section\">\n\t\t\t\t\t\t<div class=\"elementor-container elementor-column-gap-default\">\n\t\t\t\t\t<div class=\"elementor-column elementor-col-50 elementor-top-column elementor-element elementor-element-f87d1ea\" data-id=\"f87d1ea\" data-element_type=\"column\" data-e-type=\"column\">\n\t\t\t<div class=\"elementor-widget-wrap elementor-element-populated\">\n\t\t\t\t\t\t<div class=\"elementor-element elementor-element-a6228c4 elementor-widget elementor-widget-image\" data-id=\"a6228c4\" data-element_type=\"widget\" data-e-type=\"widget\" data-widget_type=\"image.default\">\n\t\t\t\t<div class=\"elementor-widget-container\">\n\t\t\t\t\t\t\t\t\t\t\t\t<figure class=\"wp-caption\">\n\t\t\t\t\t\t\t\t\t\t<img fetchpriority=\"high\" decoding=\"async\" width=\"768\" height=\"1024\" src=\"https:\/\/www.ubfc.fr\/wp-content\/uploads\/2021\/06\/IMG_7443-web-768x1024.jpg\" class=\"attachment-large size-large wp-image-54068\" alt=\"\" srcset=\"https:\/\/www.ubfc.fr\/wp-content\/uploads\/2021\/06\/IMG_7443-web-768x1024.jpg 768w, https:\/\/www.ubfc.fr\/wp-content\/uploads\/2021\/06\/IMG_7443-web-225x300.jpg 225w, https:\/\/www.ubfc.fr\/wp-content\/uploads\/2021\/06\/IMG_7443-web-1152x1536.jpg 1152w, https:\/\/www.ubfc.fr\/wp-content\/uploads\/2021\/06\/IMG_7443-web-1536x2048.jpg 1536w, https:\/\/www.ubfc.fr\/wp-content\/uploads\/2021\/06\/IMG_7443-web-scaled.jpg 1920w\" sizes=\"(max-width: 768px) 100vw, 768px\" \/>\t\t\t\t\t\t\t\t\t\t\t<figcaption class=\"widget-image-caption wp-caption-text\">Christophe Thomazo \/ \u00a9 Patrice Bouillot - La Plume &amp; le Micro<\/figcaption>\n\t\t\t\t\t\t\t\t\t\t<\/figure>\n\t\t\t\t\t\t\t\t\t<\/div>\n\t\t\t\t<\/div>\n\t\t\t\t\t<\/div>\n\t\t<\/div>\n\t\t\t\t<div class=\"elementor-column elementor-col-50 elementor-top-column elementor-element elementor-element-c3d280d\" data-id=\"c3d280d\" data-element_type=\"column\" data-e-type=\"column\">\n\t\t\t<div class=\"elementor-widget-wrap elementor-element-populated\">\n\t\t\t\t\t\t<div class=\"elementor-element elementor-element-35cf24c elementor-widget elementor-widget-text-editor\" data-id=\"35cf24c\" data-element_type=\"widget\" data-e-type=\"widget\" data-widget_type=\"text-editor.default\">\n\t\t\t\t<div class=\"elementor-widget-container\">\n\t\t\t\t\t\t\t\t\t<h5><strong>Ma\u00eetre de conf\u00e9rences en g\u00e9ochimie, chercheur au sein de l\u2019UMR Biog\u00e9osciences d\u2019UBFC, Christophe Thomazo a fait son entr\u00e9e \u00e0 l\u2019Institut universitaire de France en 2020 comme membre junior. Dans le cadre de ses travaux, il cherche \u00e0 comprendre les m\u00e9canismes en \u0153uvre sur Terre il y a deux ou trois milliards d\u2019ann\u00e9es, au moment o\u00f9 la vie apparut sur notre plan\u00e8te. <\/strong><\/h5>\t\t\t\t\t\t\t\t<\/div>\n\t\t\t\t<\/div>\n\t\t\t\t\t<\/div>\n\t\t<\/div>\n\t\t\t\t\t<\/div>\n\t\t<\/section>\n\t\t\t\t<section class=\"elementor-section elementor-top-section elementor-element elementor-element-c5d07c6 elementor-section-boxed elementor-section-height-default elementor-section-height-default\" data-id=\"c5d07c6\" data-element_type=\"section\" data-e-type=\"section\">\n\t\t\t\t\t\t<div class=\"elementor-container elementor-column-gap-default\">\n\t\t\t\t\t<div class=\"elementor-column elementor-col-100 elementor-top-column elementor-element elementor-element-7a65e52\" data-id=\"7a65e52\" data-element_type=\"column\" data-e-type=\"column\">\n\t\t\t<div class=\"elementor-widget-wrap elementor-element-populated\">\n\t\t\t\t\t\t<div class=\"elementor-element elementor-element-428bda2 elementor-widget elementor-widget-text-editor\" data-id=\"428bda2\" data-element_type=\"widget\" data-e-type=\"widget\" data-widget_type=\"text-editor.default\">\n\t\t\t\t<div class=\"elementor-widget-container\">\n\t\t\t\t\t\t\t\t\t<p>Il y a, dans le bureau de Christophe Thomazo, \u00e0 la facult\u00e9 de sciences Gabriel sur le campus de Dijon, une belle et \u00e9trange pierre noire. Elle est stri\u00e9e, comme parcourue de vagues au milieu desquelles apparaissent des formes rondes. Des formes que le n\u00e9ophyte trouvera juste jolies mais qui constituent, pour le sp\u00e9cialiste en biog\u00e9osciences, un pr\u00e9cieux sujet d\u2019\u00e9tude. Cette pierre, Christophe Thomazo l\u2019a ramen\u00e9e d\u2019un voyage scientifique en Afrique du Sud. Elle date de 2,5 milliards d\u2019ann\u00e9es. \u00c0 l\u2019\u00e9poque, la Terre est une plan\u00e8te pour le moins inhospitali\u00e8re\u00a0: l\u2019air y est irrespirable, la temp\u00e9rature moyenne s\u2019\u00e9l\u00e8ve \u00e0 70 degr\u00e9s et la vie se r\u00e9sume \u00e0 la pr\u00e9sence de micro-organismes. Mais ces micro-organismes vont peu \u00e0 peu r\u00e9aliser la photosynth\u00e8se qui apportera oxyg\u00e8ne \u00e0 l\u2019atmosph\u00e8re et permettra donc l\u2019apparition de la vie telle que nous la connaissons. Ils ont laiss\u00e9 des traces sur des pierres aussi rares qu\u2019anciennes, et ce sont ces traces qu\u2019\u00e9tudient Christophe Thomazo et ses coll\u00e8gues de l\u2019unit\u00e9 mixte de recherche (UMR) Biog\u00e9osciences, sous la double tutelle du Centre national de la recherche scientifique (CNRS) et d\u2019Universit\u00e9 Bourgogne-Franche-Comt\u00e9 (UBFC). L\u2019\u00e9quipe identifie les quelques sites de la plan\u00e8te o\u00f9 affleurent ces fossiles, t\u00e9moignages de ce que fut la Terre primitive. \u00ab\u00a0<em>Nous allons les chercher en Afrique du Sud, en Australie, au Canada ou en Groenland. Un de nos \u00e9tudiants analyse actuellement des roches dans des lacs de crat\u00e8res au Mexique. Pour r\u00e9aliser nos op\u00e9rations de terrain, nous nous appuyons sur nos coll\u00e8gues d\u2019universit\u00e9s locales, avec lesquelles nous sommes en partenariat, par exemple l\u2019universit\u00e9 de Johannesburg.\u00a0\u00bb <\/em>Une fois \u00e0 Dijon, ces vieilles pierres venues d\u2019un autre temps font l\u2019objet d\u2019un long travail de caract\u00e9risation\u00a0: description macroscopique, observation au microscope de tranches de 30 microns d\u2019\u00e9paisseur, broyage pour analyses chimiques, spectrom\u00e9trie de masse pour identifier leur composition, \u2026 \u00ab\u00a0<em>On peut ainsi comprendre les m\u00e9canismes qui se sont jou\u00e9s \u00e0 l\u2019\u00e9poque, comme l\u2019oxyg\u00e9nation de l\u2019air ou l\u2019\u00e9mergence du fer<\/em>, <em>fortement pr\u00e9sent dans ces min\u00e9raux <\/em>\u00bb, explique Christophe Thomazo. Les avanc\u00e9es qu\u2019ont permises son travail lui ont valu d\u2019entrer en octobre 2020 \u00e0 l\u2019Institut universitaire de France (IUF), comme membre junior. Il est le seul enseignant-chercheur d\u2019UBFC \u00e0 entrer cette ann\u00e9e \u00e0 l\u2019IUF, o\u00f9 il rejoint 34 de ses coll\u00e8gues de Bourgogne-Franche-Comt\u00e9.<\/p><p>Ce chercheur de 39 ans est en poste \u00e0 l\u2019universit\u00e9 de Bourgogne (uB) depuis 2010. Il avait pr\u00e9c\u00e9demment men\u00e9 des \u00e9tudes de g\u00e9ologie \u00e0 Paris VII et obtenu un DEA en g\u00e9ochimie fondamentale. Sa th\u00e8se, r\u00e9alis\u00e9e \u00e0 l\u2019Institut de physique du globe de Paris (IPGP), portait sur la caract\u00e9risation des environnements et de la vie primitive sur Terre gr\u00e2ce \u00e0 des s\u00e9diments datant de plusieurs milliards d\u2019ann\u00e9es. Apr\u00e8s un post-doc \u00e0 M\u00fcnster, en Allemagne, dans le laboratoire du professeur Harald Strauss, ce sp\u00e9cialiste originaire de Fontainebleau pose donc ses valises \u00e0 Dijon, o\u00f9 le laboratoire Biog\u00e9osciences souhaitait d\u00e9velopper l\u2019activit\u00e9 de g\u00e9ochimie isotopique. \u00c0 la crois\u00e9e de la g\u00e9ologie et de la biologie, de l\u2019\u00e9tude du vivant et de la roche, Christophe Thomazo cherche \u00e0 \u00e9tablir la \u00ab\u00a0signature\u00a0\u00bb de chaque morceau de notre plan\u00e8te pour tenter de d\u00e9couvrir ce qu\u2019il s\u2019est pass\u00e9 \u00e0 une p\u00e9riode encore m\u00e9connue, entre \u2013 3,5 et \u2013 2 milliards d\u2019ann\u00e9es. \u00ab\u00a0<em>Notre strat\u00e9gie consiste \u00e0 \u00e9tudier ces reliques, ces vestiges de cette \u00e9poque lointaine, pour comprendre l\u2019\u00e9volution de la vie sur Terre. Dans ces roches tr\u00e8s anciennes, on trouve en effet de la mati\u00e8re organique (carbone, azote, oxyg\u00e8ne) dont on cherche \u00e0 savoir si elle fut associ\u00e9e \u00e0 du vivant. Mais beaucoup de questions restent sans r\u00e9ponse \u00e0 ce jour. Par exemple, nos mod\u00e8les ne parviennent pas \u00e0 expliquer le ph\u00e9nom\u00e8ne de glaciation survenu apr\u00e8s l\u2019oxyg\u00e9nation de l\u2019air, peut-\u00eatre li\u00e9 au fait que l\u2019oxyg\u00e8ne aurait d\u00e9truit le m\u00e9thane qui est un gaz \u00e0 effet de serre.<\/em>\u00a0\u00bb L\u2019\u00e9quipe de Christophe Thomazo a d\u00e9j\u00e0 obtenu des r\u00e9sultats significatifs. Elle a par exemple montr\u00e9 les liens entre le cycle du carbone, celui du soufre et celui de l\u2019azote, d\u00e8s 2,7 milliards d\u2019ann\u00e9es, prouvant que le syst\u00e8me oc\u00e9an-atmosph\u00e8re \u00e9tait d\u00e9j\u00e0 largement influenc\u00e9 par le vivant. \u00ab\u00a0<em>On commence \u00e0 comprendre comment les organismes vivants parviennent \u00e0 se maintenir, \u00e0 g\u00e9n\u00e9rer durablement leurs propres \u00e9quilibres, dans des environnements parfois tr\u00e8s d\u00e9favorables.<\/em>\u00a0\u00bb La question de savoir \u00ab\u00a0pourquoi\u00a0\u00bb la vie s\u2019est ainsi d\u00e9velopp\u00e9e sur Terre a effleur\u00e9 plus d\u2019une fois l\u2019esprit du chercheur, mais elle rel\u00e8ve de la m\u00e9taphysique. Christophe Thomazo, lui, aspire \u00e0 retourner sur le terrain. Cet \u00e9t\u00e9 au Groenland pourquoi pas. Et il ne cache pas qu\u2019il est \u00ab\u00a0<em>tr\u00e8s excit\u00e9<\/em>\u00a0\u00bb de faire partie des chercheurs terriens qui auront \u00e0 analyser les premiers \u00e9chantillons qui seront ramen\u00e9s de la Plan\u00e8te rouge \u00e0 l\u2019issue de la mission Mars 2020 men\u00e9e conjointement par la NASA et l\u2019Agence spatiale europ\u00e9enne (ESA).<\/p>\t\t\t\t\t\t\t\t<\/div>\n\t\t\t\t<\/div>\n\t\t\t\t\t<\/div>\n\t\t<\/div>\n\t\t\t\t\t<\/div>\n\t\t<\/section>\n\t\t\t\t<\/div>\n\t\t","protected":false},"excerpt":{"rendered":"<p>Christophe Thomazo \/ \u00a9 Patrice Bouillot &#8211; La Plume &amp; le Micro Ma\u00eetre de conf\u00e9rences en g\u00e9ochimie, chercheur au sein de l\u2019UMR Biog\u00e9osciences d\u2019UBFC, Christophe Thomazo a fait son entr\u00e9e \u00e0 l\u2019Institut universitaire de France en 2020 comme membre junior. Dans le cadre de ses travaux, il cherche \u00e0 comprendre les m\u00e9canismes en \u0153uvre sur &hellip; <a href=\"https:\/\/www.ubfc.fr\/en\/recherche\/portraits-de-chercheurs\/christophe-thomazo-a-la-recherche-de-la-terre-primitive\/\">Continued<\/a><\/p>\n","protected":false},"author":60,"featured_media":0,"parent":54056,"menu_order":40,"comment_status":"closed","ping_status":"closed","template":"","meta":{"_acf_changed":false,"footnotes":""},"class_list":["post-54066","page","type-page","status-publish","hentry"],"acf":[],"yoast_head":"<!-- This site is optimized with the Yoast SEO plugin v27.3 - https:\/\/yoast.com\/product\/yoast-seo-wordpress\/ -->\n<title>Christophe Thomazo, \u00e0 la recherche de la Terre primitive - COMUE Universit\u00e9 Bourgogne-Franche-Comt\u00e9<\/title>\n<meta name=\"robots\" content=\"index, follow, max-snippet:-1, max-image-preview:large, max-video-preview:-1\" \/>\n<link rel=\"canonical\" href=\"https:\/\/www.ubfc.fr\/recherche\/portraits-de-chercheurs\/christophe-thomazo-a-la-recherche-de-la-terre-primitive\/\" \/>\n<meta property=\"og:locale\" content=\"en_US\" \/>\n<meta property=\"og:type\" content=\"article\" \/>\n<meta property=\"og:title\" content=\"Christophe Thomazo, \u00e0 la recherche de la Terre primitive - COMUE Universit\u00e9 Bourgogne-Franche-Comt\u00e9\" \/>\n<meta property=\"og:description\" content=\"Christophe Thomazo \/ \u00a9 Patrice Bouillot &#8211; La Plume &amp; le Micro Ma\u00eetre de conf\u00e9rences en g\u00e9ochimie, chercheur au sein de l\u2019UMR Biog\u00e9osciences d\u2019UBFC, Christophe Thomazo a fait son entr\u00e9e \u00e0 l\u2019Institut universitaire de France en 2020 comme membre junior. Dans le cadre de ses travaux, il cherche \u00e0 comprendre les m\u00e9canismes en \u0153uvre sur &hellip; Continued\" \/>\n<meta property=\"og:url\" content=\"https:\/\/www.ubfc.fr\/recherche\/portraits-de-chercheurs\/christophe-thomazo-a-la-recherche-de-la-terre-primitive\/\" \/>\n<meta property=\"og:site_name\" content=\"COMUE Universit\u00e9 Bourgogne-Franche-Comt\u00e9\" \/>\n<meta property=\"article:publisher\" content=\"https:\/\/www.facebook.com\/UnivBFC\/\" \/>\n<meta property=\"article:modified_time\" content=\"2021-06-02T10:53:01+00:00\" \/>\n<meta property=\"og:image\" content=\"https:\/\/www.ubfc.fr\/wp-content\/uploads\/2021\/06\/IMG_7443-web-768x1024.jpg\" \/>\n<meta name=\"twitter:card\" content=\"summary_large_image\" \/>\n<meta name=\"twitter:site\" content=\"@univ_bfc\" \/>\n<meta name=\"twitter:label1\" content=\"Est. reading time\" \/>\n\t<meta name=\"twitter:data1\" content=\"5 minutes\" \/>\n<script type=\"application\/ld+json\" class=\"yoast-schema-graph\">{\"@context\":\"https:\\\/\\\/schema.org\",\"@graph\":[{\"@type\":\"WebPage\",\"@id\":\"https:\\\/\\\/www.ubfc.fr\\\/recherche\\\/portraits-de-chercheurs\\\/christophe-thomazo-a-la-recherche-de-la-terre-primitive\\\/\",\"url\":\"https:\\\/\\\/www.ubfc.fr\\\/recherche\\\/portraits-de-chercheurs\\\/christophe-thomazo-a-la-recherche-de-la-terre-primitive\\\/\",\"name\":\"Christophe Thomazo, \u00e0 la recherche de la Terre primitive - COMUE Universit\u00e9 Bourgogne-Franche-Comt\u00e9\",\"isPartOf\":{\"@id\":\"https:\\\/\\\/www.ubfc.fr\\\/#website\"},\"primaryImageOfPage\":{\"@id\":\"https:\\\/\\\/www.ubfc.fr\\\/recherche\\\/portraits-de-chercheurs\\\/christophe-thomazo-a-la-recherche-de-la-terre-primitive\\\/#primaryimage\"},\"image\":{\"@id\":\"https:\\\/\\\/www.ubfc.fr\\\/recherche\\\/portraits-de-chercheurs\\\/christophe-thomazo-a-la-recherche-de-la-terre-primitive\\\/#primaryimage\"},\"thumbnailUrl\":\"https:\\\/\\\/www.ubfc.fr\\\/wp-content\\\/uploads\\\/2021\\\/06\\\/IMG_7443-web-768x1024.jpg\",\"datePublished\":\"2021-06-02T08:06:08+00:00\",\"dateModified\":\"2021-06-02T10:53:01+00:00\",\"breadcrumb\":{\"@id\":\"https:\\\/\\\/www.ubfc.fr\\\/recherche\\\/portraits-de-chercheurs\\\/christophe-thomazo-a-la-recherche-de-la-terre-primitive\\\/#breadcrumb\"},\"inLanguage\":\"en-US\",\"potentialAction\":[{\"@type\":\"ReadAction\",\"target\":[\"https:\\\/\\\/www.ubfc.fr\\\/recherche\\\/portraits-de-chercheurs\\\/christophe-thomazo-a-la-recherche-de-la-terre-primitive\\\/\"]}]},{\"@type\":\"ImageObject\",\"inLanguage\":\"en-US\",\"@id\":\"https:\\\/\\\/www.ubfc.fr\\\/recherche\\\/portraits-de-chercheurs\\\/christophe-thomazo-a-la-recherche-de-la-terre-primitive\\\/#primaryimage\",\"url\":\"https:\\\/\\\/www.ubfc.fr\\\/wp-content\\\/uploads\\\/2021\\\/06\\\/IMG_7443-web-768x1024.jpg\",\"contentUrl\":\"https:\\\/\\\/www.ubfc.fr\\\/wp-content\\\/uploads\\\/2021\\\/06\\\/IMG_7443-web-768x1024.jpg\"},{\"@type\":\"BreadcrumbList\",\"@id\":\"https:\\\/\\\/www.ubfc.fr\\\/recherche\\\/portraits-de-chercheurs\\\/christophe-thomazo-a-la-recherche-de-la-terre-primitive\\\/#breadcrumb\",\"itemListElement\":[{\"@type\":\"ListItem\",\"position\":1,\"name\":\"Accueil\",\"item\":\"https:\\\/\\\/www.ubfc.fr\\\/en\\\/\"},{\"@type\":\"ListItem\",\"position\":2,\"name\":\"Recherche\",\"item\":\"https:\\\/\\\/www.ubfc.fr\\\/recherche\\\/\"},{\"@type\":\"ListItem\",\"position\":3,\"name\":\"Portraits de chercheurs\",\"item\":\"https:\\\/\\\/www.ubfc.fr\\\/recherche\\\/portraits-de-chercheurs\\\/\"},{\"@type\":\"ListItem\",\"position\":4,\"name\":\"Christophe Thomazo, \u00e0 la recherche de la Terre primitive\"}]},{\"@type\":\"WebSite\",\"@id\":\"https:\\\/\\\/www.ubfc.fr\\\/#website\",\"url\":\"https:\\\/\\\/www.ubfc.fr\\\/\",\"name\":\"COMUE Universit\u00e9 Bourgogne-Franche-Comt\u00e9\",\"description\":\"\",\"publisher\":{\"@id\":\"https:\\\/\\\/www.ubfc.fr\\\/#organization\"},\"potentialAction\":[{\"@type\":\"SearchAction\",\"target\":{\"@type\":\"EntryPoint\",\"urlTemplate\":\"https:\\\/\\\/www.ubfc.fr\\\/?s={search_term_string}\"},\"query-input\":{\"@type\":\"PropertyValueSpecification\",\"valueRequired\":true,\"valueName\":\"search_term_string\"}}],\"inLanguage\":\"en-US\"},{\"@type\":\"Organization\",\"@id\":\"https:\\\/\\\/www.ubfc.fr\\\/#organization\",\"name\":\"Universit\u00e9 Bourgogne-Franche-Comt\u00e9\",\"url\":\"https:\\\/\\\/www.ubfc.fr\\\/\",\"logo\":{\"@type\":\"ImageObject\",\"inLanguage\":\"en-US\",\"@id\":\"https:\\\/\\\/www.ubfc.fr\\\/#\\\/schema\\\/logo\\\/image\\\/\",\"url\":\"https:\\\/\\\/www.ubfc.fr\\\/wp-content\\\/uploads\\\/2022\\\/03\\\/vagueUBFC_favicon.png\",\"contentUrl\":\"https:\\\/\\\/www.ubfc.fr\\\/wp-content\\\/uploads\\\/2022\\\/03\\\/vagueUBFC_favicon.png\",\"width\":512,\"height\":512,\"caption\":\"Universit\u00e9 Bourgogne-Franche-Comt\u00e9\"},\"image\":{\"@id\":\"https:\\\/\\\/www.ubfc.fr\\\/#\\\/schema\\\/logo\\\/image\\\/\"},\"sameAs\":[\"https:\\\/\\\/www.facebook.com\\\/UnivBFC\\\/\",\"https:\\\/\\\/x.com\\\/univ_bfc\",\"https:\\\/\\\/www.linkedin.com\\\/school\\\/universitebourgognefranchecomte\\\/mycompany\\\/\"]}]}<\/script>\n<!-- \/ Yoast SEO plugin. -->","yoast_head_json":{"title":"Christophe Thomazo, \u00e0 la recherche de la Terre primitive - COMUE Universit\u00e9 Bourgogne-Franche-Comt\u00e9","robots":{"index":"index","follow":"follow","max-snippet":"max-snippet:-1","max-image-preview":"max-image-preview:large","max-video-preview":"max-video-preview:-1"},"canonical":"https:\/\/www.ubfc.fr\/recherche\/portraits-de-chercheurs\/christophe-thomazo-a-la-recherche-de-la-terre-primitive\/","og_locale":"en_US","og_type":"article","og_title":"Christophe Thomazo, \u00e0 la recherche de la Terre primitive - COMUE Universit\u00e9 Bourgogne-Franche-Comt\u00e9","og_description":"Christophe Thomazo \/ \u00a9 Patrice Bouillot &#8211; La Plume &amp; le Micro Ma\u00eetre de conf\u00e9rences en g\u00e9ochimie, chercheur au sein de l\u2019UMR Biog\u00e9osciences d\u2019UBFC, Christophe Thomazo a fait son entr\u00e9e \u00e0 l\u2019Institut universitaire de France en 2020 comme membre junior. Dans le cadre de ses travaux, il cherche \u00e0 comprendre les m\u00e9canismes en \u0153uvre sur &hellip; Continued","og_url":"https:\/\/www.ubfc.fr\/recherche\/portraits-de-chercheurs\/christophe-thomazo-a-la-recherche-de-la-terre-primitive\/","og_site_name":"COMUE Universit\u00e9 Bourgogne-Franche-Comt\u00e9","article_publisher":"https:\/\/www.facebook.com\/UnivBFC\/","article_modified_time":"2021-06-02T10:53:01+00:00","og_image":[{"url":"https:\/\/www.ubfc.fr\/wp-content\/uploads\/2021\/06\/IMG_7443-web-768x1024.jpg","type":"","width":"","height":""}],"twitter_card":"summary_large_image","twitter_site":"@univ_bfc","twitter_misc":{"Est. reading time":"5 minutes"},"schema":{"@context":"https:\/\/schema.org","@graph":[{"@type":"WebPage","@id":"https:\/\/www.ubfc.fr\/recherche\/portraits-de-chercheurs\/christophe-thomazo-a-la-recherche-de-la-terre-primitive\/","url":"https:\/\/www.ubfc.fr\/recherche\/portraits-de-chercheurs\/christophe-thomazo-a-la-recherche-de-la-terre-primitive\/","name":"Christophe Thomazo, \u00e0 la recherche de la Terre primitive - COMUE Universit\u00e9 Bourgogne-Franche-Comt\u00e9","isPartOf":{"@id":"https:\/\/www.ubfc.fr\/#website"},"primaryImageOfPage":{"@id":"https:\/\/www.ubfc.fr\/recherche\/portraits-de-chercheurs\/christophe-thomazo-a-la-recherche-de-la-terre-primitive\/#primaryimage"},"image":{"@id":"https:\/\/www.ubfc.fr\/recherche\/portraits-de-chercheurs\/christophe-thomazo-a-la-recherche-de-la-terre-primitive\/#primaryimage"},"thumbnailUrl":"https:\/\/www.ubfc.fr\/wp-content\/uploads\/2021\/06\/IMG_7443-web-768x1024.jpg","datePublished":"2021-06-02T08:06:08+00:00","dateModified":"2021-06-02T10:53:01+00:00","breadcrumb":{"@id":"https:\/\/www.ubfc.fr\/recherche\/portraits-de-chercheurs\/christophe-thomazo-a-la-recherche-de-la-terre-primitive\/#breadcrumb"},"inLanguage":"en-US","potentialAction":[{"@type":"ReadAction","target":["https:\/\/www.ubfc.fr\/recherche\/portraits-de-chercheurs\/christophe-thomazo-a-la-recherche-de-la-terre-primitive\/"]}]},{"@type":"ImageObject","inLanguage":"en-US","@id":"https:\/\/www.ubfc.fr\/recherche\/portraits-de-chercheurs\/christophe-thomazo-a-la-recherche-de-la-terre-primitive\/#primaryimage","url":"https:\/\/www.ubfc.fr\/wp-content\/uploads\/2021\/06\/IMG_7443-web-768x1024.jpg","contentUrl":"https:\/\/www.ubfc.fr\/wp-content\/uploads\/2021\/06\/IMG_7443-web-768x1024.jpg"},{"@type":"BreadcrumbList","@id":"https:\/\/www.ubfc.fr\/recherche\/portraits-de-chercheurs\/christophe-thomazo-a-la-recherche-de-la-terre-primitive\/#breadcrumb","itemListElement":[{"@type":"ListItem","position":1,"name":"Accueil","item":"https:\/\/www.ubfc.fr\/en\/"},{"@type":"ListItem","position":2,"name":"Recherche","item":"https:\/\/www.ubfc.fr\/recherche\/"},{"@type":"ListItem","position":3,"name":"Portraits de chercheurs","item":"https:\/\/www.ubfc.fr\/recherche\/portraits-de-chercheurs\/"},{"@type":"ListItem","position":4,"name":"Christophe Thomazo, \u00e0 la recherche de la Terre primitive"}]},{"@type":"WebSite","@id":"https:\/\/www.ubfc.fr\/#website","url":"https:\/\/www.ubfc.fr\/","name":"COMUE Universit\u00e9 Bourgogne-Franche-Comt\u00e9","description":"","publisher":{"@id":"https:\/\/www.ubfc.fr\/#organization"},"potentialAction":[{"@type":"SearchAction","target":{"@type":"EntryPoint","urlTemplate":"https:\/\/www.ubfc.fr\/?s={search_term_string}"},"query-input":{"@type":"PropertyValueSpecification","valueRequired":true,"valueName":"search_term_string"}}],"inLanguage":"en-US"},{"@type":"Organization","@id":"https:\/\/www.ubfc.fr\/#organization","name":"Universit\u00e9 Bourgogne-Franche-Comt\u00e9","url":"https:\/\/www.ubfc.fr\/","logo":{"@type":"ImageObject","inLanguage":"en-US","@id":"https:\/\/www.ubfc.fr\/#\/schema\/logo\/image\/","url":"https:\/\/www.ubfc.fr\/wp-content\/uploads\/2022\/03\/vagueUBFC_favicon.png","contentUrl":"https:\/\/www.ubfc.fr\/wp-content\/uploads\/2022\/03\/vagueUBFC_favicon.png","width":512,"height":512,"caption":"Universit\u00e9 Bourgogne-Franche-Comt\u00e9"},"image":{"@id":"https:\/\/www.ubfc.fr\/#\/schema\/logo\/image\/"},"sameAs":["https:\/\/www.facebook.com\/UnivBFC\/","https:\/\/x.com\/univ_bfc","https:\/\/www.linkedin.com\/school\/universitebourgognefranchecomte\/mycompany\/"]}]}},"_links":{"self":[{"href":"https:\/\/www.ubfc.fr\/en\/wp-json\/wp\/v2\/pages\/54066","targetHints":{"allow":["GET"]}}],"collection":[{"href":"https:\/\/www.ubfc.fr\/en\/wp-json\/wp\/v2\/pages"}],"about":[{"href":"https:\/\/www.ubfc.fr\/en\/wp-json\/wp\/v2\/types\/page"}],"author":[{"embeddable":true,"href":"https:\/\/www.ubfc.fr\/en\/wp-json\/wp\/v2\/users\/60"}],"replies":[{"embeddable":true,"href":"https:\/\/www.ubfc.fr\/en\/wp-json\/wp\/v2\/comments?post=54066"}],"version-history":[{"count":0,"href":"https:\/\/www.ubfc.fr\/en\/wp-json\/wp\/v2\/pages\/54066\/revisions"}],"up":[{"embeddable":true,"href":"https:\/\/www.ubfc.fr\/en\/wp-json\/wp\/v2\/pages\/54056"}],"wp:attachment":[{"href":"https:\/\/www.ubfc.fr\/en\/wp-json\/wp\/v2\/media?parent=54066"}],"curies":[{"name":"wp","href":"https:\/\/api.w.org\/{rel}","templated":true}]}}