{"id":52354,"date":"2021-03-29T17:07:18","date_gmt":"2021-03-29T15:07:18","guid":{"rendered":"https:\/\/www.ubfc.fr\/academic-programs\/"},"modified":"2021-03-30T10:50:26","modified_gmt":"2021-03-30T08:50:26","slug":"academic-programs","status":"publish","type":"page","link":"https:\/\/www.ubfc.fr\/en\/training\/academic-programs\/","title":{"rendered":"Academic programs"},"content":{"rendered":"\t\t<div data-elementor-type=\"wp-post\" data-elementor-id=\"52354\" class=\"elementor elementor-52354 elementor-701\" data-elementor-post-type=\"page\">\n\t\t\t\t\t\t<section class=\"elementor-section elementor-top-section elementor-element elementor-element-ceae0eb elementor-section-boxed elementor-section-height-default elementor-section-height-default\" data-id=\"ceae0eb\" data-element_type=\"section\" data-e-type=\"section\">\n\t\t\t\t\t\t<div class=\"elementor-container elementor-column-gap-default\">\n\t\t\t\t\t<div class=\"elementor-column elementor-col-100 elementor-top-column elementor-element elementor-element-09c33f0\" data-id=\"09c33f0\" data-element_type=\"column\" data-e-type=\"column\">\n\t\t\t<div class=\"elementor-widget-wrap\">\n\t\t\t\t\t\t\t<\/div>\n\t\t<\/div>\n\t\t\t\t\t<\/div>\n\t\t<\/section>\n\t\t\t\t<\/div>\n\t\t","protected":false},"excerpt":{"rendered":"<p>Niveau du dipl\u00f4me Formation co-accr\u00e9dit\u00e9e Nombre de formations sur le site Cliquez pour basculer en pleine page Acc\u00e9dez au site de l&#8217;\u00e9tablissement Candidatez en ligne Traduire les formations Universit\u00e9 Bourgogne Franche-Comt\u00e9 Universit\u00e9 de Franche-Comt\u00e9 Universit\u00e9 de Bourgogne Universit\u00e9 de technologie Belfort-Montb\u00e9liard AgroSup Dijon Burgundy School of Business \u00c9cole Nationale Sup\u00e9rieure de M\u00e9canique et des Microtechniques &hellip; <a href=\"https:\/\/www.ubfc.fr\/en\/training\/academic-programs\/\">Continued<\/a><\/p>\n","protected":false},"author":1,"featured_media":0,"parent":59707,"menu_order":456,"comment_status":"closed","ping_status":"closed","template":"views\/template-formations.blade.php","meta":{"_acf_changed":false,"footnotes":""},"class_list":["post-52354","page","type-page","status-publish","hentry"],"acf":[],"yoast_head":"<!-- This site is optimized with the Yoast SEO plugin v27.4 - https:\/\/yoast.com\/product\/yoast-seo-wordpress\/ -->\n<title>Academic programs - COMUE Universit\u00e9 Bourgogne-Franche-Comt\u00e9<\/title>\n<meta name=\"robots\" content=\"index, follow, max-snippet:-1, max-image-preview:large, max-video-preview:-1\" \/>\n<link rel=\"canonical\" href=\"https:\/\/www.ubfc.fr\/en\/training\/academic-programs\/\" \/>\n<meta property=\"og:locale\" content=\"en_US\" \/>\n<meta property=\"og:type\" content=\"article\" \/>\n<meta property=\"og:title\" content=\"Academic programs - COMUE Universit\u00e9 Bourgogne-Franche-Comt\u00e9\" \/>\n<meta property=\"og:description\" content=\"Niveau du dipl\u00f4me Formation co-accr\u00e9dit\u00e9e Nombre de formations sur le site Cliquez pour basculer en pleine page Acc\u00e9dez au site de l&#8217;\u00e9tablissement Candidatez en ligne Traduire les formations Universit\u00e9 Bourgogne Franche-Comt\u00e9 Universit\u00e9 de Franche-Comt\u00e9 Universit\u00e9 de Bourgogne Universit\u00e9 de technologie Belfort-Montb\u00e9liard AgroSup Dijon Burgundy School of Business \u00c9cole Nationale Sup\u00e9rieure de M\u00e9canique et des Microtechniques &hellip; Continued\" \/>\n<meta property=\"og:url\" content=\"https:\/\/www.ubfc.fr\/en\/training\/academic-programs\/\" \/>\n<meta property=\"og:site_name\" content=\"COMUE Universit\u00e9 Bourgogne-Franche-Comt\u00e9\" \/>\n<meta property=\"article:publisher\" content=\"https:\/\/www.facebook.com\/UnivBFC\/\" \/>\n<meta property=\"article:modified_time\" content=\"2021-03-30T08:50:26+00:00\" \/>\n<meta property=\"og:image\" content=\"https:\/\/www.ubfc.fr\/wp-content\/themes\/ubfc\/dist\/images\/schema-formations\/niveau_diplome_dbd57664.png\" \/>\n<meta name=\"twitter:card\" content=\"summary_large_image\" \/>\n<meta name=\"twitter:site\" content=\"@univ_bfc\" \/>\n<script type=\"application\/ld+json\" class=\"yoast-schema-graph\">{\"@context\":\"https:\\\/\\\/schema.org\",\"@graph\":[{\"@type\":\"WebPage\",\"@id\":\"https:\\\/\\\/www.ubfc.fr\\\/en\\\/training\\\/academic-programs\\\/\",\"url\":\"https:\\\/\\\/www.ubfc.fr\\\/en\\\/training\\\/academic-programs\\\/\",\"name\":\"Academic programs - COMUE Universit\u00e9 Bourgogne-Franche-Comt\u00e9\",\"isPartOf\":{\"@id\":\"https:\\\/\\\/www.ubfc.fr\\\/#website\"},\"primaryImageOfPage\":{\"@id\":\"https:\\\/\\\/www.ubfc.fr\\\/en\\\/training\\\/academic-programs\\\/#primaryimage\"},\"image\":{\"@id\":\"https:\\\/\\\/www.ubfc.fr\\\/en\\\/training\\\/academic-programs\\\/#primaryimage\"},\"thumbnailUrl\":\"https:\\\/\\\/www.ubfc.fr\\\/wp-content\\\/themes\\\/ubfc\\\/dist\\\/images\\\/schema-formations\\\/niveau_diplome_dbd57664.png\",\"datePublished\":\"2021-03-29T15:07:18+00:00\",\"dateModified\":\"2021-03-30T08:50:26+00:00\",\"breadcrumb\":{\"@id\":\"https:\\\/\\\/www.ubfc.fr\\\/en\\\/training\\\/academic-programs\\\/#breadcrumb\"},\"inLanguage\":\"en-US\",\"potentialAction\":[{\"@type\":\"ReadAction\",\"target\":[\"https:\\\/\\\/www.ubfc.fr\\\/en\\\/training\\\/academic-programs\\\/\"]}]},{\"@type\":\"ImageObject\",\"inLanguage\":\"en-US\",\"@id\":\"https:\\\/\\\/www.ubfc.fr\\\/en\\\/training\\\/academic-programs\\\/#primaryimage\",\"url\":\"https:\\\/\\\/www.ubfc.fr\\\/wp-content\\\/themes\\\/ubfc\\\/dist\\\/images\\\/schema-formations\\\/niveau_diplome_dbd57664.png\",\"contentUrl\":\"https:\\\/\\\/www.ubfc.fr\\\/wp-content\\\/themes\\\/ubfc\\\/dist\\\/images\\\/schema-formations\\\/niveau_diplome_dbd57664.png\"},{\"@type\":\"BreadcrumbList\",\"@id\":\"https:\\\/\\\/www.ubfc.fr\\\/en\\\/training\\\/academic-programs\\\/#breadcrumb\",\"itemListElement\":[{\"@type\":\"ListItem\",\"position\":1,\"name\":\"Accueil\",\"item\":\"https:\\\/\\\/www.ubfc.fr\\\/en\\\/\"},{\"@type\":\"ListItem\",\"position\":2,\"name\":\"Training\",\"item\":\"https:\\\/\\\/www.ubfc.fr\\\/en\\\/training\\\/\"},{\"@type\":\"ListItem\",\"position\":3,\"name\":\"Academic programs\"}]},{\"@type\":\"WebSite\",\"@id\":\"https:\\\/\\\/www.ubfc.fr\\\/#website\",\"url\":\"https:\\\/\\\/www.ubfc.fr\\\/\",\"name\":\"COMUE Universit\u00e9 Bourgogne-Franche-Comt\u00e9\",\"description\":\"\",\"publisher\":{\"@id\":\"https:\\\/\\\/www.ubfc.fr\\\/#organization\"},\"potentialAction\":[{\"@type\":\"SearchAction\",\"target\":{\"@type\":\"EntryPoint\",\"urlTemplate\":\"https:\\\/\\\/www.ubfc.fr\\\/?s={search_term_string}\"},\"query-input\":{\"@type\":\"PropertyValueSpecification\",\"valueRequired\":true,\"valueName\":\"search_term_string\"}}],\"inLanguage\":\"en-US\"},{\"@type\":\"Organization\",\"@id\":\"https:\\\/\\\/www.ubfc.fr\\\/#organization\",\"name\":\"Universit\u00e9 Bourgogne-Franche-Comt\u00e9\",\"url\":\"https:\\\/\\\/www.ubfc.fr\\\/\",\"logo\":{\"@type\":\"ImageObject\",\"inLanguage\":\"en-US\",\"@id\":\"https:\\\/\\\/www.ubfc.fr\\\/#\\\/schema\\\/logo\\\/image\\\/\",\"url\":\"https:\\\/\\\/www.ubfc.fr\\\/wp-content\\\/uploads\\\/2022\\\/03\\\/vagueUBFC_favicon.png\",\"contentUrl\":\"https:\\\/\\\/www.ubfc.fr\\\/wp-content\\\/uploads\\\/2022\\\/03\\\/vagueUBFC_favicon.png\",\"width\":512,\"height\":512,\"caption\":\"Universit\u00e9 Bourgogne-Franche-Comt\u00e9\"},\"image\":{\"@id\":\"https:\\\/\\\/www.ubfc.fr\\\/#\\\/schema\\\/logo\\\/image\\\/\"},\"sameAs\":[\"https:\\\/\\\/www.facebook.com\\\/UnivBFC\\\/\",\"https:\\\/\\\/x.com\\\/univ_bfc\",\"https:\\\/\\\/www.linkedin.com\\\/school\\\/universitebourgognefranchecomte\\\/mycompany\\\/\"]}]}<\/script>\n<!-- \/ Yoast SEO plugin. -->","yoast_head_json":{"title":"Academic programs - COMUE Universit\u00e9 Bourgogne-Franche-Comt\u00e9","robots":{"index":"index","follow":"follow","max-snippet":"max-snippet:-1","max-image-preview":"max-image-preview:large","max-video-preview":"max-video-preview:-1"},"canonical":"https:\/\/www.ubfc.fr\/en\/training\/academic-programs\/","og_locale":"en_US","og_type":"article","og_title":"Academic programs - COMUE Universit\u00e9 Bourgogne-Franche-Comt\u00e9","og_description":"Niveau du dipl\u00f4me Formation co-accr\u00e9dit\u00e9e Nombre de formations sur le site Cliquez pour basculer en pleine page Acc\u00e9dez au site de l&#8217;\u00e9tablissement Candidatez en ligne Traduire les formations Universit\u00e9 Bourgogne Franche-Comt\u00e9 Universit\u00e9 de Franche-Comt\u00e9 Universit\u00e9 de Bourgogne Universit\u00e9 de technologie Belfort-Montb\u00e9liard AgroSup Dijon Burgundy School of Business \u00c9cole Nationale Sup\u00e9rieure de M\u00e9canique et des Microtechniques &hellip; Continued","og_url":"https:\/\/www.ubfc.fr\/en\/training\/academic-programs\/","og_site_name":"COMUE Universit\u00e9 Bourgogne-Franche-Comt\u00e9","article_publisher":"https:\/\/www.facebook.com\/UnivBFC\/","article_modified_time":"2021-03-30T08:50:26+00:00","og_image":[{"url":"https:\/\/www.ubfc.fr\/wp-content\/themes\/ubfc\/dist\/images\/schema-formations\/niveau_diplome_dbd57664.png","type":"","width":"","height":""}],"twitter_card":"summary_large_image","twitter_site":"@univ_bfc","schema":{"@context":"https:\/\/schema.org","@graph":[{"@type":"WebPage","@id":"https:\/\/www.ubfc.fr\/en\/training\/academic-programs\/","url":"https:\/\/www.ubfc.fr\/en\/training\/academic-programs\/","name":"Academic programs - COMUE Universit\u00e9 Bourgogne-Franche-Comt\u00e9","isPartOf":{"@id":"https:\/\/www.ubfc.fr\/#website"},"primaryImageOfPage":{"@id":"https:\/\/www.ubfc.fr\/en\/training\/academic-programs\/#primaryimage"},"image":{"@id":"https:\/\/www.ubfc.fr\/en\/training\/academic-programs\/#primaryimage"},"thumbnailUrl":"https:\/\/www.ubfc.fr\/wp-content\/themes\/ubfc\/dist\/images\/schema-formations\/niveau_diplome_dbd57664.png","datePublished":"2021-03-29T15:07:18+00:00","dateModified":"2021-03-30T08:50:26+00:00","breadcrumb":{"@id":"https:\/\/www.ubfc.fr\/en\/training\/academic-programs\/#breadcrumb"},"inLanguage":"en-US","potentialAction":[{"@type":"ReadAction","target":["https:\/\/www.ubfc.fr\/en\/training\/academic-programs\/"]}]},{"@type":"ImageObject","inLanguage":"en-US","@id":"https:\/\/www.ubfc.fr\/en\/training\/academic-programs\/#primaryimage","url":"https:\/\/www.ubfc.fr\/wp-content\/themes\/ubfc\/dist\/images\/schema-formations\/niveau_diplome_dbd57664.png","contentUrl":"https:\/\/www.ubfc.fr\/wp-content\/themes\/ubfc\/dist\/images\/schema-formations\/niveau_diplome_dbd57664.png"},{"@type":"BreadcrumbList","@id":"https:\/\/www.ubfc.fr\/en\/training\/academic-programs\/#breadcrumb","itemListElement":[{"@type":"ListItem","position":1,"name":"Accueil","item":"https:\/\/www.ubfc.fr\/en\/"},{"@type":"ListItem","position":2,"name":"Training","item":"https:\/\/www.ubfc.fr\/en\/training\/"},{"@type":"ListItem","position":3,"name":"Academic programs"}]},{"@type":"WebSite","@id":"https:\/\/www.ubfc.fr\/#website","url":"https:\/\/www.ubfc.fr\/","name":"COMUE Universit\u00e9 Bourgogne-Franche-Comt\u00e9","description":"","publisher":{"@id":"https:\/\/www.ubfc.fr\/#organization"},"potentialAction":[{"@type":"SearchAction","target":{"@type":"EntryPoint","urlTemplate":"https:\/\/www.ubfc.fr\/?s={search_term_string}"},"query-input":{"@type":"PropertyValueSpecification","valueRequired":true,"valueName":"search_term_string"}}],"inLanguage":"en-US"},{"@type":"Organization","@id":"https:\/\/www.ubfc.fr\/#organization","name":"Universit\u00e9 Bourgogne-Franche-Comt\u00e9","url":"https:\/\/www.ubfc.fr\/","logo":{"@type":"ImageObject","inLanguage":"en-US","@id":"https:\/\/www.ubfc.fr\/#\/schema\/logo\/image\/","url":"https:\/\/www.ubfc.fr\/wp-content\/uploads\/2022\/03\/vagueUBFC_favicon.png","contentUrl":"https:\/\/www.ubfc.fr\/wp-content\/uploads\/2022\/03\/vagueUBFC_favicon.png","width":512,"height":512,"caption":"Universit\u00e9 Bourgogne-Franche-Comt\u00e9"},"image":{"@id":"https:\/\/www.ubfc.fr\/#\/schema\/logo\/image\/"},"sameAs":["https:\/\/www.facebook.com\/UnivBFC\/","https:\/\/x.com\/univ_bfc","https:\/\/www.linkedin.com\/school\/universitebourgognefranchecomte\/mycompany\/"]}]}},"_links":{"self":[{"href":"https:\/\/www.ubfc.fr\/en\/wp-json\/wp\/v2\/pages\/52354","targetHints":{"allow":["GET"]}}],"collection":[{"href":"https:\/\/www.ubfc.fr\/en\/wp-json\/wp\/v2\/pages"}],"about":[{"href":"https:\/\/www.ubfc.fr\/en\/wp-json\/wp\/v2\/types\/page"}],"author":[{"embeddable":true,"href":"https:\/\/www.ubfc.fr\/en\/wp-json\/wp\/v2\/users\/1"}],"replies":[{"embeddable":true,"href":"https:\/\/www.ubfc.fr\/en\/wp-json\/wp\/v2\/comments?post=52354"}],"version-history":[{"count":0,"href":"https:\/\/www.ubfc.fr\/en\/wp-json\/wp\/v2\/pages\/52354\/revisions"}],"up":[{"embeddable":true,"href":"https:\/\/www.ubfc.fr\/en\/wp-json\/wp\/v2\/pages\/59707"}],"wp:attachment":[{"href":"https:\/\/www.ubfc.fr\/en\/wp-json\/wp\/v2\/media?parent=52354"}],"curies":[{"name":"wp","href":"https:\/\/api.w.org\/{rel}","templated":true}]}}