{"id":52063,"date":"2021-03-19T11:28:31","date_gmt":"2021-03-19T10:28:31","guid":{"rendered":"https:\/\/www.ubfc.fr\/founding-members-recruitment\/"},"modified":"2024-10-23T15:17:51","modified_gmt":"2024-10-23T13:17:51","slug":"founding-members-recruitment","status":"publish","type":"page","link":"https:\/\/www.ubfc.fr\/en\/ubfc\/human-resources\/recruitment\/founding-members-recruitment\/","title":{"rendered":"Founding members&#8217; recruitment"},"content":{"rendered":"<ul>\n<li><span style=\"font-size: 14pt;\"><a href=\"https:\/\/www.univ-fcomte.fr\/recrutement\">Recruitment at UFC<\/a><\/span><\/li>\n<li><span style=\"font-size: 14pt;\"><a href=\"https:\/\/artsetmetiers.fr\/fr\/nous-rejoindre\">Recruitment at Arts et M\u00e9tiers<\/a><\/span><\/li>\n<li><span style=\"font-size: 14pt;\"><a href=\"https:\/\/www.utbm.fr\/utbm\/emploi-a-lutbm\/\">Recruitment at UTBM<\/a><\/span><\/li>\n<li><a href=\"https:\/\/institut-agro-dijon.fr\/linstitut-agro-dijon\/recrutement\"><span style=\"font-size: 14pt;\">Recruitment at Institut Agro Dijon<\/span><\/a><\/li>\n<li><span style=\"font-size: 14pt;\"><a href=\"https:\/\/www.supmicrotech.fr\">Recruitment at SUPMICROTECH &#8211; ENSMM<\/a><\/span><\/li>\n<\/ul>\n","protected":false},"excerpt":{"rendered":"<p>Recruitment at UFC Recruitment at Arts et M\u00e9tiers Recruitment at UTBM Recruitment at Institut Agro Dijon Recruitment at SUPMICROTECH &#8211; ENSMM<\/p>\n","protected":false},"author":11,"featured_media":0,"parent":58403,"menu_order":64,"comment_status":"closed","ping_status":"closed","template":"","meta":{"_acf_changed":false,"footnotes":""},"class_list":["post-52063","page","type-page","status-publish","hentry"],"acf":[],"yoast_head":"<!-- This site is optimized with the Yoast SEO plugin v27.4 - https:\/\/yoast.com\/product\/yoast-seo-wordpress\/ -->\n<title>Founding members&#039; recruitment - COMUE Universit\u00e9 Bourgogne-Franche-Comt\u00e9<\/title>\n<meta name=\"robots\" content=\"index, follow, max-snippet:-1, max-image-preview:large, max-video-preview:-1\" \/>\n<link rel=\"canonical\" href=\"https:\/\/www.ubfc.fr\/en\/ubfc\/human-resources\/recruitment\/founding-members-recruitment\/\" \/>\n<meta property=\"og:locale\" content=\"en_US\" \/>\n<meta property=\"og:type\" content=\"article\" \/>\n<meta property=\"og:title\" content=\"Founding members&#039; recruitment - COMUE Universit\u00e9 Bourgogne-Franche-Comt\u00e9\" \/>\n<meta property=\"og:description\" content=\"Recruitment at UFC Recruitment at Arts et M\u00e9tiers Recruitment at UTBM Recruitment at Institut Agro Dijon Recruitment at SUPMICROTECH &#8211; ENSMM\" \/>\n<meta property=\"og:url\" content=\"https:\/\/www.ubfc.fr\/en\/ubfc\/human-resources\/recruitment\/founding-members-recruitment\/\" \/>\n<meta property=\"og:site_name\" content=\"COMUE Universit\u00e9 Bourgogne-Franche-Comt\u00e9\" \/>\n<meta property=\"article:publisher\" content=\"https:\/\/www.facebook.com\/UnivBFC\/\" \/>\n<meta property=\"article:modified_time\" content=\"2024-10-23T13:17:51+00:00\" \/>\n<meta name=\"twitter:card\" content=\"summary_large_image\" \/>\n<meta name=\"twitter:site\" content=\"@univ_bfc\" \/>\n<script type=\"application\/ld+json\" class=\"yoast-schema-graph\">{\"@context\":\"https:\\\/\\\/schema.org\",\"@graph\":[{\"@type\":\"WebPage\",\"@id\":\"https:\\\/\\\/www.ubfc.fr\\\/en\\\/ubfc\\\/human-resources\\\/recruitment\\\/founding-members-recruitment\\\/\",\"url\":\"https:\\\/\\\/www.ubfc.fr\\\/en\\\/ubfc\\\/human-resources\\\/recruitment\\\/founding-members-recruitment\\\/\",\"name\":\"Founding members' recruitment - COMUE Universit\u00e9 Bourgogne-Franche-Comt\u00e9\",\"isPartOf\":{\"@id\":\"https:\\\/\\\/www.ubfc.fr\\\/#website\"},\"datePublished\":\"2021-03-19T10:28:31+00:00\",\"dateModified\":\"2024-10-23T13:17:51+00:00\",\"breadcrumb\":{\"@id\":\"https:\\\/\\\/www.ubfc.fr\\\/en\\\/ubfc\\\/human-resources\\\/recruitment\\\/founding-members-recruitment\\\/#breadcrumb\"},\"inLanguage\":\"en-US\",\"potentialAction\":[{\"@type\":\"ReadAction\",\"target\":[\"https:\\\/\\\/www.ubfc.fr\\\/en\\\/ubfc\\\/human-resources\\\/recruitment\\\/founding-members-recruitment\\\/\"]}]},{\"@type\":\"BreadcrumbList\",\"@id\":\"https:\\\/\\\/www.ubfc.fr\\\/en\\\/ubfc\\\/human-resources\\\/recruitment\\\/founding-members-recruitment\\\/#breadcrumb\",\"itemListElement\":[{\"@type\":\"ListItem\",\"position\":1,\"name\":\"Accueil\",\"item\":\"https:\\\/\\\/www.ubfc.fr\\\/en\\\/\"},{\"@type\":\"ListItem\",\"position\":2,\"name\":\"UBFC\",\"item\":\"https:\\\/\\\/www.ubfc.fr\\\/en\\\/ubfc\\\/\"},{\"@type\":\"ListItem\",\"position\":3,\"name\":\"Human resources\",\"item\":\"https:\\\/\\\/www.ubfc.fr\\\/en\\\/ubfc\\\/human-resources\\\/\"},{\"@type\":\"ListItem\",\"position\":4,\"name\":\"Recruitment\",\"item\":\"https:\\\/\\\/www.ubfc.fr\\\/en\\\/ubfc\\\/human-resources\\\/recruitment\\\/\"},{\"@type\":\"ListItem\",\"position\":5,\"name\":\"Founding members&#8217; recruitment\"}]},{\"@type\":\"WebSite\",\"@id\":\"https:\\\/\\\/www.ubfc.fr\\\/#website\",\"url\":\"https:\\\/\\\/www.ubfc.fr\\\/\",\"name\":\"COMUE Universit\u00e9 Bourgogne-Franche-Comt\u00e9\",\"description\":\"\",\"publisher\":{\"@id\":\"https:\\\/\\\/www.ubfc.fr\\\/#organization\"},\"potentialAction\":[{\"@type\":\"SearchAction\",\"target\":{\"@type\":\"EntryPoint\",\"urlTemplate\":\"https:\\\/\\\/www.ubfc.fr\\\/?s={search_term_string}\"},\"query-input\":{\"@type\":\"PropertyValueSpecification\",\"valueRequired\":true,\"valueName\":\"search_term_string\"}}],\"inLanguage\":\"en-US\"},{\"@type\":\"Organization\",\"@id\":\"https:\\\/\\\/www.ubfc.fr\\\/#organization\",\"name\":\"Universit\u00e9 Bourgogne-Franche-Comt\u00e9\",\"url\":\"https:\\\/\\\/www.ubfc.fr\\\/\",\"logo\":{\"@type\":\"ImageObject\",\"inLanguage\":\"en-US\",\"@id\":\"https:\\\/\\\/www.ubfc.fr\\\/#\\\/schema\\\/logo\\\/image\\\/\",\"url\":\"https:\\\/\\\/www.ubfc.fr\\\/wp-content\\\/uploads\\\/2022\\\/03\\\/vagueUBFC_favicon.png\",\"contentUrl\":\"https:\\\/\\\/www.ubfc.fr\\\/wp-content\\\/uploads\\\/2022\\\/03\\\/vagueUBFC_favicon.png\",\"width\":512,\"height\":512,\"caption\":\"Universit\u00e9 Bourgogne-Franche-Comt\u00e9\"},\"image\":{\"@id\":\"https:\\\/\\\/www.ubfc.fr\\\/#\\\/schema\\\/logo\\\/image\\\/\"},\"sameAs\":[\"https:\\\/\\\/www.facebook.com\\\/UnivBFC\\\/\",\"https:\\\/\\\/x.com\\\/univ_bfc\",\"https:\\\/\\\/www.linkedin.com\\\/school\\\/universitebourgognefranchecomte\\\/mycompany\\\/\"]}]}<\/script>\n<!-- \/ Yoast SEO plugin. -->","yoast_head_json":{"title":"Founding members' recruitment - COMUE Universit\u00e9 Bourgogne-Franche-Comt\u00e9","robots":{"index":"index","follow":"follow","max-snippet":"max-snippet:-1","max-image-preview":"max-image-preview:large","max-video-preview":"max-video-preview:-1"},"canonical":"https:\/\/www.ubfc.fr\/en\/ubfc\/human-resources\/recruitment\/founding-members-recruitment\/","og_locale":"en_US","og_type":"article","og_title":"Founding members' recruitment - COMUE Universit\u00e9 Bourgogne-Franche-Comt\u00e9","og_description":"Recruitment at UFC Recruitment at Arts et M\u00e9tiers Recruitment at UTBM Recruitment at Institut Agro Dijon Recruitment at SUPMICROTECH &#8211; ENSMM","og_url":"https:\/\/www.ubfc.fr\/en\/ubfc\/human-resources\/recruitment\/founding-members-recruitment\/","og_site_name":"COMUE Universit\u00e9 Bourgogne-Franche-Comt\u00e9","article_publisher":"https:\/\/www.facebook.com\/UnivBFC\/","article_modified_time":"2024-10-23T13:17:51+00:00","twitter_card":"summary_large_image","twitter_site":"@univ_bfc","schema":{"@context":"https:\/\/schema.org","@graph":[{"@type":"WebPage","@id":"https:\/\/www.ubfc.fr\/en\/ubfc\/human-resources\/recruitment\/founding-members-recruitment\/","url":"https:\/\/www.ubfc.fr\/en\/ubfc\/human-resources\/recruitment\/founding-members-recruitment\/","name":"Founding members' recruitment - COMUE Universit\u00e9 Bourgogne-Franche-Comt\u00e9","isPartOf":{"@id":"https:\/\/www.ubfc.fr\/#website"},"datePublished":"2021-03-19T10:28:31+00:00","dateModified":"2024-10-23T13:17:51+00:00","breadcrumb":{"@id":"https:\/\/www.ubfc.fr\/en\/ubfc\/human-resources\/recruitment\/founding-members-recruitment\/#breadcrumb"},"inLanguage":"en-US","potentialAction":[{"@type":"ReadAction","target":["https:\/\/www.ubfc.fr\/en\/ubfc\/human-resources\/recruitment\/founding-members-recruitment\/"]}]},{"@type":"BreadcrumbList","@id":"https:\/\/www.ubfc.fr\/en\/ubfc\/human-resources\/recruitment\/founding-members-recruitment\/#breadcrumb","itemListElement":[{"@type":"ListItem","position":1,"name":"Accueil","item":"https:\/\/www.ubfc.fr\/en\/"},{"@type":"ListItem","position":2,"name":"UBFC","item":"https:\/\/www.ubfc.fr\/en\/ubfc\/"},{"@type":"ListItem","position":3,"name":"Human resources","item":"https:\/\/www.ubfc.fr\/en\/ubfc\/human-resources\/"},{"@type":"ListItem","position":4,"name":"Recruitment","item":"https:\/\/www.ubfc.fr\/en\/ubfc\/human-resources\/recruitment\/"},{"@type":"ListItem","position":5,"name":"Founding members&#8217; recruitment"}]},{"@type":"WebSite","@id":"https:\/\/www.ubfc.fr\/#website","url":"https:\/\/www.ubfc.fr\/","name":"COMUE Universit\u00e9 Bourgogne-Franche-Comt\u00e9","description":"","publisher":{"@id":"https:\/\/www.ubfc.fr\/#organization"},"potentialAction":[{"@type":"SearchAction","target":{"@type":"EntryPoint","urlTemplate":"https:\/\/www.ubfc.fr\/?s={search_term_string}"},"query-input":{"@type":"PropertyValueSpecification","valueRequired":true,"valueName":"search_term_string"}}],"inLanguage":"en-US"},{"@type":"Organization","@id":"https:\/\/www.ubfc.fr\/#organization","name":"Universit\u00e9 Bourgogne-Franche-Comt\u00e9","url":"https:\/\/www.ubfc.fr\/","logo":{"@type":"ImageObject","inLanguage":"en-US","@id":"https:\/\/www.ubfc.fr\/#\/schema\/logo\/image\/","url":"https:\/\/www.ubfc.fr\/wp-content\/uploads\/2022\/03\/vagueUBFC_favicon.png","contentUrl":"https:\/\/www.ubfc.fr\/wp-content\/uploads\/2022\/03\/vagueUBFC_favicon.png","width":512,"height":512,"caption":"Universit\u00e9 Bourgogne-Franche-Comt\u00e9"},"image":{"@id":"https:\/\/www.ubfc.fr\/#\/schema\/logo\/image\/"},"sameAs":["https:\/\/www.facebook.com\/UnivBFC\/","https:\/\/x.com\/univ_bfc","https:\/\/www.linkedin.com\/school\/universitebourgognefranchecomte\/mycompany\/"]}]}},"_links":{"self":[{"href":"https:\/\/www.ubfc.fr\/en\/wp-json\/wp\/v2\/pages\/52063","targetHints":{"allow":["GET"]}}],"collection":[{"href":"https:\/\/www.ubfc.fr\/en\/wp-json\/wp\/v2\/pages"}],"about":[{"href":"https:\/\/www.ubfc.fr\/en\/wp-json\/wp\/v2\/types\/page"}],"author":[{"embeddable":true,"href":"https:\/\/www.ubfc.fr\/en\/wp-json\/wp\/v2\/users\/11"}],"replies":[{"embeddable":true,"href":"https:\/\/www.ubfc.fr\/en\/wp-json\/wp\/v2\/comments?post=52063"}],"version-history":[{"count":1,"href":"https:\/\/www.ubfc.fr\/en\/wp-json\/wp\/v2\/pages\/52063\/revisions"}],"predecessor-version":[{"id":74457,"href":"https:\/\/www.ubfc.fr\/en\/wp-json\/wp\/v2\/pages\/52063\/revisions\/74457"}],"up":[{"embeddable":true,"href":"https:\/\/www.ubfc.fr\/en\/wp-json\/wp\/v2\/pages\/58403"}],"wp:attachment":[{"href":"https:\/\/www.ubfc.fr\/en\/wp-json\/wp\/v2\/media?parent=52063"}],"curies":[{"name":"wp","href":"https:\/\/api.w.org\/{rel}","templated":true}]}}