{"id":50840,"date":"2021-01-20T13:58:11","date_gmt":"2021-01-20T12:58:11","guid":{"rendered":"https:\/\/www.ubfc.fr\/thematic-poles\/polytechnicum\/"},"modified":"2022-11-22T16:12:53","modified_gmt":"2022-11-22T15:12:53","slug":"polytechnicum","status":"publish","type":"page","link":"https:\/\/www.ubfc.fr\/en\/research\/thematic-poles\/polytechnicum\/","title":{"rendered":"Polytechnicum"},"content":{"rendered":"\t\t<div data-elementor-type=\"wp-post\" data-elementor-id=\"50840\" class=\"elementor elementor-50840 elementor-12868\" data-elementor-post-type=\"page\">\n\t\t\t\t\t\t<section class=\"elementor-section elementor-top-section elementor-element elementor-element-3456d5b elementor-section-boxed elementor-section-height-default elementor-section-height-default\" data-id=\"3456d5b\" data-element_type=\"section\" data-e-type=\"section\">\n\t\t\t\t\t\t<div class=\"elementor-container elementor-column-gap-default\">\n\t\t\t\t\t<div class=\"elementor-column elementor-col-100 elementor-top-column elementor-element elementor-element-a608f9b\" data-id=\"a608f9b\" data-element_type=\"column\" data-e-type=\"column\">\n\t\t\t<div class=\"elementor-widget-wrap elementor-element-populated\">\n\t\t\t\t\t\t<div class=\"elementor-element elementor-element-887c21c elementor-widget elementor-widget-text-editor\" data-id=\"887c21c\" data-element_type=\"widget\" data-e-type=\"widget\" data-widget_type=\"text-editor.default\">\n\t\t\t\t<div class=\"elementor-widget-container\">\n\t\t\t\t\t\t\t\t\t<h4>Engineering and management pole<\/h4>\n\t\t\t\t\t\t\t\t<\/div>\n\t\t\t\t<\/div>\n\t\t\t\t\t<\/div>\n\t\t<\/div>\n\t\t\t\t\t<\/div>\n\t\t<\/section>\n\t\t\t\t<section class=\"elementor-section elementor-top-section elementor-element elementor-element-861d5bd elementor-section-boxed elementor-section-height-default elementor-section-height-default\" data-id=\"861d5bd\" data-element_type=\"section\" data-e-type=\"section\">\n\t\t\t\t\t\t<div class=\"elementor-container elementor-column-gap-default\">\n\t\t\t\t\t<div class=\"elementor-column elementor-col-66 elementor-top-column elementor-element elementor-element-57557ea\" data-id=\"57557ea\" data-element_type=\"column\" data-e-type=\"column\">\n\t\t\t<div class=\"elementor-widget-wrap elementor-element-populated\">\n\t\t\t\t\t\t<div class=\"elementor-element elementor-element-952a12f elementor-widget elementor-widget-text-editor\" data-id=\"952a12f\" data-element_type=\"widget\" data-e-type=\"widget\" data-widget_type=\"text-editor.default\">\n\t\t\t\t<div class=\"elementor-widget-container\">\n\t\t\t\t\t\t\t\t\t<p>Created in 2010, Polytechnicum Bourgogne Franche-Comt\u00e9 was initially under the statute of an association, and then its members wished to pursue their collaboration within the COMUE Universit\u00e9 Bourgogne-Franche-Comt\u00e9.<\/p>\n<p>Polytechnicum joined UBFC in 2015. The pole brings out, initiates and federates development projects of its members for the benefit of students. It also aims to enhance knowledge and experience transfer to strengthen the attractiveness and competitiveness of institutions and territories in Bourgogne and Franche-Comt\u00e9.<\/p>\n<p>UBFC Polytechnicum brings together 10 engineering and management schools \u2013 components of the University of Bourgogne (ESIREM, ISAT, IAE DIJON), components of the University of Franche-Comt\u00e9 (ISIFC and IAE of Franche-Comt\u00e9), as well as the University of Technology of Belfort-Montb\u00e9liard (UTBM) and the Grandes Ecoles and Institutes of the region (ENSMM, BSB, Institut Agro Dijon and the Arts et M\u00e9tiers Paris Tech campus in Cluny).<\/p>\n<p>&nbsp;<\/p>\n<h5><span style=\"font-size: 14pt;\">Polytechnicum: a UBFC pole<\/span><\/h5>\n<p>The specialties of the higher-education schools of Bourgogne-Franche-Comt\u00e9 all respond to societal challenges.<\/p>\n<p>Drawing on the experience of some thirty joint projects focused on business, equal opportunities, innovative training and the promotion of higher education, Polytechnicum is today one of the structuring thematic poles of Universit\u00e9 Bourgogne-Franche-Comt\u00e9: it is the engineering and management pole.<\/p>\n<p>&nbsp;<\/p>\n<h5>Polytechnicum: for a future including joint projects in training, research and innovation<\/h5>\n<p>Polytechnicum stems from the following observation: although the attractiveness of each Polytechnicum school is no longer a matter of debate, a thematic pole with a dual engineering &amp; management culture represents a strength in Bourgogne \u2013 Franche-Comt\u00e9 in these two fields, gives a wider scope to joint actions, and helps to strengthen the attractiveness of Bourgogne \u2013 Franche-Comt\u00e9 at the national and international scales. To sum up, the Polytechnicum pole aims to:<\/p>\n<ul>\n<li>offer a wider ecosystem of research, innovation and valorisation activities oriented towards the socio-economic world, for the benefit of engineer and manager training,<\/li>\n<li>increase the attractiveness of the BFC training offer to regional, national and international students,<\/li>\n<li>give to all future graduate students a solid base of scientific, technical and managerial knowledge and skills that will allow them to play a decisive role in the face of our societal challenges, but also to adapt and contribute to technological developments and scientific and societal transitions.<\/li>\n<\/ul>\n<p>&nbsp;<\/p>\n<p>Polytechnicum was officially created on 6 April 2018 through the signing of a consortium agreement. Its main federating projects include \u2013 among others:<\/p>\n<ul>\n<li>the creation of dual-culture degrees,<\/li>\n<li>the promotion of higher education with an innovative concept (Manager-Engineer Tour) and the joint participation of company forums,<\/li>\n<li>the valorisation of research professions,<\/li>\n<li>the promotion of equal opportunities,<\/li>\n<li>the promotion of international mobility with the setting-up of Polytechnicum partnerships,<\/li>\n<li>joint chairs programs,<\/li>\n<li><em>etc.<\/em><\/li>\n<\/ul>\n<p>&nbsp;<\/p>\n<p><strong>Contact:<\/strong><\/p>\n<p>Catherine SILVANT<br \/>\nCoordinator of the POLYTECHNICUM engineering and management pole<a href=\"mailto:catherine.silvant@ubfc.fr\"><br \/>\ncatherine.silvant@ubfc.fr<\/a> \/ 03 63 08 26 80<\/p>\n\t\t\t\t\t\t\t\t<\/div>\n\t\t\t\t<\/div>\n\t\t\t\t\t<\/div>\n\t\t<\/div>\n\t\t\t\t<div class=\"elementor-column elementor-col-33 elementor-top-column elementor-element elementor-element-08cb4c2\" data-id=\"08cb4c2\" data-element_type=\"column\" data-e-type=\"column\">\n\t\t\t<div class=\"elementor-widget-wrap elementor-element-populated\">\n\t\t\t\t\t\t<div class=\"elementor-element elementor-element-3dcef32 elementor-widget elementor-widget-image\" data-id=\"3dcef32\" data-element_type=\"widget\" data-e-type=\"widget\" data-widget_type=\"image.default\">\n\t\t\t\t<div class=\"elementor-widget-container\">\n\t\t\t\t\t\t\t\t\t\t\t\t\t\t\t<img fetchpriority=\"high\" decoding=\"async\" width=\"696\" height=\"281\" src=\"https:\/\/www.ubfc.fr\/wp-content\/uploads\/2018\/10\/polytech.png\" class=\"attachment-large size-large wp-image-17455\" alt=\"\" srcset=\"https:\/\/www.ubfc.fr\/wp-content\/uploads\/2018\/10\/polytech.png 696w, https:\/\/www.ubfc.fr\/wp-content\/uploads\/2018\/10\/polytech-300x121.png 300w\" sizes=\"(max-width: 696px) 100vw, 696px\" \/>\t\t\t\t\t\t\t\t\t\t\t\t\t\t\t<\/div>\n\t\t\t\t<\/div>\n\t\t\t\t\t<\/div>\n\t\t<\/div>\n\t\t\t\t\t<\/div>\n\t\t<\/section>\n\t\t\t\t<section class=\"elementor-section elementor-top-section elementor-element elementor-element-40626a6 elementor-section-boxed elementor-section-height-default elementor-section-height-default\" data-id=\"40626a6\" data-element_type=\"section\" data-e-type=\"section\">\n\t\t\t\t\t\t<div class=\"elementor-container elementor-column-gap-default\">\n\t\t\t\t\t<div class=\"elementor-column elementor-col-66 elementor-top-column elementor-element elementor-element-654c1e7\" data-id=\"654c1e7\" data-element_type=\"column\" data-e-type=\"column\">\n\t\t\t<div class=\"elementor-widget-wrap elementor-element-populated\">\n\t\t\t\t\t\t<div class=\"elementor-element elementor-element-c1112bf elementor-widget elementor-widget-text-editor\" data-id=\"c1112bf\" data-element_type=\"widget\" data-e-type=\"widget\" data-widget_type=\"text-editor.default\">\n\t\t\t\t<div class=\"elementor-widget-container\">\n\t\t\t\t\t\t\t\t\t<p><strong>Laboratories:<\/strong><\/p>\n<ul>\n<li><a href=\"https:\/\/www6.dijon.inrae.fr\/umragroecologie\/Contact\">AgroEcologie &#8211;<\/a>Agroecology Laboratory (UMR 1347)<\/li>\n<li><a href=\"https:\/\/scanr.enseignementsup-recherche.gouv.fr\/entite\/201722460U\">CEREN &#8211;<\/a> Business Research Centre (EA 7477)<\/li>\n<li><a href=\"https:\/\/www2.dijon.inrae.fr\/cesaer\/\">CESAER &#8211;<\/a> Centre of Economy and Sociology Applied to Agriculture and Rural Areas (UMR 1041)<\/li>\n<li><a href=\"https:\/\/crego.u-bourgogne.fr\/\">CREGO<\/a> &#8211; Research Centre for the Management of Organisations (EA 7317)<\/li>\n<li><a href=\"https:\/\/www.isat.fr\/recherche\">DRIVE &#8211;<\/a> Department of Research in Vehicle Engineering for the Environment (EA 1859)<\/li>\n<li><a href=\"https:\/\/www.femto-st.fr\/fr\/L-institut\/Presentation\">FEMTO-ST &#8211;<\/a> Franche-Comt\u00e9 Electronics &#8211; Mechanics &#8211; Heat Science and Optics Institute &#8211; Sciences and Technologies (UMR 6174)<\/li>\n<li><a href=\"https:\/\/icb.u-bourgogne.fr\/\">ICB &#8211;<\/a> CARNOT Interdisciplinary Laboratory of Bourgogne (UMR 6303)<\/li>\n<li><a href=\"http:\/\/labomap.ensam.eu\/\">LaBoMaP &#8211;<\/a> Bourgogne Laboratory of Materials and Processes (EA3633)<\/li>\n<li><a href=\"http:\/\/le2i.cnrs.fr\/\">Le2i &#8211;<\/a> Electronics, Computing and Imaging Laboratory (UMR CNRS 6306)<\/li>\n<li><a href=\"https:\/\/www.u-bourgogne.fr\/organisation\/laboratoires-et-entites-de-recherche\/lipides-nutrition-cancer-lnc.html\">LNC &#8211;<\/a> Lipids, Nutrition, Cancer (UMR INSERM 1231)<\/li>\n<li><a href=\"http:\/\/institutimage.ensam.eu\/\">LISPEN &#8211;<\/a> Laboratory of Physical and Digital System Engineering<\/li>\n<li><a href=\"http:\/\/www.umr-pam.fr\/fr\/\">PAM &#8211;<\/a> Food and Microbiological Processes (UMR PAM)<\/li>\n<\/ul>\n<p><strong>Contacts:<\/strong><\/p>\n<p><a href=\"mailto:vincent.armbruster@univ-fcomte.fr\" target=\"_blank\" rel=\"noopener\">Vincent ARMBRUSTER<\/a><br \/>\nVice-President Polytechnicum<br \/>\nISIFC Director<br \/>\nUniversity of Franche-Comt\u00e9<\/p>\n<p><a href=\"mailto:albert.dipanda@u-bourgogne.fr\">Albert DIPANDA<\/a><br \/>\nESIREM Director<br \/>\nUniversity of Bourgogne<\/p>\n\t\t\t\t\t\t\t\t<\/div>\n\t\t\t\t<\/div>\n\t\t\t\t\t<\/div>\n\t\t<\/div>\n\t\t\t\t<div class=\"elementor-column elementor-col-33 elementor-top-column elementor-element elementor-element-e4964f3\" data-id=\"e4964f3\" data-element_type=\"column\" data-e-type=\"column\">\n\t\t\t<div class=\"elementor-widget-wrap\">\n\t\t\t\t\t\t\t<\/div>\n\t\t<\/div>\n\t\t\t\t\t<\/div>\n\t\t<\/section>\n\t\t\t\t<\/div>\n\t\t","protected":false},"excerpt":{"rendered":"<p>Engineering and management pole Created in 2010, Polytechnicum Bourgogne Franche-Comt\u00e9 was initially under the statute of an association, and then its members wished to pursue their collaboration within the COMUE Universit\u00e9 Bourgogne-Franche-Comt\u00e9. Polytechnicum joined UBFC in 2015. The pole brings out, initiates and federates development projects of its members for the benefit of students. It &hellip; <a href=\"https:\/\/www.ubfc.fr\/en\/research\/thematic-poles\/polytechnicum\/\">Continued<\/a><\/p>\n","protected":false},"author":1,"featured_media":0,"parent":50103,"menu_order":422,"comment_status":"closed","ping_status":"closed","template":"","meta":{"_acf_changed":false,"footnotes":""},"class_list":["post-50840","page","type-page","status-publish","hentry"],"acf":[],"yoast_head":"<!-- This site is optimized with the Yoast SEO plugin v27.3 - https:\/\/yoast.com\/product\/yoast-seo-wordpress\/ -->\n<title>Polytechnicum - COMUE Universit\u00e9 Bourgogne-Franche-Comt\u00e9<\/title>\n<meta name=\"robots\" content=\"index, follow, max-snippet:-1, max-image-preview:large, max-video-preview:-1\" \/>\n<link rel=\"canonical\" href=\"https:\/\/www.ubfc.fr\/en\/research\/thematic-poles\/polytechnicum\/\" \/>\n<meta property=\"og:locale\" content=\"en_US\" \/>\n<meta property=\"og:type\" content=\"article\" \/>\n<meta property=\"og:title\" content=\"Polytechnicum - COMUE Universit\u00e9 Bourgogne-Franche-Comt\u00e9\" \/>\n<meta property=\"og:description\" content=\"Engineering and management pole Created in 2010, Polytechnicum Bourgogne Franche-Comt\u00e9 was initially under the statute of an association, and then its members wished to pursue their collaboration within the COMUE Universit\u00e9 Bourgogne-Franche-Comt\u00e9. Polytechnicum joined UBFC in 2015. The pole brings out, initiates and federates development projects of its members for the benefit of students. It &hellip; Continued\" \/>\n<meta property=\"og:url\" content=\"https:\/\/www.ubfc.fr\/en\/research\/thematic-poles\/polytechnicum\/\" \/>\n<meta property=\"og:site_name\" content=\"COMUE Universit\u00e9 Bourgogne-Franche-Comt\u00e9\" \/>\n<meta property=\"article:publisher\" content=\"https:\/\/www.facebook.com\/UnivBFC\/\" \/>\n<meta property=\"article:modified_time\" content=\"2022-11-22T15:12:53+00:00\" \/>\n<meta property=\"og:image\" content=\"https:\/\/www.ubfc.fr\/wp-content\/uploads\/2018\/10\/polytech.png\" \/>\n<meta name=\"twitter:card\" content=\"summary_large_image\" \/>\n<meta name=\"twitter:site\" content=\"@univ_bfc\" \/>\n<meta name=\"twitter:label1\" content=\"Est. reading time\" \/>\n\t<meta name=\"twitter:data1\" content=\"3 minutes\" \/>\n<script type=\"application\/ld+json\" class=\"yoast-schema-graph\">{\"@context\":\"https:\\\/\\\/schema.org\",\"@graph\":[{\"@type\":\"WebPage\",\"@id\":\"https:\\\/\\\/www.ubfc.fr\\\/en\\\/research\\\/thematic-poles\\\/polytechnicum\\\/\",\"url\":\"https:\\\/\\\/www.ubfc.fr\\\/en\\\/research\\\/thematic-poles\\\/polytechnicum\\\/\",\"name\":\"Polytechnicum - COMUE Universit\u00e9 Bourgogne-Franche-Comt\u00e9\",\"isPartOf\":{\"@id\":\"https:\\\/\\\/www.ubfc.fr\\\/#website\"},\"primaryImageOfPage\":{\"@id\":\"https:\\\/\\\/www.ubfc.fr\\\/en\\\/research\\\/thematic-poles\\\/polytechnicum\\\/#primaryimage\"},\"image\":{\"@id\":\"https:\\\/\\\/www.ubfc.fr\\\/en\\\/research\\\/thematic-poles\\\/polytechnicum\\\/#primaryimage\"},\"thumbnailUrl\":\"https:\\\/\\\/www.ubfc.fr\\\/wp-content\\\/uploads\\\/2018\\\/10\\\/polytech.png\",\"datePublished\":\"2021-01-20T12:58:11+00:00\",\"dateModified\":\"2022-11-22T15:12:53+00:00\",\"breadcrumb\":{\"@id\":\"https:\\\/\\\/www.ubfc.fr\\\/en\\\/research\\\/thematic-poles\\\/polytechnicum\\\/#breadcrumb\"},\"inLanguage\":\"en-US\",\"potentialAction\":[{\"@type\":\"ReadAction\",\"target\":[\"https:\\\/\\\/www.ubfc.fr\\\/en\\\/research\\\/thematic-poles\\\/polytechnicum\\\/\"]}]},{\"@type\":\"ImageObject\",\"inLanguage\":\"en-US\",\"@id\":\"https:\\\/\\\/www.ubfc.fr\\\/en\\\/research\\\/thematic-poles\\\/polytechnicum\\\/#primaryimage\",\"url\":\"https:\\\/\\\/www.ubfc.fr\\\/wp-content\\\/uploads\\\/2018\\\/10\\\/polytech.png\",\"contentUrl\":\"https:\\\/\\\/www.ubfc.fr\\\/wp-content\\\/uploads\\\/2018\\\/10\\\/polytech.png\"},{\"@type\":\"BreadcrumbList\",\"@id\":\"https:\\\/\\\/www.ubfc.fr\\\/en\\\/research\\\/thematic-poles\\\/polytechnicum\\\/#breadcrumb\",\"itemListElement\":[{\"@type\":\"ListItem\",\"position\":1,\"name\":\"Accueil\",\"item\":\"https:\\\/\\\/www.ubfc.fr\\\/en\\\/\"},{\"@type\":\"ListItem\",\"position\":2,\"name\":\"Research\",\"item\":\"https:\\\/\\\/www.ubfc.fr\\\/en\\\/research\\\/\"},{\"@type\":\"ListItem\",\"position\":3,\"name\":\"Thematic poles\",\"item\":\"https:\\\/\\\/www.ubfc.fr\\\/en\\\/research\\\/thematic-poles\\\/\"},{\"@type\":\"ListItem\",\"position\":4,\"name\":\"Polytechnicum\"}]},{\"@type\":\"WebSite\",\"@id\":\"https:\\\/\\\/www.ubfc.fr\\\/#website\",\"url\":\"https:\\\/\\\/www.ubfc.fr\\\/\",\"name\":\"COMUE Universit\u00e9 Bourgogne-Franche-Comt\u00e9\",\"description\":\"\",\"publisher\":{\"@id\":\"https:\\\/\\\/www.ubfc.fr\\\/#organization\"},\"potentialAction\":[{\"@type\":\"SearchAction\",\"target\":{\"@type\":\"EntryPoint\",\"urlTemplate\":\"https:\\\/\\\/www.ubfc.fr\\\/?s={search_term_string}\"},\"query-input\":{\"@type\":\"PropertyValueSpecification\",\"valueRequired\":true,\"valueName\":\"search_term_string\"}}],\"inLanguage\":\"en-US\"},{\"@type\":\"Organization\",\"@id\":\"https:\\\/\\\/www.ubfc.fr\\\/#organization\",\"name\":\"Universit\u00e9 Bourgogne-Franche-Comt\u00e9\",\"url\":\"https:\\\/\\\/www.ubfc.fr\\\/\",\"logo\":{\"@type\":\"ImageObject\",\"inLanguage\":\"en-US\",\"@id\":\"https:\\\/\\\/www.ubfc.fr\\\/#\\\/schema\\\/logo\\\/image\\\/\",\"url\":\"https:\\\/\\\/www.ubfc.fr\\\/wp-content\\\/uploads\\\/2022\\\/03\\\/vagueUBFC_favicon.png\",\"contentUrl\":\"https:\\\/\\\/www.ubfc.fr\\\/wp-content\\\/uploads\\\/2022\\\/03\\\/vagueUBFC_favicon.png\",\"width\":512,\"height\":512,\"caption\":\"Universit\u00e9 Bourgogne-Franche-Comt\u00e9\"},\"image\":{\"@id\":\"https:\\\/\\\/www.ubfc.fr\\\/#\\\/schema\\\/logo\\\/image\\\/\"},\"sameAs\":[\"https:\\\/\\\/www.facebook.com\\\/UnivBFC\\\/\",\"https:\\\/\\\/x.com\\\/univ_bfc\",\"https:\\\/\\\/www.linkedin.com\\\/school\\\/universitebourgognefranchecomte\\\/mycompany\\\/\"]}]}<\/script>\n<!-- \/ Yoast SEO plugin. -->","yoast_head_json":{"title":"Polytechnicum - COMUE Universit\u00e9 Bourgogne-Franche-Comt\u00e9","robots":{"index":"index","follow":"follow","max-snippet":"max-snippet:-1","max-image-preview":"max-image-preview:large","max-video-preview":"max-video-preview:-1"},"canonical":"https:\/\/www.ubfc.fr\/en\/research\/thematic-poles\/polytechnicum\/","og_locale":"en_US","og_type":"article","og_title":"Polytechnicum - COMUE Universit\u00e9 Bourgogne-Franche-Comt\u00e9","og_description":"Engineering and management pole Created in 2010, Polytechnicum Bourgogne Franche-Comt\u00e9 was initially under the statute of an association, and then its members wished to pursue their collaboration within the COMUE Universit\u00e9 Bourgogne-Franche-Comt\u00e9. Polytechnicum joined UBFC in 2015. The pole brings out, initiates and federates development projects of its members for the benefit of students. It &hellip; Continued","og_url":"https:\/\/www.ubfc.fr\/en\/research\/thematic-poles\/polytechnicum\/","og_site_name":"COMUE Universit\u00e9 Bourgogne-Franche-Comt\u00e9","article_publisher":"https:\/\/www.facebook.com\/UnivBFC\/","article_modified_time":"2022-11-22T15:12:53+00:00","og_image":[{"url":"https:\/\/www.ubfc.fr\/wp-content\/uploads\/2018\/10\/polytech.png","type":"","width":"","height":""}],"twitter_card":"summary_large_image","twitter_site":"@univ_bfc","twitter_misc":{"Est. reading time":"3 minutes"},"schema":{"@context":"https:\/\/schema.org","@graph":[{"@type":"WebPage","@id":"https:\/\/www.ubfc.fr\/en\/research\/thematic-poles\/polytechnicum\/","url":"https:\/\/www.ubfc.fr\/en\/research\/thematic-poles\/polytechnicum\/","name":"Polytechnicum - COMUE Universit\u00e9 Bourgogne-Franche-Comt\u00e9","isPartOf":{"@id":"https:\/\/www.ubfc.fr\/#website"},"primaryImageOfPage":{"@id":"https:\/\/www.ubfc.fr\/en\/research\/thematic-poles\/polytechnicum\/#primaryimage"},"image":{"@id":"https:\/\/www.ubfc.fr\/en\/research\/thematic-poles\/polytechnicum\/#primaryimage"},"thumbnailUrl":"https:\/\/www.ubfc.fr\/wp-content\/uploads\/2018\/10\/polytech.png","datePublished":"2021-01-20T12:58:11+00:00","dateModified":"2022-11-22T15:12:53+00:00","breadcrumb":{"@id":"https:\/\/www.ubfc.fr\/en\/research\/thematic-poles\/polytechnicum\/#breadcrumb"},"inLanguage":"en-US","potentialAction":[{"@type":"ReadAction","target":["https:\/\/www.ubfc.fr\/en\/research\/thematic-poles\/polytechnicum\/"]}]},{"@type":"ImageObject","inLanguage":"en-US","@id":"https:\/\/www.ubfc.fr\/en\/research\/thematic-poles\/polytechnicum\/#primaryimage","url":"https:\/\/www.ubfc.fr\/wp-content\/uploads\/2018\/10\/polytech.png","contentUrl":"https:\/\/www.ubfc.fr\/wp-content\/uploads\/2018\/10\/polytech.png"},{"@type":"BreadcrumbList","@id":"https:\/\/www.ubfc.fr\/en\/research\/thematic-poles\/polytechnicum\/#breadcrumb","itemListElement":[{"@type":"ListItem","position":1,"name":"Accueil","item":"https:\/\/www.ubfc.fr\/en\/"},{"@type":"ListItem","position":2,"name":"Research","item":"https:\/\/www.ubfc.fr\/en\/research\/"},{"@type":"ListItem","position":3,"name":"Thematic poles","item":"https:\/\/www.ubfc.fr\/en\/research\/thematic-poles\/"},{"@type":"ListItem","position":4,"name":"Polytechnicum"}]},{"@type":"WebSite","@id":"https:\/\/www.ubfc.fr\/#website","url":"https:\/\/www.ubfc.fr\/","name":"COMUE Universit\u00e9 Bourgogne-Franche-Comt\u00e9","description":"","publisher":{"@id":"https:\/\/www.ubfc.fr\/#organization"},"potentialAction":[{"@type":"SearchAction","target":{"@type":"EntryPoint","urlTemplate":"https:\/\/www.ubfc.fr\/?s={search_term_string}"},"query-input":{"@type":"PropertyValueSpecification","valueRequired":true,"valueName":"search_term_string"}}],"inLanguage":"en-US"},{"@type":"Organization","@id":"https:\/\/www.ubfc.fr\/#organization","name":"Universit\u00e9 Bourgogne-Franche-Comt\u00e9","url":"https:\/\/www.ubfc.fr\/","logo":{"@type":"ImageObject","inLanguage":"en-US","@id":"https:\/\/www.ubfc.fr\/#\/schema\/logo\/image\/","url":"https:\/\/www.ubfc.fr\/wp-content\/uploads\/2022\/03\/vagueUBFC_favicon.png","contentUrl":"https:\/\/www.ubfc.fr\/wp-content\/uploads\/2022\/03\/vagueUBFC_favicon.png","width":512,"height":512,"caption":"Universit\u00e9 Bourgogne-Franche-Comt\u00e9"},"image":{"@id":"https:\/\/www.ubfc.fr\/#\/schema\/logo\/image\/"},"sameAs":["https:\/\/www.facebook.com\/UnivBFC\/","https:\/\/x.com\/univ_bfc","https:\/\/www.linkedin.com\/school\/universitebourgognefranchecomte\/mycompany\/"]}]}},"_links":{"self":[{"href":"https:\/\/www.ubfc.fr\/en\/wp-json\/wp\/v2\/pages\/50840","targetHints":{"allow":["GET"]}}],"collection":[{"href":"https:\/\/www.ubfc.fr\/en\/wp-json\/wp\/v2\/pages"}],"about":[{"href":"https:\/\/www.ubfc.fr\/en\/wp-json\/wp\/v2\/types\/page"}],"author":[{"embeddable":true,"href":"https:\/\/www.ubfc.fr\/en\/wp-json\/wp\/v2\/users\/1"}],"replies":[{"embeddable":true,"href":"https:\/\/www.ubfc.fr\/en\/wp-json\/wp\/v2\/comments?post=50840"}],"version-history":[{"count":0,"href":"https:\/\/www.ubfc.fr\/en\/wp-json\/wp\/v2\/pages\/50840\/revisions"}],"up":[{"embeddable":true,"href":"https:\/\/www.ubfc.fr\/en\/wp-json\/wp\/v2\/pages\/50103"}],"wp:attachment":[{"href":"https:\/\/www.ubfc.fr\/en\/wp-json\/wp\/v2\/media?parent=50840"}],"curies":[{"name":"wp","href":"https:\/\/api.w.org\/{rel}","templated":true}]}}