{"id":50133,"date":"2021-01-12T17:13:15","date_gmt":"2021-01-12T16:13:15","guid":{"rendered":"https:\/\/www.ubfc.fr\/prizes-and-honours\/"},"modified":"2022-05-13T13:58:10","modified_gmt":"2022-05-13T11:58:10","slug":"prizes-and-honours","status":"publish","type":"page","link":"https:\/\/www.ubfc.fr\/en\/research\/productions\/prizes-and-honours\/","title":{"rendered":"Prizes and honours"},"content":{"rendered":"\t\t<div data-elementor-type=\"wp-page\" data-elementor-id=\"50133\" class=\"elementor elementor-50133 elementor-44133\" data-elementor-post-type=\"page\">\n\t\t\t\t\t\t<section class=\"elementor-section elementor-top-section elementor-element elementor-element-7777e44 elementor-section-boxed elementor-section-height-default elementor-section-height-default\" data-id=\"7777e44\" data-element_type=\"section\" data-e-type=\"section\">\n\t\t\t\t\t\t<div class=\"elementor-container elementor-column-gap-default\">\n\t\t\t\t\t<div class=\"elementor-column elementor-col-100 elementor-top-column elementor-element elementor-element-8bb7c59\" data-id=\"8bb7c59\" data-element_type=\"column\" data-e-type=\"column\">\n\t\t\t<div class=\"elementor-widget-wrap elementor-element-populated\">\n\t\t\t\t\t\t<div class=\"elementor-element elementor-element-f12ca9d elementor-widget elementor-widget-toggle\" data-id=\"f12ca9d\" data-element_type=\"widget\" data-e-type=\"widget\" data-widget_type=\"toggle.default\">\n\t\t\t\t<div class=\"elementor-widget-container\">\n\t\t\t\t\t\t\t<div class=\"elementor-toggle\">\n\t\t\t\t\t\t\t<div class=\"elementor-toggle-item\">\n\t\t\t\t\t<div id=\"elementor-tab-title-2521\" class=\"elementor-tab-title\" data-tab=\"1\" role=\"button\" aria-controls=\"elementor-tab-content-2521\" aria-expanded=\"false\">\n\t\t\t\t\t\t\t\t\t\t\t\t<span class=\"elementor-toggle-icon elementor-toggle-icon-left\" aria-hidden=\"true\">\n\t\t\t\t\t\t\t\t\t\t\t\t\t\t\t<span class=\"elementor-toggle-icon-closed\"><i class=\"fas fa-caret-right\"><\/i><\/span>\n\t\t\t\t\t\t\t\t<span class=\"elementor-toggle-icon-opened\"><i class=\"elementor-toggle-icon-opened fas fa-caret-up\"><\/i><\/span>\n\t\t\t\t\t\t\t\t\t\t\t\t\t<\/span>\n\t\t\t\t\t\t\t\t\t\t\t\t<a class=\"elementor-toggle-title\" tabindex=\"0\">European Research Council<\/a>\n\t\t\t\t\t<\/div>\n\n\t\t\t\t\t<div id=\"elementor-tab-content-2521\" class=\"elementor-tab-content elementor-clearfix\" data-tab=\"1\" role=\"region\" aria-labelledby=\"elementor-tab-title-2521\"><p>The <em>European Research Council<\/em> (ERC) encourages excellence in research in Europe. It supports exploratory research in all disciplinary fields through competitive funding.<\/p>\n<p><a href=\"https:\/\/erc.europa.eu\/\">More information here<\/a><\/p>\n<p>UBFC laureates:<\/p>\n<ul>\n<li><strong><a href=\"https:\/\/www.femto-st.fr\/fr\/personnel-femto\/francoiscourvoisier\">Fran\u00e7ois Courvoisier<\/a> <\/strong><span style=\"color: #aaaaaa;\">&#8211; FEMTO-ST (CNRS, UFC, ENSMM, UTBM)<\/span>: <a href=\"https:\/\/erc.europa.eu\/funding\/consolidator-grants\">ERC Consolidator<\/a> (2015)<\/li>\n<li><strong><a href=\"http:\/\/cvscience.aviesan.fr\/cv\/1405\/lionel-apetoh\">Lionel Apetoh<\/a><\/strong> <span style=\"color: #aaaaaa;\">&#8211; Lipids, Nutrition, Cancer (UMR1231 &#8211; INSERM, uB, Agrosup Dijon)<\/span>: <a href=\"https:\/\/erc.europa.eu\/funding\/starting-grants\">Starting grant<\/a> (2015)<\/li>\n<li><strong><a href=\"https:\/\/www.femto-st.fr\/fr\/personnel-femto\/sarahbenchabane\">Sarah Benchabane<\/a><\/strong> <span style=\"color: #aaaaaa;\">&#8211; FEMTO-ST (CNRS, UFC, ENSMM, UTBM)<\/span>: <a href=\"https:\/\/erc.europa.eu\/funding\/consolidator-grants\">ERC Consolidator<\/a> (2019)<\/li>\n<\/ul>\n<\/div>\n\t\t\t\t<\/div>\n\t\t\t\t\t\t\t<div class=\"elementor-toggle-item\">\n\t\t\t\t\t<div id=\"elementor-tab-title-2522\" class=\"elementor-tab-title\" data-tab=\"2\" role=\"button\" aria-controls=\"elementor-tab-content-2522\" aria-expanded=\"false\">\n\t\t\t\t\t\t\t\t\t\t\t\t<span class=\"elementor-toggle-icon elementor-toggle-icon-left\" aria-hidden=\"true\">\n\t\t\t\t\t\t\t\t\t\t\t\t\t\t\t<span class=\"elementor-toggle-icon-closed\"><i class=\"fas fa-caret-right\"><\/i><\/span>\n\t\t\t\t\t\t\t\t<span class=\"elementor-toggle-icon-opened\"><i class=\"elementor-toggle-icon-opened fas fa-caret-up\"><\/i><\/span>\n\t\t\t\t\t\t\t\t\t\t\t\t\t<\/span>\n\t\t\t\t\t\t\t\t\t\t\t\t<a class=\"elementor-toggle-title\" tabindex=\"0\">Institut Universitaire de France<\/a>\n\t\t\t\t\t<\/div>\n\n\t\t\t\t\t<div id=\"elementor-tab-content-2522\" class=\"elementor-tab-content elementor-clearfix\" data-tab=\"2\" role=\"region\" aria-labelledby=\"elementor-tab-title-2522\"><p>The <em>Institut universitaire de France<\/em> favours the development of top-level research in universities and reinforces interdisciplinarity through the following actions:<\/p>\n<ul>\n<li>it encourages institutions and lecturers-researchers to seek and follow the path of excellence in research<\/li>\n<li>it contributes to increase the numbers of female researchers<\/li>\n<li>it contributes to a balanced distribution of university research at the national scale (through a policy aimed at creating a scientific network across the whole territory).<\/li>\n<\/ul>\n<p><a href=\"http:\/\/www.iufrance.fr\/\">More information here<\/a><\/p>\n<p>&nbsp;<\/p>\n<p>UBFC laureates:<\/p>\n<ul>\n<li><strong><a href=\"http:\/\/tristan.u-bourgogne.fr\/CGC\/chercheurs\/Jarrige\/Francois_Jarrige.html\">Fran\u00e7ois Jarrige<\/a><\/strong> <span style=\"color: #aaaaaa;\">&#8211; Laboratoire Interdisciplinaire de Recherche Soci\u00e9t\u00e9, Sensibilit\u00e9, Soins (UMR7366 &#8211; CNRS, uB)<\/span>: <a href=\"http:\/\/www.iufrance.fr\/les-membres-de-liuf\/membre\/1681-francois-jarrige.html\">IUF Junior<\/a> (2016)<\/li>\n<li><strong><a href=\"https:\/\/sites.google.com\/site\/frmaquestiaux\/\">Fran\u00e7ois Maquestiaux<\/a> <\/strong><span style=\"color: #aaaaaa;\">&#8211; Laboratoire de Psychologie (EA3188 &#8211; UFC)<\/span>: <a href=\"http:\/\/www.iufrance.fr\/les-membres-de-liuf\/membre\/1683-francois-maquestiaux.html\">IUF Junior<\/a> (2016)<\/li>\n<li><strong><a href=\"https:\/\/icb.u-bourgogne.fr\/equipe\/christophe-finot\/\">Christophe Finot<\/a><\/strong> <span style=\"color: #aaaaaa;\">&#8211; Laboratoire Interdisciplinaire Carnot de Bourgogne (UMR6303 &#8211; CNRS, uB, UTBM)<\/span>: <a href=\"http:\/\/www.iufrance.fr\/les-membres-de-liuf\/membre\/1760-christophe-finot.html\">IUF Junior<\/a> (2017)<\/li>\n<li><strong><a href=\"http:\/\/tristan.u-bourgogne.fr\/CGC\/chercheurs\/Baby\/Sophie_Baby.html\">Sophie Baby<\/a> <\/strong><span style=\"color: #aaaaaa;\">&#8211; Laboratoire Interdisciplinaire de Recherche Soci\u00e9t\u00e9, Sensibilit\u00e9, Soins (UMR7366 &#8211; CNRS, uB)<\/span>: <a href=\"http:\/\/www.iufrance.fr\/les-membres-de-liuf\/membre\/1812-sophie-baby.html\">IUF Junior<\/a> (2017)<\/li>\n<li><a href=\"http:\/\/www.guymillot.sitew.com\/\"><strong>Guy Millot<\/strong><\/a> <span style=\"color: #aaaaaa;\">&#8211; Laboratoire Interdisciplinaire Carnot de Bourgogne (UMR6303 &#8211; CNRS, uB, UTBM)<\/span>: <a href=\"http:\/\/www.iufrance.fr\/les-membres-de-liuf\/membre\/589-guy-millot.html\">IUF Senior<\/a> (2019)<\/li>\n<li><strong><a href=\"https:\/\/christhomazo.wordpress.com\/about\/brief-bibliography\/\">Christophe Thomazo<\/a><\/strong> <span style=\"color: #aaaaaa;\">&#8211; Laboratoire Biog\u00e9osciences (UMR6282 &#8211; CNRS, uB, EPHE)<\/span>: <a href=\"http:\/\/www.iufrance.fr\/les-membres-de-liuf\/membre\/2070-christophe-thomazo.html\">IUF Junior<\/a> (2020)<\/li>\n<\/ul>\n<\/div>\n\t\t\t\t<\/div>\n\t\t\t\t\t\t\t<div class=\"elementor-toggle-item\">\n\t\t\t\t\t<div id=\"elementor-tab-title-2523\" class=\"elementor-tab-title\" data-tab=\"3\" role=\"button\" aria-controls=\"elementor-tab-content-2523\" aria-expanded=\"false\">\n\t\t\t\t\t\t\t\t\t\t\t\t<span class=\"elementor-toggle-icon elementor-toggle-icon-left\" aria-hidden=\"true\">\n\t\t\t\t\t\t\t\t\t\t\t\t\t\t\t<span class=\"elementor-toggle-icon-closed\"><i class=\"fas fa-caret-right\"><\/i><\/span>\n\t\t\t\t\t\t\t\t<span class=\"elementor-toggle-icon-opened\"><i class=\"elementor-toggle-icon-opened fas fa-caret-up\"><\/i><\/span>\n\t\t\t\t\t\t\t\t\t\t\t\t\t<\/span>\n\t\t\t\t\t\t\t\t\t\t\t\t<a class=\"elementor-toggle-title\" tabindex=\"0\">Other prizes and honours   <\/a>\n\t\t\t\t\t<\/div>\n\n\t\t\t\t\t<div id=\"elementor-tab-content-2523\" class=\"elementor-tab-content elementor-clearfix\" data-tab=\"3\" role=\"region\" aria-labelledby=\"elementor-tab-title-2523\"><ul>\n<li><strong><a href=\"https:\/\/icb.u-bourgogne.fr\/equipe\/alain-dereux\/\">Alain Dereux<\/a><\/strong> <span style=\"color: #aaaaaa;\">&#8211; Laboratoire Interdisciplinaire Carnot de Bourgogne (UMR6303 &#8211; CNRS, uB, UTBM)<\/span>: <a href=\"https:\/\/www.cnrs.fr\/fr\/personne\/alain-dereux\">CNRS Silver Medal<\/a> (2015)<\/li>\n<li><strong><a href=\"https:\/\/www.femto-st.fr\/fr\/personnel-femto\/nicolasandreff\">Nicolas Andreff<\/a><\/strong> <span style=\"color: #aaaaaa;\">&#8211; FEMTO-ST (CNRS, UFC, ENSMM, UTBM)<\/span> :\u00a0Top scientific prize, Charles Defforey Foundation \u2013 <a href=\"https:\/\/www.institutdefrance.fr\/a-propos\/\">Institut de France<\/a> (2018)<\/li>\n<li><strong><span style=\"color: #32acc4;\">Olivier Lalouette<\/span><\/strong> <span style=\"color: #aaaaaa;\">&#8211; Centre des Sciences du Go\u00fbt et de l&#8217;Alimentation (UMR6265-1324 &#8211; Agrosup Dijon, CNRS, uB, INRAE)<\/span>: <a href=\"https:\/\/www.inrae.fr\/actualites\/lauriers-linra-2019\">INRA laureate<\/a> (2019)<\/li>\n<li><strong><a href=\"https:\/\/www.femto-st.fr\/fr\/personnel-femto\/audebolopion\">Aude Bolopion<\/a><\/strong> <span style=\"color: #aaaaaa;\">&#8211; FEMTO-ST (CNRS, UFC, ENSMM, UTBM)<\/span>: <a href=\"https:\/\/www.cnrs.fr\/fr\/personne\/aude-bolopion\">CNRS Bronze Medal<\/a> (2019)<\/li>\n<li><strong><a href=\"https:\/\/www.femto-st.fr\/fr\/personnel-femto\/nadiasteiner\">Nadia Yousfi Steiner<\/a><\/strong> <span style=\"color: #aaaaaa;\">&#8211; FEMTO-ST (CNRS, UFC, ENSMM, UTBM)<\/span>: <a href=\"https:\/\/www.cnrs.fr\/fr\/personne\/nadia-yousfi-steiner\">CNRS Bronze Medal<\/a> (2019)<\/li>\n<li><strong><a href=\"https:\/\/www.femto-st.fr\/fr\/personnel-femto\/danielhissel\">Daniel Hissel<\/a><\/strong> <span style=\"color: #aaaaaa;\">&#8211; FEMTO-ST (CNRS, UFC, ENSMM, UTBM)<\/span>: <a href=\"https:\/\/www.cnrs.fr\/index.php\/fr\/personne\/daniel-hissel\">CNRS Innovation Medal<\/a> (2020)<\/li>\n<li><strong><a href=\"bertrand.kibler@u-bourgogne.fr\">Bertrand Kibler<\/a><\/strong> <span style=\"color: #aaaaaa;\">&#8211; Laboratoire Interdisciplinaire Carnot de Bourgogne (UMR6303 &#8211; CNRS, uB, UTBM)<\/span> : <a href=\"https:\/\/www.sfoptique.org\/pages\/prix-sfo\/le-prix-fabry-de-gramont.html\">Fabry &#8211; de Gramont Prize<\/a> from the <a href=\"https:\/\/www.sfoptique.org\/\">French Optical Society<\/a> (2020)<\/li>\n<li><a href=\"https:\/\/www6.dijon.inrae.fr\/umragroecologie\/Poles-de-Recherches\/Biologie-et-fonctions-ecosystemiques-des-sols\/FICHES-PERSO\/LEMANCEAU-Philippe\"><strong>Philippe Lemanceau<\/strong><\/a> <span style=\"color: #aaaaaa;\">&#8211;<\/span> <span style=\"color: #aaaaaa;\">Laboratoire Agro\u00e9cologie (UMR1347 &#8211; CNRS, uB, AgroSup Dijon)<\/span> : <a href=\"https:\/\/www.inrae.fr\/actualites\/philippe-lemanceau\">INRAE laureate &#8211; Great Prize of the Agronomic Research<\/a> (2020)<\/li>\n<li><a href=\"https:\/\/www2.dijon.inrae.fr\/csga\/site_fr\/equipe_1.php\"><strong>Charlotte Sinding<\/strong><\/a> <span style=\"color: #aaaaaa;\">&#8211;<\/span> <span style=\"color: #aaaaaa;\">Centre des Sciences du Go\u00fbt et de l&#8217;Alimentation (UMR6265-1324 &#8211; Agrosup Dijon, CNRS, uB, INRAE)<\/span> : <a href=\"https:\/\/www.inrae.fr\/actualites\/charlotte-sinding\">INRAE laureate &#8211; Scientific Hope Prize<\/a> (2020)<\/li>\n<li><a href=\"http:\/\/annuaire.inra.fr\/afficherPersonne.action;jsessionid=7F58AEEE6BCC2CCAAC11B369A42CBB19?req=82bruXHyGf5K4ZdYXkHcug3%2FJH%2Bx829XdFYhVUAK9Hc%3D\"><strong>Dominique Cheneby<\/strong><\/a> (prevention adviser) <span style=\"color: #aaaaaa;\">&#8211;<\/span> <span style=\"color: #aaaaaa;\">INRAE BFC<\/span> : <a href=\"https:\/\/www.inrae.fr\/actualites\/dominique-cheneby\">INRAE laureate &#8211; Research support Prize<\/a> (2020)<\/li>\n<li><a href=\"https:\/\/www.femto-st.fr\/fr\/personnel-femto\/laurentlarger\"><strong>Laurent Larger<\/strong><\/a> &#8211; <span style=\"color: #aaaaaa;\">FEMTO-ST (CNRS, UFC, ENSMM, UTBM)<\/span> : <a href=\"\/?p=49484\"><em>Fellow<\/em><\/a> <a href=\"https:\/\/www.ieee.org\/\">IEEE<\/a> &amp; <a href=\"\/?p=47398\"><em>Fellow<\/em><\/a> <a href=\"https:\/\/www.osa.org\/en-us\/about_osa\/newsroom\/news_releases\/2020\/the_optical_society_announces_2021_fellows_class\/\">OSA<\/a> (2020-2021)<\/li>\n<li><a href=\"https:\/\/cimeos.u-bourgogne.fr\/membres\/enseignants-chercheurs\/3-equipes\/enseignants-chercheurs\/106-francoise-salvadori.html\"><strong>Fran\u00e7oise Salvadori<\/strong><\/a> &#8211; <span style=\"color: #aaaaaa;\">CIMEOS (EA4177)<\/span> : <a href=\"https:\/\/www.academie-sciences.fr\/fr\/Laureats\/laureats-2020-prix-academie-des-sciences.html\">Villemot Prize of the Sciences Accademy<\/a> (2020)<\/li>\n<li><strong><a href=\"http:\/\/tristan.u-bourgogne.fr\/CGC\/chercheurs\/vignaud\/LH_Vignaud.html\">Laurent-Henri Vignaud <\/a><\/strong>&#8211; <span style=\"color: #aaaaaa;\">LIR3S (UMR 7366)<\/span> : <a href=\"https:\/\/www.academie-sciences.fr\/fr\/Laureats\/laureats-2020-prix-academie-des-sciences.html\">Villemot Prize of the Sciences Accademy<\/a> (2020)<\/li>\n<li><a href=\"http:\/\/inserm-u1231.u-bourgogne.fr\/07-2-comp.php\"><span style=\"color: #32acc4;\"><strong>Naim Khan<\/strong><\/span><\/a><span style=\"color: #32acc4;\"><span style=\"color: #aaaaaa;\"><span style=\"color: #000000;\"> &#8211;<\/span> Lipids, Nutrition, Cancer (UMR1231 &#8211; uB, AgroSup Dijon Inserm) :\u00a0<\/span> <a href=\"https:\/\/www.u-bourgogne.fr\/actualites\/naim-khan-recoit-le-prix-alimentation-nutrition-de-lacademie-de-medecine.html\">\u00ab Alimentation Nutrition \u00bb<\/a> Prize of the <a href=\"https:\/\/www.academie-medecine.fr\/\">Medecine Accademy<\/a> <span style=\"color: #000000;\">(2020)<\/span><\/span><\/li>\n<li><span style=\"color: #32acc4;\"><strong>Battle Karimi<\/strong><\/span> <span style=\"color: #aaaaaa;\">&#8211; Laboratoire Agro\u00e9cologie (UMR1347 &#8211; CNRS, uB, AgroSup Dijon)<\/span> : <a href=\"https:\/\/www.fondationbiodiversite.fr\/la-frb-en-action\/soutien-aux-jeunes-chercheurs\/prix-jeunes-chercheurs\/la-biodiversite-microbienne-des-sols%E2%80%AF\/\">Young Researcher Award of the Foundation for Research for Biodiversity<\/a> (2020)<\/li>\n<li><span style=\"color: #32acc4;\"><strong>Emmanuelle Venin<\/strong><\/span> &#8211; Laboratoire Biog\u00e9osciences (UMR6282 &#8211; CNRS, uB, EPHE) : <a href=\"https:\/\/biogeosciences.u-bourgogne.fr\/francais\/actualites\/prix-johannes-walther-pour-emmanuelle-vennin.html\">Prix Johannes Walther Prize<\/a> of the <a href=\"https:\/\/www.sedimentologists.org\/\">International Association of Sedimentologists (IAS)<\/a><\/li>\n<li><span style=\"color: #32acc4;\"><strong>Herv\u00e9 Alexandre<\/strong><\/span> &#8211; <span style=\"color: #aaaaaa;\">Proc\u00e9d\u00e9s Alimentaires et Microbiologiques (UMR A 02 102)<\/span> : <a href=\"https:\/\/www.infowine.com\/en\/video\/bio-protection_in_oenology_a_real_alternative_to_sulphiteswhy_sc_19008.htm\">Enoforum Award<\/a> (2020)<\/li>\n<li><span style=\"color: #32acc4;\"><strong>Edmond Dziembowski<\/strong><\/span> &#8211; <span style=\"color: #aaaaaa;\">Centre Lucien Fevbre (EA2273)<\/span> :\u00a0 <a href=\"http:\/\/www.chateauversailles.fr\/prix-livre-histoire\">Versailles Castle History Book Prize<\/a> (2020)<\/li>\n<li><span style=\"color: #32acc4;\"><strong>Sylvana Deugoue Ngueukam<\/strong><\/span> : <a href=\"https:\/\/actu.univ-fcomte.fr\/article\/sylvana-deugoue-ngueukam-young-woman-energy-transition-008230#.YABRkODjJmO\">&#8220;Women energy in transition&#8221;<\/a> <a href=\"https:\/\/actu.univ-fcomte.fr\/article\/sylvana-deugoue-ngueukam-young-woman-energy-transition-008230#.YABRkODjJmO\">Dalkia Prize<\/a> (2020)<\/li>\n<\/ul>\n<\/div>\n\t\t\t\t<\/div>\n\t\t\t\t\t\t\t\t<\/div>\n\t\t\t\t\t\t<\/div>\n\t\t\t\t<\/div>\n\t\t\t\t\t<\/div>\n\t\t<\/div>\n\t\t\t\t\t<\/div>\n\t\t<\/section>\n\t\t\t\t<\/div>\n\t\t","protected":false},"excerpt":{"rendered":"<p>European Research Council The European Research Council (ERC) encourages excellence in research in Europe. It supports exploratory research in all disciplinary fields through competitive funding. More information here UBFC laureates: Fran\u00e7ois Courvoisier &#8211; FEMTO-ST (CNRS, UFC, ENSMM, UTBM): ERC Consolidator (2015) Lionel Apetoh &#8211; Lipids, Nutrition, Cancer (UMR1231 &#8211; INSERM, uB, Agrosup Dijon): Starting grant &hellip; <a href=\"https:\/\/www.ubfc.fr\/en\/research\/productions\/prizes-and-honours\/\">Continued<\/a><\/p>\n","protected":false},"author":18,"featured_media":0,"parent":50140,"menu_order":189,"comment_status":"closed","ping_status":"closed","template":"","meta":{"_acf_changed":false,"footnotes":""},"class_list":["post-50133","page","type-page","status-publish","hentry"],"acf":[],"yoast_head":"<!-- This site is optimized with the Yoast SEO plugin v27.4 - https:\/\/yoast.com\/product\/yoast-seo-wordpress\/ -->\n<title>Prizes and honours - COMUE Universit\u00e9 Bourgogne-Franche-Comt\u00e9<\/title>\n<meta name=\"robots\" content=\"index, follow, max-snippet:-1, max-image-preview:large, max-video-preview:-1\" \/>\n<link rel=\"canonical\" href=\"https:\/\/www.ubfc.fr\/en\/research\/productions\/prizes-and-honours\/\" \/>\n<meta property=\"og:locale\" content=\"en_US\" \/>\n<meta property=\"og:type\" content=\"article\" \/>\n<meta property=\"og:title\" content=\"Prizes and honours - COMUE Universit\u00e9 Bourgogne-Franche-Comt\u00e9\" \/>\n<meta property=\"og:description\" content=\"European Research Council The European Research Council (ERC) encourages excellence in research in Europe. It supports exploratory research in all disciplinary fields through competitive funding. More information here UBFC laureates: Fran\u00e7ois Courvoisier &#8211; FEMTO-ST (CNRS, UFC, ENSMM, UTBM): ERC Consolidator (2015) Lionel Apetoh &#8211; Lipids, Nutrition, Cancer (UMR1231 &#8211; INSERM, uB, Agrosup Dijon): Starting grant &hellip; Continued\" \/>\n<meta property=\"og:url\" content=\"https:\/\/www.ubfc.fr\/en\/research\/productions\/prizes-and-honours\/\" \/>\n<meta property=\"og:site_name\" content=\"COMUE Universit\u00e9 Bourgogne-Franche-Comt\u00e9\" \/>\n<meta property=\"article:publisher\" content=\"https:\/\/www.facebook.com\/UnivBFC\/\" \/>\n<meta property=\"article:modified_time\" content=\"2022-05-13T11:58:10+00:00\" \/>\n<meta name=\"twitter:card\" content=\"summary_large_image\" \/>\n<meta name=\"twitter:site\" content=\"@univ_bfc\" \/>\n<meta name=\"twitter:label1\" content=\"Est. reading time\" \/>\n\t<meta name=\"twitter:data1\" content=\"3 minutes\" \/>\n<script type=\"application\/ld+json\" class=\"yoast-schema-graph\">{\"@context\":\"https:\\\/\\\/schema.org\",\"@graph\":[{\"@type\":\"WebPage\",\"@id\":\"https:\\\/\\\/www.ubfc.fr\\\/en\\\/research\\\/productions\\\/prizes-and-honours\\\/\",\"url\":\"https:\\\/\\\/www.ubfc.fr\\\/en\\\/research\\\/productions\\\/prizes-and-honours\\\/\",\"name\":\"Prizes and honours - COMUE Universit\u00e9 Bourgogne-Franche-Comt\u00e9\",\"isPartOf\":{\"@id\":\"https:\\\/\\\/www.ubfc.fr\\\/#website\"},\"datePublished\":\"2021-01-12T16:13:15+00:00\",\"dateModified\":\"2022-05-13T11:58:10+00:00\",\"breadcrumb\":{\"@id\":\"https:\\\/\\\/www.ubfc.fr\\\/en\\\/research\\\/productions\\\/prizes-and-honours\\\/#breadcrumb\"},\"inLanguage\":\"en-US\",\"potentialAction\":[{\"@type\":\"ReadAction\",\"target\":[\"https:\\\/\\\/www.ubfc.fr\\\/en\\\/research\\\/productions\\\/prizes-and-honours\\\/\"]}]},{\"@type\":\"BreadcrumbList\",\"@id\":\"https:\\\/\\\/www.ubfc.fr\\\/en\\\/research\\\/productions\\\/prizes-and-honours\\\/#breadcrumb\",\"itemListElement\":[{\"@type\":\"ListItem\",\"position\":1,\"name\":\"Accueil\",\"item\":\"https:\\\/\\\/www.ubfc.fr\\\/en\\\/\"},{\"@type\":\"ListItem\",\"position\":2,\"name\":\"Research\",\"item\":\"https:\\\/\\\/www.ubfc.fr\\\/en\\\/research\\\/\"},{\"@type\":\"ListItem\",\"position\":3,\"name\":\"Productions\",\"item\":\"https:\\\/\\\/www.ubfc.fr\\\/en\\\/research\\\/productions\\\/\"},{\"@type\":\"ListItem\",\"position\":4,\"name\":\"Prizes and honours\"}]},{\"@type\":\"WebSite\",\"@id\":\"https:\\\/\\\/www.ubfc.fr\\\/#website\",\"url\":\"https:\\\/\\\/www.ubfc.fr\\\/\",\"name\":\"COMUE Universit\u00e9 Bourgogne-Franche-Comt\u00e9\",\"description\":\"\",\"publisher\":{\"@id\":\"https:\\\/\\\/www.ubfc.fr\\\/#organization\"},\"potentialAction\":[{\"@type\":\"SearchAction\",\"target\":{\"@type\":\"EntryPoint\",\"urlTemplate\":\"https:\\\/\\\/www.ubfc.fr\\\/?s={search_term_string}\"},\"query-input\":{\"@type\":\"PropertyValueSpecification\",\"valueRequired\":true,\"valueName\":\"search_term_string\"}}],\"inLanguage\":\"en-US\"},{\"@type\":\"Organization\",\"@id\":\"https:\\\/\\\/www.ubfc.fr\\\/#organization\",\"name\":\"Universit\u00e9 Bourgogne-Franche-Comt\u00e9\",\"url\":\"https:\\\/\\\/www.ubfc.fr\\\/\",\"logo\":{\"@type\":\"ImageObject\",\"inLanguage\":\"en-US\",\"@id\":\"https:\\\/\\\/www.ubfc.fr\\\/#\\\/schema\\\/logo\\\/image\\\/\",\"url\":\"https:\\\/\\\/www.ubfc.fr\\\/wp-content\\\/uploads\\\/2022\\\/03\\\/vagueUBFC_favicon.png\",\"contentUrl\":\"https:\\\/\\\/www.ubfc.fr\\\/wp-content\\\/uploads\\\/2022\\\/03\\\/vagueUBFC_favicon.png\",\"width\":512,\"height\":512,\"caption\":\"Universit\u00e9 Bourgogne-Franche-Comt\u00e9\"},\"image\":{\"@id\":\"https:\\\/\\\/www.ubfc.fr\\\/#\\\/schema\\\/logo\\\/image\\\/\"},\"sameAs\":[\"https:\\\/\\\/www.facebook.com\\\/UnivBFC\\\/\",\"https:\\\/\\\/x.com\\\/univ_bfc\",\"https:\\\/\\\/www.linkedin.com\\\/school\\\/universitebourgognefranchecomte\\\/mycompany\\\/\"]}]}<\/script>\n<!-- \/ Yoast SEO plugin. -->","yoast_head_json":{"title":"Prizes and honours - COMUE Universit\u00e9 Bourgogne-Franche-Comt\u00e9","robots":{"index":"index","follow":"follow","max-snippet":"max-snippet:-1","max-image-preview":"max-image-preview:large","max-video-preview":"max-video-preview:-1"},"canonical":"https:\/\/www.ubfc.fr\/en\/research\/productions\/prizes-and-honours\/","og_locale":"en_US","og_type":"article","og_title":"Prizes and honours - COMUE Universit\u00e9 Bourgogne-Franche-Comt\u00e9","og_description":"European Research Council The European Research Council (ERC) encourages excellence in research in Europe. It supports exploratory research in all disciplinary fields through competitive funding. More information here UBFC laureates: Fran\u00e7ois Courvoisier &#8211; FEMTO-ST (CNRS, UFC, ENSMM, UTBM): ERC Consolidator (2015) Lionel Apetoh &#8211; Lipids, Nutrition, Cancer (UMR1231 &#8211; INSERM, uB, Agrosup Dijon): Starting grant &hellip; Continued","og_url":"https:\/\/www.ubfc.fr\/en\/research\/productions\/prizes-and-honours\/","og_site_name":"COMUE Universit\u00e9 Bourgogne-Franche-Comt\u00e9","article_publisher":"https:\/\/www.facebook.com\/UnivBFC\/","article_modified_time":"2022-05-13T11:58:10+00:00","twitter_card":"summary_large_image","twitter_site":"@univ_bfc","twitter_misc":{"Est. reading time":"3 minutes"},"schema":{"@context":"https:\/\/schema.org","@graph":[{"@type":"WebPage","@id":"https:\/\/www.ubfc.fr\/en\/research\/productions\/prizes-and-honours\/","url":"https:\/\/www.ubfc.fr\/en\/research\/productions\/prizes-and-honours\/","name":"Prizes and honours - COMUE Universit\u00e9 Bourgogne-Franche-Comt\u00e9","isPartOf":{"@id":"https:\/\/www.ubfc.fr\/#website"},"datePublished":"2021-01-12T16:13:15+00:00","dateModified":"2022-05-13T11:58:10+00:00","breadcrumb":{"@id":"https:\/\/www.ubfc.fr\/en\/research\/productions\/prizes-and-honours\/#breadcrumb"},"inLanguage":"en-US","potentialAction":[{"@type":"ReadAction","target":["https:\/\/www.ubfc.fr\/en\/research\/productions\/prizes-and-honours\/"]}]},{"@type":"BreadcrumbList","@id":"https:\/\/www.ubfc.fr\/en\/research\/productions\/prizes-and-honours\/#breadcrumb","itemListElement":[{"@type":"ListItem","position":1,"name":"Accueil","item":"https:\/\/www.ubfc.fr\/en\/"},{"@type":"ListItem","position":2,"name":"Research","item":"https:\/\/www.ubfc.fr\/en\/research\/"},{"@type":"ListItem","position":3,"name":"Productions","item":"https:\/\/www.ubfc.fr\/en\/research\/productions\/"},{"@type":"ListItem","position":4,"name":"Prizes and honours"}]},{"@type":"WebSite","@id":"https:\/\/www.ubfc.fr\/#website","url":"https:\/\/www.ubfc.fr\/","name":"COMUE Universit\u00e9 Bourgogne-Franche-Comt\u00e9","description":"","publisher":{"@id":"https:\/\/www.ubfc.fr\/#organization"},"potentialAction":[{"@type":"SearchAction","target":{"@type":"EntryPoint","urlTemplate":"https:\/\/www.ubfc.fr\/?s={search_term_string}"},"query-input":{"@type":"PropertyValueSpecification","valueRequired":true,"valueName":"search_term_string"}}],"inLanguage":"en-US"},{"@type":"Organization","@id":"https:\/\/www.ubfc.fr\/#organization","name":"Universit\u00e9 Bourgogne-Franche-Comt\u00e9","url":"https:\/\/www.ubfc.fr\/","logo":{"@type":"ImageObject","inLanguage":"en-US","@id":"https:\/\/www.ubfc.fr\/#\/schema\/logo\/image\/","url":"https:\/\/www.ubfc.fr\/wp-content\/uploads\/2022\/03\/vagueUBFC_favicon.png","contentUrl":"https:\/\/www.ubfc.fr\/wp-content\/uploads\/2022\/03\/vagueUBFC_favicon.png","width":512,"height":512,"caption":"Universit\u00e9 Bourgogne-Franche-Comt\u00e9"},"image":{"@id":"https:\/\/www.ubfc.fr\/#\/schema\/logo\/image\/"},"sameAs":["https:\/\/www.facebook.com\/UnivBFC\/","https:\/\/x.com\/univ_bfc","https:\/\/www.linkedin.com\/school\/universitebourgognefranchecomte\/mycompany\/"]}]}},"_links":{"self":[{"href":"https:\/\/www.ubfc.fr\/en\/wp-json\/wp\/v2\/pages\/50133","targetHints":{"allow":["GET"]}}],"collection":[{"href":"https:\/\/www.ubfc.fr\/en\/wp-json\/wp\/v2\/pages"}],"about":[{"href":"https:\/\/www.ubfc.fr\/en\/wp-json\/wp\/v2\/types\/page"}],"author":[{"embeddable":true,"href":"https:\/\/www.ubfc.fr\/en\/wp-json\/wp\/v2\/users\/18"}],"replies":[{"embeddable":true,"href":"https:\/\/www.ubfc.fr\/en\/wp-json\/wp\/v2\/comments?post=50133"}],"version-history":[{"count":0,"href":"https:\/\/www.ubfc.fr\/en\/wp-json\/wp\/v2\/pages\/50133\/revisions"}],"up":[{"embeddable":true,"href":"https:\/\/www.ubfc.fr\/en\/wp-json\/wp\/v2\/pages\/50140"}],"wp:attachment":[{"href":"https:\/\/www.ubfc.fr\/en\/wp-json\/wp\/v2\/media?parent=50133"}],"curies":[{"name":"wp","href":"https:\/\/api.w.org\/{rel}","templated":true}]}}