{"id":50118,"date":"2021-01-12T15:59:34","date_gmt":"2021-01-12T14:59:34","guid":{"rendered":"https:\/\/www.ubfc.fr\/thematic-poles\/human-and-societal-sciences\/"},"modified":"2022-12-06T11:49:25","modified_gmt":"2022-12-06T10:49:25","slug":"human-and-societal-sciences","status":"publish","type":"page","link":"https:\/\/www.ubfc.fr\/en\/research\/thematic-poles\/human-and-societal-sciences\/","title":{"rendered":"Human and Societal Sciences"},"content":{"rendered":"\t\t<div data-elementor-type=\"wp-post\" data-elementor-id=\"50118\" class=\"elementor elementor-50118 elementor-30390\" data-elementor-post-type=\"page\">\n\t\t\t\t\t\t<section class=\"elementor-section elementor-top-section elementor-element elementor-element-5a05628 elementor-section-boxed elementor-section-height-default elementor-section-height-default\" data-id=\"5a05628\" data-element_type=\"section\" data-e-type=\"section\">\n\t\t\t\t\t\t<div class=\"elementor-container elementor-column-gap-default\">\n\t\t\t\t\t<div class=\"elementor-column elementor-col-66 elementor-top-column elementor-element elementor-element-9327630\" data-id=\"9327630\" data-element_type=\"column\" data-e-type=\"column\">\n\t\t\t<div class=\"elementor-widget-wrap elementor-element-populated\">\n\t\t\t\t\t\t<div class=\"elementor-element elementor-element-3552404 elementor-widget elementor-widget-text-editor\" data-id=\"3552404\" data-element_type=\"widget\" data-e-type=\"widget\" data-widget_type=\"text-editor.default\">\n\t\t\t\t<div class=\"elementor-widget-container\">\n\t\t\t\t\t\t\t\t\t<h6>Laboratories:<\/h6>\n<ul>\n<li><a href=\"https:\/\/artehis.u-bourgogne.fr\/\" data-mce-href=\"https:\/\/artehis.u-bourgogne.fr\/\">ART\u00e9HIS \u2013<\/a> Archeology, Earth, history, societies (UMR 6298)<\/li>\n<li><a href=\"https:\/\/www2.dijon.inrae.fr\/cesaer\/\" data-mce-href=\"https:\/\/www2.dijon.inrae.fr\/cesaer\/\">CESEAR \u2013<\/a> Centre of economy and sociology applied to agriculture and rural spaces (UMR 1041)<\/li>\n<li><a href=\"http:\/\/centre-lucien-febvre.univ-fcomte.fr\/\" data-mce-href=\"http:\/\/centre-lucien-febvre.univ-fcomte.fr\/\">CLF \u2013<\/a> Lucien Febvre Centre (EA 2273)<\/li>\n<li><a href=\"http:\/\/laboratoire-c3s.fr\/\" data-mce-href=\"http:\/\/laboratoire-c3s.fr\/\">C3S \u2013<\/a> Culture, sport, health, society (EA 4660)<\/li>\n<li><a href=\"https:\/\/foap-dijon.fr\/\" data-mce-href=\"https:\/\/foap-dijon.fr\/\">FAP \u2013<\/a> Professional training and learning (EA 7529)<\/li>\n<li><a href=\"https:\/\/www.u-bourgogne.fr\/organisation\/laboratoires-et-entites-de-recherche\/institut-de-recherche-sur-l-education-sociologie-et-economie-de-l-education.html\" data-mce-href=\"https:\/\/www.u-bourgogne.fr\/organisation\/laboratoires-et-entites-de-recherche\/institut-de-recherche-sur-l-education-sociologie-et-economie-de-l-education.html\">IREDU \u2013<\/a> Research institute on the economy of education (EA 7318)<\/li>\n<li><a href=\"http:\/\/www.univ-fcomte.fr\/sciences-de-lhomme-et-humanites-s2h\/ista#.XlkyGkrjKUk\" data-mce-href=\"http:\/\/www.univ-fcomte.fr\/sciences-de-lhomme-et-humanites-s2h\/ista#.XlkyGkrjKUk\">ISTA \u2013<\/a> Institute of the sciences and techniques of antiquity (EA 4011)<\/li>\n<li><a href=\"http:\/\/lasa.univ-fcomte.fr\/\" data-mce-href=\"http:\/\/lasa.univ-fcomte.fr\/\">LASA \u2013<\/a> Laboratory of sociology and anthropology (EA 3189)<\/li>\n<li><a href=\"http:\/\/logiquesagir.univ-fcomte.fr\/\" data-mce-href=\"http:\/\/logiquesagir.univ-fcomte.fr\/\">LdA \u2013<\/a> Logics of action (EA 2274)<\/li>\n<li><a href=\"https:\/\/www.univ-fcomte.fr\/sciences-de-lhomme-et-humanites-s2h\/laboratoire-de-psychologie#.Y48d432ZObg\" data-mce-href=\"https:\/\/www.univ-fcomte.fr\/sciences-de-lhomme-et-humanites-s2h\/laboratoire-de-psychologie#.Y48d432ZObg\">LP \u2013<\/a> Laboratory of psychology (EA 3188)<\/li>\n<li><a href=\"http:\/\/tristan.u-bourgogne.fr\/CGC\/prodscientifique\/TC.html\" data-mce-href=\"http:\/\/tristan.u-bourgogne.fr\/CGC\/prodscientifique\/TC.html\">LIR3S \u2013<\/a> Interdisciplinary Laboratory of research \u201cSocieties, Sensitivity, Care\u201d (CNRS UMR 7366)<\/li>\n<li><a href=\"https:\/\/psy-drepi.u-bourgogne.fr\/\" data-mce-href=\"https:\/\/psy-drepi.u-bourgogne.fr\/\">Psy-DREPI \u2013<\/a> Laboratory of psychology: Relational dynamics and identity processes (EA 7458)<\/li>\n<\/ul>\n<p><\/p>\n<p><strong>Federative structures:<\/strong><\/p>\n<ul>\n<li><a href=\"http:\/\/www.univ-fcomte.fr\/structures-federatives\/fr-educ#.Xlk0UkrjKUk\" data-mce-href=\"http:\/\/www.univ-fcomte.fr\/structures-federatives\/fr-educ#.Xlk0UkrjKUk\">FR EDUC \u2013<\/a> Federation of educational research<\/li>\n<li><a href=\"http:\/\/msh-dijon.u-bourgogne.fr\/\" data-mce-href=\"http:\/\/msh-dijon.u-bourgogne.fr\/\">MSH \u2013<\/a> House of human sciences of Dijon (USR 3516)<\/li>\n<li><a href=\"https:\/\/mshe.univ-fcomte.fr\/\" data-mce-href=\"https:\/\/mshe.univ-fcomte.fr\/\">MSHE \u2013<\/a> House of human &amp; environmental sciences Claude Nicolas Ledoux (USR 3124)<\/li>\n<\/ul>\n<p><strong>Doctoral school:<\/strong><\/p>\n<ul>\n<li><a href=\"http:\/\/sept.ubfc.fr\" data-mce-href=\"http:\/\/sept.ubfc.fr\">SSPT DS \u2013<\/a> \u201cSocieties, Space, Practices, Time\u201d doctoral school<\/li>\n<\/ul>\n<p>This pole especially relies on the following \u201cinvestment for the future\u201d program (PIA):<\/p>\n<ul>\n<li>RITM-BFC<\/li>\n<\/ul>\n<p><strong>Contacts:<\/strong><\/p>\n<ul>\n<li><a href=\"mailto:benjamin.goldlust@univ-fcomte.fr\" data-mce-href=\"mailto:benjamin.goldlust@univ-fcomte.fr\">Benjamin GOLDLUST<\/a><br \/>ISTA<br \/>University of Franche-Comt\u00e9<\/li>\n<li><a href=\"mailto:sandrine.garcia@u-bourgogne.fr\" data-mce-href=\"mailto:sandrine.garcia@u-bourgogne.fr\">Sandrine GARCIA<\/a><br \/>IREDU<br \/>University of Bourgogne<\/li>\n<\/ul>\n\t\t\t\t\t\t\t\t<\/div>\n\t\t\t\t<\/div>\n\t\t\t\t\t<\/div>\n\t\t<\/div>\n\t\t\t\t<div class=\"elementor-column elementor-col-33 elementor-top-column elementor-element elementor-element-7b76add\" data-id=\"7b76add\" data-element_type=\"column\" data-e-type=\"column\">\n\t\t\t<div class=\"elementor-widget-wrap\">\n\t\t\t\t\t\t\t<\/div>\n\t\t<\/div>\n\t\t\t\t\t<\/div>\n\t\t<\/section>\n\t\t\t\t<\/div>\n\t\t","protected":false},"excerpt":{"rendered":"<p>Laboratories: ART\u00e9HIS \u2013 Archeology, Earth, history, societies (UMR 6298) CESEAR \u2013 Centre of economy and sociology applied to agriculture and rural spaces (UMR 1041) CLF \u2013 Lucien Febvre Centre (EA 2273) C3S \u2013 Culture, sport, health, society (EA 4660) FAP \u2013 Professional training and learning (EA 7529) IREDU \u2013 Research institute on the economy of &hellip; <a href=\"https:\/\/www.ubfc.fr\/en\/research\/thematic-poles\/human-and-societal-sciences\/\">Continued<\/a><\/p>\n","protected":false},"author":68,"featured_media":0,"parent":50103,"menu_order":388,"comment_status":"closed","ping_status":"closed","template":"","meta":{"_acf_changed":false,"footnotes":""},"class_list":["post-50118","page","type-page","status-publish","hentry"],"acf":[],"yoast_head":"<!-- This site is optimized with the Yoast SEO plugin v27.3 - https:\/\/yoast.com\/product\/yoast-seo-wordpress\/ -->\n<title>Human and Societal Sciences - COMUE Universit\u00e9 Bourgogne-Franche-Comt\u00e9<\/title>\n<meta name=\"robots\" content=\"index, follow, max-snippet:-1, max-image-preview:large, max-video-preview:-1\" \/>\n<link rel=\"canonical\" href=\"https:\/\/www.ubfc.fr\/en\/research\/thematic-poles\/human-and-societal-sciences\/\" \/>\n<meta property=\"og:locale\" content=\"en_US\" \/>\n<meta property=\"og:type\" content=\"article\" \/>\n<meta property=\"og:title\" content=\"Human and Societal Sciences - COMUE Universit\u00e9 Bourgogne-Franche-Comt\u00e9\" \/>\n<meta property=\"og:description\" content=\"Laboratories: ART\u00e9HIS \u2013 Archeology, Earth, history, societies (UMR 6298) CESEAR \u2013 Centre of economy and sociology applied to agriculture and rural spaces (UMR 1041) CLF \u2013 Lucien Febvre Centre (EA 2273) C3S \u2013 Culture, sport, health, society (EA 4660) FAP \u2013 Professional training and learning (EA 7529) IREDU \u2013 Research institute on the economy of &hellip; Continued\" \/>\n<meta property=\"og:url\" content=\"https:\/\/www.ubfc.fr\/en\/research\/thematic-poles\/human-and-societal-sciences\/\" \/>\n<meta property=\"og:site_name\" content=\"COMUE Universit\u00e9 Bourgogne-Franche-Comt\u00e9\" \/>\n<meta property=\"article:publisher\" content=\"https:\/\/www.facebook.com\/UnivBFC\/\" \/>\n<meta property=\"article:modified_time\" content=\"2022-12-06T10:49:25+00:00\" \/>\n<meta name=\"twitter:card\" content=\"summary_large_image\" \/>\n<meta name=\"twitter:site\" content=\"@univ_bfc\" \/>\n<meta name=\"twitter:label1\" content=\"Est. reading time\" \/>\n\t<meta name=\"twitter:data1\" content=\"1 minute\" \/>\n<script type=\"application\/ld+json\" class=\"yoast-schema-graph\">{\"@context\":\"https:\\\/\\\/schema.org\",\"@graph\":[{\"@type\":\"WebPage\",\"@id\":\"https:\\\/\\\/www.ubfc.fr\\\/en\\\/research\\\/thematic-poles\\\/human-and-societal-sciences\\\/\",\"url\":\"https:\\\/\\\/www.ubfc.fr\\\/en\\\/research\\\/thematic-poles\\\/human-and-societal-sciences\\\/\",\"name\":\"Human and Societal Sciences - COMUE Universit\u00e9 Bourgogne-Franche-Comt\u00e9\",\"isPartOf\":{\"@id\":\"https:\\\/\\\/www.ubfc.fr\\\/#website\"},\"datePublished\":\"2021-01-12T14:59:34+00:00\",\"dateModified\":\"2022-12-06T10:49:25+00:00\",\"breadcrumb\":{\"@id\":\"https:\\\/\\\/www.ubfc.fr\\\/en\\\/research\\\/thematic-poles\\\/human-and-societal-sciences\\\/#breadcrumb\"},\"inLanguage\":\"en-US\",\"potentialAction\":[{\"@type\":\"ReadAction\",\"target\":[\"https:\\\/\\\/www.ubfc.fr\\\/en\\\/research\\\/thematic-poles\\\/human-and-societal-sciences\\\/\"]}]},{\"@type\":\"BreadcrumbList\",\"@id\":\"https:\\\/\\\/www.ubfc.fr\\\/en\\\/research\\\/thematic-poles\\\/human-and-societal-sciences\\\/#breadcrumb\",\"itemListElement\":[{\"@type\":\"ListItem\",\"position\":1,\"name\":\"Accueil\",\"item\":\"https:\\\/\\\/www.ubfc.fr\\\/en\\\/\"},{\"@type\":\"ListItem\",\"position\":2,\"name\":\"Research\",\"item\":\"https:\\\/\\\/www.ubfc.fr\\\/en\\\/research\\\/\"},{\"@type\":\"ListItem\",\"position\":3,\"name\":\"Thematic poles\",\"item\":\"https:\\\/\\\/www.ubfc.fr\\\/en\\\/research\\\/thematic-poles\\\/\"},{\"@type\":\"ListItem\",\"position\":4,\"name\":\"Human and Societal Sciences\"}]},{\"@type\":\"WebSite\",\"@id\":\"https:\\\/\\\/www.ubfc.fr\\\/#website\",\"url\":\"https:\\\/\\\/www.ubfc.fr\\\/\",\"name\":\"COMUE Universit\u00e9 Bourgogne-Franche-Comt\u00e9\",\"description\":\"\",\"publisher\":{\"@id\":\"https:\\\/\\\/www.ubfc.fr\\\/#organization\"},\"potentialAction\":[{\"@type\":\"SearchAction\",\"target\":{\"@type\":\"EntryPoint\",\"urlTemplate\":\"https:\\\/\\\/www.ubfc.fr\\\/?s={search_term_string}\"},\"query-input\":{\"@type\":\"PropertyValueSpecification\",\"valueRequired\":true,\"valueName\":\"search_term_string\"}}],\"inLanguage\":\"en-US\"},{\"@type\":\"Organization\",\"@id\":\"https:\\\/\\\/www.ubfc.fr\\\/#organization\",\"name\":\"Universit\u00e9 Bourgogne-Franche-Comt\u00e9\",\"url\":\"https:\\\/\\\/www.ubfc.fr\\\/\",\"logo\":{\"@type\":\"ImageObject\",\"inLanguage\":\"en-US\",\"@id\":\"https:\\\/\\\/www.ubfc.fr\\\/#\\\/schema\\\/logo\\\/image\\\/\",\"url\":\"https:\\\/\\\/www.ubfc.fr\\\/wp-content\\\/uploads\\\/2022\\\/03\\\/vagueUBFC_favicon.png\",\"contentUrl\":\"https:\\\/\\\/www.ubfc.fr\\\/wp-content\\\/uploads\\\/2022\\\/03\\\/vagueUBFC_favicon.png\",\"width\":512,\"height\":512,\"caption\":\"Universit\u00e9 Bourgogne-Franche-Comt\u00e9\"},\"image\":{\"@id\":\"https:\\\/\\\/www.ubfc.fr\\\/#\\\/schema\\\/logo\\\/image\\\/\"},\"sameAs\":[\"https:\\\/\\\/www.facebook.com\\\/UnivBFC\\\/\",\"https:\\\/\\\/x.com\\\/univ_bfc\",\"https:\\\/\\\/www.linkedin.com\\\/school\\\/universitebourgognefranchecomte\\\/mycompany\\\/\"]}]}<\/script>\n<!-- \/ Yoast SEO plugin. -->","yoast_head_json":{"title":"Human and Societal Sciences - COMUE Universit\u00e9 Bourgogne-Franche-Comt\u00e9","robots":{"index":"index","follow":"follow","max-snippet":"max-snippet:-1","max-image-preview":"max-image-preview:large","max-video-preview":"max-video-preview:-1"},"canonical":"https:\/\/www.ubfc.fr\/en\/research\/thematic-poles\/human-and-societal-sciences\/","og_locale":"en_US","og_type":"article","og_title":"Human and Societal Sciences - COMUE Universit\u00e9 Bourgogne-Franche-Comt\u00e9","og_description":"Laboratories: ART\u00e9HIS \u2013 Archeology, Earth, history, societies (UMR 6298) CESEAR \u2013 Centre of economy and sociology applied to agriculture and rural spaces (UMR 1041) CLF \u2013 Lucien Febvre Centre (EA 2273) C3S \u2013 Culture, sport, health, society (EA 4660) FAP \u2013 Professional training and learning (EA 7529) IREDU \u2013 Research institute on the economy of &hellip; Continued","og_url":"https:\/\/www.ubfc.fr\/en\/research\/thematic-poles\/human-and-societal-sciences\/","og_site_name":"COMUE Universit\u00e9 Bourgogne-Franche-Comt\u00e9","article_publisher":"https:\/\/www.facebook.com\/UnivBFC\/","article_modified_time":"2022-12-06T10:49:25+00:00","twitter_card":"summary_large_image","twitter_site":"@univ_bfc","twitter_misc":{"Est. reading time":"1 minute"},"schema":{"@context":"https:\/\/schema.org","@graph":[{"@type":"WebPage","@id":"https:\/\/www.ubfc.fr\/en\/research\/thematic-poles\/human-and-societal-sciences\/","url":"https:\/\/www.ubfc.fr\/en\/research\/thematic-poles\/human-and-societal-sciences\/","name":"Human and Societal Sciences - COMUE Universit\u00e9 Bourgogne-Franche-Comt\u00e9","isPartOf":{"@id":"https:\/\/www.ubfc.fr\/#website"},"datePublished":"2021-01-12T14:59:34+00:00","dateModified":"2022-12-06T10:49:25+00:00","breadcrumb":{"@id":"https:\/\/www.ubfc.fr\/en\/research\/thematic-poles\/human-and-societal-sciences\/#breadcrumb"},"inLanguage":"en-US","potentialAction":[{"@type":"ReadAction","target":["https:\/\/www.ubfc.fr\/en\/research\/thematic-poles\/human-and-societal-sciences\/"]}]},{"@type":"BreadcrumbList","@id":"https:\/\/www.ubfc.fr\/en\/research\/thematic-poles\/human-and-societal-sciences\/#breadcrumb","itemListElement":[{"@type":"ListItem","position":1,"name":"Accueil","item":"https:\/\/www.ubfc.fr\/en\/"},{"@type":"ListItem","position":2,"name":"Research","item":"https:\/\/www.ubfc.fr\/en\/research\/"},{"@type":"ListItem","position":3,"name":"Thematic poles","item":"https:\/\/www.ubfc.fr\/en\/research\/thematic-poles\/"},{"@type":"ListItem","position":4,"name":"Human and Societal Sciences"}]},{"@type":"WebSite","@id":"https:\/\/www.ubfc.fr\/#website","url":"https:\/\/www.ubfc.fr\/","name":"COMUE Universit\u00e9 Bourgogne-Franche-Comt\u00e9","description":"","publisher":{"@id":"https:\/\/www.ubfc.fr\/#organization"},"potentialAction":[{"@type":"SearchAction","target":{"@type":"EntryPoint","urlTemplate":"https:\/\/www.ubfc.fr\/?s={search_term_string}"},"query-input":{"@type":"PropertyValueSpecification","valueRequired":true,"valueName":"search_term_string"}}],"inLanguage":"en-US"},{"@type":"Organization","@id":"https:\/\/www.ubfc.fr\/#organization","name":"Universit\u00e9 Bourgogne-Franche-Comt\u00e9","url":"https:\/\/www.ubfc.fr\/","logo":{"@type":"ImageObject","inLanguage":"en-US","@id":"https:\/\/www.ubfc.fr\/#\/schema\/logo\/image\/","url":"https:\/\/www.ubfc.fr\/wp-content\/uploads\/2022\/03\/vagueUBFC_favicon.png","contentUrl":"https:\/\/www.ubfc.fr\/wp-content\/uploads\/2022\/03\/vagueUBFC_favicon.png","width":512,"height":512,"caption":"Universit\u00e9 Bourgogne-Franche-Comt\u00e9"},"image":{"@id":"https:\/\/www.ubfc.fr\/#\/schema\/logo\/image\/"},"sameAs":["https:\/\/www.facebook.com\/UnivBFC\/","https:\/\/x.com\/univ_bfc","https:\/\/www.linkedin.com\/school\/universitebourgognefranchecomte\/mycompany\/"]}]}},"_links":{"self":[{"href":"https:\/\/www.ubfc.fr\/en\/wp-json\/wp\/v2\/pages\/50118","targetHints":{"allow":["GET"]}}],"collection":[{"href":"https:\/\/www.ubfc.fr\/en\/wp-json\/wp\/v2\/pages"}],"about":[{"href":"https:\/\/www.ubfc.fr\/en\/wp-json\/wp\/v2\/types\/page"}],"author":[{"embeddable":true,"href":"https:\/\/www.ubfc.fr\/en\/wp-json\/wp\/v2\/users\/68"}],"replies":[{"embeddable":true,"href":"https:\/\/www.ubfc.fr\/en\/wp-json\/wp\/v2\/comments?post=50118"}],"version-history":[{"count":0,"href":"https:\/\/www.ubfc.fr\/en\/wp-json\/wp\/v2\/pages\/50118\/revisions"}],"up":[{"embeddable":true,"href":"https:\/\/www.ubfc.fr\/en\/wp-json\/wp\/v2\/pages\/50103"}],"wp:attachment":[{"href":"https:\/\/www.ubfc.fr\/en\/wp-json\/wp\/v2\/media?parent=50118"}],"curies":[{"name":"wp","href":"https:\/\/api.w.org\/{rel}","templated":true}]}}