{"id":50047,"date":"2021-01-12T10:34:47","date_gmt":"2021-01-12T09:34:47","guid":{"rendered":"https:\/\/www.ubfc.fr\/1rst-advanced-materials-waves-and-smart-systems\/"},"modified":"2021-01-12T10:50:46","modified_gmt":"2021-01-12T09:50:46","slug":"1rst-advanced-materials-waves-and-smart-systems","status":"publish","type":"page","link":"https:\/\/www.ubfc.fr\/en\/isite-bfc-project\/1rst-advanced-materials-waves-and-smart-systems\/","title":{"rendered":"1st Axis: Advanced materials, waves and smart systems"},"content":{"rendered":"\t\t<div data-elementor-type=\"wp-post\" data-elementor-id=\"50047\" class=\"elementor elementor-50047 elementor-35632\" data-elementor-post-type=\"page\">\n\t\t\t\t\t\t<section class=\"elementor-section elementor-top-section elementor-element elementor-element-8e18068 elementor-section-boxed elementor-section-height-default elementor-section-height-default\" data-id=\"8e18068\" data-element_type=\"section\" data-e-type=\"section\">\n\t\t\t\t\t\t<div class=\"elementor-container elementor-column-gap-default\">\n\t\t\t\t\t<div class=\"elementor-column elementor-col-33 elementor-top-column elementor-element elementor-element-e511183\" data-id=\"e511183\" data-element_type=\"column\" data-e-type=\"column\">\n\t\t\t<div class=\"elementor-widget-wrap elementor-element-populated\">\n\t\t\t\t\t\t<div class=\"elementor-element elementor-element-1162f64 elementor-widget elementor-widget-text-editor\" data-id=\"1162f64\" data-element_type=\"widget\" data-e-type=\"widget\" data-widget_type=\"text-editor.default\">\n\t\t\t\t<div class=\"elementor-widget-container\">\n\t\t\t\t\t\t\t\t\t<p><span style=\"font-size: 14pt;\"><strong>Coordinator:<\/strong> <\/span><br \/>\n<span style=\"font-size: 14pt;\"><a href=\"mailto:michael.gauthier@femto-st.fr\">Micha\u00ebl Gauthier<\/a>, CNRS<\/span><\/p>\n\t\t\t\t\t\t\t\t<\/div>\n\t\t\t\t<\/div>\n\t\t\t\t\t<\/div>\n\t\t<\/div>\n\t\t\t\t<div class=\"elementor-column elementor-col-33 elementor-top-column elementor-element elementor-element-8225c0d\" data-id=\"8225c0d\" data-element_type=\"column\" data-e-type=\"column\">\n\t\t\t<div class=\"elementor-widget-wrap\">\n\t\t\t\t\t\t\t<\/div>\n\t\t<\/div>\n\t\t\t\t<div class=\"elementor-column elementor-col-33 elementor-top-column elementor-element elementor-element-7d82023\" data-id=\"7d82023\" data-element_type=\"column\" data-e-type=\"column\">\n\t\t\t<div class=\"elementor-widget-wrap\">\n\t\t\t\t\t\t\t<\/div>\n\t\t<\/div>\n\t\t\t\t\t<\/div>\n\t\t<\/section>\n\t\t\t\t<section class=\"elementor-section elementor-top-section elementor-element elementor-element-b1ddeb8 elementor-section-boxed elementor-section-height-default elementor-section-height-default\" data-id=\"b1ddeb8\" data-element_type=\"section\" data-e-type=\"section\">\n\t\t\t\t\t\t<div class=\"elementor-container elementor-column-gap-default\">\n\t\t\t\t\t<div class=\"elementor-column elementor-col-100 elementor-top-column elementor-element elementor-element-54cab28\" data-id=\"54cab28\" data-element_type=\"column\" data-e-type=\"column\">\n\t\t\t<div class=\"elementor-widget-wrap elementor-element-populated\">\n\t\t\t\t\t\t<div class=\"elementor-element elementor-element-99eb688 elementor-widget elementor-widget-spacer\" data-id=\"99eb688\" data-element_type=\"widget\" data-e-type=\"widget\" data-widget_type=\"spacer.default\">\n\t\t\t\t<div class=\"elementor-widget-container\">\n\t\t\t\t\t\t\t<div class=\"elementor-spacer\">\n\t\t\t<div class=\"elementor-spacer-inner\"><\/div>\n\t\t<\/div>\n\t\t\t\t\t\t<\/div>\n\t\t\t\t<\/div>\n\t\t\t\t\t<\/div>\n\t\t<\/div>\n\t\t\t\t\t<\/div>\n\t\t<\/section>\n\t\t\t\t<section class=\"elementor-section elementor-top-section elementor-element elementor-element-f163e96 elementor-section-boxed elementor-section-height-default elementor-section-height-default\" data-id=\"f163e96\" data-element_type=\"section\" data-e-type=\"section\">\n\t\t\t\t\t\t<div class=\"elementor-container elementor-column-gap-default\">\n\t\t\t\t\t<div class=\"elementor-column elementor-col-66 elementor-top-column elementor-element elementor-element-47a011a\" data-id=\"47a011a\" data-element_type=\"column\" data-e-type=\"column\">\n\t\t\t<div class=\"elementor-widget-wrap elementor-element-populated\">\n\t\t\t\t\t\t<div class=\"elementor-element elementor-element-0d2baab elementor-widget elementor-widget-text-editor\" data-id=\"0d2baab\" data-element_type=\"widget\" data-e-type=\"widget\" data-widget_type=\"text-editor.default\">\n\t\t\t\t<div class=\"elementor-widget-container\">\n\t\t\t\t\t\t\t\t\t<p>The scientific expertise linked to the following themes will be developed within the framework of this priority field:<\/p>\n<ul>\n<li><strong>Materials and advanced processes<\/strong>: (nano)materials and composites, sustainable chemistry, structured thin films, functionalised surfaces, manufacturing of micro\/nanomaterials, metals for components of the nuclear industry<\/li>\n<li><strong>Integrated smart systems and underlying components<\/strong>: micro\/nanotechnologies\/robotics, non-linear (nano)photonics, new computer science paradigms, phononics, time-frequency components, sensors.<\/li>\n<li><strong>Hydrogen energy, cogeneration of electrical and thermal energy<\/strong>: materials and systems for generating electrical power (stationary, transport, micro-networks), electrical and thermal conversion systems.<\/li>\n<\/ul>\n\t\t\t\t\t\t\t\t<\/div>\n\t\t\t\t<\/div>\n\t\t\t\t\t<\/div>\n\t\t<\/div>\n\t\t\t\t<div class=\"elementor-column elementor-col-33 elementor-top-column elementor-element elementor-element-17fb104\" data-id=\"17fb104\" data-element_type=\"column\" data-e-type=\"column\">\n\t\t\t<div class=\"elementor-widget-wrap elementor-element-populated\">\n\t\t\t\t\t\t<div class=\"elementor-element elementor-element-e2ec8e9 elementor-widget elementor-widget-image\" data-id=\"e2ec8e9\" data-element_type=\"widget\" data-e-type=\"widget\" data-widget_type=\"image.default\">\n\t\t\t\t<div class=\"elementor-widget-container\">\n\t\t\t\t\t\t\t\t\t\t\t\t<figure class=\"wp-caption\">\n\t\t\t\t\t\t\t\t\t\t<img fetchpriority=\"high\" decoding=\"async\" width=\"1024\" height=\"683\" src=\"https:\/\/www.ubfc.fr\/wp-content\/uploads\/2019\/05\/XPS-003-1024x683.jpg\" class=\"attachment-large size-large wp-image-35635\" alt=\"\" srcset=\"https:\/\/www.ubfc.fr\/wp-content\/uploads\/2019\/05\/XPS-003-1024x683.jpg 1024w, https:\/\/www.ubfc.fr\/wp-content\/uploads\/2019\/05\/XPS-003-300x200.jpg 300w, https:\/\/www.ubfc.fr\/wp-content\/uploads\/2019\/05\/XPS-003-768x512.jpg 768w\" sizes=\"(max-width: 1024px) 100vw, 1024px\" \/>\t\t\t\t\t\t\t\t\t\t\t<figcaption class=\"widget-image-caption wp-caption-text\">Cr\u00e9dit Photo : Ludovic Godard<\/figcaption>\n\t\t\t\t\t\t\t\t\t\t<\/figure>\n\t\t\t\t\t\t\t\t\t<\/div>\n\t\t\t\t<\/div>\n\t\t\t\t\t<\/div>\n\t\t<\/div>\n\t\t\t\t\t<\/div>\n\t\t<\/section>\n\t\t\t\t<section class=\"elementor-section elementor-top-section elementor-element elementor-element-38f6dbb6 elementor-section-boxed elementor-section-height-default elementor-section-height-default\" data-id=\"38f6dbb6\" data-element_type=\"section\" data-e-type=\"section\">\n\t\t\t\t\t\t<div class=\"elementor-container elementor-column-gap-default\">\n\t\t\t\t\t<div class=\"elementor-column elementor-col-100 elementor-top-column elementor-element elementor-element-dc5e4e8\" data-id=\"dc5e4e8\" data-element_type=\"column\" data-e-type=\"column\">\n\t\t\t<div class=\"elementor-widget-wrap elementor-element-populated\">\n\t\t\t\t\t\t<div class=\"elementor-element elementor-element-7651bc87 elementor-widget elementor-widget-text-editor\" data-id=\"7651bc87\" data-element_type=\"widget\" data-e-type=\"widget\" data-widget_type=\"text-editor.default\">\n\t\t\t\t<div class=\"elementor-widget-container\">\n\t\t\t\t\t\t\t\t\t<p>This field relies on partnerships with major industrial stakeholders (e.g., Airbus industries). Quite a number of them are established in the Bourgogne-Franche-Comt\u00e9 region (Areva, PSA Peugeot-Citro\u00ebn, Alstom, their subcontractors, etc.). It gathers all the fundamental research projects and technologies useful to the development of advanced materials and smart systems, among which green energy production systems<\/p>\n<p>The aim is to improve the performances and the safety of production plants while meeting high expectations in terms of longevity and durability.<\/p>\n<p>The approach to the safety issues of industrial facilities is three-fold; it addresses:<\/p>\n<ol>\n<li><strong>The development of materials<\/strong> and manufacturing processes<\/li>\n<li><strong>Systems control<\/strong> <em>via<\/em> various connected, integrated sensors<\/li>\n<li><strong>All-optical computing<\/strong> based on neuromorphic algorithms to treat measured data, predict the evolution of critical parameters \u2013 workability, autonomy, reliability \u2013 and update feedbacks to the controlled system.<\/li>\n<\/ol>\n<p>As an example of an approach to a durability stake, the micro-networks used to optimise renewable power sources in buildings or zero-emission vehicles are aimed to last 10 years, with a maintenance frequency of more than one year.<\/p>\n<p>To support these approaches, I-SITE BFC possesses the required scientific resources, combining physics, mathematics, micro\/nanotechnologies, sustainable chemistry, structuring and activation of materials, photonic and phononic waves, control, integrated devices, engineering, and new paradigms for data treatment (quantum\/neuromorphic computing).<\/p>\n<p>These paradigms are tightly linked to the capacity to anticipate major risks, which today are an essential ingredient of safety protocols. All-optical data treatment using algorithms based on brain functioning is considered as an alternative to electronic computers, which are gradually reaching their technical limitations as regards the speed of the information flow and energy consumption. Thus, the integration of material properties into feedback loops including acquisition, measurement and intense computing capacities will lead to the creation of novel devices relying on data treatment, using superfast nano-photonic components. The recognised level of excellence of the photonics community of Bourgogne \u2013 Franche-Comt\u00e9 and the recent first world demonstration of the concept of neuromorphic all-optical computing allow us to contemplate taking up this challenge.<\/p>\n<p>This reasoning implies integrating functions (data acquisition\/treatment, command refresh, communication) into the components, and leads us to imagine such small (nanoscale) components that they may be considered like the constituent \u201catoms\u201d of programmable matter (\u201cclaytronics\u201d, a neologism originally referring to the material used by a sculptor to make a volume of an arbitrary shape emerge).<\/p>\n<p>In this vision, nano processors called \u201cclaytronic atoms\u201d (\u201ccatoms\u201d in short) interact with one another to form a tangible 3D object able to re-configure its own physical properties based on external stimuli from autonomous data acquisition or a user\u2019s action (e.g., through touch).<\/p>\n<p>The development of programmable matter should lead to numerous applications in devices in the fields of medicine, energy, transport, space, defence, and everyday life. The current experimental configurations only imply a very limited number of catoms, with dimensions in the centimeter range. Downsizing to the nano-scale is a huge challenge as far as integration is concerned, and it will be necessary to rely on current know-hows in chemistry and advanced materials to develop \u201cclaytronic\u201d alternatives to standard approaches in computing feedback, sensors, or even data transmission. This downsizing implies organising the actions\/movements of millions of catoms within a claytronic device. This task is beyond current computer capacities and requires the development of a new paradigm of superfast cognitive computing based on photonic components.<\/p>\n\t\t\t\t\t\t\t\t<\/div>\n\t\t\t\t<\/div>\n\t\t\t\t\t<\/div>\n\t\t<\/div>\n\t\t\t\t\t<\/div>\n\t\t<\/section>\n\t\t\t\t<section class=\"elementor-section elementor-top-section elementor-element elementor-element-629134a elementor-section-boxed elementor-section-height-default elementor-section-height-default\" data-id=\"629134a\" data-element_type=\"section\" data-e-type=\"section\">\n\t\t\t\t\t\t<div class=\"elementor-container elementor-column-gap-default\">\n\t\t\t\t\t<div class=\"elementor-column elementor-col-33 elementor-top-column elementor-element elementor-element-02693b6\" data-id=\"02693b6\" data-element_type=\"column\" data-e-type=\"column\">\n\t\t\t<div class=\"elementor-widget-wrap elementor-element-populated\">\n\t\t\t\t\t\t\t<\/div>\n\t\t<\/div>\n\t\t\t\t<div class=\"elementor-column elementor-col-33 elementor-top-column elementor-element elementor-element-fc34d41\" data-id=\"fc34d41\" data-element_type=\"column\" data-e-type=\"column\">\n\t\t\t<div class=\"elementor-widget-wrap\">\n\t\t\t\t\t\t\t<\/div>\n\t\t<\/div>\n\t\t\t\t<div class=\"elementor-column elementor-col-33 elementor-top-column elementor-element elementor-element-4d76b7d\" data-id=\"4d76b7d\" data-element_type=\"column\" data-e-type=\"column\">\n\t\t\t<div class=\"elementor-widget-wrap\">\n\t\t\t\t\t\t\t<\/div>\n\t\t<\/div>\n\t\t\t\t\t<\/div>\n\t\t<\/section>\n\t\t\t\t<\/div>\n\t\t","protected":false},"excerpt":{"rendered":"<p>Coordinator: Micha\u00ebl Gauthier, CNRS The scientific expertise linked to the following themes will be developed within the framework of this priority field: Materials and advanced processes: (nano)materials and composites, sustainable chemistry, structured thin films, functionalised surfaces, manufacturing of micro\/nanomaterials, metals for components of the nuclear industry Integrated smart systems and underlying components: micro\/nanotechnologies\/robotics, non-linear (nano)photonics, &hellip; <a href=\"https:\/\/www.ubfc.fr\/en\/isite-bfc-project\/1rst-advanced-materials-waves-and-smart-systems\/\">Continued<\/a><\/p>\n","protected":false},"author":6,"featured_media":0,"parent":50072,"menu_order":326,"comment_status":"closed","ping_status":"closed","template":"","meta":{"_acf_changed":false,"footnotes":""},"class_list":["post-50047","page","type-page","status-publish","hentry"],"acf":[],"yoast_head":"<!-- This site is optimized with the Yoast SEO plugin v27.4 - https:\/\/yoast.com\/product\/yoast-seo-wordpress\/ -->\n<title>1st Axis: Advanced materials, waves and smart systems - COMUE Universit\u00e9 Bourgogne-Franche-Comt\u00e9<\/title>\n<meta name=\"robots\" content=\"index, follow, max-snippet:-1, max-image-preview:large, max-video-preview:-1\" \/>\n<link rel=\"canonical\" href=\"https:\/\/www.ubfc.fr\/en\/isite-bfc-project\/1rst-advanced-materials-waves-and-smart-systems\/\" \/>\n<meta property=\"og:locale\" content=\"en_US\" \/>\n<meta property=\"og:type\" content=\"article\" \/>\n<meta property=\"og:title\" content=\"1st Axis: Advanced materials, waves and smart systems - COMUE Universit\u00e9 Bourgogne-Franche-Comt\u00e9\" \/>\n<meta property=\"og:description\" content=\"Coordinator: Micha\u00ebl Gauthier, CNRS The scientific expertise linked to the following themes will be developed within the framework of this priority field: Materials and advanced processes: (nano)materials and composites, sustainable chemistry, structured thin films, functionalised surfaces, manufacturing of micro\/nanomaterials, metals for components of the nuclear industry Integrated smart systems and underlying components: micro\/nanotechnologies\/robotics, non-linear (nano)photonics, &hellip; Continued\" \/>\n<meta property=\"og:url\" content=\"https:\/\/www.ubfc.fr\/en\/isite-bfc-project\/1rst-advanced-materials-waves-and-smart-systems\/\" \/>\n<meta property=\"og:site_name\" content=\"COMUE Universit\u00e9 Bourgogne-Franche-Comt\u00e9\" \/>\n<meta property=\"article:publisher\" content=\"https:\/\/www.facebook.com\/UnivBFC\/\" \/>\n<meta property=\"article:modified_time\" content=\"2021-01-12T09:50:46+00:00\" \/>\n<meta property=\"og:image\" content=\"https:\/\/www.ubfc.fr\/wp-content\/uploads\/2019\/05\/XPS-003-1024x683.jpg\" \/>\n<meta name=\"twitter:card\" content=\"summary_large_image\" \/>\n<meta name=\"twitter:site\" content=\"@univ_bfc\" \/>\n<meta name=\"twitter:label1\" content=\"Est. reading time\" \/>\n\t<meta name=\"twitter:data1\" content=\"3 minutes\" \/>\n<script type=\"application\/ld+json\" class=\"yoast-schema-graph\">{\"@context\":\"https:\\\/\\\/schema.org\",\"@graph\":[{\"@type\":\"WebPage\",\"@id\":\"https:\\\/\\\/www.ubfc.fr\\\/en\\\/isite-bfc-project\\\/1rst-advanced-materials-waves-and-smart-systems\\\/\",\"url\":\"https:\\\/\\\/www.ubfc.fr\\\/en\\\/isite-bfc-project\\\/1rst-advanced-materials-waves-and-smart-systems\\\/\",\"name\":\"1st Axis: Advanced materials, waves and smart systems - COMUE Universit\u00e9 Bourgogne-Franche-Comt\u00e9\",\"isPartOf\":{\"@id\":\"https:\\\/\\\/www.ubfc.fr\\\/#website\"},\"primaryImageOfPage\":{\"@id\":\"https:\\\/\\\/www.ubfc.fr\\\/en\\\/isite-bfc-project\\\/1rst-advanced-materials-waves-and-smart-systems\\\/#primaryimage\"},\"image\":{\"@id\":\"https:\\\/\\\/www.ubfc.fr\\\/en\\\/isite-bfc-project\\\/1rst-advanced-materials-waves-and-smart-systems\\\/#primaryimage\"},\"thumbnailUrl\":\"https:\\\/\\\/www.ubfc.fr\\\/wp-content\\\/uploads\\\/2019\\\/05\\\/XPS-003-1024x683.jpg\",\"datePublished\":\"2021-01-12T09:34:47+00:00\",\"dateModified\":\"2021-01-12T09:50:46+00:00\",\"breadcrumb\":{\"@id\":\"https:\\\/\\\/www.ubfc.fr\\\/en\\\/isite-bfc-project\\\/1rst-advanced-materials-waves-and-smart-systems\\\/#breadcrumb\"},\"inLanguage\":\"en-US\",\"potentialAction\":[{\"@type\":\"ReadAction\",\"target\":[\"https:\\\/\\\/www.ubfc.fr\\\/en\\\/isite-bfc-project\\\/1rst-advanced-materials-waves-and-smart-systems\\\/\"]}]},{\"@type\":\"ImageObject\",\"inLanguage\":\"en-US\",\"@id\":\"https:\\\/\\\/www.ubfc.fr\\\/en\\\/isite-bfc-project\\\/1rst-advanced-materials-waves-and-smart-systems\\\/#primaryimage\",\"url\":\"https:\\\/\\\/www.ubfc.fr\\\/wp-content\\\/uploads\\\/2019\\\/05\\\/XPS-003-1024x683.jpg\",\"contentUrl\":\"https:\\\/\\\/www.ubfc.fr\\\/wp-content\\\/uploads\\\/2019\\\/05\\\/XPS-003-1024x683.jpg\"},{\"@type\":\"BreadcrumbList\",\"@id\":\"https:\\\/\\\/www.ubfc.fr\\\/en\\\/isite-bfc-project\\\/1rst-advanced-materials-waves-and-smart-systems\\\/#breadcrumb\",\"itemListElement\":[{\"@type\":\"ListItem\",\"position\":1,\"name\":\"Accueil\",\"item\":\"https:\\\/\\\/www.ubfc.fr\\\/en\\\/\"},{\"@type\":\"ListItem\",\"position\":2,\"name\":\"ISITE-BFC project\",\"item\":\"https:\\\/\\\/www.ubfc.fr\\\/en\\\/isite-bfc-project\\\/\"},{\"@type\":\"ListItem\",\"position\":3,\"name\":\"1st Axis: Advanced materials, waves and smart systems\"}]},{\"@type\":\"WebSite\",\"@id\":\"https:\\\/\\\/www.ubfc.fr\\\/#website\",\"url\":\"https:\\\/\\\/www.ubfc.fr\\\/\",\"name\":\"COMUE Universit\u00e9 Bourgogne-Franche-Comt\u00e9\",\"description\":\"\",\"publisher\":{\"@id\":\"https:\\\/\\\/www.ubfc.fr\\\/#organization\"},\"potentialAction\":[{\"@type\":\"SearchAction\",\"target\":{\"@type\":\"EntryPoint\",\"urlTemplate\":\"https:\\\/\\\/www.ubfc.fr\\\/?s={search_term_string}\"},\"query-input\":{\"@type\":\"PropertyValueSpecification\",\"valueRequired\":true,\"valueName\":\"search_term_string\"}}],\"inLanguage\":\"en-US\"},{\"@type\":\"Organization\",\"@id\":\"https:\\\/\\\/www.ubfc.fr\\\/#organization\",\"name\":\"Universit\u00e9 Bourgogne-Franche-Comt\u00e9\",\"url\":\"https:\\\/\\\/www.ubfc.fr\\\/\",\"logo\":{\"@type\":\"ImageObject\",\"inLanguage\":\"en-US\",\"@id\":\"https:\\\/\\\/www.ubfc.fr\\\/#\\\/schema\\\/logo\\\/image\\\/\",\"url\":\"https:\\\/\\\/www.ubfc.fr\\\/wp-content\\\/uploads\\\/2022\\\/03\\\/vagueUBFC_favicon.png\",\"contentUrl\":\"https:\\\/\\\/www.ubfc.fr\\\/wp-content\\\/uploads\\\/2022\\\/03\\\/vagueUBFC_favicon.png\",\"width\":512,\"height\":512,\"caption\":\"Universit\u00e9 Bourgogne-Franche-Comt\u00e9\"},\"image\":{\"@id\":\"https:\\\/\\\/www.ubfc.fr\\\/#\\\/schema\\\/logo\\\/image\\\/\"},\"sameAs\":[\"https:\\\/\\\/www.facebook.com\\\/UnivBFC\\\/\",\"https:\\\/\\\/x.com\\\/univ_bfc\",\"https:\\\/\\\/www.linkedin.com\\\/school\\\/universitebourgognefranchecomte\\\/mycompany\\\/\"]}]}<\/script>\n<!-- \/ Yoast SEO plugin. -->","yoast_head_json":{"title":"1st Axis: Advanced materials, waves and smart systems - COMUE Universit\u00e9 Bourgogne-Franche-Comt\u00e9","robots":{"index":"index","follow":"follow","max-snippet":"max-snippet:-1","max-image-preview":"max-image-preview:large","max-video-preview":"max-video-preview:-1"},"canonical":"https:\/\/www.ubfc.fr\/en\/isite-bfc-project\/1rst-advanced-materials-waves-and-smart-systems\/","og_locale":"en_US","og_type":"article","og_title":"1st Axis: Advanced materials, waves and smart systems - COMUE Universit\u00e9 Bourgogne-Franche-Comt\u00e9","og_description":"Coordinator: Micha\u00ebl Gauthier, CNRS The scientific expertise linked to the following themes will be developed within the framework of this priority field: Materials and advanced processes: (nano)materials and composites, sustainable chemistry, structured thin films, functionalised surfaces, manufacturing of micro\/nanomaterials, metals for components of the nuclear industry Integrated smart systems and underlying components: micro\/nanotechnologies\/robotics, non-linear (nano)photonics, &hellip; Continued","og_url":"https:\/\/www.ubfc.fr\/en\/isite-bfc-project\/1rst-advanced-materials-waves-and-smart-systems\/","og_site_name":"COMUE Universit\u00e9 Bourgogne-Franche-Comt\u00e9","article_publisher":"https:\/\/www.facebook.com\/UnivBFC\/","article_modified_time":"2021-01-12T09:50:46+00:00","og_image":[{"url":"https:\/\/www.ubfc.fr\/wp-content\/uploads\/2019\/05\/XPS-003-1024x683.jpg","type":"","width":"","height":""}],"twitter_card":"summary_large_image","twitter_site":"@univ_bfc","twitter_misc":{"Est. reading time":"3 minutes"},"schema":{"@context":"https:\/\/schema.org","@graph":[{"@type":"WebPage","@id":"https:\/\/www.ubfc.fr\/en\/isite-bfc-project\/1rst-advanced-materials-waves-and-smart-systems\/","url":"https:\/\/www.ubfc.fr\/en\/isite-bfc-project\/1rst-advanced-materials-waves-and-smart-systems\/","name":"1st Axis: Advanced materials, waves and smart systems - COMUE Universit\u00e9 Bourgogne-Franche-Comt\u00e9","isPartOf":{"@id":"https:\/\/www.ubfc.fr\/#website"},"primaryImageOfPage":{"@id":"https:\/\/www.ubfc.fr\/en\/isite-bfc-project\/1rst-advanced-materials-waves-and-smart-systems\/#primaryimage"},"image":{"@id":"https:\/\/www.ubfc.fr\/en\/isite-bfc-project\/1rst-advanced-materials-waves-and-smart-systems\/#primaryimage"},"thumbnailUrl":"https:\/\/www.ubfc.fr\/wp-content\/uploads\/2019\/05\/XPS-003-1024x683.jpg","datePublished":"2021-01-12T09:34:47+00:00","dateModified":"2021-01-12T09:50:46+00:00","breadcrumb":{"@id":"https:\/\/www.ubfc.fr\/en\/isite-bfc-project\/1rst-advanced-materials-waves-and-smart-systems\/#breadcrumb"},"inLanguage":"en-US","potentialAction":[{"@type":"ReadAction","target":["https:\/\/www.ubfc.fr\/en\/isite-bfc-project\/1rst-advanced-materials-waves-and-smart-systems\/"]}]},{"@type":"ImageObject","inLanguage":"en-US","@id":"https:\/\/www.ubfc.fr\/en\/isite-bfc-project\/1rst-advanced-materials-waves-and-smart-systems\/#primaryimage","url":"https:\/\/www.ubfc.fr\/wp-content\/uploads\/2019\/05\/XPS-003-1024x683.jpg","contentUrl":"https:\/\/www.ubfc.fr\/wp-content\/uploads\/2019\/05\/XPS-003-1024x683.jpg"},{"@type":"BreadcrumbList","@id":"https:\/\/www.ubfc.fr\/en\/isite-bfc-project\/1rst-advanced-materials-waves-and-smart-systems\/#breadcrumb","itemListElement":[{"@type":"ListItem","position":1,"name":"Accueil","item":"https:\/\/www.ubfc.fr\/en\/"},{"@type":"ListItem","position":2,"name":"ISITE-BFC project","item":"https:\/\/www.ubfc.fr\/en\/isite-bfc-project\/"},{"@type":"ListItem","position":3,"name":"1st Axis: Advanced materials, waves and smart systems"}]},{"@type":"WebSite","@id":"https:\/\/www.ubfc.fr\/#website","url":"https:\/\/www.ubfc.fr\/","name":"COMUE Universit\u00e9 Bourgogne-Franche-Comt\u00e9","description":"","publisher":{"@id":"https:\/\/www.ubfc.fr\/#organization"},"potentialAction":[{"@type":"SearchAction","target":{"@type":"EntryPoint","urlTemplate":"https:\/\/www.ubfc.fr\/?s={search_term_string}"},"query-input":{"@type":"PropertyValueSpecification","valueRequired":true,"valueName":"search_term_string"}}],"inLanguage":"en-US"},{"@type":"Organization","@id":"https:\/\/www.ubfc.fr\/#organization","name":"Universit\u00e9 Bourgogne-Franche-Comt\u00e9","url":"https:\/\/www.ubfc.fr\/","logo":{"@type":"ImageObject","inLanguage":"en-US","@id":"https:\/\/www.ubfc.fr\/#\/schema\/logo\/image\/","url":"https:\/\/www.ubfc.fr\/wp-content\/uploads\/2022\/03\/vagueUBFC_favicon.png","contentUrl":"https:\/\/www.ubfc.fr\/wp-content\/uploads\/2022\/03\/vagueUBFC_favicon.png","width":512,"height":512,"caption":"Universit\u00e9 Bourgogne-Franche-Comt\u00e9"},"image":{"@id":"https:\/\/www.ubfc.fr\/#\/schema\/logo\/image\/"},"sameAs":["https:\/\/www.facebook.com\/UnivBFC\/","https:\/\/x.com\/univ_bfc","https:\/\/www.linkedin.com\/school\/universitebourgognefranchecomte\/mycompany\/"]}]}},"_links":{"self":[{"href":"https:\/\/www.ubfc.fr\/en\/wp-json\/wp\/v2\/pages\/50047","targetHints":{"allow":["GET"]}}],"collection":[{"href":"https:\/\/www.ubfc.fr\/en\/wp-json\/wp\/v2\/pages"}],"about":[{"href":"https:\/\/www.ubfc.fr\/en\/wp-json\/wp\/v2\/types\/page"}],"author":[{"embeddable":true,"href":"https:\/\/www.ubfc.fr\/en\/wp-json\/wp\/v2\/users\/6"}],"replies":[{"embeddable":true,"href":"https:\/\/www.ubfc.fr\/en\/wp-json\/wp\/v2\/comments?post=50047"}],"version-history":[{"count":0,"href":"https:\/\/www.ubfc.fr\/en\/wp-json\/wp\/v2\/pages\/50047\/revisions"}],"up":[{"embeddable":true,"href":"https:\/\/www.ubfc.fr\/en\/wp-json\/wp\/v2\/pages\/50072"}],"wp:attachment":[{"href":"https:\/\/www.ubfc.fr\/en\/wp-json\/wp\/v2\/media?parent=50047"}],"curies":[{"name":"wp","href":"https:\/\/api.w.org\/{rel}","templated":true}]}}