{"id":49442,"date":"2020-12-07T15:03:50","date_gmt":"2020-12-07T14:03:50","guid":{"rendered":"https:\/\/www.ubfc.fr\/3rd-axis-comprehensive-individual-care\/"},"modified":"2022-11-23T15:56:08","modified_gmt":"2022-11-23T14:56:08","slug":"3rd-axis-comprehensive-individual-care","status":"publish","type":"page","link":"https:\/\/www.ubfc.fr\/en\/isite-bfc-project\/3rd-axis-comprehensive-individual-care\/","title":{"rendered":"3rd axis: Comprehensive individual care"},"content":{"rendered":"\t\t<div data-elementor-type=\"wp-post\" data-elementor-id=\"49442\" class=\"elementor elementor-49442 elementor-35647\" data-elementor-post-type=\"page\">\n\t\t\t\t\t\t<section class=\"elementor-section elementor-top-section elementor-element elementor-element-8d30981 elementor-section-boxed elementor-section-height-default elementor-section-height-default\" data-id=\"8d30981\" data-element_type=\"section\" data-e-type=\"section\">\n\t\t\t\t\t\t<div class=\"elementor-container elementor-column-gap-default\">\n\t\t\t\t\t<div class=\"elementor-column elementor-col-33 elementor-top-column elementor-element elementor-element-4b31fae\" data-id=\"4b31fae\" data-element_type=\"column\" data-e-type=\"column\">\n\t\t\t<div class=\"elementor-widget-wrap elementor-element-populated\">\n\t\t\t\t\t\t<div class=\"elementor-element elementor-element-2f52ef6 elementor-widget elementor-widget-text-editor\" data-id=\"2f52ef6\" data-element_type=\"widget\" data-e-type=\"widget\" data-widget_type=\"text-editor.default\">\n\t\t\t\t<div class=\"elementor-widget-container\">\n\t\t\t\t\t\t\t\t\t<p><strong>Coordinators:<\/strong><br \/>\n<a href=\"mailto:omicheau@u-bourgogne.fr\">Olivier Micheau<\/a>, Inserm<br \/>\n<a href=\"mailto:David.Masson@u-bourgogne.fr\">David Masson<\/a>, uB<\/p>\n\t\t\t\t\t\t\t\t<\/div>\n\t\t\t\t<\/div>\n\t\t\t\t\t<\/div>\n\t\t<\/div>\n\t\t\t\t<div class=\"elementor-column elementor-col-33 elementor-top-column elementor-element elementor-element-ce612f5\" data-id=\"ce612f5\" data-element_type=\"column\" data-e-type=\"column\">\n\t\t\t<div class=\"elementor-widget-wrap\">\n\t\t\t\t\t\t\t<\/div>\n\t\t<\/div>\n\t\t\t\t<div class=\"elementor-column elementor-col-33 elementor-top-column elementor-element elementor-element-ab5213a\" data-id=\"ab5213a\" data-element_type=\"column\" data-e-type=\"column\">\n\t\t\t<div class=\"elementor-widget-wrap\">\n\t\t\t\t\t\t\t<\/div>\n\t\t<\/div>\n\t\t\t\t\t<\/div>\n\t\t<\/section>\n\t\t\t\t<section class=\"elementor-section elementor-top-section elementor-element elementor-element-c0c6a85 elementor-section-boxed elementor-section-height-default elementor-section-height-default\" data-id=\"c0c6a85\" data-element_type=\"section\" data-e-type=\"section\">\n\t\t\t\t\t\t<div class=\"elementor-container elementor-column-gap-default\">\n\t\t\t\t\t<div class=\"elementor-column elementor-col-100 elementor-top-column elementor-element elementor-element-b61d439\" data-id=\"b61d439\" data-element_type=\"column\" data-e-type=\"column\">\n\t\t\t<div class=\"elementor-widget-wrap elementor-element-populated\">\n\t\t\t\t\t\t<div class=\"elementor-element elementor-element-be07a47 elementor-widget elementor-widget-spacer\" data-id=\"be07a47\" data-element_type=\"widget\" data-e-type=\"widget\" data-widget_type=\"spacer.default\">\n\t\t\t\t<div class=\"elementor-widget-container\">\n\t\t\t\t\t\t\t<div class=\"elementor-spacer\">\n\t\t\t<div class=\"elementor-spacer-inner\"><\/div>\n\t\t<\/div>\n\t\t\t\t\t\t<\/div>\n\t\t\t\t<\/div>\n\t\t\t\t\t<\/div>\n\t\t<\/div>\n\t\t\t\t\t<\/div>\n\t\t<\/section>\n\t\t\t\t<section class=\"elementor-section elementor-top-section elementor-element elementor-element-7c30161 elementor-section-boxed elementor-section-height-default elementor-section-height-default\" data-id=\"7c30161\" data-element_type=\"section\" data-e-type=\"section\">\n\t\t\t\t\t\t<div class=\"elementor-container elementor-column-gap-default\">\n\t\t\t\t\t<div class=\"elementor-column elementor-col-66 elementor-top-column elementor-element elementor-element-abe5ab0\" data-id=\"abe5ab0\" data-element_type=\"column\" data-e-type=\"column\">\n\t\t\t<div class=\"elementor-widget-wrap elementor-element-populated\">\n\t\t\t\t\t\t<div class=\"elementor-element elementor-element-bb75369 elementor-widget elementor-widget-text-editor\" data-id=\"bb75369\" data-element_type=\"widget\" data-e-type=\"widget\" data-widget_type=\"text-editor.default\">\n\t\t\t\t<div class=\"elementor-widget-container\">\n\t\t\t\t\t\t\t\t\t<p>The scientific skills inherent of the following themes will be developed within the framework of this third priority field:<\/p>\n<ul>\n<li><strong>Health:<\/strong> pharmaco-imaging, theranostics, lipoproteins, immunology, inflammation, oncology, oncogenetics, lipids, genetic and developmental disorders<\/li>\n<li><strong>Innovative intelligent systems technologies<\/strong>: drug distribution, labs-on-chips, new imaging probes<\/li>\n<li><strong>Cognitive sciences<\/strong>: cognitive stimulation, rehabilitation, neuronal plasticity, ergonomics, virtual reality<\/li>\n<li><strong>Human and social sciences<\/strong>: trade and economy, communication, medical ethics, sociology.<\/li>\n<\/ul>\n\t\t\t\t\t\t\t\t<\/div>\n\t\t\t\t<\/div>\n\t\t\t\t\t<\/div>\n\t\t<\/div>\n\t\t\t\t<div class=\"elementor-column elementor-col-33 elementor-top-column elementor-element elementor-element-8567165\" data-id=\"8567165\" data-element_type=\"column\" data-e-type=\"column\">\n\t\t\t<div class=\"elementor-widget-wrap elementor-element-populated\">\n\t\t\t\t\t\t<div class=\"elementor-element elementor-element-1baaa72 elementor-widget elementor-widget-image\" data-id=\"1baaa72\" data-element_type=\"widget\" data-e-type=\"widget\" data-widget_type=\"image.default\">\n\t\t\t\t<div class=\"elementor-widget-container\">\n\t\t\t\t\t\t\t\t\t\t\t\t<figure class=\"wp-caption\">\n\t\t\t\t\t\t\t\t\t\t<img fetchpriority=\"high\" decoding=\"async\" width=\"1024\" height=\"683\" src=\"https:\/\/www.ubfc.fr\/wp-content\/uploads\/2019\/05\/efs-medicaments-therapie-innovante-3-1024x683.jpg\" class=\"attachment-large size-large wp-image-35650\" alt=\"\" srcset=\"https:\/\/www.ubfc.fr\/wp-content\/uploads\/2019\/05\/efs-medicaments-therapie-innovante-3-1024x683.jpg 1024w, https:\/\/www.ubfc.fr\/wp-content\/uploads\/2019\/05\/efs-medicaments-therapie-innovante-3-300x200.jpg 300w, https:\/\/www.ubfc.fr\/wp-content\/uploads\/2019\/05\/efs-medicaments-therapie-innovante-3-768x512.jpg 768w\" sizes=\"(max-width: 1024px) 100vw, 1024px\" \/>\t\t\t\t\t\t\t\t\t\t\t<figcaption class=\"widget-image-caption wp-caption-text\">Plateforme de production des m\u00e9dicaments de th\u00e9rapie innovante \u00e0 l'EFS de Besan\u00e7on.<\/figcaption>\n\t\t\t\t\t\t\t\t\t\t<\/figure>\n\t\t\t\t\t\t\t\t\t<\/div>\n\t\t\t\t<\/div>\n\t\t\t\t\t<\/div>\n\t\t<\/div>\n\t\t\t\t\t<\/div>\n\t\t<\/section>\n\t\t\t\t<section class=\"elementor-section elementor-top-section elementor-element elementor-element-3788b3c7 elementor-section-boxed elementor-section-height-default elementor-section-height-default\" data-id=\"3788b3c7\" data-element_type=\"section\" data-e-type=\"section\">\n\t\t\t\t\t\t<div class=\"elementor-container elementor-column-gap-default\">\n\t\t\t\t\t<div class=\"elementor-column elementor-col-100 elementor-top-column elementor-element elementor-element-20dfe5ce\" data-id=\"20dfe5ce\" data-element_type=\"column\" data-e-type=\"column\">\n\t\t\t<div class=\"elementor-widget-wrap elementor-element-populated\">\n\t\t\t\t\t\t<div class=\"elementor-element elementor-element-3eadff76 elementor-widget elementor-widget-text-editor\" data-id=\"3eadff76\" data-element_type=\"widget\" data-e-type=\"widget\" data-widget_type=\"text-editor.default\">\n\t\t\t\t<div class=\"elementor-widget-container\">\n\t\t\t\t\t\t\t\t\t<p>The development of new drugs is increasingly costly and complex, whether from a regulatory point of view or a technological one. The attrition rate of newly marketed molecules has increased over the years. This observation constitutes a major hurdle for innovation and \u00a0improvement of health benefits for the patients. The financial handicap of the drug approach is now widely recognized, and the development of comprehensive approaches in health care, taking into account the environment, psychosocial risks, prevention and health education in addition to innovative\u00a0therapeutic strategies, now appears to be a major challenge.<\/p>\n<p>This priority field aims to adapt each patient\u2019s specific treatment based on clinical research and economic resources in Bourgogne \u2013 Franche-Comt\u00e9. Researchers propose to develop a \u201c<strong>therapeutic toolbox<\/strong>\u201d combining new drug and non-drug approaches that will benefit from targeted diagnostics and therapies based on <strong>novel imaging solutions and new medical devices<\/strong>. This vision, which relies on innovative technologies combining <strong>drug and non-drug approaches<\/strong>, is relevant to meet public health and international competition challenges in this industrial sector.<\/p>\n<p>As far as the drug approach is concerned, the LABEX LipSTIC partners have discovered and are testing systems of drug delivery <em>via<\/em> lipoproteins, in other words drugs coupled to lipoproteins to specifically target inflammatory or cancer tissues. A highly sensitive method for quantifying circulating endotoxins had been developed, and a patent has been filed.<\/p>\n<p>This LABEX will develop <strong>preventive approaches<\/strong> by evaluating the role of lipoproteins beyond their usual implication in cardiovascular diseases, in the case of cancer for example, or upstream of surgical interventions with a high risk of septicemia.<\/p>\n<p>Thus, the LABEX LipSTIC is developing new strategies to prevent and treat inflammation and septicemia by producing recombinant human proteins likely to be relevant therapeutic tools to reduce endotoxin levels and improve the clinical fate of intensive care patients. The expertise developed in genetic diagnostic and next-generation sequencing will be adapted to these pathologies.<\/p>\n<p>Another novelty in terms of inflammatory diseases is the patent recently filed for two <strong>innovative cell therapy products<\/strong> by the INtegrated Centre for REsearch in Inflammatory diseASEs (FHU INCREASE). These products were first designed thanks to a greater understanding of the immune system, and they are now further developed for use in the treatment of inflammatory diseases.<\/p>\n<p>As far as novel imaging solutions are concerned, the partners of Equipex IMAPPI are well into the development of <strong>new imaging probes<\/strong> (by combining several multimodal molecular imaging techniques \u2013 MRI and PET scanning) and of <strong>theranostic agents<\/strong> for diagnostic and targeted therapy. The therapeutic fields involved are mainly related to cancer, and will also include cardiovascular and neurological diseases. This innovative approach (only a few sites possess such a prototype across the world) has attracted private companies and led to the creation of the Pharmimage\u00ae consortium, which gathers private firms (among which Onco-Design, Cyclo-pharma and Trifoil Imaging) and health institutions. The activity of this cluster is devoted to the discovery and use of biomarkers able to evaluate treatment efficacy.<\/p>\n<p>In regards to non-drug approach, the consortium, whose activity is focused on <strong>handicap <\/strong>and <strong>ageing<\/strong>, is involved in the development of<strong> novel<\/strong> <strong>rehabilitation\/learning techniques<\/strong> using more particularly virtual reality tools. It has coordinated a European project aimed at implementing rehabilitation programs through music for Alzheimer patients. The consortium has also developed an ergonomic approach to product design and production, based on the \u201c<strong>design for all<\/strong>\u201d concept. Its objective is to create a living lab to test in an interactive way the efficiency of new rehabilitation\/learning techniques or new products designed for handicapped\/aged people, while integrating expertise from social and human sciences (sociology, ethics) and engineering sciences. The ambition is to develop an international center for the optimisation of human performance whose activity will be mainly devoted to the handicaps and disabilities linked to ageing.<\/p>\n<p>The research consortia of this UBFC \u201ctherapeutic toolbox\u201d will develop and reinforce their interactions at different levels. A tight cooperation between the IMAPPI and LipSTIC projects and the FHU INCREASE is likely to bring about substantially improved diagnostics by identifying homogeneous families of pathologies leading to better adapted specific treatments. The aim is also to further supplement the therapeutic toolbox with cancer-targeted tools, making the most of the input of <strong>immunology<\/strong> boosted by the emerging scientific excellence of talented junior researchers, and of the input of new imaging techniques for the analysis of the immunological responses of the tumor microenvironment.<\/p>\n<p>Interdisciplinary collaborations with the first priority field will rely on UBFC expertise in intelligent systems to develop <strong>lab-on-chip<\/strong> devices \u2013 for faster, improved diagnostics \u2013 and <strong>microrobotics<\/strong> for specific medical applications. Another interdisciplinary ambition is to promote <strong>nanotechnological applications<\/strong> for clinical evaluation in biomedical research, using innovative methodologies whose hospital use could be considered in 2020.<\/p>\n<p>An important example in cancer research is given by the development of heat shock protein (HSP) sensors, which are sensitive enough to detect one individual molecule within a physiological medium. These works are overseen by the INSERM, and imply physics and engineering researchers from uB and UFC<\/p>\n<p>Human and cognitive sciences will directly collaborate with health and engineering sciences to help make the best of the patient\u2019s individual profile and thereby design new devices and adapt treatments. This third priority line of research is aimed at connecting drug and non-drug approaches at the healthcare level by focusing on chronic diseases, to test a patient-centered integrated therapeutic approach by exploiting the patients\u2019 cognitive, emotional and social capacities in a relevant manner, so as to achieve optimal effects of innovative drugs and devices.<\/p>\n\t\t\t\t\t\t\t\t<\/div>\n\t\t\t\t<\/div>\n\t\t\t\t\t<\/div>\n\t\t<\/div>\n\t\t\t\t\t<\/div>\n\t\t<\/section>\n\t\t\t\t<\/div>\n\t\t","protected":false},"excerpt":{"rendered":"<p>Coordinators: Olivier Micheau, Inserm David Masson, uB The scientific skills inherent of the following themes will be developed within the framework of this third priority field: Health: pharmaco-imaging, theranostics, lipoproteins, immunology, inflammation, oncology, oncogenetics, lipids, genetic and developmental disorders Innovative intelligent systems technologies: drug distribution, labs-on-chips, new imaging probes Cognitive sciences: cognitive stimulation, rehabilitation, neuronal &hellip; <a href=\"https:\/\/www.ubfc.fr\/en\/isite-bfc-project\/3rd-axis-comprehensive-individual-care\/\">Continued<\/a><\/p>\n","protected":false},"author":6,"featured_media":0,"parent":50072,"menu_order":323,"comment_status":"closed","ping_status":"closed","template":"","meta":{"_acf_changed":false,"footnotes":""},"class_list":["post-49442","page","type-page","status-publish","hentry"],"acf":[],"yoast_head":"<!-- This site is optimized with the Yoast SEO plugin v27.4 - https:\/\/yoast.com\/product\/yoast-seo-wordpress\/ -->\n<title>3rd axis: Comprehensive individual care - COMUE Universit\u00e9 Bourgogne-Franche-Comt\u00e9<\/title>\n<meta name=\"robots\" content=\"index, follow, max-snippet:-1, max-image-preview:large, max-video-preview:-1\" \/>\n<link rel=\"canonical\" href=\"https:\/\/www.ubfc.fr\/en\/isite-bfc-project\/3rd-axis-comprehensive-individual-care\/\" \/>\n<meta property=\"og:locale\" content=\"en_US\" \/>\n<meta property=\"og:type\" content=\"article\" \/>\n<meta property=\"og:title\" content=\"3rd axis: Comprehensive individual care - COMUE Universit\u00e9 Bourgogne-Franche-Comt\u00e9\" \/>\n<meta property=\"og:description\" content=\"Coordinators: Olivier Micheau, Inserm David Masson, uB The scientific skills inherent of the following themes will be developed within the framework of this third priority field: Health: pharmaco-imaging, theranostics, lipoproteins, immunology, inflammation, oncology, oncogenetics, lipids, genetic and developmental disorders Innovative intelligent systems technologies: drug distribution, labs-on-chips, new imaging probes Cognitive sciences: cognitive stimulation, rehabilitation, neuronal &hellip; Continued\" \/>\n<meta property=\"og:url\" content=\"https:\/\/www.ubfc.fr\/en\/isite-bfc-project\/3rd-axis-comprehensive-individual-care\/\" \/>\n<meta property=\"og:site_name\" content=\"COMUE Universit\u00e9 Bourgogne-Franche-Comt\u00e9\" \/>\n<meta property=\"article:publisher\" content=\"https:\/\/www.facebook.com\/UnivBFC\/\" \/>\n<meta property=\"article:modified_time\" content=\"2022-11-23T14:56:08+00:00\" \/>\n<meta property=\"og:image\" content=\"https:\/\/www.ubfc.fr\/wp-content\/uploads\/2019\/05\/efs-medicaments-therapie-innovante-3-1024x683.jpg\" \/>\n<meta name=\"twitter:card\" content=\"summary_large_image\" \/>\n<meta name=\"twitter:site\" content=\"@univ_bfc\" \/>\n<meta name=\"twitter:label1\" content=\"Est. reading time\" \/>\n\t<meta name=\"twitter:data1\" content=\"5 minutes\" \/>\n<script type=\"application\/ld+json\" class=\"yoast-schema-graph\">{\"@context\":\"https:\\\/\\\/schema.org\",\"@graph\":[{\"@type\":\"WebPage\",\"@id\":\"https:\\\/\\\/www.ubfc.fr\\\/en\\\/isite-bfc-project\\\/3rd-axis-comprehensive-individual-care\\\/\",\"url\":\"https:\\\/\\\/www.ubfc.fr\\\/en\\\/isite-bfc-project\\\/3rd-axis-comprehensive-individual-care\\\/\",\"name\":\"3rd axis: Comprehensive individual care - COMUE Universit\u00e9 Bourgogne-Franche-Comt\u00e9\",\"isPartOf\":{\"@id\":\"https:\\\/\\\/www.ubfc.fr\\\/#website\"},\"primaryImageOfPage\":{\"@id\":\"https:\\\/\\\/www.ubfc.fr\\\/en\\\/isite-bfc-project\\\/3rd-axis-comprehensive-individual-care\\\/#primaryimage\"},\"image\":{\"@id\":\"https:\\\/\\\/www.ubfc.fr\\\/en\\\/isite-bfc-project\\\/3rd-axis-comprehensive-individual-care\\\/#primaryimage\"},\"thumbnailUrl\":\"https:\\\/\\\/www.ubfc.fr\\\/wp-content\\\/uploads\\\/2019\\\/05\\\/efs-medicaments-therapie-innovante-3-1024x683.jpg\",\"datePublished\":\"2020-12-07T14:03:50+00:00\",\"dateModified\":\"2022-11-23T14:56:08+00:00\",\"breadcrumb\":{\"@id\":\"https:\\\/\\\/www.ubfc.fr\\\/en\\\/isite-bfc-project\\\/3rd-axis-comprehensive-individual-care\\\/#breadcrumb\"},\"inLanguage\":\"en-US\",\"potentialAction\":[{\"@type\":\"ReadAction\",\"target\":[\"https:\\\/\\\/www.ubfc.fr\\\/en\\\/isite-bfc-project\\\/3rd-axis-comprehensive-individual-care\\\/\"]}]},{\"@type\":\"ImageObject\",\"inLanguage\":\"en-US\",\"@id\":\"https:\\\/\\\/www.ubfc.fr\\\/en\\\/isite-bfc-project\\\/3rd-axis-comprehensive-individual-care\\\/#primaryimage\",\"url\":\"https:\\\/\\\/www.ubfc.fr\\\/wp-content\\\/uploads\\\/2019\\\/05\\\/efs-medicaments-therapie-innovante-3-1024x683.jpg\",\"contentUrl\":\"https:\\\/\\\/www.ubfc.fr\\\/wp-content\\\/uploads\\\/2019\\\/05\\\/efs-medicaments-therapie-innovante-3-1024x683.jpg\"},{\"@type\":\"BreadcrumbList\",\"@id\":\"https:\\\/\\\/www.ubfc.fr\\\/en\\\/isite-bfc-project\\\/3rd-axis-comprehensive-individual-care\\\/#breadcrumb\",\"itemListElement\":[{\"@type\":\"ListItem\",\"position\":1,\"name\":\"Accueil\",\"item\":\"https:\\\/\\\/www.ubfc.fr\\\/en\\\/\"},{\"@type\":\"ListItem\",\"position\":2,\"name\":\"ISITE-BFC project\",\"item\":\"https:\\\/\\\/www.ubfc.fr\\\/en\\\/isite-bfc-project\\\/\"},{\"@type\":\"ListItem\",\"position\":3,\"name\":\"3rd axis: Comprehensive individual care\"}]},{\"@type\":\"WebSite\",\"@id\":\"https:\\\/\\\/www.ubfc.fr\\\/#website\",\"url\":\"https:\\\/\\\/www.ubfc.fr\\\/\",\"name\":\"COMUE Universit\u00e9 Bourgogne-Franche-Comt\u00e9\",\"description\":\"\",\"publisher\":{\"@id\":\"https:\\\/\\\/www.ubfc.fr\\\/#organization\"},\"potentialAction\":[{\"@type\":\"SearchAction\",\"target\":{\"@type\":\"EntryPoint\",\"urlTemplate\":\"https:\\\/\\\/www.ubfc.fr\\\/?s={search_term_string}\"},\"query-input\":{\"@type\":\"PropertyValueSpecification\",\"valueRequired\":true,\"valueName\":\"search_term_string\"}}],\"inLanguage\":\"en-US\"},{\"@type\":\"Organization\",\"@id\":\"https:\\\/\\\/www.ubfc.fr\\\/#organization\",\"name\":\"Universit\u00e9 Bourgogne-Franche-Comt\u00e9\",\"url\":\"https:\\\/\\\/www.ubfc.fr\\\/\",\"logo\":{\"@type\":\"ImageObject\",\"inLanguage\":\"en-US\",\"@id\":\"https:\\\/\\\/www.ubfc.fr\\\/#\\\/schema\\\/logo\\\/image\\\/\",\"url\":\"https:\\\/\\\/www.ubfc.fr\\\/wp-content\\\/uploads\\\/2022\\\/03\\\/vagueUBFC_favicon.png\",\"contentUrl\":\"https:\\\/\\\/www.ubfc.fr\\\/wp-content\\\/uploads\\\/2022\\\/03\\\/vagueUBFC_favicon.png\",\"width\":512,\"height\":512,\"caption\":\"Universit\u00e9 Bourgogne-Franche-Comt\u00e9\"},\"image\":{\"@id\":\"https:\\\/\\\/www.ubfc.fr\\\/#\\\/schema\\\/logo\\\/image\\\/\"},\"sameAs\":[\"https:\\\/\\\/www.facebook.com\\\/UnivBFC\\\/\",\"https:\\\/\\\/x.com\\\/univ_bfc\",\"https:\\\/\\\/www.linkedin.com\\\/school\\\/universitebourgognefranchecomte\\\/mycompany\\\/\"]}]}<\/script>\n<!-- \/ Yoast SEO plugin. -->","yoast_head_json":{"title":"3rd axis: Comprehensive individual care - COMUE Universit\u00e9 Bourgogne-Franche-Comt\u00e9","robots":{"index":"index","follow":"follow","max-snippet":"max-snippet:-1","max-image-preview":"max-image-preview:large","max-video-preview":"max-video-preview:-1"},"canonical":"https:\/\/www.ubfc.fr\/en\/isite-bfc-project\/3rd-axis-comprehensive-individual-care\/","og_locale":"en_US","og_type":"article","og_title":"3rd axis: Comprehensive individual care - COMUE Universit\u00e9 Bourgogne-Franche-Comt\u00e9","og_description":"Coordinators: Olivier Micheau, Inserm David Masson, uB The scientific skills inherent of the following themes will be developed within the framework of this third priority field: Health: pharmaco-imaging, theranostics, lipoproteins, immunology, inflammation, oncology, oncogenetics, lipids, genetic and developmental disorders Innovative intelligent systems technologies: drug distribution, labs-on-chips, new imaging probes Cognitive sciences: cognitive stimulation, rehabilitation, neuronal &hellip; Continued","og_url":"https:\/\/www.ubfc.fr\/en\/isite-bfc-project\/3rd-axis-comprehensive-individual-care\/","og_site_name":"COMUE Universit\u00e9 Bourgogne-Franche-Comt\u00e9","article_publisher":"https:\/\/www.facebook.com\/UnivBFC\/","article_modified_time":"2022-11-23T14:56:08+00:00","og_image":[{"url":"https:\/\/www.ubfc.fr\/wp-content\/uploads\/2019\/05\/efs-medicaments-therapie-innovante-3-1024x683.jpg","type":"","width":"","height":""}],"twitter_card":"summary_large_image","twitter_site":"@univ_bfc","twitter_misc":{"Est. reading time":"5 minutes"},"schema":{"@context":"https:\/\/schema.org","@graph":[{"@type":"WebPage","@id":"https:\/\/www.ubfc.fr\/en\/isite-bfc-project\/3rd-axis-comprehensive-individual-care\/","url":"https:\/\/www.ubfc.fr\/en\/isite-bfc-project\/3rd-axis-comprehensive-individual-care\/","name":"3rd axis: Comprehensive individual care - COMUE Universit\u00e9 Bourgogne-Franche-Comt\u00e9","isPartOf":{"@id":"https:\/\/www.ubfc.fr\/#website"},"primaryImageOfPage":{"@id":"https:\/\/www.ubfc.fr\/en\/isite-bfc-project\/3rd-axis-comprehensive-individual-care\/#primaryimage"},"image":{"@id":"https:\/\/www.ubfc.fr\/en\/isite-bfc-project\/3rd-axis-comprehensive-individual-care\/#primaryimage"},"thumbnailUrl":"https:\/\/www.ubfc.fr\/wp-content\/uploads\/2019\/05\/efs-medicaments-therapie-innovante-3-1024x683.jpg","datePublished":"2020-12-07T14:03:50+00:00","dateModified":"2022-11-23T14:56:08+00:00","breadcrumb":{"@id":"https:\/\/www.ubfc.fr\/en\/isite-bfc-project\/3rd-axis-comprehensive-individual-care\/#breadcrumb"},"inLanguage":"en-US","potentialAction":[{"@type":"ReadAction","target":["https:\/\/www.ubfc.fr\/en\/isite-bfc-project\/3rd-axis-comprehensive-individual-care\/"]}]},{"@type":"ImageObject","inLanguage":"en-US","@id":"https:\/\/www.ubfc.fr\/en\/isite-bfc-project\/3rd-axis-comprehensive-individual-care\/#primaryimage","url":"https:\/\/www.ubfc.fr\/wp-content\/uploads\/2019\/05\/efs-medicaments-therapie-innovante-3-1024x683.jpg","contentUrl":"https:\/\/www.ubfc.fr\/wp-content\/uploads\/2019\/05\/efs-medicaments-therapie-innovante-3-1024x683.jpg"},{"@type":"BreadcrumbList","@id":"https:\/\/www.ubfc.fr\/en\/isite-bfc-project\/3rd-axis-comprehensive-individual-care\/#breadcrumb","itemListElement":[{"@type":"ListItem","position":1,"name":"Accueil","item":"https:\/\/www.ubfc.fr\/en\/"},{"@type":"ListItem","position":2,"name":"ISITE-BFC project","item":"https:\/\/www.ubfc.fr\/en\/isite-bfc-project\/"},{"@type":"ListItem","position":3,"name":"3rd axis: Comprehensive individual care"}]},{"@type":"WebSite","@id":"https:\/\/www.ubfc.fr\/#website","url":"https:\/\/www.ubfc.fr\/","name":"COMUE Universit\u00e9 Bourgogne-Franche-Comt\u00e9","description":"","publisher":{"@id":"https:\/\/www.ubfc.fr\/#organization"},"potentialAction":[{"@type":"SearchAction","target":{"@type":"EntryPoint","urlTemplate":"https:\/\/www.ubfc.fr\/?s={search_term_string}"},"query-input":{"@type":"PropertyValueSpecification","valueRequired":true,"valueName":"search_term_string"}}],"inLanguage":"en-US"},{"@type":"Organization","@id":"https:\/\/www.ubfc.fr\/#organization","name":"Universit\u00e9 Bourgogne-Franche-Comt\u00e9","url":"https:\/\/www.ubfc.fr\/","logo":{"@type":"ImageObject","inLanguage":"en-US","@id":"https:\/\/www.ubfc.fr\/#\/schema\/logo\/image\/","url":"https:\/\/www.ubfc.fr\/wp-content\/uploads\/2022\/03\/vagueUBFC_favicon.png","contentUrl":"https:\/\/www.ubfc.fr\/wp-content\/uploads\/2022\/03\/vagueUBFC_favicon.png","width":512,"height":512,"caption":"Universit\u00e9 Bourgogne-Franche-Comt\u00e9"},"image":{"@id":"https:\/\/www.ubfc.fr\/#\/schema\/logo\/image\/"},"sameAs":["https:\/\/www.facebook.com\/UnivBFC\/","https:\/\/x.com\/univ_bfc","https:\/\/www.linkedin.com\/school\/universitebourgognefranchecomte\/mycompany\/"]}]}},"_links":{"self":[{"href":"https:\/\/www.ubfc.fr\/en\/wp-json\/wp\/v2\/pages\/49442","targetHints":{"allow":["GET"]}}],"collection":[{"href":"https:\/\/www.ubfc.fr\/en\/wp-json\/wp\/v2\/pages"}],"about":[{"href":"https:\/\/www.ubfc.fr\/en\/wp-json\/wp\/v2\/types\/page"}],"author":[{"embeddable":true,"href":"https:\/\/www.ubfc.fr\/en\/wp-json\/wp\/v2\/users\/6"}],"replies":[{"embeddable":true,"href":"https:\/\/www.ubfc.fr\/en\/wp-json\/wp\/v2\/comments?post=49442"}],"version-history":[{"count":0,"href":"https:\/\/www.ubfc.fr\/en\/wp-json\/wp\/v2\/pages\/49442\/revisions"}],"up":[{"embeddable":true,"href":"https:\/\/www.ubfc.fr\/en\/wp-json\/wp\/v2\/pages\/50072"}],"wp:attachment":[{"href":"https:\/\/www.ubfc.fr\/en\/wp-json\/wp\/v2\/media?parent=49442"}],"curies":[{"name":"wp","href":"https:\/\/api.w.org\/{rel}","templated":true}]}}