{"id":48338,"date":"2020-10-29T16:34:42","date_gmt":"2020-10-29T15:34:42","guid":{"rendered":"https:\/\/www.ubfc.fr\/master-rare-book-and-digital-humanities\/"},"modified":"2022-12-12T11:41:26","modified_gmt":"2022-12-12T10:41:26","slug":"master-rare-book-and-digital-humanities","status":"publish","type":"page","link":"https:\/\/www.ubfc.fr\/en\/formations\/masters\/master-rare-book-and-digital-humanities\/","title":{"rendered":"Master Rare Book and Digital Humanities"},"content":{"rendered":"\t\t<div data-elementor-type=\"wp-post\" data-elementor-id=\"48338\" class=\"elementor elementor-48338 elementor-35249\" data-elementor-post-type=\"page\">\n\t\t\t\t\t\t<section class=\"elementor-section elementor-top-section elementor-element elementor-element-eedd44d elementor-section-boxed elementor-section-height-default elementor-section-height-default\" data-id=\"eedd44d\" data-element_type=\"section\" data-e-type=\"section\">\n\t\t\t\t\t\t<div class=\"elementor-container elementor-column-gap-default\">\n\t\t\t\t\t<div class=\"elementor-column elementor-col-100 elementor-top-column elementor-element elementor-element-ca19212\" data-id=\"ca19212\" data-element_type=\"column\" data-e-type=\"column\">\n\t\t\t<div class=\"elementor-widget-wrap elementor-element-populated\">\n\t\t\t\t\t\t<div class=\"elementor-element elementor-element-cc6173d elementor-widget elementor-widget-text-editor\" data-id=\"cc6173d\" data-element_type=\"widget\" data-e-type=\"widget\" data-widget_type=\"text-editor.default\">\n\t\t\t\t<div class=\"elementor-widget-container\">\n\t\t\t\t\t\t\t\t\t<h3><span style=\"font-size: 12pt;\"><strong>Outline of the program\u00a0\u00a0 <\/strong><\/span><\/h3>\n<p style=\"text-align: justify;\"><span style=\"font-size: 10pt;\">The Rare Book and Digital Humanities Master\u2019s degree aims at providing high level competence in rare and early books with a view to providing the capacity to work in the book trade or in rare book conservation and digitization, along with digital humanities expertise allowing one to supervise digitization, online accessibility, and 3D animation projects, among others.<\/span><\/p>\n<h3><span style=\"font-size: 12pt;\"><strong>Program description<br \/>\n<\/strong><\/span><\/h3>\n<p style=\"text-align: justify;\"><span style=\"font-size: 10pt;\">A two-year Master\u2019s degree taught in English (80 per cent) and French (20 per cent). Subjects taught include descriptive bibliography (description of rare and early books); history of the book and writing; digital humanities theory and practice; community management; computer science (TEI, XML, database creation and management, digital imaging, 3D technology) and basic training in classical languages (latin and ancient greek). It provides the following skills: knowledge of the principles of descriptive bibliography and competence in bibliographical description of rare and early books; familiarity with the book world and culture of writing as well as culture in a broad sense; theoretical and practical knowledge in computer science; general and practical knowledge of ancient and modern languages, with a view to being able to work at an international level in the book trade, auction houses, libraries, museums, and other cultural institutions.<\/span><br \/>\n<span style=\"font-size: 10pt;\">This postgraduate degree has a twofold research and professional orientation. It therefore prepares for either professional insertion in one of the sectors described below or further study at the doctorate level.<\/span><\/p>\n<h3><strong><span style=\"font-size: 18pt;\"><span style=\"font-size: 12pt;\">Program curriculum\u00a0\u00a0<\/span>\u00a0<\/span> <\/strong><\/h3>\n<p style=\"text-align: justify;\"><span style=\"font-size: 10pt;\"><strong>First year, Fall semester :<\/strong><\/span><\/p>\n<ul>\n<li style=\"text-align: justify;\"><span style=\"font-size: 10pt;\">Bibliography: theory and practice 1 (ECTS 6): Introduction to bibliographical description; Practical bibliography<\/span><\/li>\n<li style=\"text-align: justify;\"><span style=\"font-size: 10pt;\">\u00a0Book culture in Europe (ECTS 6): European Culture; History of the book and manuscript culture<\/span><\/li>\n<li style=\"text-align: justify;\"><span style=\"font-size: 10pt;\">\u00a0Knowledge and techniques (ECTS 6): Multimedia creation; Introduction to HTML and XML languages.<\/span><\/li>\n<li style=\"text-align: justify;\"><span style=\"font-size: 10pt;\">\u00a0Tools for rare books (ECTS 6): Image processing; Classical languages\u00a0 (latin and ancient greek) for rare books studies; Book trade<\/span><\/li>\n<li style=\"text-align: justify;\"><span style=\"font-size: 10pt;\">\u00a0Project and planning internship (ECTS 6).<\/span><\/li>\n<\/ul>\n<p style=\"text-align: justify;\"><span style=\"font-size: 10pt;\"><strong>First year, Spring semester :<\/strong><\/span><\/p>\n<ul>\n<li style=\"text-align: justify;\"><span style=\"font-size: 10pt;\">Bibliography: theory and practice 2 (ECTS 5): Bibliography; Practical bibliography<\/span><\/li>\n<li style=\"text-align: justify;\"><span style=\"font-size: 10pt;\">\u00a0European civilization of book 2 (ECTS 5): European Culture; History of the book<\/span><\/li>\n<li style=\"text-align: justify;\"><span style=\"font-size: 10pt;\">\u00a0Theory and pratices of digital humanities (ECTS 5): Introduction to digital humanities; Relational databases<\/span><\/li>\n<li style=\"text-align: justify;\"><span style=\"font-size: 10pt;\">Tools for rare books 2 (ECTS 5): Image processing and 3D; Classical languages for rare books studies; Cultural property law<\/span><\/li>\n<li style=\"text-align: justify;\"><span style=\"font-size: 10pt;\">\u00a0Project and planning internship (ECTS 5)<\/span><\/li>\n<li style=\"text-align: justify;\"><span style=\"font-size: 10pt;\">\u00a0Two-month internship (ECTS 5).<\/span><\/li>\n<\/ul>\n<p style=\"text-align: justify;\"><span style=\"font-size: 10pt;\"><strong>Second year, Fall semester :<\/strong><\/span><\/p>\n<ul style=\"text-align: justify;\">\n<li><span style=\"font-size: 10pt;\">\u00a0Tools and environment for multimedia (ECST 5): Introduction to terminology and terminology databases; Website management; Introduction to electronic corpus processing<\/span><\/li>\n<li><span style=\"font-size: 10pt;\">\u00a0Bibliography: theory and practice 3 (ECST 5): Bibliography; Practical bibliography<\/span><\/li>\n<li><span style=\"font-size: 10pt;\">Theory and practices of digital humanities 2 (ECST 5): Digitizing rare book and manuscripts; Relational databases<\/span><\/li>\n<li><span style=\"font-size: 10pt;\">\u00a0History of the book : cultural approaches (ECST 5): The book and writing beyond Europe; Illustrated books and livres d\u2019artiste<\/span><\/li>\n<li><span style=\"font-size: 10pt;\">\u00a0Tools for rare books 3 (ECST 6): Image processing +3D; Classical languages for rare books studies<\/span><\/li>\n<li><span style=\"font-size: 10pt;\">\u00a0Project and planning internship (ECST 6).<\/span><\/li>\n<\/ul>\n<p style=\"text-align: justify;\"><span style=\"font-size: 10pt;\"><strong>Second year, Spring semester :<\/strong><\/span><\/p>\n<ul>\n<li style=\"text-align: justify;\"><span style=\"font-size: 10pt;\">\u00a06 months Research (Lab) or Professional Internship.<\/span><\/li>\n<\/ul>\n<h3><span style=\"font-size: 12pt;\"><strong>Entry requirements\u00a0\u00a0\u00a0\u00a0 <\/strong><\/span><\/h3>\n<p style=\"text-align: justify;\"><span style=\"font-size: 10pt;\">Graduates in classics, comparative literature, history, art history, English or modern languages, philosophy, and all persons interested in the culture of the book and writing and in applied digital technology (persons without a B.A. degree can apply for validation of professional experience). French language courses are offered before the beginning of the academic year.<\/span><\/p>\n<h3 style=\"text-align: justify;\"><strong><span style=\"font-size: 18pt;\"><span style=\"font-size: 12pt;\">Future career prospects\u00a0<\/span>\u00a0<\/span> <\/strong><\/h3>\n<ul>\n<li style=\"text-align: justify;\"><span style=\"font-size: 10pt;\">Professional insertion with two years of postgraduate work; rare book trade; curator ship in libraries or museums (internationally); head of digitization projects in cultural institutions; consultant in rare and early books.<\/span><\/li>\n<li style=\"text-align: justify;\"><span style=\"font-size: 10pt;\">Further study at the doctorate level (with numerous opportunities for double supervision in Europe and beyond) in digital humanities, English and anglophone studies, Spanish, Portuguese, Italian, and Latin-American studies, classical studies, comparative literature, history, and art history.<\/span><\/li>\n<\/ul>\n\t\t\t\t\t\t\t\t<\/div>\n\t\t\t\t<\/div>\n\t\t\t\t\t<\/div>\n\t\t<\/div>\n\t\t\t\t\t<\/div>\n\t\t<\/section>\n\t\t\t\t<section class=\"elementor-section elementor-top-section elementor-element elementor-element-772b46a elementor-section-boxed elementor-section-height-default elementor-section-height-default\" data-id=\"772b46a\" data-element_type=\"section\" data-e-type=\"section\">\n\t\t\t\t\t\t<div class=\"elementor-container elementor-column-gap-default\">\n\t\t\t\t\t<div class=\"elementor-column elementor-col-33 elementor-top-column elementor-element elementor-element-f311ab3\" data-id=\"f311ab3\" data-element_type=\"column\" data-e-type=\"column\">\n\t\t\t<div class=\"elementor-widget-wrap elementor-element-populated\">\n\t\t\t\t\t\t<div class=\"elementor-element elementor-element-35a953b elementor-widget elementor-widget-text-editor\" data-id=\"35a953b\" data-element_type=\"widget\" data-e-type=\"widget\" data-widget_type=\"text-editor.default\">\n\t\t\t\t<div class=\"elementor-widget-container\">\n\t\t\t\t\t\t\t\t\t<h3><span style=\"font-size: 18pt;\"><strong><span style=\"font-size: 12pt;\">Contact<\/span><br \/>\n<\/strong><\/span><\/h3>\n<p><span style=\"font-size: 13.3333px;\">Fr\u00e9d\u00e9ric SPAGNOLI <a href=\"mailto:frederic.spagnoli@univ-fcomte.fr\">frederic.spagnoli@univ-fcomte.fr\u00a0<\/a><\/span><br \/>\n<span style=\"font-size: 10pt;\">Universit\u00e9 de Franche-Comt\u00e9 \/\/ UFR SLHS<\/span><br \/>\n<span style=\"font-size: 10pt;\">32, rue M\u00e9gevand &#8211; 25000 BESAN\u00c7ON<\/span><\/p>\n\t\t\t\t\t\t\t\t<\/div>\n\t\t\t\t<\/div>\n\t\t\t\t\t<\/div>\n\t\t<\/div>\n\t\t\t\t<div class=\"elementor-column elementor-col-33 elementor-top-column elementor-element elementor-element-3b8dc25\" data-id=\"3b8dc25\" data-element_type=\"column\" data-e-type=\"column\">\n\t\t\t<div class=\"elementor-widget-wrap elementor-element-populated\">\n\t\t\t\t\t\t<div class=\"elementor-element elementor-element-100b069 elementor-widget elementor-widget-button\" data-id=\"100b069\" data-element_type=\"widget\" data-e-type=\"widget\" data-widget_type=\"button.default\">\n\t\t\t\t<div class=\"elementor-widget-container\">\n\t\t\t\t\t\t\t\t\t<div class=\"elementor-button-wrapper\">\n\t\t\t\t\t<a class=\"elementor-button elementor-button-link elementor-size-sm\" href=\"https:\/\/rare-book-and-digital-humanities.ubfc.fr\/?lang=en\">\n\t\t\t\t\t\t<span class=\"elementor-button-content-wrapper\">\n\t\t\t\t\t\t\t\t\t<span class=\"elementor-button-text\">Rare Book website<\/span>\n\t\t\t\t\t<\/span>\n\t\t\t\t\t<\/a>\n\t\t\t\t<\/div>\n\t\t\t\t\t\t\t\t<\/div>\n\t\t\t\t<\/div>\n\t\t\t\t<div class=\"elementor-element elementor-element-1a6d3aa elementor-widget elementor-widget-text-editor\" data-id=\"1a6d3aa\" data-element_type=\"widget\" data-e-type=\"widget\" data-widget_type=\"text-editor.default\">\n\t\t\t\t<div class=\"elementor-widget-container\">\n\t\t\t\t\t\t\t\t\t<blockquote>\n<p style=\"text-align: justify;\"><a href=\"https:\/\/www.ubfc.fr\/formations\/masters\/\"><span style=\"font-size: 10pt;\">&gt; Retourner \u00e0 la page pr\u00e9c\u00e9dente pour candidater<\/span><\/a><\/p>\n<\/blockquote>\n\t\t\t\t\t\t\t\t<\/div>\n\t\t\t\t<\/div>\n\t\t\t\t\t<\/div>\n\t\t<\/div>\n\t\t\t\t<div class=\"elementor-column elementor-col-33 elementor-top-column elementor-element elementor-element-e4befda\" data-id=\"e4befda\" data-element_type=\"column\" data-e-type=\"column\">\n\t\t\t<div class=\"elementor-widget-wrap\">\n\t\t\t\t\t\t\t<\/div>\n\t\t<\/div>\n\t\t\t\t\t<\/div>\n\t\t<\/section>\n\t\t\t\t<\/div>\n\t\t","protected":false},"excerpt":{"rendered":"<p>Outline of the program\u00a0\u00a0 The Rare Book and Digital Humanities Master\u2019s degree aims at providing high level competence in rare and early books with a view to providing the capacity to work in the book trade or in rare book conservation and digitization, along with digital humanities expertise allowing one to supervise digitization, online accessibility, &hellip; <a href=\"https:\/\/www.ubfc.fr\/en\/formations\/masters\/master-rare-book-and-digital-humanities\/\">Continued<\/a><\/p>\n","protected":false},"author":18,"featured_media":0,"parent":45825,"menu_order":332,"comment_status":"closed","ping_status":"closed","template":"","meta":{"_acf_changed":false,"footnotes":""},"class_list":["post-48338","page","type-page","status-publish","hentry"],"acf":[],"yoast_head":"<!-- This site is optimized with the Yoast SEO plugin v27.3 - https:\/\/yoast.com\/product\/yoast-seo-wordpress\/ -->\n<title>Master Rare Book and Digital Humanities - COMUE Universit\u00e9 Bourgogne-Franche-Comt\u00e9<\/title>\n<meta name=\"robots\" content=\"index, follow, max-snippet:-1, max-image-preview:large, max-video-preview:-1\" \/>\n<link rel=\"canonical\" href=\"https:\/\/www.ubfc.fr\/en\/formations\/masters\/master-rare-book-and-digital-humanities\/\" \/>\n<meta property=\"og:locale\" content=\"en_US\" \/>\n<meta property=\"og:type\" content=\"article\" \/>\n<meta property=\"og:title\" content=\"Master Rare Book and Digital Humanities - COMUE Universit\u00e9 Bourgogne-Franche-Comt\u00e9\" \/>\n<meta property=\"og:description\" content=\"Outline of the program\u00a0\u00a0 The Rare Book and Digital Humanities Master\u2019s degree aims at providing high level competence in rare and early books with a view to providing the capacity to work in the book trade or in rare book conservation and digitization, along with digital humanities expertise allowing one to supervise digitization, online accessibility, &hellip; Continued\" \/>\n<meta property=\"og:url\" content=\"https:\/\/www.ubfc.fr\/en\/formations\/masters\/master-rare-book-and-digital-humanities\/\" \/>\n<meta property=\"og:site_name\" content=\"COMUE Universit\u00e9 Bourgogne-Franche-Comt\u00e9\" \/>\n<meta property=\"article:publisher\" content=\"https:\/\/www.facebook.com\/UnivBFC\/\" \/>\n<meta property=\"article:modified_time\" content=\"2022-12-12T10:41:26+00:00\" \/>\n<meta name=\"twitter:card\" content=\"summary_large_image\" \/>\n<meta name=\"twitter:site\" content=\"@univ_bfc\" \/>\n<meta name=\"twitter:label1\" content=\"Est. reading time\" \/>\n\t<meta name=\"twitter:data1\" content=\"3 minutes\" \/>\n<script type=\"application\/ld+json\" class=\"yoast-schema-graph\">{\"@context\":\"https:\\\/\\\/schema.org\",\"@graph\":[{\"@type\":\"WebPage\",\"@id\":\"https:\\\/\\\/www.ubfc.fr\\\/en\\\/formations\\\/masters\\\/master-rare-book-and-digital-humanities\\\/\",\"url\":\"https:\\\/\\\/www.ubfc.fr\\\/en\\\/formations\\\/masters\\\/master-rare-book-and-digital-humanities\\\/\",\"name\":\"Master Rare Book and Digital Humanities - COMUE Universit\u00e9 Bourgogne-Franche-Comt\u00e9\",\"isPartOf\":{\"@id\":\"https:\\\/\\\/www.ubfc.fr\\\/#website\"},\"datePublished\":\"2020-10-29T15:34:42+00:00\",\"dateModified\":\"2022-12-12T10:41:26+00:00\",\"breadcrumb\":{\"@id\":\"https:\\\/\\\/www.ubfc.fr\\\/en\\\/formations\\\/masters\\\/master-rare-book-and-digital-humanities\\\/#breadcrumb\"},\"inLanguage\":\"en-US\",\"potentialAction\":[{\"@type\":\"ReadAction\",\"target\":[\"https:\\\/\\\/www.ubfc.fr\\\/en\\\/formations\\\/masters\\\/master-rare-book-and-digital-humanities\\\/\"]}]},{\"@type\":\"BreadcrumbList\",\"@id\":\"https:\\\/\\\/www.ubfc.fr\\\/en\\\/formations\\\/masters\\\/master-rare-book-and-digital-humanities\\\/#breadcrumb\",\"itemListElement\":[{\"@type\":\"ListItem\",\"position\":1,\"name\":\"Accueil\",\"item\":\"https:\\\/\\\/www.ubfc.fr\\\/en\\\/\"},{\"@type\":\"ListItem\",\"position\":2,\"name\":\"Trainings\",\"item\":\"https:\\\/\\\/www.ubfc.fr\\\/en\\\/formations\\\/\"},{\"@type\":\"ListItem\",\"position\":3,\"name\":\"Masters\",\"item\":\"https:\\\/\\\/www.ubfc.fr\\\/en\\\/formations\\\/masters\\\/\"},{\"@type\":\"ListItem\",\"position\":4,\"name\":\"Master Rare Book and Digital Humanities\"}]},{\"@type\":\"WebSite\",\"@id\":\"https:\\\/\\\/www.ubfc.fr\\\/#website\",\"url\":\"https:\\\/\\\/www.ubfc.fr\\\/\",\"name\":\"COMUE Universit\u00e9 Bourgogne-Franche-Comt\u00e9\",\"description\":\"\",\"publisher\":{\"@id\":\"https:\\\/\\\/www.ubfc.fr\\\/#organization\"},\"potentialAction\":[{\"@type\":\"SearchAction\",\"target\":{\"@type\":\"EntryPoint\",\"urlTemplate\":\"https:\\\/\\\/www.ubfc.fr\\\/?s={search_term_string}\"},\"query-input\":{\"@type\":\"PropertyValueSpecification\",\"valueRequired\":true,\"valueName\":\"search_term_string\"}}],\"inLanguage\":\"en-US\"},{\"@type\":\"Organization\",\"@id\":\"https:\\\/\\\/www.ubfc.fr\\\/#organization\",\"name\":\"Universit\u00e9 Bourgogne-Franche-Comt\u00e9\",\"url\":\"https:\\\/\\\/www.ubfc.fr\\\/\",\"logo\":{\"@type\":\"ImageObject\",\"inLanguage\":\"en-US\",\"@id\":\"https:\\\/\\\/www.ubfc.fr\\\/#\\\/schema\\\/logo\\\/image\\\/\",\"url\":\"https:\\\/\\\/www.ubfc.fr\\\/wp-content\\\/uploads\\\/2022\\\/03\\\/vagueUBFC_favicon.png\",\"contentUrl\":\"https:\\\/\\\/www.ubfc.fr\\\/wp-content\\\/uploads\\\/2022\\\/03\\\/vagueUBFC_favicon.png\",\"width\":512,\"height\":512,\"caption\":\"Universit\u00e9 Bourgogne-Franche-Comt\u00e9\"},\"image\":{\"@id\":\"https:\\\/\\\/www.ubfc.fr\\\/#\\\/schema\\\/logo\\\/image\\\/\"},\"sameAs\":[\"https:\\\/\\\/www.facebook.com\\\/UnivBFC\\\/\",\"https:\\\/\\\/x.com\\\/univ_bfc\",\"https:\\\/\\\/www.linkedin.com\\\/school\\\/universitebourgognefranchecomte\\\/mycompany\\\/\"]}]}<\/script>\n<!-- \/ Yoast SEO plugin. -->","yoast_head_json":{"title":"Master Rare Book and Digital Humanities - COMUE Universit\u00e9 Bourgogne-Franche-Comt\u00e9","robots":{"index":"index","follow":"follow","max-snippet":"max-snippet:-1","max-image-preview":"max-image-preview:large","max-video-preview":"max-video-preview:-1"},"canonical":"https:\/\/www.ubfc.fr\/en\/formations\/masters\/master-rare-book-and-digital-humanities\/","og_locale":"en_US","og_type":"article","og_title":"Master Rare Book and Digital Humanities - COMUE Universit\u00e9 Bourgogne-Franche-Comt\u00e9","og_description":"Outline of the program\u00a0\u00a0 The Rare Book and Digital Humanities Master\u2019s degree aims at providing high level competence in rare and early books with a view to providing the capacity to work in the book trade or in rare book conservation and digitization, along with digital humanities expertise allowing one to supervise digitization, online accessibility, &hellip; Continued","og_url":"https:\/\/www.ubfc.fr\/en\/formations\/masters\/master-rare-book-and-digital-humanities\/","og_site_name":"COMUE Universit\u00e9 Bourgogne-Franche-Comt\u00e9","article_publisher":"https:\/\/www.facebook.com\/UnivBFC\/","article_modified_time":"2022-12-12T10:41:26+00:00","twitter_card":"summary_large_image","twitter_site":"@univ_bfc","twitter_misc":{"Est. reading time":"3 minutes"},"schema":{"@context":"https:\/\/schema.org","@graph":[{"@type":"WebPage","@id":"https:\/\/www.ubfc.fr\/en\/formations\/masters\/master-rare-book-and-digital-humanities\/","url":"https:\/\/www.ubfc.fr\/en\/formations\/masters\/master-rare-book-and-digital-humanities\/","name":"Master Rare Book and Digital Humanities - COMUE Universit\u00e9 Bourgogne-Franche-Comt\u00e9","isPartOf":{"@id":"https:\/\/www.ubfc.fr\/#website"},"datePublished":"2020-10-29T15:34:42+00:00","dateModified":"2022-12-12T10:41:26+00:00","breadcrumb":{"@id":"https:\/\/www.ubfc.fr\/en\/formations\/masters\/master-rare-book-and-digital-humanities\/#breadcrumb"},"inLanguage":"en-US","potentialAction":[{"@type":"ReadAction","target":["https:\/\/www.ubfc.fr\/en\/formations\/masters\/master-rare-book-and-digital-humanities\/"]}]},{"@type":"BreadcrumbList","@id":"https:\/\/www.ubfc.fr\/en\/formations\/masters\/master-rare-book-and-digital-humanities\/#breadcrumb","itemListElement":[{"@type":"ListItem","position":1,"name":"Accueil","item":"https:\/\/www.ubfc.fr\/en\/"},{"@type":"ListItem","position":2,"name":"Trainings","item":"https:\/\/www.ubfc.fr\/en\/formations\/"},{"@type":"ListItem","position":3,"name":"Masters","item":"https:\/\/www.ubfc.fr\/en\/formations\/masters\/"},{"@type":"ListItem","position":4,"name":"Master Rare Book and Digital Humanities"}]},{"@type":"WebSite","@id":"https:\/\/www.ubfc.fr\/#website","url":"https:\/\/www.ubfc.fr\/","name":"COMUE Universit\u00e9 Bourgogne-Franche-Comt\u00e9","description":"","publisher":{"@id":"https:\/\/www.ubfc.fr\/#organization"},"potentialAction":[{"@type":"SearchAction","target":{"@type":"EntryPoint","urlTemplate":"https:\/\/www.ubfc.fr\/?s={search_term_string}"},"query-input":{"@type":"PropertyValueSpecification","valueRequired":true,"valueName":"search_term_string"}}],"inLanguage":"en-US"},{"@type":"Organization","@id":"https:\/\/www.ubfc.fr\/#organization","name":"Universit\u00e9 Bourgogne-Franche-Comt\u00e9","url":"https:\/\/www.ubfc.fr\/","logo":{"@type":"ImageObject","inLanguage":"en-US","@id":"https:\/\/www.ubfc.fr\/#\/schema\/logo\/image\/","url":"https:\/\/www.ubfc.fr\/wp-content\/uploads\/2022\/03\/vagueUBFC_favicon.png","contentUrl":"https:\/\/www.ubfc.fr\/wp-content\/uploads\/2022\/03\/vagueUBFC_favicon.png","width":512,"height":512,"caption":"Universit\u00e9 Bourgogne-Franche-Comt\u00e9"},"image":{"@id":"https:\/\/www.ubfc.fr\/#\/schema\/logo\/image\/"},"sameAs":["https:\/\/www.facebook.com\/UnivBFC\/","https:\/\/x.com\/univ_bfc","https:\/\/www.linkedin.com\/school\/universitebourgognefranchecomte\/mycompany\/"]}]}},"_links":{"self":[{"href":"https:\/\/www.ubfc.fr\/en\/wp-json\/wp\/v2\/pages\/48338","targetHints":{"allow":["GET"]}}],"collection":[{"href":"https:\/\/www.ubfc.fr\/en\/wp-json\/wp\/v2\/pages"}],"about":[{"href":"https:\/\/www.ubfc.fr\/en\/wp-json\/wp\/v2\/types\/page"}],"author":[{"embeddable":true,"href":"https:\/\/www.ubfc.fr\/en\/wp-json\/wp\/v2\/users\/18"}],"replies":[{"embeddable":true,"href":"https:\/\/www.ubfc.fr\/en\/wp-json\/wp\/v2\/comments?post=48338"}],"version-history":[{"count":0,"href":"https:\/\/www.ubfc.fr\/en\/wp-json\/wp\/v2\/pages\/48338\/revisions"}],"up":[{"embeddable":true,"href":"https:\/\/www.ubfc.fr\/en\/wp-json\/wp\/v2\/pages\/45825"}],"wp:attachment":[{"href":"https:\/\/www.ubfc.fr\/en\/wp-json\/wp\/v2\/media?parent=48338"}],"curies":[{"name":"wp","href":"https:\/\/api.w.org\/{rel}","templated":true}]}}