{"id":48246,"date":"2020-10-29T12:43:58","date_gmt":"2020-10-29T11:43:58","guid":{"rendered":"https:\/\/www.ubfc.fr\/academic-council-2018-minutes\/"},"modified":"2020-10-29T12:43:58","modified_gmt":"2020-10-29T11:43:58","slug":"academic-council-2018-minutes","status":"publish","type":"page","link":"https:\/\/www.ubfc.fr\/en\/ubfc\/governance\/bodies\/the-academic-council\/academic-council-2018-minutes\/","title":{"rendered":"Academic council &#8211; 2018 Minutes"},"content":{"rendered":"\t\t<div data-elementor-type=\"wp-page\" data-elementor-id=\"48246\" class=\"elementor elementor-48246 elementor-48195\" data-elementor-post-type=\"page\">\n\t\t\t\t\t\t<section class=\"elementor-section elementor-top-section elementor-element elementor-element-70b3ebe elementor-section-boxed elementor-section-height-default elementor-section-height-default\" data-id=\"70b3ebe\" data-element_type=\"section\" data-e-type=\"section\">\n\t\t\t\t\t\t<div class=\"elementor-container elementor-column-gap-default\">\n\t\t\t\t\t<div class=\"elementor-column elementor-col-100 elementor-top-column elementor-element elementor-element-050c805\" data-id=\"050c805\" data-element_type=\"column\" data-e-type=\"column\">\n\t\t\t<div class=\"elementor-widget-wrap elementor-element-populated\">\n\t\t\t\t\t\t<div class=\"elementor-element elementor-element-9edc827 elementor-widget elementor-widget-text-editor\" data-id=\"9edc827\" data-element_type=\"widget\" data-e-type=\"widget\" data-widget_type=\"text-editor.default\">\n\t\t\t\t<div class=\"elementor-widget-container\">\n\t\t\t\t\t\t\t\t\t<ul id=\"document-list-7\" class=\"collapse show\" data-parent=\"#document-section-7\">\n<li><a class=\"type-pdf\" href=\"https:\/\/www.ubfc.fr\/wp-content\/uploads\/2019\/01\/Motion-commune-CA-CAC-UBFC.pdf\" target=\"_blank\" rel=\"noopener\">Mention commune CA et CAC UBFC_s\u00e9ance CAC du 12 d\u00e9cembre 2018<\/a><\/li>\n<li><a class=\"type-pdf\" href=\"https:\/\/www.ubfc.fr\/wp-content\/uploads\/2018\/09\/CAC-PV-25_04_2018-avec-annexe-APPROUVE.pdf\" target=\"_blank\" rel=\"noopener\">S\u00e9ance du 25 avril 2018<\/a><\/li>\n<li><a class=\"type-other\" href=\"https:\/\/www.ubfc.fr\/en\/governance\/bodies\/the-academic-council\/\" target=\"_blank\" rel=\"noopener\">S\u00e9ance du 28 mars 2018<\/a><\/li>\n<li><a class=\"type-other\" href=\"https:\/\/www.ubfc.fr\/en\/governance\/bodies\/the-academic-council\/\" target=\"_blank\" rel=\"noopener\">S\u00e9ance du 28 f\u00e9vrier 2018<\/a><\/li>\n<li><a class=\"type-pdf\" href=\"https:\/\/www.ubfc.fr\/wp-content\/uploads\/2018\/09\/CAC-23_01_2018-PV-approuv\u00e9-complet.pdf\" target=\"_blank\" rel=\"noopener\">S\u00e9ance du 23 janvier 2018<\/a><\/li>\n<\/ul>\n\t\t\t\t\t\t\t\t<\/div>\n\t\t\t\t<\/div>\n\t\t\t\t\t<\/div>\n\t\t<\/div>\n\t\t\t\t\t<\/div>\n\t\t<\/section>\n\t\t\t\t<\/div>\n\t\t","protected":false},"excerpt":{"rendered":"<p>Mention commune CA et CAC UBFC_s\u00e9ance CAC du 12 d\u00e9cembre 2018 S\u00e9ance du 25 avril 2018 S\u00e9ance du 28 mars 2018 S\u00e9ance du 28 f\u00e9vrier 2018 S\u00e9ance du 23 janvier 2018<\/p>\n","protected":false},"author":18,"featured_media":0,"parent":45192,"menu_order":89,"comment_status":"closed","ping_status":"closed","template":"","meta":{"_acf_changed":false,"footnotes":""},"class_list":["post-48246","page","type-page","status-publish","hentry"],"acf":[],"yoast_head":"<!-- This site is optimized with the Yoast SEO plugin v27.3 - https:\/\/yoast.com\/product\/yoast-seo-wordpress\/ -->\n<title>Academic council - 2018 Minutes - COMUE Universit\u00e9 Bourgogne-Franche-Comt\u00e9<\/title>\n<meta name=\"robots\" content=\"index, follow, max-snippet:-1, max-image-preview:large, max-video-preview:-1\" \/>\n<link rel=\"canonical\" href=\"https:\/\/www.ubfc.fr\/en\/ubfc\/governance\/bodies\/the-academic-council\/academic-council-2018-minutes\/\" \/>\n<meta property=\"og:locale\" content=\"en_US\" \/>\n<meta property=\"og:type\" content=\"article\" \/>\n<meta property=\"og:title\" content=\"Academic council - 2018 Minutes - COMUE Universit\u00e9 Bourgogne-Franche-Comt\u00e9\" \/>\n<meta property=\"og:description\" content=\"Mention commune CA et CAC UBFC_s\u00e9ance CAC du 12 d\u00e9cembre 2018 S\u00e9ance du 25 avril 2018 S\u00e9ance du 28 mars 2018 S\u00e9ance du 28 f\u00e9vrier 2018 S\u00e9ance du 23 janvier 2018\" \/>\n<meta property=\"og:url\" content=\"https:\/\/www.ubfc.fr\/en\/ubfc\/governance\/bodies\/the-academic-council\/academic-council-2018-minutes\/\" \/>\n<meta property=\"og:site_name\" content=\"COMUE Universit\u00e9 Bourgogne-Franche-Comt\u00e9\" \/>\n<meta property=\"article:publisher\" content=\"https:\/\/www.facebook.com\/UnivBFC\/\" \/>\n<meta name=\"twitter:card\" content=\"summary_large_image\" \/>\n<meta name=\"twitter:site\" content=\"@univ_bfc\" \/>\n<script type=\"application\/ld+json\" class=\"yoast-schema-graph\">{\"@context\":\"https:\\\/\\\/schema.org\",\"@graph\":[{\"@type\":\"WebPage\",\"@id\":\"https:\\\/\\\/www.ubfc.fr\\\/en\\\/ubfc\\\/governance\\\/bodies\\\/the-academic-council\\\/academic-council-2018-minutes\\\/\",\"url\":\"https:\\\/\\\/www.ubfc.fr\\\/en\\\/ubfc\\\/governance\\\/bodies\\\/the-academic-council\\\/academic-council-2018-minutes\\\/\",\"name\":\"Academic council - 2018 Minutes - COMUE Universit\u00e9 Bourgogne-Franche-Comt\u00e9\",\"isPartOf\":{\"@id\":\"https:\\\/\\\/www.ubfc.fr\\\/#website\"},\"datePublished\":\"2020-10-29T11:43:58+00:00\",\"breadcrumb\":{\"@id\":\"https:\\\/\\\/www.ubfc.fr\\\/en\\\/ubfc\\\/governance\\\/bodies\\\/the-academic-council\\\/academic-council-2018-minutes\\\/#breadcrumb\"},\"inLanguage\":\"en-US\",\"potentialAction\":[{\"@type\":\"ReadAction\",\"target\":[\"https:\\\/\\\/www.ubfc.fr\\\/en\\\/ubfc\\\/governance\\\/bodies\\\/the-academic-council\\\/academic-council-2018-minutes\\\/\"]}]},{\"@type\":\"BreadcrumbList\",\"@id\":\"https:\\\/\\\/www.ubfc.fr\\\/en\\\/ubfc\\\/governance\\\/bodies\\\/the-academic-council\\\/academic-council-2018-minutes\\\/#breadcrumb\",\"itemListElement\":[{\"@type\":\"ListItem\",\"position\":1,\"name\":\"Accueil\",\"item\":\"https:\\\/\\\/www.ubfc.fr\\\/en\\\/\"},{\"@type\":\"ListItem\",\"position\":2,\"name\":\"UBFC\",\"item\":\"https:\\\/\\\/www.ubfc.fr\\\/en\\\/ubfc\\\/\"},{\"@type\":\"ListItem\",\"position\":3,\"name\":\"Governance\",\"item\":\"https:\\\/\\\/www.ubfc.fr\\\/en\\\/ubfc\\\/governance\\\/\"},{\"@type\":\"ListItem\",\"position\":4,\"name\":\"Bodies\",\"item\":\"https:\\\/\\\/www.ubfc.fr\\\/en\\\/ubfc\\\/governance\\\/bodies\\\/\"},{\"@type\":\"ListItem\",\"position\":5,\"name\":\"The Academic Council\",\"item\":\"https:\\\/\\\/www.ubfc.fr\\\/en\\\/ubfc\\\/governance\\\/bodies\\\/the-academic-council\\\/\"},{\"@type\":\"ListItem\",\"position\":6,\"name\":\"Academic council &#8211; 2018 Minutes\"}]},{\"@type\":\"WebSite\",\"@id\":\"https:\\\/\\\/www.ubfc.fr\\\/#website\",\"url\":\"https:\\\/\\\/www.ubfc.fr\\\/\",\"name\":\"COMUE Universit\u00e9 Bourgogne-Franche-Comt\u00e9\",\"description\":\"\",\"publisher\":{\"@id\":\"https:\\\/\\\/www.ubfc.fr\\\/#organization\"},\"potentialAction\":[{\"@type\":\"SearchAction\",\"target\":{\"@type\":\"EntryPoint\",\"urlTemplate\":\"https:\\\/\\\/www.ubfc.fr\\\/?s={search_term_string}\"},\"query-input\":{\"@type\":\"PropertyValueSpecification\",\"valueRequired\":true,\"valueName\":\"search_term_string\"}}],\"inLanguage\":\"en-US\"},{\"@type\":\"Organization\",\"@id\":\"https:\\\/\\\/www.ubfc.fr\\\/#organization\",\"name\":\"Universit\u00e9 Bourgogne-Franche-Comt\u00e9\",\"url\":\"https:\\\/\\\/www.ubfc.fr\\\/\",\"logo\":{\"@type\":\"ImageObject\",\"inLanguage\":\"en-US\",\"@id\":\"https:\\\/\\\/www.ubfc.fr\\\/#\\\/schema\\\/logo\\\/image\\\/\",\"url\":\"https:\\\/\\\/www.ubfc.fr\\\/wp-content\\\/uploads\\\/2022\\\/03\\\/vagueUBFC_favicon.png\",\"contentUrl\":\"https:\\\/\\\/www.ubfc.fr\\\/wp-content\\\/uploads\\\/2022\\\/03\\\/vagueUBFC_favicon.png\",\"width\":512,\"height\":512,\"caption\":\"Universit\u00e9 Bourgogne-Franche-Comt\u00e9\"},\"image\":{\"@id\":\"https:\\\/\\\/www.ubfc.fr\\\/#\\\/schema\\\/logo\\\/image\\\/\"},\"sameAs\":[\"https:\\\/\\\/www.facebook.com\\\/UnivBFC\\\/\",\"https:\\\/\\\/x.com\\\/univ_bfc\",\"https:\\\/\\\/www.linkedin.com\\\/school\\\/universitebourgognefranchecomte\\\/mycompany\\\/\"]}]}<\/script>\n<!-- \/ Yoast SEO plugin. -->","yoast_head_json":{"title":"Academic council - 2018 Minutes - COMUE Universit\u00e9 Bourgogne-Franche-Comt\u00e9","robots":{"index":"index","follow":"follow","max-snippet":"max-snippet:-1","max-image-preview":"max-image-preview:large","max-video-preview":"max-video-preview:-1"},"canonical":"https:\/\/www.ubfc.fr\/en\/ubfc\/governance\/bodies\/the-academic-council\/academic-council-2018-minutes\/","og_locale":"en_US","og_type":"article","og_title":"Academic council - 2018 Minutes - COMUE Universit\u00e9 Bourgogne-Franche-Comt\u00e9","og_description":"Mention commune CA et CAC UBFC_s\u00e9ance CAC du 12 d\u00e9cembre 2018 S\u00e9ance du 25 avril 2018 S\u00e9ance du 28 mars 2018 S\u00e9ance du 28 f\u00e9vrier 2018 S\u00e9ance du 23 janvier 2018","og_url":"https:\/\/www.ubfc.fr\/en\/ubfc\/governance\/bodies\/the-academic-council\/academic-council-2018-minutes\/","og_site_name":"COMUE Universit\u00e9 Bourgogne-Franche-Comt\u00e9","article_publisher":"https:\/\/www.facebook.com\/UnivBFC\/","twitter_card":"summary_large_image","twitter_site":"@univ_bfc","schema":{"@context":"https:\/\/schema.org","@graph":[{"@type":"WebPage","@id":"https:\/\/www.ubfc.fr\/en\/ubfc\/governance\/bodies\/the-academic-council\/academic-council-2018-minutes\/","url":"https:\/\/www.ubfc.fr\/en\/ubfc\/governance\/bodies\/the-academic-council\/academic-council-2018-minutes\/","name":"Academic council - 2018 Minutes - COMUE Universit\u00e9 Bourgogne-Franche-Comt\u00e9","isPartOf":{"@id":"https:\/\/www.ubfc.fr\/#website"},"datePublished":"2020-10-29T11:43:58+00:00","breadcrumb":{"@id":"https:\/\/www.ubfc.fr\/en\/ubfc\/governance\/bodies\/the-academic-council\/academic-council-2018-minutes\/#breadcrumb"},"inLanguage":"en-US","potentialAction":[{"@type":"ReadAction","target":["https:\/\/www.ubfc.fr\/en\/ubfc\/governance\/bodies\/the-academic-council\/academic-council-2018-minutes\/"]}]},{"@type":"BreadcrumbList","@id":"https:\/\/www.ubfc.fr\/en\/ubfc\/governance\/bodies\/the-academic-council\/academic-council-2018-minutes\/#breadcrumb","itemListElement":[{"@type":"ListItem","position":1,"name":"Accueil","item":"https:\/\/www.ubfc.fr\/en\/"},{"@type":"ListItem","position":2,"name":"UBFC","item":"https:\/\/www.ubfc.fr\/en\/ubfc\/"},{"@type":"ListItem","position":3,"name":"Governance","item":"https:\/\/www.ubfc.fr\/en\/ubfc\/governance\/"},{"@type":"ListItem","position":4,"name":"Bodies","item":"https:\/\/www.ubfc.fr\/en\/ubfc\/governance\/bodies\/"},{"@type":"ListItem","position":5,"name":"The Academic Council","item":"https:\/\/www.ubfc.fr\/en\/ubfc\/governance\/bodies\/the-academic-council\/"},{"@type":"ListItem","position":6,"name":"Academic council &#8211; 2018 Minutes"}]},{"@type":"WebSite","@id":"https:\/\/www.ubfc.fr\/#website","url":"https:\/\/www.ubfc.fr\/","name":"COMUE Universit\u00e9 Bourgogne-Franche-Comt\u00e9","description":"","publisher":{"@id":"https:\/\/www.ubfc.fr\/#organization"},"potentialAction":[{"@type":"SearchAction","target":{"@type":"EntryPoint","urlTemplate":"https:\/\/www.ubfc.fr\/?s={search_term_string}"},"query-input":{"@type":"PropertyValueSpecification","valueRequired":true,"valueName":"search_term_string"}}],"inLanguage":"en-US"},{"@type":"Organization","@id":"https:\/\/www.ubfc.fr\/#organization","name":"Universit\u00e9 Bourgogne-Franche-Comt\u00e9","url":"https:\/\/www.ubfc.fr\/","logo":{"@type":"ImageObject","inLanguage":"en-US","@id":"https:\/\/www.ubfc.fr\/#\/schema\/logo\/image\/","url":"https:\/\/www.ubfc.fr\/wp-content\/uploads\/2022\/03\/vagueUBFC_favicon.png","contentUrl":"https:\/\/www.ubfc.fr\/wp-content\/uploads\/2022\/03\/vagueUBFC_favicon.png","width":512,"height":512,"caption":"Universit\u00e9 Bourgogne-Franche-Comt\u00e9"},"image":{"@id":"https:\/\/www.ubfc.fr\/#\/schema\/logo\/image\/"},"sameAs":["https:\/\/www.facebook.com\/UnivBFC\/","https:\/\/x.com\/univ_bfc","https:\/\/www.linkedin.com\/school\/universitebourgognefranchecomte\/mycompany\/"]}]}},"_links":{"self":[{"href":"https:\/\/www.ubfc.fr\/en\/wp-json\/wp\/v2\/pages\/48246","targetHints":{"allow":["GET"]}}],"collection":[{"href":"https:\/\/www.ubfc.fr\/en\/wp-json\/wp\/v2\/pages"}],"about":[{"href":"https:\/\/www.ubfc.fr\/en\/wp-json\/wp\/v2\/types\/page"}],"author":[{"embeddable":true,"href":"https:\/\/www.ubfc.fr\/en\/wp-json\/wp\/v2\/users\/18"}],"replies":[{"embeddable":true,"href":"https:\/\/www.ubfc.fr\/en\/wp-json\/wp\/v2\/comments?post=48246"}],"version-history":[{"count":0,"href":"https:\/\/www.ubfc.fr\/en\/wp-json\/wp\/v2\/pages\/48246\/revisions"}],"up":[{"embeddable":true,"href":"https:\/\/www.ubfc.fr\/en\/wp-json\/wp\/v2\/pages\/45192"}],"wp:attachment":[{"href":"https:\/\/www.ubfc.fr\/en\/wp-json\/wp\/v2\/media?parent=48246"}],"curies":[{"name":"wp","href":"https:\/\/api.w.org\/{rel}","templated":true}]}}