{"id":45912,"date":"2020-09-01T16:09:28","date_gmt":"2020-09-01T14:09:28","guid":{"rendered":"https:\/\/www.ubfc.fr\/everyday-life\/health-and-handicap\/"},"modified":"2024-10-30T14:54:02","modified_gmt":"2024-10-30T13:54:02","slug":"health-and-handicap","status":"publish","type":"page","link":"https:\/\/www.ubfc.fr\/en\/campus-life\/everyday-life\/health-and-handicap\/","title":{"rendered":"Health and handicap"},"content":{"rendered":"\t\t<div data-elementor-type=\"wp-page\" data-elementor-id=\"45912\" class=\"elementor elementor-45912 elementor-43352\" data-elementor-post-type=\"page\">\n\t\t\t\t\t\t<section class=\"elementor-section elementor-top-section elementor-element elementor-element-f53986e elementor-section-boxed elementor-section-height-default elementor-section-height-default\" data-id=\"f53986e\" data-element_type=\"section\" data-e-type=\"section\">\n\t\t\t\t\t\t<div class=\"elementor-container elementor-column-gap-default\">\n\t\t\t\t\t<div class=\"elementor-column elementor-col-100 elementor-top-column elementor-element elementor-element-14f7802\" data-id=\"14f7802\" data-element_type=\"column\" data-e-type=\"column\">\n\t\t\t<div class=\"elementor-widget-wrap elementor-element-populated\">\n\t\t\t\t\t\t<div class=\"elementor-element elementor-element-976e99a elementor-widget elementor-widget-text-editor\" data-id=\"976e99a\" data-element_type=\"widget\" data-e-type=\"widget\" data-widget_type=\"text-editor.default\">\n\t\t\t\t<div class=\"elementor-widget-container\">\n\t\t\t\t\t\t\t\t\tThe University Service for Preventive Medicine and Health Promotion (\u201cService Universitaire de M\u00e9decine Pr\u00e9ventive et de Promotion de la Sant\u00e9\u201d) is at the service of students and supports them in case of health concern and as regards compulsory medical examinations. The service is composed of practitioners, nurses, one psychologist, and one nutritionist. All students must undergo a medical examination during their bachelor\u2019s (\u201clicence\u201d) studies. The service also sets up one-off events about different subjects (tobacco, spirits, AIDS, etc.), and organises blood collection days along with the French Blood Institute (\u201c<a href=\"https:\/\/www.efs.sante.fr\/lefs-en-bourgogne-franche-comte\">\u00c9tablissement fran\u00e7ais du sang<\/a>\u201d). Workplace first-aider training sessions are also proposed to students.\r\n\r\nThe University Health and Prevention Centre (Centre de Pr\u00e9vention et de Sant\u00e9 Universitaire\u201d, CPSU) answers students\u2019 questions and provides them advice about health and illness. It is composed of general practitioners, psychiatrists, one gynecologist, nurses, one psychologist, one couples counsellor, and a team belonging to the Free-service Centre for Information on and Diagnosis-Testing of Sexually Transmissible Infections (\u201cCentre Gratuit d\u2019Information de Diagnostic et de D\u00e9pistage des infections sexuellement transmissibles\u201d, CEGIDD).\r\n\r\n<strong><span style=\"font-size: 14pt;\">Studies and handicap :\r\n<\/span><\/strong>\r\n\r\nUBFC institutes are committed to making it easier for disabled students to get integrated and succeed within the framework of their higher-education studies. Numerous measures are implemented to make everyday life easier for disabled students.\r\n\r\nFor more information:\r\n<ul>\r\n \t<li>Universit\u00e9 de Bourgogne (mission handicap): 03.80.39.69.49 \/ <a href=\"mailto:nadia.ardoin@u-bourgogne.fr\">nadia.ardoin@u-bourgogne.fr<\/a>\r\nUniversit\u00e9 de Franche-Comt\u00e9 (SUMPPS): 03.81.66.61.30 \/ <a href=\"mailto:sumpps-handicap@univ-fcomte.fr\">sumpps-handicap@univ-fcomte.fr<\/a><\/li>\r\n \t<li>Universit\u00e9 de Technologie Belfort-Montb\u00e9liard (mission handicap): <a href=\"mailto:mission.handicap@utbm.fr\">mission.handicap@utbm.fr<\/a><\/li>\r\n \t<li>Agrosup Dijon (handicap division): <a href=\"mailto:sylvie.granger@agrosupdijon.fr\">sylvie.granger@agrosupdijon.fr<\/a><\/li>\r\n \t<li>Burgundy School of Business (Mission handicap \u2013 D\u00e9partement D\u00e9veloppement et Accompagnement Personnel (DAP))<\/li>\r\n \t<li>\u00c9cole Nationale Sup\u00e9rieure de M\u00e9canique et des Microtechniques: seek information from the secretariat in charge of your module<\/li>\r\n \t<li>\u00c9cole Nationale Sup\u00e9rieure d\u2019Arts et M\u00e9tiers (Cluny): seek information from the secretariat in charge of your module.<\/li>\r\n<\/ul>\t\t\t\t\t\t\t\t<\/div>\n\t\t\t\t<\/div>\n\t\t\t\t\t<\/div>\n\t\t<\/div>\n\t\t\t\t\t<\/div>\n\t\t<\/section>\n\t\t\t\t<section class=\"elementor-section elementor-top-section elementor-element elementor-element-efcc219 elementor-section-boxed elementor-section-height-default elementor-section-height-default\" data-id=\"efcc219\" data-element_type=\"section\" data-e-type=\"section\">\n\t\t\t\t\t\t<div class=\"elementor-container elementor-column-gap-default\">\n\t\t\t\t\t<div class=\"elementor-column elementor-col-20 elementor-top-column elementor-element elementor-element-7313465\" data-id=\"7313465\" data-element_type=\"column\" data-e-type=\"column\">\n\t\t\t<div class=\"elementor-widget-wrap elementor-element-populated\">\n\t\t\t\t\t\t<div class=\"elementor-element elementor-element-da66134 elementor-widget elementor-widget-text-editor\" data-id=\"da66134\" data-element_type=\"widget\" data-e-type=\"widget\" data-widget_type=\"text-editor.default\">\n\t\t\t\t<div class=\"elementor-widget-container\">\n\t\t\t\t\t\t\t\t\t<strong>SUMPPS Belfort<\/strong>\r\n07 85 64 01 60\r\n<a href=\"mailto:sumpps-belfort@univ-fcomte.fr\">sumpps-belfort@univ-fcomte.fr<\/a>\t\t\t\t\t\t\t\t<\/div>\n\t\t\t\t<\/div>\n\t\t\t\t\t<\/div>\n\t\t<\/div>\n\t\t\t\t<div class=\"elementor-column elementor-col-20 elementor-top-column elementor-element elementor-element-0c204bb\" data-id=\"0c204bb\" data-element_type=\"column\" data-e-type=\"column\">\n\t\t\t<div class=\"elementor-widget-wrap elementor-element-populated\">\n\t\t\t\t\t\t<div class=\"elementor-element elementor-element-b56c927 elementor-widget elementor-widget-text-editor\" data-id=\"b56c927\" data-element_type=\"widget\" data-e-type=\"widget\" data-widget_type=\"text-editor.default\">\n\t\t\t\t<div class=\"elementor-widget-container\">\n\t\t\t\t\t\t\t\t\t<strong>SUMPPS Besan\u00e7on<\/strong>\r\n03 81 66 61 30\r\n<a href=\"mailto:sumpps@univ-fcomte.fr\">sumpps@univ-fcomte.fr<\/a>\t\t\t\t\t\t\t\t<\/div>\n\t\t\t\t<\/div>\n\t\t\t\t\t<\/div>\n\t\t<\/div>\n\t\t\t\t<div class=\"elementor-column elementor-col-20 elementor-top-column elementor-element elementor-element-426b04f\" data-id=\"426b04f\" data-element_type=\"column\" data-e-type=\"column\">\n\t\t\t<div class=\"elementor-widget-wrap elementor-element-populated\">\n\t\t\t\t\t\t<div class=\"elementor-element elementor-element-1a5b6bc elementor-widget elementor-widget-text-editor\" data-id=\"1a5b6bc\" data-element_type=\"widget\" data-e-type=\"widget\" data-widget_type=\"text-editor.default\">\n\t\t\t\t<div class=\"elementor-widget-container\">\n\t\t\t\t\t\t\t\t\t<strong>SUMPPS Montb\u00e9liard<\/strong>\r\n07 85 64 01 60\r\n<a href=\"mailto:sumpps-montbeliard@univ-fcomte.fr\">sumpps-montbeliard@univ-fcomte.fr<\/a>\t\t\t\t\t\t\t\t<\/div>\n\t\t\t\t<\/div>\n\t\t\t\t\t<\/div>\n\t\t<\/div>\n\t\t\t\t<div class=\"elementor-column elementor-col-20 elementor-top-column elementor-element elementor-element-54414cc\" data-id=\"54414cc\" data-element_type=\"column\" data-e-type=\"column\">\n\t\t\t<div class=\"elementor-widget-wrap elementor-element-populated\">\n\t\t\t\t\t\t<div class=\"elementor-element elementor-element-1075053 elementor-widget elementor-widget-text-editor\" data-id=\"1075053\" data-element_type=\"widget\" data-e-type=\"widget\" data-widget_type=\"text-editor.default\">\n\t\t\t\t<div class=\"elementor-widget-container\">\n\t\t\t\t\t\t\t\t\t<strong>CPSU DIJON<\/strong>\r\nT\u00e9l. : 03 80 39 51 53\r\n6a, rue du Recteur Marcel Bouchard \u2013 Dijon\r\n<a href=\"mailto:medecine-preventive@u-bourgogne.fr\">medecine-preventive@u-bourgogne.fr<\/a>\t\t\t\t\t\t\t\t<\/div>\n\t\t\t\t<\/div>\n\t\t\t\t\t<\/div>\n\t\t<\/div>\n\t\t\t\t<div class=\"elementor-column elementor-col-20 elementor-top-column elementor-element elementor-element-8d647bd\" data-id=\"8d647bd\" data-element_type=\"column\" data-e-type=\"column\">\n\t\t\t<div class=\"elementor-widget-wrap elementor-element-populated\">\n\t\t\t\t\t\t<div class=\"elementor-element elementor-element-7a05ea0 elementor-widget elementor-widget-text-editor\" data-id=\"7a05ea0\" data-element_type=\"widget\" data-e-type=\"widget\" data-widget_type=\"text-editor.default\">\n\t\t\t\t<div class=\"elementor-widget-container\">\n\t\t\t\t\t\t\t\t\t<strong>CPSU Dijon<\/strong> &gt; emergency call\r\n75.06 from an internal extension\r\n03 80 66 14 68 from a private number\r\nCalls will be automatically transferred to the SAMU after opening hours.\t\t\t\t\t\t\t\t<\/div>\n\t\t\t\t<\/div>\n\t\t\t\t\t<\/div>\n\t\t<\/div>\n\t\t\t\t\t<\/div>\n\t\t<\/section>\n\t\t\t\t<section class=\"elementor-section elementor-top-section elementor-element elementor-element-97f48b9 elementor-section-boxed elementor-section-height-default elementor-section-height-default\" data-id=\"97f48b9\" data-element_type=\"section\" data-e-type=\"section\">\n\t\t\t\t\t\t<div class=\"elementor-container elementor-column-gap-default\">\n\t\t\t\t\t<div class=\"elementor-column elementor-col-20 elementor-top-column elementor-element elementor-element-5fa7b26\" data-id=\"5fa7b26\" data-element_type=\"column\" data-e-type=\"column\">\n\t\t\t<div class=\"elementor-widget-wrap elementor-element-populated\">\n\t\t\t\t\t\t<div class=\"elementor-element elementor-element-bc90ab0 elementor-widget elementor-widget-text-editor\" data-id=\"bc90ab0\" data-element_type=\"widget\" data-e-type=\"widget\" data-widget_type=\"text-editor.default\">\n\t\t\t\t<div class=\"elementor-widget-container\">\n\t\t\t\t\t\t\t\t\t<strong>CPSU IUT DIJON<\/strong>\r\nT\u00e9l. : 03 80 39 64 08\r\nBoulevard du Dr Petitjean, Dijon\t\t\t\t\t\t\t\t<\/div>\n\t\t\t\t<\/div>\n\t\t\t\t\t<\/div>\n\t\t<\/div>\n\t\t\t\t<div class=\"elementor-column elementor-col-20 elementor-top-column elementor-element elementor-element-132d532\" data-id=\"132d532\" data-element_type=\"column\" data-e-type=\"column\">\n\t\t\t<div class=\"elementor-widget-wrap elementor-element-populated\">\n\t\t\t\t\t\t<div class=\"elementor-element elementor-element-f347198 elementor-widget elementor-widget-text-editor\" data-id=\"f347198\" data-element_type=\"widget\" data-e-type=\"widget\" data-widget_type=\"text-editor.default\">\n\t\t\t\t<div class=\"elementor-widget-container\">\n\t\t\t\t\t\t\t\t\t<strong>CPSU AUXERRE<\/strong>\r\nT\u00e9l. : 03 86 49 28 16\r\nRoute des plaines de l\u2019Yonne, Auxerre\t\t\t\t\t\t\t\t<\/div>\n\t\t\t\t<\/div>\n\t\t\t\t\t<\/div>\n\t\t<\/div>\n\t\t\t\t<div class=\"elementor-column elementor-col-20 elementor-top-column elementor-element elementor-element-8eda62e\" data-id=\"8eda62e\" data-element_type=\"column\" data-e-type=\"column\">\n\t\t\t<div class=\"elementor-widget-wrap elementor-element-populated\">\n\t\t\t\t\t\t<div class=\"elementor-element elementor-element-ddfbd77 elementor-widget elementor-widget-text-editor\" data-id=\"ddfbd77\" data-element_type=\"widget\" data-e-type=\"widget\" data-widget_type=\"text-editor.default\">\n\t\t\t\t<div class=\"elementor-widget-container\">\n\t\t\t\t\t\t\t\t\t<strong>CPSU LE CREUSOT \/ CHALON SUR SA\u00d4NE<\/strong>\r\nT\u00e9l. : 03 85 73 10 12\r\n12 rue de la Fonderie, Le Creusot\r\n(help hours in Chalon-sur-Sa\u00f4ne)\t\t\t\t\t\t\t\t<\/div>\n\t\t\t\t<\/div>\n\t\t\t\t\t<\/div>\n\t\t<\/div>\n\t\t\t\t<div class=\"elementor-column elementor-col-20 elementor-top-column elementor-element elementor-element-c3e3882\" data-id=\"c3e3882\" data-element_type=\"column\" data-e-type=\"column\">\n\t\t\t<div class=\"elementor-widget-wrap elementor-element-populated\">\n\t\t\t\t\t\t<div class=\"elementor-element elementor-element-b31981d elementor-widget elementor-widget-text-editor\" data-id=\"b31981d\" data-element_type=\"widget\" data-e-type=\"widget\" data-widget_type=\"text-editor.default\">\n\t\t\t\t<div class=\"elementor-widget-container\">\n\t\t\t\t\t\t\t\t\t<strong>CPSU NEVERS<\/strong>\r\nT\u00e9l. : 03 86 71 61 89\r\n21 rue de l\u2019Universit\u00e9, Nevers\t\t\t\t\t\t\t\t<\/div>\n\t\t\t\t<\/div>\n\t\t\t\t\t<\/div>\n\t\t<\/div>\n\t\t\t\t<div class=\"elementor-column elementor-col-20 elementor-top-column elementor-element elementor-element-ff8b050\" data-id=\"ff8b050\" data-element_type=\"column\" data-e-type=\"column\">\n\t\t\t<div class=\"elementor-widget-wrap elementor-element-populated\">\n\t\t\t\t\t\t<div class=\"elementor-element elementor-element-603e050 elementor-widget elementor-widget-text-editor\" data-id=\"603e050\" data-element_type=\"widget\" data-e-type=\"widget\" data-widget_type=\"text-editor.default\">\n\t\t\t\t<div class=\"elementor-widget-container\">\n\t\t\t\t\t\t\t\t\t<strong>UTBM<\/strong>\r\nPersonalised medical advice is provided by Loic Rueff, a nurse.\r\nloic.rueff@utbm.fr\r\n03 84 58 30 18\t\t\t\t\t\t\t\t<\/div>\n\t\t\t\t<\/div>\n\t\t\t\t\t<\/div>\n\t\t<\/div>\n\t\t\t\t\t<\/div>\n\t\t<\/section>\n\t\t\t\t<\/div>\n\t\t","protected":false},"excerpt":{"rendered":"<p>The University Service for Preventive Medicine and Health Promotion (\u201cService Universitaire de M\u00e9decine Pr\u00e9ventive et de Promotion de la Sant\u00e9\u201d) is at the service of students and supports them in case of health concern and as regards compulsory medical examinations. The service is composed of practitioners, nurses, one psychologist, and one nutritionist. All students must &hellip; <a href=\"https:\/\/www.ubfc.fr\/en\/campus-life\/everyday-life\/health-and-handicap\/\">Continued<\/a><\/p>\n","protected":false},"author":18,"featured_media":0,"parent":45898,"menu_order":237,"comment_status":"closed","ping_status":"closed","template":"","meta":{"_acf_changed":false,"footnotes":""},"class_list":["post-45912","page","type-page","status-publish","hentry"],"acf":[],"yoast_head":"<!-- This site is optimized with the Yoast SEO plugin v27.4 - https:\/\/yoast.com\/product\/yoast-seo-wordpress\/ -->\n<title>Health and handicap - COMUE Universit\u00e9 Bourgogne-Franche-Comt\u00e9<\/title>\n<meta name=\"robots\" content=\"index, follow, max-snippet:-1, max-image-preview:large, max-video-preview:-1\" \/>\n<link rel=\"canonical\" href=\"https:\/\/www.ubfc.fr\/vie-universitaire\/vie-pratique\/bien-etre-et-sante\/\" \/>\n<meta property=\"og:locale\" content=\"en_US\" \/>\n<meta property=\"og:type\" content=\"article\" \/>\n<meta property=\"og:title\" content=\"Health and handicap - COMUE Universit\u00e9 Bourgogne-Franche-Comt\u00e9\" \/>\n<meta property=\"og:description\" content=\"The University Service for Preventive Medicine and Health Promotion (\u201cService Universitaire de M\u00e9decine Pr\u00e9ventive et de Promotion de la Sant\u00e9\u201d) is at the service of students and supports them in case of health concern and as regards compulsory medical examinations. The service is composed of practitioners, nurses, one psychologist, and one nutritionist. All students must &hellip; Continued\" \/>\n<meta property=\"og:url\" content=\"https:\/\/www.ubfc.fr\/vie-universitaire\/vie-pratique\/bien-etre-et-sante\/\" \/>\n<meta property=\"og:site_name\" content=\"COMUE Universit\u00e9 Bourgogne-Franche-Comt\u00e9\" \/>\n<meta property=\"article:publisher\" content=\"https:\/\/www.facebook.com\/UnivBFC\/\" \/>\n<meta property=\"article:modified_time\" content=\"2024-10-30T13:54:02+00:00\" \/>\n<meta name=\"twitter:card\" content=\"summary_large_image\" \/>\n<meta name=\"twitter:site\" content=\"@univ_bfc\" \/>\n<meta name=\"twitter:label1\" content=\"Est. reading time\" \/>\n\t<meta name=\"twitter:data1\" content=\"2 minutes\" \/>\n<script type=\"application\/ld+json\" class=\"yoast-schema-graph\">{\"@context\":\"https:\\\/\\\/schema.org\",\"@graph\":[{\"@type\":\"WebPage\",\"@id\":\"https:\\\/\\\/www.ubfc.fr\\\/vie-universitaire\\\/vie-pratique\\\/bien-etre-et-sante\\\/\",\"url\":\"https:\\\/\\\/www.ubfc.fr\\\/vie-universitaire\\\/vie-pratique\\\/bien-etre-et-sante\\\/\",\"name\":\"Health and handicap - COMUE Universit\u00e9 Bourgogne-Franche-Comt\u00e9\",\"isPartOf\":{\"@id\":\"https:\\\/\\\/www.ubfc.fr\\\/#website\"},\"datePublished\":\"2020-09-01T14:09:28+00:00\",\"dateModified\":\"2024-10-30T13:54:02+00:00\",\"breadcrumb\":{\"@id\":\"https:\\\/\\\/www.ubfc.fr\\\/vie-universitaire\\\/vie-pratique\\\/bien-etre-et-sante\\\/#breadcrumb\"},\"inLanguage\":\"en-US\",\"potentialAction\":[{\"@type\":\"ReadAction\",\"target\":[\"https:\\\/\\\/www.ubfc.fr\\\/vie-universitaire\\\/vie-pratique\\\/bien-etre-et-sante\\\/\"]}]},{\"@type\":\"BreadcrumbList\",\"@id\":\"https:\\\/\\\/www.ubfc.fr\\\/vie-universitaire\\\/vie-pratique\\\/bien-etre-et-sante\\\/#breadcrumb\",\"itemListElement\":[{\"@type\":\"ListItem\",\"position\":1,\"name\":\"Accueil\",\"item\":\"https:\\\/\\\/www.ubfc.fr\\\/en\\\/\"},{\"@type\":\"ListItem\",\"position\":2,\"name\":\"Campus life\",\"item\":\"https:\\\/\\\/www.ubfc.fr\\\/en\\\/campus-life\\\/\"},{\"@type\":\"ListItem\",\"position\":3,\"name\":\"Everyday life\",\"item\":\"https:\\\/\\\/www.ubfc.fr\\\/en\\\/campus-life\\\/everyday-life\\\/\"},{\"@type\":\"ListItem\",\"position\":4,\"name\":\"Health and handicap\"}]},{\"@type\":\"WebSite\",\"@id\":\"https:\\\/\\\/www.ubfc.fr\\\/#website\",\"url\":\"https:\\\/\\\/www.ubfc.fr\\\/\",\"name\":\"COMUE Universit\u00e9 Bourgogne-Franche-Comt\u00e9\",\"description\":\"\",\"publisher\":{\"@id\":\"https:\\\/\\\/www.ubfc.fr\\\/#organization\"},\"potentialAction\":[{\"@type\":\"SearchAction\",\"target\":{\"@type\":\"EntryPoint\",\"urlTemplate\":\"https:\\\/\\\/www.ubfc.fr\\\/?s={search_term_string}\"},\"query-input\":{\"@type\":\"PropertyValueSpecification\",\"valueRequired\":true,\"valueName\":\"search_term_string\"}}],\"inLanguage\":\"en-US\"},{\"@type\":\"Organization\",\"@id\":\"https:\\\/\\\/www.ubfc.fr\\\/#organization\",\"name\":\"Universit\u00e9 Bourgogne-Franche-Comt\u00e9\",\"url\":\"https:\\\/\\\/www.ubfc.fr\\\/\",\"logo\":{\"@type\":\"ImageObject\",\"inLanguage\":\"en-US\",\"@id\":\"https:\\\/\\\/www.ubfc.fr\\\/#\\\/schema\\\/logo\\\/image\\\/\",\"url\":\"https:\\\/\\\/www.ubfc.fr\\\/wp-content\\\/uploads\\\/2022\\\/03\\\/vagueUBFC_favicon.png\",\"contentUrl\":\"https:\\\/\\\/www.ubfc.fr\\\/wp-content\\\/uploads\\\/2022\\\/03\\\/vagueUBFC_favicon.png\",\"width\":512,\"height\":512,\"caption\":\"Universit\u00e9 Bourgogne-Franche-Comt\u00e9\"},\"image\":{\"@id\":\"https:\\\/\\\/www.ubfc.fr\\\/#\\\/schema\\\/logo\\\/image\\\/\"},\"sameAs\":[\"https:\\\/\\\/www.facebook.com\\\/UnivBFC\\\/\",\"https:\\\/\\\/x.com\\\/univ_bfc\",\"https:\\\/\\\/www.linkedin.com\\\/school\\\/universitebourgognefranchecomte\\\/mycompany\\\/\"]}]}<\/script>\n<!-- \/ Yoast SEO plugin. -->","yoast_head_json":{"title":"Health and handicap - COMUE Universit\u00e9 Bourgogne-Franche-Comt\u00e9","robots":{"index":"index","follow":"follow","max-snippet":"max-snippet:-1","max-image-preview":"max-image-preview:large","max-video-preview":"max-video-preview:-1"},"canonical":"https:\/\/www.ubfc.fr\/vie-universitaire\/vie-pratique\/bien-etre-et-sante\/","og_locale":"en_US","og_type":"article","og_title":"Health and handicap - COMUE Universit\u00e9 Bourgogne-Franche-Comt\u00e9","og_description":"The University Service for Preventive Medicine and Health Promotion (\u201cService Universitaire de M\u00e9decine Pr\u00e9ventive et de Promotion de la Sant\u00e9\u201d) is at the service of students and supports them in case of health concern and as regards compulsory medical examinations. The service is composed of practitioners, nurses, one psychologist, and one nutritionist. All students must &hellip; Continued","og_url":"https:\/\/www.ubfc.fr\/vie-universitaire\/vie-pratique\/bien-etre-et-sante\/","og_site_name":"COMUE Universit\u00e9 Bourgogne-Franche-Comt\u00e9","article_publisher":"https:\/\/www.facebook.com\/UnivBFC\/","article_modified_time":"2024-10-30T13:54:02+00:00","twitter_card":"summary_large_image","twitter_site":"@univ_bfc","twitter_misc":{"Est. reading time":"2 minutes"},"schema":{"@context":"https:\/\/schema.org","@graph":[{"@type":"WebPage","@id":"https:\/\/www.ubfc.fr\/vie-universitaire\/vie-pratique\/bien-etre-et-sante\/","url":"https:\/\/www.ubfc.fr\/vie-universitaire\/vie-pratique\/bien-etre-et-sante\/","name":"Health and handicap - COMUE Universit\u00e9 Bourgogne-Franche-Comt\u00e9","isPartOf":{"@id":"https:\/\/www.ubfc.fr\/#website"},"datePublished":"2020-09-01T14:09:28+00:00","dateModified":"2024-10-30T13:54:02+00:00","breadcrumb":{"@id":"https:\/\/www.ubfc.fr\/vie-universitaire\/vie-pratique\/bien-etre-et-sante\/#breadcrumb"},"inLanguage":"en-US","potentialAction":[{"@type":"ReadAction","target":["https:\/\/www.ubfc.fr\/vie-universitaire\/vie-pratique\/bien-etre-et-sante\/"]}]},{"@type":"BreadcrumbList","@id":"https:\/\/www.ubfc.fr\/vie-universitaire\/vie-pratique\/bien-etre-et-sante\/#breadcrumb","itemListElement":[{"@type":"ListItem","position":1,"name":"Accueil","item":"https:\/\/www.ubfc.fr\/en\/"},{"@type":"ListItem","position":2,"name":"Campus life","item":"https:\/\/www.ubfc.fr\/en\/campus-life\/"},{"@type":"ListItem","position":3,"name":"Everyday life","item":"https:\/\/www.ubfc.fr\/en\/campus-life\/everyday-life\/"},{"@type":"ListItem","position":4,"name":"Health and handicap"}]},{"@type":"WebSite","@id":"https:\/\/www.ubfc.fr\/#website","url":"https:\/\/www.ubfc.fr\/","name":"COMUE Universit\u00e9 Bourgogne-Franche-Comt\u00e9","description":"","publisher":{"@id":"https:\/\/www.ubfc.fr\/#organization"},"potentialAction":[{"@type":"SearchAction","target":{"@type":"EntryPoint","urlTemplate":"https:\/\/www.ubfc.fr\/?s={search_term_string}"},"query-input":{"@type":"PropertyValueSpecification","valueRequired":true,"valueName":"search_term_string"}}],"inLanguage":"en-US"},{"@type":"Organization","@id":"https:\/\/www.ubfc.fr\/#organization","name":"Universit\u00e9 Bourgogne-Franche-Comt\u00e9","url":"https:\/\/www.ubfc.fr\/","logo":{"@type":"ImageObject","inLanguage":"en-US","@id":"https:\/\/www.ubfc.fr\/#\/schema\/logo\/image\/","url":"https:\/\/www.ubfc.fr\/wp-content\/uploads\/2022\/03\/vagueUBFC_favicon.png","contentUrl":"https:\/\/www.ubfc.fr\/wp-content\/uploads\/2022\/03\/vagueUBFC_favicon.png","width":512,"height":512,"caption":"Universit\u00e9 Bourgogne-Franche-Comt\u00e9"},"image":{"@id":"https:\/\/www.ubfc.fr\/#\/schema\/logo\/image\/"},"sameAs":["https:\/\/www.facebook.com\/UnivBFC\/","https:\/\/x.com\/univ_bfc","https:\/\/www.linkedin.com\/school\/universitebourgognefranchecomte\/mycompany\/"]}]}},"_links":{"self":[{"href":"https:\/\/www.ubfc.fr\/en\/wp-json\/wp\/v2\/pages\/45912","targetHints":{"allow":["GET"]}}],"collection":[{"href":"https:\/\/www.ubfc.fr\/en\/wp-json\/wp\/v2\/pages"}],"about":[{"href":"https:\/\/www.ubfc.fr\/en\/wp-json\/wp\/v2\/types\/page"}],"author":[{"embeddable":true,"href":"https:\/\/www.ubfc.fr\/en\/wp-json\/wp\/v2\/users\/18"}],"replies":[{"embeddable":true,"href":"https:\/\/www.ubfc.fr\/en\/wp-json\/wp\/v2\/comments?post=45912"}],"version-history":[{"count":1,"href":"https:\/\/www.ubfc.fr\/en\/wp-json\/wp\/v2\/pages\/45912\/revisions"}],"predecessor-version":[{"id":74471,"href":"https:\/\/www.ubfc.fr\/en\/wp-json\/wp\/v2\/pages\/45912\/revisions\/74471"}],"up":[{"embeddable":true,"href":"https:\/\/www.ubfc.fr\/en\/wp-json\/wp\/v2\/pages\/45898"}],"wp:attachment":[{"href":"https:\/\/www.ubfc.fr\/en\/wp-json\/wp\/v2\/media?parent=45912"}],"curies":[{"name":"wp","href":"https:\/\/api.w.org\/{rel}","templated":true}]}}