{"id":45908,"date":"2020-09-01T16:06:40","date_gmt":"2020-09-01T14:06:40","guid":{"rendered":"https:\/\/www.ubfc.fr\/everyday-life\/sports\/"},"modified":"2022-12-06T11:45:36","modified_gmt":"2022-12-06T10:45:36","slug":"sports","status":"publish","type":"page","link":"https:\/\/www.ubfc.fr\/en\/campus-life\/everyday-life\/sports\/","title":{"rendered":"Sports"},"content":{"rendered":"\t\t<div data-elementor-type=\"wp-page\" data-elementor-id=\"45908\" class=\"elementor elementor-45908 elementor-43349\" data-elementor-post-type=\"page\">\n\t\t\t\t\t\t<section class=\"elementor-section elementor-top-section elementor-element elementor-element-9694710 elementor-section-boxed elementor-section-height-default elementor-section-height-default\" data-id=\"9694710\" data-element_type=\"section\" data-e-type=\"section\">\n\t\t\t\t\t\t<div class=\"elementor-container elementor-column-gap-default\">\n\t\t\t\t\t<div class=\"elementor-column elementor-col-100 elementor-top-column elementor-element elementor-element-3d7465e\" data-id=\"3d7465e\" data-element_type=\"column\" data-e-type=\"column\">\n\t\t\t<div class=\"elementor-widget-wrap elementor-element-populated\">\n\t\t\t\t\t\t<div class=\"elementor-element elementor-element-2c7e7ae elementor-widget elementor-widget-text-editor\" data-id=\"2c7e7ae\" data-element_type=\"widget\" data-e-type=\"widget\" data-widget_type=\"text-editor.default\">\n\t\t\t\t<div class=\"elementor-widget-container\">\n\t\t\t\t\t\t\t\t\t<p>The UBFC institutions offer a wide variety of sport activities to students, but also to staff:<\/p>\n<ul>\n<li><strong>Universit\u00e9 de Bourgogne<\/strong>: <a href=\"https:\/\/suaps.u-bourgogne.fr\">SUAPS<\/a><\/li>\n<li><strong>Universit\u00e9 de Franche-Comt\u00e9<\/strong>: <a href=\"https:\/\/applications.univ-fcomte.fr\/CampusSports\/\">Campus Sports <\/a>(also accessible to ENSMM and UBFC students)<\/li>\n<li><strong>UTBM<\/strong>: <a href=\"https:\/\/www.utbm.fr\/espace-etudiants\/associations\/#bds\">Sports bureau\u00a0<\/a><\/li>\n<li><strong>Institut Agro Dijon<\/strong>: <a href=\"https:\/\/agrosupdijon.fr\/vie-etudiante\/campus\/activites-sportives\">student associations or Universit\u00e9 de Bourgogne\u00a0<\/a><\/li>\n<li><strong>Burgundy School of Business<\/strong>: <a href=\"https:\/\/www.bsb-education.com\/life-experience\/nos-associations\/\">student associations\u00a0<\/a><\/li>\n<li><strong>Arts et M\u00e9tiers \u2013 Cluny<\/strong>: <a href=\"https:\/\/artsetmetiers.fr\/fr\/formation\/associations-etudiantes\">student associations<\/a><\/li>\n<\/ul>\n\t\t\t\t\t\t\t\t<\/div>\n\t\t\t\t<\/div>\n\t\t\t\t\t<\/div>\n\t\t<\/div>\n\t\t\t\t\t<\/div>\n\t\t<\/section>\n\t\t\t\t<section class=\"elementor-section elementor-top-section elementor-element elementor-element-416d7a5 elementor-section-boxed elementor-section-height-default elementor-section-height-default\" data-id=\"416d7a5\" data-element_type=\"section\" data-e-type=\"section\">\n\t\t\t\t\t\t<div class=\"elementor-container elementor-column-gap-default\">\n\t\t\t\t\t<div class=\"elementor-column elementor-col-100 elementor-top-column elementor-element elementor-element-0a04c27\" data-id=\"0a04c27\" data-element_type=\"column\" data-e-type=\"column\">\n\t\t\t<div class=\"elementor-widget-wrap elementor-element-populated\">\n\t\t\t\t\t\t<div class=\"elementor-element elementor-element-f33bf6b elementor-widget elementor-widget-text-editor\" data-id=\"f33bf6b\" data-element_type=\"widget\" data-e-type=\"widget\" data-widget_type=\"text-editor.default\">\n\t\t\t\t<div class=\"elementor-widget-container\">\n\t\t\t\t\t\t\t\t\t<p><strong>Are you a high-performance athlete? Do you need a customized curriculum?<\/strong><\/p>\n<p>UBFC institutions offer you support so that you may fulfil your two-fold project. Arrangements are devised to integrate the constraints (daily training, competitions, training sessions, etc.) related to your studies and to sports practice in order to lead you on the way to success and excellence. To benefit from the \u201chigh-performance athlete-student\u201d status (\u201c\u00e9tudiant sportif de haut niveau\u201d, SHN), contact the Sports bureau or the supervisors of the different modules, who will examine your situation and let you know you what to do.<\/p>\n\t\t\t\t\t\t\t\t<\/div>\n\t\t\t\t<\/div>\n\t\t\t\t\t<\/div>\n\t\t<\/div>\n\t\t\t\t\t<\/div>\n\t\t<\/section>\n\t\t\t\t<\/div>\n\t\t","protected":false},"excerpt":{"rendered":"<p>The UBFC institutions offer a wide variety of sport activities to students, but also to staff: Universit\u00e9 de Bourgogne: SUAPS Universit\u00e9 de Franche-Comt\u00e9: Campus Sports (also accessible to ENSMM and UBFC students) UTBM: Sports bureau\u00a0 Institut Agro Dijon: student associations or Universit\u00e9 de Bourgogne\u00a0 Burgundy School of Business: student associations\u00a0 Arts et M\u00e9tiers \u2013 Cluny: &hellip; <a href=\"https:\/\/www.ubfc.fr\/en\/campus-life\/everyday-life\/sports\/\">Continued<\/a><\/p>\n","protected":false},"author":18,"featured_media":0,"parent":45898,"menu_order":240,"comment_status":"closed","ping_status":"closed","template":"","meta":{"_acf_changed":false,"footnotes":""},"class_list":["post-45908","page","type-page","status-publish","hentry"],"acf":[],"yoast_head":"<!-- This site is optimized with the Yoast SEO plugin v27.4 - https:\/\/yoast.com\/product\/yoast-seo-wordpress\/ -->\n<title>Sports - COMUE Universit\u00e9 Bourgogne-Franche-Comt\u00e9<\/title>\n<meta name=\"robots\" content=\"index, follow, max-snippet:-1, max-image-preview:large, max-video-preview:-1\" \/>\n<link rel=\"canonical\" href=\"https:\/\/www.ubfc.fr\/en\/campus-life\/everyday-life\/sports\/\" \/>\n<meta property=\"og:locale\" content=\"en_US\" \/>\n<meta property=\"og:type\" content=\"article\" \/>\n<meta property=\"og:title\" content=\"Sports - COMUE Universit\u00e9 Bourgogne-Franche-Comt\u00e9\" \/>\n<meta property=\"og:description\" content=\"The UBFC institutions offer a wide variety of sport activities to students, but also to staff: Universit\u00e9 de Bourgogne: SUAPS Universit\u00e9 de Franche-Comt\u00e9: Campus Sports (also accessible to ENSMM and UBFC students) UTBM: Sports bureau\u00a0 Institut Agro Dijon: student associations or Universit\u00e9 de Bourgogne\u00a0 Burgundy School of Business: student associations\u00a0 Arts et M\u00e9tiers \u2013 Cluny: &hellip; Continued\" \/>\n<meta property=\"og:url\" content=\"https:\/\/www.ubfc.fr\/en\/campus-life\/everyday-life\/sports\/\" \/>\n<meta property=\"og:site_name\" content=\"COMUE Universit\u00e9 Bourgogne-Franche-Comt\u00e9\" \/>\n<meta property=\"article:publisher\" content=\"https:\/\/www.facebook.com\/UnivBFC\/\" \/>\n<meta property=\"article:modified_time\" content=\"2022-12-06T10:45:36+00:00\" \/>\n<meta name=\"twitter:card\" content=\"summary_large_image\" \/>\n<meta name=\"twitter:site\" content=\"@univ_bfc\" \/>\n<meta name=\"twitter:label1\" content=\"Est. reading time\" \/>\n\t<meta name=\"twitter:data1\" content=\"1 minute\" \/>\n<script type=\"application\/ld+json\" class=\"yoast-schema-graph\">{\"@context\":\"https:\\\/\\\/schema.org\",\"@graph\":[{\"@type\":\"WebPage\",\"@id\":\"https:\\\/\\\/www.ubfc.fr\\\/en\\\/campus-life\\\/everyday-life\\\/sports\\\/\",\"url\":\"https:\\\/\\\/www.ubfc.fr\\\/en\\\/campus-life\\\/everyday-life\\\/sports\\\/\",\"name\":\"Sports - COMUE Universit\u00e9 Bourgogne-Franche-Comt\u00e9\",\"isPartOf\":{\"@id\":\"https:\\\/\\\/www.ubfc.fr\\\/#website\"},\"datePublished\":\"2020-09-01T14:06:40+00:00\",\"dateModified\":\"2022-12-06T10:45:36+00:00\",\"breadcrumb\":{\"@id\":\"https:\\\/\\\/www.ubfc.fr\\\/en\\\/campus-life\\\/everyday-life\\\/sports\\\/#breadcrumb\"},\"inLanguage\":\"en-US\",\"potentialAction\":[{\"@type\":\"ReadAction\",\"target\":[\"https:\\\/\\\/www.ubfc.fr\\\/en\\\/campus-life\\\/everyday-life\\\/sports\\\/\"]}]},{\"@type\":\"BreadcrumbList\",\"@id\":\"https:\\\/\\\/www.ubfc.fr\\\/en\\\/campus-life\\\/everyday-life\\\/sports\\\/#breadcrumb\",\"itemListElement\":[{\"@type\":\"ListItem\",\"position\":1,\"name\":\"Accueil\",\"item\":\"https:\\\/\\\/www.ubfc.fr\\\/en\\\/\"},{\"@type\":\"ListItem\",\"position\":2,\"name\":\"Campus life\",\"item\":\"https:\\\/\\\/www.ubfc.fr\\\/en\\\/campus-life\\\/\"},{\"@type\":\"ListItem\",\"position\":3,\"name\":\"Everyday life\",\"item\":\"https:\\\/\\\/www.ubfc.fr\\\/en\\\/campus-life\\\/everyday-life\\\/\"},{\"@type\":\"ListItem\",\"position\":4,\"name\":\"Sports\"}]},{\"@type\":\"WebSite\",\"@id\":\"https:\\\/\\\/www.ubfc.fr\\\/#website\",\"url\":\"https:\\\/\\\/www.ubfc.fr\\\/\",\"name\":\"COMUE Universit\u00e9 Bourgogne-Franche-Comt\u00e9\",\"description\":\"\",\"publisher\":{\"@id\":\"https:\\\/\\\/www.ubfc.fr\\\/#organization\"},\"potentialAction\":[{\"@type\":\"SearchAction\",\"target\":{\"@type\":\"EntryPoint\",\"urlTemplate\":\"https:\\\/\\\/www.ubfc.fr\\\/?s={search_term_string}\"},\"query-input\":{\"@type\":\"PropertyValueSpecification\",\"valueRequired\":true,\"valueName\":\"search_term_string\"}}],\"inLanguage\":\"en-US\"},{\"@type\":\"Organization\",\"@id\":\"https:\\\/\\\/www.ubfc.fr\\\/#organization\",\"name\":\"Universit\u00e9 Bourgogne-Franche-Comt\u00e9\",\"url\":\"https:\\\/\\\/www.ubfc.fr\\\/\",\"logo\":{\"@type\":\"ImageObject\",\"inLanguage\":\"en-US\",\"@id\":\"https:\\\/\\\/www.ubfc.fr\\\/#\\\/schema\\\/logo\\\/image\\\/\",\"url\":\"https:\\\/\\\/www.ubfc.fr\\\/wp-content\\\/uploads\\\/2022\\\/03\\\/vagueUBFC_favicon.png\",\"contentUrl\":\"https:\\\/\\\/www.ubfc.fr\\\/wp-content\\\/uploads\\\/2022\\\/03\\\/vagueUBFC_favicon.png\",\"width\":512,\"height\":512,\"caption\":\"Universit\u00e9 Bourgogne-Franche-Comt\u00e9\"},\"image\":{\"@id\":\"https:\\\/\\\/www.ubfc.fr\\\/#\\\/schema\\\/logo\\\/image\\\/\"},\"sameAs\":[\"https:\\\/\\\/www.facebook.com\\\/UnivBFC\\\/\",\"https:\\\/\\\/x.com\\\/univ_bfc\",\"https:\\\/\\\/www.linkedin.com\\\/school\\\/universitebourgognefranchecomte\\\/mycompany\\\/\"]}]}<\/script>\n<!-- \/ Yoast SEO plugin. -->","yoast_head_json":{"title":"Sports - COMUE Universit\u00e9 Bourgogne-Franche-Comt\u00e9","robots":{"index":"index","follow":"follow","max-snippet":"max-snippet:-1","max-image-preview":"max-image-preview:large","max-video-preview":"max-video-preview:-1"},"canonical":"https:\/\/www.ubfc.fr\/en\/campus-life\/everyday-life\/sports\/","og_locale":"en_US","og_type":"article","og_title":"Sports - COMUE Universit\u00e9 Bourgogne-Franche-Comt\u00e9","og_description":"The UBFC institutions offer a wide variety of sport activities to students, but also to staff: Universit\u00e9 de Bourgogne: SUAPS Universit\u00e9 de Franche-Comt\u00e9: Campus Sports (also accessible to ENSMM and UBFC students) UTBM: Sports bureau\u00a0 Institut Agro Dijon: student associations or Universit\u00e9 de Bourgogne\u00a0 Burgundy School of Business: student associations\u00a0 Arts et M\u00e9tiers \u2013 Cluny: &hellip; Continued","og_url":"https:\/\/www.ubfc.fr\/en\/campus-life\/everyday-life\/sports\/","og_site_name":"COMUE Universit\u00e9 Bourgogne-Franche-Comt\u00e9","article_publisher":"https:\/\/www.facebook.com\/UnivBFC\/","article_modified_time":"2022-12-06T10:45:36+00:00","twitter_card":"summary_large_image","twitter_site":"@univ_bfc","twitter_misc":{"Est. reading time":"1 minute"},"schema":{"@context":"https:\/\/schema.org","@graph":[{"@type":"WebPage","@id":"https:\/\/www.ubfc.fr\/en\/campus-life\/everyday-life\/sports\/","url":"https:\/\/www.ubfc.fr\/en\/campus-life\/everyday-life\/sports\/","name":"Sports - COMUE Universit\u00e9 Bourgogne-Franche-Comt\u00e9","isPartOf":{"@id":"https:\/\/www.ubfc.fr\/#website"},"datePublished":"2020-09-01T14:06:40+00:00","dateModified":"2022-12-06T10:45:36+00:00","breadcrumb":{"@id":"https:\/\/www.ubfc.fr\/en\/campus-life\/everyday-life\/sports\/#breadcrumb"},"inLanguage":"en-US","potentialAction":[{"@type":"ReadAction","target":["https:\/\/www.ubfc.fr\/en\/campus-life\/everyday-life\/sports\/"]}]},{"@type":"BreadcrumbList","@id":"https:\/\/www.ubfc.fr\/en\/campus-life\/everyday-life\/sports\/#breadcrumb","itemListElement":[{"@type":"ListItem","position":1,"name":"Accueil","item":"https:\/\/www.ubfc.fr\/en\/"},{"@type":"ListItem","position":2,"name":"Campus life","item":"https:\/\/www.ubfc.fr\/en\/campus-life\/"},{"@type":"ListItem","position":3,"name":"Everyday life","item":"https:\/\/www.ubfc.fr\/en\/campus-life\/everyday-life\/"},{"@type":"ListItem","position":4,"name":"Sports"}]},{"@type":"WebSite","@id":"https:\/\/www.ubfc.fr\/#website","url":"https:\/\/www.ubfc.fr\/","name":"COMUE Universit\u00e9 Bourgogne-Franche-Comt\u00e9","description":"","publisher":{"@id":"https:\/\/www.ubfc.fr\/#organization"},"potentialAction":[{"@type":"SearchAction","target":{"@type":"EntryPoint","urlTemplate":"https:\/\/www.ubfc.fr\/?s={search_term_string}"},"query-input":{"@type":"PropertyValueSpecification","valueRequired":true,"valueName":"search_term_string"}}],"inLanguage":"en-US"},{"@type":"Organization","@id":"https:\/\/www.ubfc.fr\/#organization","name":"Universit\u00e9 Bourgogne-Franche-Comt\u00e9","url":"https:\/\/www.ubfc.fr\/","logo":{"@type":"ImageObject","inLanguage":"en-US","@id":"https:\/\/www.ubfc.fr\/#\/schema\/logo\/image\/","url":"https:\/\/www.ubfc.fr\/wp-content\/uploads\/2022\/03\/vagueUBFC_favicon.png","contentUrl":"https:\/\/www.ubfc.fr\/wp-content\/uploads\/2022\/03\/vagueUBFC_favicon.png","width":512,"height":512,"caption":"Universit\u00e9 Bourgogne-Franche-Comt\u00e9"},"image":{"@id":"https:\/\/www.ubfc.fr\/#\/schema\/logo\/image\/"},"sameAs":["https:\/\/www.facebook.com\/UnivBFC\/","https:\/\/x.com\/univ_bfc","https:\/\/www.linkedin.com\/school\/universitebourgognefranchecomte\/mycompany\/"]}]}},"_links":{"self":[{"href":"https:\/\/www.ubfc.fr\/en\/wp-json\/wp\/v2\/pages\/45908","targetHints":{"allow":["GET"]}}],"collection":[{"href":"https:\/\/www.ubfc.fr\/en\/wp-json\/wp\/v2\/pages"}],"about":[{"href":"https:\/\/www.ubfc.fr\/en\/wp-json\/wp\/v2\/types\/page"}],"author":[{"embeddable":true,"href":"https:\/\/www.ubfc.fr\/en\/wp-json\/wp\/v2\/users\/18"}],"replies":[{"embeddable":true,"href":"https:\/\/www.ubfc.fr\/en\/wp-json\/wp\/v2\/comments?post=45908"}],"version-history":[{"count":0,"href":"https:\/\/www.ubfc.fr\/en\/wp-json\/wp\/v2\/pages\/45908\/revisions"}],"up":[{"embeddable":true,"href":"https:\/\/www.ubfc.fr\/en\/wp-json\/wp\/v2\/pages\/45898"}],"wp:attachment":[{"href":"https:\/\/www.ubfc.fr\/en\/wp-json\/wp\/v2\/media?parent=45908"}],"curies":[{"name":"wp","href":"https:\/\/api.w.org\/{rel}","templated":true}]}}