{"id":45806,"date":"2020-09-01T12:15:14","date_gmt":"2020-09-01T10:15:14","guid":{"rendered":"https:\/\/www.ubfc.fr\/formations\/doctoral-studies\/environments-health-eh-doctoral-school\/"},"modified":"2022-12-01T17:19:29","modified_gmt":"2022-12-01T16:19:29","slug":"environments-health-eh-doctoral-school","status":"publish","type":"page","link":"https:\/\/www.ubfc.fr\/en\/formations\/doctoral-studies\/environments-health-eh-doctoral-school\/","title":{"rendered":"Environments &#038; Health (EH) doctoral school"},"content":{"rendered":"\t\t<div data-elementor-type=\"wp-page\" data-elementor-id=\"45806\" class=\"elementor elementor-45806 elementor-40060\" data-elementor-post-type=\"page\">\n\t\t\t\t\t\t<section class=\"elementor-section elementor-top-section elementor-element elementor-element-742043db elementor-section-boxed elementor-section-height-default elementor-section-height-default\" data-id=\"742043db\" data-element_type=\"section\" data-e-type=\"section\">\n\t\t\t\t\t\t<div class=\"elementor-container elementor-column-gap-default\">\n\t\t\t\t\t<div class=\"elementor-column elementor-col-100 elementor-top-column elementor-element elementor-element-2d858b7c\" data-id=\"2d858b7c\" data-element_type=\"column\" data-e-type=\"column\">\n\t\t\t<div class=\"elementor-widget-wrap elementor-element-populated\">\n\t\t\t\t\t\t\t<\/div>\n\t\t<\/div>\n\t\t\t\t\t<\/div>\n\t\t<\/section>\n\t\t\t\t<section class=\"elementor-section elementor-top-section elementor-element elementor-element-1d52179 elementor-section-boxed elementor-section-height-default elementor-section-height-default\" data-id=\"1d52179\" data-element_type=\"section\" data-e-type=\"section\">\n\t\t\t\t\t\t<div class=\"elementor-container elementor-column-gap-default\">\n\t\t\t\t\t<div class=\"elementor-column elementor-col-100 elementor-top-column elementor-element elementor-element-e15a2cb\" data-id=\"e15a2cb\" data-element_type=\"column\" data-e-type=\"column\">\n\t\t\t<div class=\"elementor-widget-wrap elementor-element-populated\">\n\t\t\t\t\t\t<div class=\"elementor-element elementor-element-4bcffd1 elementor-widget elementor-widget-text-editor\" data-id=\"4bcffd1\" data-element_type=\"widget\" data-e-type=\"widget\" data-widget_type=\"text-editor.default\">\n\t\t\t\t<div class=\"elementor-widget-container\">\n\t\t\t\t\t\t\t\t\t<p>EH doctoral school gathers 23 research units (11 from Universit\u00e9 de Bourgogne, and 9 from Universit\u00e9 de Franche-Comt\u00e9).<\/p>\n<p>A first group of laboratories studies the environment in a broad sense, while a second group gathers stakeholders of health research. Environmental sciences include general ecology, evolution, geology, climatology, behavioural sciences, agro-ecology, and food sciences, while health sciences include all the disciplinary fields related to human health and nutrition.<\/p>\n\t\t\t\t\t\t\t\t<\/div>\n\t\t\t\t<\/div>\n\t\t\t\t\t<\/div>\n\t\t<\/div>\n\t\t\t\t\t<\/div>\n\t\t<\/section>\n\t\t\t\t<section class=\"elementor-section elementor-top-section elementor-element elementor-element-33c19bd elementor-section-boxed elementor-section-height-default elementor-section-height-default\" data-id=\"33c19bd\" data-element_type=\"section\" data-e-type=\"section\">\n\t\t\t\t\t\t<div class=\"elementor-container elementor-column-gap-default\">\n\t\t\t\t\t<div class=\"elementor-column elementor-col-66 elementor-top-column elementor-element elementor-element-dfb346a\" data-id=\"dfb346a\" data-element_type=\"column\" data-e-type=\"column\">\n\t\t\t<div class=\"elementor-widget-wrap elementor-element-populated\">\n\t\t\t\t\t\t<div class=\"elementor-element elementor-element-04b7a38 elementor-widget elementor-widget-text-editor\" data-id=\"04b7a38\" data-element_type=\"widget\" data-e-type=\"widget\" data-widget_type=\"text-editor.default\">\n\t\t\t\t<div class=\"elementor-widget-container\">\n\t\t\t\t\t\t\t\t\t<h4><strong>Doctoral specialties at EH doctoral school:<\/strong><\/h4>\n<ul>\n<li>Agronomical sciences<\/li>\n<li>Astronomy, astrophysics<\/li>\n<li>Biochemistry and molecular biology<\/li>\n<li>Biology of organisms<\/li>\n<li>Biology of populations and ecology<\/li>\n<li>Biotechnologies of agri-foods<\/li>\n<li>Cell biology<\/li>\n<li>Chemistry<\/li>\n<li>Climatology<\/li>\n<li>Computer engineering, automation, signal processing<\/li>\n<li>Computer sciences<\/li>\n<li>Earth and environmental sciences<\/li>\n<li>Geodynamics of the upper mantle<\/li>\n<li>Geography<\/li>\n<li>Life and health sciences<\/li>\n<li>Medicine \u2013 biochemistry, cell biology and molecular biology, physiology and nutrition<\/li>\n<li>Medicine \u2013 biophysics, medical imaging<\/li>\n<li>Medicine \u2013 cardiorespiratory and vascular pathology<\/li>\n<li>Medicine \u2013 microbiology, transmittable diseases<\/li>\n<li>Medicine \u2013 oncology, genetics, hematology, immunology<\/li>\n<li>Medicine \u2013 public health, environment and society<\/li>\n<li>Neurosciences<\/li>\n<li>Paleontology<\/li>\n<li>Pharmacy<\/li>\n<li>Physics<\/li>\n<li>Physiology<\/li>\n<li>Psychology<\/li>\n<li>STAPS<\/li>\n<li>Structure and evolution of the Earth<\/li>\n<\/ul>\n\t\t\t\t\t\t\t\t<\/div>\n\t\t\t\t<\/div>\n\t\t\t\t\t<\/div>\n\t\t<\/div>\n\t\t\t\t<div class=\"elementor-column elementor-col-33 elementor-top-column elementor-element elementor-element-e53e36c\" data-id=\"e53e36c\" data-element_type=\"column\" data-e-type=\"column\">\n\t\t\t<div class=\"elementor-widget-wrap elementor-element-populated\">\n\t\t\t\t\t\t<div class=\"elementor-element elementor-element-87153e8 elementor-button-info elementor-align-left elementor-widget elementor-widget-button\" data-id=\"87153e8\" data-element_type=\"widget\" data-e-type=\"widget\" data-widget_type=\"button.default\">\n\t\t\t\t<div class=\"elementor-widget-container\">\n\t\t\t\t\t\t\t\t\t<div class=\"elementor-button-wrapper\">\n\t\t\t\t\t<a class=\"elementor-button elementor-button-link elementor-size-md\" href=\"https:\/\/e2s.ubfc.fr\/?lang=en\">\n\t\t\t\t\t\t<span class=\"elementor-button-content-wrapper\">\n\t\t\t\t\t\t\t\t\t<span class=\"elementor-button-text\">EH doctoral school website<\/span>\n\t\t\t\t\t<\/span>\n\t\t\t\t\t<\/a>\n\t\t\t\t<\/div>\n\t\t\t\t\t\t\t\t<\/div>\n\t\t\t\t<\/div>\n\t\t\t\t\t<\/div>\n\t\t<\/div>\n\t\t\t\t\t<\/div>\n\t\t<\/section>\n\t\t\t\t<\/div>\n\t\t","protected":false},"excerpt":{"rendered":"<p>EH doctoral school gathers 23 research units (11 from Universit\u00e9 de Bourgogne, and 9 from Universit\u00e9 de Franche-Comt\u00e9). A first group of laboratories studies the environment in a broad sense, while a second group gathers stakeholders of health research. Environmental sciences include general ecology, evolution, geology, climatology, behavioural sciences, agro-ecology, and food sciences, while health &hellip; <a href=\"https:\/\/www.ubfc.fr\/en\/formations\/doctoral-studies\/environments-health-eh-doctoral-school\/\">Continued<\/a><\/p>\n","protected":false},"author":6,"featured_media":0,"parent":45331,"menu_order":302,"comment_status":"closed","ping_status":"closed","template":"","meta":{"_acf_changed":false,"footnotes":""},"class_list":["post-45806","page","type-page","status-publish","hentry"],"acf":[],"yoast_head":"<!-- This site is optimized with the Yoast SEO plugin v27.3 - https:\/\/yoast.com\/product\/yoast-seo-wordpress\/ -->\n<title>Environments &amp; Health (EH) doctoral school - COMUE Universit\u00e9 Bourgogne-Franche-Comt\u00e9<\/title>\n<meta name=\"robots\" content=\"index, follow, max-snippet:-1, max-image-preview:large, max-video-preview:-1\" \/>\n<link rel=\"canonical\" href=\"https:\/\/www.ubfc.fr\/en\/formations\/doctoral-studies\/environments-health-eh-doctoral-school\/\" \/>\n<meta property=\"og:locale\" content=\"en_US\" \/>\n<meta property=\"og:type\" content=\"article\" \/>\n<meta property=\"og:title\" content=\"Environments &amp; Health (EH) doctoral school - COMUE Universit\u00e9 Bourgogne-Franche-Comt\u00e9\" \/>\n<meta property=\"og:description\" content=\"EH doctoral school gathers 23 research units (11 from Universit\u00e9 de Bourgogne, and 9 from Universit\u00e9 de Franche-Comt\u00e9). A first group of laboratories studies the environment in a broad sense, while a second group gathers stakeholders of health research. Environmental sciences include general ecology, evolution, geology, climatology, behavioural sciences, agro-ecology, and food sciences, while health &hellip; Continued\" \/>\n<meta property=\"og:url\" content=\"https:\/\/www.ubfc.fr\/en\/formations\/doctoral-studies\/environments-health-eh-doctoral-school\/\" \/>\n<meta property=\"og:site_name\" content=\"COMUE Universit\u00e9 Bourgogne-Franche-Comt\u00e9\" \/>\n<meta property=\"article:publisher\" content=\"https:\/\/www.facebook.com\/UnivBFC\/\" \/>\n<meta property=\"article:modified_time\" content=\"2022-12-01T16:19:29+00:00\" \/>\n<meta name=\"twitter:card\" content=\"summary_large_image\" \/>\n<meta name=\"twitter:site\" content=\"@univ_bfc\" \/>\n<meta name=\"twitter:label1\" content=\"Est. reading time\" \/>\n\t<meta name=\"twitter:data1\" content=\"1 minute\" \/>\n<script type=\"application\/ld+json\" class=\"yoast-schema-graph\">{\"@context\":\"https:\\\/\\\/schema.org\",\"@graph\":[{\"@type\":\"WebPage\",\"@id\":\"https:\\\/\\\/www.ubfc.fr\\\/en\\\/formations\\\/doctoral-studies\\\/environments-health-eh-doctoral-school\\\/\",\"url\":\"https:\\\/\\\/www.ubfc.fr\\\/en\\\/formations\\\/doctoral-studies\\\/environments-health-eh-doctoral-school\\\/\",\"name\":\"Environments & Health (EH) doctoral school - COMUE Universit\u00e9 Bourgogne-Franche-Comt\u00e9\",\"isPartOf\":{\"@id\":\"https:\\\/\\\/www.ubfc.fr\\\/#website\"},\"datePublished\":\"2020-09-01T10:15:14+00:00\",\"dateModified\":\"2022-12-01T16:19:29+00:00\",\"breadcrumb\":{\"@id\":\"https:\\\/\\\/www.ubfc.fr\\\/en\\\/formations\\\/doctoral-studies\\\/environments-health-eh-doctoral-school\\\/#breadcrumb\"},\"inLanguage\":\"en-US\",\"potentialAction\":[{\"@type\":\"ReadAction\",\"target\":[\"https:\\\/\\\/www.ubfc.fr\\\/en\\\/formations\\\/doctoral-studies\\\/environments-health-eh-doctoral-school\\\/\"]}]},{\"@type\":\"BreadcrumbList\",\"@id\":\"https:\\\/\\\/www.ubfc.fr\\\/en\\\/formations\\\/doctoral-studies\\\/environments-health-eh-doctoral-school\\\/#breadcrumb\",\"itemListElement\":[{\"@type\":\"ListItem\",\"position\":1,\"name\":\"Accueil\",\"item\":\"https:\\\/\\\/www.ubfc.fr\\\/en\\\/\"},{\"@type\":\"ListItem\",\"position\":2,\"name\":\"Trainings\",\"item\":\"https:\\\/\\\/www.ubfc.fr\\\/en\\\/formations\\\/\"},{\"@type\":\"ListItem\",\"position\":3,\"name\":\"Doctoral studies\",\"item\":\"https:\\\/\\\/www.ubfc.fr\\\/en\\\/formations\\\/doctoral-studies\\\/\"},{\"@type\":\"ListItem\",\"position\":4,\"name\":\"Environments &#038; Health (EH) doctoral school\"}]},{\"@type\":\"WebSite\",\"@id\":\"https:\\\/\\\/www.ubfc.fr\\\/#website\",\"url\":\"https:\\\/\\\/www.ubfc.fr\\\/\",\"name\":\"COMUE Universit\u00e9 Bourgogne-Franche-Comt\u00e9\",\"description\":\"\",\"publisher\":{\"@id\":\"https:\\\/\\\/www.ubfc.fr\\\/#organization\"},\"potentialAction\":[{\"@type\":\"SearchAction\",\"target\":{\"@type\":\"EntryPoint\",\"urlTemplate\":\"https:\\\/\\\/www.ubfc.fr\\\/?s={search_term_string}\"},\"query-input\":{\"@type\":\"PropertyValueSpecification\",\"valueRequired\":true,\"valueName\":\"search_term_string\"}}],\"inLanguage\":\"en-US\"},{\"@type\":\"Organization\",\"@id\":\"https:\\\/\\\/www.ubfc.fr\\\/#organization\",\"name\":\"Universit\u00e9 Bourgogne-Franche-Comt\u00e9\",\"url\":\"https:\\\/\\\/www.ubfc.fr\\\/\",\"logo\":{\"@type\":\"ImageObject\",\"inLanguage\":\"en-US\",\"@id\":\"https:\\\/\\\/www.ubfc.fr\\\/#\\\/schema\\\/logo\\\/image\\\/\",\"url\":\"https:\\\/\\\/www.ubfc.fr\\\/wp-content\\\/uploads\\\/2022\\\/03\\\/vagueUBFC_favicon.png\",\"contentUrl\":\"https:\\\/\\\/www.ubfc.fr\\\/wp-content\\\/uploads\\\/2022\\\/03\\\/vagueUBFC_favicon.png\",\"width\":512,\"height\":512,\"caption\":\"Universit\u00e9 Bourgogne-Franche-Comt\u00e9\"},\"image\":{\"@id\":\"https:\\\/\\\/www.ubfc.fr\\\/#\\\/schema\\\/logo\\\/image\\\/\"},\"sameAs\":[\"https:\\\/\\\/www.facebook.com\\\/UnivBFC\\\/\",\"https:\\\/\\\/x.com\\\/univ_bfc\",\"https:\\\/\\\/www.linkedin.com\\\/school\\\/universitebourgognefranchecomte\\\/mycompany\\\/\"]}]}<\/script>\n<!-- \/ Yoast SEO plugin. -->","yoast_head_json":{"title":"Environments & Health (EH) doctoral school - COMUE Universit\u00e9 Bourgogne-Franche-Comt\u00e9","robots":{"index":"index","follow":"follow","max-snippet":"max-snippet:-1","max-image-preview":"max-image-preview:large","max-video-preview":"max-video-preview:-1"},"canonical":"https:\/\/www.ubfc.fr\/en\/formations\/doctoral-studies\/environments-health-eh-doctoral-school\/","og_locale":"en_US","og_type":"article","og_title":"Environments & Health (EH) doctoral school - COMUE Universit\u00e9 Bourgogne-Franche-Comt\u00e9","og_description":"EH doctoral school gathers 23 research units (11 from Universit\u00e9 de Bourgogne, and 9 from Universit\u00e9 de Franche-Comt\u00e9). A first group of laboratories studies the environment in a broad sense, while a second group gathers stakeholders of health research. Environmental sciences include general ecology, evolution, geology, climatology, behavioural sciences, agro-ecology, and food sciences, while health &hellip; Continued","og_url":"https:\/\/www.ubfc.fr\/en\/formations\/doctoral-studies\/environments-health-eh-doctoral-school\/","og_site_name":"COMUE Universit\u00e9 Bourgogne-Franche-Comt\u00e9","article_publisher":"https:\/\/www.facebook.com\/UnivBFC\/","article_modified_time":"2022-12-01T16:19:29+00:00","twitter_card":"summary_large_image","twitter_site":"@univ_bfc","twitter_misc":{"Est. reading time":"1 minute"},"schema":{"@context":"https:\/\/schema.org","@graph":[{"@type":"WebPage","@id":"https:\/\/www.ubfc.fr\/en\/formations\/doctoral-studies\/environments-health-eh-doctoral-school\/","url":"https:\/\/www.ubfc.fr\/en\/formations\/doctoral-studies\/environments-health-eh-doctoral-school\/","name":"Environments & Health (EH) doctoral school - COMUE Universit\u00e9 Bourgogne-Franche-Comt\u00e9","isPartOf":{"@id":"https:\/\/www.ubfc.fr\/#website"},"datePublished":"2020-09-01T10:15:14+00:00","dateModified":"2022-12-01T16:19:29+00:00","breadcrumb":{"@id":"https:\/\/www.ubfc.fr\/en\/formations\/doctoral-studies\/environments-health-eh-doctoral-school\/#breadcrumb"},"inLanguage":"en-US","potentialAction":[{"@type":"ReadAction","target":["https:\/\/www.ubfc.fr\/en\/formations\/doctoral-studies\/environments-health-eh-doctoral-school\/"]}]},{"@type":"BreadcrumbList","@id":"https:\/\/www.ubfc.fr\/en\/formations\/doctoral-studies\/environments-health-eh-doctoral-school\/#breadcrumb","itemListElement":[{"@type":"ListItem","position":1,"name":"Accueil","item":"https:\/\/www.ubfc.fr\/en\/"},{"@type":"ListItem","position":2,"name":"Trainings","item":"https:\/\/www.ubfc.fr\/en\/formations\/"},{"@type":"ListItem","position":3,"name":"Doctoral studies","item":"https:\/\/www.ubfc.fr\/en\/formations\/doctoral-studies\/"},{"@type":"ListItem","position":4,"name":"Environments &#038; Health (EH) doctoral school"}]},{"@type":"WebSite","@id":"https:\/\/www.ubfc.fr\/#website","url":"https:\/\/www.ubfc.fr\/","name":"COMUE Universit\u00e9 Bourgogne-Franche-Comt\u00e9","description":"","publisher":{"@id":"https:\/\/www.ubfc.fr\/#organization"},"potentialAction":[{"@type":"SearchAction","target":{"@type":"EntryPoint","urlTemplate":"https:\/\/www.ubfc.fr\/?s={search_term_string}"},"query-input":{"@type":"PropertyValueSpecification","valueRequired":true,"valueName":"search_term_string"}}],"inLanguage":"en-US"},{"@type":"Organization","@id":"https:\/\/www.ubfc.fr\/#organization","name":"Universit\u00e9 Bourgogne-Franche-Comt\u00e9","url":"https:\/\/www.ubfc.fr\/","logo":{"@type":"ImageObject","inLanguage":"en-US","@id":"https:\/\/www.ubfc.fr\/#\/schema\/logo\/image\/","url":"https:\/\/www.ubfc.fr\/wp-content\/uploads\/2022\/03\/vagueUBFC_favicon.png","contentUrl":"https:\/\/www.ubfc.fr\/wp-content\/uploads\/2022\/03\/vagueUBFC_favicon.png","width":512,"height":512,"caption":"Universit\u00e9 Bourgogne-Franche-Comt\u00e9"},"image":{"@id":"https:\/\/www.ubfc.fr\/#\/schema\/logo\/image\/"},"sameAs":["https:\/\/www.facebook.com\/UnivBFC\/","https:\/\/x.com\/univ_bfc","https:\/\/www.linkedin.com\/school\/universitebourgognefranchecomte\/mycompany\/"]}]}},"_links":{"self":[{"href":"https:\/\/www.ubfc.fr\/en\/wp-json\/wp\/v2\/pages\/45806","targetHints":{"allow":["GET"]}}],"collection":[{"href":"https:\/\/www.ubfc.fr\/en\/wp-json\/wp\/v2\/pages"}],"about":[{"href":"https:\/\/www.ubfc.fr\/en\/wp-json\/wp\/v2\/types\/page"}],"author":[{"embeddable":true,"href":"https:\/\/www.ubfc.fr\/en\/wp-json\/wp\/v2\/users\/6"}],"replies":[{"embeddable":true,"href":"https:\/\/www.ubfc.fr\/en\/wp-json\/wp\/v2\/comments?post=45806"}],"version-history":[{"count":0,"href":"https:\/\/www.ubfc.fr\/en\/wp-json\/wp\/v2\/pages\/45806\/revisions"}],"up":[{"embeddable":true,"href":"https:\/\/www.ubfc.fr\/en\/wp-json\/wp\/v2\/pages\/45331"}],"wp:attachment":[{"href":"https:\/\/www.ubfc.fr\/en\/wp-json\/wp\/v2\/media?parent=45806"}],"curies":[{"name":"wp","href":"https:\/\/api.w.org\/{rel}","templated":true}]}}