{"id":45767,"date":"2020-09-01T10:35:01","date_gmt":"2020-09-01T08:35:01","guid":{"rendered":"https:\/\/www.ubfc.fr\/about-ubfc\/presentation\/"},"modified":"2025-01-02T10:36:52","modified_gmt":"2025-01-02T09:36:52","slug":"presentation","status":"publish","type":"page","link":"https:\/\/www.ubfc.fr\/en\/ubfc\/about-ubfc\/presentation\/","title":{"rendered":"Presentation"},"content":{"rendered":"\t\t<div data-elementor-type=\"wp-page\" data-elementor-id=\"45767\" class=\"elementor elementor-45767 elementor-44016\" data-elementor-post-type=\"page\">\n\t\t\t\t\t\t<section class=\"elementor-section elementor-top-section elementor-element elementor-element-a4b8ca6 elementor-section-boxed elementor-section-height-default elementor-section-height-default\" data-id=\"a4b8ca6\" data-element_type=\"section\" data-e-type=\"section\">\n\t\t\t\t\t\t<div class=\"elementor-container elementor-column-gap-default\">\n\t\t\t\t\t<div class=\"elementor-column elementor-col-100 elementor-top-column elementor-element elementor-element-234ae0d\" data-id=\"234ae0d\" data-element_type=\"column\" data-e-type=\"column\">\n\t\t\t<div class=\"elementor-widget-wrap elementor-element-populated\">\n\t\t\t\t\t\t<div class=\"elementor-element elementor-element-ad473f6 elementor-widget elementor-widget-text-editor\" data-id=\"ad473f6\" data-element_type=\"widget\" data-e-type=\"widget\" data-widget_type=\"text-editor.default\">\n\t\t\t\t<div class=\"elementor-widget-container\">\n\t\t\t\t\t\t\t\t\t<p>The Universit\u00e9 Bourgogne Franche-Comt\u00e9 (UBFC) is a community of universities and establishments (COMUE) created on 1 April 2015.<\/p>\n<p>On 1 January 2025, the EPE (Etablissement Public Exp\u00e9rimental) Marie et Louis Pasteur will replace the ComUE UBFC and the Universit\u00e9 de Franche-Comt\u00e9 (UFC).<\/p>\n<p>It is also made up of two entities that will retain their legal personality: UTBM and Supmicrotech ENSMM, and six associated establishments: ENSAM for its Cluny campus, Besan\u00e7on University Hospital, ISBA, ESTA, EFS-BFC and CROUS-BFC.<\/p>\n<p>The creation of the EPE is the result of the determination of the institutions that have chosen to pursue a strong local dynamic, as reflected in the draft territorial cooperation agreement common to all the players in the regional higher education system. These institutions have opted for a structure capable of building on the achievements of ten years of cooperation within the framework of the ComUE UBFC.<\/p>\n<p>As the creation of the EPE will take effect the day after the publication of the decree on 29 November 2024, the President of the UBFC, Macha Woronoff, will &#8220;exercise the powers of the President of the EPE&#8221; (Article 9).<\/p>\n<p>See the decree at <a href=\"https:\/\/www.legifrance.gouv.fr\/jorf\/id\/JORFTEXT000050685936\" target=\"_blank\" rel=\"noopener\">https:\/\/www.legifrance.gouv.fr\/jorf\/id\/JORFTEXT000050685936<\/a><\/p>\n\t\t\t\t\t\t\t\t<\/div>\n\t\t\t\t<\/div>\n\t\t\t\t\t<\/div>\n\t\t<\/div>\n\t\t\t\t\t<\/div>\n\t\t<\/section>\n\t\t\t\t<\/div>\n\t\t","protected":false},"excerpt":{"rendered":"<p>The Universit\u00e9 Bourgogne Franche-Comt\u00e9 (UBFC) is a community of universities and establishments (COMUE) created on 1 April 2015. On 1 January 2025, the EPE (Etablissement Public Exp\u00e9rimental) Marie et Louis Pasteur will replace the ComUE UBFC and the Universit\u00e9 de Franche-Comt\u00e9 (UFC). It is also made up of two entities that will retain their legal &hellip; <a href=\"https:\/\/www.ubfc.fr\/en\/ubfc\/about-ubfc\/presentation\/\">Continued<\/a><\/p>\n","protected":false},"author":18,"featured_media":0,"parent":45763,"menu_order":207,"comment_status":"closed","ping_status":"closed","template":"","meta":{"_acf_changed":false,"footnotes":""},"class_list":["post-45767","page","type-page","status-publish","hentry"],"acf":[],"yoast_head":"<!-- This site is optimized with the Yoast SEO plugin v27.3 - https:\/\/yoast.com\/product\/yoast-seo-wordpress\/ -->\n<title>Presentation - COMUE Universit\u00e9 Bourgogne-Franche-Comt\u00e9<\/title>\n<meta name=\"robots\" content=\"index, follow, max-snippet:-1, max-image-preview:large, max-video-preview:-1\" \/>\n<link rel=\"canonical\" href=\"https:\/\/www.ubfc.fr\/ubfc\/a-propos-dubfc\/presentation\/\" \/>\n<meta property=\"og:locale\" content=\"en_US\" \/>\n<meta property=\"og:type\" content=\"article\" \/>\n<meta property=\"og:title\" content=\"Presentation - COMUE Universit\u00e9 Bourgogne-Franche-Comt\u00e9\" \/>\n<meta property=\"og:description\" content=\"The Universit\u00e9 Bourgogne Franche-Comt\u00e9 (UBFC) is a community of universities and establishments (COMUE) created on 1 April 2015. On 1 January 2025, the EPE (Etablissement Public Exp\u00e9rimental) Marie et Louis Pasteur will replace the ComUE UBFC and the Universit\u00e9 de Franche-Comt\u00e9 (UFC). It is also made up of two entities that will retain their legal &hellip; Continued\" \/>\n<meta property=\"og:url\" content=\"https:\/\/www.ubfc.fr\/ubfc\/a-propos-dubfc\/presentation\/\" \/>\n<meta property=\"og:site_name\" content=\"COMUE Universit\u00e9 Bourgogne-Franche-Comt\u00e9\" \/>\n<meta property=\"article:publisher\" content=\"https:\/\/www.facebook.com\/UnivBFC\/\" \/>\n<meta property=\"article:modified_time\" content=\"2025-01-02T09:36:52+00:00\" \/>\n<meta name=\"twitter:card\" content=\"summary_large_image\" \/>\n<meta name=\"twitter:site\" content=\"@univ_bfc\" \/>\n<meta name=\"twitter:label1\" content=\"Est. reading time\" \/>\n\t<meta name=\"twitter:data1\" content=\"1 minute\" \/>\n<script type=\"application\/ld+json\" class=\"yoast-schema-graph\">{\"@context\":\"https:\\\/\\\/schema.org\",\"@graph\":[{\"@type\":\"WebPage\",\"@id\":\"https:\\\/\\\/www.ubfc.fr\\\/ubfc\\\/a-propos-dubfc\\\/presentation\\\/\",\"url\":\"https:\\\/\\\/www.ubfc.fr\\\/ubfc\\\/a-propos-dubfc\\\/presentation\\\/\",\"name\":\"Presentation - COMUE Universit\u00e9 Bourgogne-Franche-Comt\u00e9\",\"isPartOf\":{\"@id\":\"https:\\\/\\\/www.ubfc.fr\\\/#website\"},\"datePublished\":\"2020-09-01T08:35:01+00:00\",\"dateModified\":\"2025-01-02T09:36:52+00:00\",\"breadcrumb\":{\"@id\":\"https:\\\/\\\/www.ubfc.fr\\\/ubfc\\\/a-propos-dubfc\\\/presentation\\\/#breadcrumb\"},\"inLanguage\":\"en-US\",\"potentialAction\":[{\"@type\":\"ReadAction\",\"target\":[\"https:\\\/\\\/www.ubfc.fr\\\/ubfc\\\/a-propos-dubfc\\\/presentation\\\/\"]}]},{\"@type\":\"BreadcrumbList\",\"@id\":\"https:\\\/\\\/www.ubfc.fr\\\/ubfc\\\/a-propos-dubfc\\\/presentation\\\/#breadcrumb\",\"itemListElement\":[{\"@type\":\"ListItem\",\"position\":1,\"name\":\"Accueil\",\"item\":\"https:\\\/\\\/www.ubfc.fr\\\/en\\\/\"},{\"@type\":\"ListItem\",\"position\":2,\"name\":\"UBFC\",\"item\":\"https:\\\/\\\/www.ubfc.fr\\\/en\\\/ubfc\\\/\"},{\"@type\":\"ListItem\",\"position\":3,\"name\":\"ABOUT UBFC\",\"item\":\"https:\\\/\\\/www.ubfc.fr\\\/en\\\/ubfc\\\/about-ubfc\\\/\"},{\"@type\":\"ListItem\",\"position\":4,\"name\":\"Presentation\"}]},{\"@type\":\"WebSite\",\"@id\":\"https:\\\/\\\/www.ubfc.fr\\\/#website\",\"url\":\"https:\\\/\\\/www.ubfc.fr\\\/\",\"name\":\"COMUE Universit\u00e9 Bourgogne-Franche-Comt\u00e9\",\"description\":\"\",\"publisher\":{\"@id\":\"https:\\\/\\\/www.ubfc.fr\\\/#organization\"},\"potentialAction\":[{\"@type\":\"SearchAction\",\"target\":{\"@type\":\"EntryPoint\",\"urlTemplate\":\"https:\\\/\\\/www.ubfc.fr\\\/?s={search_term_string}\"},\"query-input\":{\"@type\":\"PropertyValueSpecification\",\"valueRequired\":true,\"valueName\":\"search_term_string\"}}],\"inLanguage\":\"en-US\"},{\"@type\":\"Organization\",\"@id\":\"https:\\\/\\\/www.ubfc.fr\\\/#organization\",\"name\":\"Universit\u00e9 Bourgogne-Franche-Comt\u00e9\",\"url\":\"https:\\\/\\\/www.ubfc.fr\\\/\",\"logo\":{\"@type\":\"ImageObject\",\"inLanguage\":\"en-US\",\"@id\":\"https:\\\/\\\/www.ubfc.fr\\\/#\\\/schema\\\/logo\\\/image\\\/\",\"url\":\"https:\\\/\\\/www.ubfc.fr\\\/wp-content\\\/uploads\\\/2022\\\/03\\\/vagueUBFC_favicon.png\",\"contentUrl\":\"https:\\\/\\\/www.ubfc.fr\\\/wp-content\\\/uploads\\\/2022\\\/03\\\/vagueUBFC_favicon.png\",\"width\":512,\"height\":512,\"caption\":\"Universit\u00e9 Bourgogne-Franche-Comt\u00e9\"},\"image\":{\"@id\":\"https:\\\/\\\/www.ubfc.fr\\\/#\\\/schema\\\/logo\\\/image\\\/\"},\"sameAs\":[\"https:\\\/\\\/www.facebook.com\\\/UnivBFC\\\/\",\"https:\\\/\\\/x.com\\\/univ_bfc\",\"https:\\\/\\\/www.linkedin.com\\\/school\\\/universitebourgognefranchecomte\\\/mycompany\\\/\"]}]}<\/script>\n<!-- \/ Yoast SEO plugin. -->","yoast_head_json":{"title":"Presentation - COMUE Universit\u00e9 Bourgogne-Franche-Comt\u00e9","robots":{"index":"index","follow":"follow","max-snippet":"max-snippet:-1","max-image-preview":"max-image-preview:large","max-video-preview":"max-video-preview:-1"},"canonical":"https:\/\/www.ubfc.fr\/ubfc\/a-propos-dubfc\/presentation\/","og_locale":"en_US","og_type":"article","og_title":"Presentation - COMUE Universit\u00e9 Bourgogne-Franche-Comt\u00e9","og_description":"The Universit\u00e9 Bourgogne Franche-Comt\u00e9 (UBFC) is a community of universities and establishments (COMUE) created on 1 April 2015. On 1 January 2025, the EPE (Etablissement Public Exp\u00e9rimental) Marie et Louis Pasteur will replace the ComUE UBFC and the Universit\u00e9 de Franche-Comt\u00e9 (UFC). It is also made up of two entities that will retain their legal &hellip; Continued","og_url":"https:\/\/www.ubfc.fr\/ubfc\/a-propos-dubfc\/presentation\/","og_site_name":"COMUE Universit\u00e9 Bourgogne-Franche-Comt\u00e9","article_publisher":"https:\/\/www.facebook.com\/UnivBFC\/","article_modified_time":"2025-01-02T09:36:52+00:00","twitter_card":"summary_large_image","twitter_site":"@univ_bfc","twitter_misc":{"Est. reading time":"1 minute"},"schema":{"@context":"https:\/\/schema.org","@graph":[{"@type":"WebPage","@id":"https:\/\/www.ubfc.fr\/ubfc\/a-propos-dubfc\/presentation\/","url":"https:\/\/www.ubfc.fr\/ubfc\/a-propos-dubfc\/presentation\/","name":"Presentation - COMUE Universit\u00e9 Bourgogne-Franche-Comt\u00e9","isPartOf":{"@id":"https:\/\/www.ubfc.fr\/#website"},"datePublished":"2020-09-01T08:35:01+00:00","dateModified":"2025-01-02T09:36:52+00:00","breadcrumb":{"@id":"https:\/\/www.ubfc.fr\/ubfc\/a-propos-dubfc\/presentation\/#breadcrumb"},"inLanguage":"en-US","potentialAction":[{"@type":"ReadAction","target":["https:\/\/www.ubfc.fr\/ubfc\/a-propos-dubfc\/presentation\/"]}]},{"@type":"BreadcrumbList","@id":"https:\/\/www.ubfc.fr\/ubfc\/a-propos-dubfc\/presentation\/#breadcrumb","itemListElement":[{"@type":"ListItem","position":1,"name":"Accueil","item":"https:\/\/www.ubfc.fr\/en\/"},{"@type":"ListItem","position":2,"name":"UBFC","item":"https:\/\/www.ubfc.fr\/en\/ubfc\/"},{"@type":"ListItem","position":3,"name":"ABOUT UBFC","item":"https:\/\/www.ubfc.fr\/en\/ubfc\/about-ubfc\/"},{"@type":"ListItem","position":4,"name":"Presentation"}]},{"@type":"WebSite","@id":"https:\/\/www.ubfc.fr\/#website","url":"https:\/\/www.ubfc.fr\/","name":"COMUE Universit\u00e9 Bourgogne-Franche-Comt\u00e9","description":"","publisher":{"@id":"https:\/\/www.ubfc.fr\/#organization"},"potentialAction":[{"@type":"SearchAction","target":{"@type":"EntryPoint","urlTemplate":"https:\/\/www.ubfc.fr\/?s={search_term_string}"},"query-input":{"@type":"PropertyValueSpecification","valueRequired":true,"valueName":"search_term_string"}}],"inLanguage":"en-US"},{"@type":"Organization","@id":"https:\/\/www.ubfc.fr\/#organization","name":"Universit\u00e9 Bourgogne-Franche-Comt\u00e9","url":"https:\/\/www.ubfc.fr\/","logo":{"@type":"ImageObject","inLanguage":"en-US","@id":"https:\/\/www.ubfc.fr\/#\/schema\/logo\/image\/","url":"https:\/\/www.ubfc.fr\/wp-content\/uploads\/2022\/03\/vagueUBFC_favicon.png","contentUrl":"https:\/\/www.ubfc.fr\/wp-content\/uploads\/2022\/03\/vagueUBFC_favicon.png","width":512,"height":512,"caption":"Universit\u00e9 Bourgogne-Franche-Comt\u00e9"},"image":{"@id":"https:\/\/www.ubfc.fr\/#\/schema\/logo\/image\/"},"sameAs":["https:\/\/www.facebook.com\/UnivBFC\/","https:\/\/x.com\/univ_bfc","https:\/\/www.linkedin.com\/school\/universitebourgognefranchecomte\/mycompany\/"]}]}},"_links":{"self":[{"href":"https:\/\/www.ubfc.fr\/en\/wp-json\/wp\/v2\/pages\/45767","targetHints":{"allow":["GET"]}}],"collection":[{"href":"https:\/\/www.ubfc.fr\/en\/wp-json\/wp\/v2\/pages"}],"about":[{"href":"https:\/\/www.ubfc.fr\/en\/wp-json\/wp\/v2\/types\/page"}],"author":[{"embeddable":true,"href":"https:\/\/www.ubfc.fr\/en\/wp-json\/wp\/v2\/users\/18"}],"replies":[{"embeddable":true,"href":"https:\/\/www.ubfc.fr\/en\/wp-json\/wp\/v2\/comments?post=45767"}],"version-history":[{"count":5,"href":"https:\/\/www.ubfc.fr\/en\/wp-json\/wp\/v2\/pages\/45767\/revisions"}],"predecessor-version":[{"id":74792,"href":"https:\/\/www.ubfc.fr\/en\/wp-json\/wp\/v2\/pages\/45767\/revisions\/74792"}],"up":[{"embeddable":true,"href":"https:\/\/www.ubfc.fr\/en\/wp-json\/wp\/v2\/pages\/45763"}],"wp:attachment":[{"href":"https:\/\/www.ubfc.fr\/en\/wp-json\/wp\/v2\/media?parent=45767"}],"curies":[{"name":"wp","href":"https:\/\/api.w.org\/{rel}","templated":true}]}}