{"id":45282,"date":"2020-07-21T14:28:31","date_gmt":"2020-07-21T12:28:31","guid":{"rendered":"https:\/\/www.ubfc.fr\/student-entrepreneurship-pepite-bfc\/"},"modified":"2020-07-21T14:55:43","modified_gmt":"2020-07-21T12:55:43","slug":"student-entrepreneurship-pepite-bfc","status":"publish","type":"page","link":"https:\/\/www.ubfc.fr\/en\/formations\/entrepreneurship\/student-entrepreneurship-pepite-bfc\/","title":{"rendered":"Student entrepreneurship: PEPITE-BFC"},"content":{"rendered":"\t\t<div data-elementor-type=\"wp-page\" data-elementor-id=\"45282\" class=\"elementor elementor-45282 elementor-44583\" data-elementor-post-type=\"page\">\n\t\t\t\t\t\t<section class=\"elementor-section elementor-top-section elementor-element elementor-element-af84882 elementor-section-boxed elementor-section-height-default elementor-section-height-default\" data-id=\"af84882\" data-element_type=\"section\" data-e-type=\"section\">\n\t\t\t\t\t\t<div class=\"elementor-container elementor-column-gap-default\">\n\t\t\t\t\t<div class=\"elementor-column elementor-col-50 elementor-top-column elementor-element elementor-element-1bd8ef4\" data-id=\"1bd8ef4\" data-element_type=\"column\" data-e-type=\"column\">\n\t\t\t<div class=\"elementor-widget-wrap elementor-element-populated\">\n\t\t\t\t\t\t<div class=\"elementor-element elementor-element-0d40b99 elementor-widget elementor-widget-text-editor\" data-id=\"0d40b99\" data-element_type=\"widget\" data-e-type=\"widget\" data-widget_type=\"text-editor.default\">\n\t\t\t\t<div class=\"elementor-widget-container\">\n\t\t\t\t\t\t\t\t\t<p><strong>Develop entrepreneurship and innovation, bring out innovating projects for the development of our territory, facilitate professional integration by improving students\u2019 entrepreneurial skills, such are the objectives of<\/strong><strong> PEPITE Bourgogne Franche-Comt\u00e9, which is aimed for all UBFC students, whatever their domain and training level.<\/strong><\/p>\n\t\t\t\t\t\t\t\t<\/div>\n\t\t\t\t<\/div>\n\t\t\t\t\t<\/div>\n\t\t<\/div>\n\t\t\t\t<div class=\"elementor-column elementor-col-50 elementor-top-column elementor-element elementor-element-5f51c41\" data-id=\"5f51c41\" data-element_type=\"column\" data-e-type=\"column\">\n\t\t\t<div class=\"elementor-widget-wrap elementor-element-populated\">\n\t\t\t\t\t\t<div class=\"elementor-element elementor-element-27121dc elementor-widget elementor-widget-text-editor\" data-id=\"27121dc\" data-element_type=\"widget\" data-e-type=\"widget\" data-widget_type=\"text-editor.default\">\n\t\t\t\t<div class=\"elementor-widget-container\">\n\t\t\t\t\t\t\t\t\t<p><img decoding=\"async\" class=\"wp-image-44616 alignright\" src=\"https:\/\/www.ubfc.fr\/wp-content\/uploads\/2020\/06\/logoPepite-300x171.png\" alt=\"\" width=\"212\" height=\"111\" \/><\/p>\n\t\t\t\t\t\t\t\t<\/div>\n\t\t\t\t<\/div>\n\t\t\t\t\t<\/div>\n\t\t<\/div>\n\t\t\t\t\t<\/div>\n\t\t<\/section>\n\t\t\t\t<section class=\"elementor-section elementor-top-section elementor-element elementor-element-0b1a2a5 elementor-section-boxed elementor-section-height-default elementor-section-height-default\" data-id=\"0b1a2a5\" data-element_type=\"section\" data-e-type=\"section\">\n\t\t\t\t\t\t<div class=\"elementor-container elementor-column-gap-default\">\n\t\t\t\t\t<div class=\"elementor-column elementor-col-50 elementor-top-column elementor-element elementor-element-137b3fe\" data-id=\"137b3fe\" data-element_type=\"column\" data-e-type=\"column\">\n\t\t\t<div class=\"elementor-widget-wrap elementor-element-populated\">\n\t\t\t\t\t\t<div class=\"elementor-element elementor-element-ba9629e elementor-widget elementor-widget-text-editor\" data-id=\"ba9629e\" data-element_type=\"widget\" data-e-type=\"widget\" data-widget_type=\"text-editor.default\">\n\t\t\t\t<div class=\"elementor-widget-container\">\n\t\t\t\t\t\t\t\t\t<p>The PEPITE Bourgogne Franche-Comt\u00e9 was certified in March 2014. It is one of the 29 student centres for innovation, transfer and entrepreneurship (\u201cP\u00f4les \u00c9tudiants Pour l\u2019Innovation, le Transfert et l\u2019Entrepreneuriat\u201d) set up by the Ministry of Higher Education and Research. It proposes a whole range of actions to develop students\u2019 and young graduates\u2019 awareness to entrepreneurship, train them and support them.<\/p>\n<p>It is composed of the seven higher-education institutions of Bourgogne-Franche-Comt\u00e9, namely the Universit\u00e9 de Bourgogne and the Universit\u00e9 de Franche-Comt\u00e9, the ENSMM, the UTBM, AgroSup Dijon, Burgundy School of Business, and the ENSAM Cluny. The PEPITE relies on numerous regional partners \u2013 business owners, financers, people involved in support to business setup, local and institutional authorities \u2013 to carry out its operations.<\/p>\n<p>The P\u00c9PITE toolbox shows that it is possible to carry out studies and also start a business thanks to the national student entrepreneur status (\u201c<a href=\"http:\/\/pepite.univ-fcomte.fr\/les-actions-proposees-statut-etudiant-entrepreneur\">Statut National d\u2019\u00c9tudiant Entrepreneur\u201d, SNEE<\/a>).<\/p>\n<p>More information at\u00a0<a href=\"http:\/\/pepite.univ-fcomte.fr\/\">P\u00e9pite Bourgogne Franche-Comt\u00e9 <\/a><\/p>\n\t\t\t\t\t\t\t\t<\/div>\n\t\t\t\t<\/div>\n\t\t\t\t\t<\/div>\n\t\t<\/div>\n\t\t\t\t<div class=\"elementor-column elementor-col-50 elementor-top-column elementor-element elementor-element-a088185\" data-id=\"a088185\" data-element_type=\"column\" data-e-type=\"column\">\n\t\t\t<div class=\"elementor-widget-wrap elementor-element-populated\">\n\t\t\t\t\t\t<div class=\"elementor-element elementor-element-f33abc4 elementor-widget elementor-widget-image\" data-id=\"f33abc4\" data-element_type=\"widget\" data-e-type=\"widget\" data-widget_type=\"image.default\">\n\t\t\t\t<div class=\"elementor-widget-container\">\n\t\t\t\t\t\t\t\t\t\t\t\t\t\t\t<img fetchpriority=\"high\" decoding=\"async\" width=\"999\" height=\"550\" src=\"https:\/\/www.ubfc.fr\/wp-content\/uploads\/2018\/09\/entrepreunariat-pepite.jpg\" class=\"attachment-large size-large wp-image-11265\" alt=\"PEPITE\" srcset=\"https:\/\/www.ubfc.fr\/wp-content\/uploads\/2018\/09\/entrepreunariat-pepite.jpg 999w, https:\/\/www.ubfc.fr\/wp-content\/uploads\/2018\/09\/entrepreunariat-pepite-300x165.jpg 300w, https:\/\/www.ubfc.fr\/wp-content\/uploads\/2018\/09\/entrepreunariat-pepite-768x423.jpg 768w\" sizes=\"(max-width: 999px) 100vw, 999px\" \/>\t\t\t\t\t\t\t\t\t\t\t\t\t\t\t<\/div>\n\t\t\t\t<\/div>\n\t\t\t\t\t<\/div>\n\t\t<\/div>\n\t\t\t\t\t<\/div>\n\t\t<\/section>\n\t\t\t\t<\/div>\n\t\t","protected":false},"excerpt":{"rendered":"<p>Develop entrepreneurship and innovation, bring out innovating projects for the development of our territory, facilitate professional integration by improving students\u2019 entrepreneurial skills, such are the objectives of PEPITE Bourgogne Franche-Comt\u00e9, which is aimed for all UBFC students, whatever their domain and training level. The PEPITE Bourgogne Franche-Comt\u00e9 was certified in March 2014. It is one &hellip; <a href=\"https:\/\/www.ubfc.fr\/en\/formations\/entrepreneurship\/student-entrepreneurship-pepite-bfc\/\">Continued<\/a><\/p>\n","protected":false},"author":18,"featured_media":0,"parent":45287,"menu_order":128,"comment_status":"closed","ping_status":"closed","template":"","meta":{"_acf_changed":false,"footnotes":""},"class_list":["post-45282","page","type-page","status-publish","hentry"],"acf":[],"yoast_head":"<!-- This site is optimized with the Yoast SEO plugin v27.3 - https:\/\/yoast.com\/product\/yoast-seo-wordpress\/ -->\n<title>Student entrepreneurship: PEPITE-BFC - COMUE Universit\u00e9 Bourgogne-Franche-Comt\u00e9<\/title>\n<meta name=\"robots\" content=\"index, follow, max-snippet:-1, max-image-preview:large, max-video-preview:-1\" \/>\n<link rel=\"canonical\" href=\"https:\/\/www.ubfc.fr\/en\/formations\/entrepreneurship\/student-entrepreneurship-pepite-bfc\/\" \/>\n<meta property=\"og:locale\" content=\"en_US\" \/>\n<meta property=\"og:type\" content=\"article\" \/>\n<meta property=\"og:title\" content=\"Student entrepreneurship: PEPITE-BFC - COMUE Universit\u00e9 Bourgogne-Franche-Comt\u00e9\" \/>\n<meta property=\"og:description\" content=\"Develop entrepreneurship and innovation, bring out innovating projects for the development of our territory, facilitate professional integration by improving students\u2019 entrepreneurial skills, such are the objectives of PEPITE Bourgogne Franche-Comt\u00e9, which is aimed for all UBFC students, whatever their domain and training level. The PEPITE Bourgogne Franche-Comt\u00e9 was certified in March 2014. It is one &hellip; Continued\" \/>\n<meta property=\"og:url\" content=\"https:\/\/www.ubfc.fr\/en\/formations\/entrepreneurship\/student-entrepreneurship-pepite-bfc\/\" \/>\n<meta property=\"og:site_name\" content=\"COMUE Universit\u00e9 Bourgogne-Franche-Comt\u00e9\" \/>\n<meta property=\"article:publisher\" content=\"https:\/\/www.facebook.com\/UnivBFC\/\" \/>\n<meta property=\"article:modified_time\" content=\"2020-07-21T12:55:43+00:00\" \/>\n<meta property=\"og:image\" content=\"https:\/\/www.ubfc.fr\/wp-content\/uploads\/2020\/06\/logoPepite-300x171.png\" \/>\n<meta name=\"twitter:card\" content=\"summary_large_image\" \/>\n<meta name=\"twitter:site\" content=\"@univ_bfc\" \/>\n<meta name=\"twitter:label1\" content=\"Est. reading time\" \/>\n\t<meta name=\"twitter:data1\" content=\"1 minute\" \/>\n<script type=\"application\/ld+json\" class=\"yoast-schema-graph\">{\"@context\":\"https:\\\/\\\/schema.org\",\"@graph\":[{\"@type\":\"WebPage\",\"@id\":\"https:\\\/\\\/www.ubfc.fr\\\/en\\\/formations\\\/entrepreneurship\\\/student-entrepreneurship-pepite-bfc\\\/\",\"url\":\"https:\\\/\\\/www.ubfc.fr\\\/en\\\/formations\\\/entrepreneurship\\\/student-entrepreneurship-pepite-bfc\\\/\",\"name\":\"Student entrepreneurship: PEPITE-BFC - COMUE Universit\u00e9 Bourgogne-Franche-Comt\u00e9\",\"isPartOf\":{\"@id\":\"https:\\\/\\\/www.ubfc.fr\\\/#website\"},\"primaryImageOfPage\":{\"@id\":\"https:\\\/\\\/www.ubfc.fr\\\/en\\\/formations\\\/entrepreneurship\\\/student-entrepreneurship-pepite-bfc\\\/#primaryimage\"},\"image\":{\"@id\":\"https:\\\/\\\/www.ubfc.fr\\\/en\\\/formations\\\/entrepreneurship\\\/student-entrepreneurship-pepite-bfc\\\/#primaryimage\"},\"thumbnailUrl\":\"https:\\\/\\\/www.ubfc.fr\\\/wp-content\\\/uploads\\\/2020\\\/06\\\/logoPepite-300x171.png\",\"datePublished\":\"2020-07-21T12:28:31+00:00\",\"dateModified\":\"2020-07-21T12:55:43+00:00\",\"breadcrumb\":{\"@id\":\"https:\\\/\\\/www.ubfc.fr\\\/en\\\/formations\\\/entrepreneurship\\\/student-entrepreneurship-pepite-bfc\\\/#breadcrumb\"},\"inLanguage\":\"en-US\",\"potentialAction\":[{\"@type\":\"ReadAction\",\"target\":[\"https:\\\/\\\/www.ubfc.fr\\\/en\\\/formations\\\/entrepreneurship\\\/student-entrepreneurship-pepite-bfc\\\/\"]}]},{\"@type\":\"ImageObject\",\"inLanguage\":\"en-US\",\"@id\":\"https:\\\/\\\/www.ubfc.fr\\\/en\\\/formations\\\/entrepreneurship\\\/student-entrepreneurship-pepite-bfc\\\/#primaryimage\",\"url\":\"https:\\\/\\\/www.ubfc.fr\\\/wp-content\\\/uploads\\\/2020\\\/06\\\/logoPepite-300x171.png\",\"contentUrl\":\"https:\\\/\\\/www.ubfc.fr\\\/wp-content\\\/uploads\\\/2020\\\/06\\\/logoPepite-300x171.png\"},{\"@type\":\"BreadcrumbList\",\"@id\":\"https:\\\/\\\/www.ubfc.fr\\\/en\\\/formations\\\/entrepreneurship\\\/student-entrepreneurship-pepite-bfc\\\/#breadcrumb\",\"itemListElement\":[{\"@type\":\"ListItem\",\"position\":1,\"name\":\"Accueil\",\"item\":\"https:\\\/\\\/www.ubfc.fr\\\/en\\\/\"},{\"@type\":\"ListItem\",\"position\":2,\"name\":\"Trainings\",\"item\":\"https:\\\/\\\/www.ubfc.fr\\\/en\\\/formations\\\/\"},{\"@type\":\"ListItem\",\"position\":3,\"name\":\"Entrepreneurship\",\"item\":\"https:\\\/\\\/www.ubfc.fr\\\/en\\\/formations\\\/entrepreneurship\\\/\"},{\"@type\":\"ListItem\",\"position\":4,\"name\":\"Student entrepreneurship: PEPITE-BFC\"}]},{\"@type\":\"WebSite\",\"@id\":\"https:\\\/\\\/www.ubfc.fr\\\/#website\",\"url\":\"https:\\\/\\\/www.ubfc.fr\\\/\",\"name\":\"COMUE Universit\u00e9 Bourgogne-Franche-Comt\u00e9\",\"description\":\"\",\"publisher\":{\"@id\":\"https:\\\/\\\/www.ubfc.fr\\\/#organization\"},\"potentialAction\":[{\"@type\":\"SearchAction\",\"target\":{\"@type\":\"EntryPoint\",\"urlTemplate\":\"https:\\\/\\\/www.ubfc.fr\\\/?s={search_term_string}\"},\"query-input\":{\"@type\":\"PropertyValueSpecification\",\"valueRequired\":true,\"valueName\":\"search_term_string\"}}],\"inLanguage\":\"en-US\"},{\"@type\":\"Organization\",\"@id\":\"https:\\\/\\\/www.ubfc.fr\\\/#organization\",\"name\":\"Universit\u00e9 Bourgogne-Franche-Comt\u00e9\",\"url\":\"https:\\\/\\\/www.ubfc.fr\\\/\",\"logo\":{\"@type\":\"ImageObject\",\"inLanguage\":\"en-US\",\"@id\":\"https:\\\/\\\/www.ubfc.fr\\\/#\\\/schema\\\/logo\\\/image\\\/\",\"url\":\"https:\\\/\\\/www.ubfc.fr\\\/wp-content\\\/uploads\\\/2022\\\/03\\\/vagueUBFC_favicon.png\",\"contentUrl\":\"https:\\\/\\\/www.ubfc.fr\\\/wp-content\\\/uploads\\\/2022\\\/03\\\/vagueUBFC_favicon.png\",\"width\":512,\"height\":512,\"caption\":\"Universit\u00e9 Bourgogne-Franche-Comt\u00e9\"},\"image\":{\"@id\":\"https:\\\/\\\/www.ubfc.fr\\\/#\\\/schema\\\/logo\\\/image\\\/\"},\"sameAs\":[\"https:\\\/\\\/www.facebook.com\\\/UnivBFC\\\/\",\"https:\\\/\\\/x.com\\\/univ_bfc\",\"https:\\\/\\\/www.linkedin.com\\\/school\\\/universitebourgognefranchecomte\\\/mycompany\\\/\"]}]}<\/script>\n<!-- \/ Yoast SEO plugin. -->","yoast_head_json":{"title":"Student entrepreneurship: PEPITE-BFC - COMUE Universit\u00e9 Bourgogne-Franche-Comt\u00e9","robots":{"index":"index","follow":"follow","max-snippet":"max-snippet:-1","max-image-preview":"max-image-preview:large","max-video-preview":"max-video-preview:-1"},"canonical":"https:\/\/www.ubfc.fr\/en\/formations\/entrepreneurship\/student-entrepreneurship-pepite-bfc\/","og_locale":"en_US","og_type":"article","og_title":"Student entrepreneurship: PEPITE-BFC - COMUE Universit\u00e9 Bourgogne-Franche-Comt\u00e9","og_description":"Develop entrepreneurship and innovation, bring out innovating projects for the development of our territory, facilitate professional integration by improving students\u2019 entrepreneurial skills, such are the objectives of PEPITE Bourgogne Franche-Comt\u00e9, which is aimed for all UBFC students, whatever their domain and training level. The PEPITE Bourgogne Franche-Comt\u00e9 was certified in March 2014. It is one &hellip; Continued","og_url":"https:\/\/www.ubfc.fr\/en\/formations\/entrepreneurship\/student-entrepreneurship-pepite-bfc\/","og_site_name":"COMUE Universit\u00e9 Bourgogne-Franche-Comt\u00e9","article_publisher":"https:\/\/www.facebook.com\/UnivBFC\/","article_modified_time":"2020-07-21T12:55:43+00:00","og_image":[{"url":"https:\/\/www.ubfc.fr\/wp-content\/uploads\/2020\/06\/logoPepite-300x171.png","type":"","width":"","height":""}],"twitter_card":"summary_large_image","twitter_site":"@univ_bfc","twitter_misc":{"Est. reading time":"1 minute"},"schema":{"@context":"https:\/\/schema.org","@graph":[{"@type":"WebPage","@id":"https:\/\/www.ubfc.fr\/en\/formations\/entrepreneurship\/student-entrepreneurship-pepite-bfc\/","url":"https:\/\/www.ubfc.fr\/en\/formations\/entrepreneurship\/student-entrepreneurship-pepite-bfc\/","name":"Student entrepreneurship: PEPITE-BFC - COMUE Universit\u00e9 Bourgogne-Franche-Comt\u00e9","isPartOf":{"@id":"https:\/\/www.ubfc.fr\/#website"},"primaryImageOfPage":{"@id":"https:\/\/www.ubfc.fr\/en\/formations\/entrepreneurship\/student-entrepreneurship-pepite-bfc\/#primaryimage"},"image":{"@id":"https:\/\/www.ubfc.fr\/en\/formations\/entrepreneurship\/student-entrepreneurship-pepite-bfc\/#primaryimage"},"thumbnailUrl":"https:\/\/www.ubfc.fr\/wp-content\/uploads\/2020\/06\/logoPepite-300x171.png","datePublished":"2020-07-21T12:28:31+00:00","dateModified":"2020-07-21T12:55:43+00:00","breadcrumb":{"@id":"https:\/\/www.ubfc.fr\/en\/formations\/entrepreneurship\/student-entrepreneurship-pepite-bfc\/#breadcrumb"},"inLanguage":"en-US","potentialAction":[{"@type":"ReadAction","target":["https:\/\/www.ubfc.fr\/en\/formations\/entrepreneurship\/student-entrepreneurship-pepite-bfc\/"]}]},{"@type":"ImageObject","inLanguage":"en-US","@id":"https:\/\/www.ubfc.fr\/en\/formations\/entrepreneurship\/student-entrepreneurship-pepite-bfc\/#primaryimage","url":"https:\/\/www.ubfc.fr\/wp-content\/uploads\/2020\/06\/logoPepite-300x171.png","contentUrl":"https:\/\/www.ubfc.fr\/wp-content\/uploads\/2020\/06\/logoPepite-300x171.png"},{"@type":"BreadcrumbList","@id":"https:\/\/www.ubfc.fr\/en\/formations\/entrepreneurship\/student-entrepreneurship-pepite-bfc\/#breadcrumb","itemListElement":[{"@type":"ListItem","position":1,"name":"Accueil","item":"https:\/\/www.ubfc.fr\/en\/"},{"@type":"ListItem","position":2,"name":"Trainings","item":"https:\/\/www.ubfc.fr\/en\/formations\/"},{"@type":"ListItem","position":3,"name":"Entrepreneurship","item":"https:\/\/www.ubfc.fr\/en\/formations\/entrepreneurship\/"},{"@type":"ListItem","position":4,"name":"Student entrepreneurship: PEPITE-BFC"}]},{"@type":"WebSite","@id":"https:\/\/www.ubfc.fr\/#website","url":"https:\/\/www.ubfc.fr\/","name":"COMUE Universit\u00e9 Bourgogne-Franche-Comt\u00e9","description":"","publisher":{"@id":"https:\/\/www.ubfc.fr\/#organization"},"potentialAction":[{"@type":"SearchAction","target":{"@type":"EntryPoint","urlTemplate":"https:\/\/www.ubfc.fr\/?s={search_term_string}"},"query-input":{"@type":"PropertyValueSpecification","valueRequired":true,"valueName":"search_term_string"}}],"inLanguage":"en-US"},{"@type":"Organization","@id":"https:\/\/www.ubfc.fr\/#organization","name":"Universit\u00e9 Bourgogne-Franche-Comt\u00e9","url":"https:\/\/www.ubfc.fr\/","logo":{"@type":"ImageObject","inLanguage":"en-US","@id":"https:\/\/www.ubfc.fr\/#\/schema\/logo\/image\/","url":"https:\/\/www.ubfc.fr\/wp-content\/uploads\/2022\/03\/vagueUBFC_favicon.png","contentUrl":"https:\/\/www.ubfc.fr\/wp-content\/uploads\/2022\/03\/vagueUBFC_favicon.png","width":512,"height":512,"caption":"Universit\u00e9 Bourgogne-Franche-Comt\u00e9"},"image":{"@id":"https:\/\/www.ubfc.fr\/#\/schema\/logo\/image\/"},"sameAs":["https:\/\/www.facebook.com\/UnivBFC\/","https:\/\/x.com\/univ_bfc","https:\/\/www.linkedin.com\/school\/universitebourgognefranchecomte\/mycompany\/"]}]}},"_links":{"self":[{"href":"https:\/\/www.ubfc.fr\/en\/wp-json\/wp\/v2\/pages\/45282","targetHints":{"allow":["GET"]}}],"collection":[{"href":"https:\/\/www.ubfc.fr\/en\/wp-json\/wp\/v2\/pages"}],"about":[{"href":"https:\/\/www.ubfc.fr\/en\/wp-json\/wp\/v2\/types\/page"}],"author":[{"embeddable":true,"href":"https:\/\/www.ubfc.fr\/en\/wp-json\/wp\/v2\/users\/18"}],"replies":[{"embeddable":true,"href":"https:\/\/www.ubfc.fr\/en\/wp-json\/wp\/v2\/comments?post=45282"}],"version-history":[{"count":0,"href":"https:\/\/www.ubfc.fr\/en\/wp-json\/wp\/v2\/pages\/45282\/revisions"}],"up":[{"embeddable":true,"href":"https:\/\/www.ubfc.fr\/en\/wp-json\/wp\/v2\/pages\/45287"}],"wp:attachment":[{"href":"https:\/\/www.ubfc.fr\/en\/wp-json\/wp\/v2\/media?parent=45282"}],"curies":[{"name":"wp","href":"https:\/\/api.w.org\/{rel}","templated":true}]}}