{"id":45200,"date":"2020-07-20T15:20:40","date_gmt":"2020-07-20T13:20:40","guid":{"rendered":"https:\/\/www.ubfc.fr\/governance\/bodies\/the-member-council\/"},"modified":"2022-11-09T11:39:04","modified_gmt":"2022-11-09T10:39:04","slug":"the-member-council","status":"publish","type":"page","link":"https:\/\/www.ubfc.fr\/en\/ubfc\/governance\/bodies\/the-member-council\/","title":{"rendered":"The Member Council"},"content":{"rendered":"\t\t<div data-elementor-type=\"wp-post\" data-elementor-id=\"45200\" class=\"elementor elementor-45200 elementor-733\" data-elementor-post-type=\"page\">\n\t\t\t\t\t\t<section class=\"elementor-section elementor-top-section elementor-element elementor-element-48974330 elementor-section-boxed elementor-section-height-default elementor-section-height-default\" data-id=\"48974330\" data-element_type=\"section\" data-e-type=\"section\">\n\t\t\t\t\t\t<div class=\"elementor-container elementor-column-gap-default\">\n\t\t\t\t\t<div class=\"elementor-column elementor-col-100 elementor-top-column elementor-element elementor-element-7cfa18a0\" data-id=\"7cfa18a0\" data-element_type=\"column\" data-e-type=\"column\">\n\t\t\t<div class=\"elementor-widget-wrap elementor-element-populated\">\n\t\t\t\t\t\t<div class=\"elementor-element elementor-element-2e80ce3b elementor-widget elementor-widget-text-editor\" data-id=\"2e80ce3b\" data-element_type=\"widget\" data-e-type=\"widget\" data-widget_type=\"text-editor.default\">\n\t\t\t\t<div class=\"elementor-widget-container\">\n\t\t\t\t\t\t\t\t\tThe Member Council is <strong>presided over by<\/strong> <strong>Mr. Dominique GREVEY<\/strong>, UBFC President, and <strong>composed of the presidents and directors of the member institutions<\/strong> of the COMUE UBFC, namely:\r\n<ul>\r\n \t<li><strong>Mr. Vincent THOMAS<\/strong>, president of the universit\u00e9 de Bourgogne<\/li>\r\n \t<li><strong>Mrs. Macha WORONOFF<\/strong>, president of the universit\u00e9 de Franche-Comt\u00e9<\/li>\r\n \t<li><strong>Mr. Ghislain MONTAVON<\/strong>, director general of the Universit\u00e9 de Technologie de Belfort-Montb\u00e9liard<\/li>\r\n \t<li><strong>Mr. Pascal VAIRAC<\/strong>, director general of the \u00c9cole Nationale Sup\u00e9rieure de M\u00e9canique et des Microtechniques de Besan\u00e7on (ENSMM)<\/li>\r\n \t<li><strong>Mr. Fran\u00e7ois ROCHE-BRUYN<\/strong>, director general of the Institut National Sup\u00e9rieur des Sciences Agronomiques, de l\u2019Alimentation et de l\u2019Environnement (AgroSup Dijon)<\/li>\r\n \t<li><strong>Mr. Stephan BOURCIEU<\/strong>, director general of the Burgundy School of Business (BSB, formerly ESC Dijon)<\/li>\r\n \t<li><strong>Mr. Michel JAUZEIN<\/strong>, director of the \u00c9cole Nationale Sup\u00e9rieure d\u2019Arts et M\u00e9tiers (ENSAM), campus of Cluny.<\/li>\r\n<\/ul>\r\nThe member council has <strong>advisory capacity<\/strong>: it assists the President and the board of administrators in the implementation of the UBFC strategic project. It is associated to upstream work and to the implementation of the board of administrators\u2019 decisions.\r\n\r\nIts competences are defined in article 17 of the <a href=\"https:\/\/www.ubfc.fr\/wp-content\/uploads\/2020\/11\/statuts_UBFC.pdf\">UBFC statutes<\/a>.\t\t\t\t\t\t\t\t<\/div>\n\t\t\t\t<\/div>\n\t\t\t\t\t<\/div>\n\t\t<\/div>\n\t\t\t\t\t<\/div>\n\t\t<\/section>\n\t\t\t\t<\/div>\n\t\t","protected":false},"excerpt":{"rendered":"<p>The Member Council is presided over by Mr. Dominique GREVEY, UBFC President, and composed of the presidents and directors of the member institutions of the COMUE UBFC, namely: Mr. Vincent THOMAS, president of the universit\u00e9 de Bourgogne Mrs. Macha WORONOFF, president of the universit\u00e9 de Franche-Comt\u00e9 Mr. Ghislain MONTAVON, director general of the Universit\u00e9 de &hellip; <a href=\"https:\/\/www.ubfc.fr\/en\/ubfc\/governance\/bodies\/the-member-council\/\">Continued<\/a><\/p>\n","protected":false},"author":1,"featured_media":0,"parent":45184,"menu_order":416,"comment_status":"closed","ping_status":"closed","template":"","meta":{"_acf_changed":false,"footnotes":""},"class_list":["post-45200","page","type-page","status-publish","hentry"],"acf":[],"yoast_head":"<!-- This site is optimized with the Yoast SEO plugin v27.3 - https:\/\/yoast.com\/product\/yoast-seo-wordpress\/ -->\n<title>The Member Council - COMUE Universit\u00e9 Bourgogne-Franche-Comt\u00e9<\/title>\n<meta name=\"robots\" content=\"index, follow, max-snippet:-1, max-image-preview:large, max-video-preview:-1\" \/>\n<link rel=\"canonical\" href=\"https:\/\/www.ubfc.fr\/en\/ubfc\/governance\/bodies\/the-member-council\/\" \/>\n<meta property=\"og:locale\" content=\"en_US\" \/>\n<meta property=\"og:type\" content=\"article\" \/>\n<meta property=\"og:title\" content=\"The Member Council - COMUE Universit\u00e9 Bourgogne-Franche-Comt\u00e9\" \/>\n<meta property=\"og:description\" content=\"The Member Council is presided over by Mr. Dominique GREVEY, UBFC President, and composed of the presidents and directors of the member institutions of the COMUE UBFC, namely: Mr. Vincent THOMAS, president of the universit\u00e9 de Bourgogne Mrs. Macha WORONOFF, president of the universit\u00e9 de Franche-Comt\u00e9 Mr. Ghislain MONTAVON, director general of the Universit\u00e9 de &hellip; Continued\" \/>\n<meta property=\"og:url\" content=\"https:\/\/www.ubfc.fr\/en\/ubfc\/governance\/bodies\/the-member-council\/\" \/>\n<meta property=\"og:site_name\" content=\"COMUE Universit\u00e9 Bourgogne-Franche-Comt\u00e9\" \/>\n<meta property=\"article:publisher\" content=\"https:\/\/www.facebook.com\/UnivBFC\/\" \/>\n<meta property=\"article:modified_time\" content=\"2022-11-09T10:39:04+00:00\" \/>\n<meta name=\"twitter:card\" content=\"summary_large_image\" \/>\n<meta name=\"twitter:site\" content=\"@univ_bfc\" \/>\n<meta name=\"twitter:label1\" content=\"Est. reading time\" \/>\n\t<meta name=\"twitter:data1\" content=\"1 minute\" \/>\n<script type=\"application\/ld+json\" class=\"yoast-schema-graph\">{\"@context\":\"https:\\\/\\\/schema.org\",\"@graph\":[{\"@type\":\"WebPage\",\"@id\":\"https:\\\/\\\/www.ubfc.fr\\\/en\\\/ubfc\\\/governance\\\/bodies\\\/the-member-council\\\/\",\"url\":\"https:\\\/\\\/www.ubfc.fr\\\/en\\\/ubfc\\\/governance\\\/bodies\\\/the-member-council\\\/\",\"name\":\"The Member Council - COMUE Universit\u00e9 Bourgogne-Franche-Comt\u00e9\",\"isPartOf\":{\"@id\":\"https:\\\/\\\/www.ubfc.fr\\\/#website\"},\"datePublished\":\"2020-07-20T13:20:40+00:00\",\"dateModified\":\"2022-11-09T10:39:04+00:00\",\"breadcrumb\":{\"@id\":\"https:\\\/\\\/www.ubfc.fr\\\/en\\\/ubfc\\\/governance\\\/bodies\\\/the-member-council\\\/#breadcrumb\"},\"inLanguage\":\"en-US\",\"potentialAction\":[{\"@type\":\"ReadAction\",\"target\":[\"https:\\\/\\\/www.ubfc.fr\\\/en\\\/ubfc\\\/governance\\\/bodies\\\/the-member-council\\\/\"]}]},{\"@type\":\"BreadcrumbList\",\"@id\":\"https:\\\/\\\/www.ubfc.fr\\\/en\\\/ubfc\\\/governance\\\/bodies\\\/the-member-council\\\/#breadcrumb\",\"itemListElement\":[{\"@type\":\"ListItem\",\"position\":1,\"name\":\"Accueil\",\"item\":\"https:\\\/\\\/www.ubfc.fr\\\/en\\\/\"},{\"@type\":\"ListItem\",\"position\":2,\"name\":\"UBFC\",\"item\":\"https:\\\/\\\/www.ubfc.fr\\\/en\\\/ubfc\\\/\"},{\"@type\":\"ListItem\",\"position\":3,\"name\":\"Governance\",\"item\":\"https:\\\/\\\/www.ubfc.fr\\\/en\\\/ubfc\\\/governance\\\/\"},{\"@type\":\"ListItem\",\"position\":4,\"name\":\"Bodies\",\"item\":\"https:\\\/\\\/www.ubfc.fr\\\/en\\\/ubfc\\\/governance\\\/bodies\\\/\"},{\"@type\":\"ListItem\",\"position\":5,\"name\":\"The Member Council\"}]},{\"@type\":\"WebSite\",\"@id\":\"https:\\\/\\\/www.ubfc.fr\\\/#website\",\"url\":\"https:\\\/\\\/www.ubfc.fr\\\/\",\"name\":\"COMUE Universit\u00e9 Bourgogne-Franche-Comt\u00e9\",\"description\":\"\",\"publisher\":{\"@id\":\"https:\\\/\\\/www.ubfc.fr\\\/#organization\"},\"potentialAction\":[{\"@type\":\"SearchAction\",\"target\":{\"@type\":\"EntryPoint\",\"urlTemplate\":\"https:\\\/\\\/www.ubfc.fr\\\/?s={search_term_string}\"},\"query-input\":{\"@type\":\"PropertyValueSpecification\",\"valueRequired\":true,\"valueName\":\"search_term_string\"}}],\"inLanguage\":\"en-US\"},{\"@type\":\"Organization\",\"@id\":\"https:\\\/\\\/www.ubfc.fr\\\/#organization\",\"name\":\"Universit\u00e9 Bourgogne-Franche-Comt\u00e9\",\"url\":\"https:\\\/\\\/www.ubfc.fr\\\/\",\"logo\":{\"@type\":\"ImageObject\",\"inLanguage\":\"en-US\",\"@id\":\"https:\\\/\\\/www.ubfc.fr\\\/#\\\/schema\\\/logo\\\/image\\\/\",\"url\":\"https:\\\/\\\/www.ubfc.fr\\\/wp-content\\\/uploads\\\/2022\\\/03\\\/vagueUBFC_favicon.png\",\"contentUrl\":\"https:\\\/\\\/www.ubfc.fr\\\/wp-content\\\/uploads\\\/2022\\\/03\\\/vagueUBFC_favicon.png\",\"width\":512,\"height\":512,\"caption\":\"Universit\u00e9 Bourgogne-Franche-Comt\u00e9\"},\"image\":{\"@id\":\"https:\\\/\\\/www.ubfc.fr\\\/#\\\/schema\\\/logo\\\/image\\\/\"},\"sameAs\":[\"https:\\\/\\\/www.facebook.com\\\/UnivBFC\\\/\",\"https:\\\/\\\/x.com\\\/univ_bfc\",\"https:\\\/\\\/www.linkedin.com\\\/school\\\/universitebourgognefranchecomte\\\/mycompany\\\/\"]}]}<\/script>\n<!-- \/ Yoast SEO plugin. -->","yoast_head_json":{"title":"The Member Council - COMUE Universit\u00e9 Bourgogne-Franche-Comt\u00e9","robots":{"index":"index","follow":"follow","max-snippet":"max-snippet:-1","max-image-preview":"max-image-preview:large","max-video-preview":"max-video-preview:-1"},"canonical":"https:\/\/www.ubfc.fr\/en\/ubfc\/governance\/bodies\/the-member-council\/","og_locale":"en_US","og_type":"article","og_title":"The Member Council - COMUE Universit\u00e9 Bourgogne-Franche-Comt\u00e9","og_description":"The Member Council is presided over by Mr. Dominique GREVEY, UBFC President, and composed of the presidents and directors of the member institutions of the COMUE UBFC, namely: Mr. Vincent THOMAS, president of the universit\u00e9 de Bourgogne Mrs. Macha WORONOFF, president of the universit\u00e9 de Franche-Comt\u00e9 Mr. Ghislain MONTAVON, director general of the Universit\u00e9 de &hellip; Continued","og_url":"https:\/\/www.ubfc.fr\/en\/ubfc\/governance\/bodies\/the-member-council\/","og_site_name":"COMUE Universit\u00e9 Bourgogne-Franche-Comt\u00e9","article_publisher":"https:\/\/www.facebook.com\/UnivBFC\/","article_modified_time":"2022-11-09T10:39:04+00:00","twitter_card":"summary_large_image","twitter_site":"@univ_bfc","twitter_misc":{"Est. reading time":"1 minute"},"schema":{"@context":"https:\/\/schema.org","@graph":[{"@type":"WebPage","@id":"https:\/\/www.ubfc.fr\/en\/ubfc\/governance\/bodies\/the-member-council\/","url":"https:\/\/www.ubfc.fr\/en\/ubfc\/governance\/bodies\/the-member-council\/","name":"The Member Council - COMUE Universit\u00e9 Bourgogne-Franche-Comt\u00e9","isPartOf":{"@id":"https:\/\/www.ubfc.fr\/#website"},"datePublished":"2020-07-20T13:20:40+00:00","dateModified":"2022-11-09T10:39:04+00:00","breadcrumb":{"@id":"https:\/\/www.ubfc.fr\/en\/ubfc\/governance\/bodies\/the-member-council\/#breadcrumb"},"inLanguage":"en-US","potentialAction":[{"@type":"ReadAction","target":["https:\/\/www.ubfc.fr\/en\/ubfc\/governance\/bodies\/the-member-council\/"]}]},{"@type":"BreadcrumbList","@id":"https:\/\/www.ubfc.fr\/en\/ubfc\/governance\/bodies\/the-member-council\/#breadcrumb","itemListElement":[{"@type":"ListItem","position":1,"name":"Accueil","item":"https:\/\/www.ubfc.fr\/en\/"},{"@type":"ListItem","position":2,"name":"UBFC","item":"https:\/\/www.ubfc.fr\/en\/ubfc\/"},{"@type":"ListItem","position":3,"name":"Governance","item":"https:\/\/www.ubfc.fr\/en\/ubfc\/governance\/"},{"@type":"ListItem","position":4,"name":"Bodies","item":"https:\/\/www.ubfc.fr\/en\/ubfc\/governance\/bodies\/"},{"@type":"ListItem","position":5,"name":"The Member Council"}]},{"@type":"WebSite","@id":"https:\/\/www.ubfc.fr\/#website","url":"https:\/\/www.ubfc.fr\/","name":"COMUE Universit\u00e9 Bourgogne-Franche-Comt\u00e9","description":"","publisher":{"@id":"https:\/\/www.ubfc.fr\/#organization"},"potentialAction":[{"@type":"SearchAction","target":{"@type":"EntryPoint","urlTemplate":"https:\/\/www.ubfc.fr\/?s={search_term_string}"},"query-input":{"@type":"PropertyValueSpecification","valueRequired":true,"valueName":"search_term_string"}}],"inLanguage":"en-US"},{"@type":"Organization","@id":"https:\/\/www.ubfc.fr\/#organization","name":"Universit\u00e9 Bourgogne-Franche-Comt\u00e9","url":"https:\/\/www.ubfc.fr\/","logo":{"@type":"ImageObject","inLanguage":"en-US","@id":"https:\/\/www.ubfc.fr\/#\/schema\/logo\/image\/","url":"https:\/\/www.ubfc.fr\/wp-content\/uploads\/2022\/03\/vagueUBFC_favicon.png","contentUrl":"https:\/\/www.ubfc.fr\/wp-content\/uploads\/2022\/03\/vagueUBFC_favicon.png","width":512,"height":512,"caption":"Universit\u00e9 Bourgogne-Franche-Comt\u00e9"},"image":{"@id":"https:\/\/www.ubfc.fr\/#\/schema\/logo\/image\/"},"sameAs":["https:\/\/www.facebook.com\/UnivBFC\/","https:\/\/x.com\/univ_bfc","https:\/\/www.linkedin.com\/school\/universitebourgognefranchecomte\/mycompany\/"]}]}},"_links":{"self":[{"href":"https:\/\/www.ubfc.fr\/en\/wp-json\/wp\/v2\/pages\/45200","targetHints":{"allow":["GET"]}}],"collection":[{"href":"https:\/\/www.ubfc.fr\/en\/wp-json\/wp\/v2\/pages"}],"about":[{"href":"https:\/\/www.ubfc.fr\/en\/wp-json\/wp\/v2\/types\/page"}],"author":[{"embeddable":true,"href":"https:\/\/www.ubfc.fr\/en\/wp-json\/wp\/v2\/users\/1"}],"replies":[{"embeddable":true,"href":"https:\/\/www.ubfc.fr\/en\/wp-json\/wp\/v2\/comments?post=45200"}],"version-history":[{"count":0,"href":"https:\/\/www.ubfc.fr\/en\/wp-json\/wp\/v2\/pages\/45200\/revisions"}],"up":[{"embeddable":true,"href":"https:\/\/www.ubfc.fr\/en\/wp-json\/wp\/v2\/pages\/45184"}],"wp:attachment":[{"href":"https:\/\/www.ubfc.fr\/en\/wp-json\/wp\/v2\/media?parent=45200"}],"curies":[{"name":"wp","href":"https:\/\/api.w.org\/{rel}","templated":true}]}}