{"id":44536,"date":"2020-09-07T16:00:45","date_gmt":"2020-09-07T14:00:45","guid":{"rendered":"https:\/\/www.ubfc.fr\/?page_id=44536"},"modified":"2020-09-08T09:25:15","modified_gmt":"2020-09-08T07:25:15","slug":"les-rendez-vous-de-la-vie-etudiante","status":"publish","type":"page","link":"https:\/\/www.ubfc.fr\/en\/vie-universitaire\/les-rendez-vous-de-la-vie-etudiante\/","title":{"rendered":"Les rendez-vous de la vie \u00e9tudiante"},"content":{"rendered":"\t\t<div data-elementor-type=\"wp-page\" data-elementor-id=\"44536\" class=\"elementor elementor-44536\" data-elementor-post-type=\"page\">\n\t\t\t\t\t\t<section class=\"elementor-section elementor-top-section elementor-element elementor-element-79e9d6a elementor-section-boxed elementor-section-height-default elementor-section-height-default\" data-id=\"79e9d6a\" data-element_type=\"section\" data-e-type=\"section\">\n\t\t\t\t\t\t<div class=\"elementor-container elementor-column-gap-default\">\n\t\t\t\t\t<div class=\"elementor-column elementor-col-100 elementor-top-column elementor-element elementor-element-d97bd6b\" data-id=\"d97bd6b\" data-element_type=\"column\" data-e-type=\"column\">\n\t\t\t<div class=\"elementor-widget-wrap elementor-element-populated\">\n\t\t\t\t\t\t\t<\/div>\n\t\t<\/div>\n\t\t\t\t\t<\/div>\n\t\t<\/section>\n\t\t\t\t<section class=\"elementor-section elementor-top-section elementor-element elementor-element-dcd6597 elementor-section-boxed elementor-section-height-default elementor-section-height-default\" data-id=\"dcd6597\" data-element_type=\"section\" data-e-type=\"section\">\n\t\t\t\t\t\t<div class=\"elementor-container elementor-column-gap-default\">\n\t\t\t\t\t<div class=\"elementor-column elementor-col-100 elementor-top-column elementor-element elementor-element-418757b\" data-id=\"418757b\" data-element_type=\"column\" data-e-type=\"column\">\n\t\t\t<div class=\"elementor-widget-wrap elementor-element-populated\">\n\t\t\t\t\t\t<div class=\"elementor-element elementor-element-23dd1e2 elementor-widget elementor-widget-accordion\" data-id=\"23dd1e2\" data-element_type=\"widget\" data-e-type=\"widget\" data-widget_type=\"accordion.default\">\n\t\t\t\t<div class=\"elementor-widget-container\">\n\t\t\t\t\t\t\t<div class=\"elementor-accordion\">\n\t\t\t\t\t\t\t<div class=\"elementor-accordion-item\">\n\t\t\t\t\t<div id=\"elementor-tab-title-3761\" class=\"elementor-tab-title\" data-tab=\"1\" role=\"button\" aria-controls=\"elementor-tab-content-3761\" aria-expanded=\"false\">\n\t\t\t\t\t\t\t\t\t\t\t\t\t<span class=\"elementor-accordion-icon elementor-accordion-icon-left\" aria-hidden=\"true\">\n\t\t\t\t\t\t\t\t\t\t\t\t\t\t\t<span class=\"elementor-accordion-icon-closed\"><i class=\"fas fa-plus\"><\/i><\/span>\n\t\t\t\t\t\t\t\t<span class=\"elementor-accordion-icon-opened\"><i class=\"fas fa-minus\"><\/i><\/span>\n\t\t\t\t\t\t\t\t\t\t\t\t\t\t<\/span>\n\t\t\t\t\t\t\t\t\t\t\t\t<a class=\"elementor-accordion-title\" tabindex=\"0\">Accueil des \u00e9tudiants<\/a>\n\t\t\t\t\t<\/div>\n\t\t\t\t\t<div id=\"elementor-tab-content-3761\" class=\"elementor-tab-content elementor-clearfix\" data-tab=\"1\" role=\"region\" aria-labelledby=\"elementor-tab-title-3761\"><ul style=\"list-style-type: disc\"><li><strong>La journ\u00e9e de rentr\u00e9e doctorale<\/strong><\/li><\/ul><p>La journ\u00e9e de rentr\u00e9e doctorale (JRD) est une journ\u00e9e compl\u00e8te d\u2019informations et de conf\u00e9rences \u00e0 l\u2019attention des doctorants UBFC. La pr\u00e9sence des doctorants de 1\u00e8re ann\u00e9e est obligatoire.<\/p><ul><li><strong>La journ\u00e9e des masters internationaux<\/strong><\/li><\/ul><p>Cette journ\u00e9e est organis\u00e9e en l&#8217;honneur des \u00e9tudiants des masters UBFC. L&#8217;objectif est de leur offrir un cadre d\u00e9tendu et festif afin qu&#8217;ils se rencontrent et connaissent davantage l&#8217;institution au sein de laquelle ils \u00e9tudient.<\/p><p><a href=\"https:\/\/www.ubfc.fr\/retour-sur-la-journee-des-masters-internationaux-ubfc\/\">Retour sur la derni\u00e8re \u00e9dition de cette journ\u00e9e<\/a><\/p><\/div>\n\t\t\t\t<\/div>\n\t\t\t\t\t\t\t<div class=\"elementor-accordion-item\">\n\t\t\t\t\t<div id=\"elementor-tab-title-3762\" class=\"elementor-tab-title\" data-tab=\"2\" role=\"button\" aria-controls=\"elementor-tab-content-3762\" aria-expanded=\"false\">\n\t\t\t\t\t\t\t\t\t\t\t\t\t<span class=\"elementor-accordion-icon elementor-accordion-icon-left\" aria-hidden=\"true\">\n\t\t\t\t\t\t\t\t\t\t\t\t\t\t\t<span class=\"elementor-accordion-icon-closed\"><i class=\"fas fa-plus\"><\/i><\/span>\n\t\t\t\t\t\t\t\t<span class=\"elementor-accordion-icon-opened\"><i class=\"fas fa-minus\"><\/i><\/span>\n\t\t\t\t\t\t\t\t\t\t\t\t\t\t<\/span>\n\t\t\t\t\t\t\t\t\t\t\t\t<a class=\"elementor-accordion-title\" tabindex=\"0\">Remise des dipl\u00f4mes<\/a>\n\t\t\t\t\t<\/div>\n\t\t\t\t\t<div id=\"elementor-tab-content-3762\" class=\"elementor-tab-content elementor-clearfix\" data-tab=\"2\" role=\"region\" aria-labelledby=\"elementor-tab-title-3762\"><ul><li><strong>C\u00e9r\u00e9monie de remise des dipl\u00f4mes des docteurs UBFC<\/strong><\/li><\/ul><p>Tous les ans, une c\u00e9r\u00e9monie en d\u00e9cembre est organis\u00e9e en l\u2019honneur des nouveaux docteurs UBFC.<\/p><p><a href=\"https:\/\/www.ubfc.fr\/retour-sur-la-remise-des-diplomes-des-docteurs-ubfc\/\">Retour sur la derni\u00e8re \u00e9dition de cet \u00e9v\u00e9nement<\/a><\/p><\/div>\n\t\t\t\t<\/div>\n\t\t\t\t\t\t\t<div class=\"elementor-accordion-item\">\n\t\t\t\t\t<div id=\"elementor-tab-title-3763\" class=\"elementor-tab-title\" data-tab=\"3\" role=\"button\" aria-controls=\"elementor-tab-content-3763\" aria-expanded=\"false\">\n\t\t\t\t\t\t\t\t\t\t\t\t\t<span class=\"elementor-accordion-icon elementor-accordion-icon-left\" aria-hidden=\"true\">\n\t\t\t\t\t\t\t\t\t\t\t\t\t\t\t<span class=\"elementor-accordion-icon-closed\"><i class=\"fas fa-plus\"><\/i><\/span>\n\t\t\t\t\t\t\t\t<span class=\"elementor-accordion-icon-opened\"><i class=\"fas fa-minus\"><\/i><\/span>\n\t\t\t\t\t\t\t\t\t\t\t\t\t\t<\/span>\n\t\t\t\t\t\t\t\t\t\t\t\t<a class=\"elementor-accordion-title\" tabindex=\"0\">Assises de la vie \u00e9tudiante<\/a>\n\t\t\t\t\t<\/div>\n\t\t\t\t\t<div id=\"elementor-tab-content-3763\" class=\"elementor-tab-content elementor-clearfix\" data-tab=\"3\" role=\"region\" aria-labelledby=\"elementor-tab-title-3763\"><p>Sous la forme d\u2019une concertation destin\u00e9e aux personnels et \u00e9tudiants, les assises de la vie \u00e9tudiante invitent \u00e0 r\u00e9fl\u00e9chir ensemble aux grandes th\u00e9matiques du quotidien (logement, transport, vie associative, etc.) et de trouver des pistes d\u2019am\u00e9lioration de la qualit\u00e9 de vie \u00e9tudiante en Bourgogne &#8211; Franche-Comt\u00e9.<\/p><p>Elles repr\u00e9sentent l\u2019occasion de r\u00e9unir et cr\u00e9er un dialogue entre les \u00e9tudiants et une grande partie des acteurs impliqu\u00e9s dans l\u2019am\u00e9lioration de la qualit\u00e9 de vie \u00e9tudiante dans la r\u00e9gion. Les axes de r\u00e9flexion correspondent \u00e0 ceux du Sch\u00e9ma Directeur de la Vie \u00c9tudiante, \u00e0 savoir : le logement, les transports, la restauration, les rythmes \u00e9tudiants, la politique sociale, la politique de pr\u00e9vention et promotion de la sant\u00e9 et d\u2019accompagnement du handicap, les activit\u00e9s culturelles et sportives, l\u2019accueil et l\u2019accompagnement des \u00e9tudiants, l\u2019engagement \u00e9tudiant et la valorisation des comp\u00e9tences.<\/p><p><a href=\"https:\/\/www.ubfc.fr\/assises-de-la-vie-etudiante\/\">Retour sur la derni\u00e8re \u00e9dition des assises de la vie \u00e9tudiante<\/a><\/p><\/div>\n\t\t\t\t<\/div>\n\t\t\t\t\t\t\t\t<\/div>\n\t\t\t\t\t\t<\/div>\n\t\t\t\t<\/div>\n\t\t\t\t\t<\/div>\n\t\t<\/div>\n\t\t\t\t\t<\/div>\n\t\t<\/section>\n\t\t\t\t<\/div>\n\t\t","protected":false},"excerpt":{"rendered":"<p>Accueil des \u00e9tudiants La journ\u00e9e de rentr\u00e9e doctorale La journ\u00e9e de rentr\u00e9e doctorale (JRD) est une journ\u00e9e compl\u00e8te d\u2019informations et de conf\u00e9rences \u00e0 l\u2019attention des doctorants UBFC. La pr\u00e9sence des doctorants de 1\u00e8re ann\u00e9e est obligatoire. La journ\u00e9e des masters internationaux Cette journ\u00e9e est organis\u00e9e en l&rsquo;honneur des \u00e9tudiants des masters UBFC. L&rsquo;objectif est de &hellip; <a href=\"https:\/\/www.ubfc.fr\/en\/vie-universitaire\/les-rendez-vous-de-la-vie-etudiante\/\">Continued<\/a><\/p>\n","protected":false},"author":18,"featured_media":0,"parent":44531,"menu_order":130,"comment_status":"closed","ping_status":"closed","template":"","meta":{"_acf_changed":false,"footnotes":""},"class_list":["post-44536","page","type-page","status-publish","hentry"],"acf":[],"yoast_head":"<!-- This site is optimized with the Yoast SEO plugin v27.3 - https:\/\/yoast.com\/product\/yoast-seo-wordpress\/ -->\n<title>Les rendez-vous de la vie \u00e9tudiante - COMUE Universit\u00e9 Bourgogne-Franche-Comt\u00e9<\/title>\n<meta name=\"robots\" content=\"index, follow, max-snippet:-1, max-image-preview:large, max-video-preview:-1\" \/>\n<link rel=\"canonical\" href=\"https:\/\/www.ubfc.fr\/vie-universitaire\/les-rendez-vous-de-la-vie-etudiante\/\" \/>\n<meta property=\"og:locale\" content=\"en_US\" \/>\n<meta property=\"og:type\" content=\"article\" \/>\n<meta property=\"og:title\" content=\"Les rendez-vous de la vie \u00e9tudiante - COMUE Universit\u00e9 Bourgogne-Franche-Comt\u00e9\" \/>\n<meta property=\"og:description\" content=\"Accueil des \u00e9tudiants La journ\u00e9e de rentr\u00e9e doctorale La journ\u00e9e de rentr\u00e9e doctorale (JRD) est une journ\u00e9e compl\u00e8te d\u2019informations et de conf\u00e9rences \u00e0 l\u2019attention des doctorants UBFC. La pr\u00e9sence des doctorants de 1\u00e8re ann\u00e9e est obligatoire. La journ\u00e9e des masters internationaux Cette journ\u00e9e est organis\u00e9e en l&rsquo;honneur des \u00e9tudiants des masters UBFC. L&rsquo;objectif est de &hellip; Continued\" \/>\n<meta property=\"og:url\" content=\"https:\/\/www.ubfc.fr\/vie-universitaire\/les-rendez-vous-de-la-vie-etudiante\/\" \/>\n<meta property=\"og:site_name\" content=\"COMUE Universit\u00e9 Bourgogne-Franche-Comt\u00e9\" \/>\n<meta property=\"article:publisher\" content=\"https:\/\/www.facebook.com\/UnivBFC\/\" \/>\n<meta property=\"article:modified_time\" content=\"2020-09-08T07:25:15+00:00\" \/>\n<meta name=\"twitter:card\" content=\"summary_large_image\" \/>\n<meta name=\"twitter:site\" content=\"@univ_bfc\" \/>\n<meta name=\"twitter:label1\" content=\"Est. reading time\" \/>\n\t<meta name=\"twitter:data1\" content=\"2 minutes\" \/>\n<script type=\"application\/ld+json\" class=\"yoast-schema-graph\">{\"@context\":\"https:\\\/\\\/schema.org\",\"@graph\":[{\"@type\":\"WebPage\",\"@id\":\"https:\\\/\\\/www.ubfc.fr\\\/vie-universitaire\\\/les-rendez-vous-de-la-vie-etudiante\\\/\",\"url\":\"https:\\\/\\\/www.ubfc.fr\\\/vie-universitaire\\\/les-rendez-vous-de-la-vie-etudiante\\\/\",\"name\":\"Les rendez-vous de la vie \u00e9tudiante - COMUE Universit\u00e9 Bourgogne-Franche-Comt\u00e9\",\"isPartOf\":{\"@id\":\"https:\\\/\\\/www.ubfc.fr\\\/#website\"},\"datePublished\":\"2020-09-07T14:00:45+00:00\",\"dateModified\":\"2020-09-08T07:25:15+00:00\",\"breadcrumb\":{\"@id\":\"https:\\\/\\\/www.ubfc.fr\\\/vie-universitaire\\\/les-rendez-vous-de-la-vie-etudiante\\\/#breadcrumb\"},\"inLanguage\":\"en-US\",\"potentialAction\":[{\"@type\":\"ReadAction\",\"target\":[\"https:\\\/\\\/www.ubfc.fr\\\/vie-universitaire\\\/les-rendez-vous-de-la-vie-etudiante\\\/\"]}]},{\"@type\":\"BreadcrumbList\",\"@id\":\"https:\\\/\\\/www.ubfc.fr\\\/vie-universitaire\\\/les-rendez-vous-de-la-vie-etudiante\\\/#breadcrumb\",\"itemListElement\":[{\"@type\":\"ListItem\",\"position\":1,\"name\":\"Accueil\",\"item\":\"https:\\\/\\\/www.ubfc.fr\\\/en\\\/\"},{\"@type\":\"ListItem\",\"position\":2,\"name\":\"Vie universitaire\",\"item\":\"https:\\\/\\\/www.ubfc.fr\\\/vie-universitaire\\\/\"},{\"@type\":\"ListItem\",\"position\":3,\"name\":\"Les rendez-vous de la vie \u00e9tudiante\"}]},{\"@type\":\"WebSite\",\"@id\":\"https:\\\/\\\/www.ubfc.fr\\\/#website\",\"url\":\"https:\\\/\\\/www.ubfc.fr\\\/\",\"name\":\"COMUE Universit\u00e9 Bourgogne-Franche-Comt\u00e9\",\"description\":\"\",\"publisher\":{\"@id\":\"https:\\\/\\\/www.ubfc.fr\\\/#organization\"},\"potentialAction\":[{\"@type\":\"SearchAction\",\"target\":{\"@type\":\"EntryPoint\",\"urlTemplate\":\"https:\\\/\\\/www.ubfc.fr\\\/?s={search_term_string}\"},\"query-input\":{\"@type\":\"PropertyValueSpecification\",\"valueRequired\":true,\"valueName\":\"search_term_string\"}}],\"inLanguage\":\"en-US\"},{\"@type\":\"Organization\",\"@id\":\"https:\\\/\\\/www.ubfc.fr\\\/#organization\",\"name\":\"Universit\u00e9 Bourgogne-Franche-Comt\u00e9\",\"url\":\"https:\\\/\\\/www.ubfc.fr\\\/\",\"logo\":{\"@type\":\"ImageObject\",\"inLanguage\":\"en-US\",\"@id\":\"https:\\\/\\\/www.ubfc.fr\\\/#\\\/schema\\\/logo\\\/image\\\/\",\"url\":\"https:\\\/\\\/www.ubfc.fr\\\/wp-content\\\/uploads\\\/2022\\\/03\\\/vagueUBFC_favicon.png\",\"contentUrl\":\"https:\\\/\\\/www.ubfc.fr\\\/wp-content\\\/uploads\\\/2022\\\/03\\\/vagueUBFC_favicon.png\",\"width\":512,\"height\":512,\"caption\":\"Universit\u00e9 Bourgogne-Franche-Comt\u00e9\"},\"image\":{\"@id\":\"https:\\\/\\\/www.ubfc.fr\\\/#\\\/schema\\\/logo\\\/image\\\/\"},\"sameAs\":[\"https:\\\/\\\/www.facebook.com\\\/UnivBFC\\\/\",\"https:\\\/\\\/x.com\\\/univ_bfc\",\"https:\\\/\\\/www.linkedin.com\\\/school\\\/universitebourgognefranchecomte\\\/mycompany\\\/\"]}]}<\/script>\n<!-- \/ Yoast SEO plugin. -->","yoast_head_json":{"title":"Les rendez-vous de la vie \u00e9tudiante - COMUE Universit\u00e9 Bourgogne-Franche-Comt\u00e9","robots":{"index":"index","follow":"follow","max-snippet":"max-snippet:-1","max-image-preview":"max-image-preview:large","max-video-preview":"max-video-preview:-1"},"canonical":"https:\/\/www.ubfc.fr\/vie-universitaire\/les-rendez-vous-de-la-vie-etudiante\/","og_locale":"en_US","og_type":"article","og_title":"Les rendez-vous de la vie \u00e9tudiante - COMUE Universit\u00e9 Bourgogne-Franche-Comt\u00e9","og_description":"Accueil des \u00e9tudiants La journ\u00e9e de rentr\u00e9e doctorale La journ\u00e9e de rentr\u00e9e doctorale (JRD) est une journ\u00e9e compl\u00e8te d\u2019informations et de conf\u00e9rences \u00e0 l\u2019attention des doctorants UBFC. La pr\u00e9sence des doctorants de 1\u00e8re ann\u00e9e est obligatoire. La journ\u00e9e des masters internationaux Cette journ\u00e9e est organis\u00e9e en l&rsquo;honneur des \u00e9tudiants des masters UBFC. L&rsquo;objectif est de &hellip; Continued","og_url":"https:\/\/www.ubfc.fr\/vie-universitaire\/les-rendez-vous-de-la-vie-etudiante\/","og_site_name":"COMUE Universit\u00e9 Bourgogne-Franche-Comt\u00e9","article_publisher":"https:\/\/www.facebook.com\/UnivBFC\/","article_modified_time":"2020-09-08T07:25:15+00:00","twitter_card":"summary_large_image","twitter_site":"@univ_bfc","twitter_misc":{"Est. reading time":"2 minutes"},"schema":{"@context":"https:\/\/schema.org","@graph":[{"@type":"WebPage","@id":"https:\/\/www.ubfc.fr\/vie-universitaire\/les-rendez-vous-de-la-vie-etudiante\/","url":"https:\/\/www.ubfc.fr\/vie-universitaire\/les-rendez-vous-de-la-vie-etudiante\/","name":"Les rendez-vous de la vie \u00e9tudiante - COMUE Universit\u00e9 Bourgogne-Franche-Comt\u00e9","isPartOf":{"@id":"https:\/\/www.ubfc.fr\/#website"},"datePublished":"2020-09-07T14:00:45+00:00","dateModified":"2020-09-08T07:25:15+00:00","breadcrumb":{"@id":"https:\/\/www.ubfc.fr\/vie-universitaire\/les-rendez-vous-de-la-vie-etudiante\/#breadcrumb"},"inLanguage":"en-US","potentialAction":[{"@type":"ReadAction","target":["https:\/\/www.ubfc.fr\/vie-universitaire\/les-rendez-vous-de-la-vie-etudiante\/"]}]},{"@type":"BreadcrumbList","@id":"https:\/\/www.ubfc.fr\/vie-universitaire\/les-rendez-vous-de-la-vie-etudiante\/#breadcrumb","itemListElement":[{"@type":"ListItem","position":1,"name":"Accueil","item":"https:\/\/www.ubfc.fr\/en\/"},{"@type":"ListItem","position":2,"name":"Vie universitaire","item":"https:\/\/www.ubfc.fr\/vie-universitaire\/"},{"@type":"ListItem","position":3,"name":"Les rendez-vous de la vie \u00e9tudiante"}]},{"@type":"WebSite","@id":"https:\/\/www.ubfc.fr\/#website","url":"https:\/\/www.ubfc.fr\/","name":"COMUE Universit\u00e9 Bourgogne-Franche-Comt\u00e9","description":"","publisher":{"@id":"https:\/\/www.ubfc.fr\/#organization"},"potentialAction":[{"@type":"SearchAction","target":{"@type":"EntryPoint","urlTemplate":"https:\/\/www.ubfc.fr\/?s={search_term_string}"},"query-input":{"@type":"PropertyValueSpecification","valueRequired":true,"valueName":"search_term_string"}}],"inLanguage":"en-US"},{"@type":"Organization","@id":"https:\/\/www.ubfc.fr\/#organization","name":"Universit\u00e9 Bourgogne-Franche-Comt\u00e9","url":"https:\/\/www.ubfc.fr\/","logo":{"@type":"ImageObject","inLanguage":"en-US","@id":"https:\/\/www.ubfc.fr\/#\/schema\/logo\/image\/","url":"https:\/\/www.ubfc.fr\/wp-content\/uploads\/2022\/03\/vagueUBFC_favicon.png","contentUrl":"https:\/\/www.ubfc.fr\/wp-content\/uploads\/2022\/03\/vagueUBFC_favicon.png","width":512,"height":512,"caption":"Universit\u00e9 Bourgogne-Franche-Comt\u00e9"},"image":{"@id":"https:\/\/www.ubfc.fr\/#\/schema\/logo\/image\/"},"sameAs":["https:\/\/www.facebook.com\/UnivBFC\/","https:\/\/x.com\/univ_bfc","https:\/\/www.linkedin.com\/school\/universitebourgognefranchecomte\/mycompany\/"]}]}},"_links":{"self":[{"href":"https:\/\/www.ubfc.fr\/en\/wp-json\/wp\/v2\/pages\/44536","targetHints":{"allow":["GET"]}}],"collection":[{"href":"https:\/\/www.ubfc.fr\/en\/wp-json\/wp\/v2\/pages"}],"about":[{"href":"https:\/\/www.ubfc.fr\/en\/wp-json\/wp\/v2\/types\/page"}],"author":[{"embeddable":true,"href":"https:\/\/www.ubfc.fr\/en\/wp-json\/wp\/v2\/users\/18"}],"replies":[{"embeddable":true,"href":"https:\/\/www.ubfc.fr\/en\/wp-json\/wp\/v2\/comments?post=44536"}],"version-history":[{"count":0,"href":"https:\/\/www.ubfc.fr\/en\/wp-json\/wp\/v2\/pages\/44536\/revisions"}],"up":[{"embeddable":true,"href":"https:\/\/www.ubfc.fr\/en\/wp-json\/wp\/v2\/pages\/44531"}],"wp:attachment":[{"href":"https:\/\/www.ubfc.fr\/en\/wp-json\/wp\/v2\/media?parent=44536"}],"curies":[{"name":"wp","href":"https:\/\/api.w.org\/{rel}","templated":true}]}}