{"id":43987,"date":"2020-05-13T16:36:49","date_gmt":"2020-05-13T14:36:49","guid":{"rendered":"https:\/\/www.ubfc.fr\/?page_id=43987"},"modified":"2022-11-23T16:51:58","modified_gmt":"2022-11-23T15:51:58","slug":"workshop-entreprendre-et-innover","status":"publish","type":"page","link":"https:\/\/www.ubfc.fr\/en\/formation_\/entrepreneuriat\/entrepreneuriat-et-doctorat\/workshop-entreprendre-et-innover\/","title":{"rendered":"Workshop Entreprendre et innover"},"content":{"rendered":"\t\t<div data-elementor-type=\"wp-page\" data-elementor-id=\"43987\" class=\"elementor elementor-43987\" data-elementor-post-type=\"page\">\n\t\t\t\t\t\t<section class=\"elementor-section elementor-top-section elementor-element elementor-element-66420d8 elementor-section-boxed elementor-section-height-default elementor-section-height-default\" data-id=\"66420d8\" data-element_type=\"section\" data-e-type=\"section\">\n\t\t\t\t\t\t<div class=\"elementor-container elementor-column-gap-default\">\n\t\t\t\t\t<div class=\"elementor-column elementor-col-100 elementor-top-column elementor-element elementor-element-1e427ce\" data-id=\"1e427ce\" data-element_type=\"column\" data-e-type=\"column\">\n\t\t\t<div class=\"elementor-widget-wrap elementor-element-populated\">\n\t\t\t\t\t\t<div class=\"elementor-element elementor-element-7a0f8c2 elementor-widget elementor-widget-text-editor\" data-id=\"7a0f8c2\" data-element_type=\"widget\" data-e-type=\"widget\" data-widget_type=\"text-editor.default\">\n\t\t\t\t<div class=\"elementor-widget-container\">\n\t\t\t\t\t\t\t\t\t<p><span style=\"color: #2facdb\"><strong><span style=\"font-size: 14pt\">Dates des workshops 2021<\/span> <\/strong><\/span><\/p><p><b>25 mars 2021 : Besan\u00e7on <\/b><span style=\"font-size: 10pt\">(format en cours de d\u00e9finition)<\/span><br \/><strong>27 mai 2021 : Dijon <\/strong><span style=\"font-size: 10pt\">(format en cours de d\u00e9finition)<\/span><\/p><p><span style=\"text-decoration: underline\">Public vis\u00e9 et conditions d\u2019inscription<\/span> : doctorants, post-doctorants et docteurs entrepreneurs en petit groupe pluridisciplinaire (maximum 24, minimum 12). Les participants cibl\u00e9s ont un projet ou une id\u00e9e de cr\u00e9ation d\u2019activit\u00e9 ou d\u2019innovation fond\u00e9 sur leur domaine de recherche, ou envisagent cette option \u00e0 l\u2019issue de leur recherche. Pour participer au workshop, les doctorants doivent au pr\u00e9alable adresser une courte lettre de motivation montrant leurs attentes vis-\u00e0-vis du workshop et la nature de leur projet ou de leur domaine de recherche. Les \u00e9tudiants qui seront inscrits s\u2019engagent \u00e0 suivre la totalit\u00e9 du workshop (deux journ\u00e9es). La participation est gratuite.<\/p><p>Le workshop prend la forme de 2 journ\u00e9es d\u2019immersion (16 heures d\u2019enseignement) pour d\u00e9couvrir l\u2019entrepreneuriat innovant \u00e0 partir des projets des participants et d\u2019exemples de <i>start-up. <\/i>Ce workshop a pour objectif de montrer les enjeux et les modalit\u00e9s de valorisation de la recherche \u00e0 travers un projet de cr\u00e9ation de spin-off ou d\u2019accompagnement d\u2019un projet d\u2019innovation port\u00e9 par une entreprise existante ou en cr\u00e9ation.<\/p><p>Il est anim\u00e9 par une \u00e9quipe d\u2019universitaires et d\u2019intervenants experts dirig\u00e9e par Pascale BRENET Ma\u00eetre de conf\u00e9rence \u00e0 l\u2019IAE de Franche-Comt\u00e9, responsable du master \u00ab Entrepreneuriat et Innovation \u00bb. Propos\u00e9 sur un format r\u00e9sidentiel de deux journ\u00e9es, il permet lors de la premi\u00e8re soir\u00e9e un temps de t\u00e9moignage et d\u2019\u00e9change avec des start-uppers. Il alterne pr\u00e9sentations et exemples, travail en atelier sur les id\u00e9es des participants, rencontre avec des entrepreneurs et professionnels de l\u2019accompagnement et du financement de la cr\u00e9ation et de l\u2019innovation. Atelier organis\u00e9 par le PEPITE BFC. Il est organis\u00e9 sur un format semi-r\u00e9sidentiel afin de permettre des temps d\u2019\u00e9change lors des repas (d\u00eener pris en commun le premier soir).<\/p><p><b>Programme du workshop :<\/b><\/p><ul><li>Introduction : valorisation de la recherche \u00e0 travers des projets d\u2019innovation et de cr\u00e9ation (spin-offs et partenariats technologiques)<\/li><li>La conception innovante : penser les b\u00e9n\u00e9fices utilisateurs et concevoir une proposition de valeur innovante<\/li><li>De l\u2019id\u00e9e au march\u00e9 : \u00e9tude de faisabilit\u00e9 concurrentielle, strat\u00e9gique et de march\u00e9<\/li><li>Business planning, un outil de la cr\u00e9ation d\u2019entreprise ou de l\u2019\u00e9tude de faisabilit\u00e9 du projet d\u2019innovation<\/li><li>Le montage financier et juridique d\u2019un projet de cr\u00e9ation ou d\u2019innovation<\/li><\/ul>\t\t\t\t\t\t\t\t<\/div>\n\t\t\t\t<\/div>\n\t\t\t\t\t<\/div>\n\t\t<\/div>\n\t\t\t\t\t<\/div>\n\t\t<\/section>\n\t\t\t\t<section class=\"elementor-section elementor-top-section elementor-element elementor-element-b827f02 elementor-section-boxed elementor-section-height-default elementor-section-height-default\" data-id=\"b827f02\" data-element_type=\"section\" data-e-type=\"section\">\n\t\t\t\t\t\t<div class=\"elementor-container elementor-column-gap-default\">\n\t\t\t\t\t<div class=\"elementor-column elementor-col-100 elementor-top-column elementor-element elementor-element-ecbe807\" data-id=\"ecbe807\" data-element_type=\"column\" data-e-type=\"column\">\n\t\t\t<div class=\"elementor-widget-wrap elementor-element-populated\">\n\t\t\t\t\t\t<div class=\"elementor-element elementor-element-28b3b92 elementor-widget elementor-widget-text-editor\" data-id=\"28b3b92\" data-element_type=\"widget\" data-e-type=\"widget\" data-widget_type=\"text-editor.default\">\n\t\t\t\t<div class=\"elementor-widget-container\">\n\t\t\t\t\t\t\t\t\t<p><strong>Vous \u00eates int\u00e9ress\u00e9(e)\u00a0?<\/strong><\/p><p>Connectez-vous sur le site du<a href=\"https:\/\/collegedoctoral.ubfc.fr\/formations-2\/doctorants\/\"> Coll\u00e8ge doctoral<\/a> : le workshop est inscrit au catalogue de formations.<\/p><p><strong>Pour plus d\u2019informations\u00a0:<\/strong><\/p><ul><li>Sur le contenu du workshop : <a href=\"mailto:fabienne.badet@ubfc.fr\">fabienne.badet@ubfc.fr<\/a><\/li><li>Sur l\u2019inscription : <a href=\"mailto:emilie.faivre@ubfc.fr\">emilie.faivre@ubfc.fr<\/a><\/li><\/ul>\t\t\t\t\t\t\t\t<\/div>\n\t\t\t\t<\/div>\n\t\t\t\t\t<\/div>\n\t\t<\/div>\n\t\t\t\t\t<\/div>\n\t\t<\/section>\n\t\t\t\t<\/div>\n\t\t","protected":false},"excerpt":{"rendered":"<p>Dates des workshops 2021 25 mars 2021 : Besan\u00e7on (format en cours de d\u00e9finition) 27 mai 2021 : Dijon (format en cours de d\u00e9finition) Public vis\u00e9 et conditions d\u2019inscription : doctorants, post-doctorants et docteurs entrepreneurs en petit groupe pluridisciplinaire (maximum 24, minimum 12). Les participants cibl\u00e9s ont un projet ou une id\u00e9e de cr\u00e9ation d\u2019activit\u00e9 &hellip; <a href=\"https:\/\/www.ubfc.fr\/en\/formation_\/entrepreneuriat\/entrepreneuriat-et-doctorat\/workshop-entreprendre-et-innover\/\">Continued<\/a><\/p>\n","protected":false},"author":18,"featured_media":0,"parent":44588,"menu_order":217,"comment_status":"closed","ping_status":"closed","template":"","meta":{"_acf_changed":false,"footnotes":""},"class_list":["post-43987","page","type-page","status-publish","hentry"],"acf":[],"yoast_head":"<!-- This site is optimized with the Yoast SEO plugin v27.4 - https:\/\/yoast.com\/product\/yoast-seo-wordpress\/ -->\n<title>Workshop Entreprendre et innover - COMUE Universit\u00e9 Bourgogne-Franche-Comt\u00e9<\/title>\n<meta name=\"robots\" content=\"index, follow, max-snippet:-1, max-image-preview:large, max-video-preview:-1\" \/>\n<link rel=\"canonical\" href=\"https:\/\/www.ubfc.fr\/formation_\/entrepreneuriat\/entrepreneuriat-et-doctorat\/workshop-entreprendre-et-innover\/\" \/>\n<meta property=\"og:locale\" content=\"en_US\" \/>\n<meta property=\"og:type\" content=\"article\" \/>\n<meta property=\"og:title\" content=\"Workshop Entreprendre et innover - COMUE Universit\u00e9 Bourgogne-Franche-Comt\u00e9\" \/>\n<meta property=\"og:description\" content=\"Dates des workshops 2021 25 mars 2021 : Besan\u00e7on (format en cours de d\u00e9finition) 27 mai 2021 : Dijon (format en cours de d\u00e9finition) Public vis\u00e9 et conditions d\u2019inscription : doctorants, post-doctorants et docteurs entrepreneurs en petit groupe pluridisciplinaire (maximum 24, minimum 12). Les participants cibl\u00e9s ont un projet ou une id\u00e9e de cr\u00e9ation d\u2019activit\u00e9 &hellip; Continued\" \/>\n<meta property=\"og:url\" content=\"https:\/\/www.ubfc.fr\/formation_\/entrepreneuriat\/entrepreneuriat-et-doctorat\/workshop-entreprendre-et-innover\/\" \/>\n<meta property=\"og:site_name\" content=\"COMUE Universit\u00e9 Bourgogne-Franche-Comt\u00e9\" \/>\n<meta property=\"article:publisher\" content=\"https:\/\/www.facebook.com\/UnivBFC\/\" \/>\n<meta property=\"article:modified_time\" content=\"2022-11-23T15:51:58+00:00\" \/>\n<meta name=\"twitter:card\" content=\"summary_large_image\" \/>\n<meta name=\"twitter:site\" content=\"@univ_bfc\" \/>\n<meta name=\"twitter:label1\" content=\"Est. reading time\" \/>\n\t<meta name=\"twitter:data1\" content=\"2 minutes\" \/>\n<script type=\"application\/ld+json\" class=\"yoast-schema-graph\">{\"@context\":\"https:\\\/\\\/schema.org\",\"@graph\":[{\"@type\":\"WebPage\",\"@id\":\"https:\\\/\\\/www.ubfc.fr\\\/formation_\\\/entrepreneuriat\\\/entrepreneuriat-et-doctorat\\\/workshop-entreprendre-et-innover\\\/\",\"url\":\"https:\\\/\\\/www.ubfc.fr\\\/formation_\\\/entrepreneuriat\\\/entrepreneuriat-et-doctorat\\\/workshop-entreprendre-et-innover\\\/\",\"name\":\"Workshop Entreprendre et innover - COMUE Universit\u00e9 Bourgogne-Franche-Comt\u00e9\",\"isPartOf\":{\"@id\":\"https:\\\/\\\/www.ubfc.fr\\\/#website\"},\"datePublished\":\"2020-05-13T14:36:49+00:00\",\"dateModified\":\"2022-11-23T15:51:58+00:00\",\"breadcrumb\":{\"@id\":\"https:\\\/\\\/www.ubfc.fr\\\/formation_\\\/entrepreneuriat\\\/entrepreneuriat-et-doctorat\\\/workshop-entreprendre-et-innover\\\/#breadcrumb\"},\"inLanguage\":\"en-US\",\"potentialAction\":[{\"@type\":\"ReadAction\",\"target\":[\"https:\\\/\\\/www.ubfc.fr\\\/formation_\\\/entrepreneuriat\\\/entrepreneuriat-et-doctorat\\\/workshop-entreprendre-et-innover\\\/\"]}]},{\"@type\":\"BreadcrumbList\",\"@id\":\"https:\\\/\\\/www.ubfc.fr\\\/formation_\\\/entrepreneuriat\\\/entrepreneuriat-et-doctorat\\\/workshop-entreprendre-et-innover\\\/#breadcrumb\",\"itemListElement\":[{\"@type\":\"ListItem\",\"position\":1,\"name\":\"Accueil\",\"item\":\"https:\\\/\\\/www.ubfc.fr\\\/en\\\/\"},{\"@type\":\"ListItem\",\"position\":2,\"name\":\"Formation\",\"item\":\"https:\\\/\\\/www.ubfc.fr\\\/formation_\\\/\"},{\"@type\":\"ListItem\",\"position\":3,\"name\":\"Entrepreneuriat\",\"item\":\"https:\\\/\\\/www.ubfc.fr\\\/formation_\\\/entrepreneuriat\\\/\"},{\"@type\":\"ListItem\",\"position\":4,\"name\":\"Entrepreneuriat et doctorat\",\"item\":\"https:\\\/\\\/www.ubfc.fr\\\/formation_\\\/entrepreneuriat\\\/entrepreneuriat-et-doctorat\\\/\"},{\"@type\":\"ListItem\",\"position\":5,\"name\":\"Workshop Entreprendre et innover\"}]},{\"@type\":\"WebSite\",\"@id\":\"https:\\\/\\\/www.ubfc.fr\\\/#website\",\"url\":\"https:\\\/\\\/www.ubfc.fr\\\/\",\"name\":\"COMUE Universit\u00e9 Bourgogne-Franche-Comt\u00e9\",\"description\":\"\",\"publisher\":{\"@id\":\"https:\\\/\\\/www.ubfc.fr\\\/#organization\"},\"potentialAction\":[{\"@type\":\"SearchAction\",\"target\":{\"@type\":\"EntryPoint\",\"urlTemplate\":\"https:\\\/\\\/www.ubfc.fr\\\/?s={search_term_string}\"},\"query-input\":{\"@type\":\"PropertyValueSpecification\",\"valueRequired\":true,\"valueName\":\"search_term_string\"}}],\"inLanguage\":\"en-US\"},{\"@type\":\"Organization\",\"@id\":\"https:\\\/\\\/www.ubfc.fr\\\/#organization\",\"name\":\"Universit\u00e9 Bourgogne-Franche-Comt\u00e9\",\"url\":\"https:\\\/\\\/www.ubfc.fr\\\/\",\"logo\":{\"@type\":\"ImageObject\",\"inLanguage\":\"en-US\",\"@id\":\"https:\\\/\\\/www.ubfc.fr\\\/#\\\/schema\\\/logo\\\/image\\\/\",\"url\":\"https:\\\/\\\/www.ubfc.fr\\\/wp-content\\\/uploads\\\/2022\\\/03\\\/vagueUBFC_favicon.png\",\"contentUrl\":\"https:\\\/\\\/www.ubfc.fr\\\/wp-content\\\/uploads\\\/2022\\\/03\\\/vagueUBFC_favicon.png\",\"width\":512,\"height\":512,\"caption\":\"Universit\u00e9 Bourgogne-Franche-Comt\u00e9\"},\"image\":{\"@id\":\"https:\\\/\\\/www.ubfc.fr\\\/#\\\/schema\\\/logo\\\/image\\\/\"},\"sameAs\":[\"https:\\\/\\\/www.facebook.com\\\/UnivBFC\\\/\",\"https:\\\/\\\/x.com\\\/univ_bfc\",\"https:\\\/\\\/www.linkedin.com\\\/school\\\/universitebourgognefranchecomte\\\/mycompany\\\/\"]}]}<\/script>\n<!-- \/ Yoast SEO plugin. -->","yoast_head_json":{"title":"Workshop Entreprendre et innover - COMUE Universit\u00e9 Bourgogne-Franche-Comt\u00e9","robots":{"index":"index","follow":"follow","max-snippet":"max-snippet:-1","max-image-preview":"max-image-preview:large","max-video-preview":"max-video-preview:-1"},"canonical":"https:\/\/www.ubfc.fr\/formation_\/entrepreneuriat\/entrepreneuriat-et-doctorat\/workshop-entreprendre-et-innover\/","og_locale":"en_US","og_type":"article","og_title":"Workshop Entreprendre et innover - COMUE Universit\u00e9 Bourgogne-Franche-Comt\u00e9","og_description":"Dates des workshops 2021 25 mars 2021 : Besan\u00e7on (format en cours de d\u00e9finition) 27 mai 2021 : Dijon (format en cours de d\u00e9finition) Public vis\u00e9 et conditions d\u2019inscription : doctorants, post-doctorants et docteurs entrepreneurs en petit groupe pluridisciplinaire (maximum 24, minimum 12). Les participants cibl\u00e9s ont un projet ou une id\u00e9e de cr\u00e9ation d\u2019activit\u00e9 &hellip; Continued","og_url":"https:\/\/www.ubfc.fr\/formation_\/entrepreneuriat\/entrepreneuriat-et-doctorat\/workshop-entreprendre-et-innover\/","og_site_name":"COMUE Universit\u00e9 Bourgogne-Franche-Comt\u00e9","article_publisher":"https:\/\/www.facebook.com\/UnivBFC\/","article_modified_time":"2022-11-23T15:51:58+00:00","twitter_card":"summary_large_image","twitter_site":"@univ_bfc","twitter_misc":{"Est. reading time":"2 minutes"},"schema":{"@context":"https:\/\/schema.org","@graph":[{"@type":"WebPage","@id":"https:\/\/www.ubfc.fr\/formation_\/entrepreneuriat\/entrepreneuriat-et-doctorat\/workshop-entreprendre-et-innover\/","url":"https:\/\/www.ubfc.fr\/formation_\/entrepreneuriat\/entrepreneuriat-et-doctorat\/workshop-entreprendre-et-innover\/","name":"Workshop Entreprendre et innover - COMUE Universit\u00e9 Bourgogne-Franche-Comt\u00e9","isPartOf":{"@id":"https:\/\/www.ubfc.fr\/#website"},"datePublished":"2020-05-13T14:36:49+00:00","dateModified":"2022-11-23T15:51:58+00:00","breadcrumb":{"@id":"https:\/\/www.ubfc.fr\/formation_\/entrepreneuriat\/entrepreneuriat-et-doctorat\/workshop-entreprendre-et-innover\/#breadcrumb"},"inLanguage":"en-US","potentialAction":[{"@type":"ReadAction","target":["https:\/\/www.ubfc.fr\/formation_\/entrepreneuriat\/entrepreneuriat-et-doctorat\/workshop-entreprendre-et-innover\/"]}]},{"@type":"BreadcrumbList","@id":"https:\/\/www.ubfc.fr\/formation_\/entrepreneuriat\/entrepreneuriat-et-doctorat\/workshop-entreprendre-et-innover\/#breadcrumb","itemListElement":[{"@type":"ListItem","position":1,"name":"Accueil","item":"https:\/\/www.ubfc.fr\/en\/"},{"@type":"ListItem","position":2,"name":"Formation","item":"https:\/\/www.ubfc.fr\/formation_\/"},{"@type":"ListItem","position":3,"name":"Entrepreneuriat","item":"https:\/\/www.ubfc.fr\/formation_\/entrepreneuriat\/"},{"@type":"ListItem","position":4,"name":"Entrepreneuriat et doctorat","item":"https:\/\/www.ubfc.fr\/formation_\/entrepreneuriat\/entrepreneuriat-et-doctorat\/"},{"@type":"ListItem","position":5,"name":"Workshop Entreprendre et innover"}]},{"@type":"WebSite","@id":"https:\/\/www.ubfc.fr\/#website","url":"https:\/\/www.ubfc.fr\/","name":"COMUE Universit\u00e9 Bourgogne-Franche-Comt\u00e9","description":"","publisher":{"@id":"https:\/\/www.ubfc.fr\/#organization"},"potentialAction":[{"@type":"SearchAction","target":{"@type":"EntryPoint","urlTemplate":"https:\/\/www.ubfc.fr\/?s={search_term_string}"},"query-input":{"@type":"PropertyValueSpecification","valueRequired":true,"valueName":"search_term_string"}}],"inLanguage":"en-US"},{"@type":"Organization","@id":"https:\/\/www.ubfc.fr\/#organization","name":"Universit\u00e9 Bourgogne-Franche-Comt\u00e9","url":"https:\/\/www.ubfc.fr\/","logo":{"@type":"ImageObject","inLanguage":"en-US","@id":"https:\/\/www.ubfc.fr\/#\/schema\/logo\/image\/","url":"https:\/\/www.ubfc.fr\/wp-content\/uploads\/2022\/03\/vagueUBFC_favicon.png","contentUrl":"https:\/\/www.ubfc.fr\/wp-content\/uploads\/2022\/03\/vagueUBFC_favicon.png","width":512,"height":512,"caption":"Universit\u00e9 Bourgogne-Franche-Comt\u00e9"},"image":{"@id":"https:\/\/www.ubfc.fr\/#\/schema\/logo\/image\/"},"sameAs":["https:\/\/www.facebook.com\/UnivBFC\/","https:\/\/x.com\/univ_bfc","https:\/\/www.linkedin.com\/school\/universitebourgognefranchecomte\/mycompany\/"]}]}},"_links":{"self":[{"href":"https:\/\/www.ubfc.fr\/en\/wp-json\/wp\/v2\/pages\/43987","targetHints":{"allow":["GET"]}}],"collection":[{"href":"https:\/\/www.ubfc.fr\/en\/wp-json\/wp\/v2\/pages"}],"about":[{"href":"https:\/\/www.ubfc.fr\/en\/wp-json\/wp\/v2\/types\/page"}],"author":[{"embeddable":true,"href":"https:\/\/www.ubfc.fr\/en\/wp-json\/wp\/v2\/users\/18"}],"replies":[{"embeddable":true,"href":"https:\/\/www.ubfc.fr\/en\/wp-json\/wp\/v2\/comments?post=43987"}],"version-history":[{"count":0,"href":"https:\/\/www.ubfc.fr\/en\/wp-json\/wp\/v2\/pages\/43987\/revisions"}],"up":[{"embeddable":true,"href":"https:\/\/www.ubfc.fr\/en\/wp-json\/wp\/v2\/pages\/44588"}],"wp:attachment":[{"href":"https:\/\/www.ubfc.fr\/en\/wp-json\/wp\/v2\/media?parent=43987"}],"curies":[{"name":"wp","href":"https:\/\/api.w.org\/{rel}","templated":true}]}}