{"id":33537,"date":"2019-02-25T14:31:55","date_gmt":"2019-02-25T13:31:55","guid":{"rendered":"http:\/\/www.ubfc.fr\/?page_id=33537"},"modified":"2025-01-30T14:29:41","modified_gmt":"2025-01-30T13:29:41","slug":"les-appels-a-candidatures-ritm-bfc-ftlv","status":"publish","type":"page","link":"https:\/\/www.ubfc.fr\/en\/les-appels-a-candidatures-ritm-bfc-ftlv\/","title":{"rendered":"Les appels \u00e0 candidatures RITM-BFC : Immersion FTLV (Formation Tout au Long de la Vie)"},"content":{"rendered":"\t\t<div data-elementor-type=\"wp-page\" data-elementor-id=\"33537\" class=\"elementor elementor-33537\" data-elementor-post-type=\"page\">\n\t\t\t\t\t\t<section class=\"elementor-section elementor-top-section elementor-element elementor-element-cbc757f elementor-section-boxed elementor-section-height-default elementor-section-height-default\" data-id=\"cbc757f\" data-element_type=\"section\" data-e-type=\"section\">\n\t\t\t\t\t\t<div class=\"elementor-container elementor-column-gap-default\">\n\t\t\t\t\t<div class=\"elementor-column elementor-col-100 elementor-top-column elementor-element elementor-element-1394163\" data-id=\"1394163\" data-element_type=\"column\" data-e-type=\"column\">\n\t\t\t<div class=\"elementor-widget-wrap elementor-element-populated\">\n\t\t\t\t\t\t<div class=\"elementor-element elementor-element-8b0aa55 elementor-widget elementor-widget-text-editor\" data-id=\"8b0aa55\" data-element_type=\"widget\" data-e-type=\"widget\" data-widget_type=\"text-editor.default\">\n\t\t\t\t<div class=\"elementor-widget-container\">\n\t\t\t\t\t\t\t\t\t<section class=\"elementor-section elementor-top-section elementor-element elementor-element-882e860 elementor-section-boxed elementor-section-height-default elementor-section-height-default\" data-id=\"882e860\" data-element_type=\"section\"><div class=\"elementor-container elementor-column-gap-default\"><div class=\"elementor-column elementor-col-100 elementor-top-column elementor-element elementor-element-ff05f69\" data-id=\"ff05f69\" data-element_type=\"column\"><div class=\"elementor-widget-wrap elementor-element-populated\"><div class=\"elementor-element elementor-element-80b2f68 elementor-widget elementor-widget-text-editor\" data-id=\"80b2f68\" data-element_type=\"widget\" data-widget_type=\"text-editor.default\"><div class=\"elementor-widget-container\"><p><span style=\"color: #c52d6d; font-size: 18pt;\"><strong>L\u2019AAC \u201cImmersion FTLV\u201d 2024 est int\u00e9gr\u00e9 \u00e0 l\u2019AAP RITM-BFC 2024. <\/strong><\/span><\/p><p><span style=\"color: #c52d6d; font-size: 18pt;\"><strong>Date limite de candidature : 25 mars 2024<\/strong><\/span><\/p><\/div><\/div><\/div><\/div><\/div><\/section>\t\t\t\t\t\t\t\t<\/div>\n\t\t\t\t<\/div>\n\t\t\t\t\t<\/div>\n\t\t<\/div>\n\t\t\t\t\t<\/div>\n\t\t<\/section>\n\t\t\t\t<section class=\"elementor-section elementor-top-section elementor-element elementor-element-744522bc elementor-section-boxed elementor-section-height-default elementor-section-height-default\" data-id=\"744522bc\" data-element_type=\"section\" data-e-type=\"section\">\n\t\t\t\t\t\t<div class=\"elementor-container elementor-column-gap-default\">\n\t\t\t\t\t<div class=\"elementor-column elementor-col-100 elementor-top-column elementor-element elementor-element-561c458a\" data-id=\"561c458a\" data-element_type=\"column\" data-e-type=\"column\">\n\t\t\t<div class=\"elementor-widget-wrap elementor-element-populated\">\n\t\t\t\t\t\t<div class=\"elementor-element elementor-element-62a5e62 elementor-button-danger elementor-align-center elementor-widget elementor-widget-button\" data-id=\"62a5e62\" data-element_type=\"widget\" data-e-type=\"widget\" data-widget_type=\"button.default\">\n\t\t\t\t<div class=\"elementor-widget-container\">\n\t\t\t\t\t\t\t\t\t<div class=\"elementor-button-wrapper\">\n\t\t\t\t\t<a class=\"elementor-button elementor-button-link elementor-size-xl\" href=\"https:\/\/www.ubfc.fr\/excellence\/ritm-bfc\/aap\/\">\n\t\t\t\t\t\t<span class=\"elementor-button-content-wrapper\">\n\t\t\t\t\t\t\t\t\t<span class=\"elementor-button-text\">Acc\u00e9dez \u00e0 l'AAP RITM-BFC 2024<\/span>\n\t\t\t\t\t<\/span>\n\t\t\t\t\t<\/a>\n\t\t\t\t<\/div>\n\t\t\t\t\t\t\t\t<\/div>\n\t\t\t\t<\/div>\n\t\t\t\t<div class=\"elementor-element elementor-element-579527db elementor-widget elementor-widget-text-editor\" data-id=\"579527db\" data-element_type=\"widget\" data-e-type=\"widget\" data-widget_type=\"text-editor.default\">\n\t\t\t\t<div class=\"elementor-widget-container\">\n\t\t\t\t\t\t\t\t\t<p><img decoding=\"async\" class=\"alignnone size-medium wp-image-64193 alignright\" src=\"https:\/\/www.ubfc.fr\/wp-content\/uploads\/2022\/10\/ubfc-ritm-france2030-300x72.jpg\" alt=\"\" width=\"300\" height=\"72\" srcset=\"https:\/\/www.ubfc.fr\/wp-content\/uploads\/2022\/10\/ubfc-ritm-france2030-300x72.jpg 300w, https:\/\/www.ubfc.fr\/wp-content\/uploads\/2022\/10\/ubfc-ritm-france2030-768x184.jpg 768w, https:\/\/www.ubfc.fr\/wp-content\/uploads\/2022\/10\/ubfc-ritm-france2030.jpg 842w\" sizes=\"(max-width: 300px) 100vw, 300px\" \/><\/p>\t\t\t\t\t\t\t\t<\/div>\n\t\t\t\t<\/div>\n\t\t\t\t\t<\/div>\n\t\t<\/div>\n\t\t\t\t\t<\/div>\n\t\t<\/section>\n\t\t\t\t<\/div>\n\t\t","protected":false},"excerpt":{"rendered":"<p>L\u2019AAC \u201cImmersion FTLV\u201d 2024 est int\u00e9gr\u00e9 \u00e0 l\u2019AAP RITM-BFC 2024. Date limite de candidature : 25 mars 2024 Acc\u00e9dez \u00e0 l&#8217;AAP RITM-BFC 2024<\/p>\n","protected":false},"author":93,"featured_media":0,"parent":0,"menu_order":354,"comment_status":"closed","ping_status":"closed","template":"","meta":{"_acf_changed":false,"footnotes":""},"class_list":["post-33537","page","type-page","status-publish","hentry"],"acf":[],"yoast_head":"<!-- This site is optimized with the Yoast SEO plugin v27.3 - https:\/\/yoast.com\/product\/yoast-seo-wordpress\/ -->\n<title>Les appels \u00e0 candidatures RITM-BFC : Immersion FTLV (Formation Tout au Long de la Vie) - COMUE Universit\u00e9 Bourgogne-Franche-Comt\u00e9<\/title>\n<meta name=\"robots\" content=\"index, follow, max-snippet:-1, max-image-preview:large, max-video-preview:-1\" \/>\n<link rel=\"canonical\" href=\"https:\/\/www.ubfc.fr\/les-appels-a-candidatures-ritm-bfc-ftlv\/\" \/>\n<meta property=\"og:locale\" content=\"en_US\" \/>\n<meta property=\"og:type\" content=\"article\" \/>\n<meta property=\"og:title\" content=\"Les appels \u00e0 candidatures RITM-BFC : Immersion FTLV (Formation Tout au Long de la Vie) - COMUE Universit\u00e9 Bourgogne-Franche-Comt\u00e9\" \/>\n<meta property=\"og:description\" content=\"L\u2019AAC \u201cImmersion FTLV\u201d 2024 est int\u00e9gr\u00e9 \u00e0 l\u2019AAP RITM-BFC 2024. Date limite de candidature : 25 mars 2024 Acc\u00e9dez \u00e0 l&#8217;AAP RITM-BFC 2024\" \/>\n<meta property=\"og:url\" content=\"https:\/\/www.ubfc.fr\/les-appels-a-candidatures-ritm-bfc-ftlv\/\" \/>\n<meta property=\"og:site_name\" content=\"COMUE Universit\u00e9 Bourgogne-Franche-Comt\u00e9\" \/>\n<meta property=\"article:publisher\" content=\"https:\/\/www.facebook.com\/UnivBFC\/\" \/>\n<meta property=\"article:modified_time\" content=\"2025-01-30T13:29:41+00:00\" \/>\n<meta property=\"og:image\" content=\"https:\/\/www.ubfc.fr\/wp-content\/uploads\/2022\/10\/ubfc-ritm-france2030.jpg\" \/>\n\t<meta property=\"og:image:width\" content=\"842\" \/>\n\t<meta property=\"og:image:height\" content=\"202\" \/>\n\t<meta property=\"og:image:type\" content=\"image\/jpeg\" \/>\n<meta name=\"twitter:card\" content=\"summary_large_image\" \/>\n<meta name=\"twitter:site\" content=\"@univ_bfc\" \/>\n<script type=\"application\/ld+json\" class=\"yoast-schema-graph\">{\"@context\":\"https:\\\/\\\/schema.org\",\"@graph\":[{\"@type\":\"WebPage\",\"@id\":\"https:\\\/\\\/www.ubfc.fr\\\/les-appels-a-candidatures-ritm-bfc-ftlv\\\/\",\"url\":\"https:\\\/\\\/www.ubfc.fr\\\/les-appels-a-candidatures-ritm-bfc-ftlv\\\/\",\"name\":\"Les appels \u00e0 candidatures RITM-BFC : Immersion FTLV (Formation Tout au Long de la Vie) - COMUE Universit\u00e9 Bourgogne-Franche-Comt\u00e9\",\"isPartOf\":{\"@id\":\"https:\\\/\\\/www.ubfc.fr\\\/#website\"},\"primaryImageOfPage\":{\"@id\":\"https:\\\/\\\/www.ubfc.fr\\\/les-appels-a-candidatures-ritm-bfc-ftlv\\\/#primaryimage\"},\"image\":{\"@id\":\"https:\\\/\\\/www.ubfc.fr\\\/les-appels-a-candidatures-ritm-bfc-ftlv\\\/#primaryimage\"},\"thumbnailUrl\":\"https:\\\/\\\/www.ubfc.fr\\\/wp-content\\\/uploads\\\/2022\\\/10\\\/ubfc-ritm-france2030-300x72.jpg\",\"datePublished\":\"2019-02-25T13:31:55+00:00\",\"dateModified\":\"2025-01-30T13:29:41+00:00\",\"breadcrumb\":{\"@id\":\"https:\\\/\\\/www.ubfc.fr\\\/les-appels-a-candidatures-ritm-bfc-ftlv\\\/#breadcrumb\"},\"inLanguage\":\"en-US\",\"potentialAction\":[{\"@type\":\"ReadAction\",\"target\":[\"https:\\\/\\\/www.ubfc.fr\\\/les-appels-a-candidatures-ritm-bfc-ftlv\\\/\"]}]},{\"@type\":\"ImageObject\",\"inLanguage\":\"en-US\",\"@id\":\"https:\\\/\\\/www.ubfc.fr\\\/les-appels-a-candidatures-ritm-bfc-ftlv\\\/#primaryimage\",\"url\":\"https:\\\/\\\/www.ubfc.fr\\\/wp-content\\\/uploads\\\/2022\\\/10\\\/ubfc-ritm-france2030-300x72.jpg\",\"contentUrl\":\"https:\\\/\\\/www.ubfc.fr\\\/wp-content\\\/uploads\\\/2022\\\/10\\\/ubfc-ritm-france2030-300x72.jpg\"},{\"@type\":\"BreadcrumbList\",\"@id\":\"https:\\\/\\\/www.ubfc.fr\\\/les-appels-a-candidatures-ritm-bfc-ftlv\\\/#breadcrumb\",\"itemListElement\":[{\"@type\":\"ListItem\",\"position\":1,\"name\":\"Accueil\",\"item\":\"https:\\\/\\\/www.ubfc.fr\\\/en\\\/\"},{\"@type\":\"ListItem\",\"position\":2,\"name\":\"Les appels \u00e0 candidatures RITM-BFC : Immersion FTLV (Formation Tout au Long de la Vie)\"}]},{\"@type\":\"WebSite\",\"@id\":\"https:\\\/\\\/www.ubfc.fr\\\/#website\",\"url\":\"https:\\\/\\\/www.ubfc.fr\\\/\",\"name\":\"COMUE Universit\u00e9 Bourgogne-Franche-Comt\u00e9\",\"description\":\"\",\"publisher\":{\"@id\":\"https:\\\/\\\/www.ubfc.fr\\\/#organization\"},\"potentialAction\":[{\"@type\":\"SearchAction\",\"target\":{\"@type\":\"EntryPoint\",\"urlTemplate\":\"https:\\\/\\\/www.ubfc.fr\\\/?s={search_term_string}\"},\"query-input\":{\"@type\":\"PropertyValueSpecification\",\"valueRequired\":true,\"valueName\":\"search_term_string\"}}],\"inLanguage\":\"en-US\"},{\"@type\":\"Organization\",\"@id\":\"https:\\\/\\\/www.ubfc.fr\\\/#organization\",\"name\":\"Universit\u00e9 Bourgogne-Franche-Comt\u00e9\",\"url\":\"https:\\\/\\\/www.ubfc.fr\\\/\",\"logo\":{\"@type\":\"ImageObject\",\"inLanguage\":\"en-US\",\"@id\":\"https:\\\/\\\/www.ubfc.fr\\\/#\\\/schema\\\/logo\\\/image\\\/\",\"url\":\"https:\\\/\\\/www.ubfc.fr\\\/wp-content\\\/uploads\\\/2022\\\/03\\\/vagueUBFC_favicon.png\",\"contentUrl\":\"https:\\\/\\\/www.ubfc.fr\\\/wp-content\\\/uploads\\\/2022\\\/03\\\/vagueUBFC_favicon.png\",\"width\":512,\"height\":512,\"caption\":\"Universit\u00e9 Bourgogne-Franche-Comt\u00e9\"},\"image\":{\"@id\":\"https:\\\/\\\/www.ubfc.fr\\\/#\\\/schema\\\/logo\\\/image\\\/\"},\"sameAs\":[\"https:\\\/\\\/www.facebook.com\\\/UnivBFC\\\/\",\"https:\\\/\\\/x.com\\\/univ_bfc\",\"https:\\\/\\\/www.linkedin.com\\\/school\\\/universitebourgognefranchecomte\\\/mycompany\\\/\"]}]}<\/script>\n<!-- \/ Yoast SEO plugin. -->","yoast_head_json":{"title":"Les appels \u00e0 candidatures RITM-BFC : Immersion FTLV (Formation Tout au Long de la Vie) - COMUE Universit\u00e9 Bourgogne-Franche-Comt\u00e9","robots":{"index":"index","follow":"follow","max-snippet":"max-snippet:-1","max-image-preview":"max-image-preview:large","max-video-preview":"max-video-preview:-1"},"canonical":"https:\/\/www.ubfc.fr\/les-appels-a-candidatures-ritm-bfc-ftlv\/","og_locale":"en_US","og_type":"article","og_title":"Les appels \u00e0 candidatures RITM-BFC : Immersion FTLV (Formation Tout au Long de la Vie) - COMUE Universit\u00e9 Bourgogne-Franche-Comt\u00e9","og_description":"L\u2019AAC \u201cImmersion FTLV\u201d 2024 est int\u00e9gr\u00e9 \u00e0 l\u2019AAP RITM-BFC 2024. Date limite de candidature : 25 mars 2024 Acc\u00e9dez \u00e0 l&#8217;AAP RITM-BFC 2024","og_url":"https:\/\/www.ubfc.fr\/les-appels-a-candidatures-ritm-bfc-ftlv\/","og_site_name":"COMUE Universit\u00e9 Bourgogne-Franche-Comt\u00e9","article_publisher":"https:\/\/www.facebook.com\/UnivBFC\/","article_modified_time":"2025-01-30T13:29:41+00:00","og_image":[{"width":842,"height":202,"url":"https:\/\/www.ubfc.fr\/wp-content\/uploads\/2022\/10\/ubfc-ritm-france2030.jpg","type":"image\/jpeg"}],"twitter_card":"summary_large_image","twitter_site":"@univ_bfc","schema":{"@context":"https:\/\/schema.org","@graph":[{"@type":"WebPage","@id":"https:\/\/www.ubfc.fr\/les-appels-a-candidatures-ritm-bfc-ftlv\/","url":"https:\/\/www.ubfc.fr\/les-appels-a-candidatures-ritm-bfc-ftlv\/","name":"Les appels \u00e0 candidatures RITM-BFC : Immersion FTLV (Formation Tout au Long de la Vie) - COMUE Universit\u00e9 Bourgogne-Franche-Comt\u00e9","isPartOf":{"@id":"https:\/\/www.ubfc.fr\/#website"},"primaryImageOfPage":{"@id":"https:\/\/www.ubfc.fr\/les-appels-a-candidatures-ritm-bfc-ftlv\/#primaryimage"},"image":{"@id":"https:\/\/www.ubfc.fr\/les-appels-a-candidatures-ritm-bfc-ftlv\/#primaryimage"},"thumbnailUrl":"https:\/\/www.ubfc.fr\/wp-content\/uploads\/2022\/10\/ubfc-ritm-france2030-300x72.jpg","datePublished":"2019-02-25T13:31:55+00:00","dateModified":"2025-01-30T13:29:41+00:00","breadcrumb":{"@id":"https:\/\/www.ubfc.fr\/les-appels-a-candidatures-ritm-bfc-ftlv\/#breadcrumb"},"inLanguage":"en-US","potentialAction":[{"@type":"ReadAction","target":["https:\/\/www.ubfc.fr\/les-appels-a-candidatures-ritm-bfc-ftlv\/"]}]},{"@type":"ImageObject","inLanguage":"en-US","@id":"https:\/\/www.ubfc.fr\/les-appels-a-candidatures-ritm-bfc-ftlv\/#primaryimage","url":"https:\/\/www.ubfc.fr\/wp-content\/uploads\/2022\/10\/ubfc-ritm-france2030-300x72.jpg","contentUrl":"https:\/\/www.ubfc.fr\/wp-content\/uploads\/2022\/10\/ubfc-ritm-france2030-300x72.jpg"},{"@type":"BreadcrumbList","@id":"https:\/\/www.ubfc.fr\/les-appels-a-candidatures-ritm-bfc-ftlv\/#breadcrumb","itemListElement":[{"@type":"ListItem","position":1,"name":"Accueil","item":"https:\/\/www.ubfc.fr\/en\/"},{"@type":"ListItem","position":2,"name":"Les appels \u00e0 candidatures RITM-BFC : Immersion FTLV (Formation Tout au Long de la Vie)"}]},{"@type":"WebSite","@id":"https:\/\/www.ubfc.fr\/#website","url":"https:\/\/www.ubfc.fr\/","name":"COMUE Universit\u00e9 Bourgogne-Franche-Comt\u00e9","description":"","publisher":{"@id":"https:\/\/www.ubfc.fr\/#organization"},"potentialAction":[{"@type":"SearchAction","target":{"@type":"EntryPoint","urlTemplate":"https:\/\/www.ubfc.fr\/?s={search_term_string}"},"query-input":{"@type":"PropertyValueSpecification","valueRequired":true,"valueName":"search_term_string"}}],"inLanguage":"en-US"},{"@type":"Organization","@id":"https:\/\/www.ubfc.fr\/#organization","name":"Universit\u00e9 Bourgogne-Franche-Comt\u00e9","url":"https:\/\/www.ubfc.fr\/","logo":{"@type":"ImageObject","inLanguage":"en-US","@id":"https:\/\/www.ubfc.fr\/#\/schema\/logo\/image\/","url":"https:\/\/www.ubfc.fr\/wp-content\/uploads\/2022\/03\/vagueUBFC_favicon.png","contentUrl":"https:\/\/www.ubfc.fr\/wp-content\/uploads\/2022\/03\/vagueUBFC_favicon.png","width":512,"height":512,"caption":"Universit\u00e9 Bourgogne-Franche-Comt\u00e9"},"image":{"@id":"https:\/\/www.ubfc.fr\/#\/schema\/logo\/image\/"},"sameAs":["https:\/\/www.facebook.com\/UnivBFC\/","https:\/\/x.com\/univ_bfc","https:\/\/www.linkedin.com\/school\/universitebourgognefranchecomte\/mycompany\/"]}]}},"_links":{"self":[{"href":"https:\/\/www.ubfc.fr\/en\/wp-json\/wp\/v2\/pages\/33537","targetHints":{"allow":["GET"]}}],"collection":[{"href":"https:\/\/www.ubfc.fr\/en\/wp-json\/wp\/v2\/pages"}],"about":[{"href":"https:\/\/www.ubfc.fr\/en\/wp-json\/wp\/v2\/types\/page"}],"author":[{"embeddable":true,"href":"https:\/\/www.ubfc.fr\/en\/wp-json\/wp\/v2\/users\/93"}],"replies":[{"embeddable":true,"href":"https:\/\/www.ubfc.fr\/en\/wp-json\/wp\/v2\/comments?post=33537"}],"version-history":[{"count":5,"href":"https:\/\/www.ubfc.fr\/en\/wp-json\/wp\/v2\/pages\/33537\/revisions"}],"predecessor-version":[{"id":71745,"href":"https:\/\/www.ubfc.fr\/en\/wp-json\/wp\/v2\/pages\/33537\/revisions\/71745"}],"wp:attachment":[{"href":"https:\/\/www.ubfc.fr\/en\/wp-json\/wp\/v2\/media?parent=33537"}],"curies":[{"name":"wp","href":"https:\/\/api.w.org\/{rel}","templated":true}]}}